{"id":136947,"date":"2023-03-01T19:02:59","date_gmt":"2023-03-01T18:02:59","guid":{"rendered":"https:\/\/shop.bantam.ch\/produit\/brean-4-classic-air-pro\/"},"modified":"2026-04-18T22:02:07","modified_gmt":"2026-04-18T20:02:07","slug":"brean-4-classic-air-pro","status":"publish","type":"product","link":"https:\/\/shop.bantam.ch\/fr\/produit\/brean-4-classic-air-pro\/","title":{"rendered":"BREAN 4 CLASSIC AIR PRO"},"content":{"rendered":"<p>Le meilleur rapport qualit\u00e9-prix de tente gonflable en polycoton. Excellente pour les s\u00e9jours courts<br \/>\nou longs, la Bren Air est id\u00e9ale pour le tourisme, les couples et les familles. Gr\u00e2ce \u00e0 l\u2019AirFrame Kampa,<br \/>\nil ne faut que quelques minutes pour installer compl\u00e8tement la Brean AIR.<br \/>\nMat\u00e9riau en polycoton AirFlow Classic Weathershield. Gonflable &#8211; Points de gonflage externes.<br \/>\nNOUVEAU &#8211; Chambres assombries Sleep-Tite. Syst\u00e8me \u00e0 cordon d\u2019ancrage QuickPitch. Ventilation<br \/>\n\u00e0 contr\u00f4le climatique. Tapis de sol cousu. Hauteur suppl\u00e9mentaire. Porte lat\u00e9rale avec toit solaire<br \/>\net panneau secondaire en maille. Porte avant enroul\u00e9e sur le c\u00f4t\u00e9. Ventilation prot\u00e9g\u00e9e contre<br \/>\nles intemp\u00e9ries dans la zone avant, arri\u00e8re et de couchage. Organisateurs sur le panneau avant de<br \/>\ntente int\u00e9rieure et poches dans les tentes int\u00e9rieures. Diviseurs zipp\u00e9s de tente int\u00e9rieure pour un<br \/>\nmaximum d\u2019intimit\u00e9. Suspension de tente int\u00e9rieure \u00e0 codage couleur. Panneaux en maille dans les<br \/>\nportes l<\/p>\n","protected":false},"excerpt":{"rendered":"<p>Le meilleur rapport qualit\u00e9-prix de tente gonflable en polycoton. Excellente pour les s\u00e9jours courts ou longs, la Bren Air est id\u00e9ale pour le tourisme, les couples et les familles. Gr\u00e2ce \u00e0 l\u2019AirFrame Kampa, il ne faut que quelques minutes pour installer compl\u00e8tement la Brean AIR. Mat\u00e9riau en polycoton AirFlow Classic Weathershield. Gonflable &#8211; Points de [&hellip;]<\/p>\n","protected":false},"featured_media":136945,"template":"","meta":{"_acf_changed":false},"product_featured_cat":[],"product_brand":[3032],"product_cat":[4241],"product_tag":[],"class_list":{"0":"post-136947","1":"product","2":"type-product","3":"status-publish","4":"has-post-thumbnail","6":"product_brand-standard","7":"product_cat-tentes-fonctionnelles","9":"first","10":"instock","11":"taxable","12":"shipping-taxable","13":"purchasable","14":"product-type-simple"},"acf":[],"yoast_head":"<!-- This site is optimized with the Yoast SEO plugin v27.4 - https:\/\/yoast.com\/product\/yoast-seo-wordpress\/ -->\n<title>BREAN 4 CLASSIC AIR PRO - Bantam Wankm\u00fcller SA<\/title>\n<meta name=\"robots\" content=\"index, follow, max-snippet:-1, max-image-preview:large, max-video-preview:-1\" \/>\n<link rel=\"canonical\" href=\"https:\/\/shop.bantam.ch\/fr\/produit\/brean-4-classic-air-pro\/\" \/>\n<meta property=\"og:locale\" content=\"fr_FR\" \/>\n<meta property=\"og:type\" content=\"article\" \/>\n<meta property=\"og:title\" content=\"BREAN 4 CLASSIC AIR PRO - Bantam Wankm\u00fcller SA\" \/>\n<meta property=\"og:description\" content=\"Le meilleur rapport qualit\u00e9-prix de tente gonflable en polycoton. Excellente pour les s\u00e9jours courts ou longs, la Bren Air est id\u00e9ale pour le tourisme, les couples et les familles. Gr\u00e2ce \u00e0 l\u2019AirFrame Kampa, il ne faut que quelques minutes pour installer compl\u00e8tement la Brean AIR. Mat\u00e9riau en polycoton AirFlow Classic Weathershield. Gonflable &#8211; Points de [&hellip;]\" \/>\n<meta property=\"og:url\" content=\"https:\/\/shop.bantam.ch\/fr\/produit\/brean-4-classic-air-pro\/\" \/>\n<meta property=\"og:site_name\" content=\"Bantam Wankm\u00fcller SA\" \/>\n<meta property=\"article:modified_time\" content=\"2026-04-18T20:02:07+00:00\" \/>\n<meta property=\"og:image\" content=\"https:\/\/shop.bantam.ch\/wp-content\/uploads\/2023\/03\/15019013.jpg\" \/>\n\t<meta property=\"og:image:width\" content=\"1509\" \/>\n\t<meta property=\"og:image:height\" content=\"694\" \/>\n\t<meta property=\"og:image:type\" content=\"image\/jpeg\" \/>\n<meta name=\"twitter:card\" content=\"summary_large_image\" \/>\n<meta name=\"twitter:label1\" content=\"Dur\u00e9e de lecture estim\u00e9e\" \/>\n\t<meta name=\"twitter:data1\" content=\"1 minute\" \/>\n<script type=\"application\/ld+json\" class=\"yoast-schema-graph\">{\"@context\":\"https:\\\/\\\/schema.org\",\"@graph\":[{\"@type\":\"WebPage\",\"@id\":\"https:\\\/\\\/shop.bantam.ch\\\/fr\\\/produit\\\/brean-4-classic-air-pro\\\/\",\"url\":\"https:\\\/\\\/shop.bantam.ch\\\/fr\\\/produit\\\/brean-4-classic-air-pro\\\/\",\"name\":\"BREAN 4 CLASSIC AIR PRO - Bantam Wankm\u00fcller SA\",\"isPartOf\":{\"@id\":\"https:\\\/\\\/shop.bantam.ch\\\/fr\\\/#website\"},\"primaryImageOfPage\":{\"@id\":\"https:\\\/\\\/shop.bantam.ch\\\/fr\\\/produit\\\/brean-4-classic-air-pro\\\/#primaryimage\"},\"image\":{\"@id\":\"https:\\\/\\\/shop.bantam.ch\\\/fr\\\/produit\\\/brean-4-classic-air-pro\\\/#primaryimage\"},\"thumbnailUrl\":\"https:\\\/\\\/shop.bantam.ch\\\/wp-content\\\/uploads\\\/2023\\\/03\\\/15019013.jpg\",\"datePublished\":\"2023-03-01T18:02:59+00:00\",\"dateModified\":\"2026-04-18T20:02:07+00:00\",\"breadcrumb\":{\"@id\":\"https:\\\/\\\/shop.bantam.ch\\\/fr\\\/produit\\\/brean-4-classic-air-pro\\\/#breadcrumb\"},\"inLanguage\":\"fr-FR\",\"potentialAction\":[{\"@type\":\"ReadAction\",\"target\":[\"https:\\\/\\\/shop.bantam.ch\\\/fr\\\/produit\\\/brean-4-classic-air-pro\\\/\"]}]},{\"@type\":\"ImageObject\",\"inLanguage\":\"fr-FR\",\"@id\":\"https:\\\/\\\/shop.bantam.ch\\\/fr\\\/produit\\\/brean-4-classic-air-pro\\\/#primaryimage\",\"url\":\"https:\\\/\\\/shop.bantam.ch\\\/wp-content\\\/uploads\\\/2023\\\/03\\\/15019013.jpg\",\"contentUrl\":\"https:\\\/\\\/shop.bantam.ch\\\/wp-content\\\/uploads\\\/2023\\\/03\\\/15019013.jpg\",\"width\":1509,\"height\":694},{\"@type\":\"BreadcrumbList\",\"@id\":\"https:\\\/\\\/shop.bantam.ch\\\/fr\\\/produit\\\/brean-4-classic-air-pro\\\/#breadcrumb\",\"itemListElement\":[{\"@type\":\"ListItem\",\"position\":1,\"name\":\"Accueil\",\"item\":\"https:\\\/\\\/shop.bantam.ch\\\/fr\\\/\"},{\"@type\":\"ListItem\",\"position\":2,\"name\":\"Boutique\",\"item\":\"https:\\\/\\\/shop.bantam.ch\\\/fr\\\/boutique\\\/\"},{\"@type\":\"ListItem\",\"position\":3,\"name\":\"BREAN 4 CLASSIC AIR PRO\"}]},{\"@type\":\"WebSite\",\"@id\":\"https:\\\/\\\/shop.bantam.ch\\\/fr\\\/#website\",\"url\":\"https:\\\/\\\/shop.bantam.ch\\\/fr\\\/\",\"name\":\"Bantam Wankm\u00fcller SA\",\"description\":\"\",\"publisher\":{\"@id\":\"https:\\\/\\\/shop.bantam.ch\\\/fr\\\/#organization\"},\"inLanguage\":\"fr-FR\"},{\"@type\":\"Organization\",\"@id\":\"https:\\\/\\\/shop.bantam.ch\\\/fr\\\/#organization\",\"name\":\"Bantam Wankm\u00fcller SA\",\"url\":\"https:\\\/\\\/shop.bantam.ch\\\/fr\\\/\",\"logo\":{\"@type\":\"ImageObject\",\"inLanguage\":\"fr-FR\",\"@id\":\"https:\\\/\\\/shop.bantam.ch\\\/fr\\\/#\\\/schema\\\/logo\\\/image\\\/\",\"url\":\"https:\\\/\\\/shop.bantam.ch\\\/wp-content\\\/uploads\\\/2022\\\/12\\\/bantam-logo.png\",\"contentUrl\":\"https:\\\/\\\/shop.bantam.ch\\\/wp-content\\\/uploads\\\/2022\\\/12\\\/bantam-logo.png\",\"width\":320,\"height\":71,\"caption\":\"Bantam Wankm\u00fcller SA\"},\"image\":{\"@id\":\"https:\\\/\\\/shop.bantam.ch\\\/fr\\\/#\\\/schema\\\/logo\\\/image\\\/\"}}]}<\/script>\n<!-- \/ Yoast SEO plugin. -->","yoast_head_json":{"title":"BREAN 4 CLASSIC AIR PRO - Bantam Wankm\u00fcller SA","robots":{"index":"index","follow":"follow","max-snippet":"max-snippet:-1","max-image-preview":"max-image-preview:large","max-video-preview":"max-video-preview:-1"},"canonical":"https:\/\/shop.bantam.ch\/fr\/produit\/brean-4-classic-air-pro\/","og_locale":"fr_FR","og_type":"article","og_title":"BREAN 4 CLASSIC AIR PRO - Bantam Wankm\u00fcller SA","og_description":"Le meilleur rapport qualit\u00e9-prix de tente gonflable en polycoton. Excellente pour les s\u00e9jours courts ou longs, la Bren Air est id\u00e9ale pour le tourisme, les couples et les familles. Gr\u00e2ce \u00e0 l\u2019AirFrame Kampa, il ne faut que quelques minutes pour installer compl\u00e8tement la Brean AIR. Mat\u00e9riau en polycoton AirFlow Classic Weathershield. Gonflable &#8211; Points de [&hellip;]","og_url":"https:\/\/shop.bantam.ch\/fr\/produit\/brean-4-classic-air-pro\/","og_site_name":"Bantam Wankm\u00fcller SA","article_modified_time":"2026-04-18T20:02:07+00:00","og_image":[{"width":1509,"height":694,"url":"https:\/\/shop.bantam.ch\/wp-content\/uploads\/2023\/03\/15019013.jpg","type":"image\/jpeg"}],"twitter_card":"summary_large_image","twitter_misc":{"Dur\u00e9e de lecture estim\u00e9e":"1 minute"},"schema":{"@context":"https:\/\/schema.org","@graph":[{"@type":"WebPage","@id":"https:\/\/shop.bantam.ch\/fr\/produit\/brean-4-classic-air-pro\/","url":"https:\/\/shop.bantam.ch\/fr\/produit\/brean-4-classic-air-pro\/","name":"BREAN 4 CLASSIC AIR PRO - Bantam Wankm\u00fcller SA","isPartOf":{"@id":"https:\/\/shop.bantam.ch\/fr\/#website"},"primaryImageOfPage":{"@id":"https:\/\/shop.bantam.ch\/fr\/produit\/brean-4-classic-air-pro\/#primaryimage"},"image":{"@id":"https:\/\/shop.bantam.ch\/fr\/produit\/brean-4-classic-air-pro\/#primaryimage"},"thumbnailUrl":"https:\/\/shop.bantam.ch\/wp-content\/uploads\/2023\/03\/15019013.jpg","datePublished":"2023-03-01T18:02:59+00:00","dateModified":"2026-04-18T20:02:07+00:00","breadcrumb":{"@id":"https:\/\/shop.bantam.ch\/fr\/produit\/brean-4-classic-air-pro\/#breadcrumb"},"inLanguage":"fr-FR","potentialAction":[{"@type":"ReadAction","target":["https:\/\/shop.bantam.ch\/fr\/produit\/brean-4-classic-air-pro\/"]}]},{"@type":"ImageObject","inLanguage":"fr-FR","@id":"https:\/\/shop.bantam.ch\/fr\/produit\/brean-4-classic-air-pro\/#primaryimage","url":"https:\/\/shop.bantam.ch\/wp-content\/uploads\/2023\/03\/15019013.jpg","contentUrl":"https:\/\/shop.bantam.ch\/wp-content\/uploads\/2023\/03\/15019013.jpg","width":1509,"height":694},{"@type":"BreadcrumbList","@id":"https:\/\/shop.bantam.ch\/fr\/produit\/brean-4-classic-air-pro\/#breadcrumb","itemListElement":[{"@type":"ListItem","position":1,"name":"Accueil","item":"https:\/\/shop.bantam.ch\/fr\/"},{"@type":"ListItem","position":2,"name":"Boutique","item":"https:\/\/shop.bantam.ch\/fr\/boutique\/"},{"@type":"ListItem","position":3,"name":"BREAN 4 CLASSIC AIR PRO"}]},{"@type":"WebSite","@id":"https:\/\/shop.bantam.ch\/fr\/#website","url":"https:\/\/shop.bantam.ch\/fr\/","name":"Bantam Wankm\u00fcller SA","description":"","publisher":{"@id":"https:\/\/shop.bantam.ch\/fr\/#organization"},"inLanguage":"fr-FR"},{"@type":"Organization","@id":"https:\/\/shop.bantam.ch\/fr\/#organization","name":"Bantam Wankm\u00fcller SA","url":"https:\/\/shop.bantam.ch\/fr\/","logo":{"@type":"ImageObject","inLanguage":"fr-FR","@id":"https:\/\/shop.bantam.ch\/fr\/#\/schema\/logo\/image\/","url":"https:\/\/shop.bantam.ch\/wp-content\/uploads\/2022\/12\/bantam-logo.png","contentUrl":"https:\/\/shop.bantam.ch\/wp-content\/uploads\/2022\/12\/bantam-logo.png","width":320,"height":71,"caption":"Bantam Wankm\u00fcller SA"},"image":{"@id":"https:\/\/shop.bantam.ch\/fr\/#\/schema\/logo\/image\/"}}]}},"_links":{"self":[{"href":"https:\/\/shop.bantam.ch\/fr\/wp-json\/wp\/v2\/product\/136947","targetHints":{"allow":["GET"]}}],"collection":[{"href":"https:\/\/shop.bantam.ch\/fr\/wp-json\/wp\/v2\/product"}],"about":[{"href":"https:\/\/shop.bantam.ch\/fr\/wp-json\/wp\/v2\/types\/product"}],"wp:featuredmedia":[{"embeddable":true,"href":"https:\/\/shop.bantam.ch\/fr\/wp-json\/wp\/v2\/media\/136945"}],"wp:attachment":[{"href":"https:\/\/shop.bantam.ch\/fr\/wp-json\/wp\/v2\/media?parent=136947"}],"wp:term":[{"taxonomy":"product_featured_cat","embeddable":true,"href":"https:\/\/shop.bantam.ch\/fr\/wp-json\/wp\/v2\/product_featured_cat?post=136947"},{"taxonomy":"product_brand","embeddable":true,"href":"https:\/\/shop.bantam.ch\/fr\/wp-json\/wp\/v2\/product_brand?post=136947"},{"taxonomy":"product_cat","embeddable":true,"href":"https:\/\/shop.bantam.ch\/fr\/wp-json\/wp\/v2\/product_cat?post=136947"},{"taxonomy":"product_tag","embeddable":true,"href":"https:\/\/shop.bantam.ch\/fr\/wp-json\/wp\/v2\/product_tag?post=136947"}],"curies":[{"name":"wp","href":"https:\/\/api.w.org\/{rel}","templated":true}]}}