{"id":136895,"date":"2023-03-01T19:01:51","date_gmt":"2023-03-01T18:01:51","guid":{"rendered":"https:\/\/shop.bantam.ch\/produit\/livre-de-cuisine-omnia-fr-gateaux-et-pains\/"},"modified":"2026-04-24T21:57:58","modified_gmt":"2026-04-24T19:57:58","slug":"livre-de-cuisine-omnia-fr-gateaux-et-pains","status":"publish","type":"product","link":"https:\/\/shop.bantam.ch\/fr\/produit\/livre-de-cuisine-omnia-fr-gateaux-et-pains\/","title":{"rendered":"Livre de cuisine Omnia (FR) &#8211; Dans le four de camping"},"content":{"rendered":"<p><span>CUISINER AVEC QUATRE INGR\u00c9DIENTS \u2013 RAPIDE ET FACILE DANS LE FOUR<\/span><br \/><span>OMNIA Parfois, il faut \u00eatre rapide et facile en cuisine quand on campe. Cela fonctionne mieux avec seulement quelques ingr\u00e9dients et des recettes simples pour le four OMNIA.\u00a0<\/span><span>Avec ce livre de cuisine OMNIA, nous prouvons qu\u2019il ne faut pas grand-chose pour cr\u00e9er un plat d\u00e9licieux et sain sur la table. Avec seulement quatre ingr\u00e9dients principaux et quelques snacks interchangeables comme des \u00e9pices ou de l\u2019huile pour la frire, les recettes offrent des conditions id\u00e9ales pour un repas simple et rapide au camping pour toute la famille.<\/span><\/p>\n","protected":false},"excerpt":{"rendered":"<p>CUISINER AVEC QUATRE INGR\u00c9DIENTS \u2013 RAPIDE ET FACILE DANS LE FOUROMNIA Parfois, il faut \u00eatre rapide et facile en cuisine quand on campe. Cela fonctionne mieux avec seulement quelques ingr\u00e9dients et des recettes simples pour le four OMNIA.\u00a0Avec ce livre de cuisine OMNIA, nous prouvons qu\u2019il ne faut pas grand-chose pour cr\u00e9er un plat d\u00e9licieux [&hellip;]<\/p>\n","protected":false},"featured_media":235726,"template":"","meta":{"_acf_changed":false},"product_featured_cat":[],"product_brand":[3292],"product_cat":[4347],"product_tag":[],"class_list":{"0":"post-136895","1":"product","2":"type-product","3":"status-publish","4":"has-post-thumbnail","6":"product_brand-omnia","7":"product_cat-livres-de-cuisine","9":"first","10":"instock","11":"taxable","12":"shipping-taxable","13":"purchasable","14":"product-type-simple"},"acf":[],"yoast_head":"<!-- This site is optimized with the Yoast SEO plugin v27.4 - https:\/\/yoast.com\/product\/yoast-seo-wordpress\/ -->\n<title>Livre de cuisine Omnia (FR) - Dans le four de camping - Bantam Wankm\u00fcller SA<\/title>\n<meta name=\"robots\" content=\"index, follow, max-snippet:-1, max-image-preview:large, max-video-preview:-1\" \/>\n<link rel=\"canonical\" href=\"https:\/\/shop.bantam.ch\/fr\/produit\/livre-de-cuisine-omnia-fr-gateaux-et-pains\/\" \/>\n<meta property=\"og:locale\" content=\"fr_FR\" \/>\n<meta property=\"og:type\" content=\"article\" \/>\n<meta property=\"og:title\" content=\"Livre de cuisine Omnia (FR) - Dans le four de camping - Bantam Wankm\u00fcller SA\" \/>\n<meta property=\"og:description\" content=\"CUISINER AVEC QUATRE INGR\u00c9DIENTS \u2013 RAPIDE ET FACILE DANS LE FOUROMNIA Parfois, il faut \u00eatre rapide et facile en cuisine quand on campe. Cela fonctionne mieux avec seulement quelques ingr\u00e9dients et des recettes simples pour le four OMNIA.\u00a0Avec ce livre de cuisine OMNIA, nous prouvons qu\u2019il ne faut pas grand-chose pour cr\u00e9er un plat d\u00e9licieux [&hellip;]\" \/>\n<meta property=\"og:url\" content=\"https:\/\/shop.bantam.ch\/fr\/produit\/livre-de-cuisine-omnia-fr-gateaux-et-pains\/\" \/>\n<meta property=\"og:site_name\" content=\"Bantam Wankm\u00fcller SA\" \/>\n<meta property=\"article:modified_time\" content=\"2026-04-24T19:57:58+00:00\" \/>\n<meta property=\"og:image\" content=\"https:\/\/shop.bantam.ch\/wp-content\/uploads\/2026\/04\/91120006.jpg\" \/>\n\t<meta property=\"og:image:width\" content=\"300\" \/>\n\t<meta property=\"og:image:height\" content=\"300\" \/>\n\t<meta property=\"og:image:type\" content=\"image\/jpeg\" \/>\n<meta name=\"twitter:card\" content=\"summary_large_image\" \/>\n<meta name=\"twitter:label1\" content=\"Dur\u00e9e de lecture estim\u00e9e\" \/>\n\t<meta name=\"twitter:data1\" content=\"1 minute\" \/>\n<script type=\"application\/ld+json\" class=\"yoast-schema-graph\">{\"@context\":\"https:\\\/\\\/schema.org\",\"@graph\":[{\"@type\":\"WebPage\",\"@id\":\"https:\\\/\\\/shop.bantam.ch\\\/fr\\\/produit\\\/livre-de-cuisine-omnia-fr-gateaux-et-pains\\\/\",\"url\":\"https:\\\/\\\/shop.bantam.ch\\\/fr\\\/produit\\\/livre-de-cuisine-omnia-fr-gateaux-et-pains\\\/\",\"name\":\"Livre de cuisine Omnia (FR) - Dans le four de camping - Bantam Wankm\u00fcller SA\",\"isPartOf\":{\"@id\":\"https:\\\/\\\/shop.bantam.ch\\\/fr\\\/#website\"},\"primaryImageOfPage\":{\"@id\":\"https:\\\/\\\/shop.bantam.ch\\\/fr\\\/produit\\\/livre-de-cuisine-omnia-fr-gateaux-et-pains\\\/#primaryimage\"},\"image\":{\"@id\":\"https:\\\/\\\/shop.bantam.ch\\\/fr\\\/produit\\\/livre-de-cuisine-omnia-fr-gateaux-et-pains\\\/#primaryimage\"},\"thumbnailUrl\":\"https:\\\/\\\/shop.bantam.ch\\\/wp-content\\\/uploads\\\/2026\\\/04\\\/91120006.jpg\",\"datePublished\":\"2023-03-01T18:01:51+00:00\",\"dateModified\":\"2026-04-24T19:57:58+00:00\",\"breadcrumb\":{\"@id\":\"https:\\\/\\\/shop.bantam.ch\\\/fr\\\/produit\\\/livre-de-cuisine-omnia-fr-gateaux-et-pains\\\/#breadcrumb\"},\"inLanguage\":\"fr-FR\",\"potentialAction\":[{\"@type\":\"ReadAction\",\"target\":[\"https:\\\/\\\/shop.bantam.ch\\\/fr\\\/produit\\\/livre-de-cuisine-omnia-fr-gateaux-et-pains\\\/\"]}]},{\"@type\":\"ImageObject\",\"inLanguage\":\"fr-FR\",\"@id\":\"https:\\\/\\\/shop.bantam.ch\\\/fr\\\/produit\\\/livre-de-cuisine-omnia-fr-gateaux-et-pains\\\/#primaryimage\",\"url\":\"https:\\\/\\\/shop.bantam.ch\\\/wp-content\\\/uploads\\\/2026\\\/04\\\/91120006.jpg\",\"contentUrl\":\"https:\\\/\\\/shop.bantam.ch\\\/wp-content\\\/uploads\\\/2026\\\/04\\\/91120006.jpg\",\"width\":300,\"height\":300},{\"@type\":\"BreadcrumbList\",\"@id\":\"https:\\\/\\\/shop.bantam.ch\\\/fr\\\/produit\\\/livre-de-cuisine-omnia-fr-gateaux-et-pains\\\/#breadcrumb\",\"itemListElement\":[{\"@type\":\"ListItem\",\"position\":1,\"name\":\"Accueil\",\"item\":\"https:\\\/\\\/shop.bantam.ch\\\/fr\\\/\"},{\"@type\":\"ListItem\",\"position\":2,\"name\":\"Boutique\",\"item\":\"https:\\\/\\\/shop.bantam.ch\\\/fr\\\/boutique\\\/\"},{\"@type\":\"ListItem\",\"position\":3,\"name\":\"Livre de cuisine Omnia (FR) &#8211; Dans le four de camping\"}]},{\"@type\":\"WebSite\",\"@id\":\"https:\\\/\\\/shop.bantam.ch\\\/fr\\\/#website\",\"url\":\"https:\\\/\\\/shop.bantam.ch\\\/fr\\\/\",\"name\":\"Bantam Wankm\u00fcller SA\",\"description\":\"\",\"publisher\":{\"@id\":\"https:\\\/\\\/shop.bantam.ch\\\/fr\\\/#organization\"},\"inLanguage\":\"fr-FR\"},{\"@type\":\"Organization\",\"@id\":\"https:\\\/\\\/shop.bantam.ch\\\/fr\\\/#organization\",\"name\":\"Bantam Wankm\u00fcller SA\",\"url\":\"https:\\\/\\\/shop.bantam.ch\\\/fr\\\/\",\"logo\":{\"@type\":\"ImageObject\",\"inLanguage\":\"fr-FR\",\"@id\":\"https:\\\/\\\/shop.bantam.ch\\\/fr\\\/#\\\/schema\\\/logo\\\/image\\\/\",\"url\":\"https:\\\/\\\/shop.bantam.ch\\\/wp-content\\\/uploads\\\/2022\\\/12\\\/bantam-logo.png\",\"contentUrl\":\"https:\\\/\\\/shop.bantam.ch\\\/wp-content\\\/uploads\\\/2022\\\/12\\\/bantam-logo.png\",\"width\":320,\"height\":71,\"caption\":\"Bantam Wankm\u00fcller SA\"},\"image\":{\"@id\":\"https:\\\/\\\/shop.bantam.ch\\\/fr\\\/#\\\/schema\\\/logo\\\/image\\\/\"}}]}<\/script>\n<!-- \/ Yoast SEO plugin. -->","yoast_head_json":{"title":"Livre de cuisine Omnia (FR) - Dans le four de camping - Bantam Wankm\u00fcller SA","robots":{"index":"index","follow":"follow","max-snippet":"max-snippet:-1","max-image-preview":"max-image-preview:large","max-video-preview":"max-video-preview:-1"},"canonical":"https:\/\/shop.bantam.ch\/fr\/produit\/livre-de-cuisine-omnia-fr-gateaux-et-pains\/","og_locale":"fr_FR","og_type":"article","og_title":"Livre de cuisine Omnia (FR) - Dans le four de camping - Bantam Wankm\u00fcller SA","og_description":"CUISINER AVEC QUATRE INGR\u00c9DIENTS \u2013 RAPIDE ET FACILE DANS LE FOUROMNIA Parfois, il faut \u00eatre rapide et facile en cuisine quand on campe. Cela fonctionne mieux avec seulement quelques ingr\u00e9dients et des recettes simples pour le four OMNIA.\u00a0Avec ce livre de cuisine OMNIA, nous prouvons qu\u2019il ne faut pas grand-chose pour cr\u00e9er un plat d\u00e9licieux [&hellip;]","og_url":"https:\/\/shop.bantam.ch\/fr\/produit\/livre-de-cuisine-omnia-fr-gateaux-et-pains\/","og_site_name":"Bantam Wankm\u00fcller SA","article_modified_time":"2026-04-24T19:57:58+00:00","og_image":[{"width":300,"height":300,"url":"https:\/\/shop.bantam.ch\/wp-content\/uploads\/2026\/04\/91120006.jpg","type":"image\/jpeg"}],"twitter_card":"summary_large_image","twitter_misc":{"Dur\u00e9e de lecture estim\u00e9e":"1 minute"},"schema":{"@context":"https:\/\/schema.org","@graph":[{"@type":"WebPage","@id":"https:\/\/shop.bantam.ch\/fr\/produit\/livre-de-cuisine-omnia-fr-gateaux-et-pains\/","url":"https:\/\/shop.bantam.ch\/fr\/produit\/livre-de-cuisine-omnia-fr-gateaux-et-pains\/","name":"Livre de cuisine Omnia (FR) - Dans le four de camping - Bantam Wankm\u00fcller SA","isPartOf":{"@id":"https:\/\/shop.bantam.ch\/fr\/#website"},"primaryImageOfPage":{"@id":"https:\/\/shop.bantam.ch\/fr\/produit\/livre-de-cuisine-omnia-fr-gateaux-et-pains\/#primaryimage"},"image":{"@id":"https:\/\/shop.bantam.ch\/fr\/produit\/livre-de-cuisine-omnia-fr-gateaux-et-pains\/#primaryimage"},"thumbnailUrl":"https:\/\/shop.bantam.ch\/wp-content\/uploads\/2026\/04\/91120006.jpg","datePublished":"2023-03-01T18:01:51+00:00","dateModified":"2026-04-24T19:57:58+00:00","breadcrumb":{"@id":"https:\/\/shop.bantam.ch\/fr\/produit\/livre-de-cuisine-omnia-fr-gateaux-et-pains\/#breadcrumb"},"inLanguage":"fr-FR","potentialAction":[{"@type":"ReadAction","target":["https:\/\/shop.bantam.ch\/fr\/produit\/livre-de-cuisine-omnia-fr-gateaux-et-pains\/"]}]},{"@type":"ImageObject","inLanguage":"fr-FR","@id":"https:\/\/shop.bantam.ch\/fr\/produit\/livre-de-cuisine-omnia-fr-gateaux-et-pains\/#primaryimage","url":"https:\/\/shop.bantam.ch\/wp-content\/uploads\/2026\/04\/91120006.jpg","contentUrl":"https:\/\/shop.bantam.ch\/wp-content\/uploads\/2026\/04\/91120006.jpg","width":300,"height":300},{"@type":"BreadcrumbList","@id":"https:\/\/shop.bantam.ch\/fr\/produit\/livre-de-cuisine-omnia-fr-gateaux-et-pains\/#breadcrumb","itemListElement":[{"@type":"ListItem","position":1,"name":"Accueil","item":"https:\/\/shop.bantam.ch\/fr\/"},{"@type":"ListItem","position":2,"name":"Boutique","item":"https:\/\/shop.bantam.ch\/fr\/boutique\/"},{"@type":"ListItem","position":3,"name":"Livre de cuisine Omnia (FR) &#8211; Dans le four de camping"}]},{"@type":"WebSite","@id":"https:\/\/shop.bantam.ch\/fr\/#website","url":"https:\/\/shop.bantam.ch\/fr\/","name":"Bantam Wankm\u00fcller SA","description":"","publisher":{"@id":"https:\/\/shop.bantam.ch\/fr\/#organization"},"inLanguage":"fr-FR"},{"@type":"Organization","@id":"https:\/\/shop.bantam.ch\/fr\/#organization","name":"Bantam Wankm\u00fcller SA","url":"https:\/\/shop.bantam.ch\/fr\/","logo":{"@type":"ImageObject","inLanguage":"fr-FR","@id":"https:\/\/shop.bantam.ch\/fr\/#\/schema\/logo\/image\/","url":"https:\/\/shop.bantam.ch\/wp-content\/uploads\/2022\/12\/bantam-logo.png","contentUrl":"https:\/\/shop.bantam.ch\/wp-content\/uploads\/2022\/12\/bantam-logo.png","width":320,"height":71,"caption":"Bantam Wankm\u00fcller SA"},"image":{"@id":"https:\/\/shop.bantam.ch\/fr\/#\/schema\/logo\/image\/"}}]}},"_links":{"self":[{"href":"https:\/\/shop.bantam.ch\/fr\/wp-json\/wp\/v2\/product\/136895","targetHints":{"allow":["GET"]}}],"collection":[{"href":"https:\/\/shop.bantam.ch\/fr\/wp-json\/wp\/v2\/product"}],"about":[{"href":"https:\/\/shop.bantam.ch\/fr\/wp-json\/wp\/v2\/types\/product"}],"wp:featuredmedia":[{"embeddable":true,"href":"https:\/\/shop.bantam.ch\/fr\/wp-json\/wp\/v2\/media\/235726"}],"wp:attachment":[{"href":"https:\/\/shop.bantam.ch\/fr\/wp-json\/wp\/v2\/media?parent=136895"}],"wp:term":[{"taxonomy":"product_featured_cat","embeddable":true,"href":"https:\/\/shop.bantam.ch\/fr\/wp-json\/wp\/v2\/product_featured_cat?post=136895"},{"taxonomy":"product_brand","embeddable":true,"href":"https:\/\/shop.bantam.ch\/fr\/wp-json\/wp\/v2\/product_brand?post=136895"},{"taxonomy":"product_cat","embeddable":true,"href":"https:\/\/shop.bantam.ch\/fr\/wp-json\/wp\/v2\/product_cat?post=136895"},{"taxonomy":"product_tag","embeddable":true,"href":"https:\/\/shop.bantam.ch\/fr\/wp-json\/wp\/v2\/product_tag?post=136895"}],"curies":[{"name":"wp","href":"https:\/\/api.w.org\/{rel}","templated":true}]}}