{"id":136879,"date":"2023-03-01T19:01:02","date_gmt":"2023-03-01T18:01:02","guid":{"rendered":"https:\/\/shop.bantam.ch\/produit\/grand-manan-400\/"},"modified":"2026-04-18T22:01:51","modified_gmt":"2026-04-18T20:01:51","slug":"grand-manan-400","status":"publish","type":"product","link":"https:\/\/shop.bantam.ch\/fr\/produit\/grand-manan-400\/","title":{"rendered":"Grand Manan 400"},"content":{"rendered":"<p>Tente de coupole type 2 tubes. Tubes en fibre de verre li\u00e9s avec bandes<br \/>\n\u00e9lastiques. 21? plus en hauteur \u00e0 l\u2018int\u00e9rieur et 16% d\u2018espace<br \/>\nen plus pour un matelas gonflable, compar\u00e9 avec des tentes<br \/>\n\u00e0 coupole standard, gr\u00e2ce au dessin droit des parois.<br \/>\nPorte lat\u00e9rale permettant un acc\u00e8s libre. Huit poches<br \/>\n\u00e0 l\u2018int\u00e9rieur. A\u00e9ration suppl\u00e9mentaire sur le toit.<br \/>\nLe clapet de fen\u00eatre amovible<br \/>\npeux \u00eatre rang\u00e9 dans une poche \u00e0 l\u2018int\u00e9rieur.<br \/>\nTemps de montage: 10-15 minutes.<br \/>\nTapis de sol : 75D Taffeta Nylon, min. 3000mm<br \/>\nPU coating, tissu ignifuge.<br \/>\nCannes : 12,7mm.<br \/>\nCouleur : Tobacco. Paillasson : Rust.<\/p>\n","protected":false},"excerpt":{"rendered":"<p>Tente de coupole type 2 tubes. Tubes en fibre de verre li\u00e9s avec bandes \u00e9lastiques. 21? plus en hauteur \u00e0 l\u2018int\u00e9rieur et 16% d\u2018espace en plus pour un matelas gonflable, compar\u00e9 avec des tentes \u00e0 coupole standard, gr\u00e2ce au dessin droit des parois. Porte lat\u00e9rale permettant un acc\u00e8s libre. Huit poches \u00e0 l\u2018int\u00e9rieur. A\u00e9ration suppl\u00e9mentaire [&hellip;]<\/p>\n","protected":false},"featured_media":136877,"template":"","meta":{"_acf_changed":false},"product_featured_cat":[],"product_brand":[3032],"product_cat":[4247],"product_tag":[],"class_list":{"0":"post-136879","1":"product","2":"type-product","3":"status-publish","4":"has-post-thumbnail","6":"product_brand-standard","7":"product_cat-auvents","9":"first","10":"instock","11":"sale","12":"taxable","13":"shipping-taxable","14":"purchasable","15":"product-type-simple"},"acf":[],"yoast_head":"<!-- This site is optimized with the Yoast SEO plugin v27.4 - https:\/\/yoast.com\/product\/yoast-seo-wordpress\/ -->\n<title>Grand Manan 400 - Bantam Wankm\u00fcller SA<\/title>\n<meta name=\"robots\" content=\"index, follow, max-snippet:-1, max-image-preview:large, max-video-preview:-1\" \/>\n<link rel=\"canonical\" href=\"https:\/\/shop.bantam.ch\/fr\/produit\/grand-manan-400\/\" \/>\n<meta property=\"og:locale\" content=\"fr_FR\" \/>\n<meta property=\"og:type\" content=\"article\" \/>\n<meta property=\"og:title\" content=\"Grand Manan 400 - Bantam Wankm\u00fcller SA\" \/>\n<meta property=\"og:description\" content=\"Tente de coupole type 2 tubes. Tubes en fibre de verre li\u00e9s avec bandes \u00e9lastiques. 21? plus en hauteur \u00e0 l\u2018int\u00e9rieur et 16% d\u2018espace en plus pour un matelas gonflable, compar\u00e9 avec des tentes \u00e0 coupole standard, gr\u00e2ce au dessin droit des parois. Porte lat\u00e9rale permettant un acc\u00e8s libre. Huit poches \u00e0 l\u2018int\u00e9rieur. A\u00e9ration suppl\u00e9mentaire [&hellip;]\" \/>\n<meta property=\"og:url\" content=\"https:\/\/shop.bantam.ch\/fr\/produit\/grand-manan-400\/\" \/>\n<meta property=\"og:site_name\" content=\"Bantam Wankm\u00fcller SA\" \/>\n<meta property=\"article:modified_time\" content=\"2026-04-18T20:01:51+00:00\" \/>\n<meta property=\"og:image\" content=\"https:\/\/shop.bantam.ch\/wp-content\/uploads\/2023\/03\/74212200.jpg\" \/>\n\t<meta property=\"og:image:width\" content=\"1000\" \/>\n\t<meta property=\"og:image:height\" content=\"646\" \/>\n\t<meta property=\"og:image:type\" content=\"image\/jpeg\" \/>\n<meta name=\"twitter:card\" content=\"summary_large_image\" \/>\n<meta name=\"twitter:label1\" content=\"Dur\u00e9e de lecture estim\u00e9e\" \/>\n\t<meta name=\"twitter:data1\" content=\"1 minute\" \/>\n<script type=\"application\/ld+json\" class=\"yoast-schema-graph\">{\"@context\":\"https:\\\/\\\/schema.org\",\"@graph\":[{\"@type\":\"WebPage\",\"@id\":\"https:\\\/\\\/shop.bantam.ch\\\/fr\\\/produit\\\/grand-manan-400\\\/\",\"url\":\"https:\\\/\\\/shop.bantam.ch\\\/fr\\\/produit\\\/grand-manan-400\\\/\",\"name\":\"Grand Manan 400 - Bantam Wankm\u00fcller SA\",\"isPartOf\":{\"@id\":\"https:\\\/\\\/shop.bantam.ch\\\/fr\\\/#website\"},\"primaryImageOfPage\":{\"@id\":\"https:\\\/\\\/shop.bantam.ch\\\/fr\\\/produit\\\/grand-manan-400\\\/#primaryimage\"},\"image\":{\"@id\":\"https:\\\/\\\/shop.bantam.ch\\\/fr\\\/produit\\\/grand-manan-400\\\/#primaryimage\"},\"thumbnailUrl\":\"https:\\\/\\\/shop.bantam.ch\\\/wp-content\\\/uploads\\\/2023\\\/03\\\/74212200.jpg\",\"datePublished\":\"2023-03-01T18:01:02+00:00\",\"dateModified\":\"2026-04-18T20:01:51+00:00\",\"breadcrumb\":{\"@id\":\"https:\\\/\\\/shop.bantam.ch\\\/fr\\\/produit\\\/grand-manan-400\\\/#breadcrumb\"},\"inLanguage\":\"fr-FR\",\"potentialAction\":[{\"@type\":\"ReadAction\",\"target\":[\"https:\\\/\\\/shop.bantam.ch\\\/fr\\\/produit\\\/grand-manan-400\\\/\"]}]},{\"@type\":\"ImageObject\",\"inLanguage\":\"fr-FR\",\"@id\":\"https:\\\/\\\/shop.bantam.ch\\\/fr\\\/produit\\\/grand-manan-400\\\/#primaryimage\",\"url\":\"https:\\\/\\\/shop.bantam.ch\\\/wp-content\\\/uploads\\\/2023\\\/03\\\/74212200.jpg\",\"contentUrl\":\"https:\\\/\\\/shop.bantam.ch\\\/wp-content\\\/uploads\\\/2023\\\/03\\\/74212200.jpg\",\"width\":1000,\"height\":646},{\"@type\":\"BreadcrumbList\",\"@id\":\"https:\\\/\\\/shop.bantam.ch\\\/fr\\\/produit\\\/grand-manan-400\\\/#breadcrumb\",\"itemListElement\":[{\"@type\":\"ListItem\",\"position\":1,\"name\":\"Accueil\",\"item\":\"https:\\\/\\\/shop.bantam.ch\\\/fr\\\/\"},{\"@type\":\"ListItem\",\"position\":2,\"name\":\"Boutique\",\"item\":\"https:\\\/\\\/shop.bantam.ch\\\/fr\\\/boutique\\\/\"},{\"@type\":\"ListItem\",\"position\":3,\"name\":\"Grand Manan 400\"}]},{\"@type\":\"WebSite\",\"@id\":\"https:\\\/\\\/shop.bantam.ch\\\/fr\\\/#website\",\"url\":\"https:\\\/\\\/shop.bantam.ch\\\/fr\\\/\",\"name\":\"Bantam Wankm\u00fcller SA\",\"description\":\"\",\"publisher\":{\"@id\":\"https:\\\/\\\/shop.bantam.ch\\\/fr\\\/#organization\"},\"inLanguage\":\"fr-FR\"},{\"@type\":\"Organization\",\"@id\":\"https:\\\/\\\/shop.bantam.ch\\\/fr\\\/#organization\",\"name\":\"Bantam Wankm\u00fcller SA\",\"url\":\"https:\\\/\\\/shop.bantam.ch\\\/fr\\\/\",\"logo\":{\"@type\":\"ImageObject\",\"inLanguage\":\"fr-FR\",\"@id\":\"https:\\\/\\\/shop.bantam.ch\\\/fr\\\/#\\\/schema\\\/logo\\\/image\\\/\",\"url\":\"https:\\\/\\\/shop.bantam.ch\\\/wp-content\\\/uploads\\\/2022\\\/12\\\/bantam-logo.png\",\"contentUrl\":\"https:\\\/\\\/shop.bantam.ch\\\/wp-content\\\/uploads\\\/2022\\\/12\\\/bantam-logo.png\",\"width\":320,\"height\":71,\"caption\":\"Bantam Wankm\u00fcller SA\"},\"image\":{\"@id\":\"https:\\\/\\\/shop.bantam.ch\\\/fr\\\/#\\\/schema\\\/logo\\\/image\\\/\"}}]}<\/script>\n<!-- \/ Yoast SEO plugin. -->","yoast_head_json":{"title":"Grand Manan 400 - Bantam Wankm\u00fcller SA","robots":{"index":"index","follow":"follow","max-snippet":"max-snippet:-1","max-image-preview":"max-image-preview:large","max-video-preview":"max-video-preview:-1"},"canonical":"https:\/\/shop.bantam.ch\/fr\/produit\/grand-manan-400\/","og_locale":"fr_FR","og_type":"article","og_title":"Grand Manan 400 - Bantam Wankm\u00fcller SA","og_description":"Tente de coupole type 2 tubes. Tubes en fibre de verre li\u00e9s avec bandes \u00e9lastiques. 21? plus en hauteur \u00e0 l\u2018int\u00e9rieur et 16% d\u2018espace en plus pour un matelas gonflable, compar\u00e9 avec des tentes \u00e0 coupole standard, gr\u00e2ce au dessin droit des parois. Porte lat\u00e9rale permettant un acc\u00e8s libre. Huit poches \u00e0 l\u2018int\u00e9rieur. A\u00e9ration suppl\u00e9mentaire [&hellip;]","og_url":"https:\/\/shop.bantam.ch\/fr\/produit\/grand-manan-400\/","og_site_name":"Bantam Wankm\u00fcller SA","article_modified_time":"2026-04-18T20:01:51+00:00","og_image":[{"width":1000,"height":646,"url":"https:\/\/shop.bantam.ch\/wp-content\/uploads\/2023\/03\/74212200.jpg","type":"image\/jpeg"}],"twitter_card":"summary_large_image","twitter_misc":{"Dur\u00e9e de lecture estim\u00e9e":"1 minute"},"schema":{"@context":"https:\/\/schema.org","@graph":[{"@type":"WebPage","@id":"https:\/\/shop.bantam.ch\/fr\/produit\/grand-manan-400\/","url":"https:\/\/shop.bantam.ch\/fr\/produit\/grand-manan-400\/","name":"Grand Manan 400 - Bantam Wankm\u00fcller SA","isPartOf":{"@id":"https:\/\/shop.bantam.ch\/fr\/#website"},"primaryImageOfPage":{"@id":"https:\/\/shop.bantam.ch\/fr\/produit\/grand-manan-400\/#primaryimage"},"image":{"@id":"https:\/\/shop.bantam.ch\/fr\/produit\/grand-manan-400\/#primaryimage"},"thumbnailUrl":"https:\/\/shop.bantam.ch\/wp-content\/uploads\/2023\/03\/74212200.jpg","datePublished":"2023-03-01T18:01:02+00:00","dateModified":"2026-04-18T20:01:51+00:00","breadcrumb":{"@id":"https:\/\/shop.bantam.ch\/fr\/produit\/grand-manan-400\/#breadcrumb"},"inLanguage":"fr-FR","potentialAction":[{"@type":"ReadAction","target":["https:\/\/shop.bantam.ch\/fr\/produit\/grand-manan-400\/"]}]},{"@type":"ImageObject","inLanguage":"fr-FR","@id":"https:\/\/shop.bantam.ch\/fr\/produit\/grand-manan-400\/#primaryimage","url":"https:\/\/shop.bantam.ch\/wp-content\/uploads\/2023\/03\/74212200.jpg","contentUrl":"https:\/\/shop.bantam.ch\/wp-content\/uploads\/2023\/03\/74212200.jpg","width":1000,"height":646},{"@type":"BreadcrumbList","@id":"https:\/\/shop.bantam.ch\/fr\/produit\/grand-manan-400\/#breadcrumb","itemListElement":[{"@type":"ListItem","position":1,"name":"Accueil","item":"https:\/\/shop.bantam.ch\/fr\/"},{"@type":"ListItem","position":2,"name":"Boutique","item":"https:\/\/shop.bantam.ch\/fr\/boutique\/"},{"@type":"ListItem","position":3,"name":"Grand Manan 400"}]},{"@type":"WebSite","@id":"https:\/\/shop.bantam.ch\/fr\/#website","url":"https:\/\/shop.bantam.ch\/fr\/","name":"Bantam Wankm\u00fcller SA","description":"","publisher":{"@id":"https:\/\/shop.bantam.ch\/fr\/#organization"},"inLanguage":"fr-FR"},{"@type":"Organization","@id":"https:\/\/shop.bantam.ch\/fr\/#organization","name":"Bantam Wankm\u00fcller SA","url":"https:\/\/shop.bantam.ch\/fr\/","logo":{"@type":"ImageObject","inLanguage":"fr-FR","@id":"https:\/\/shop.bantam.ch\/fr\/#\/schema\/logo\/image\/","url":"https:\/\/shop.bantam.ch\/wp-content\/uploads\/2022\/12\/bantam-logo.png","contentUrl":"https:\/\/shop.bantam.ch\/wp-content\/uploads\/2022\/12\/bantam-logo.png","width":320,"height":71,"caption":"Bantam Wankm\u00fcller SA"},"image":{"@id":"https:\/\/shop.bantam.ch\/fr\/#\/schema\/logo\/image\/"}}]}},"_links":{"self":[{"href":"https:\/\/shop.bantam.ch\/fr\/wp-json\/wp\/v2\/product\/136879","targetHints":{"allow":["GET"]}}],"collection":[{"href":"https:\/\/shop.bantam.ch\/fr\/wp-json\/wp\/v2\/product"}],"about":[{"href":"https:\/\/shop.bantam.ch\/fr\/wp-json\/wp\/v2\/types\/product"}],"wp:featuredmedia":[{"embeddable":true,"href":"https:\/\/shop.bantam.ch\/fr\/wp-json\/wp\/v2\/media\/136877"}],"wp:attachment":[{"href":"https:\/\/shop.bantam.ch\/fr\/wp-json\/wp\/v2\/media?parent=136879"}],"wp:term":[{"taxonomy":"product_featured_cat","embeddable":true,"href":"https:\/\/shop.bantam.ch\/fr\/wp-json\/wp\/v2\/product_featured_cat?post=136879"},{"taxonomy":"product_brand","embeddable":true,"href":"https:\/\/shop.bantam.ch\/fr\/wp-json\/wp\/v2\/product_brand?post=136879"},{"taxonomy":"product_cat","embeddable":true,"href":"https:\/\/shop.bantam.ch\/fr\/wp-json\/wp\/v2\/product_cat?post=136879"},{"taxonomy":"product_tag","embeddable":true,"href":"https:\/\/shop.bantam.ch\/fr\/wp-json\/wp\/v2\/product_tag?post=136879"}],"curies":[{"name":"wp","href":"https:\/\/api.w.org\/{rel}","templated":true}]}}