{"id":136831,"date":"2023-03-01T18:59:47","date_gmt":"2023-03-01T17:59:47","guid":{"rendered":"https:\/\/shop.bantam.ch\/produit\/auvent-de-bus-action-air-drive-away-vw-205-cm-180-210-cm-78-x-33-cm-1350-kg\/"},"modified":"2026-04-18T22:01:43","modified_gmt":"2026-04-18T20:01:43","slug":"auvent-de-bus-action-air-drive-away-vw-205-cm-180-210-cm-78-x-33-cm-1350-kg","status":"publish","type":"product","link":"https:\/\/shop.bantam.ch\/fr\/produit\/auvent-de-bus-action-air-drive-away-vw-205-cm-180-210-cm-78-x-33-cm-1350-kg\/","title":{"rendered":"Auvent de bus &#8211; Action AIR Drive-Away VW 205 cm 180 &#8211; 210 cm 78 x 33 cm 13,50 kg"},"content":{"rendered":"<p>Travel Pod Action AIR Si vous ne voulez pas passer du temps \u00e0 installer et d\u00e9monter votre auvent ind\u00e9pendant, alors ce type d\u2019auvent vous conviendra. L\u2019Action AIR est un auvent autonome vous permettant de partir avec votre camping-car tout en r\u00e9servant votre emplacement sur le site lorsque vous revenez. L\u2019Action AIR poss\u00e8de une grande zone de vie et l\u2019option d\u2019une tente int\u00e9rieure \u00e0 deux couchettes. L\u2019auvent est fourni avec un tapis de sol \u00e0 clipser compl\u00e8tement imperm\u00e9able, qui peut \u00eatre enlev\u00e9 sur les sites qui ne permettent pas son utilisation. Une grande avanc\u00e9e de protection couvre la porte d\u2019entr\u00e9e, ce qui est id\u00e9al par mauvais temps. Il y a trois versions, qui s\u2019adaptent \u00e0 diff\u00e9rentes hauteurs de vans et camping-cars &#8211; VW, L et XL.<br \/>\nCaract\u00e9ristiques cl\u00e9s de l\u2019Action AIR<br \/>\n\u2022 Gonflable &#8211; Syst\u00e8me de gonflage externe \u00e0 points multiples (7-8 psi)<br \/>\n\u2022 Auvent ind\u00e9pendant autonome<br \/>\n\u2022 Mat\u00e9riau Weathershield\u2122<br \/>\n\u2022 Stabilis\u00e9 UV<br \/>\n\u2022 Charge hydrosta<\/p>\n","protected":false},"excerpt":{"rendered":"<p>Travel Pod Action AIR Si vous ne voulez pas passer du temps \u00e0 installer et d\u00e9monter votre auvent ind\u00e9pendant, alors ce type d\u2019auvent vous conviendra. L\u2019Action AIR est un auvent autonome vous permettant de partir avec votre camping-car tout en r\u00e9servant votre emplacement sur le site lorsque vous revenez. L\u2019Action AIR poss\u00e8de une grande zone [&hellip;]<\/p>\n","protected":false},"featured_media":136829,"template":"","meta":{"_acf_changed":false},"product_featured_cat":[],"product_brand":[3032],"product_cat":[4915],"product_tag":[],"class_list":{"0":"post-136831","1":"product","2":"type-product","3":"status-publish","4":"has-post-thumbnail","6":"product_brand-standard","7":"product_cat-auvents-de-bus-et-camping-cars","9":"first","10":"instock","11":"taxable","12":"shipping-taxable","13":"purchasable","14":"product-type-simple"},"acf":[],"yoast_head":"<!-- This site is optimized with the Yoast SEO plugin v27.4 - https:\/\/yoast.com\/product\/yoast-seo-wordpress\/ -->\n<title>Auvent de bus - Action AIR Drive-Away VW 205 cm 180 - 210 cm 78 x 33 cm 13,50 kg - Bantam Wankm\u00fcller SA<\/title>\n<meta name=\"robots\" content=\"index, follow, max-snippet:-1, max-image-preview:large, max-video-preview:-1\" \/>\n<link rel=\"canonical\" href=\"https:\/\/shop.bantam.ch\/fr\/produit\/auvent-de-bus-action-air-drive-away-vw-205-cm-180-210-cm-78-x-33-cm-1350-kg\/\" \/>\n<meta property=\"og:locale\" content=\"fr_FR\" \/>\n<meta property=\"og:type\" content=\"article\" \/>\n<meta property=\"og:title\" content=\"Auvent de bus - Action AIR Drive-Away VW 205 cm 180 - 210 cm 78 x 33 cm 13,50 kg - Bantam Wankm\u00fcller SA\" \/>\n<meta property=\"og:description\" content=\"Travel Pod Action AIR Si vous ne voulez pas passer du temps \u00e0 installer et d\u00e9monter votre auvent ind\u00e9pendant, alors ce type d\u2019auvent vous conviendra. L\u2019Action AIR est un auvent autonome vous permettant de partir avec votre camping-car tout en r\u00e9servant votre emplacement sur le site lorsque vous revenez. L\u2019Action AIR poss\u00e8de une grande zone [&hellip;]\" \/>\n<meta property=\"og:url\" content=\"https:\/\/shop.bantam.ch\/fr\/produit\/auvent-de-bus-action-air-drive-away-vw-205-cm-180-210-cm-78-x-33-cm-1350-kg\/\" \/>\n<meta property=\"og:site_name\" content=\"Bantam Wankm\u00fcller SA\" \/>\n<meta property=\"article:modified_time\" content=\"2026-04-18T20:01:43+00:00\" \/>\n<meta property=\"og:image\" content=\"https:\/\/shop.bantam.ch\/wp-content\/uploads\/2023\/03\/15019029.jpg\" \/>\n\t<meta property=\"og:image:width\" content=\"2034\" \/>\n\t<meta property=\"og:image:height\" content=\"1276\" \/>\n\t<meta property=\"og:image:type\" content=\"image\/jpeg\" \/>\n<meta name=\"twitter:card\" content=\"summary_large_image\" \/>\n<meta name=\"twitter:label1\" content=\"Dur\u00e9e de lecture estim\u00e9e\" \/>\n\t<meta name=\"twitter:data1\" content=\"1 minute\" \/>\n<script type=\"application\/ld+json\" class=\"yoast-schema-graph\">{\"@context\":\"https:\\\/\\\/schema.org\",\"@graph\":[{\"@type\":\"WebPage\",\"@id\":\"https:\\\/\\\/shop.bantam.ch\\\/fr\\\/produit\\\/auvent-de-bus-action-air-drive-away-vw-205-cm-180-210-cm-78-x-33-cm-1350-kg\\\/\",\"url\":\"https:\\\/\\\/shop.bantam.ch\\\/fr\\\/produit\\\/auvent-de-bus-action-air-drive-away-vw-205-cm-180-210-cm-78-x-33-cm-1350-kg\\\/\",\"name\":\"Auvent de bus - Action AIR Drive-Away VW 205 cm 180 - 210 cm 78 x 33 cm 13,50 kg - Bantam Wankm\u00fcller SA\",\"isPartOf\":{\"@id\":\"https:\\\/\\\/shop.bantam.ch\\\/fr\\\/#website\"},\"primaryImageOfPage\":{\"@id\":\"https:\\\/\\\/shop.bantam.ch\\\/fr\\\/produit\\\/auvent-de-bus-action-air-drive-away-vw-205-cm-180-210-cm-78-x-33-cm-1350-kg\\\/#primaryimage\"},\"image\":{\"@id\":\"https:\\\/\\\/shop.bantam.ch\\\/fr\\\/produit\\\/auvent-de-bus-action-air-drive-away-vw-205-cm-180-210-cm-78-x-33-cm-1350-kg\\\/#primaryimage\"},\"thumbnailUrl\":\"https:\\\/\\\/shop.bantam.ch\\\/wp-content\\\/uploads\\\/2023\\\/03\\\/15019029.jpg\",\"datePublished\":\"2023-03-01T17:59:47+00:00\",\"dateModified\":\"2026-04-18T20:01:43+00:00\",\"breadcrumb\":{\"@id\":\"https:\\\/\\\/shop.bantam.ch\\\/fr\\\/produit\\\/auvent-de-bus-action-air-drive-away-vw-205-cm-180-210-cm-78-x-33-cm-1350-kg\\\/#breadcrumb\"},\"inLanguage\":\"fr-FR\",\"potentialAction\":[{\"@type\":\"ReadAction\",\"target\":[\"https:\\\/\\\/shop.bantam.ch\\\/fr\\\/produit\\\/auvent-de-bus-action-air-drive-away-vw-205-cm-180-210-cm-78-x-33-cm-1350-kg\\\/\"]}]},{\"@type\":\"ImageObject\",\"inLanguage\":\"fr-FR\",\"@id\":\"https:\\\/\\\/shop.bantam.ch\\\/fr\\\/produit\\\/auvent-de-bus-action-air-drive-away-vw-205-cm-180-210-cm-78-x-33-cm-1350-kg\\\/#primaryimage\",\"url\":\"https:\\\/\\\/shop.bantam.ch\\\/wp-content\\\/uploads\\\/2023\\\/03\\\/15019029.jpg\",\"contentUrl\":\"https:\\\/\\\/shop.bantam.ch\\\/wp-content\\\/uploads\\\/2023\\\/03\\\/15019029.jpg\",\"width\":2034,\"height\":1276},{\"@type\":\"BreadcrumbList\",\"@id\":\"https:\\\/\\\/shop.bantam.ch\\\/fr\\\/produit\\\/auvent-de-bus-action-air-drive-away-vw-205-cm-180-210-cm-78-x-33-cm-1350-kg\\\/#breadcrumb\",\"itemListElement\":[{\"@type\":\"ListItem\",\"position\":1,\"name\":\"Accueil\",\"item\":\"https:\\\/\\\/shop.bantam.ch\\\/fr\\\/\"},{\"@type\":\"ListItem\",\"position\":2,\"name\":\"Boutique\",\"item\":\"https:\\\/\\\/shop.bantam.ch\\\/fr\\\/boutique\\\/\"},{\"@type\":\"ListItem\",\"position\":3,\"name\":\"Auvent de bus &#8211; Action AIR Drive-Away VW 205 cm 180 &#8211; 210 cm 78 x 33 cm 13,50 kg\"}]},{\"@type\":\"WebSite\",\"@id\":\"https:\\\/\\\/shop.bantam.ch\\\/fr\\\/#website\",\"url\":\"https:\\\/\\\/shop.bantam.ch\\\/fr\\\/\",\"name\":\"Bantam Wankm\u00fcller SA\",\"description\":\"\",\"publisher\":{\"@id\":\"https:\\\/\\\/shop.bantam.ch\\\/fr\\\/#organization\"},\"inLanguage\":\"fr-FR\"},{\"@type\":\"Organization\",\"@id\":\"https:\\\/\\\/shop.bantam.ch\\\/fr\\\/#organization\",\"name\":\"Bantam Wankm\u00fcller SA\",\"url\":\"https:\\\/\\\/shop.bantam.ch\\\/fr\\\/\",\"logo\":{\"@type\":\"ImageObject\",\"inLanguage\":\"fr-FR\",\"@id\":\"https:\\\/\\\/shop.bantam.ch\\\/fr\\\/#\\\/schema\\\/logo\\\/image\\\/\",\"url\":\"https:\\\/\\\/shop.bantam.ch\\\/wp-content\\\/uploads\\\/2022\\\/12\\\/bantam-logo.png\",\"contentUrl\":\"https:\\\/\\\/shop.bantam.ch\\\/wp-content\\\/uploads\\\/2022\\\/12\\\/bantam-logo.png\",\"width\":320,\"height\":71,\"caption\":\"Bantam Wankm\u00fcller SA\"},\"image\":{\"@id\":\"https:\\\/\\\/shop.bantam.ch\\\/fr\\\/#\\\/schema\\\/logo\\\/image\\\/\"}}]}<\/script>\n<!-- \/ Yoast SEO plugin. -->","yoast_head_json":{"title":"Auvent de bus - Action AIR Drive-Away VW 205 cm 180 - 210 cm 78 x 33 cm 13,50 kg - Bantam Wankm\u00fcller SA","robots":{"index":"index","follow":"follow","max-snippet":"max-snippet:-1","max-image-preview":"max-image-preview:large","max-video-preview":"max-video-preview:-1"},"canonical":"https:\/\/shop.bantam.ch\/fr\/produit\/auvent-de-bus-action-air-drive-away-vw-205-cm-180-210-cm-78-x-33-cm-1350-kg\/","og_locale":"fr_FR","og_type":"article","og_title":"Auvent de bus - Action AIR Drive-Away VW 205 cm 180 - 210 cm 78 x 33 cm 13,50 kg - Bantam Wankm\u00fcller SA","og_description":"Travel Pod Action AIR Si vous ne voulez pas passer du temps \u00e0 installer et d\u00e9monter votre auvent ind\u00e9pendant, alors ce type d\u2019auvent vous conviendra. L\u2019Action AIR est un auvent autonome vous permettant de partir avec votre camping-car tout en r\u00e9servant votre emplacement sur le site lorsque vous revenez. L\u2019Action AIR poss\u00e8de une grande zone [&hellip;]","og_url":"https:\/\/shop.bantam.ch\/fr\/produit\/auvent-de-bus-action-air-drive-away-vw-205-cm-180-210-cm-78-x-33-cm-1350-kg\/","og_site_name":"Bantam Wankm\u00fcller SA","article_modified_time":"2026-04-18T20:01:43+00:00","og_image":[{"width":2034,"height":1276,"url":"https:\/\/shop.bantam.ch\/wp-content\/uploads\/2023\/03\/15019029.jpg","type":"image\/jpeg"}],"twitter_card":"summary_large_image","twitter_misc":{"Dur\u00e9e de lecture estim\u00e9e":"1 minute"},"schema":{"@context":"https:\/\/schema.org","@graph":[{"@type":"WebPage","@id":"https:\/\/shop.bantam.ch\/fr\/produit\/auvent-de-bus-action-air-drive-away-vw-205-cm-180-210-cm-78-x-33-cm-1350-kg\/","url":"https:\/\/shop.bantam.ch\/fr\/produit\/auvent-de-bus-action-air-drive-away-vw-205-cm-180-210-cm-78-x-33-cm-1350-kg\/","name":"Auvent de bus - Action AIR Drive-Away VW 205 cm 180 - 210 cm 78 x 33 cm 13,50 kg - Bantam Wankm\u00fcller SA","isPartOf":{"@id":"https:\/\/shop.bantam.ch\/fr\/#website"},"primaryImageOfPage":{"@id":"https:\/\/shop.bantam.ch\/fr\/produit\/auvent-de-bus-action-air-drive-away-vw-205-cm-180-210-cm-78-x-33-cm-1350-kg\/#primaryimage"},"image":{"@id":"https:\/\/shop.bantam.ch\/fr\/produit\/auvent-de-bus-action-air-drive-away-vw-205-cm-180-210-cm-78-x-33-cm-1350-kg\/#primaryimage"},"thumbnailUrl":"https:\/\/shop.bantam.ch\/wp-content\/uploads\/2023\/03\/15019029.jpg","datePublished":"2023-03-01T17:59:47+00:00","dateModified":"2026-04-18T20:01:43+00:00","breadcrumb":{"@id":"https:\/\/shop.bantam.ch\/fr\/produit\/auvent-de-bus-action-air-drive-away-vw-205-cm-180-210-cm-78-x-33-cm-1350-kg\/#breadcrumb"},"inLanguage":"fr-FR","potentialAction":[{"@type":"ReadAction","target":["https:\/\/shop.bantam.ch\/fr\/produit\/auvent-de-bus-action-air-drive-away-vw-205-cm-180-210-cm-78-x-33-cm-1350-kg\/"]}]},{"@type":"ImageObject","inLanguage":"fr-FR","@id":"https:\/\/shop.bantam.ch\/fr\/produit\/auvent-de-bus-action-air-drive-away-vw-205-cm-180-210-cm-78-x-33-cm-1350-kg\/#primaryimage","url":"https:\/\/shop.bantam.ch\/wp-content\/uploads\/2023\/03\/15019029.jpg","contentUrl":"https:\/\/shop.bantam.ch\/wp-content\/uploads\/2023\/03\/15019029.jpg","width":2034,"height":1276},{"@type":"BreadcrumbList","@id":"https:\/\/shop.bantam.ch\/fr\/produit\/auvent-de-bus-action-air-drive-away-vw-205-cm-180-210-cm-78-x-33-cm-1350-kg\/#breadcrumb","itemListElement":[{"@type":"ListItem","position":1,"name":"Accueil","item":"https:\/\/shop.bantam.ch\/fr\/"},{"@type":"ListItem","position":2,"name":"Boutique","item":"https:\/\/shop.bantam.ch\/fr\/boutique\/"},{"@type":"ListItem","position":3,"name":"Auvent de bus &#8211; Action AIR Drive-Away VW 205 cm 180 &#8211; 210 cm 78 x 33 cm 13,50 kg"}]},{"@type":"WebSite","@id":"https:\/\/shop.bantam.ch\/fr\/#website","url":"https:\/\/shop.bantam.ch\/fr\/","name":"Bantam Wankm\u00fcller SA","description":"","publisher":{"@id":"https:\/\/shop.bantam.ch\/fr\/#organization"},"inLanguage":"fr-FR"},{"@type":"Organization","@id":"https:\/\/shop.bantam.ch\/fr\/#organization","name":"Bantam Wankm\u00fcller SA","url":"https:\/\/shop.bantam.ch\/fr\/","logo":{"@type":"ImageObject","inLanguage":"fr-FR","@id":"https:\/\/shop.bantam.ch\/fr\/#\/schema\/logo\/image\/","url":"https:\/\/shop.bantam.ch\/wp-content\/uploads\/2022\/12\/bantam-logo.png","contentUrl":"https:\/\/shop.bantam.ch\/wp-content\/uploads\/2022\/12\/bantam-logo.png","width":320,"height":71,"caption":"Bantam Wankm\u00fcller SA"},"image":{"@id":"https:\/\/shop.bantam.ch\/fr\/#\/schema\/logo\/image\/"}}]}},"_links":{"self":[{"href":"https:\/\/shop.bantam.ch\/fr\/wp-json\/wp\/v2\/product\/136831","targetHints":{"allow":["GET"]}}],"collection":[{"href":"https:\/\/shop.bantam.ch\/fr\/wp-json\/wp\/v2\/product"}],"about":[{"href":"https:\/\/shop.bantam.ch\/fr\/wp-json\/wp\/v2\/types\/product"}],"wp:featuredmedia":[{"embeddable":true,"href":"https:\/\/shop.bantam.ch\/fr\/wp-json\/wp\/v2\/media\/136829"}],"wp:attachment":[{"href":"https:\/\/shop.bantam.ch\/fr\/wp-json\/wp\/v2\/media?parent=136831"}],"wp:term":[{"taxonomy":"product_featured_cat","embeddable":true,"href":"https:\/\/shop.bantam.ch\/fr\/wp-json\/wp\/v2\/product_featured_cat?post=136831"},{"taxonomy":"product_brand","embeddable":true,"href":"https:\/\/shop.bantam.ch\/fr\/wp-json\/wp\/v2\/product_brand?post=136831"},{"taxonomy":"product_cat","embeddable":true,"href":"https:\/\/shop.bantam.ch\/fr\/wp-json\/wp\/v2\/product_cat?post=136831"},{"taxonomy":"product_tag","embeddable":true,"href":"https:\/\/shop.bantam.ch\/fr\/wp-json\/wp\/v2\/product_tag?post=136831"}],"curies":[{"name":"wp","href":"https:\/\/api.w.org\/{rel}","templated":true}]}}