{"id":136751,"date":"2023-03-01T18:57:45","date_gmt":"2023-03-01T17:57:45","guid":{"rendered":"https:\/\/shop.bantam.ch\/produit\/auvent-de-bus-cross-air-drive-away-vw-180-210cm-300x300cm-65x32cm-1350kg\/"},"modified":"2026-04-18T22:01:19","modified_gmt":"2026-04-18T20:01:19","slug":"auvent-de-bus-cross-air-drive-away-vw-180-210cm-300x300cm-65x32cm-1350kg","status":"publish","type":"product","link":"https:\/\/shop.bantam.ch\/fr\/produit\/auvent-de-bus-cross-air-drive-away-vw-180-210cm-300x300cm-65x32cm-1350kg\/","title":{"rendered":"Auvent de bus &#8211; Cross AIR Drive-Away VW 180-210cm 300x300cm 65x32cm 13,50kg"},"content":{"rendered":"<p>Travel Pod Cross AIR Un classique pris\u00e9 mis \u00e0 jour pour 2020, le Cross AIR reste une constante dans la gamme Travel Pod. En utilisant le Kampa AirFrame, le Cross AIR dispose d\u2019un espace de vie robuste et spacieux et profite de nouveaux murs plus inclin\u00e9s, qui fournissent un espace am\u00e9lior\u00e9 avec plus de hauteur. Recon\u00e7u, le panneau avant incorpore maintenant une porte en D plus facile \u00e0 utiliser, qui peut \u00eatre \u00e0 moiti\u00e9 ou compl\u00e8tement enroul\u00e9e. Le tout est couvert par une grande casquette avant, afin de fournir un acc\u00e8s \u00e0 l\u2019auvent prot\u00e9g\u00e9 des intemp\u00e9ries. Le Cross AIR est fourni avec un tapis de sol \u00e0 clipser qui peut \u00eatre enlev\u00e9 au besoin et qui dispose de grandes fen\u00eatres avec des stores pour plus d\u2019intimit\u00e9 et des panneaux en maille pour beaucoup de ventilation. Une tente int\u00e9rieure optionnelle \u00e0 deux couchages peut \u00eatre ajout\u00e9e sur les deux c\u00f4t\u00e9s de l\u2019auvent.<br \/>\nCaract\u00e9ristiques cl\u00e9s du Cross AIR<br \/>\n\u2022 Gonflable &#8211; Syst\u00e8me de gonflage externe \u00e0 poin<\/p>\n","protected":false},"excerpt":{"rendered":"<p>Travel Pod Cross AIR Un classique pris\u00e9 mis \u00e0 jour pour 2020, le Cross AIR reste une constante dans la gamme Travel Pod. En utilisant le Kampa AirFrame, le Cross AIR dispose d\u2019un espace de vie robuste et spacieux et profite de nouveaux murs plus inclin\u00e9s, qui fournissent un espace am\u00e9lior\u00e9 avec plus de hauteur. [&hellip;]<\/p>\n","protected":false},"featured_media":136749,"template":"","meta":{"_acf_changed":false},"product_featured_cat":[],"product_brand":[3032],"product_cat":[4915],"product_tag":[],"class_list":{"0":"post-136751","1":"product","2":"type-product","3":"status-publish","4":"has-post-thumbnail","6":"product_brand-standard","7":"product_cat-auvents-de-bus-et-camping-cars","9":"first","10":"instock","11":"taxable","12":"shipping-taxable","13":"purchasable","14":"product-type-simple"},"acf":[],"yoast_head":"<!-- This site is optimized with the Yoast SEO plugin v27.4 - https:\/\/yoast.com\/product\/yoast-seo-wordpress\/ -->\n<title>Auvent de bus - Cross AIR Drive-Away VW 180-210cm 300x300cm 65x32cm 13,50kg - Bantam Wankm\u00fcller SA<\/title>\n<meta name=\"robots\" content=\"index, follow, max-snippet:-1, max-image-preview:large, max-video-preview:-1\" \/>\n<link rel=\"canonical\" href=\"https:\/\/shop.bantam.ch\/fr\/produit\/auvent-de-bus-cross-air-drive-away-vw-180-210cm-300x300cm-65x32cm-1350kg\/\" \/>\n<meta property=\"og:locale\" content=\"fr_FR\" \/>\n<meta property=\"og:type\" content=\"article\" \/>\n<meta property=\"og:title\" content=\"Auvent de bus - Cross AIR Drive-Away VW 180-210cm 300x300cm 65x32cm 13,50kg - Bantam Wankm\u00fcller SA\" \/>\n<meta property=\"og:description\" content=\"Travel Pod Cross AIR Un classique pris\u00e9 mis \u00e0 jour pour 2020, le Cross AIR reste une constante dans la gamme Travel Pod. En utilisant le Kampa AirFrame, le Cross AIR dispose d\u2019un espace de vie robuste et spacieux et profite de nouveaux murs plus inclin\u00e9s, qui fournissent un espace am\u00e9lior\u00e9 avec plus de hauteur. [&hellip;]\" \/>\n<meta property=\"og:url\" content=\"https:\/\/shop.bantam.ch\/fr\/produit\/auvent-de-bus-cross-air-drive-away-vw-180-210cm-300x300cm-65x32cm-1350kg\/\" \/>\n<meta property=\"og:site_name\" content=\"Bantam Wankm\u00fcller SA\" \/>\n<meta property=\"article:modified_time\" content=\"2026-04-18T20:01:19+00:00\" \/>\n<meta property=\"og:image\" content=\"https:\/\/shop.bantam.ch\/wp-content\/uploads\/2023\/03\/F_p24-38_Auvents_2019_Kundert_FR_Partie7_Page_1_Image_0007.jpg\" \/>\n\t<meta property=\"og:image:width\" content=\"1920\" \/>\n\t<meta property=\"og:image:height\" content=\"1280\" \/>\n\t<meta property=\"og:image:type\" content=\"image\/jpeg\" \/>\n<meta name=\"twitter:card\" content=\"summary_large_image\" \/>\n<meta name=\"twitter:label1\" content=\"Dur\u00e9e de lecture estim\u00e9e\" \/>\n\t<meta name=\"twitter:data1\" content=\"1 minute\" \/>\n<script type=\"application\/ld+json\" class=\"yoast-schema-graph\">{\"@context\":\"https:\\\/\\\/schema.org\",\"@graph\":[{\"@type\":\"WebPage\",\"@id\":\"https:\\\/\\\/shop.bantam.ch\\\/fr\\\/produit\\\/auvent-de-bus-cross-air-drive-away-vw-180-210cm-300x300cm-65x32cm-1350kg\\\/\",\"url\":\"https:\\\/\\\/shop.bantam.ch\\\/fr\\\/produit\\\/auvent-de-bus-cross-air-drive-away-vw-180-210cm-300x300cm-65x32cm-1350kg\\\/\",\"name\":\"Auvent de bus - Cross AIR Drive-Away VW 180-210cm 300x300cm 65x32cm 13,50kg - Bantam Wankm\u00fcller SA\",\"isPartOf\":{\"@id\":\"https:\\\/\\\/shop.bantam.ch\\\/fr\\\/#website\"},\"primaryImageOfPage\":{\"@id\":\"https:\\\/\\\/shop.bantam.ch\\\/fr\\\/produit\\\/auvent-de-bus-cross-air-drive-away-vw-180-210cm-300x300cm-65x32cm-1350kg\\\/#primaryimage\"},\"image\":{\"@id\":\"https:\\\/\\\/shop.bantam.ch\\\/fr\\\/produit\\\/auvent-de-bus-cross-air-drive-away-vw-180-210cm-300x300cm-65x32cm-1350kg\\\/#primaryimage\"},\"thumbnailUrl\":\"https:\\\/\\\/shop.bantam.ch\\\/wp-content\\\/uploads\\\/2023\\\/03\\\/F_p24-38_Auvents_2019_Kundert_FR_Partie7_Page_1_Image_0007.jpg\",\"datePublished\":\"2023-03-01T17:57:45+00:00\",\"dateModified\":\"2026-04-18T20:01:19+00:00\",\"breadcrumb\":{\"@id\":\"https:\\\/\\\/shop.bantam.ch\\\/fr\\\/produit\\\/auvent-de-bus-cross-air-drive-away-vw-180-210cm-300x300cm-65x32cm-1350kg\\\/#breadcrumb\"},\"inLanguage\":\"fr-FR\",\"potentialAction\":[{\"@type\":\"ReadAction\",\"target\":[\"https:\\\/\\\/shop.bantam.ch\\\/fr\\\/produit\\\/auvent-de-bus-cross-air-drive-away-vw-180-210cm-300x300cm-65x32cm-1350kg\\\/\"]}]},{\"@type\":\"ImageObject\",\"inLanguage\":\"fr-FR\",\"@id\":\"https:\\\/\\\/shop.bantam.ch\\\/fr\\\/produit\\\/auvent-de-bus-cross-air-drive-away-vw-180-210cm-300x300cm-65x32cm-1350kg\\\/#primaryimage\",\"url\":\"https:\\\/\\\/shop.bantam.ch\\\/wp-content\\\/uploads\\\/2023\\\/03\\\/F_p24-38_Auvents_2019_Kundert_FR_Partie7_Page_1_Image_0007.jpg\",\"contentUrl\":\"https:\\\/\\\/shop.bantam.ch\\\/wp-content\\\/uploads\\\/2023\\\/03\\\/F_p24-38_Auvents_2019_Kundert_FR_Partie7_Page_1_Image_0007.jpg\",\"width\":1920,\"height\":1280},{\"@type\":\"BreadcrumbList\",\"@id\":\"https:\\\/\\\/shop.bantam.ch\\\/fr\\\/produit\\\/auvent-de-bus-cross-air-drive-away-vw-180-210cm-300x300cm-65x32cm-1350kg\\\/#breadcrumb\",\"itemListElement\":[{\"@type\":\"ListItem\",\"position\":1,\"name\":\"Accueil\",\"item\":\"https:\\\/\\\/shop.bantam.ch\\\/fr\\\/\"},{\"@type\":\"ListItem\",\"position\":2,\"name\":\"Boutique\",\"item\":\"https:\\\/\\\/shop.bantam.ch\\\/fr\\\/boutique\\\/\"},{\"@type\":\"ListItem\",\"position\":3,\"name\":\"Auvent de bus &#8211; Cross AIR Drive-Away VW 180-210cm 300x300cm 65x32cm 13,50kg\"}]},{\"@type\":\"WebSite\",\"@id\":\"https:\\\/\\\/shop.bantam.ch\\\/fr\\\/#website\",\"url\":\"https:\\\/\\\/shop.bantam.ch\\\/fr\\\/\",\"name\":\"Bantam Wankm\u00fcller SA\",\"description\":\"\",\"publisher\":{\"@id\":\"https:\\\/\\\/shop.bantam.ch\\\/fr\\\/#organization\"},\"inLanguage\":\"fr-FR\"},{\"@type\":\"Organization\",\"@id\":\"https:\\\/\\\/shop.bantam.ch\\\/fr\\\/#organization\",\"name\":\"Bantam Wankm\u00fcller SA\",\"url\":\"https:\\\/\\\/shop.bantam.ch\\\/fr\\\/\",\"logo\":{\"@type\":\"ImageObject\",\"inLanguage\":\"fr-FR\",\"@id\":\"https:\\\/\\\/shop.bantam.ch\\\/fr\\\/#\\\/schema\\\/logo\\\/image\\\/\",\"url\":\"https:\\\/\\\/shop.bantam.ch\\\/wp-content\\\/uploads\\\/2022\\\/12\\\/bantam-logo.png\",\"contentUrl\":\"https:\\\/\\\/shop.bantam.ch\\\/wp-content\\\/uploads\\\/2022\\\/12\\\/bantam-logo.png\",\"width\":320,\"height\":71,\"caption\":\"Bantam Wankm\u00fcller SA\"},\"image\":{\"@id\":\"https:\\\/\\\/shop.bantam.ch\\\/fr\\\/#\\\/schema\\\/logo\\\/image\\\/\"}}]}<\/script>\n<!-- \/ Yoast SEO plugin. -->","yoast_head_json":{"title":"Auvent de bus - Cross AIR Drive-Away VW 180-210cm 300x300cm 65x32cm 13,50kg - Bantam Wankm\u00fcller SA","robots":{"index":"index","follow":"follow","max-snippet":"max-snippet:-1","max-image-preview":"max-image-preview:large","max-video-preview":"max-video-preview:-1"},"canonical":"https:\/\/shop.bantam.ch\/fr\/produit\/auvent-de-bus-cross-air-drive-away-vw-180-210cm-300x300cm-65x32cm-1350kg\/","og_locale":"fr_FR","og_type":"article","og_title":"Auvent de bus - Cross AIR Drive-Away VW 180-210cm 300x300cm 65x32cm 13,50kg - Bantam Wankm\u00fcller SA","og_description":"Travel Pod Cross AIR Un classique pris\u00e9 mis \u00e0 jour pour 2020, le Cross AIR reste une constante dans la gamme Travel Pod. En utilisant le Kampa AirFrame, le Cross AIR dispose d\u2019un espace de vie robuste et spacieux et profite de nouveaux murs plus inclin\u00e9s, qui fournissent un espace am\u00e9lior\u00e9 avec plus de hauteur. [&hellip;]","og_url":"https:\/\/shop.bantam.ch\/fr\/produit\/auvent-de-bus-cross-air-drive-away-vw-180-210cm-300x300cm-65x32cm-1350kg\/","og_site_name":"Bantam Wankm\u00fcller SA","article_modified_time":"2026-04-18T20:01:19+00:00","og_image":[{"width":1920,"height":1280,"url":"https:\/\/shop.bantam.ch\/wp-content\/uploads\/2023\/03\/F_p24-38_Auvents_2019_Kundert_FR_Partie7_Page_1_Image_0007.jpg","type":"image\/jpeg"}],"twitter_card":"summary_large_image","twitter_misc":{"Dur\u00e9e de lecture estim\u00e9e":"1 minute"},"schema":{"@context":"https:\/\/schema.org","@graph":[{"@type":"WebPage","@id":"https:\/\/shop.bantam.ch\/fr\/produit\/auvent-de-bus-cross-air-drive-away-vw-180-210cm-300x300cm-65x32cm-1350kg\/","url":"https:\/\/shop.bantam.ch\/fr\/produit\/auvent-de-bus-cross-air-drive-away-vw-180-210cm-300x300cm-65x32cm-1350kg\/","name":"Auvent de bus - Cross AIR Drive-Away VW 180-210cm 300x300cm 65x32cm 13,50kg - Bantam Wankm\u00fcller SA","isPartOf":{"@id":"https:\/\/shop.bantam.ch\/fr\/#website"},"primaryImageOfPage":{"@id":"https:\/\/shop.bantam.ch\/fr\/produit\/auvent-de-bus-cross-air-drive-away-vw-180-210cm-300x300cm-65x32cm-1350kg\/#primaryimage"},"image":{"@id":"https:\/\/shop.bantam.ch\/fr\/produit\/auvent-de-bus-cross-air-drive-away-vw-180-210cm-300x300cm-65x32cm-1350kg\/#primaryimage"},"thumbnailUrl":"https:\/\/shop.bantam.ch\/wp-content\/uploads\/2023\/03\/F_p24-38_Auvents_2019_Kundert_FR_Partie7_Page_1_Image_0007.jpg","datePublished":"2023-03-01T17:57:45+00:00","dateModified":"2026-04-18T20:01:19+00:00","breadcrumb":{"@id":"https:\/\/shop.bantam.ch\/fr\/produit\/auvent-de-bus-cross-air-drive-away-vw-180-210cm-300x300cm-65x32cm-1350kg\/#breadcrumb"},"inLanguage":"fr-FR","potentialAction":[{"@type":"ReadAction","target":["https:\/\/shop.bantam.ch\/fr\/produit\/auvent-de-bus-cross-air-drive-away-vw-180-210cm-300x300cm-65x32cm-1350kg\/"]}]},{"@type":"ImageObject","inLanguage":"fr-FR","@id":"https:\/\/shop.bantam.ch\/fr\/produit\/auvent-de-bus-cross-air-drive-away-vw-180-210cm-300x300cm-65x32cm-1350kg\/#primaryimage","url":"https:\/\/shop.bantam.ch\/wp-content\/uploads\/2023\/03\/F_p24-38_Auvents_2019_Kundert_FR_Partie7_Page_1_Image_0007.jpg","contentUrl":"https:\/\/shop.bantam.ch\/wp-content\/uploads\/2023\/03\/F_p24-38_Auvents_2019_Kundert_FR_Partie7_Page_1_Image_0007.jpg","width":1920,"height":1280},{"@type":"BreadcrumbList","@id":"https:\/\/shop.bantam.ch\/fr\/produit\/auvent-de-bus-cross-air-drive-away-vw-180-210cm-300x300cm-65x32cm-1350kg\/#breadcrumb","itemListElement":[{"@type":"ListItem","position":1,"name":"Accueil","item":"https:\/\/shop.bantam.ch\/fr\/"},{"@type":"ListItem","position":2,"name":"Boutique","item":"https:\/\/shop.bantam.ch\/fr\/boutique\/"},{"@type":"ListItem","position":3,"name":"Auvent de bus &#8211; Cross AIR Drive-Away VW 180-210cm 300x300cm 65x32cm 13,50kg"}]},{"@type":"WebSite","@id":"https:\/\/shop.bantam.ch\/fr\/#website","url":"https:\/\/shop.bantam.ch\/fr\/","name":"Bantam Wankm\u00fcller SA","description":"","publisher":{"@id":"https:\/\/shop.bantam.ch\/fr\/#organization"},"inLanguage":"fr-FR"},{"@type":"Organization","@id":"https:\/\/shop.bantam.ch\/fr\/#organization","name":"Bantam Wankm\u00fcller SA","url":"https:\/\/shop.bantam.ch\/fr\/","logo":{"@type":"ImageObject","inLanguage":"fr-FR","@id":"https:\/\/shop.bantam.ch\/fr\/#\/schema\/logo\/image\/","url":"https:\/\/shop.bantam.ch\/wp-content\/uploads\/2022\/12\/bantam-logo.png","contentUrl":"https:\/\/shop.bantam.ch\/wp-content\/uploads\/2022\/12\/bantam-logo.png","width":320,"height":71,"caption":"Bantam Wankm\u00fcller SA"},"image":{"@id":"https:\/\/shop.bantam.ch\/fr\/#\/schema\/logo\/image\/"}}]}},"_links":{"self":[{"href":"https:\/\/shop.bantam.ch\/fr\/wp-json\/wp\/v2\/product\/136751","targetHints":{"allow":["GET"]}}],"collection":[{"href":"https:\/\/shop.bantam.ch\/fr\/wp-json\/wp\/v2\/product"}],"about":[{"href":"https:\/\/shop.bantam.ch\/fr\/wp-json\/wp\/v2\/types\/product"}],"wp:featuredmedia":[{"embeddable":true,"href":"https:\/\/shop.bantam.ch\/fr\/wp-json\/wp\/v2\/media\/136749"}],"wp:attachment":[{"href":"https:\/\/shop.bantam.ch\/fr\/wp-json\/wp\/v2\/media?parent=136751"}],"wp:term":[{"taxonomy":"product_featured_cat","embeddable":true,"href":"https:\/\/shop.bantam.ch\/fr\/wp-json\/wp\/v2\/product_featured_cat?post=136751"},{"taxonomy":"product_brand","embeddable":true,"href":"https:\/\/shop.bantam.ch\/fr\/wp-json\/wp\/v2\/product_brand?post=136751"},{"taxonomy":"product_cat","embeddable":true,"href":"https:\/\/shop.bantam.ch\/fr\/wp-json\/wp\/v2\/product_cat?post=136751"},{"taxonomy":"product_tag","embeddable":true,"href":"https:\/\/shop.bantam.ch\/fr\/wp-json\/wp\/v2\/product_tag?post=136751"}],"curies":[{"name":"wp","href":"https:\/\/api.w.org\/{rel}","templated":true}]}}