{"id":136095,"date":"2023-03-01T18:45:29","date_gmt":"2023-03-01T17:45:29","guid":{"rendered":"https:\/\/shop.bantam.ch\/produit\/chaise-canyon-basic\/"},"modified":"2026-04-20T16:55:18","modified_gmt":"2026-04-20T14:55:18","slug":"chaise-canyon-basic","status":"publish","type":"product","link":"https:\/\/shop.bantam.ch\/fr\/produit\/chaise-canyon-basic\/","title":{"rendered":"Chaise relaxe 3D Tarante"},"content":{"rendered":"<p><span lang=\"FR\">Fauteuil relax confortable et r\u00e9glable, id\u00e9al pour une utilisation sur le camping ou dans le jardin. Le Tarente Relax est dot\u00e9 d\u2019un repose-pied fixe qui avance automatiquement lorsque le dossier est d\u00e9plac\u00e9 en position couch\u00e9e. La chaise est livr\u00e9e avec un oreiller r\u00e9glable en hauteur. Le Tarante est recouvert d\u2019un filet d\u2019air 3D ventil\u00e9 \u00e0 cellules ouvertes, perm\u00e9able \u00e0 l\u2019eau et \u00e0 s\u00e9chage rapide.\u00a0<\/span>Mat\u00e9riau: maille \u00e0 air 100% polyester, rembourrage en mousse de 2 cm.\u00a0Cadre: cadre en acier tubulaire \u00d8 19 mm<\/p>\n<p>Taille: 74x82x50 \/ 110cm<br \/>Pli\u00e9: 73x90x12cm<br \/>Poids: 9,5 kg.<br \/>Max. charge: 120 kg.<\/p>\n","protected":false},"excerpt":{"rendered":"<p>Fauteuil relax confortable et r\u00e9glable, id\u00e9al pour une utilisation sur le camping ou dans le jardin. Le Tarente Relax est dot\u00e9 d\u2019un repose-pied fixe qui avance automatiquement lorsque le dossier est d\u00e9plac\u00e9 en position couch\u00e9e. La chaise est livr\u00e9e avec un oreiller r\u00e9glable en hauteur. Le Tarante est recouvert d\u2019un filet d\u2019air 3D ventil\u00e9 \u00e0 [&hellip;]<\/p>\n","protected":false},"featured_media":136091,"template":"","meta":{"_acf_changed":false},"product_featured_cat":[],"product_brand":[3074],"product_cat":[4477],"product_tag":[],"class_list":{"0":"post-136095","1":"product","2":"type-product","3":"status-publish","4":"has-post-thumbnail","6":"product_brand-eurotrail","7":"product_cat-chaises-tabourets-et-chaises-longues","9":"first","10":"instock","11":"taxable","12":"shipping-taxable","13":"purchasable","14":"product-type-simple"},"acf":[],"yoast_head":"<!-- This site is optimized with the Yoast SEO plugin v27.4 - https:\/\/yoast.com\/product\/yoast-seo-wordpress\/ -->\n<title>Chaise relaxe 3D Tarante - Bantam Wankm\u00fcller SA<\/title>\n<meta name=\"robots\" content=\"index, follow, max-snippet:-1, max-image-preview:large, max-video-preview:-1\" \/>\n<link rel=\"canonical\" href=\"https:\/\/shop.bantam.ch\/fr\/produit\/chaise-canyon-basic\/\" \/>\n<meta property=\"og:locale\" content=\"fr_FR\" \/>\n<meta property=\"og:type\" content=\"article\" \/>\n<meta property=\"og:title\" content=\"Chaise relaxe 3D Tarante - Bantam Wankm\u00fcller SA\" \/>\n<meta property=\"og:description\" content=\"Fauteuil relax confortable et r\u00e9glable, id\u00e9al pour une utilisation sur le camping ou dans le jardin. Le Tarente Relax est dot\u00e9 d\u2019un repose-pied fixe qui avance automatiquement lorsque le dossier est d\u00e9plac\u00e9 en position couch\u00e9e. La chaise est livr\u00e9e avec un oreiller r\u00e9glable en hauteur. Le Tarante est recouvert d\u2019un filet d\u2019air 3D ventil\u00e9 \u00e0 [&hellip;]\" \/>\n<meta property=\"og:url\" content=\"https:\/\/shop.bantam.ch\/fr\/produit\/chaise-canyon-basic\/\" \/>\n<meta property=\"og:site_name\" content=\"Bantam Wankm\u00fcller SA\" \/>\n<meta property=\"article:modified_time\" content=\"2026-04-20T14:55:18+00:00\" \/>\n<meta property=\"og:image\" content=\"https:\/\/shop.bantam.ch\/wp-content\/uploads\/2023\/03\/76621004-ETCF1466-Tarente-21-01.jpg\" \/>\n\t<meta property=\"og:image:width\" content=\"1337\" \/>\n\t<meta property=\"og:image:height\" content=\"1772\" \/>\n\t<meta property=\"og:image:type\" content=\"image\/jpeg\" \/>\n<meta name=\"twitter:card\" content=\"summary_large_image\" \/>\n<meta name=\"twitter:label1\" content=\"Dur\u00e9e de lecture estim\u00e9e\" \/>\n\t<meta name=\"twitter:data1\" content=\"1 minute\" \/>\n<script type=\"application\/ld+json\" class=\"yoast-schema-graph\">{\"@context\":\"https:\\\/\\\/schema.org\",\"@graph\":[{\"@type\":\"WebPage\",\"@id\":\"https:\\\/\\\/shop.bantam.ch\\\/fr\\\/produit\\\/chaise-canyon-basic\\\/\",\"url\":\"https:\\\/\\\/shop.bantam.ch\\\/fr\\\/produit\\\/chaise-canyon-basic\\\/\",\"name\":\"Chaise relaxe 3D Tarante - Bantam Wankm\u00fcller SA\",\"isPartOf\":{\"@id\":\"https:\\\/\\\/shop.bantam.ch\\\/fr\\\/#website\"},\"primaryImageOfPage\":{\"@id\":\"https:\\\/\\\/shop.bantam.ch\\\/fr\\\/produit\\\/chaise-canyon-basic\\\/#primaryimage\"},\"image\":{\"@id\":\"https:\\\/\\\/shop.bantam.ch\\\/fr\\\/produit\\\/chaise-canyon-basic\\\/#primaryimage\"},\"thumbnailUrl\":\"https:\\\/\\\/shop.bantam.ch\\\/wp-content\\\/uploads\\\/2023\\\/03\\\/76621004-ETCF1466-Tarente-21-01.jpg\",\"datePublished\":\"2023-03-01T17:45:29+00:00\",\"dateModified\":\"2026-04-20T14:55:18+00:00\",\"breadcrumb\":{\"@id\":\"https:\\\/\\\/shop.bantam.ch\\\/fr\\\/produit\\\/chaise-canyon-basic\\\/#breadcrumb\"},\"inLanguage\":\"fr-FR\",\"potentialAction\":[{\"@type\":\"ReadAction\",\"target\":[\"https:\\\/\\\/shop.bantam.ch\\\/fr\\\/produit\\\/chaise-canyon-basic\\\/\"]}]},{\"@type\":\"ImageObject\",\"inLanguage\":\"fr-FR\",\"@id\":\"https:\\\/\\\/shop.bantam.ch\\\/fr\\\/produit\\\/chaise-canyon-basic\\\/#primaryimage\",\"url\":\"https:\\\/\\\/shop.bantam.ch\\\/wp-content\\\/uploads\\\/2023\\\/03\\\/76621004-ETCF1466-Tarente-21-01.jpg\",\"contentUrl\":\"https:\\\/\\\/shop.bantam.ch\\\/wp-content\\\/uploads\\\/2023\\\/03\\\/76621004-ETCF1466-Tarente-21-01.jpg\",\"width\":1337,\"height\":1772},{\"@type\":\"BreadcrumbList\",\"@id\":\"https:\\\/\\\/shop.bantam.ch\\\/fr\\\/produit\\\/chaise-canyon-basic\\\/#breadcrumb\",\"itemListElement\":[{\"@type\":\"ListItem\",\"position\":1,\"name\":\"Accueil\",\"item\":\"https:\\\/\\\/shop.bantam.ch\\\/fr\\\/\"},{\"@type\":\"ListItem\",\"position\":2,\"name\":\"Boutique\",\"item\":\"https:\\\/\\\/shop.bantam.ch\\\/fr\\\/boutique\\\/\"},{\"@type\":\"ListItem\",\"position\":3,\"name\":\"Chaise relaxe 3D Tarante\"}]},{\"@type\":\"WebSite\",\"@id\":\"https:\\\/\\\/shop.bantam.ch\\\/fr\\\/#website\",\"url\":\"https:\\\/\\\/shop.bantam.ch\\\/fr\\\/\",\"name\":\"Bantam Wankm\u00fcller SA\",\"description\":\"\",\"publisher\":{\"@id\":\"https:\\\/\\\/shop.bantam.ch\\\/fr\\\/#organization\"},\"inLanguage\":\"fr-FR\"},{\"@type\":\"Organization\",\"@id\":\"https:\\\/\\\/shop.bantam.ch\\\/fr\\\/#organization\",\"name\":\"Bantam Wankm\u00fcller SA\",\"url\":\"https:\\\/\\\/shop.bantam.ch\\\/fr\\\/\",\"logo\":{\"@type\":\"ImageObject\",\"inLanguage\":\"fr-FR\",\"@id\":\"https:\\\/\\\/shop.bantam.ch\\\/fr\\\/#\\\/schema\\\/logo\\\/image\\\/\",\"url\":\"https:\\\/\\\/shop.bantam.ch\\\/wp-content\\\/uploads\\\/2022\\\/12\\\/bantam-logo.png\",\"contentUrl\":\"https:\\\/\\\/shop.bantam.ch\\\/wp-content\\\/uploads\\\/2022\\\/12\\\/bantam-logo.png\",\"width\":320,\"height\":71,\"caption\":\"Bantam Wankm\u00fcller SA\"},\"image\":{\"@id\":\"https:\\\/\\\/shop.bantam.ch\\\/fr\\\/#\\\/schema\\\/logo\\\/image\\\/\"}}]}<\/script>\n<!-- \/ Yoast SEO plugin. -->","yoast_head_json":{"title":"Chaise relaxe 3D Tarante - Bantam Wankm\u00fcller SA","robots":{"index":"index","follow":"follow","max-snippet":"max-snippet:-1","max-image-preview":"max-image-preview:large","max-video-preview":"max-video-preview:-1"},"canonical":"https:\/\/shop.bantam.ch\/fr\/produit\/chaise-canyon-basic\/","og_locale":"fr_FR","og_type":"article","og_title":"Chaise relaxe 3D Tarante - Bantam Wankm\u00fcller SA","og_description":"Fauteuil relax confortable et r\u00e9glable, id\u00e9al pour une utilisation sur le camping ou dans le jardin. Le Tarente Relax est dot\u00e9 d\u2019un repose-pied fixe qui avance automatiquement lorsque le dossier est d\u00e9plac\u00e9 en position couch\u00e9e. La chaise est livr\u00e9e avec un oreiller r\u00e9glable en hauteur. Le Tarante est recouvert d\u2019un filet d\u2019air 3D ventil\u00e9 \u00e0 [&hellip;]","og_url":"https:\/\/shop.bantam.ch\/fr\/produit\/chaise-canyon-basic\/","og_site_name":"Bantam Wankm\u00fcller SA","article_modified_time":"2026-04-20T14:55:18+00:00","og_image":[{"width":1337,"height":1772,"url":"https:\/\/shop.bantam.ch\/wp-content\/uploads\/2023\/03\/76621004-ETCF1466-Tarente-21-01.jpg","type":"image\/jpeg"}],"twitter_card":"summary_large_image","twitter_misc":{"Dur\u00e9e de lecture estim\u00e9e":"1 minute"},"schema":{"@context":"https:\/\/schema.org","@graph":[{"@type":"WebPage","@id":"https:\/\/shop.bantam.ch\/fr\/produit\/chaise-canyon-basic\/","url":"https:\/\/shop.bantam.ch\/fr\/produit\/chaise-canyon-basic\/","name":"Chaise relaxe 3D Tarante - Bantam Wankm\u00fcller SA","isPartOf":{"@id":"https:\/\/shop.bantam.ch\/fr\/#website"},"primaryImageOfPage":{"@id":"https:\/\/shop.bantam.ch\/fr\/produit\/chaise-canyon-basic\/#primaryimage"},"image":{"@id":"https:\/\/shop.bantam.ch\/fr\/produit\/chaise-canyon-basic\/#primaryimage"},"thumbnailUrl":"https:\/\/shop.bantam.ch\/wp-content\/uploads\/2023\/03\/76621004-ETCF1466-Tarente-21-01.jpg","datePublished":"2023-03-01T17:45:29+00:00","dateModified":"2026-04-20T14:55:18+00:00","breadcrumb":{"@id":"https:\/\/shop.bantam.ch\/fr\/produit\/chaise-canyon-basic\/#breadcrumb"},"inLanguage":"fr-FR","potentialAction":[{"@type":"ReadAction","target":["https:\/\/shop.bantam.ch\/fr\/produit\/chaise-canyon-basic\/"]}]},{"@type":"ImageObject","inLanguage":"fr-FR","@id":"https:\/\/shop.bantam.ch\/fr\/produit\/chaise-canyon-basic\/#primaryimage","url":"https:\/\/shop.bantam.ch\/wp-content\/uploads\/2023\/03\/76621004-ETCF1466-Tarente-21-01.jpg","contentUrl":"https:\/\/shop.bantam.ch\/wp-content\/uploads\/2023\/03\/76621004-ETCF1466-Tarente-21-01.jpg","width":1337,"height":1772},{"@type":"BreadcrumbList","@id":"https:\/\/shop.bantam.ch\/fr\/produit\/chaise-canyon-basic\/#breadcrumb","itemListElement":[{"@type":"ListItem","position":1,"name":"Accueil","item":"https:\/\/shop.bantam.ch\/fr\/"},{"@type":"ListItem","position":2,"name":"Boutique","item":"https:\/\/shop.bantam.ch\/fr\/boutique\/"},{"@type":"ListItem","position":3,"name":"Chaise relaxe 3D Tarante"}]},{"@type":"WebSite","@id":"https:\/\/shop.bantam.ch\/fr\/#website","url":"https:\/\/shop.bantam.ch\/fr\/","name":"Bantam Wankm\u00fcller SA","description":"","publisher":{"@id":"https:\/\/shop.bantam.ch\/fr\/#organization"},"inLanguage":"fr-FR"},{"@type":"Organization","@id":"https:\/\/shop.bantam.ch\/fr\/#organization","name":"Bantam Wankm\u00fcller SA","url":"https:\/\/shop.bantam.ch\/fr\/","logo":{"@type":"ImageObject","inLanguage":"fr-FR","@id":"https:\/\/shop.bantam.ch\/fr\/#\/schema\/logo\/image\/","url":"https:\/\/shop.bantam.ch\/wp-content\/uploads\/2022\/12\/bantam-logo.png","contentUrl":"https:\/\/shop.bantam.ch\/wp-content\/uploads\/2022\/12\/bantam-logo.png","width":320,"height":71,"caption":"Bantam Wankm\u00fcller SA"},"image":{"@id":"https:\/\/shop.bantam.ch\/fr\/#\/schema\/logo\/image\/"}}]}},"_links":{"self":[{"href":"https:\/\/shop.bantam.ch\/fr\/wp-json\/wp\/v2\/product\/136095","targetHints":{"allow":["GET"]}}],"collection":[{"href":"https:\/\/shop.bantam.ch\/fr\/wp-json\/wp\/v2\/product"}],"about":[{"href":"https:\/\/shop.bantam.ch\/fr\/wp-json\/wp\/v2\/types\/product"}],"wp:featuredmedia":[{"embeddable":true,"href":"https:\/\/shop.bantam.ch\/fr\/wp-json\/wp\/v2\/media\/136091"}],"wp:attachment":[{"href":"https:\/\/shop.bantam.ch\/fr\/wp-json\/wp\/v2\/media?parent=136095"}],"wp:term":[{"taxonomy":"product_featured_cat","embeddable":true,"href":"https:\/\/shop.bantam.ch\/fr\/wp-json\/wp\/v2\/product_featured_cat?post=136095"},{"taxonomy":"product_brand","embeddable":true,"href":"https:\/\/shop.bantam.ch\/fr\/wp-json\/wp\/v2\/product_brand?post=136095"},{"taxonomy":"product_cat","embeddable":true,"href":"https:\/\/shop.bantam.ch\/fr\/wp-json\/wp\/v2\/product_cat?post=136095"},{"taxonomy":"product_tag","embeddable":true,"href":"https:\/\/shop.bantam.ch\/fr\/wp-json\/wp\/v2\/product_tag?post=136095"}],"curies":[{"name":"wp","href":"https:\/\/api.w.org\/{rel}","templated":true}]}}