{"id":136049,"date":"2023-03-01T18:44:56","date_gmt":"2023-03-01T17:44:56","guid":{"rendered":"https:\/\/shop.bantam.ch\/produit\/tente-et-auvent-pisa\/"},"modified":"2026-04-18T21:59:19","modified_gmt":"2026-04-18T19:59:19","slug":"tente-et-auvent-pisa","status":"publish","type":"product","link":"https:\/\/shop.bantam.ch\/fr\/produit\/tente-et-auvent-pisa\/","title":{"rendered":"Tente et auvent Pisa"},"content":{"rendered":"<p>La tente Pisa est une tente de bus l\u00e9g\u00e8re qui peut \u00e9galement \u00eatre utilis\u00e9e comme auvent (VW-T-5\/6)<br \/>\nLa tente n\u2018a qu\u2018un seul arceau et est donc tr\u00e8s rapide et facile \u00e0 installer. Les panneaux lat\u00e9raux et la paroi avant peuvent \u00eatre enti\u00e8rement zipp\u00e9s, cr\u00e9ant un auvent pratique. Les fen\u00eatres claires sont \u00e9quip\u00e9es d\u2018un couvercle. L\u2018auvent fixe vous prot\u00e8ge de la pluie lorsque vous entrez dans la tente et vous offre \u00e9galement de l\u2019ombre suppl\u00e9mentaire. La tente Pisa est id\u00e9ale pour une utilisation le week-end et courtes pauses. La fixation au bus est tr\u00e8s rapide avec la barre de toit et les pinces fournies, avec du Velcro sur le rail de toit ou avec le bourrelet de 7 mm dans le multi rail. Hauteur de connexion : 190-210 cm. Inclus&nbsp;: piquets, cordes et sac de transport robuste.<br \/>\nDimensions : 270 x 200 cm<br \/>\nTissu ext\u00e9rieur : 185T 100% polyester,<br \/>\ncolonne d\u2018eau 3000 mm, coutures \u00e9tanches.<br \/>\nArmature : barre de toit et poteau d\u2019auvent en fibre de verre \u00d8 12,7<\/p>\n","protected":false},"excerpt":{"rendered":"<p>La tente Pisa est une tente de bus l\u00e9g\u00e8re qui peut \u00e9galement \u00eatre utilis\u00e9e comme auvent (VW-T-5\/6) La tente n\u2018a qu\u2018un seul arceau et est donc tr\u00e8s rapide et facile \u00e0 installer. Les panneaux lat\u00e9raux et la paroi avant peuvent \u00eatre enti\u00e8rement zipp\u00e9s, cr\u00e9ant un auvent pratique. Les fen\u00eatres claires sont \u00e9quip\u00e9es d\u2018un couvercle. L\u2018auvent [&hellip;]<\/p>\n","protected":false},"featured_media":136045,"template":"","meta":{"_acf_changed":false},"product_featured_cat":[94,5297],"product_brand":[3074],"product_cat":[4247],"product_tag":[],"class_list":{"0":"post-136049","1":"product","2":"type-product","3":"status-publish","4":"has-post-thumbnail","6":"product_featured_cat-promotions-etagnieres","7":"product_featured_cat-sonderangebote-hindelbank-fr","8":"product_brand-eurotrail","9":"product_cat-auvents","11":"first","12":"instock","13":"sale","14":"taxable","15":"shipping-taxable","16":"purchasable","17":"product-type-simple"},"acf":[],"yoast_head":"<!-- This site is optimized with the Yoast SEO plugin v27.4 - https:\/\/yoast.com\/product\/yoast-seo-wordpress\/ -->\n<title>Tente et auvent Pisa - Bantam Wankm\u00fcller SA<\/title>\n<meta name=\"robots\" content=\"index, follow, max-snippet:-1, max-image-preview:large, max-video-preview:-1\" \/>\n<link rel=\"canonical\" href=\"https:\/\/shop.bantam.ch\/fr\/produit\/tente-et-auvent-pisa\/\" \/>\n<meta property=\"og:locale\" content=\"fr_FR\" \/>\n<meta property=\"og:type\" content=\"article\" \/>\n<meta property=\"og:title\" content=\"Tente et auvent Pisa - Bantam Wankm\u00fcller SA\" \/>\n<meta property=\"og:description\" content=\"La tente Pisa est une tente de bus l\u00e9g\u00e8re qui peut \u00e9galement \u00eatre utilis\u00e9e comme auvent (VW-T-5\/6) La tente n\u2018a qu\u2018un seul arceau et est donc tr\u00e8s rapide et facile \u00e0 installer. Les panneaux lat\u00e9raux et la paroi avant peuvent \u00eatre enti\u00e8rement zipp\u00e9s, cr\u00e9ant un auvent pratique. Les fen\u00eatres claires sont \u00e9quip\u00e9es d\u2018un couvercle. L\u2018auvent [&hellip;]\" \/>\n<meta property=\"og:url\" content=\"https:\/\/shop.bantam.ch\/fr\/produit\/tente-et-auvent-pisa\/\" \/>\n<meta property=\"og:site_name\" content=\"Bantam Wankm\u00fcller SA\" \/>\n<meta property=\"article:modified_time\" content=\"2026-04-18T19:59:19+00:00\" \/>\n<meta property=\"og:image\" content=\"https:\/\/shop.bantam.ch\/wp-content\/uploads\/2023\/03\/76621012-VW-T-56-Pisa-ETCT0156_0401_5.jpg\" \/>\n\t<meta property=\"og:image:width\" content=\"1024\" \/>\n\t<meta property=\"og:image:height\" content=\"636\" \/>\n\t<meta property=\"og:image:type\" content=\"image\/jpeg\" \/>\n<meta name=\"twitter:card\" content=\"summary_large_image\" \/>\n<meta name=\"twitter:label1\" content=\"Dur\u00e9e de lecture estim\u00e9e\" \/>\n\t<meta name=\"twitter:data1\" content=\"1 minute\" \/>\n<script type=\"application\/ld+json\" class=\"yoast-schema-graph\">{\"@context\":\"https:\\\/\\\/schema.org\",\"@graph\":[{\"@type\":\"WebPage\",\"@id\":\"https:\\\/\\\/shop.bantam.ch\\\/fr\\\/produit\\\/tente-et-auvent-pisa\\\/\",\"url\":\"https:\\\/\\\/shop.bantam.ch\\\/fr\\\/produit\\\/tente-et-auvent-pisa\\\/\",\"name\":\"Tente et auvent Pisa - Bantam Wankm\u00fcller SA\",\"isPartOf\":{\"@id\":\"https:\\\/\\\/shop.bantam.ch\\\/fr\\\/#website\"},\"primaryImageOfPage\":{\"@id\":\"https:\\\/\\\/shop.bantam.ch\\\/fr\\\/produit\\\/tente-et-auvent-pisa\\\/#primaryimage\"},\"image\":{\"@id\":\"https:\\\/\\\/shop.bantam.ch\\\/fr\\\/produit\\\/tente-et-auvent-pisa\\\/#primaryimage\"},\"thumbnailUrl\":\"https:\\\/\\\/shop.bantam.ch\\\/wp-content\\\/uploads\\\/2023\\\/03\\\/76621012-VW-T-56-Pisa-ETCT0156_0401_5.jpg\",\"datePublished\":\"2023-03-01T17:44:56+00:00\",\"dateModified\":\"2026-04-18T19:59:19+00:00\",\"breadcrumb\":{\"@id\":\"https:\\\/\\\/shop.bantam.ch\\\/fr\\\/produit\\\/tente-et-auvent-pisa\\\/#breadcrumb\"},\"inLanguage\":\"fr-FR\",\"potentialAction\":[{\"@type\":\"ReadAction\",\"target\":[\"https:\\\/\\\/shop.bantam.ch\\\/fr\\\/produit\\\/tente-et-auvent-pisa\\\/\"]}]},{\"@type\":\"ImageObject\",\"inLanguage\":\"fr-FR\",\"@id\":\"https:\\\/\\\/shop.bantam.ch\\\/fr\\\/produit\\\/tente-et-auvent-pisa\\\/#primaryimage\",\"url\":\"https:\\\/\\\/shop.bantam.ch\\\/wp-content\\\/uploads\\\/2023\\\/03\\\/76621012-VW-T-56-Pisa-ETCT0156_0401_5.jpg\",\"contentUrl\":\"https:\\\/\\\/shop.bantam.ch\\\/wp-content\\\/uploads\\\/2023\\\/03\\\/76621012-VW-T-56-Pisa-ETCT0156_0401_5.jpg\",\"width\":1772,\"height\":1100},{\"@type\":\"BreadcrumbList\",\"@id\":\"https:\\\/\\\/shop.bantam.ch\\\/fr\\\/produit\\\/tente-et-auvent-pisa\\\/#breadcrumb\",\"itemListElement\":[{\"@type\":\"ListItem\",\"position\":1,\"name\":\"Accueil\",\"item\":\"https:\\\/\\\/shop.bantam.ch\\\/fr\\\/\"},{\"@type\":\"ListItem\",\"position\":2,\"name\":\"Boutique\",\"item\":\"https:\\\/\\\/shop.bantam.ch\\\/fr\\\/boutique\\\/\"},{\"@type\":\"ListItem\",\"position\":3,\"name\":\"Tente et auvent Pisa\"}]},{\"@type\":\"WebSite\",\"@id\":\"https:\\\/\\\/shop.bantam.ch\\\/fr\\\/#website\",\"url\":\"https:\\\/\\\/shop.bantam.ch\\\/fr\\\/\",\"name\":\"Bantam Wankm\u00fcller SA\",\"description\":\"\",\"publisher\":{\"@id\":\"https:\\\/\\\/shop.bantam.ch\\\/fr\\\/#organization\"},\"inLanguage\":\"fr-FR\"},{\"@type\":\"Organization\",\"@id\":\"https:\\\/\\\/shop.bantam.ch\\\/fr\\\/#organization\",\"name\":\"Bantam Wankm\u00fcller SA\",\"url\":\"https:\\\/\\\/shop.bantam.ch\\\/fr\\\/\",\"logo\":{\"@type\":\"ImageObject\",\"inLanguage\":\"fr-FR\",\"@id\":\"https:\\\/\\\/shop.bantam.ch\\\/fr\\\/#\\\/schema\\\/logo\\\/image\\\/\",\"url\":\"https:\\\/\\\/shop.bantam.ch\\\/wp-content\\\/uploads\\\/2022\\\/12\\\/bantam-logo.png\",\"contentUrl\":\"https:\\\/\\\/shop.bantam.ch\\\/wp-content\\\/uploads\\\/2022\\\/12\\\/bantam-logo.png\",\"width\":320,\"height\":71,\"caption\":\"Bantam Wankm\u00fcller SA\"},\"image\":{\"@id\":\"https:\\\/\\\/shop.bantam.ch\\\/fr\\\/#\\\/schema\\\/logo\\\/image\\\/\"}}]}<\/script>\n<!-- \/ Yoast SEO plugin. -->","yoast_head_json":{"title":"Tente et auvent Pisa - Bantam Wankm\u00fcller SA","robots":{"index":"index","follow":"follow","max-snippet":"max-snippet:-1","max-image-preview":"max-image-preview:large","max-video-preview":"max-video-preview:-1"},"canonical":"https:\/\/shop.bantam.ch\/fr\/produit\/tente-et-auvent-pisa\/","og_locale":"fr_FR","og_type":"article","og_title":"Tente et auvent Pisa - Bantam Wankm\u00fcller SA","og_description":"La tente Pisa est une tente de bus l\u00e9g\u00e8re qui peut \u00e9galement \u00eatre utilis\u00e9e comme auvent (VW-T-5\/6) La tente n\u2018a qu\u2018un seul arceau et est donc tr\u00e8s rapide et facile \u00e0 installer. Les panneaux lat\u00e9raux et la paroi avant peuvent \u00eatre enti\u00e8rement zipp\u00e9s, cr\u00e9ant un auvent pratique. Les fen\u00eatres claires sont \u00e9quip\u00e9es d\u2018un couvercle. L\u2018auvent [&hellip;]","og_url":"https:\/\/shop.bantam.ch\/fr\/produit\/tente-et-auvent-pisa\/","og_site_name":"Bantam Wankm\u00fcller SA","article_modified_time":"2026-04-18T19:59:19+00:00","og_image":[{"url":"https:\/\/shop.bantam.ch\/wp-content\/uploads\/2023\/03\/76621012-VW-T-56-Pisa-ETCT0156_0401_5.jpg","width":1024,"height":636,"type":"image\/jpeg"}],"twitter_card":"summary_large_image","twitter_misc":{"Dur\u00e9e de lecture estim\u00e9e":"1 minute"},"schema":{"@context":"https:\/\/schema.org","@graph":[{"@type":"WebPage","@id":"https:\/\/shop.bantam.ch\/fr\/produit\/tente-et-auvent-pisa\/","url":"https:\/\/shop.bantam.ch\/fr\/produit\/tente-et-auvent-pisa\/","name":"Tente et auvent Pisa - Bantam Wankm\u00fcller SA","isPartOf":{"@id":"https:\/\/shop.bantam.ch\/fr\/#website"},"primaryImageOfPage":{"@id":"https:\/\/shop.bantam.ch\/fr\/produit\/tente-et-auvent-pisa\/#primaryimage"},"image":{"@id":"https:\/\/shop.bantam.ch\/fr\/produit\/tente-et-auvent-pisa\/#primaryimage"},"thumbnailUrl":"https:\/\/shop.bantam.ch\/wp-content\/uploads\/2023\/03\/76621012-VW-T-56-Pisa-ETCT0156_0401_5.jpg","datePublished":"2023-03-01T17:44:56+00:00","dateModified":"2026-04-18T19:59:19+00:00","breadcrumb":{"@id":"https:\/\/shop.bantam.ch\/fr\/produit\/tente-et-auvent-pisa\/#breadcrumb"},"inLanguage":"fr-FR","potentialAction":[{"@type":"ReadAction","target":["https:\/\/shop.bantam.ch\/fr\/produit\/tente-et-auvent-pisa\/"]}]},{"@type":"ImageObject","inLanguage":"fr-FR","@id":"https:\/\/shop.bantam.ch\/fr\/produit\/tente-et-auvent-pisa\/#primaryimage","url":"https:\/\/shop.bantam.ch\/wp-content\/uploads\/2023\/03\/76621012-VW-T-56-Pisa-ETCT0156_0401_5.jpg","contentUrl":"https:\/\/shop.bantam.ch\/wp-content\/uploads\/2023\/03\/76621012-VW-T-56-Pisa-ETCT0156_0401_5.jpg","width":1772,"height":1100},{"@type":"BreadcrumbList","@id":"https:\/\/shop.bantam.ch\/fr\/produit\/tente-et-auvent-pisa\/#breadcrumb","itemListElement":[{"@type":"ListItem","position":1,"name":"Accueil","item":"https:\/\/shop.bantam.ch\/fr\/"},{"@type":"ListItem","position":2,"name":"Boutique","item":"https:\/\/shop.bantam.ch\/fr\/boutique\/"},{"@type":"ListItem","position":3,"name":"Tente et auvent Pisa"}]},{"@type":"WebSite","@id":"https:\/\/shop.bantam.ch\/fr\/#website","url":"https:\/\/shop.bantam.ch\/fr\/","name":"Bantam Wankm\u00fcller SA","description":"","publisher":{"@id":"https:\/\/shop.bantam.ch\/fr\/#organization"},"inLanguage":"fr-FR"},{"@type":"Organization","@id":"https:\/\/shop.bantam.ch\/fr\/#organization","name":"Bantam Wankm\u00fcller SA","url":"https:\/\/shop.bantam.ch\/fr\/","logo":{"@type":"ImageObject","inLanguage":"fr-FR","@id":"https:\/\/shop.bantam.ch\/fr\/#\/schema\/logo\/image\/","url":"https:\/\/shop.bantam.ch\/wp-content\/uploads\/2022\/12\/bantam-logo.png","contentUrl":"https:\/\/shop.bantam.ch\/wp-content\/uploads\/2022\/12\/bantam-logo.png","width":320,"height":71,"caption":"Bantam Wankm\u00fcller SA"},"image":{"@id":"https:\/\/shop.bantam.ch\/fr\/#\/schema\/logo\/image\/"}}]}},"_links":{"self":[{"href":"https:\/\/shop.bantam.ch\/fr\/wp-json\/wp\/v2\/product\/136049","targetHints":{"allow":["GET"]}}],"collection":[{"href":"https:\/\/shop.bantam.ch\/fr\/wp-json\/wp\/v2\/product"}],"about":[{"href":"https:\/\/shop.bantam.ch\/fr\/wp-json\/wp\/v2\/types\/product"}],"wp:featuredmedia":[{"embeddable":true,"href":"https:\/\/shop.bantam.ch\/fr\/wp-json\/wp\/v2\/media\/136045"}],"wp:attachment":[{"href":"https:\/\/shop.bantam.ch\/fr\/wp-json\/wp\/v2\/media?parent=136049"}],"wp:term":[{"taxonomy":"product_featured_cat","embeddable":true,"href":"https:\/\/shop.bantam.ch\/fr\/wp-json\/wp\/v2\/product_featured_cat?post=136049"},{"taxonomy":"product_brand","embeddable":true,"href":"https:\/\/shop.bantam.ch\/fr\/wp-json\/wp\/v2\/product_brand?post=136049"},{"taxonomy":"product_cat","embeddable":true,"href":"https:\/\/shop.bantam.ch\/fr\/wp-json\/wp\/v2\/product_cat?post=136049"},{"taxonomy":"product_tag","embeddable":true,"href":"https:\/\/shop.bantam.ch\/fr\/wp-json\/wp\/v2\/product_tag?post=136049"}],"curies":[{"name":"wp","href":"https:\/\/api.w.org\/{rel}","templated":true}]}}