{"id":135993,"date":"2023-03-01T18:44:07","date_gmt":"2023-03-01T17:44:07","guid":{"rendered":"https:\/\/shop.bantam.ch\/produit\/meuble-de-camping-nova-save-avec-table-alu\/"},"modified":"2026-04-17T21:57:54","modified_gmt":"2026-04-17T19:57:54","slug":"meuble-de-camping-nova-save-avec-table-alu","status":"publish","type":"product","link":"https:\/\/shop.bantam.ch\/fr\/produit\/meuble-de-camping-nova-save-avec-table-alu\/","title":{"rendered":"Meuble de camping Nova Save avec table alu."},"content":{"rendered":"<p class=\"MsoNormal\">Table de cuisson pliable avec plateau en aluminium et pare-brise. Grand compartiment avec 3 \u00e9tag\u00e8res. Le Sava est en polyester et les \u00e9tag\u00e8res \u00e0 3 \u00e9tages sont en bambou et, avec le dessus et le pare-brise noirs, offrent un look luxueux. La face arri\u00e8re a une partie en mesh pour la ventilation. Le cadre en aluminium est r\u00e9glable et est livr\u00e9 avec un pare-brise et un sac de rangement.<\/p>\n<p class=\"MsoNormal\"><\/p>\n<p class=\"MsoNormal\">Dimensions : 70x52x85\/109cm<\/p>\n<p class=\"MsoNormal\">Pli\u00e9 : 76x50x10cm<\/p>\n<p class=\"MsoNormal\">Mat\u00e9riel: 100% Polyester \/ Bambou<\/p>\n<p class=\"MsoNormal\">Cadre : aluminium<\/p>\n<p class=\"MsoNormal\">Feuille sup\u00e9rieure : Rouleau\/feuille d&rsquo;aluminium<\/p>\n<p class=\"MsoNormal\">Pare-brise : t\u00f4le d&rsquo;acier<\/p>\n<p class=\"MsoNormal\">Charge maxi : 25kg.<\/p>\n<p class=\"MsoNormal\">Poids : 8,4 kg.<\/p>\n<p class=\"MsoNormal\"><font color=\"#2f5496\"><\/font><\/p>\n","protected":false},"excerpt":{"rendered":"<p>Table de cuisson pliable avec plateau en aluminium et pare-brise. Grand compartiment avec 3 \u00e9tag\u00e8res. Le Sava est en polyester et les \u00e9tag\u00e8res \u00e0 3 \u00e9tages sont en bambou et, avec le dessus et le pare-brise noirs, offrent un look luxueux. La face arri\u00e8re a une partie en mesh pour la ventilation. Le cadre en [&hellip;]<\/p>\n","protected":false},"featured_media":135979,"template":"","meta":{"_acf_changed":false},"product_featured_cat":[],"product_brand":[3074],"product_cat":[4737],"product_tag":[],"class_list":{"0":"post-135993","1":"product","2":"type-product","3":"status-publish","4":"has-post-thumbnail","6":"product_brand-eurotrail","7":"product_cat-fabrication-de-meubles","9":"first","10":"instock","11":"taxable","12":"shipping-taxable","13":"purchasable","14":"product-type-simple"},"acf":[],"yoast_head":"<!-- This site is optimized with the Yoast SEO plugin v27.4 - https:\/\/yoast.com\/product\/yoast-seo-wordpress\/ -->\n<title>Meuble de camping Nova Save avec table alu. - Bantam Wankm\u00fcller SA<\/title>\n<meta name=\"robots\" content=\"index, follow, max-snippet:-1, max-image-preview:large, max-video-preview:-1\" \/>\n<link rel=\"canonical\" href=\"https:\/\/shop.bantam.ch\/fr\/produit\/meuble-de-camping-nova-save-avec-table-alu\/\" \/>\n<meta property=\"og:locale\" content=\"fr_FR\" \/>\n<meta property=\"og:type\" content=\"article\" \/>\n<meta property=\"og:title\" content=\"Meuble de camping Nova Save avec table alu. - Bantam Wankm\u00fcller SA\" \/>\n<meta property=\"og:description\" content=\"Table de cuisson pliable avec plateau en aluminium et pare-brise. Grand compartiment avec 3 \u00e9tag\u00e8res. Le Sava est en polyester et les \u00e9tag\u00e8res \u00e0 3 \u00e9tages sont en bambou et, avec le dessus et le pare-brise noirs, offrent un look luxueux. La face arri\u00e8re a une partie en mesh pour la ventilation. Le cadre en [&hellip;]\" \/>\n<meta property=\"og:url\" content=\"https:\/\/shop.bantam.ch\/fr\/produit\/meuble-de-camping-nova-save-avec-table-alu\/\" \/>\n<meta property=\"og:site_name\" content=\"Bantam Wankm\u00fcller SA\" \/>\n<meta property=\"article:modified_time\" content=\"2026-04-17T19:57:54+00:00\" \/>\n<meta property=\"og:image\" content=\"https:\/\/shop.bantam.ch\/wp-content\/uploads\/2023\/03\/76622003-ETCF2031-Nova-Sava-2-scaled.jpg\" \/>\n\t<meta property=\"og:image:width\" content=\"1607\" \/>\n\t<meta property=\"og:image:height\" content=\"2177\" \/>\n\t<meta property=\"og:image:type\" content=\"image\/jpeg\" \/>\n<meta name=\"twitter:card\" content=\"summary_large_image\" \/>\n<script type=\"application\/ld+json\" class=\"yoast-schema-graph\">{\"@context\":\"https:\\\/\\\/schema.org\",\"@graph\":[{\"@type\":\"WebPage\",\"@id\":\"https:\\\/\\\/shop.bantam.ch\\\/fr\\\/produit\\\/meuble-de-camping-nova-save-avec-table-alu\\\/\",\"url\":\"https:\\\/\\\/shop.bantam.ch\\\/fr\\\/produit\\\/meuble-de-camping-nova-save-avec-table-alu\\\/\",\"name\":\"Meuble de camping Nova Save avec table alu. - Bantam Wankm\u00fcller SA\",\"isPartOf\":{\"@id\":\"https:\\\/\\\/shop.bantam.ch\\\/fr\\\/#website\"},\"primaryImageOfPage\":{\"@id\":\"https:\\\/\\\/shop.bantam.ch\\\/fr\\\/produit\\\/meuble-de-camping-nova-save-avec-table-alu\\\/#primaryimage\"},\"image\":{\"@id\":\"https:\\\/\\\/shop.bantam.ch\\\/fr\\\/produit\\\/meuble-de-camping-nova-save-avec-table-alu\\\/#primaryimage\"},\"thumbnailUrl\":\"https:\\\/\\\/shop.bantam.ch\\\/wp-content\\\/uploads\\\/2023\\\/03\\\/76622003-ETCF2031-Nova-Sava-2-scaled.jpg\",\"datePublished\":\"2023-03-01T17:44:07+00:00\",\"dateModified\":\"2026-04-17T19:57:54+00:00\",\"breadcrumb\":{\"@id\":\"https:\\\/\\\/shop.bantam.ch\\\/fr\\\/produit\\\/meuble-de-camping-nova-save-avec-table-alu\\\/#breadcrumb\"},\"inLanguage\":\"fr-FR\",\"potentialAction\":[{\"@type\":\"ReadAction\",\"target\":[\"https:\\\/\\\/shop.bantam.ch\\\/fr\\\/produit\\\/meuble-de-camping-nova-save-avec-table-alu\\\/\"]}]},{\"@type\":\"ImageObject\",\"inLanguage\":\"fr-FR\",\"@id\":\"https:\\\/\\\/shop.bantam.ch\\\/fr\\\/produit\\\/meuble-de-camping-nova-save-avec-table-alu\\\/#primaryimage\",\"url\":\"https:\\\/\\\/shop.bantam.ch\\\/wp-content\\\/uploads\\\/2023\\\/03\\\/76622003-ETCF2031-Nova-Sava-2-scaled.jpg\",\"contentUrl\":\"https:\\\/\\\/shop.bantam.ch\\\/wp-content\\\/uploads\\\/2023\\\/03\\\/76622003-ETCF2031-Nova-Sava-2-scaled.jpg\",\"width\":1512,\"height\":2048},{\"@type\":\"BreadcrumbList\",\"@id\":\"https:\\\/\\\/shop.bantam.ch\\\/fr\\\/produit\\\/meuble-de-camping-nova-save-avec-table-alu\\\/#breadcrumb\",\"itemListElement\":[{\"@type\":\"ListItem\",\"position\":1,\"name\":\"Accueil\",\"item\":\"https:\\\/\\\/shop.bantam.ch\\\/fr\\\/\"},{\"@type\":\"ListItem\",\"position\":2,\"name\":\"Boutique\",\"item\":\"https:\\\/\\\/shop.bantam.ch\\\/fr\\\/boutique\\\/\"},{\"@type\":\"ListItem\",\"position\":3,\"name\":\"Meuble de camping Nova Save avec table alu.\"}]},{\"@type\":\"WebSite\",\"@id\":\"https:\\\/\\\/shop.bantam.ch\\\/fr\\\/#website\",\"url\":\"https:\\\/\\\/shop.bantam.ch\\\/fr\\\/\",\"name\":\"Bantam Wankm\u00fcller SA\",\"description\":\"\",\"publisher\":{\"@id\":\"https:\\\/\\\/shop.bantam.ch\\\/fr\\\/#organization\"},\"inLanguage\":\"fr-FR\"},{\"@type\":\"Organization\",\"@id\":\"https:\\\/\\\/shop.bantam.ch\\\/fr\\\/#organization\",\"name\":\"Bantam Wankm\u00fcller SA\",\"url\":\"https:\\\/\\\/shop.bantam.ch\\\/fr\\\/\",\"logo\":{\"@type\":\"ImageObject\",\"inLanguage\":\"fr-FR\",\"@id\":\"https:\\\/\\\/shop.bantam.ch\\\/fr\\\/#\\\/schema\\\/logo\\\/image\\\/\",\"url\":\"https:\\\/\\\/shop.bantam.ch\\\/wp-content\\\/uploads\\\/2022\\\/12\\\/bantam-logo.png\",\"contentUrl\":\"https:\\\/\\\/shop.bantam.ch\\\/wp-content\\\/uploads\\\/2022\\\/12\\\/bantam-logo.png\",\"width\":320,\"height\":71,\"caption\":\"Bantam Wankm\u00fcller SA\"},\"image\":{\"@id\":\"https:\\\/\\\/shop.bantam.ch\\\/fr\\\/#\\\/schema\\\/logo\\\/image\\\/\"}}]}<\/script>\n<!-- \/ Yoast SEO plugin. -->","yoast_head_json":{"title":"Meuble de camping Nova Save avec table alu. - Bantam Wankm\u00fcller SA","robots":{"index":"index","follow":"follow","max-snippet":"max-snippet:-1","max-image-preview":"max-image-preview:large","max-video-preview":"max-video-preview:-1"},"canonical":"https:\/\/shop.bantam.ch\/fr\/produit\/meuble-de-camping-nova-save-avec-table-alu\/","og_locale":"fr_FR","og_type":"article","og_title":"Meuble de camping Nova Save avec table alu. - Bantam Wankm\u00fcller SA","og_description":"Table de cuisson pliable avec plateau en aluminium et pare-brise. Grand compartiment avec 3 \u00e9tag\u00e8res. Le Sava est en polyester et les \u00e9tag\u00e8res \u00e0 3 \u00e9tages sont en bambou et, avec le dessus et le pare-brise noirs, offrent un look luxueux. La face arri\u00e8re a une partie en mesh pour la ventilation. Le cadre en [&hellip;]","og_url":"https:\/\/shop.bantam.ch\/fr\/produit\/meuble-de-camping-nova-save-avec-table-alu\/","og_site_name":"Bantam Wankm\u00fcller SA","article_modified_time":"2026-04-17T19:57:54+00:00","og_image":[{"width":1607,"height":2177,"url":"https:\/\/shop.bantam.ch\/wp-content\/uploads\/2023\/03\/76622003-ETCF2031-Nova-Sava-2-scaled.jpg","type":"image\/jpeg"}],"twitter_card":"summary_large_image","schema":{"@context":"https:\/\/schema.org","@graph":[{"@type":"WebPage","@id":"https:\/\/shop.bantam.ch\/fr\/produit\/meuble-de-camping-nova-save-avec-table-alu\/","url":"https:\/\/shop.bantam.ch\/fr\/produit\/meuble-de-camping-nova-save-avec-table-alu\/","name":"Meuble de camping Nova Save avec table alu. - Bantam Wankm\u00fcller SA","isPartOf":{"@id":"https:\/\/shop.bantam.ch\/fr\/#website"},"primaryImageOfPage":{"@id":"https:\/\/shop.bantam.ch\/fr\/produit\/meuble-de-camping-nova-save-avec-table-alu\/#primaryimage"},"image":{"@id":"https:\/\/shop.bantam.ch\/fr\/produit\/meuble-de-camping-nova-save-avec-table-alu\/#primaryimage"},"thumbnailUrl":"https:\/\/shop.bantam.ch\/wp-content\/uploads\/2023\/03\/76622003-ETCF2031-Nova-Sava-2-scaled.jpg","datePublished":"2023-03-01T17:44:07+00:00","dateModified":"2026-04-17T19:57:54+00:00","breadcrumb":{"@id":"https:\/\/shop.bantam.ch\/fr\/produit\/meuble-de-camping-nova-save-avec-table-alu\/#breadcrumb"},"inLanguage":"fr-FR","potentialAction":[{"@type":"ReadAction","target":["https:\/\/shop.bantam.ch\/fr\/produit\/meuble-de-camping-nova-save-avec-table-alu\/"]}]},{"@type":"ImageObject","inLanguage":"fr-FR","@id":"https:\/\/shop.bantam.ch\/fr\/produit\/meuble-de-camping-nova-save-avec-table-alu\/#primaryimage","url":"https:\/\/shop.bantam.ch\/wp-content\/uploads\/2023\/03\/76622003-ETCF2031-Nova-Sava-2-scaled.jpg","contentUrl":"https:\/\/shop.bantam.ch\/wp-content\/uploads\/2023\/03\/76622003-ETCF2031-Nova-Sava-2-scaled.jpg","width":1512,"height":2048},{"@type":"BreadcrumbList","@id":"https:\/\/shop.bantam.ch\/fr\/produit\/meuble-de-camping-nova-save-avec-table-alu\/#breadcrumb","itemListElement":[{"@type":"ListItem","position":1,"name":"Accueil","item":"https:\/\/shop.bantam.ch\/fr\/"},{"@type":"ListItem","position":2,"name":"Boutique","item":"https:\/\/shop.bantam.ch\/fr\/boutique\/"},{"@type":"ListItem","position":3,"name":"Meuble de camping Nova Save avec table alu."}]},{"@type":"WebSite","@id":"https:\/\/shop.bantam.ch\/fr\/#website","url":"https:\/\/shop.bantam.ch\/fr\/","name":"Bantam Wankm\u00fcller SA","description":"","publisher":{"@id":"https:\/\/shop.bantam.ch\/fr\/#organization"},"inLanguage":"fr-FR"},{"@type":"Organization","@id":"https:\/\/shop.bantam.ch\/fr\/#organization","name":"Bantam Wankm\u00fcller SA","url":"https:\/\/shop.bantam.ch\/fr\/","logo":{"@type":"ImageObject","inLanguage":"fr-FR","@id":"https:\/\/shop.bantam.ch\/fr\/#\/schema\/logo\/image\/","url":"https:\/\/shop.bantam.ch\/wp-content\/uploads\/2022\/12\/bantam-logo.png","contentUrl":"https:\/\/shop.bantam.ch\/wp-content\/uploads\/2022\/12\/bantam-logo.png","width":320,"height":71,"caption":"Bantam Wankm\u00fcller SA"},"image":{"@id":"https:\/\/shop.bantam.ch\/fr\/#\/schema\/logo\/image\/"}}]}},"_links":{"self":[{"href":"https:\/\/shop.bantam.ch\/fr\/wp-json\/wp\/v2\/product\/135993","targetHints":{"allow":["GET"]}}],"collection":[{"href":"https:\/\/shop.bantam.ch\/fr\/wp-json\/wp\/v2\/product"}],"about":[{"href":"https:\/\/shop.bantam.ch\/fr\/wp-json\/wp\/v2\/types\/product"}],"wp:featuredmedia":[{"embeddable":true,"href":"https:\/\/shop.bantam.ch\/fr\/wp-json\/wp\/v2\/media\/135979"}],"wp:attachment":[{"href":"https:\/\/shop.bantam.ch\/fr\/wp-json\/wp\/v2\/media?parent=135993"}],"wp:term":[{"taxonomy":"product_featured_cat","embeddable":true,"href":"https:\/\/shop.bantam.ch\/fr\/wp-json\/wp\/v2\/product_featured_cat?post=135993"},{"taxonomy":"product_brand","embeddable":true,"href":"https:\/\/shop.bantam.ch\/fr\/wp-json\/wp\/v2\/product_brand?post=135993"},{"taxonomy":"product_cat","embeddable":true,"href":"https:\/\/shop.bantam.ch\/fr\/wp-json\/wp\/v2\/product_cat?post=135993"},{"taxonomy":"product_tag","embeddable":true,"href":"https:\/\/shop.bantam.ch\/fr\/wp-json\/wp\/v2\/product_tag?post=135993"}],"curies":[{"name":"wp","href":"https:\/\/api.w.org\/{rel}","templated":true}]}}