{"id":135849,"date":"2023-03-01T18:41:52","date_gmt":"2023-03-01T17:41:52","guid":{"rendered":"https:\/\/shop.bantam.ch\/produit\/panneaux-solaires-full-black-200-watts-regulateur-15a\/"},"modified":"2026-04-21T21:58:51","modified_gmt":"2026-04-21T19:58:51","slug":"panneaux-solaires-full-black-200-watts-regulateur-15a","status":"publish","type":"product","link":"https:\/\/shop.bantam.ch\/fr\/produit\/panneaux-solaires-full-black-200-watts-regulateur-15a\/","title":{"rendered":"Panneaux solaires Full-Black 200 Watts + r\u00e9gulateur 15A"},"content":{"rendered":"<p data-start=\"0\" data-end=\"454\">Une gamme de panneaux solaires ultra-modernes b\u00e9n\u00e9ficiant de cellules PERC haute efficacit\u00e9 FULL BLACK (\u00e9metteur passiv\u00e9 et contact arri\u00e8re). La g\u00e9n\u00e9ration d\u2019\u00e9lectricit\u00e9 ne se fait plus uniquement \u00e0 la surface de la cellule, mais \u00e9galement en profondeur. Les cellules PERC sont plus sensibles \u00e0 la lumi\u00e8re, ce qui permet d\u2019augmenter le temps de charge : vous commencez ainsi \u00e0 recharger vos batteries plus t\u00f4t le matin et continuez plus tard en soir\u00e9e.<\/p>\n<p data-start=\"456\" data-end=\"736\">\u00c0 dimensions \u00e9gales, votre panneau PERC FULL BLACK est donc plus performant, avec un rendement sup\u00e9rieur. Il est dot\u00e9 d\u2019un cadre noir anodis\u00e9 et d\u2019un profil de fixation sp\u00e9cialement adapt\u00e9 aux v\u00e9hicules de loisirs. Livr\u00e9 pr\u00e9mont\u00e9 et pr\u00e9-c\u00e2bl\u00e9 (5 m) avec passage de toit \u00e9tanche.\u00a0<\/p>\n<p data-start=\"456\" data-end=\"736\">Caract\u00e9ristiques techniques :<\/p>\n<ul data-start=\"774\" data-end=\"1256\">\n<li data-start=\"774\" data-end=\"799\"><span data-start=\"776\" data-end=\"789\">Puissance<\/span> : 200 W<\/li>\n<li data-start=\"800\" data-end=\"845\"><span data-start=\"802\" data-end=\"834\">Tension \u00e0 puissance maximale<\/span> : 23,6 V<\/li>\n<li data-start=\"846\" data-end=\"891\"><span data-start=\"848\" data-end=\"880\">Courant \u00e0 puissance maximale<\/span> : 9,99 A<\/li>\n<li data-start=\"892\" data-end=\"934\"><span data-start=\"894\" data-end=\"923\">Tension en circuit ouvert<\/span> : 19,8 V<\/li>\n<li data-start=\"935\" data-end=\"976\"><span data-start=\"937\" data-end=\"965\">Courant de court-circuit<\/span> : 9,35 A<\/li>\n<li data-start=\"977\" data-end=\"1009\"><span data-start=\"979\" data-end=\"999\">Section du c\u00e2ble<\/span> : 4 mm\u00b2<\/li>\n<li data-start=\"1010\" data-end=\"1041\"><span data-start=\"1012\" data-end=\"1033\">Longueur du c\u00e2ble<\/span> : 5 m<\/li>\n<li data-start=\"1042\" data-end=\"1078\"><span data-start=\"1044\" data-end=\"1070\">Passage de toit inclus<\/span> : Oui<\/li>\n<li data-start=\"1079\" data-end=\"1124\"><span data-start=\"1081\" data-end=\"1108\">Dimensions des cellules<\/span> : 210 x 30 mm<\/li>\n<li data-start=\"1125\" data-end=\"1186\"><span data-start=\"1127\" data-end=\"1161\">Dimensions totales (L x H x P)<\/span> : 1088 x 880 x 44,5 mm<\/li>\n<li data-start=\"1187\" data-end=\"1228\"><span data-start=\"1189\" data-end=\"1219\">Norme bo\u00eetier de connexion<\/span> : IP65<\/li>\n<li data-start=\"1229\" data-end=\"1256\"><span data-start=\"1231\" data-end=\"1244\">Poids net<\/span> : 11,5 kg\u00a0<\/li>\n<\/ul>\n<p><span>Contenu du pack :<\/span><\/p>\n<ul data-start=\"1282\" data-end=\"1390\" data-is-last-node=\"\" data-is-only-node=\"\">\n<li data-start=\"1282\" data-end=\"1322\">1 x Panneau solaire Full Black 200 W<\/li>\n<li data-start=\"1323\" data-end=\"1353\">2 x C\u00e2bles doubles anti-UV<\/li>\n<li data-start=\"1354\" data-end=\"1390\" data-is-last-node=\"\">1 x Passage de toit \u00e9tanche et fin<\/li>\n<\/ul>\n","protected":false},"excerpt":{"rendered":"<p>Une gamme de panneaux solaires ultra-modernes b\u00e9n\u00e9ficiant de cellules PERC haute efficacit\u00e9 FULL BLACK (\u00e9metteur passiv\u00e9 et contact arri\u00e8re). La g\u00e9n\u00e9ration d\u2019\u00e9lectricit\u00e9 ne se fait plus uniquement \u00e0 la surface de la cellule, mais \u00e9galement en profondeur. Les cellules PERC sont plus sensibles \u00e0 la lumi\u00e8re, ce qui permet d\u2019augmenter le temps de charge : [&hellip;]<\/p>\n","protected":false},"featured_media":135845,"template":"","meta":{"_acf_changed":false},"product_featured_cat":[],"product_brand":[3676],"product_cat":[4879],"product_tag":[],"class_list":{"0":"post-135849","1":"product","2":"type-product","3":"status-publish","4":"has-post-thumbnail","6":"product_brand-eza","7":"product_cat-kits-solaires","9":"first","10":"instock","11":"taxable","12":"shipping-taxable","13":"purchasable","14":"product-type-simple"},"acf":[],"yoast_head":"<!-- This site is optimized with the Yoast SEO plugin v27.4 - https:\/\/yoast.com\/product\/yoast-seo-wordpress\/ -->\n<title>Panneaux solaires Full-Black 200 Watts + r\u00e9gulateur 15A - Bantam Wankm\u00fcller SA<\/title>\n<meta name=\"robots\" content=\"index, follow, max-snippet:-1, max-image-preview:large, max-video-preview:-1\" \/>\n<link rel=\"canonical\" href=\"https:\/\/shop.bantam.ch\/fr\/produit\/panneaux-solaires-full-black-200-watts-regulateur-15a\/\" \/>\n<meta property=\"og:locale\" content=\"fr_FR\" \/>\n<meta property=\"og:type\" content=\"article\" \/>\n<meta property=\"og:title\" content=\"Panneaux solaires Full-Black 200 Watts + r\u00e9gulateur 15A - Bantam Wankm\u00fcller SA\" \/>\n<meta property=\"og:description\" content=\"Une gamme de panneaux solaires ultra-modernes b\u00e9n\u00e9ficiant de cellules PERC haute efficacit\u00e9 FULL BLACK (\u00e9metteur passiv\u00e9 et contact arri\u00e8re). La g\u00e9n\u00e9ration d\u2019\u00e9lectricit\u00e9 ne se fait plus uniquement \u00e0 la surface de la cellule, mais \u00e9galement en profondeur. Les cellules PERC sont plus sensibles \u00e0 la lumi\u00e8re, ce qui permet d\u2019augmenter le temps de charge : [&hellip;]\" \/>\n<meta property=\"og:url\" content=\"https:\/\/shop.bantam.ch\/fr\/produit\/panneaux-solaires-full-black-200-watts-regulateur-15a\/\" \/>\n<meta property=\"og:site_name\" content=\"Bantam Wankm\u00fcller SA\" \/>\n<meta property=\"article:modified_time\" content=\"2026-04-21T19:58:51+00:00\" \/>\n<meta property=\"og:image\" content=\"https:\/\/shop.bantam.ch\/wp-content\/uploads\/2023\/03\/eza-solar-panneaux-solaires-perc-full-black-200-wa.jpg\" \/>\n\t<meta property=\"og:image:width\" content=\"550\" \/>\n\t<meta property=\"og:image:height\" content=\"550\" \/>\n\t<meta property=\"og:image:type\" content=\"image\/jpeg\" \/>\n<meta name=\"twitter:card\" content=\"summary_large_image\" \/>\n<meta name=\"twitter:label1\" content=\"Dur\u00e9e de lecture estim\u00e9e\" \/>\n\t<meta name=\"twitter:data1\" content=\"1 minute\" \/>\n<script type=\"application\/ld+json\" class=\"yoast-schema-graph\">{\"@context\":\"https:\\\/\\\/schema.org\",\"@graph\":[{\"@type\":\"WebPage\",\"@id\":\"https:\\\/\\\/shop.bantam.ch\\\/fr\\\/produit\\\/panneaux-solaires-full-black-200-watts-regulateur-15a\\\/\",\"url\":\"https:\\\/\\\/shop.bantam.ch\\\/fr\\\/produit\\\/panneaux-solaires-full-black-200-watts-regulateur-15a\\\/\",\"name\":\"Panneaux solaires Full-Black 200 Watts + r\u00e9gulateur 15A - Bantam Wankm\u00fcller SA\",\"isPartOf\":{\"@id\":\"https:\\\/\\\/shop.bantam.ch\\\/fr\\\/#website\"},\"primaryImageOfPage\":{\"@id\":\"https:\\\/\\\/shop.bantam.ch\\\/fr\\\/produit\\\/panneaux-solaires-full-black-200-watts-regulateur-15a\\\/#primaryimage\"},\"image\":{\"@id\":\"https:\\\/\\\/shop.bantam.ch\\\/fr\\\/produit\\\/panneaux-solaires-full-black-200-watts-regulateur-15a\\\/#primaryimage\"},\"thumbnailUrl\":\"https:\\\/\\\/shop.bantam.ch\\\/wp-content\\\/uploads\\\/2023\\\/03\\\/eza-solar-panneaux-solaires-perc-full-black-200-wa.jpg\",\"datePublished\":\"2023-03-01T17:41:52+00:00\",\"dateModified\":\"2026-04-21T19:58:51+00:00\",\"breadcrumb\":{\"@id\":\"https:\\\/\\\/shop.bantam.ch\\\/fr\\\/produit\\\/panneaux-solaires-full-black-200-watts-regulateur-15a\\\/#breadcrumb\"},\"inLanguage\":\"fr-FR\",\"potentialAction\":[{\"@type\":\"ReadAction\",\"target\":[\"https:\\\/\\\/shop.bantam.ch\\\/fr\\\/produit\\\/panneaux-solaires-full-black-200-watts-regulateur-15a\\\/\"]}]},{\"@type\":\"ImageObject\",\"inLanguage\":\"fr-FR\",\"@id\":\"https:\\\/\\\/shop.bantam.ch\\\/fr\\\/produit\\\/panneaux-solaires-full-black-200-watts-regulateur-15a\\\/#primaryimage\",\"url\":\"https:\\\/\\\/shop.bantam.ch\\\/wp-content\\\/uploads\\\/2023\\\/03\\\/eza-solar-panneaux-solaires-perc-full-black-200-wa.jpg\",\"contentUrl\":\"https:\\\/\\\/shop.bantam.ch\\\/wp-content\\\/uploads\\\/2023\\\/03\\\/eza-solar-panneaux-solaires-perc-full-black-200-wa.jpg\",\"width\":550,\"height\":550},{\"@type\":\"BreadcrumbList\",\"@id\":\"https:\\\/\\\/shop.bantam.ch\\\/fr\\\/produit\\\/panneaux-solaires-full-black-200-watts-regulateur-15a\\\/#breadcrumb\",\"itemListElement\":[{\"@type\":\"ListItem\",\"position\":1,\"name\":\"Accueil\",\"item\":\"https:\\\/\\\/shop.bantam.ch\\\/fr\\\/\"},{\"@type\":\"ListItem\",\"position\":2,\"name\":\"Boutique\",\"item\":\"https:\\\/\\\/shop.bantam.ch\\\/fr\\\/boutique\\\/\"},{\"@type\":\"ListItem\",\"position\":3,\"name\":\"Panneaux solaires Full-Black 200 Watts + r\u00e9gulateur 15A\"}]},{\"@type\":\"WebSite\",\"@id\":\"https:\\\/\\\/shop.bantam.ch\\\/fr\\\/#website\",\"url\":\"https:\\\/\\\/shop.bantam.ch\\\/fr\\\/\",\"name\":\"Bantam Wankm\u00fcller SA\",\"description\":\"\",\"publisher\":{\"@id\":\"https:\\\/\\\/shop.bantam.ch\\\/fr\\\/#organization\"},\"inLanguage\":\"fr-FR\"},{\"@type\":\"Organization\",\"@id\":\"https:\\\/\\\/shop.bantam.ch\\\/fr\\\/#organization\",\"name\":\"Bantam Wankm\u00fcller SA\",\"url\":\"https:\\\/\\\/shop.bantam.ch\\\/fr\\\/\",\"logo\":{\"@type\":\"ImageObject\",\"inLanguage\":\"fr-FR\",\"@id\":\"https:\\\/\\\/shop.bantam.ch\\\/fr\\\/#\\\/schema\\\/logo\\\/image\\\/\",\"url\":\"https:\\\/\\\/shop.bantam.ch\\\/wp-content\\\/uploads\\\/2022\\\/12\\\/bantam-logo.png\",\"contentUrl\":\"https:\\\/\\\/shop.bantam.ch\\\/wp-content\\\/uploads\\\/2022\\\/12\\\/bantam-logo.png\",\"width\":320,\"height\":71,\"caption\":\"Bantam Wankm\u00fcller SA\"},\"image\":{\"@id\":\"https:\\\/\\\/shop.bantam.ch\\\/fr\\\/#\\\/schema\\\/logo\\\/image\\\/\"}}]}<\/script>\n<!-- \/ Yoast SEO plugin. -->","yoast_head_json":{"title":"Panneaux solaires Full-Black 200 Watts + r\u00e9gulateur 15A - Bantam Wankm\u00fcller SA","robots":{"index":"index","follow":"follow","max-snippet":"max-snippet:-1","max-image-preview":"max-image-preview:large","max-video-preview":"max-video-preview:-1"},"canonical":"https:\/\/shop.bantam.ch\/fr\/produit\/panneaux-solaires-full-black-200-watts-regulateur-15a\/","og_locale":"fr_FR","og_type":"article","og_title":"Panneaux solaires Full-Black 200 Watts + r\u00e9gulateur 15A - Bantam Wankm\u00fcller SA","og_description":"Une gamme de panneaux solaires ultra-modernes b\u00e9n\u00e9ficiant de cellules PERC haute efficacit\u00e9 FULL BLACK (\u00e9metteur passiv\u00e9 et contact arri\u00e8re). La g\u00e9n\u00e9ration d\u2019\u00e9lectricit\u00e9 ne se fait plus uniquement \u00e0 la surface de la cellule, mais \u00e9galement en profondeur. Les cellules PERC sont plus sensibles \u00e0 la lumi\u00e8re, ce qui permet d\u2019augmenter le temps de charge : [&hellip;]","og_url":"https:\/\/shop.bantam.ch\/fr\/produit\/panneaux-solaires-full-black-200-watts-regulateur-15a\/","og_site_name":"Bantam Wankm\u00fcller SA","article_modified_time":"2026-04-21T19:58:51+00:00","og_image":[{"width":550,"height":550,"url":"https:\/\/shop.bantam.ch\/wp-content\/uploads\/2023\/03\/eza-solar-panneaux-solaires-perc-full-black-200-wa.jpg","type":"image\/jpeg"}],"twitter_card":"summary_large_image","twitter_misc":{"Dur\u00e9e de lecture estim\u00e9e":"1 minute"},"schema":{"@context":"https:\/\/schema.org","@graph":[{"@type":"WebPage","@id":"https:\/\/shop.bantam.ch\/fr\/produit\/panneaux-solaires-full-black-200-watts-regulateur-15a\/","url":"https:\/\/shop.bantam.ch\/fr\/produit\/panneaux-solaires-full-black-200-watts-regulateur-15a\/","name":"Panneaux solaires Full-Black 200 Watts + r\u00e9gulateur 15A - Bantam Wankm\u00fcller SA","isPartOf":{"@id":"https:\/\/shop.bantam.ch\/fr\/#website"},"primaryImageOfPage":{"@id":"https:\/\/shop.bantam.ch\/fr\/produit\/panneaux-solaires-full-black-200-watts-regulateur-15a\/#primaryimage"},"image":{"@id":"https:\/\/shop.bantam.ch\/fr\/produit\/panneaux-solaires-full-black-200-watts-regulateur-15a\/#primaryimage"},"thumbnailUrl":"https:\/\/shop.bantam.ch\/wp-content\/uploads\/2023\/03\/eza-solar-panneaux-solaires-perc-full-black-200-wa.jpg","datePublished":"2023-03-01T17:41:52+00:00","dateModified":"2026-04-21T19:58:51+00:00","breadcrumb":{"@id":"https:\/\/shop.bantam.ch\/fr\/produit\/panneaux-solaires-full-black-200-watts-regulateur-15a\/#breadcrumb"},"inLanguage":"fr-FR","potentialAction":[{"@type":"ReadAction","target":["https:\/\/shop.bantam.ch\/fr\/produit\/panneaux-solaires-full-black-200-watts-regulateur-15a\/"]}]},{"@type":"ImageObject","inLanguage":"fr-FR","@id":"https:\/\/shop.bantam.ch\/fr\/produit\/panneaux-solaires-full-black-200-watts-regulateur-15a\/#primaryimage","url":"https:\/\/shop.bantam.ch\/wp-content\/uploads\/2023\/03\/eza-solar-panneaux-solaires-perc-full-black-200-wa.jpg","contentUrl":"https:\/\/shop.bantam.ch\/wp-content\/uploads\/2023\/03\/eza-solar-panneaux-solaires-perc-full-black-200-wa.jpg","width":550,"height":550},{"@type":"BreadcrumbList","@id":"https:\/\/shop.bantam.ch\/fr\/produit\/panneaux-solaires-full-black-200-watts-regulateur-15a\/#breadcrumb","itemListElement":[{"@type":"ListItem","position":1,"name":"Accueil","item":"https:\/\/shop.bantam.ch\/fr\/"},{"@type":"ListItem","position":2,"name":"Boutique","item":"https:\/\/shop.bantam.ch\/fr\/boutique\/"},{"@type":"ListItem","position":3,"name":"Panneaux solaires Full-Black 200 Watts + r\u00e9gulateur 15A"}]},{"@type":"WebSite","@id":"https:\/\/shop.bantam.ch\/fr\/#website","url":"https:\/\/shop.bantam.ch\/fr\/","name":"Bantam Wankm\u00fcller SA","description":"","publisher":{"@id":"https:\/\/shop.bantam.ch\/fr\/#organization"},"inLanguage":"fr-FR"},{"@type":"Organization","@id":"https:\/\/shop.bantam.ch\/fr\/#organization","name":"Bantam Wankm\u00fcller SA","url":"https:\/\/shop.bantam.ch\/fr\/","logo":{"@type":"ImageObject","inLanguage":"fr-FR","@id":"https:\/\/shop.bantam.ch\/fr\/#\/schema\/logo\/image\/","url":"https:\/\/shop.bantam.ch\/wp-content\/uploads\/2022\/12\/bantam-logo.png","contentUrl":"https:\/\/shop.bantam.ch\/wp-content\/uploads\/2022\/12\/bantam-logo.png","width":320,"height":71,"caption":"Bantam Wankm\u00fcller SA"},"image":{"@id":"https:\/\/shop.bantam.ch\/fr\/#\/schema\/logo\/image\/"}}]}},"_links":{"self":[{"href":"https:\/\/shop.bantam.ch\/fr\/wp-json\/wp\/v2\/product\/135849","targetHints":{"allow":["GET"]}}],"collection":[{"href":"https:\/\/shop.bantam.ch\/fr\/wp-json\/wp\/v2\/product"}],"about":[{"href":"https:\/\/shop.bantam.ch\/fr\/wp-json\/wp\/v2\/types\/product"}],"wp:featuredmedia":[{"embeddable":true,"href":"https:\/\/shop.bantam.ch\/fr\/wp-json\/wp\/v2\/media\/135845"}],"wp:attachment":[{"href":"https:\/\/shop.bantam.ch\/fr\/wp-json\/wp\/v2\/media?parent=135849"}],"wp:term":[{"taxonomy":"product_featured_cat","embeddable":true,"href":"https:\/\/shop.bantam.ch\/fr\/wp-json\/wp\/v2\/product_featured_cat?post=135849"},{"taxonomy":"product_brand","embeddable":true,"href":"https:\/\/shop.bantam.ch\/fr\/wp-json\/wp\/v2\/product_brand?post=135849"},{"taxonomy":"product_cat","embeddable":true,"href":"https:\/\/shop.bantam.ch\/fr\/wp-json\/wp\/v2\/product_cat?post=135849"},{"taxonomy":"product_tag","embeddable":true,"href":"https:\/\/shop.bantam.ch\/fr\/wp-json\/wp\/v2\/product_tag?post=135849"}],"curies":[{"name":"wp","href":"https:\/\/api.w.org\/{rel}","templated":true}]}}