{"id":135823,"date":"2023-03-01T18:41:17","date_gmt":"2023-03-01T17:41:17","guid":{"rendered":"https:\/\/shop.bantam.ch\/produit\/gril-citi-chef-40-freestanding-3\/"},"modified":"2026-04-18T21:58:42","modified_gmt":"2026-04-18T19:58:42","slug":"gril-citi-chef-40-freestanding-3","status":"publish","type":"product","link":"https:\/\/shop.bantam.ch\/fr\/produit\/gril-citi-chef-40-freestanding-3\/","title":{"rendered":"Gril Citi Chef 40 Freestanding"},"content":{"rendered":"<p>Les pieds sont faits d\u2018un mat\u00e9riau durable. Le Citi Chef 40 FS est facile \u00e0 nettoyer gr\u00e2ce au bac collecteur de graisse amovible et \u00e9maill\u00e9. Le bac de r\u00e9cup\u00e9ration des graisses peut \u00e9galement \u00eatre nettoy\u00e9 au lave-vaisselle. Les tables d\u2018appoint noires sont amovibles et ont des crochets de rangement pour que les pinces soient toujours \u00e0 port\u00e9e de main. Sur l\u2018\u00e9tag\u00e8re entre les pieds, il y a de l\u2018espace pour l\u2018alimentation en gaz. Le Citi Chef 40 FS est livr\u00e9 avec un support de casserole, une grille de gril et un couvercle avec thermom\u00e8tre. La grille de gril rev\u00eatue de c\u00e9ramique GreenGrill poss\u00e8de une plaque d\u00e9flectrice int\u00e9gr\u00e9e. De cette fa\u00e7on, elle est chauff\u00e9e sur toute la surface et vous obtenez un r\u00e9sultat de cuisson optimal.<\/p>\n","protected":false},"excerpt":{"rendered":"<p>Les pieds sont faits d\u2018un mat\u00e9riau durable. Le Citi Chef 40 FS est facile \u00e0 nettoyer gr\u00e2ce au bac collecteur de graisse amovible et \u00e9maill\u00e9. Le bac de r\u00e9cup\u00e9ration des graisses peut \u00e9galement \u00eatre nettoy\u00e9 au lave-vaisselle. Les tables d\u2018appoint noires sont amovibles et ont des crochets de rangement pour que les pinces soient toujours [&hellip;]<\/p>\n","protected":false},"featured_media":135821,"template":"","meta":{"_acf_changed":false},"product_featured_cat":[94,5297],"product_brand":[3668],"product_cat":[4339],"product_tag":[],"class_list":{"0":"post-135823","1":"product","2":"type-product","3":"status-publish","4":"has-post-thumbnail","6":"product_featured_cat-promotions-etagnieres","7":"product_featured_cat-sonderangebote-hindelbank-fr","8":"product_brand-cadac","9":"product_cat-accessoires-pour-barbecue","11":"first","12":"instock","13":"sale","14":"taxable","15":"shipping-taxable","16":"purchasable","17":"product-type-simple"},"acf":[],"yoast_head":"<!-- This site is optimized with the Yoast SEO plugin v27.4 - https:\/\/yoast.com\/product\/yoast-seo-wordpress\/ -->\n<title>Gril Citi Chef 40 Freestanding - Bantam Wankm\u00fcller SA<\/title>\n<meta name=\"robots\" content=\"index, follow, max-snippet:-1, max-image-preview:large, max-video-preview:-1\" \/>\n<link rel=\"canonical\" href=\"https:\/\/shop.bantam.ch\/fr\/produit\/gril-citi-chef-40-freestanding-3\/\" \/>\n<meta property=\"og:locale\" content=\"fr_FR\" \/>\n<meta property=\"og:type\" content=\"article\" \/>\n<meta property=\"og:title\" content=\"Gril Citi Chef 40 Freestanding - Bantam Wankm\u00fcller SA\" \/>\n<meta property=\"og:description\" content=\"Les pieds sont faits d\u2018un mat\u00e9riau durable. Le Citi Chef 40 FS est facile \u00e0 nettoyer gr\u00e2ce au bac collecteur de graisse amovible et \u00e9maill\u00e9. Le bac de r\u00e9cup\u00e9ration des graisses peut \u00e9galement \u00eatre nettoy\u00e9 au lave-vaisselle. Les tables d\u2018appoint noires sont amovibles et ont des crochets de rangement pour que les pinces soient toujours [&hellip;]\" \/>\n<meta property=\"og:url\" content=\"https:\/\/shop.bantam.ch\/fr\/produit\/gril-citi-chef-40-freestanding-3\/\" \/>\n<meta property=\"og:site_name\" content=\"Bantam Wankm\u00fcller SA\" \/>\n<meta property=\"article:modified_time\" content=\"2026-04-18T19:58:42+00:00\" \/>\n<meta property=\"og:image\" content=\"https:\/\/shop.bantam.ch\/wp-content\/uploads\/2023\/03\/78721001-5615-20-16-Citi-Chef-40-FS-Flint-Grey_3.jpg\" \/>\n\t<meta property=\"og:image:width\" content=\"1417\" \/>\n\t<meta property=\"og:image:height\" content=\"1856\" \/>\n\t<meta property=\"og:image:type\" content=\"image\/jpeg\" \/>\n<meta name=\"twitter:card\" content=\"summary_large_image\" \/>\n<meta name=\"twitter:label1\" content=\"Dur\u00e9e de lecture estim\u00e9e\" \/>\n\t<meta name=\"twitter:data1\" content=\"1 minute\" \/>\n<script type=\"application\/ld+json\" class=\"yoast-schema-graph\">{\"@context\":\"https:\\\/\\\/schema.org\",\"@graph\":[{\"@type\":\"WebPage\",\"@id\":\"https:\\\/\\\/shop.bantam.ch\\\/fr\\\/produit\\\/gril-citi-chef-40-freestanding-3\\\/\",\"url\":\"https:\\\/\\\/shop.bantam.ch\\\/fr\\\/produit\\\/gril-citi-chef-40-freestanding-3\\\/\",\"name\":\"Gril Citi Chef 40 Freestanding - Bantam Wankm\u00fcller SA\",\"isPartOf\":{\"@id\":\"https:\\\/\\\/shop.bantam.ch\\\/fr\\\/#website\"},\"primaryImageOfPage\":{\"@id\":\"https:\\\/\\\/shop.bantam.ch\\\/fr\\\/produit\\\/gril-citi-chef-40-freestanding-3\\\/#primaryimage\"},\"image\":{\"@id\":\"https:\\\/\\\/shop.bantam.ch\\\/fr\\\/produit\\\/gril-citi-chef-40-freestanding-3\\\/#primaryimage\"},\"thumbnailUrl\":\"https:\\\/\\\/shop.bantam.ch\\\/wp-content\\\/uploads\\\/2023\\\/03\\\/78721001-5615-20-16-Citi-Chef-40-FS-Flint-Grey_3.jpg\",\"datePublished\":\"2023-03-01T17:41:17+00:00\",\"dateModified\":\"2026-04-18T19:58:42+00:00\",\"breadcrumb\":{\"@id\":\"https:\\\/\\\/shop.bantam.ch\\\/fr\\\/produit\\\/gril-citi-chef-40-freestanding-3\\\/#breadcrumb\"},\"inLanguage\":\"fr-FR\",\"potentialAction\":[{\"@type\":\"ReadAction\",\"target\":[\"https:\\\/\\\/shop.bantam.ch\\\/fr\\\/produit\\\/gril-citi-chef-40-freestanding-3\\\/\"]}]},{\"@type\":\"ImageObject\",\"inLanguage\":\"fr-FR\",\"@id\":\"https:\\\/\\\/shop.bantam.ch\\\/fr\\\/produit\\\/gril-citi-chef-40-freestanding-3\\\/#primaryimage\",\"url\":\"https:\\\/\\\/shop.bantam.ch\\\/wp-content\\\/uploads\\\/2023\\\/03\\\/78721001-5615-20-16-Citi-Chef-40-FS-Flint-Grey_3.jpg\",\"contentUrl\":\"https:\\\/\\\/shop.bantam.ch\\\/wp-content\\\/uploads\\\/2023\\\/03\\\/78721001-5615-20-16-Citi-Chef-40-FS-Flint-Grey_3.jpg\",\"width\":1417,\"height\":1856},{\"@type\":\"BreadcrumbList\",\"@id\":\"https:\\\/\\\/shop.bantam.ch\\\/fr\\\/produit\\\/gril-citi-chef-40-freestanding-3\\\/#breadcrumb\",\"itemListElement\":[{\"@type\":\"ListItem\",\"position\":1,\"name\":\"Accueil\",\"item\":\"https:\\\/\\\/shop.bantam.ch\\\/fr\\\/\"},{\"@type\":\"ListItem\",\"position\":2,\"name\":\"Boutique\",\"item\":\"https:\\\/\\\/shop.bantam.ch\\\/fr\\\/boutique\\\/\"},{\"@type\":\"ListItem\",\"position\":3,\"name\":\"Gril Citi Chef 40 Freestanding\"}]},{\"@type\":\"WebSite\",\"@id\":\"https:\\\/\\\/shop.bantam.ch\\\/fr\\\/#website\",\"url\":\"https:\\\/\\\/shop.bantam.ch\\\/fr\\\/\",\"name\":\"Bantam Wankm\u00fcller SA\",\"description\":\"\",\"publisher\":{\"@id\":\"https:\\\/\\\/shop.bantam.ch\\\/fr\\\/#organization\"},\"inLanguage\":\"fr-FR\"},{\"@type\":\"Organization\",\"@id\":\"https:\\\/\\\/shop.bantam.ch\\\/fr\\\/#organization\",\"name\":\"Bantam Wankm\u00fcller SA\",\"url\":\"https:\\\/\\\/shop.bantam.ch\\\/fr\\\/\",\"logo\":{\"@type\":\"ImageObject\",\"inLanguage\":\"fr-FR\",\"@id\":\"https:\\\/\\\/shop.bantam.ch\\\/fr\\\/#\\\/schema\\\/logo\\\/image\\\/\",\"url\":\"https:\\\/\\\/shop.bantam.ch\\\/wp-content\\\/uploads\\\/2022\\\/12\\\/bantam-logo.png\",\"contentUrl\":\"https:\\\/\\\/shop.bantam.ch\\\/wp-content\\\/uploads\\\/2022\\\/12\\\/bantam-logo.png\",\"width\":320,\"height\":71,\"caption\":\"Bantam Wankm\u00fcller SA\"},\"image\":{\"@id\":\"https:\\\/\\\/shop.bantam.ch\\\/fr\\\/#\\\/schema\\\/logo\\\/image\\\/\"}}]}<\/script>\n<!-- \/ Yoast SEO plugin. -->","yoast_head_json":{"title":"Gril Citi Chef 40 Freestanding - Bantam Wankm\u00fcller SA","robots":{"index":"index","follow":"follow","max-snippet":"max-snippet:-1","max-image-preview":"max-image-preview:large","max-video-preview":"max-video-preview:-1"},"canonical":"https:\/\/shop.bantam.ch\/fr\/produit\/gril-citi-chef-40-freestanding-3\/","og_locale":"fr_FR","og_type":"article","og_title":"Gril Citi Chef 40 Freestanding - Bantam Wankm\u00fcller SA","og_description":"Les pieds sont faits d\u2018un mat\u00e9riau durable. Le Citi Chef 40 FS est facile \u00e0 nettoyer gr\u00e2ce au bac collecteur de graisse amovible et \u00e9maill\u00e9. Le bac de r\u00e9cup\u00e9ration des graisses peut \u00e9galement \u00eatre nettoy\u00e9 au lave-vaisselle. Les tables d\u2018appoint noires sont amovibles et ont des crochets de rangement pour que les pinces soient toujours [&hellip;]","og_url":"https:\/\/shop.bantam.ch\/fr\/produit\/gril-citi-chef-40-freestanding-3\/","og_site_name":"Bantam Wankm\u00fcller SA","article_modified_time":"2026-04-18T19:58:42+00:00","og_image":[{"width":1417,"height":1856,"url":"https:\/\/shop.bantam.ch\/wp-content\/uploads\/2023\/03\/78721001-5615-20-16-Citi-Chef-40-FS-Flint-Grey_3.jpg","type":"image\/jpeg"}],"twitter_card":"summary_large_image","twitter_misc":{"Dur\u00e9e de lecture estim\u00e9e":"1 minute"},"schema":{"@context":"https:\/\/schema.org","@graph":[{"@type":"WebPage","@id":"https:\/\/shop.bantam.ch\/fr\/produit\/gril-citi-chef-40-freestanding-3\/","url":"https:\/\/shop.bantam.ch\/fr\/produit\/gril-citi-chef-40-freestanding-3\/","name":"Gril Citi Chef 40 Freestanding - Bantam Wankm\u00fcller SA","isPartOf":{"@id":"https:\/\/shop.bantam.ch\/fr\/#website"},"primaryImageOfPage":{"@id":"https:\/\/shop.bantam.ch\/fr\/produit\/gril-citi-chef-40-freestanding-3\/#primaryimage"},"image":{"@id":"https:\/\/shop.bantam.ch\/fr\/produit\/gril-citi-chef-40-freestanding-3\/#primaryimage"},"thumbnailUrl":"https:\/\/shop.bantam.ch\/wp-content\/uploads\/2023\/03\/78721001-5615-20-16-Citi-Chef-40-FS-Flint-Grey_3.jpg","datePublished":"2023-03-01T17:41:17+00:00","dateModified":"2026-04-18T19:58:42+00:00","breadcrumb":{"@id":"https:\/\/shop.bantam.ch\/fr\/produit\/gril-citi-chef-40-freestanding-3\/#breadcrumb"},"inLanguage":"fr-FR","potentialAction":[{"@type":"ReadAction","target":["https:\/\/shop.bantam.ch\/fr\/produit\/gril-citi-chef-40-freestanding-3\/"]}]},{"@type":"ImageObject","inLanguage":"fr-FR","@id":"https:\/\/shop.bantam.ch\/fr\/produit\/gril-citi-chef-40-freestanding-3\/#primaryimage","url":"https:\/\/shop.bantam.ch\/wp-content\/uploads\/2023\/03\/78721001-5615-20-16-Citi-Chef-40-FS-Flint-Grey_3.jpg","contentUrl":"https:\/\/shop.bantam.ch\/wp-content\/uploads\/2023\/03\/78721001-5615-20-16-Citi-Chef-40-FS-Flint-Grey_3.jpg","width":1417,"height":1856},{"@type":"BreadcrumbList","@id":"https:\/\/shop.bantam.ch\/fr\/produit\/gril-citi-chef-40-freestanding-3\/#breadcrumb","itemListElement":[{"@type":"ListItem","position":1,"name":"Accueil","item":"https:\/\/shop.bantam.ch\/fr\/"},{"@type":"ListItem","position":2,"name":"Boutique","item":"https:\/\/shop.bantam.ch\/fr\/boutique\/"},{"@type":"ListItem","position":3,"name":"Gril Citi Chef 40 Freestanding"}]},{"@type":"WebSite","@id":"https:\/\/shop.bantam.ch\/fr\/#website","url":"https:\/\/shop.bantam.ch\/fr\/","name":"Bantam Wankm\u00fcller SA","description":"","publisher":{"@id":"https:\/\/shop.bantam.ch\/fr\/#organization"},"inLanguage":"fr-FR"},{"@type":"Organization","@id":"https:\/\/shop.bantam.ch\/fr\/#organization","name":"Bantam Wankm\u00fcller SA","url":"https:\/\/shop.bantam.ch\/fr\/","logo":{"@type":"ImageObject","inLanguage":"fr-FR","@id":"https:\/\/shop.bantam.ch\/fr\/#\/schema\/logo\/image\/","url":"https:\/\/shop.bantam.ch\/wp-content\/uploads\/2022\/12\/bantam-logo.png","contentUrl":"https:\/\/shop.bantam.ch\/wp-content\/uploads\/2022\/12\/bantam-logo.png","width":320,"height":71,"caption":"Bantam Wankm\u00fcller SA"},"image":{"@id":"https:\/\/shop.bantam.ch\/fr\/#\/schema\/logo\/image\/"}}]}},"_links":{"self":[{"href":"https:\/\/shop.bantam.ch\/fr\/wp-json\/wp\/v2\/product\/135823","targetHints":{"allow":["GET"]}}],"collection":[{"href":"https:\/\/shop.bantam.ch\/fr\/wp-json\/wp\/v2\/product"}],"about":[{"href":"https:\/\/shop.bantam.ch\/fr\/wp-json\/wp\/v2\/types\/product"}],"wp:featuredmedia":[{"embeddable":true,"href":"https:\/\/shop.bantam.ch\/fr\/wp-json\/wp\/v2\/media\/135821"}],"wp:attachment":[{"href":"https:\/\/shop.bantam.ch\/fr\/wp-json\/wp\/v2\/media?parent=135823"}],"wp:term":[{"taxonomy":"product_featured_cat","embeddable":true,"href":"https:\/\/shop.bantam.ch\/fr\/wp-json\/wp\/v2\/product_featured_cat?post=135823"},{"taxonomy":"product_brand","embeddable":true,"href":"https:\/\/shop.bantam.ch\/fr\/wp-json\/wp\/v2\/product_brand?post=135823"},{"taxonomy":"product_cat","embeddable":true,"href":"https:\/\/shop.bantam.ch\/fr\/wp-json\/wp\/v2\/product_cat?post=135823"},{"taxonomy":"product_tag","embeddable":true,"href":"https:\/\/shop.bantam.ch\/fr\/wp-json\/wp\/v2\/product_tag?post=135823"}],"curies":[{"name":"wp","href":"https:\/\/api.w.org\/{rel}","templated":true}]}}