{"id":135819,"date":"2023-03-01T18:41:12","date_gmt":"2023-03-01T17:41:12","guid":{"rendered":"https:\/\/shop.bantam.ch\/produit\/gril-e-braai-40-black\/"},"modified":"2026-04-21T21:58:43","modified_gmt":"2026-04-21T19:58:43","slug":"gril-e-braai-40-black","status":"publish","type":"product","link":"https:\/\/shop.bantam.ch\/fr\/produit\/gril-e-braai-40-black\/","title":{"rendered":"Gril E-Braai 40 &#8211; black"},"content":{"rendered":"<p>Le E-Braai est un gril \u00e9lectrique avec un r\u00e9glage pr\u00e9cis de la temp\u00e9rature de 70 \u00e0 270 degr\u00e9s. La batterie de chauffage de 2,3 kW assure un temps de pr\u00e9chauffage rapide. Un anneau en verre amovible prot\u00e8ge la spirale des gouttes de graisse. Le bac \u00e0 graisse amovible va au lave-vaisselle. Le couvercle contient 4 trous de ventilation pour une bonne circulation de l\u2019air et une distribution uniforme de la chaleur. Le E-Braai est livr\u00e9 avec un support de casserole, une grille recouverte de c\u00e9ramique GreenGrill et un couvercle.<\/p>\n","protected":false},"excerpt":{"rendered":"<p>Le E-Braai est un gril \u00e9lectrique avec un r\u00e9glage pr\u00e9cis de la temp\u00e9rature de 70 \u00e0 270 degr\u00e9s. La batterie de chauffage de 2,3 kW assure un temps de pr\u00e9chauffage rapide. Un anneau en verre amovible prot\u00e8ge la spirale des gouttes de graisse. Le bac \u00e0 graisse amovible va au lave-vaisselle. Le couvercle contient 4 [&hellip;]<\/p>\n","protected":false},"featured_media":135815,"template":"","meta":{"_acf_changed":false},"product_featured_cat":[],"product_brand":[3668],"product_cat":[4339],"product_tag":[],"class_list":{"0":"post-135819","1":"product","2":"type-product","3":"status-publish","4":"has-post-thumbnail","6":"product_brand-cadac","7":"product_cat-accessoires-pour-barbecue","9":"first","10":"instock","11":"taxable","12":"shipping-taxable","13":"purchasable","14":"product-type-simple"},"acf":[],"yoast_head":"<!-- This site is optimized with the Yoast SEO plugin v27.4 - https:\/\/yoast.com\/product\/yoast-seo-wordpress\/ -->\n<title>Gril E-Braai 40 - black - Bantam Wankm\u00fcller SA<\/title>\n<meta name=\"robots\" content=\"index, follow, max-snippet:-1, max-image-preview:large, max-video-preview:-1\" \/>\n<link rel=\"canonical\" href=\"https:\/\/shop.bantam.ch\/fr\/produit\/gril-e-braai-40-black\/\" \/>\n<meta property=\"og:locale\" content=\"fr_FR\" \/>\n<meta property=\"og:type\" content=\"article\" \/>\n<meta property=\"og:title\" content=\"Gril E-Braai 40 - black - Bantam Wankm\u00fcller SA\" \/>\n<meta property=\"og:description\" content=\"Le E-Braai est un gril \u00e9lectrique avec un r\u00e9glage pr\u00e9cis de la temp\u00e9rature de 70 \u00e0 270 degr\u00e9s. La batterie de chauffage de 2,3 kW assure un temps de pr\u00e9chauffage rapide. Un anneau en verre amovible prot\u00e8ge la spirale des gouttes de graisse. Le bac \u00e0 graisse amovible va au lave-vaisselle. Le couvercle contient 4 [&hellip;]\" \/>\n<meta property=\"og:url\" content=\"https:\/\/shop.bantam.ch\/fr\/produit\/gril-e-braai-40-black\/\" \/>\n<meta property=\"og:site_name\" content=\"Bantam Wankm\u00fcller SA\" \/>\n<meta property=\"article:modified_time\" content=\"2026-04-21T19:58:43+00:00\" \/>\n<meta property=\"og:image\" content=\"https:\/\/shop.bantam.ch\/wp-content\/uploads\/2023\/03\/78721002-5840-20-04-e-Braai-40_1.jpg\" \/>\n\t<meta property=\"og:image:width\" content=\"1772\" \/>\n\t<meta property=\"og:image:height\" content=\"1298\" \/>\n\t<meta property=\"og:image:type\" content=\"image\/jpeg\" \/>\n<meta name=\"twitter:card\" content=\"summary_large_image\" \/>\n<script type=\"application\/ld+json\" class=\"yoast-schema-graph\">{\"@context\":\"https:\\\/\\\/schema.org\",\"@graph\":[{\"@type\":\"WebPage\",\"@id\":\"https:\\\/\\\/shop.bantam.ch\\\/fr\\\/produit\\\/gril-e-braai-40-black\\\/\",\"url\":\"https:\\\/\\\/shop.bantam.ch\\\/fr\\\/produit\\\/gril-e-braai-40-black\\\/\",\"name\":\"Gril E-Braai 40 - black - Bantam Wankm\u00fcller SA\",\"isPartOf\":{\"@id\":\"https:\\\/\\\/shop.bantam.ch\\\/fr\\\/#website\"},\"primaryImageOfPage\":{\"@id\":\"https:\\\/\\\/shop.bantam.ch\\\/fr\\\/produit\\\/gril-e-braai-40-black\\\/#primaryimage\"},\"image\":{\"@id\":\"https:\\\/\\\/shop.bantam.ch\\\/fr\\\/produit\\\/gril-e-braai-40-black\\\/#primaryimage\"},\"thumbnailUrl\":\"https:\\\/\\\/shop.bantam.ch\\\/wp-content\\\/uploads\\\/2023\\\/03\\\/78721002-5840-20-04-e-Braai-40_1.jpg\",\"datePublished\":\"2023-03-01T17:41:12+00:00\",\"dateModified\":\"2026-04-21T19:58:43+00:00\",\"breadcrumb\":{\"@id\":\"https:\\\/\\\/shop.bantam.ch\\\/fr\\\/produit\\\/gril-e-braai-40-black\\\/#breadcrumb\"},\"inLanguage\":\"fr-FR\",\"potentialAction\":[{\"@type\":\"ReadAction\",\"target\":[\"https:\\\/\\\/shop.bantam.ch\\\/fr\\\/produit\\\/gril-e-braai-40-black\\\/\"]}]},{\"@type\":\"ImageObject\",\"inLanguage\":\"fr-FR\",\"@id\":\"https:\\\/\\\/shop.bantam.ch\\\/fr\\\/produit\\\/gril-e-braai-40-black\\\/#primaryimage\",\"url\":\"https:\\\/\\\/shop.bantam.ch\\\/wp-content\\\/uploads\\\/2023\\\/03\\\/78721002-5840-20-04-e-Braai-40_1.jpg\",\"contentUrl\":\"https:\\\/\\\/shop.bantam.ch\\\/wp-content\\\/uploads\\\/2023\\\/03\\\/78721002-5840-20-04-e-Braai-40_1.jpg\",\"width\":1772,\"height\":1298},{\"@type\":\"BreadcrumbList\",\"@id\":\"https:\\\/\\\/shop.bantam.ch\\\/fr\\\/produit\\\/gril-e-braai-40-black\\\/#breadcrumb\",\"itemListElement\":[{\"@type\":\"ListItem\",\"position\":1,\"name\":\"Accueil\",\"item\":\"https:\\\/\\\/shop.bantam.ch\\\/fr\\\/\"},{\"@type\":\"ListItem\",\"position\":2,\"name\":\"Boutique\",\"item\":\"https:\\\/\\\/shop.bantam.ch\\\/fr\\\/boutique\\\/\"},{\"@type\":\"ListItem\",\"position\":3,\"name\":\"Gril E-Braai 40 &#8211; black\"}]},{\"@type\":\"WebSite\",\"@id\":\"https:\\\/\\\/shop.bantam.ch\\\/fr\\\/#website\",\"url\":\"https:\\\/\\\/shop.bantam.ch\\\/fr\\\/\",\"name\":\"Bantam Wankm\u00fcller SA\",\"description\":\"\",\"publisher\":{\"@id\":\"https:\\\/\\\/shop.bantam.ch\\\/fr\\\/#organization\"},\"inLanguage\":\"fr-FR\"},{\"@type\":\"Organization\",\"@id\":\"https:\\\/\\\/shop.bantam.ch\\\/fr\\\/#organization\",\"name\":\"Bantam Wankm\u00fcller SA\",\"url\":\"https:\\\/\\\/shop.bantam.ch\\\/fr\\\/\",\"logo\":{\"@type\":\"ImageObject\",\"inLanguage\":\"fr-FR\",\"@id\":\"https:\\\/\\\/shop.bantam.ch\\\/fr\\\/#\\\/schema\\\/logo\\\/image\\\/\",\"url\":\"https:\\\/\\\/shop.bantam.ch\\\/wp-content\\\/uploads\\\/2022\\\/12\\\/bantam-logo.png\",\"contentUrl\":\"https:\\\/\\\/shop.bantam.ch\\\/wp-content\\\/uploads\\\/2022\\\/12\\\/bantam-logo.png\",\"width\":320,\"height\":71,\"caption\":\"Bantam Wankm\u00fcller SA\"},\"image\":{\"@id\":\"https:\\\/\\\/shop.bantam.ch\\\/fr\\\/#\\\/schema\\\/logo\\\/image\\\/\"}}]}<\/script>\n<!-- \/ Yoast SEO plugin. -->","yoast_head_json":{"title":"Gril E-Braai 40 - black - Bantam Wankm\u00fcller SA","robots":{"index":"index","follow":"follow","max-snippet":"max-snippet:-1","max-image-preview":"max-image-preview:large","max-video-preview":"max-video-preview:-1"},"canonical":"https:\/\/shop.bantam.ch\/fr\/produit\/gril-e-braai-40-black\/","og_locale":"fr_FR","og_type":"article","og_title":"Gril E-Braai 40 - black - Bantam Wankm\u00fcller SA","og_description":"Le E-Braai est un gril \u00e9lectrique avec un r\u00e9glage pr\u00e9cis de la temp\u00e9rature de 70 \u00e0 270 degr\u00e9s. La batterie de chauffage de 2,3 kW assure un temps de pr\u00e9chauffage rapide. Un anneau en verre amovible prot\u00e8ge la spirale des gouttes de graisse. Le bac \u00e0 graisse amovible va au lave-vaisselle. Le couvercle contient 4 [&hellip;]","og_url":"https:\/\/shop.bantam.ch\/fr\/produit\/gril-e-braai-40-black\/","og_site_name":"Bantam Wankm\u00fcller SA","article_modified_time":"2026-04-21T19:58:43+00:00","og_image":[{"width":1772,"height":1298,"url":"https:\/\/shop.bantam.ch\/wp-content\/uploads\/2023\/03\/78721002-5840-20-04-e-Braai-40_1.jpg","type":"image\/jpeg"}],"twitter_card":"summary_large_image","schema":{"@context":"https:\/\/schema.org","@graph":[{"@type":"WebPage","@id":"https:\/\/shop.bantam.ch\/fr\/produit\/gril-e-braai-40-black\/","url":"https:\/\/shop.bantam.ch\/fr\/produit\/gril-e-braai-40-black\/","name":"Gril E-Braai 40 - black - Bantam Wankm\u00fcller SA","isPartOf":{"@id":"https:\/\/shop.bantam.ch\/fr\/#website"},"primaryImageOfPage":{"@id":"https:\/\/shop.bantam.ch\/fr\/produit\/gril-e-braai-40-black\/#primaryimage"},"image":{"@id":"https:\/\/shop.bantam.ch\/fr\/produit\/gril-e-braai-40-black\/#primaryimage"},"thumbnailUrl":"https:\/\/shop.bantam.ch\/wp-content\/uploads\/2023\/03\/78721002-5840-20-04-e-Braai-40_1.jpg","datePublished":"2023-03-01T17:41:12+00:00","dateModified":"2026-04-21T19:58:43+00:00","breadcrumb":{"@id":"https:\/\/shop.bantam.ch\/fr\/produit\/gril-e-braai-40-black\/#breadcrumb"},"inLanguage":"fr-FR","potentialAction":[{"@type":"ReadAction","target":["https:\/\/shop.bantam.ch\/fr\/produit\/gril-e-braai-40-black\/"]}]},{"@type":"ImageObject","inLanguage":"fr-FR","@id":"https:\/\/shop.bantam.ch\/fr\/produit\/gril-e-braai-40-black\/#primaryimage","url":"https:\/\/shop.bantam.ch\/wp-content\/uploads\/2023\/03\/78721002-5840-20-04-e-Braai-40_1.jpg","contentUrl":"https:\/\/shop.bantam.ch\/wp-content\/uploads\/2023\/03\/78721002-5840-20-04-e-Braai-40_1.jpg","width":1772,"height":1298},{"@type":"BreadcrumbList","@id":"https:\/\/shop.bantam.ch\/fr\/produit\/gril-e-braai-40-black\/#breadcrumb","itemListElement":[{"@type":"ListItem","position":1,"name":"Accueil","item":"https:\/\/shop.bantam.ch\/fr\/"},{"@type":"ListItem","position":2,"name":"Boutique","item":"https:\/\/shop.bantam.ch\/fr\/boutique\/"},{"@type":"ListItem","position":3,"name":"Gril E-Braai 40 &#8211; black"}]},{"@type":"WebSite","@id":"https:\/\/shop.bantam.ch\/fr\/#website","url":"https:\/\/shop.bantam.ch\/fr\/","name":"Bantam Wankm\u00fcller SA","description":"","publisher":{"@id":"https:\/\/shop.bantam.ch\/fr\/#organization"},"inLanguage":"fr-FR"},{"@type":"Organization","@id":"https:\/\/shop.bantam.ch\/fr\/#organization","name":"Bantam Wankm\u00fcller SA","url":"https:\/\/shop.bantam.ch\/fr\/","logo":{"@type":"ImageObject","inLanguage":"fr-FR","@id":"https:\/\/shop.bantam.ch\/fr\/#\/schema\/logo\/image\/","url":"https:\/\/shop.bantam.ch\/wp-content\/uploads\/2022\/12\/bantam-logo.png","contentUrl":"https:\/\/shop.bantam.ch\/wp-content\/uploads\/2022\/12\/bantam-logo.png","width":320,"height":71,"caption":"Bantam Wankm\u00fcller SA"},"image":{"@id":"https:\/\/shop.bantam.ch\/fr\/#\/schema\/logo\/image\/"}}]}},"_links":{"self":[{"href":"https:\/\/shop.bantam.ch\/fr\/wp-json\/wp\/v2\/product\/135819","targetHints":{"allow":["GET"]}}],"collection":[{"href":"https:\/\/shop.bantam.ch\/fr\/wp-json\/wp\/v2\/product"}],"about":[{"href":"https:\/\/shop.bantam.ch\/fr\/wp-json\/wp\/v2\/types\/product"}],"wp:featuredmedia":[{"embeddable":true,"href":"https:\/\/shop.bantam.ch\/fr\/wp-json\/wp\/v2\/media\/135815"}],"wp:attachment":[{"href":"https:\/\/shop.bantam.ch\/fr\/wp-json\/wp\/v2\/media?parent=135819"}],"wp:term":[{"taxonomy":"product_featured_cat","embeddable":true,"href":"https:\/\/shop.bantam.ch\/fr\/wp-json\/wp\/v2\/product_featured_cat?post=135819"},{"taxonomy":"product_brand","embeddable":true,"href":"https:\/\/shop.bantam.ch\/fr\/wp-json\/wp\/v2\/product_brand?post=135819"},{"taxonomy":"product_cat","embeddable":true,"href":"https:\/\/shop.bantam.ch\/fr\/wp-json\/wp\/v2\/product_cat?post=135819"},{"taxonomy":"product_tag","embeddable":true,"href":"https:\/\/shop.bantam.ch\/fr\/wp-json\/wp\/v2\/product_tag?post=135819"}],"curies":[{"name":"wp","href":"https:\/\/api.w.org\/{rel}","templated":true}]}}