{"id":135757,"date":"2023-03-01T18:39:48","date_gmt":"2023-03-01T17:39:48","guid":{"rendered":"https:\/\/shop.bantam.ch\/produit\/gril-citi-chef-40-freestanding-2\/"},"modified":"2026-04-18T21:58:22","modified_gmt":"2026-04-18T19:58:22","slug":"gril-citi-chef-40-freestanding-2","status":"publish","type":"product","link":"https:\/\/shop.bantam.ch\/fr\/produit\/gril-citi-chef-40-freestanding-2\/","title":{"rendered":"Gril Safari Chef 30 Compact Deluxe"},"content":{"rendered":"<p class=\"MsoNormal\">Compact, Polyvalent, L\u00e9ger.\u00a0Le Safari Chef 30 Compact est un barbecue \u00e0 gaz\u00a0ultra<br \/>\ncompact et l\u00e9ger.\u00a0Ce barbecue fonctionne directement sur une\u00a0<a href=\"https:\/\/www.cadacinternational.com\/fr\/cartouche-a-valve-227g\/\" target=\"_blank\"><span>cartouche de gaz de 227g<\/span><\/a>. Il suffit de placer la cartouche de<br \/>\ngaz dans l&rsquo;appareil, de cliquer pour la fixer et vous pouvez aussit\u00f4t commencer<br \/>\n\u00e0 cuisiner ou \u00e0 faire un barbecue. Un appareil id\u00e9al pour les activit\u00e9s de<br \/>\nplein air et les vacances en camping.\u00a0Malgr\u00e9 son format r\u00e9duit, le Safari Chef 30 Compact<br \/>\nest\u00a0extr\u00eamement polyvalent\u00a0gr\u00e2ce aux diff\u00e9rentes surfaces de cuisson<br \/>\nincluses : un support de casserole, une plaque de cuisson (Plancha), une grille<br \/>\net un plat (couvercle). Vous pouvez facilement faire cuire une soupe ou des<br \/>\np\u00e2tes sur le support de casserole. La grille de barbecue et la plaque de<br \/>\ncuisson sont dot\u00e9es du rev\u00eatement antiadh\u00e9sif\u00a0GreenGrill de CADAC\u00a0et<br \/>\nsont parfaites pour cuire et griller de la viande, du poisson et des l\u00e9gumes.<br \/>\nLe couvercle peut \u00e9galement \u00eatre utilis\u00e9 comme une casserole, ce qui le rend<br \/>\nmultifonctionnel.\u00a0Le bac de r\u00e9cup\u00e9ration permet de r\u00e9cup\u00e9rer les r\u00e9sidus de<br \/>\ncuisson lorsque vous utilisez la grille du barbecue, mais sert \u00e9galement de<br \/>\ncoupe-vent pour que le br\u00fbleur ne s&rsquo;\u00e9teigne pas.\u00a0Un\u00a0sac de transport\u00a0solide<br \/>\nest livr\u00e9 avec le Safari Chef 30 Compact, ce qui vous permet de de l&#8217;emporter<br \/>\nfacilement partout.<span> <\/span>Barbecue \u00e0 gaz ultra<br \/>\ncompact\u00a0(\u00f8 30cm). Poids l\u00e9ger (3,8 kg). Fonctionne directement sur une<br \/>\ncartouche de gaz 227g. Allumage automatique pi\u00e9zo\u00e9lectrique. Support de<br \/>\ncasserole, grille BBQ, plaque de cuisson lisse et plat\/couvercle. Sac de<br \/>\nrangement pratique inclus. Garantie de 2 ans<\/p>\n<ul>\n<li><\/li>\n<\/ul>\n","protected":false},"excerpt":{"rendered":"<p>Compact, Polyvalent, L\u00e9ger.\u00a0Le Safari Chef 30 Compact est un barbecue \u00e0 gaz\u00a0ultra compact et l\u00e9ger.\u00a0Ce barbecue fonctionne directement sur une\u00a0cartouche de gaz de 227g. Il suffit de placer la cartouche de gaz dans l&rsquo;appareil, de cliquer pour la fixer et vous pouvez aussit\u00f4t commencer \u00e0 cuisiner ou \u00e0 faire un barbecue. Un appareil id\u00e9al pour [&hellip;]<\/p>\n","protected":false},"featured_media":135745,"template":"","meta":{"_acf_changed":false},"product_featured_cat":[],"product_brand":[3668],"product_cat":[4339],"product_tag":[],"class_list":{"0":"post-135757","1":"product","2":"type-product","3":"status-publish","4":"has-post-thumbnail","6":"product_brand-cadac","7":"product_cat-accessoires-pour-barbecue","9":"first","10":"instock","11":"taxable","12":"shipping-taxable","13":"purchasable","14":"product-type-simple"},"acf":[],"yoast_head":"<!-- This site is optimized with the Yoast SEO plugin v27.4 - https:\/\/yoast.com\/product\/yoast-seo-wordpress\/ -->\n<title>Gril Safari Chef 30 Compact Deluxe - Bantam Wankm\u00fcller SA<\/title>\n<meta name=\"robots\" content=\"index, follow, max-snippet:-1, max-image-preview:large, max-video-preview:-1\" \/>\n<link rel=\"canonical\" href=\"https:\/\/shop.bantam.ch\/fr\/produit\/gril-citi-chef-40-freestanding-2\/\" \/>\n<meta property=\"og:locale\" content=\"fr_FR\" \/>\n<meta property=\"og:type\" content=\"article\" \/>\n<meta property=\"og:title\" content=\"Gril Safari Chef 30 Compact Deluxe - Bantam Wankm\u00fcller SA\" \/>\n<meta property=\"og:description\" content=\"Compact, Polyvalent, L\u00e9ger.\u00a0Le Safari Chef 30 Compact est un barbecue \u00e0 gaz\u00a0ultra compact et l\u00e9ger.\u00a0Ce barbecue fonctionne directement sur une\u00a0cartouche de gaz de 227g. Il suffit de placer la cartouche de gaz dans l&rsquo;appareil, de cliquer pour la fixer et vous pouvez aussit\u00f4t commencer \u00e0 cuisiner ou \u00e0 faire un barbecue. Un appareil id\u00e9al pour [&hellip;]\" \/>\n<meta property=\"og:url\" content=\"https:\/\/shop.bantam.ch\/fr\/produit\/gril-citi-chef-40-freestanding-2\/\" \/>\n<meta property=\"og:site_name\" content=\"Bantam Wankm\u00fcller SA\" \/>\n<meta property=\"article:modified_time\" content=\"2026-04-18T19:58:22+00:00\" \/>\n<meta property=\"og:image\" content=\"https:\/\/shop.bantam.ch\/wp-content\/uploads\/2023\/03\/78722003-6525L1-10-Safari-Chef-30-Compact-scaled.jpg\" \/>\n\t<meta property=\"og:image:width\" content=\"524\" \/>\n\t<meta property=\"og:image:height\" content=\"1024\" \/>\n\t<meta property=\"og:image:type\" content=\"image\/jpeg\" \/>\n<meta name=\"twitter:card\" content=\"summary_large_image\" \/>\n<meta name=\"twitter:label1\" content=\"Dur\u00e9e de lecture estim\u00e9e\" \/>\n\t<meta name=\"twitter:data1\" content=\"1 minute\" \/>\n<script type=\"application\/ld+json\" class=\"yoast-schema-graph\">{\"@context\":\"https:\\\/\\\/schema.org\",\"@graph\":[{\"@type\":\"WebPage\",\"@id\":\"https:\\\/\\\/shop.bantam.ch\\\/fr\\\/produit\\\/gril-citi-chef-40-freestanding-2\\\/\",\"url\":\"https:\\\/\\\/shop.bantam.ch\\\/fr\\\/produit\\\/gril-citi-chef-40-freestanding-2\\\/\",\"name\":\"Gril Safari Chef 30 Compact Deluxe - Bantam Wankm\u00fcller SA\",\"isPartOf\":{\"@id\":\"https:\\\/\\\/shop.bantam.ch\\\/fr\\\/#website\"},\"primaryImageOfPage\":{\"@id\":\"https:\\\/\\\/shop.bantam.ch\\\/fr\\\/produit\\\/gril-citi-chef-40-freestanding-2\\\/#primaryimage\"},\"image\":{\"@id\":\"https:\\\/\\\/shop.bantam.ch\\\/fr\\\/produit\\\/gril-citi-chef-40-freestanding-2\\\/#primaryimage\"},\"thumbnailUrl\":\"https:\\\/\\\/shop.bantam.ch\\\/wp-content\\\/uploads\\\/2023\\\/03\\\/78722003-6525L1-10-Safari-Chef-30-Compact-scaled.jpg\",\"datePublished\":\"2023-03-01T17:39:48+00:00\",\"dateModified\":\"2026-04-18T19:58:22+00:00\",\"breadcrumb\":{\"@id\":\"https:\\\/\\\/shop.bantam.ch\\\/fr\\\/produit\\\/gril-citi-chef-40-freestanding-2\\\/#breadcrumb\"},\"inLanguage\":\"fr-FR\",\"potentialAction\":[{\"@type\":\"ReadAction\",\"target\":[\"https:\\\/\\\/shop.bantam.ch\\\/fr\\\/produit\\\/gril-citi-chef-40-freestanding-2\\\/\"]}]},{\"@type\":\"ImageObject\",\"inLanguage\":\"fr-FR\",\"@id\":\"https:\\\/\\\/shop.bantam.ch\\\/fr\\\/produit\\\/gril-citi-chef-40-freestanding-2\\\/#primaryimage\",\"url\":\"https:\\\/\\\/shop.bantam.ch\\\/wp-content\\\/uploads\\\/2023\\\/03\\\/78722003-6525L1-10-Safari-Chef-30-Compact-scaled.jpg\",\"contentUrl\":\"https:\\\/\\\/shop.bantam.ch\\\/wp-content\\\/uploads\\\/2023\\\/03\\\/78722003-6525L1-10-Safari-Chef-30-Compact-scaled.jpg\",\"width\":1048,\"height\":2048},{\"@type\":\"BreadcrumbList\",\"@id\":\"https:\\\/\\\/shop.bantam.ch\\\/fr\\\/produit\\\/gril-citi-chef-40-freestanding-2\\\/#breadcrumb\",\"itemListElement\":[{\"@type\":\"ListItem\",\"position\":1,\"name\":\"Accueil\",\"item\":\"https:\\\/\\\/shop.bantam.ch\\\/fr\\\/\"},{\"@type\":\"ListItem\",\"position\":2,\"name\":\"Boutique\",\"item\":\"https:\\\/\\\/shop.bantam.ch\\\/fr\\\/boutique\\\/\"},{\"@type\":\"ListItem\",\"position\":3,\"name\":\"Gril Safari Chef 30 Compact Deluxe\"}]},{\"@type\":\"WebSite\",\"@id\":\"https:\\\/\\\/shop.bantam.ch\\\/fr\\\/#website\",\"url\":\"https:\\\/\\\/shop.bantam.ch\\\/fr\\\/\",\"name\":\"Bantam Wankm\u00fcller SA\",\"description\":\"\",\"publisher\":{\"@id\":\"https:\\\/\\\/shop.bantam.ch\\\/fr\\\/#organization\"},\"inLanguage\":\"fr-FR\"},{\"@type\":\"Organization\",\"@id\":\"https:\\\/\\\/shop.bantam.ch\\\/fr\\\/#organization\",\"name\":\"Bantam Wankm\u00fcller SA\",\"url\":\"https:\\\/\\\/shop.bantam.ch\\\/fr\\\/\",\"logo\":{\"@type\":\"ImageObject\",\"inLanguage\":\"fr-FR\",\"@id\":\"https:\\\/\\\/shop.bantam.ch\\\/fr\\\/#\\\/schema\\\/logo\\\/image\\\/\",\"url\":\"https:\\\/\\\/shop.bantam.ch\\\/wp-content\\\/uploads\\\/2022\\\/12\\\/bantam-logo.png\",\"contentUrl\":\"https:\\\/\\\/shop.bantam.ch\\\/wp-content\\\/uploads\\\/2022\\\/12\\\/bantam-logo.png\",\"width\":320,\"height\":71,\"caption\":\"Bantam Wankm\u00fcller SA\"},\"image\":{\"@id\":\"https:\\\/\\\/shop.bantam.ch\\\/fr\\\/#\\\/schema\\\/logo\\\/image\\\/\"}}]}<\/script>\n<!-- \/ Yoast SEO plugin. -->","yoast_head_json":{"title":"Gril Safari Chef 30 Compact Deluxe - Bantam Wankm\u00fcller SA","robots":{"index":"index","follow":"follow","max-snippet":"max-snippet:-1","max-image-preview":"max-image-preview:large","max-video-preview":"max-video-preview:-1"},"canonical":"https:\/\/shop.bantam.ch\/fr\/produit\/gril-citi-chef-40-freestanding-2\/","og_locale":"fr_FR","og_type":"article","og_title":"Gril Safari Chef 30 Compact Deluxe - Bantam Wankm\u00fcller SA","og_description":"Compact, Polyvalent, L\u00e9ger.\u00a0Le Safari Chef 30 Compact est un barbecue \u00e0 gaz\u00a0ultra compact et l\u00e9ger.\u00a0Ce barbecue fonctionne directement sur une\u00a0cartouche de gaz de 227g. Il suffit de placer la cartouche de gaz dans l&rsquo;appareil, de cliquer pour la fixer et vous pouvez aussit\u00f4t commencer \u00e0 cuisiner ou \u00e0 faire un barbecue. Un appareil id\u00e9al pour [&hellip;]","og_url":"https:\/\/shop.bantam.ch\/fr\/produit\/gril-citi-chef-40-freestanding-2\/","og_site_name":"Bantam Wankm\u00fcller SA","article_modified_time":"2026-04-18T19:58:22+00:00","og_image":[{"url":"https:\/\/shop.bantam.ch\/wp-content\/uploads\/2023\/03\/78722003-6525L1-10-Safari-Chef-30-Compact-scaled.jpg","width":524,"height":1024,"type":"image\/jpeg"}],"twitter_card":"summary_large_image","twitter_misc":{"Dur\u00e9e de lecture estim\u00e9e":"1 minute"},"schema":{"@context":"https:\/\/schema.org","@graph":[{"@type":"WebPage","@id":"https:\/\/shop.bantam.ch\/fr\/produit\/gril-citi-chef-40-freestanding-2\/","url":"https:\/\/shop.bantam.ch\/fr\/produit\/gril-citi-chef-40-freestanding-2\/","name":"Gril Safari Chef 30 Compact Deluxe - Bantam Wankm\u00fcller SA","isPartOf":{"@id":"https:\/\/shop.bantam.ch\/fr\/#website"},"primaryImageOfPage":{"@id":"https:\/\/shop.bantam.ch\/fr\/produit\/gril-citi-chef-40-freestanding-2\/#primaryimage"},"image":{"@id":"https:\/\/shop.bantam.ch\/fr\/produit\/gril-citi-chef-40-freestanding-2\/#primaryimage"},"thumbnailUrl":"https:\/\/shop.bantam.ch\/wp-content\/uploads\/2023\/03\/78722003-6525L1-10-Safari-Chef-30-Compact-scaled.jpg","datePublished":"2023-03-01T17:39:48+00:00","dateModified":"2026-04-18T19:58:22+00:00","breadcrumb":{"@id":"https:\/\/shop.bantam.ch\/fr\/produit\/gril-citi-chef-40-freestanding-2\/#breadcrumb"},"inLanguage":"fr-FR","potentialAction":[{"@type":"ReadAction","target":["https:\/\/shop.bantam.ch\/fr\/produit\/gril-citi-chef-40-freestanding-2\/"]}]},{"@type":"ImageObject","inLanguage":"fr-FR","@id":"https:\/\/shop.bantam.ch\/fr\/produit\/gril-citi-chef-40-freestanding-2\/#primaryimage","url":"https:\/\/shop.bantam.ch\/wp-content\/uploads\/2023\/03\/78722003-6525L1-10-Safari-Chef-30-Compact-scaled.jpg","contentUrl":"https:\/\/shop.bantam.ch\/wp-content\/uploads\/2023\/03\/78722003-6525L1-10-Safari-Chef-30-Compact-scaled.jpg","width":1048,"height":2048},{"@type":"BreadcrumbList","@id":"https:\/\/shop.bantam.ch\/fr\/produit\/gril-citi-chef-40-freestanding-2\/#breadcrumb","itemListElement":[{"@type":"ListItem","position":1,"name":"Accueil","item":"https:\/\/shop.bantam.ch\/fr\/"},{"@type":"ListItem","position":2,"name":"Boutique","item":"https:\/\/shop.bantam.ch\/fr\/boutique\/"},{"@type":"ListItem","position":3,"name":"Gril Safari Chef 30 Compact Deluxe"}]},{"@type":"WebSite","@id":"https:\/\/shop.bantam.ch\/fr\/#website","url":"https:\/\/shop.bantam.ch\/fr\/","name":"Bantam Wankm\u00fcller SA","description":"","publisher":{"@id":"https:\/\/shop.bantam.ch\/fr\/#organization"},"inLanguage":"fr-FR"},{"@type":"Organization","@id":"https:\/\/shop.bantam.ch\/fr\/#organization","name":"Bantam Wankm\u00fcller SA","url":"https:\/\/shop.bantam.ch\/fr\/","logo":{"@type":"ImageObject","inLanguage":"fr-FR","@id":"https:\/\/shop.bantam.ch\/fr\/#\/schema\/logo\/image\/","url":"https:\/\/shop.bantam.ch\/wp-content\/uploads\/2022\/12\/bantam-logo.png","contentUrl":"https:\/\/shop.bantam.ch\/wp-content\/uploads\/2022\/12\/bantam-logo.png","width":320,"height":71,"caption":"Bantam Wankm\u00fcller SA"},"image":{"@id":"https:\/\/shop.bantam.ch\/fr\/#\/schema\/logo\/image\/"}}]}},"_links":{"self":[{"href":"https:\/\/shop.bantam.ch\/fr\/wp-json\/wp\/v2\/product\/135757","targetHints":{"allow":["GET"]}}],"collection":[{"href":"https:\/\/shop.bantam.ch\/fr\/wp-json\/wp\/v2\/product"}],"about":[{"href":"https:\/\/shop.bantam.ch\/fr\/wp-json\/wp\/v2\/types\/product"}],"wp:featuredmedia":[{"embeddable":true,"href":"https:\/\/shop.bantam.ch\/fr\/wp-json\/wp\/v2\/media\/135745"}],"wp:attachment":[{"href":"https:\/\/shop.bantam.ch\/fr\/wp-json\/wp\/v2\/media?parent=135757"}],"wp:term":[{"taxonomy":"product_featured_cat","embeddable":true,"href":"https:\/\/shop.bantam.ch\/fr\/wp-json\/wp\/v2\/product_featured_cat?post=135757"},{"taxonomy":"product_brand","embeddable":true,"href":"https:\/\/shop.bantam.ch\/fr\/wp-json\/wp\/v2\/product_brand?post=135757"},{"taxonomy":"product_cat","embeddable":true,"href":"https:\/\/shop.bantam.ch\/fr\/wp-json\/wp\/v2\/product_cat?post=135757"},{"taxonomy":"product_tag","embeddable":true,"href":"https:\/\/shop.bantam.ch\/fr\/wp-json\/wp\/v2\/product_tag?post=135757"}],"curies":[{"name":"wp","href":"https:\/\/api.w.org\/{rel}","templated":true}]}}