{"id":135743,"date":"2023-03-01T18:39:37","date_gmt":"2023-03-01T17:39:37","guid":{"rendered":"https:\/\/shop.bantam.ch\/produit\/gril-citi-chef-40-freestanding\/"},"modified":"2026-04-18T21:58:21","modified_gmt":"2026-04-18T19:58:21","slug":"gril-citi-chef-40-freestanding","status":"publish","type":"product","link":"https:\/\/shop.bantam.ch\/fr\/produit\/gril-citi-chef-40-freestanding\/","title":{"rendered":"Safari Chef 30 Compact Lite"},"content":{"rendered":"<p class=\"MsoNormal\"><span lang=\"FR\">Barbecue \u00e0 gaz ultra compact (\u00f8 30cm), poids l\u00e9ger (3,8 kg), 4 surfaces de cuisson, allumage automatique, sac de rangement, support de casserole, grille BBQ, plaque de cuisson lisse et plat\/couvercle, garantie de 2 ans.<\/span><\/p>\n<p class=\"MsoNormal\"><span lang=\"FR\">Le nouveau Safari Chef 30 Compact est un barbecue \u00e0 gaz ultra compact et l\u00e9ger. Il fonctionne directement sur une cartouche de gaz de 227g. Il suffit de placer la cartouche de gaz dans l&rsquo;appareil, de cliquer pour la fixer et vous pouvez aussit\u00f4t commencer \u00e0 cuisiner ou \u00e0 faire un barbecue. Avec son format r\u00e9duit il est extr\u00eamement polyvalent gr\u00e2ce aux diff\u00e9rentes surfaces de cuisson : un support de casserole, une plancha, une grille et un plat (couvercle). Vous pouvez facilement faire cuire une soupe ou des p\u00e2tes sur le support de casserole. La grille et la plaque de cuisson sont dot\u00e9es du rev\u00eatement antiadh\u00e9sif GreenGrill de CADAC et sont parfaites pour cuire et griller de la viande, du poisson et des l\u00e9gumes. Le couvercle peut \u00e9galement \u00eatre utilis\u00e9 comme une casserole, ce qui le rend multifonctionnel. Le bac de r\u00e9cup\u00e9ration permet de r\u00e9cup\u00e9rer les r\u00e9sidus de cuisson lorsque vous utilisez la grille du barbecue, mais sert \u00e9galement de coupe-vent pour que le br\u00fbleur ne s&rsquo;\u00e9teigne pas.<\/span><\/p>\n<p class=\"MsoNormal\"><em><span lang=\"FR\">Remarque : la diff\u00e9rence entre Safari Chef 30 Compact &amp; Safari Chef 30 Compact Lite est la plaque de cuisson \/ plancha\u00a0(non incluse dans la version Lite).<\/span><\/em><\/p>\n","protected":false},"excerpt":{"rendered":"<p>Barbecue \u00e0 gaz ultra compact (\u00f8 30cm), poids l\u00e9ger (3,8 kg), 4 surfaces de cuisson, allumage automatique, sac de rangement, support de casserole, grille BBQ, plaque de cuisson lisse et plat\/couvercle, garantie de 2 ans. Le nouveau Safari Chef 30 Compact est un barbecue \u00e0 gaz ultra compact et l\u00e9ger. Il fonctionne directement sur une [&hellip;]<\/p>\n","protected":false},"featured_media":135735,"template":"","meta":{"_acf_changed":false},"product_featured_cat":[],"product_brand":[3668],"product_cat":[4339],"product_tag":[],"class_list":{"0":"post-135743","1":"product","2":"type-product","3":"status-publish","4":"has-post-thumbnail","6":"product_brand-cadac","7":"product_cat-accessoires-pour-barbecue","9":"first","10":"instock","11":"taxable","12":"shipping-taxable","13":"purchasable","14":"product-type-simple"},"acf":[],"yoast_head":"<!-- This site is optimized with the Yoast SEO plugin v27.4 - https:\/\/yoast.com\/product\/yoast-seo-wordpress\/ -->\n<title>Safari Chef 30 Compact Lite - Bantam Wankm\u00fcller SA<\/title>\n<meta name=\"robots\" content=\"index, follow, max-snippet:-1, max-image-preview:large, max-video-preview:-1\" \/>\n<link rel=\"canonical\" href=\"https:\/\/shop.bantam.ch\/fr\/produit\/gril-citi-chef-40-freestanding\/\" \/>\n<meta property=\"og:locale\" content=\"fr_FR\" \/>\n<meta property=\"og:type\" content=\"article\" \/>\n<meta property=\"og:title\" content=\"Safari Chef 30 Compact Lite - Bantam Wankm\u00fcller SA\" \/>\n<meta property=\"og:description\" content=\"Barbecue \u00e0 gaz ultra compact (\u00f8 30cm), poids l\u00e9ger (3,8 kg), 4 surfaces de cuisson, allumage automatique, sac de rangement, support de casserole, grille BBQ, plaque de cuisson lisse et plat\/couvercle, garantie de 2 ans. Le nouveau Safari Chef 30 Compact est un barbecue \u00e0 gaz ultra compact et l\u00e9ger. Il fonctionne directement sur une [&hellip;]\" \/>\n<meta property=\"og:url\" content=\"https:\/\/shop.bantam.ch\/fr\/produit\/gril-citi-chef-40-freestanding\/\" \/>\n<meta property=\"og:site_name\" content=\"Bantam Wankm\u00fcller SA\" \/>\n<meta property=\"article:modified_time\" content=\"2026-04-18T19:58:21+00:00\" \/>\n<meta property=\"og:image\" content=\"https:\/\/shop.bantam.ch\/wp-content\/uploads\/2023\/03\/78722003-et-78722004-6525L1-10-Safari-Chef-30-Compact-1.png\" \/>\n\t<meta property=\"og:image:width\" content=\"1449\" \/>\n\t<meta property=\"og:image:height\" content=\"1261\" \/>\n\t<meta property=\"og:image:type\" content=\"image\/png\" \/>\n<meta name=\"twitter:card\" content=\"summary_large_image\" \/>\n<meta name=\"twitter:label1\" content=\"Dur\u00e9e de lecture estim\u00e9e\" \/>\n\t<meta name=\"twitter:data1\" content=\"1 minute\" \/>\n<script type=\"application\/ld+json\" class=\"yoast-schema-graph\">{\"@context\":\"https:\\\/\\\/schema.org\",\"@graph\":[{\"@type\":\"WebPage\",\"@id\":\"https:\\\/\\\/shop.bantam.ch\\\/fr\\\/produit\\\/gril-citi-chef-40-freestanding\\\/\",\"url\":\"https:\\\/\\\/shop.bantam.ch\\\/fr\\\/produit\\\/gril-citi-chef-40-freestanding\\\/\",\"name\":\"Safari Chef 30 Compact Lite - Bantam Wankm\u00fcller SA\",\"isPartOf\":{\"@id\":\"https:\\\/\\\/shop.bantam.ch\\\/fr\\\/#website\"},\"primaryImageOfPage\":{\"@id\":\"https:\\\/\\\/shop.bantam.ch\\\/fr\\\/produit\\\/gril-citi-chef-40-freestanding\\\/#primaryimage\"},\"image\":{\"@id\":\"https:\\\/\\\/shop.bantam.ch\\\/fr\\\/produit\\\/gril-citi-chef-40-freestanding\\\/#primaryimage\"},\"thumbnailUrl\":\"https:\\\/\\\/shop.bantam.ch\\\/wp-content\\\/uploads\\\/2023\\\/03\\\/78722003-et-78722004-6525L1-10-Safari-Chef-30-Compact-1.png\",\"datePublished\":\"2023-03-01T17:39:37+00:00\",\"dateModified\":\"2026-04-18T19:58:21+00:00\",\"breadcrumb\":{\"@id\":\"https:\\\/\\\/shop.bantam.ch\\\/fr\\\/produit\\\/gril-citi-chef-40-freestanding\\\/#breadcrumb\"},\"inLanguage\":\"fr-FR\",\"potentialAction\":[{\"@type\":\"ReadAction\",\"target\":[\"https:\\\/\\\/shop.bantam.ch\\\/fr\\\/produit\\\/gril-citi-chef-40-freestanding\\\/\"]}]},{\"@type\":\"ImageObject\",\"inLanguage\":\"fr-FR\",\"@id\":\"https:\\\/\\\/shop.bantam.ch\\\/fr\\\/produit\\\/gril-citi-chef-40-freestanding\\\/#primaryimage\",\"url\":\"https:\\\/\\\/shop.bantam.ch\\\/wp-content\\\/uploads\\\/2023\\\/03\\\/78722003-et-78722004-6525L1-10-Safari-Chef-30-Compact-1.png\",\"contentUrl\":\"https:\\\/\\\/shop.bantam.ch\\\/wp-content\\\/uploads\\\/2023\\\/03\\\/78722003-et-78722004-6525L1-10-Safari-Chef-30-Compact-1.png\",\"width\":1449,\"height\":1261},{\"@type\":\"BreadcrumbList\",\"@id\":\"https:\\\/\\\/shop.bantam.ch\\\/fr\\\/produit\\\/gril-citi-chef-40-freestanding\\\/#breadcrumb\",\"itemListElement\":[{\"@type\":\"ListItem\",\"position\":1,\"name\":\"Accueil\",\"item\":\"https:\\\/\\\/shop.bantam.ch\\\/fr\\\/\"},{\"@type\":\"ListItem\",\"position\":2,\"name\":\"Boutique\",\"item\":\"https:\\\/\\\/shop.bantam.ch\\\/fr\\\/boutique\\\/\"},{\"@type\":\"ListItem\",\"position\":3,\"name\":\"Safari Chef 30 Compact Lite\"}]},{\"@type\":\"WebSite\",\"@id\":\"https:\\\/\\\/shop.bantam.ch\\\/fr\\\/#website\",\"url\":\"https:\\\/\\\/shop.bantam.ch\\\/fr\\\/\",\"name\":\"Bantam Wankm\u00fcller SA\",\"description\":\"\",\"publisher\":{\"@id\":\"https:\\\/\\\/shop.bantam.ch\\\/fr\\\/#organization\"},\"inLanguage\":\"fr-FR\"},{\"@type\":\"Organization\",\"@id\":\"https:\\\/\\\/shop.bantam.ch\\\/fr\\\/#organization\",\"name\":\"Bantam Wankm\u00fcller SA\",\"url\":\"https:\\\/\\\/shop.bantam.ch\\\/fr\\\/\",\"logo\":{\"@type\":\"ImageObject\",\"inLanguage\":\"fr-FR\",\"@id\":\"https:\\\/\\\/shop.bantam.ch\\\/fr\\\/#\\\/schema\\\/logo\\\/image\\\/\",\"url\":\"https:\\\/\\\/shop.bantam.ch\\\/wp-content\\\/uploads\\\/2022\\\/12\\\/bantam-logo.png\",\"contentUrl\":\"https:\\\/\\\/shop.bantam.ch\\\/wp-content\\\/uploads\\\/2022\\\/12\\\/bantam-logo.png\",\"width\":320,\"height\":71,\"caption\":\"Bantam Wankm\u00fcller SA\"},\"image\":{\"@id\":\"https:\\\/\\\/shop.bantam.ch\\\/fr\\\/#\\\/schema\\\/logo\\\/image\\\/\"}}]}<\/script>\n<!-- \/ Yoast SEO plugin. -->","yoast_head_json":{"title":"Safari Chef 30 Compact Lite - Bantam Wankm\u00fcller SA","robots":{"index":"index","follow":"follow","max-snippet":"max-snippet:-1","max-image-preview":"max-image-preview:large","max-video-preview":"max-video-preview:-1"},"canonical":"https:\/\/shop.bantam.ch\/fr\/produit\/gril-citi-chef-40-freestanding\/","og_locale":"fr_FR","og_type":"article","og_title":"Safari Chef 30 Compact Lite - Bantam Wankm\u00fcller SA","og_description":"Barbecue \u00e0 gaz ultra compact (\u00f8 30cm), poids l\u00e9ger (3,8 kg), 4 surfaces de cuisson, allumage automatique, sac de rangement, support de casserole, grille BBQ, plaque de cuisson lisse et plat\/couvercle, garantie de 2 ans. Le nouveau Safari Chef 30 Compact est un barbecue \u00e0 gaz ultra compact et l\u00e9ger. Il fonctionne directement sur une [&hellip;]","og_url":"https:\/\/shop.bantam.ch\/fr\/produit\/gril-citi-chef-40-freestanding\/","og_site_name":"Bantam Wankm\u00fcller SA","article_modified_time":"2026-04-18T19:58:21+00:00","og_image":[{"width":1449,"height":1261,"url":"https:\/\/shop.bantam.ch\/wp-content\/uploads\/2023\/03\/78722003-et-78722004-6525L1-10-Safari-Chef-30-Compact-1.png","type":"image\/png"}],"twitter_card":"summary_large_image","twitter_misc":{"Dur\u00e9e de lecture estim\u00e9e":"1 minute"},"schema":{"@context":"https:\/\/schema.org","@graph":[{"@type":"WebPage","@id":"https:\/\/shop.bantam.ch\/fr\/produit\/gril-citi-chef-40-freestanding\/","url":"https:\/\/shop.bantam.ch\/fr\/produit\/gril-citi-chef-40-freestanding\/","name":"Safari Chef 30 Compact Lite - Bantam Wankm\u00fcller SA","isPartOf":{"@id":"https:\/\/shop.bantam.ch\/fr\/#website"},"primaryImageOfPage":{"@id":"https:\/\/shop.bantam.ch\/fr\/produit\/gril-citi-chef-40-freestanding\/#primaryimage"},"image":{"@id":"https:\/\/shop.bantam.ch\/fr\/produit\/gril-citi-chef-40-freestanding\/#primaryimage"},"thumbnailUrl":"https:\/\/shop.bantam.ch\/wp-content\/uploads\/2023\/03\/78722003-et-78722004-6525L1-10-Safari-Chef-30-Compact-1.png","datePublished":"2023-03-01T17:39:37+00:00","dateModified":"2026-04-18T19:58:21+00:00","breadcrumb":{"@id":"https:\/\/shop.bantam.ch\/fr\/produit\/gril-citi-chef-40-freestanding\/#breadcrumb"},"inLanguage":"fr-FR","potentialAction":[{"@type":"ReadAction","target":["https:\/\/shop.bantam.ch\/fr\/produit\/gril-citi-chef-40-freestanding\/"]}]},{"@type":"ImageObject","inLanguage":"fr-FR","@id":"https:\/\/shop.bantam.ch\/fr\/produit\/gril-citi-chef-40-freestanding\/#primaryimage","url":"https:\/\/shop.bantam.ch\/wp-content\/uploads\/2023\/03\/78722003-et-78722004-6525L1-10-Safari-Chef-30-Compact-1.png","contentUrl":"https:\/\/shop.bantam.ch\/wp-content\/uploads\/2023\/03\/78722003-et-78722004-6525L1-10-Safari-Chef-30-Compact-1.png","width":1449,"height":1261},{"@type":"BreadcrumbList","@id":"https:\/\/shop.bantam.ch\/fr\/produit\/gril-citi-chef-40-freestanding\/#breadcrumb","itemListElement":[{"@type":"ListItem","position":1,"name":"Accueil","item":"https:\/\/shop.bantam.ch\/fr\/"},{"@type":"ListItem","position":2,"name":"Boutique","item":"https:\/\/shop.bantam.ch\/fr\/boutique\/"},{"@type":"ListItem","position":3,"name":"Safari Chef 30 Compact Lite"}]},{"@type":"WebSite","@id":"https:\/\/shop.bantam.ch\/fr\/#website","url":"https:\/\/shop.bantam.ch\/fr\/","name":"Bantam Wankm\u00fcller SA","description":"","publisher":{"@id":"https:\/\/shop.bantam.ch\/fr\/#organization"},"inLanguage":"fr-FR"},{"@type":"Organization","@id":"https:\/\/shop.bantam.ch\/fr\/#organization","name":"Bantam Wankm\u00fcller SA","url":"https:\/\/shop.bantam.ch\/fr\/","logo":{"@type":"ImageObject","inLanguage":"fr-FR","@id":"https:\/\/shop.bantam.ch\/fr\/#\/schema\/logo\/image\/","url":"https:\/\/shop.bantam.ch\/wp-content\/uploads\/2022\/12\/bantam-logo.png","contentUrl":"https:\/\/shop.bantam.ch\/wp-content\/uploads\/2022\/12\/bantam-logo.png","width":320,"height":71,"caption":"Bantam Wankm\u00fcller SA"},"image":{"@id":"https:\/\/shop.bantam.ch\/fr\/#\/schema\/logo\/image\/"}}]}},"_links":{"self":[{"href":"https:\/\/shop.bantam.ch\/fr\/wp-json\/wp\/v2\/product\/135743","targetHints":{"allow":["GET"]}}],"collection":[{"href":"https:\/\/shop.bantam.ch\/fr\/wp-json\/wp\/v2\/product"}],"about":[{"href":"https:\/\/shop.bantam.ch\/fr\/wp-json\/wp\/v2\/types\/product"}],"wp:featuredmedia":[{"embeddable":true,"href":"https:\/\/shop.bantam.ch\/fr\/wp-json\/wp\/v2\/media\/135735"}],"wp:attachment":[{"href":"https:\/\/shop.bantam.ch\/fr\/wp-json\/wp\/v2\/media?parent=135743"}],"wp:term":[{"taxonomy":"product_featured_cat","embeddable":true,"href":"https:\/\/shop.bantam.ch\/fr\/wp-json\/wp\/v2\/product_featured_cat?post=135743"},{"taxonomy":"product_brand","embeddable":true,"href":"https:\/\/shop.bantam.ch\/fr\/wp-json\/wp\/v2\/product_brand?post=135743"},{"taxonomy":"product_cat","embeddable":true,"href":"https:\/\/shop.bantam.ch\/fr\/wp-json\/wp\/v2\/product_cat?post=135743"},{"taxonomy":"product_tag","embeddable":true,"href":"https:\/\/shop.bantam.ch\/fr\/wp-json\/wp\/v2\/product_tag?post=135743"}],"curies":[{"name":"wp","href":"https:\/\/api.w.org\/{rel}","templated":true}]}}