{"id":134086,"date":"2023-03-01T17:29:54","date_gmt":"2023-03-01T16:29:54","guid":{"rendered":"https:\/\/shop.bantam.ch\/produit\/tapis-chill-urban-outdoor-largeewisham-l\/"},"modified":"2026-04-20T21:58:46","modified_gmt":"2026-04-20T19:58:46","slug":"tapis-chill-urban-outdoor-largeewisham-l","status":"publish","type":"product","link":"https:\/\/shop.bantam.ch\/fr\/produit\/tapis-chill-urban-outdoor-largeewisham-l\/","title":{"rendered":"Tapis Chill Bo-Camp Urban Outdoor Lewisham Large L"},"content":{"rendered":"<p>Un tapis tr\u00e8s \u00e9l\u00e9gant. \u00c0 motif des deux c\u00f4t\u00e9s, peut aussi \u00eatre utilis\u00e9 de part et d\u2019autre. Ce tapis r\u00e9siste \u00e0 l\u2019eau et aux moisissures et peut donc ainsi tr\u00e8s bien \u00eatre utilis\u00e9 comme couverture de pique-nique, dans la tente, sous l\u2019auvent, sur la plage ou dans le parc. 100 % polypropyl\u00e8ne de haute qualit\u00e9 et l\u00e9ger (380 g\/m\u00b2). De plus, ce tapis poss\u00e8de une dur\u00e9e de vie rallong\u00e9e gr\u00e2ce \u00e0 sa protection UV. Livr\u00e9e dans un \u00e9tui de transport pratique.<\/p>\n<ul>\n<li>Un tapis \u00e9l\u00e9gant et multifonctionnel<\/li>\n<li>utilisable deux faces<\/li>\n<li>\u00c9tanche, r\u00e9sistant aux UV<\/li>\n<\/ul>\n","protected":false},"excerpt":{"rendered":"<p>Un tapis tr\u00e8s \u00e9l\u00e9gant. \u00c0 motif des deux c\u00f4t\u00e9s, peut aussi \u00eatre utilis\u00e9 de part et d\u2019autre. Ce tapis r\u00e9siste \u00e0 l\u2019eau et aux moisissures et peut donc ainsi tr\u00e8s bien \u00eatre utilis\u00e9 comme couverture de pique-nique, dans la tente, sous l\u2019auvent, sur la plage ou dans le parc. 100 % polypropyl\u00e8ne de haute qualit\u00e9 [&hellip;]<\/p>\n","protected":false},"featured_media":134080,"template":"","meta":{"_acf_changed":false},"product_featured_cat":[],"product_brand":[3430],"product_cat":[4355],"product_tag":[],"class_list":{"0":"post-134086","1":"product","2":"type-product","3":"status-publish","4":"has-post-thumbnail","6":"product_brand-bo-camp","7":"product_cat-tapis-isolants","9":"first","10":"instock","11":"taxable","12":"shipping-taxable","13":"purchasable","14":"product-type-simple"},"acf":[],"yoast_head":"<!-- This site is optimized with the Yoast SEO plugin v27.4 - https:\/\/yoast.com\/product\/yoast-seo-wordpress\/ -->\n<title>Tapis Chill Bo-Camp Urban Outdoor Lewisham Large L - Bantam Wankm\u00fcller SA<\/title>\n<meta name=\"robots\" content=\"index, follow, max-snippet:-1, max-image-preview:large, max-video-preview:-1\" \/>\n<link rel=\"canonical\" href=\"https:\/\/shop.bantam.ch\/fr\/produit\/tapis-chill-urban-outdoor-largeewisham-l\/\" \/>\n<meta property=\"og:locale\" content=\"fr_FR\" \/>\n<meta property=\"og:type\" content=\"article\" \/>\n<meta property=\"og:title\" content=\"Tapis Chill Bo-Camp Urban Outdoor Lewisham Large L - Bantam Wankm\u00fcller SA\" \/>\n<meta property=\"og:description\" content=\"Un tapis tr\u00e8s \u00e9l\u00e9gant. \u00c0 motif des deux c\u00f4t\u00e9s, peut aussi \u00eatre utilis\u00e9 de part et d\u2019autre. Ce tapis r\u00e9siste \u00e0 l\u2019eau et aux moisissures et peut donc ainsi tr\u00e8s bien \u00eatre utilis\u00e9 comme couverture de pique-nique, dans la tente, sous l\u2019auvent, sur la plage ou dans le parc. 100 % polypropyl\u00e8ne de haute qualit\u00e9 [&hellip;]\" \/>\n<meta property=\"og:url\" content=\"https:\/\/shop.bantam.ch\/fr\/produit\/tapis-chill-urban-outdoor-largeewisham-l\/\" \/>\n<meta property=\"og:site_name\" content=\"Bantam Wankm\u00fcller SA\" \/>\n<meta property=\"article:modified_time\" content=\"2026-04-20T19:58:46+00:00\" \/>\n<meta property=\"og:image\" content=\"https:\/\/shop.bantam.ch\/wp-content\/uploads\/2023\/03\/9961352100-scaled.jpg\" \/>\n\t<meta property=\"og:image:width\" content=\"2220\" \/>\n\t<meta property=\"og:image:height\" content=\"2800\" \/>\n\t<meta property=\"og:image:type\" content=\"image\/jpeg\" \/>\n<meta name=\"twitter:card\" content=\"summary_large_image\" \/>\n<meta name=\"twitter:label1\" content=\"Dur\u00e9e de lecture estim\u00e9e\" \/>\n\t<meta name=\"twitter:data1\" content=\"1 minute\" \/>\n<script type=\"application\/ld+json\" class=\"yoast-schema-graph\">{\"@context\":\"https:\\\/\\\/schema.org\",\"@graph\":[{\"@type\":\"WebPage\",\"@id\":\"https:\\\/\\\/shop.bantam.ch\\\/fr\\\/produit\\\/tapis-chill-urban-outdoor-largeewisham-l\\\/\",\"url\":\"https:\\\/\\\/shop.bantam.ch\\\/fr\\\/produit\\\/tapis-chill-urban-outdoor-largeewisham-l\\\/\",\"name\":\"Tapis Chill Bo-Camp Urban Outdoor Lewisham Large L - Bantam Wankm\u00fcller SA\",\"isPartOf\":{\"@id\":\"https:\\\/\\\/shop.bantam.ch\\\/fr\\\/#website\"},\"primaryImageOfPage\":{\"@id\":\"https:\\\/\\\/shop.bantam.ch\\\/fr\\\/produit\\\/tapis-chill-urban-outdoor-largeewisham-l\\\/#primaryimage\"},\"image\":{\"@id\":\"https:\\\/\\\/shop.bantam.ch\\\/fr\\\/produit\\\/tapis-chill-urban-outdoor-largeewisham-l\\\/#primaryimage\"},\"thumbnailUrl\":\"https:\\\/\\\/shop.bantam.ch\\\/wp-content\\\/uploads\\\/2023\\\/03\\\/9961352100-scaled.jpg\",\"datePublished\":\"2023-03-01T16:29:54+00:00\",\"dateModified\":\"2026-04-20T19:58:46+00:00\",\"breadcrumb\":{\"@id\":\"https:\\\/\\\/shop.bantam.ch\\\/fr\\\/produit\\\/tapis-chill-urban-outdoor-largeewisham-l\\\/#breadcrumb\"},\"inLanguage\":\"fr-FR\",\"potentialAction\":[{\"@type\":\"ReadAction\",\"target\":[\"https:\\\/\\\/shop.bantam.ch\\\/fr\\\/produit\\\/tapis-chill-urban-outdoor-largeewisham-l\\\/\"]}]},{\"@type\":\"ImageObject\",\"inLanguage\":\"fr-FR\",\"@id\":\"https:\\\/\\\/shop.bantam.ch\\\/fr\\\/produit\\\/tapis-chill-urban-outdoor-largeewisham-l\\\/#primaryimage\",\"url\":\"https:\\\/\\\/shop.bantam.ch\\\/wp-content\\\/uploads\\\/2023\\\/03\\\/9961352100-scaled.jpg\",\"contentUrl\":\"https:\\\/\\\/shop.bantam.ch\\\/wp-content\\\/uploads\\\/2023\\\/03\\\/9961352100-scaled.jpg\",\"width\":1624,\"height\":2048},{\"@type\":\"BreadcrumbList\",\"@id\":\"https:\\\/\\\/shop.bantam.ch\\\/fr\\\/produit\\\/tapis-chill-urban-outdoor-largeewisham-l\\\/#breadcrumb\",\"itemListElement\":[{\"@type\":\"ListItem\",\"position\":1,\"name\":\"Accueil\",\"item\":\"https:\\\/\\\/shop.bantam.ch\\\/fr\\\/\"},{\"@type\":\"ListItem\",\"position\":2,\"name\":\"Boutique\",\"item\":\"https:\\\/\\\/shop.bantam.ch\\\/fr\\\/boutique\\\/\"},{\"@type\":\"ListItem\",\"position\":3,\"name\":\"Tapis Chill Bo-Camp Urban Outdoor Lewisham Large L\"}]},{\"@type\":\"WebSite\",\"@id\":\"https:\\\/\\\/shop.bantam.ch\\\/fr\\\/#website\",\"url\":\"https:\\\/\\\/shop.bantam.ch\\\/fr\\\/\",\"name\":\"Bantam Wankm\u00fcller SA\",\"description\":\"\",\"publisher\":{\"@id\":\"https:\\\/\\\/shop.bantam.ch\\\/fr\\\/#organization\"},\"inLanguage\":\"fr-FR\"},{\"@type\":\"Organization\",\"@id\":\"https:\\\/\\\/shop.bantam.ch\\\/fr\\\/#organization\",\"name\":\"Bantam Wankm\u00fcller SA\",\"url\":\"https:\\\/\\\/shop.bantam.ch\\\/fr\\\/\",\"logo\":{\"@type\":\"ImageObject\",\"inLanguage\":\"fr-FR\",\"@id\":\"https:\\\/\\\/shop.bantam.ch\\\/fr\\\/#\\\/schema\\\/logo\\\/image\\\/\",\"url\":\"https:\\\/\\\/shop.bantam.ch\\\/wp-content\\\/uploads\\\/2022\\\/12\\\/bantam-logo.png\",\"contentUrl\":\"https:\\\/\\\/shop.bantam.ch\\\/wp-content\\\/uploads\\\/2022\\\/12\\\/bantam-logo.png\",\"width\":320,\"height\":71,\"caption\":\"Bantam Wankm\u00fcller SA\"},\"image\":{\"@id\":\"https:\\\/\\\/shop.bantam.ch\\\/fr\\\/#\\\/schema\\\/logo\\\/image\\\/\"}}]}<\/script>\n<!-- \/ Yoast SEO plugin. -->","yoast_head_json":{"title":"Tapis Chill Bo-Camp Urban Outdoor Lewisham Large L - Bantam Wankm\u00fcller SA","robots":{"index":"index","follow":"follow","max-snippet":"max-snippet:-1","max-image-preview":"max-image-preview:large","max-video-preview":"max-video-preview:-1"},"canonical":"https:\/\/shop.bantam.ch\/fr\/produit\/tapis-chill-urban-outdoor-largeewisham-l\/","og_locale":"fr_FR","og_type":"article","og_title":"Tapis Chill Bo-Camp Urban Outdoor Lewisham Large L - Bantam Wankm\u00fcller SA","og_description":"Un tapis tr\u00e8s \u00e9l\u00e9gant. \u00c0 motif des deux c\u00f4t\u00e9s, peut aussi \u00eatre utilis\u00e9 de part et d\u2019autre. Ce tapis r\u00e9siste \u00e0 l\u2019eau et aux moisissures et peut donc ainsi tr\u00e8s bien \u00eatre utilis\u00e9 comme couverture de pique-nique, dans la tente, sous l\u2019auvent, sur la plage ou dans le parc. 100 % polypropyl\u00e8ne de haute qualit\u00e9 [&hellip;]","og_url":"https:\/\/shop.bantam.ch\/fr\/produit\/tapis-chill-urban-outdoor-largeewisham-l\/","og_site_name":"Bantam Wankm\u00fcller SA","article_modified_time":"2026-04-20T19:58:46+00:00","og_image":[{"width":2220,"height":2800,"url":"https:\/\/shop.bantam.ch\/wp-content\/uploads\/2023\/03\/9961352100-scaled.jpg","type":"image\/jpeg"}],"twitter_card":"summary_large_image","twitter_misc":{"Dur\u00e9e de lecture estim\u00e9e":"1 minute"},"schema":{"@context":"https:\/\/schema.org","@graph":[{"@type":"WebPage","@id":"https:\/\/shop.bantam.ch\/fr\/produit\/tapis-chill-urban-outdoor-largeewisham-l\/","url":"https:\/\/shop.bantam.ch\/fr\/produit\/tapis-chill-urban-outdoor-largeewisham-l\/","name":"Tapis Chill Bo-Camp Urban Outdoor Lewisham Large L - Bantam Wankm\u00fcller SA","isPartOf":{"@id":"https:\/\/shop.bantam.ch\/fr\/#website"},"primaryImageOfPage":{"@id":"https:\/\/shop.bantam.ch\/fr\/produit\/tapis-chill-urban-outdoor-largeewisham-l\/#primaryimage"},"image":{"@id":"https:\/\/shop.bantam.ch\/fr\/produit\/tapis-chill-urban-outdoor-largeewisham-l\/#primaryimage"},"thumbnailUrl":"https:\/\/shop.bantam.ch\/wp-content\/uploads\/2023\/03\/9961352100-scaled.jpg","datePublished":"2023-03-01T16:29:54+00:00","dateModified":"2026-04-20T19:58:46+00:00","breadcrumb":{"@id":"https:\/\/shop.bantam.ch\/fr\/produit\/tapis-chill-urban-outdoor-largeewisham-l\/#breadcrumb"},"inLanguage":"fr-FR","potentialAction":[{"@type":"ReadAction","target":["https:\/\/shop.bantam.ch\/fr\/produit\/tapis-chill-urban-outdoor-largeewisham-l\/"]}]},{"@type":"ImageObject","inLanguage":"fr-FR","@id":"https:\/\/shop.bantam.ch\/fr\/produit\/tapis-chill-urban-outdoor-largeewisham-l\/#primaryimage","url":"https:\/\/shop.bantam.ch\/wp-content\/uploads\/2023\/03\/9961352100-scaled.jpg","contentUrl":"https:\/\/shop.bantam.ch\/wp-content\/uploads\/2023\/03\/9961352100-scaled.jpg","width":1624,"height":2048},{"@type":"BreadcrumbList","@id":"https:\/\/shop.bantam.ch\/fr\/produit\/tapis-chill-urban-outdoor-largeewisham-l\/#breadcrumb","itemListElement":[{"@type":"ListItem","position":1,"name":"Accueil","item":"https:\/\/shop.bantam.ch\/fr\/"},{"@type":"ListItem","position":2,"name":"Boutique","item":"https:\/\/shop.bantam.ch\/fr\/boutique\/"},{"@type":"ListItem","position":3,"name":"Tapis Chill Bo-Camp Urban Outdoor Lewisham Large L"}]},{"@type":"WebSite","@id":"https:\/\/shop.bantam.ch\/fr\/#website","url":"https:\/\/shop.bantam.ch\/fr\/","name":"Bantam Wankm\u00fcller SA","description":"","publisher":{"@id":"https:\/\/shop.bantam.ch\/fr\/#organization"},"inLanguage":"fr-FR"},{"@type":"Organization","@id":"https:\/\/shop.bantam.ch\/fr\/#organization","name":"Bantam Wankm\u00fcller SA","url":"https:\/\/shop.bantam.ch\/fr\/","logo":{"@type":"ImageObject","inLanguage":"fr-FR","@id":"https:\/\/shop.bantam.ch\/fr\/#\/schema\/logo\/image\/","url":"https:\/\/shop.bantam.ch\/wp-content\/uploads\/2022\/12\/bantam-logo.png","contentUrl":"https:\/\/shop.bantam.ch\/wp-content\/uploads\/2022\/12\/bantam-logo.png","width":320,"height":71,"caption":"Bantam Wankm\u00fcller SA"},"image":{"@id":"https:\/\/shop.bantam.ch\/fr\/#\/schema\/logo\/image\/"}}]}},"_links":{"self":[{"href":"https:\/\/shop.bantam.ch\/fr\/wp-json\/wp\/v2\/product\/134086","targetHints":{"allow":["GET"]}}],"collection":[{"href":"https:\/\/shop.bantam.ch\/fr\/wp-json\/wp\/v2\/product"}],"about":[{"href":"https:\/\/shop.bantam.ch\/fr\/wp-json\/wp\/v2\/types\/product"}],"wp:featuredmedia":[{"embeddable":true,"href":"https:\/\/shop.bantam.ch\/fr\/wp-json\/wp\/v2\/media\/134080"}],"wp:attachment":[{"href":"https:\/\/shop.bantam.ch\/fr\/wp-json\/wp\/v2\/media?parent=134086"}],"wp:term":[{"taxonomy":"product_featured_cat","embeddable":true,"href":"https:\/\/shop.bantam.ch\/fr\/wp-json\/wp\/v2\/product_featured_cat?post=134086"},{"taxonomy":"product_brand","embeddable":true,"href":"https:\/\/shop.bantam.ch\/fr\/wp-json\/wp\/v2\/product_brand?post=134086"},{"taxonomy":"product_cat","embeddable":true,"href":"https:\/\/shop.bantam.ch\/fr\/wp-json\/wp\/v2\/product_cat?post=134086"},{"taxonomy":"product_tag","embeddable":true,"href":"https:\/\/shop.bantam.ch\/fr\/wp-json\/wp\/v2\/product_tag?post=134086"}],"curies":[{"name":"wp","href":"https:\/\/api.w.org\/{rel}","templated":true}]}}