{"id":134008,"date":"2023-03-01T17:28:36","date_gmt":"2023-03-01T16:28:36","guid":{"rendered":"https:\/\/shop.bantam.ch\/produit\/camera-de-recul-rear-angel-view-rav-md2-shutter-double-700-tvl\/"},"modified":"2026-04-18T21:58:07","modified_gmt":"2026-04-18T19:58:07","slug":"camera-de-recul-rear-angel-view-rav-md2-shutter-double-700-tvl","status":"publish","type":"product","link":"https:\/\/shop.bantam.ch\/fr\/produit\/camera-de-recul-rear-angel-view-rav-md2-shutter-double-700-tvl\/","title":{"rendered":"Cam\u00e9ra de recul CAR GUARD REAR ANGEL VIEW RAV-MD2 double obturateur 700 TVL"},"content":{"rendered":"<p>La cam\u00e9ra de recul double objectif RAV-MD2 extr\u00eamement solide et de haute qualit\u00e9 permet une utilisation sur des v\u00e9hicules de plusieurs secteurs gr\u00e2ce \u00e0 diverses possibilit\u00e9s de montage et est en outre prot\u00e9g\u00e9e contre le nettoyage \u00e0 pression. Avec nos cam\u00e9ras, vous pouvez am\u00e9liorer les syst\u00e8mes multim\u00e9dias et les syst\u00e8mes de navigation OEM en s\u00e9rie de diff\u00e9rents fabricants pour un syst\u00e8me vid\u00e9o \u00e0 part enti\u00e8re. Ici, vous trouverez l\u2019adaptateur ad\u00e9quat pour presque chaque \u00e9cran ou mod\u00e8le de v\u00e9hicule.<\/p>\n<ul>\n<li>Construit selon la classe de protection IP69K, les plus hautes<\/li>\n<li>normes de protection pour les composants des v\u00e9hicules<\/li>\n<li>Protection contre l\u2019eau lors de nettoyages haute pression<\/li>\n<li>Protection contre une immersion prolong\u00e9e<\/li>\n<li>Protection contre les corps \u00e9trangers\u00a0: absolument \u00e9tanche \u00e0 la poussi\u00e8re<\/li>\n<li>Protection contre les contacts et les chocs<\/li>\n<li>Utilisation de l&rsquo;\u00e9lectronique CCD Sony de qualit\u00e9 sup\u00e9rieure<\/li>\n<li>R\u00e9solution exceptionnelle : 610.000 Pixel avec 700 lignes TV<\/li>\n<li>Capteur d\u2019image : capteur CCD Sony 810 de haute qualit\u00e9<\/li>\n<li>Taille d\u2019image : 1\/3 pouce<\/li>\n<li>LED infrarouges \u00e9tiquet\u00e9es pour une image impeccable m\u00eame dans l&rsquo;obscurit\u00e9<\/li>\n<li>Vision nocturne jusqu&rsquo;\u00e0 12 m<\/li>\n<li>Bo\u00eetier de moulage sous pression, pieds et ouverture de protection solaire en aluminium laqu\u00e9 \u00e9poxy, prot\u00e9g\u00e9s contre la corrosion<\/li>\n<li>Raccords \u00e9tanches<\/li>\n<li>Sensibilit\u00e9 \u00e0 la lumi\u00e8re 0 lux<\/li>\n<li>R\u00e9sistant aux vibrations jusqu&rsquo;\u00e0 7G<\/li>\n<li>r\u00e9sistant aux chocs jusqu\u2019\u00e0 100G<\/li>\n<li>Compensation automatique du contre-jour<\/li>\n<li>R\u00e9glage de la luminosit\u00e9 et balance des blancs automatiques<\/li>\n<li>Focale cam\u00e9ra 2 : 2,9 mm, F 5,5<\/li>\n<li>Puissance absorb\u00e9e : &lt; 4 W<\/li>\n<li>Angle de vision de 150\u00b0 pour les distances courtes et 60\u00b0 pour les distances longues<\/li>\n<li>Pas de raccord de tension n\u00e9cessaire \u00e0 l&rsquo;arri\u00e8re du v\u00e9hicule<\/li>\n<li>Rapport signal\/bruit : &gt; 50 dB avec contr\u00f4le automatique du renforcement<\/li>\n<li>Sortie signal vid\u00e9o : 1 Vp-p, 75 ohms<\/li>\n<li>Alimentation \u00e9lectrique : 9-32V +\/-10%<\/li>\n<li>Alimentation \u00e9lectrique : &lt; 2,0 W par cam\u00e9ra<\/li>\n<li>Plage dynamique : 120 dB<\/li>\n<li>Plage de temp\u00e9rature de fonctionnement : &#8211; 30 \u00b0C \u00e0 70 \u00b0C<\/li>\n<li>Plage de temp\u00e9rature : &#8211; 40 \u00b0C bis 80 \u00b0C<\/li>\n<li>Image de la cam\u00e9ra pouvant \u00eatre mise en miroir<\/li>\n<li>Microphone int\u00e9gr\u00e9<\/li>\n<li>Chauffage contre l\u2019eau de condensation, rev\u00eatement lotus anti-bu\u00e9e<\/li>\n<li>Focale cam\u00e9ra 1 : 2,6 mm, F 2,0<\/li>\n<li>R\u00e9solution : 610.000 px<\/li>\n<li>Tension de service\u00a0: 9-32\u00a0V CC<\/li>\n<\/ul>\n<p>Contenu de la livraison :<br \/>Inclut cam\u00e9ra de recul en couleur (9-32V)<br \/>C\u00e2ble de branchement de 20 m\u00e8tres, adaptateur cam\u00e9ra Y<br \/>Bande d\u2019\u00e9tanch\u00e9it\u00e9<br \/>Anneaux d\u2019\u00e9tanch\u00e9it\u00e9 pour le guide-c\u00e2ble SPC<br \/>Cinch sur c\u00e2ble Cinch<br \/>2 pi\u00e8ces adaptateur 4Pin CGS sur 6Pin<br \/>3 pi\u00e8ces r\u00e9sistant aux chiffons de nettoyage jusqu\u2019\u00e0 100G<br \/>4 vis en m\u00e9tal<br \/>4 vis en plastique<br \/>4 vis \u00e0 filetage fin M5<\/p>\n","protected":false},"excerpt":{"rendered":"<p>La cam\u00e9ra de recul double objectif RAV-MD2 extr\u00eamement solide et de haute qualit\u00e9 permet une utilisation sur des v\u00e9hicules de plusieurs secteurs gr\u00e2ce \u00e0 diverses possibilit\u00e9s de montage et est en outre prot\u00e9g\u00e9e contre le nettoyage \u00e0 pression. Avec nos cam\u00e9ras, vous pouvez am\u00e9liorer les syst\u00e8mes multim\u00e9dias et les syst\u00e8mes de navigation OEM en s\u00e9rie [&hellip;]<\/p>\n","protected":false},"featured_media":134000,"template":"","meta":{"_acf_changed":false},"product_featured_cat":[],"product_brand":[3666],"product_cat":[5001],"product_tag":[],"class_list":{"0":"post-134008","1":"product","2":"type-product","3":"status-publish","4":"has-post-thumbnail","6":"product_brand-car-guard-systes","7":"product_cat-cameras","9":"first","10":"instock","11":"taxable","12":"shipping-taxable","13":"purchasable","14":"product-type-simple"},"acf":[],"yoast_head":"<!-- This site is optimized with the Yoast SEO plugin v27.4 - https:\/\/yoast.com\/product\/yoast-seo-wordpress\/ -->\n<title>Cam\u00e9ra de recul CAR GUARD REAR ANGEL VIEW RAV-MD2 double obturateur 700 TVL - Bantam Wankm\u00fcller SA<\/title>\n<meta name=\"robots\" content=\"index, follow, max-snippet:-1, max-image-preview:large, max-video-preview:-1\" \/>\n<link rel=\"canonical\" href=\"https:\/\/shop.bantam.ch\/fr\/produit\/camera-de-recul-rear-angel-view-rav-md2-shutter-double-700-tvl\/\" \/>\n<meta property=\"og:locale\" content=\"fr_FR\" \/>\n<meta property=\"og:type\" content=\"article\" \/>\n<meta property=\"og:title\" content=\"Cam\u00e9ra de recul CAR GUARD REAR ANGEL VIEW RAV-MD2 double obturateur 700 TVL - Bantam Wankm\u00fcller SA\" \/>\n<meta property=\"og:description\" content=\"La cam\u00e9ra de recul double objectif RAV-MD2 extr\u00eamement solide et de haute qualit\u00e9 permet une utilisation sur des v\u00e9hicules de plusieurs secteurs gr\u00e2ce \u00e0 diverses possibilit\u00e9s de montage et est en outre prot\u00e9g\u00e9e contre le nettoyage \u00e0 pression. Avec nos cam\u00e9ras, vous pouvez am\u00e9liorer les syst\u00e8mes multim\u00e9dias et les syst\u00e8mes de navigation OEM en s\u00e9rie [&hellip;]\" \/>\n<meta property=\"og:url\" content=\"https:\/\/shop.bantam.ch\/fr\/produit\/camera-de-recul-rear-angel-view-rav-md2-shutter-double-700-tvl\/\" \/>\n<meta property=\"og:site_name\" content=\"Bantam Wankm\u00fcller SA\" \/>\n<meta property=\"article:modified_time\" content=\"2026-04-18T19:58:07+00:00\" \/>\n<meta property=\"og:image\" content=\"https:\/\/shop.bantam.ch\/wp-content\/uploads\/2023\/03\/9961940100.jpg\" \/>\n\t<meta property=\"og:image:width\" content=\"1000\" \/>\n\t<meta property=\"og:image:height\" content=\"634\" \/>\n\t<meta property=\"og:image:type\" content=\"image\/jpeg\" \/>\n<meta name=\"twitter:card\" content=\"summary_large_image\" \/>\n<meta name=\"twitter:label1\" content=\"Dur\u00e9e de lecture estim\u00e9e\" \/>\n\t<meta name=\"twitter:data1\" content=\"2 minutes\" \/>\n<script type=\"application\/ld+json\" class=\"yoast-schema-graph\">{\"@context\":\"https:\\\/\\\/schema.org\",\"@graph\":[{\"@type\":\"WebPage\",\"@id\":\"https:\\\/\\\/shop.bantam.ch\\\/fr\\\/produit\\\/camera-de-recul-rear-angel-view-rav-md2-shutter-double-700-tvl\\\/\",\"url\":\"https:\\\/\\\/shop.bantam.ch\\\/fr\\\/produit\\\/camera-de-recul-rear-angel-view-rav-md2-shutter-double-700-tvl\\\/\",\"name\":\"Cam\u00e9ra de recul CAR GUARD REAR ANGEL VIEW RAV-MD2 double obturateur 700 TVL - Bantam Wankm\u00fcller SA\",\"isPartOf\":{\"@id\":\"https:\\\/\\\/shop.bantam.ch\\\/fr\\\/#website\"},\"primaryImageOfPage\":{\"@id\":\"https:\\\/\\\/shop.bantam.ch\\\/fr\\\/produit\\\/camera-de-recul-rear-angel-view-rav-md2-shutter-double-700-tvl\\\/#primaryimage\"},\"image\":{\"@id\":\"https:\\\/\\\/shop.bantam.ch\\\/fr\\\/produit\\\/camera-de-recul-rear-angel-view-rav-md2-shutter-double-700-tvl\\\/#primaryimage\"},\"thumbnailUrl\":\"https:\\\/\\\/shop.bantam.ch\\\/wp-content\\\/uploads\\\/2023\\\/03\\\/9961940100.jpg\",\"datePublished\":\"2023-03-01T16:28:36+00:00\",\"dateModified\":\"2026-04-18T19:58:07+00:00\",\"breadcrumb\":{\"@id\":\"https:\\\/\\\/shop.bantam.ch\\\/fr\\\/produit\\\/camera-de-recul-rear-angel-view-rav-md2-shutter-double-700-tvl\\\/#breadcrumb\"},\"inLanguage\":\"fr-FR\",\"potentialAction\":[{\"@type\":\"ReadAction\",\"target\":[\"https:\\\/\\\/shop.bantam.ch\\\/fr\\\/produit\\\/camera-de-recul-rear-angel-view-rav-md2-shutter-double-700-tvl\\\/\"]}]},{\"@type\":\"ImageObject\",\"inLanguage\":\"fr-FR\",\"@id\":\"https:\\\/\\\/shop.bantam.ch\\\/fr\\\/produit\\\/camera-de-recul-rear-angel-view-rav-md2-shutter-double-700-tvl\\\/#primaryimage\",\"url\":\"https:\\\/\\\/shop.bantam.ch\\\/wp-content\\\/uploads\\\/2023\\\/03\\\/9961940100.jpg\",\"contentUrl\":\"https:\\\/\\\/shop.bantam.ch\\\/wp-content\\\/uploads\\\/2023\\\/03\\\/9961940100.jpg\",\"width\":1000,\"height\":634},{\"@type\":\"BreadcrumbList\",\"@id\":\"https:\\\/\\\/shop.bantam.ch\\\/fr\\\/produit\\\/camera-de-recul-rear-angel-view-rav-md2-shutter-double-700-tvl\\\/#breadcrumb\",\"itemListElement\":[{\"@type\":\"ListItem\",\"position\":1,\"name\":\"Accueil\",\"item\":\"https:\\\/\\\/shop.bantam.ch\\\/fr\\\/\"},{\"@type\":\"ListItem\",\"position\":2,\"name\":\"Boutique\",\"item\":\"https:\\\/\\\/shop.bantam.ch\\\/fr\\\/boutique\\\/\"},{\"@type\":\"ListItem\",\"position\":3,\"name\":\"Cam\u00e9ra de recul CAR GUARD REAR ANGEL VIEW RAV-MD2 double obturateur 700 TVL\"}]},{\"@type\":\"WebSite\",\"@id\":\"https:\\\/\\\/shop.bantam.ch\\\/fr\\\/#website\",\"url\":\"https:\\\/\\\/shop.bantam.ch\\\/fr\\\/\",\"name\":\"Bantam Wankm\u00fcller SA\",\"description\":\"\",\"publisher\":{\"@id\":\"https:\\\/\\\/shop.bantam.ch\\\/fr\\\/#organization\"},\"inLanguage\":\"fr-FR\"},{\"@type\":\"Organization\",\"@id\":\"https:\\\/\\\/shop.bantam.ch\\\/fr\\\/#organization\",\"name\":\"Bantam Wankm\u00fcller SA\",\"url\":\"https:\\\/\\\/shop.bantam.ch\\\/fr\\\/\",\"logo\":{\"@type\":\"ImageObject\",\"inLanguage\":\"fr-FR\",\"@id\":\"https:\\\/\\\/shop.bantam.ch\\\/fr\\\/#\\\/schema\\\/logo\\\/image\\\/\",\"url\":\"https:\\\/\\\/shop.bantam.ch\\\/wp-content\\\/uploads\\\/2022\\\/12\\\/bantam-logo.png\",\"contentUrl\":\"https:\\\/\\\/shop.bantam.ch\\\/wp-content\\\/uploads\\\/2022\\\/12\\\/bantam-logo.png\",\"width\":320,\"height\":71,\"caption\":\"Bantam Wankm\u00fcller SA\"},\"image\":{\"@id\":\"https:\\\/\\\/shop.bantam.ch\\\/fr\\\/#\\\/schema\\\/logo\\\/image\\\/\"}}]}<\/script>\n<!-- \/ Yoast SEO plugin. -->","yoast_head_json":{"title":"Cam\u00e9ra de recul CAR GUARD REAR ANGEL VIEW RAV-MD2 double obturateur 700 TVL - Bantam Wankm\u00fcller SA","robots":{"index":"index","follow":"follow","max-snippet":"max-snippet:-1","max-image-preview":"max-image-preview:large","max-video-preview":"max-video-preview:-1"},"canonical":"https:\/\/shop.bantam.ch\/fr\/produit\/camera-de-recul-rear-angel-view-rav-md2-shutter-double-700-tvl\/","og_locale":"fr_FR","og_type":"article","og_title":"Cam\u00e9ra de recul CAR GUARD REAR ANGEL VIEW RAV-MD2 double obturateur 700 TVL - Bantam Wankm\u00fcller SA","og_description":"La cam\u00e9ra de recul double objectif RAV-MD2 extr\u00eamement solide et de haute qualit\u00e9 permet une utilisation sur des v\u00e9hicules de plusieurs secteurs gr\u00e2ce \u00e0 diverses possibilit\u00e9s de montage et est en outre prot\u00e9g\u00e9e contre le nettoyage \u00e0 pression. Avec nos cam\u00e9ras, vous pouvez am\u00e9liorer les syst\u00e8mes multim\u00e9dias et les syst\u00e8mes de navigation OEM en s\u00e9rie [&hellip;]","og_url":"https:\/\/shop.bantam.ch\/fr\/produit\/camera-de-recul-rear-angel-view-rav-md2-shutter-double-700-tvl\/","og_site_name":"Bantam Wankm\u00fcller SA","article_modified_time":"2026-04-18T19:58:07+00:00","og_image":[{"width":1000,"height":634,"url":"https:\/\/shop.bantam.ch\/wp-content\/uploads\/2023\/03\/9961940100.jpg","type":"image\/jpeg"}],"twitter_card":"summary_large_image","twitter_misc":{"Dur\u00e9e de lecture estim\u00e9e":"2 minutes"},"schema":{"@context":"https:\/\/schema.org","@graph":[{"@type":"WebPage","@id":"https:\/\/shop.bantam.ch\/fr\/produit\/camera-de-recul-rear-angel-view-rav-md2-shutter-double-700-tvl\/","url":"https:\/\/shop.bantam.ch\/fr\/produit\/camera-de-recul-rear-angel-view-rav-md2-shutter-double-700-tvl\/","name":"Cam\u00e9ra de recul CAR GUARD REAR ANGEL VIEW RAV-MD2 double obturateur 700 TVL - Bantam Wankm\u00fcller SA","isPartOf":{"@id":"https:\/\/shop.bantam.ch\/fr\/#website"},"primaryImageOfPage":{"@id":"https:\/\/shop.bantam.ch\/fr\/produit\/camera-de-recul-rear-angel-view-rav-md2-shutter-double-700-tvl\/#primaryimage"},"image":{"@id":"https:\/\/shop.bantam.ch\/fr\/produit\/camera-de-recul-rear-angel-view-rav-md2-shutter-double-700-tvl\/#primaryimage"},"thumbnailUrl":"https:\/\/shop.bantam.ch\/wp-content\/uploads\/2023\/03\/9961940100.jpg","datePublished":"2023-03-01T16:28:36+00:00","dateModified":"2026-04-18T19:58:07+00:00","breadcrumb":{"@id":"https:\/\/shop.bantam.ch\/fr\/produit\/camera-de-recul-rear-angel-view-rav-md2-shutter-double-700-tvl\/#breadcrumb"},"inLanguage":"fr-FR","potentialAction":[{"@type":"ReadAction","target":["https:\/\/shop.bantam.ch\/fr\/produit\/camera-de-recul-rear-angel-view-rav-md2-shutter-double-700-tvl\/"]}]},{"@type":"ImageObject","inLanguage":"fr-FR","@id":"https:\/\/shop.bantam.ch\/fr\/produit\/camera-de-recul-rear-angel-view-rav-md2-shutter-double-700-tvl\/#primaryimage","url":"https:\/\/shop.bantam.ch\/wp-content\/uploads\/2023\/03\/9961940100.jpg","contentUrl":"https:\/\/shop.bantam.ch\/wp-content\/uploads\/2023\/03\/9961940100.jpg","width":1000,"height":634},{"@type":"BreadcrumbList","@id":"https:\/\/shop.bantam.ch\/fr\/produit\/camera-de-recul-rear-angel-view-rav-md2-shutter-double-700-tvl\/#breadcrumb","itemListElement":[{"@type":"ListItem","position":1,"name":"Accueil","item":"https:\/\/shop.bantam.ch\/fr\/"},{"@type":"ListItem","position":2,"name":"Boutique","item":"https:\/\/shop.bantam.ch\/fr\/boutique\/"},{"@type":"ListItem","position":3,"name":"Cam\u00e9ra de recul CAR GUARD REAR ANGEL VIEW RAV-MD2 double obturateur 700 TVL"}]},{"@type":"WebSite","@id":"https:\/\/shop.bantam.ch\/fr\/#website","url":"https:\/\/shop.bantam.ch\/fr\/","name":"Bantam Wankm\u00fcller SA","description":"","publisher":{"@id":"https:\/\/shop.bantam.ch\/fr\/#organization"},"inLanguage":"fr-FR"},{"@type":"Organization","@id":"https:\/\/shop.bantam.ch\/fr\/#organization","name":"Bantam Wankm\u00fcller SA","url":"https:\/\/shop.bantam.ch\/fr\/","logo":{"@type":"ImageObject","inLanguage":"fr-FR","@id":"https:\/\/shop.bantam.ch\/fr\/#\/schema\/logo\/image\/","url":"https:\/\/shop.bantam.ch\/wp-content\/uploads\/2022\/12\/bantam-logo.png","contentUrl":"https:\/\/shop.bantam.ch\/wp-content\/uploads\/2022\/12\/bantam-logo.png","width":320,"height":71,"caption":"Bantam Wankm\u00fcller SA"},"image":{"@id":"https:\/\/shop.bantam.ch\/fr\/#\/schema\/logo\/image\/"}}]}},"_links":{"self":[{"href":"https:\/\/shop.bantam.ch\/fr\/wp-json\/wp\/v2\/product\/134008","targetHints":{"allow":["GET"]}}],"collection":[{"href":"https:\/\/shop.bantam.ch\/fr\/wp-json\/wp\/v2\/product"}],"about":[{"href":"https:\/\/shop.bantam.ch\/fr\/wp-json\/wp\/v2\/types\/product"}],"wp:featuredmedia":[{"embeddable":true,"href":"https:\/\/shop.bantam.ch\/fr\/wp-json\/wp\/v2\/media\/134000"}],"wp:attachment":[{"href":"https:\/\/shop.bantam.ch\/fr\/wp-json\/wp\/v2\/media?parent=134008"}],"wp:term":[{"taxonomy":"product_featured_cat","embeddable":true,"href":"https:\/\/shop.bantam.ch\/fr\/wp-json\/wp\/v2\/product_featured_cat?post=134008"},{"taxonomy":"product_brand","embeddable":true,"href":"https:\/\/shop.bantam.ch\/fr\/wp-json\/wp\/v2\/product_brand?post=134008"},{"taxonomy":"product_cat","embeddable":true,"href":"https:\/\/shop.bantam.ch\/fr\/wp-json\/wp\/v2\/product_cat?post=134008"},{"taxonomy":"product_tag","embeddable":true,"href":"https:\/\/shop.bantam.ch\/fr\/wp-json\/wp\/v2\/product_tag?post=134008"}],"curies":[{"name":"wp","href":"https:\/\/api.w.org\/{rel}","templated":true}]}}