{"id":133998,"date":"2023-03-01T17:28:30","date_gmt":"2023-03-01T16:28:30","guid":{"rendered":"https:\/\/shop.bantam.ch\/produit\/adaptateur-pour-branchement-des-cameras-cgs\/"},"modified":"2026-04-19T22:00:03","modified_gmt":"2026-04-19T20:00:03","slug":"adaptateur-pour-branchement-des-cameras-cgs","status":"publish","type":"product","link":"https:\/\/shop.bantam.ch\/fr\/produit\/adaptateur-pour-branchement-des-cameras-cgs\/","title":{"rendered":"Adaptateur CAR GUARD pour branchement cam\u00e9ras CGS sur c\u00e2ble de cam\u00e9ra Dometic ou \u00e9crans Dometic \u00e0pd 2010"},"content":{"rendered":"<p>Adaptateur CARGUARD ANGEL VIEW\u2122 pour le raccordement de toutes les cam\u00e9ras CGS sur des c\u00e2bles cam\u00e9ras ou \u00e9crans Dometic pr\u00e9-install\u00e9s &#8211; pour les produits Dometic \u00e0 partir de 2010<\/p>\n<p>Avec ce c\u00e2ble adaptateur, vous pouvez instantan\u00e9ment raccorder votre cam\u00e9ra CGS \u00e0 un \u00e9cran externe ou \u00e0 un c\u00e2ble.\u00a0Quand vous aimeriez raccorder plusieurs cam\u00e9ras mais qu\u2019un seul raccordement est disponible, vous devriez jeter un \u0153il \u00e0 nos bo\u00eetiers de communication. Vous pouvez y raccorder simultan\u00e9ment jusqu\u2019\u00e0 4 cam\u00e9ras et cet adaptateur, et ainsi afficher par ex. une cam\u00e9ra avant et arri\u00e8re, ainsi que deux cam\u00e9ras lat\u00e9rales en m\u00eame temps.<\/p>\n","protected":false},"excerpt":{"rendered":"<p>Adaptateur CARGUARD ANGEL VIEW\u2122 pour le raccordement de toutes les cam\u00e9ras CGS sur des c\u00e2bles cam\u00e9ras ou \u00e9crans Dometic pr\u00e9-install\u00e9s &#8211; pour les produits Dometic \u00e0 partir de 2010 Avec ce c\u00e2ble adaptateur, vous pouvez instantan\u00e9ment raccorder votre cam\u00e9ra CGS \u00e0 un \u00e9cran externe ou \u00e0 un c\u00e2ble.\u00a0Quand vous aimeriez raccorder plusieurs cam\u00e9ras mais qu\u2019un [&hellip;]<\/p>\n","protected":false},"featured_media":133996,"template":"","meta":{"_acf_changed":false},"product_featured_cat":[],"product_brand":[3486],"product_cat":[5003],"product_tag":[],"class_list":{"0":"post-133998","1":"product","2":"type-product","3":"status-publish","4":"has-post-thumbnail","6":"product_brand-car-guard-systems","7":"product_cat-accessoires-pour-cameras-de-recul","9":"first","10":"instock","11":"taxable","12":"shipping-taxable","13":"purchasable","14":"product-type-simple"},"acf":[],"yoast_head":"<!-- This site is optimized with the Yoast SEO plugin v27.4 - https:\/\/yoast.com\/product\/yoast-seo-wordpress\/ -->\n<title>Adaptateur CAR GUARD pour branchement cam\u00e9ras CGS sur c\u00e2ble de cam\u00e9ra Dometic ou \u00e9crans Dometic \u00e0pd 2010 - Bantam Wankm\u00fcller SA<\/title>\n<meta name=\"robots\" content=\"index, follow, max-snippet:-1, max-image-preview:large, max-video-preview:-1\" \/>\n<link rel=\"canonical\" href=\"https:\/\/shop.bantam.ch\/fr\/produit\/adaptateur-pour-branchement-des-cameras-cgs\/\" \/>\n<meta property=\"og:locale\" content=\"fr_FR\" \/>\n<meta property=\"og:type\" content=\"article\" \/>\n<meta property=\"og:title\" content=\"Adaptateur CAR GUARD pour branchement cam\u00e9ras CGS sur c\u00e2ble de cam\u00e9ra Dometic ou \u00e9crans Dometic \u00e0pd 2010 - Bantam Wankm\u00fcller SA\" \/>\n<meta property=\"og:description\" content=\"Adaptateur CARGUARD ANGEL VIEW\u2122 pour le raccordement de toutes les cam\u00e9ras CGS sur des c\u00e2bles cam\u00e9ras ou \u00e9crans Dometic pr\u00e9-install\u00e9s &#8211; pour les produits Dometic \u00e0 partir de 2010 Avec ce c\u00e2ble adaptateur, vous pouvez instantan\u00e9ment raccorder votre cam\u00e9ra CGS \u00e0 un \u00e9cran externe ou \u00e0 un c\u00e2ble.\u00a0Quand vous aimeriez raccorder plusieurs cam\u00e9ras mais qu\u2019un [&hellip;]\" \/>\n<meta property=\"og:url\" content=\"https:\/\/shop.bantam.ch\/fr\/produit\/adaptateur-pour-branchement-des-cameras-cgs\/\" \/>\n<meta property=\"og:site_name\" content=\"Bantam Wankm\u00fcller SA\" \/>\n<meta property=\"article:modified_time\" content=\"2026-04-19T20:00:03+00:00\" \/>\n<meta property=\"og:image\" content=\"https:\/\/shop.bantam.ch\/wp-content\/uploads\/2023\/03\/9961939100.jpg\" \/>\n\t<meta property=\"og:image:width\" content=\"1000\" \/>\n\t<meta property=\"og:image:height\" content=\"849\" \/>\n\t<meta property=\"og:image:type\" content=\"image\/jpeg\" \/>\n<meta name=\"twitter:card\" content=\"summary_large_image\" \/>\n<meta name=\"twitter:label1\" content=\"Dur\u00e9e de lecture estim\u00e9e\" \/>\n\t<meta name=\"twitter:data1\" content=\"1 minute\" \/>\n<script type=\"application\/ld+json\" class=\"yoast-schema-graph\">{\"@context\":\"https:\\\/\\\/schema.org\",\"@graph\":[{\"@type\":\"WebPage\",\"@id\":\"https:\\\/\\\/shop.bantam.ch\\\/fr\\\/produit\\\/adaptateur-pour-branchement-des-cameras-cgs\\\/\",\"url\":\"https:\\\/\\\/shop.bantam.ch\\\/fr\\\/produit\\\/adaptateur-pour-branchement-des-cameras-cgs\\\/\",\"name\":\"Adaptateur CAR GUARD pour branchement cam\u00e9ras CGS sur c\u00e2ble de cam\u00e9ra Dometic ou \u00e9crans Dometic \u00e0pd 2010 - Bantam Wankm\u00fcller SA\",\"isPartOf\":{\"@id\":\"https:\\\/\\\/shop.bantam.ch\\\/fr\\\/#website\"},\"primaryImageOfPage\":{\"@id\":\"https:\\\/\\\/shop.bantam.ch\\\/fr\\\/produit\\\/adaptateur-pour-branchement-des-cameras-cgs\\\/#primaryimage\"},\"image\":{\"@id\":\"https:\\\/\\\/shop.bantam.ch\\\/fr\\\/produit\\\/adaptateur-pour-branchement-des-cameras-cgs\\\/#primaryimage\"},\"thumbnailUrl\":\"https:\\\/\\\/shop.bantam.ch\\\/wp-content\\\/uploads\\\/2023\\\/03\\\/9961939100.jpg\",\"datePublished\":\"2023-03-01T16:28:30+00:00\",\"dateModified\":\"2026-04-19T20:00:03+00:00\",\"breadcrumb\":{\"@id\":\"https:\\\/\\\/shop.bantam.ch\\\/fr\\\/produit\\\/adaptateur-pour-branchement-des-cameras-cgs\\\/#breadcrumb\"},\"inLanguage\":\"fr-FR\",\"potentialAction\":[{\"@type\":\"ReadAction\",\"target\":[\"https:\\\/\\\/shop.bantam.ch\\\/fr\\\/produit\\\/adaptateur-pour-branchement-des-cameras-cgs\\\/\"]}]},{\"@type\":\"ImageObject\",\"inLanguage\":\"fr-FR\",\"@id\":\"https:\\\/\\\/shop.bantam.ch\\\/fr\\\/produit\\\/adaptateur-pour-branchement-des-cameras-cgs\\\/#primaryimage\",\"url\":\"https:\\\/\\\/shop.bantam.ch\\\/wp-content\\\/uploads\\\/2023\\\/03\\\/9961939100.jpg\",\"contentUrl\":\"https:\\\/\\\/shop.bantam.ch\\\/wp-content\\\/uploads\\\/2023\\\/03\\\/9961939100.jpg\",\"width\":1000,\"height\":849},{\"@type\":\"BreadcrumbList\",\"@id\":\"https:\\\/\\\/shop.bantam.ch\\\/fr\\\/produit\\\/adaptateur-pour-branchement-des-cameras-cgs\\\/#breadcrumb\",\"itemListElement\":[{\"@type\":\"ListItem\",\"position\":1,\"name\":\"Accueil\",\"item\":\"https:\\\/\\\/shop.bantam.ch\\\/fr\\\/\"},{\"@type\":\"ListItem\",\"position\":2,\"name\":\"Boutique\",\"item\":\"https:\\\/\\\/shop.bantam.ch\\\/fr\\\/boutique\\\/\"},{\"@type\":\"ListItem\",\"position\":3,\"name\":\"Adaptateur CAR GUARD pour branchement cam\u00e9ras CGS sur c\u00e2ble de cam\u00e9ra Dometic ou \u00e9crans Dometic \u00e0pd 2010\"}]},{\"@type\":\"WebSite\",\"@id\":\"https:\\\/\\\/shop.bantam.ch\\\/fr\\\/#website\",\"url\":\"https:\\\/\\\/shop.bantam.ch\\\/fr\\\/\",\"name\":\"Bantam Wankm\u00fcller SA\",\"description\":\"\",\"publisher\":{\"@id\":\"https:\\\/\\\/shop.bantam.ch\\\/fr\\\/#organization\"},\"inLanguage\":\"fr-FR\"},{\"@type\":\"Organization\",\"@id\":\"https:\\\/\\\/shop.bantam.ch\\\/fr\\\/#organization\",\"name\":\"Bantam Wankm\u00fcller SA\",\"url\":\"https:\\\/\\\/shop.bantam.ch\\\/fr\\\/\",\"logo\":{\"@type\":\"ImageObject\",\"inLanguage\":\"fr-FR\",\"@id\":\"https:\\\/\\\/shop.bantam.ch\\\/fr\\\/#\\\/schema\\\/logo\\\/image\\\/\",\"url\":\"https:\\\/\\\/shop.bantam.ch\\\/wp-content\\\/uploads\\\/2022\\\/12\\\/bantam-logo.png\",\"contentUrl\":\"https:\\\/\\\/shop.bantam.ch\\\/wp-content\\\/uploads\\\/2022\\\/12\\\/bantam-logo.png\",\"width\":320,\"height\":71,\"caption\":\"Bantam Wankm\u00fcller SA\"},\"image\":{\"@id\":\"https:\\\/\\\/shop.bantam.ch\\\/fr\\\/#\\\/schema\\\/logo\\\/image\\\/\"}}]}<\/script>\n<!-- \/ Yoast SEO plugin. -->","yoast_head_json":{"title":"Adaptateur CAR GUARD pour branchement cam\u00e9ras CGS sur c\u00e2ble de cam\u00e9ra Dometic ou \u00e9crans Dometic \u00e0pd 2010 - Bantam Wankm\u00fcller SA","robots":{"index":"index","follow":"follow","max-snippet":"max-snippet:-1","max-image-preview":"max-image-preview:large","max-video-preview":"max-video-preview:-1"},"canonical":"https:\/\/shop.bantam.ch\/fr\/produit\/adaptateur-pour-branchement-des-cameras-cgs\/","og_locale":"fr_FR","og_type":"article","og_title":"Adaptateur CAR GUARD pour branchement cam\u00e9ras CGS sur c\u00e2ble de cam\u00e9ra Dometic ou \u00e9crans Dometic \u00e0pd 2010 - Bantam Wankm\u00fcller SA","og_description":"Adaptateur CARGUARD ANGEL VIEW\u2122 pour le raccordement de toutes les cam\u00e9ras CGS sur des c\u00e2bles cam\u00e9ras ou \u00e9crans Dometic pr\u00e9-install\u00e9s &#8211; pour les produits Dometic \u00e0 partir de 2010 Avec ce c\u00e2ble adaptateur, vous pouvez instantan\u00e9ment raccorder votre cam\u00e9ra CGS \u00e0 un \u00e9cran externe ou \u00e0 un c\u00e2ble.\u00a0Quand vous aimeriez raccorder plusieurs cam\u00e9ras mais qu\u2019un [&hellip;]","og_url":"https:\/\/shop.bantam.ch\/fr\/produit\/adaptateur-pour-branchement-des-cameras-cgs\/","og_site_name":"Bantam Wankm\u00fcller SA","article_modified_time":"2026-04-19T20:00:03+00:00","og_image":[{"width":1000,"height":849,"url":"https:\/\/shop.bantam.ch\/wp-content\/uploads\/2023\/03\/9961939100.jpg","type":"image\/jpeg"}],"twitter_card":"summary_large_image","twitter_misc":{"Dur\u00e9e de lecture estim\u00e9e":"1 minute"},"schema":{"@context":"https:\/\/schema.org","@graph":[{"@type":"WebPage","@id":"https:\/\/shop.bantam.ch\/fr\/produit\/adaptateur-pour-branchement-des-cameras-cgs\/","url":"https:\/\/shop.bantam.ch\/fr\/produit\/adaptateur-pour-branchement-des-cameras-cgs\/","name":"Adaptateur CAR GUARD pour branchement cam\u00e9ras CGS sur c\u00e2ble de cam\u00e9ra Dometic ou \u00e9crans Dometic \u00e0pd 2010 - Bantam Wankm\u00fcller SA","isPartOf":{"@id":"https:\/\/shop.bantam.ch\/fr\/#website"},"primaryImageOfPage":{"@id":"https:\/\/shop.bantam.ch\/fr\/produit\/adaptateur-pour-branchement-des-cameras-cgs\/#primaryimage"},"image":{"@id":"https:\/\/shop.bantam.ch\/fr\/produit\/adaptateur-pour-branchement-des-cameras-cgs\/#primaryimage"},"thumbnailUrl":"https:\/\/shop.bantam.ch\/wp-content\/uploads\/2023\/03\/9961939100.jpg","datePublished":"2023-03-01T16:28:30+00:00","dateModified":"2026-04-19T20:00:03+00:00","breadcrumb":{"@id":"https:\/\/shop.bantam.ch\/fr\/produit\/adaptateur-pour-branchement-des-cameras-cgs\/#breadcrumb"},"inLanguage":"fr-FR","potentialAction":[{"@type":"ReadAction","target":["https:\/\/shop.bantam.ch\/fr\/produit\/adaptateur-pour-branchement-des-cameras-cgs\/"]}]},{"@type":"ImageObject","inLanguage":"fr-FR","@id":"https:\/\/shop.bantam.ch\/fr\/produit\/adaptateur-pour-branchement-des-cameras-cgs\/#primaryimage","url":"https:\/\/shop.bantam.ch\/wp-content\/uploads\/2023\/03\/9961939100.jpg","contentUrl":"https:\/\/shop.bantam.ch\/wp-content\/uploads\/2023\/03\/9961939100.jpg","width":1000,"height":849},{"@type":"BreadcrumbList","@id":"https:\/\/shop.bantam.ch\/fr\/produit\/adaptateur-pour-branchement-des-cameras-cgs\/#breadcrumb","itemListElement":[{"@type":"ListItem","position":1,"name":"Accueil","item":"https:\/\/shop.bantam.ch\/fr\/"},{"@type":"ListItem","position":2,"name":"Boutique","item":"https:\/\/shop.bantam.ch\/fr\/boutique\/"},{"@type":"ListItem","position":3,"name":"Adaptateur CAR GUARD pour branchement cam\u00e9ras CGS sur c\u00e2ble de cam\u00e9ra Dometic ou \u00e9crans Dometic \u00e0pd 2010"}]},{"@type":"WebSite","@id":"https:\/\/shop.bantam.ch\/fr\/#website","url":"https:\/\/shop.bantam.ch\/fr\/","name":"Bantam Wankm\u00fcller SA","description":"","publisher":{"@id":"https:\/\/shop.bantam.ch\/fr\/#organization"},"inLanguage":"fr-FR"},{"@type":"Organization","@id":"https:\/\/shop.bantam.ch\/fr\/#organization","name":"Bantam Wankm\u00fcller SA","url":"https:\/\/shop.bantam.ch\/fr\/","logo":{"@type":"ImageObject","inLanguage":"fr-FR","@id":"https:\/\/shop.bantam.ch\/fr\/#\/schema\/logo\/image\/","url":"https:\/\/shop.bantam.ch\/wp-content\/uploads\/2022\/12\/bantam-logo.png","contentUrl":"https:\/\/shop.bantam.ch\/wp-content\/uploads\/2022\/12\/bantam-logo.png","width":320,"height":71,"caption":"Bantam Wankm\u00fcller SA"},"image":{"@id":"https:\/\/shop.bantam.ch\/fr\/#\/schema\/logo\/image\/"}}]}},"_links":{"self":[{"href":"https:\/\/shop.bantam.ch\/fr\/wp-json\/wp\/v2\/product\/133998","targetHints":{"allow":["GET"]}}],"collection":[{"href":"https:\/\/shop.bantam.ch\/fr\/wp-json\/wp\/v2\/product"}],"about":[{"href":"https:\/\/shop.bantam.ch\/fr\/wp-json\/wp\/v2\/types\/product"}],"wp:featuredmedia":[{"embeddable":true,"href":"https:\/\/shop.bantam.ch\/fr\/wp-json\/wp\/v2\/media\/133996"}],"wp:attachment":[{"href":"https:\/\/shop.bantam.ch\/fr\/wp-json\/wp\/v2\/media?parent=133998"}],"wp:term":[{"taxonomy":"product_featured_cat","embeddable":true,"href":"https:\/\/shop.bantam.ch\/fr\/wp-json\/wp\/v2\/product_featured_cat?post=133998"},{"taxonomy":"product_brand","embeddable":true,"href":"https:\/\/shop.bantam.ch\/fr\/wp-json\/wp\/v2\/product_brand?post=133998"},{"taxonomy":"product_cat","embeddable":true,"href":"https:\/\/shop.bantam.ch\/fr\/wp-json\/wp\/v2\/product_cat?post=133998"},{"taxonomy":"product_tag","embeddable":true,"href":"https:\/\/shop.bantam.ch\/fr\/wp-json\/wp\/v2\/product_tag?post=133998"}],"curies":[{"name":"wp","href":"https:\/\/api.w.org\/{rel}","templated":true}]}}