{"id":133986,"date":"2023-03-01T17:28:10","date_gmt":"2023-03-01T16:28:10","guid":{"rendered":"https:\/\/shop.bantam.ch\/produit\/camera-de-recul-rear-angel-view-rav-m-mini-shutter-camera-de-recul\/"},"modified":"2026-04-20T00:03:02","modified_gmt":"2026-04-19T22:03:02","slug":"camera-de-recul-rear-angel-view-rav-m-mini-shutter-camera-de-recul","status":"publish","type":"product","link":"https:\/\/shop.bantam.ch\/fr\/produit\/camera-de-recul-rear-angel-view-rav-m-mini-shutter-camera-de-recul\/","title":{"rendered":"Cam\u00e9ra de recul REAR ANGEL VIEW RAV-M Mini Shutter-cam\u00e9ra de recul"},"content":{"rendered":"<p>Avec la cam\u00e9ra de recul haute qualit\u00e9 et extr\u00eamement r\u00e9sistante, vous pouvez faire \u00e9voluer les syst\u00e8mes multim\u00e9dias et les syst\u00e8mes de navigation OEM en s\u00e9rie de diff\u00e9rents fabricants pour un syst\u00e8me vid\u00e9o de cam\u00e9ra de recul \u00e0 part enti\u00e8re. Ici, vous trouverez l\u2019adaptateur ad\u00e9quat pour presque chaque mod\u00e8le de v\u00e9hicule. Un bon nombre de nos mod\u00e8les de navigation disposent d\u2019une entr\u00e9e cam\u00e9ra. Nos \u00e9crans AHD conviennent aux variantes Full HD. L&rsquo;image de la cam\u00e9ra s&rsquo;affiche sur l\u2019\u00e9cran lorsque la marche arri\u00e8re est engag\u00e9e. Pour utiliser plusieurs cam\u00e9ras, nous proposons diff\u00e9rentes bo\u00eetes de commutation individuellement d\u00e9coup\u00e9es selon vos besoins. La conception sophistiqu\u00e9e vous permet de choisir votre position de montage pr\u00e9f\u00e9r\u00e9e\u00a0: au-dessus de la t\u00eate, sur le ciel de toit, sur la paroi ou sur le sol. Le c\u00e2ble de branchement de la cam\u00e9ra est invisible et peut \u00eatre install\u00e9 de fa\u00e7on absolument \u00e9tanche.<\/p>\n<ul>\n<li>Construit selon la classe de protection IP69K,<\/li>\n<li>la norme de protection la plus \u00e9lev\u00e9e pour les composants des v\u00e9hicules<\/li>\n<li>Protection contre l\u2019eau lors de nettoyages haute pression<\/li>\n<li>Protection contre une immersion prolong\u00e9e<\/li>\n<li>Protection contre les corps \u00e9trangers\u00a0: absolument \u00e9tanche \u00e0 la poussi\u00e8re<\/li>\n<li>Protection contre les contacts et les chocs<\/li>\n<li>le bo\u00eetier de moulage sous pression en aluminium argent\u00e9 laqu\u00e9 \u00e9poxy est en outre prot\u00e9g\u00e9 gr\u00e2ce \u00e0 une ouverture \u00e0 protection solaire r\u00e9sistante \u00e0 la corrosion, un capuchon de fermeture moteur et un pied de montage de 2 mm d\u2019\u00e9paisseur anti-torsion en acier inoxydable<\/li>\n<li>Extr\u00eamement r\u00e9sistante aux branches, aux nettoyeurs haute pression, aux temp\u00eates, \u00e0 la salet\u00e9, aux conditions hivernales et \u00e0 la pluie<\/li>\n<li>Raccords \u00e0 vis \u00e9tanches<\/li>\n<li>Arr\u00eat de protection lors du blocage par un corps \u00e9tranger<\/li>\n<li>Taille d\u2019image 700 TVL model : 1\/3 pouces Sharp CCD model RJ2341BA0PB<\/li>\n<li>Taille d\u2019image 1080p model : Sony CMOS 1\/2,9 pouces<\/li>\n<li>Transmission d\u2019images rapide en temps r\u00e9el<\/li>\n<li>6 LED infrarouges de qualit\u00e9 sup\u00e9rieure pour une image impeccable m\u00eame dans l&rsquo;obscurit\u00e9<\/li>\n<li>Vision nocturne jusqu&rsquo;\u00e0 12 m<\/li>\n<li>Sensibilit\u00e9 \u00e0 la lumi\u00e8re :  0 Lux (avec IR la nuit), 0,1 Lux (au cours de la journ\u00e9e)<\/li>\n<li>R\u00e9sistant aux vibrations jusqu\u2019\u00e0 5G (700TVL) \/ jusqu\u2019\u00e0 10G (1080p)<\/li>\n<li>r\u00e9sistant aux chocs jusqu\u2019\u00e0 80G<\/li>\n<li>Microphone int\u00e9gr\u00e9<\/li>\n<li>Chauffage contre la formation de condensation\u00a0: actif en dessous de 10\u00a0\u00b0C<\/li>\n<li>L&rsquo;image de la cam\u00e9ra peut \u00eatre mise en miroir<\/li>\n<li>Compensation automatique du contre-jour<\/li>\n<li>R\u00e9glage de la luminosit\u00e9 et balance des blancs automatiques<\/li>\n<li>Syst\u00e8me TV : PAL (NTSC disponible sur demande)<\/li>\n<li>Rev\u00eatement lotus anti-bu\u00e9e<\/li>\n<li>Focale : f= 2,8 mm (700TVL) \/ f=3,6 mm (1080p)<\/li>\n<li>Zone de d\u00e9tection du capteur : 4,9 mm (h) x 3,7 mm (v)<\/li>\n<li>Puissance absorb\u00e9e :\n<li>Pas de raccord de tension n\u00e9cessaire \u00e0 l&rsquo;arri\u00e8re du v\u00e9hicule<\/li>\n<li>Sortie signal vid\u00e9o : 1 Vp-p, 75 ohms<\/li>\n<li>Consommation \u00e9lectrique en fonctionnement : au cours de la journ\u00e9e 88 mA, nuit 128 mA, maximalement : 535\u00a0mA<\/li>\n<li>Plage de temp\u00e9ratures de service\u00a0: -20\u00a0\u00b0 C \u00e0 70\u00a0\u00b0 C, humidit\u00e9 relative max. 95\u00a0%<\/li>\n<li>Plage de temp\u00e9ratures de support\u00a0: -40\u00a0\u00b0 C \u00e0 80\u00a0\u00b0 C, humidit\u00e9 relative max. 95\u00a0%<\/li>\n<li>Syst\u00e8me d\u2019affichage : 2:1 entrelac\u00e9 700TVL \/ progressif 1080p<\/li>\n<li>Synchronisation : interne<\/li>\n<li>Fr\u00e9quence de synchronisation horizontale : 15,63 Hz \/ 15,73 kHz<\/li>\n<li>Fr\u00e9quence de synchronisation verticale : 50 Hz \/ 60 Hz<\/li>\n<li>Gamma : 0,45<\/li>\n<li>Automatic level control<\/li>\n<li>Rapport signal-bruit : 48 dB 700TVL \/ 52 dB 1080p<\/li>\n<li>Temps de pose \u00e9lectronique : 1\/50 (PAL) ~ 1\/100.000 s<\/li>\n<\/ul>\n<p>Contenu de la livraison :<br \/>Inclut cam\u00e9ra de recul en couleur (9-32V)<br \/>C\u00e2ble de raccordement de 20 m\u00e8tres avec 4 connecteurs Pin Aviation<br \/>Adaptateur pour connecteur RCA (seulement en version analogique)<br \/>Plaque d\u2019\u00e9tanch\u00e9it\u00e9 en caoutchouc pour le pied de montage<br \/>Anneau d\u2019\u00e9tanch\u00e9it\u00e9 pour le guide-c\u00e2ble SPC<br \/>Jeu de vis pour fixer au v\u00e9hicule (2 pour t\u00f4le\/ 2 pour PVC\/ 2 avec pas de vis)<br \/>Guide de montage<\/p>\n","protected":false},"excerpt":{"rendered":"<p>Avec la cam\u00e9ra de recul haute qualit\u00e9 et extr\u00eamement r\u00e9sistante, vous pouvez faire \u00e9voluer les syst\u00e8mes multim\u00e9dias et les syst\u00e8mes de navigation OEM en s\u00e9rie de diff\u00e9rents fabricants pour un syst\u00e8me vid\u00e9o de cam\u00e9ra de recul \u00e0 part enti\u00e8re. Ici, vous trouverez l\u2019adaptateur ad\u00e9quat pour presque chaque mod\u00e8le de v\u00e9hicule. Un bon nombre de nos [&hellip;]<\/p>\n","protected":false},"featured_media":133950,"template":"","meta":{"_acf_changed":false},"product_featured_cat":[],"product_brand":[3486],"product_cat":[5001],"product_tag":[],"class_list":{"0":"post-133986","1":"product","2":"type-product","3":"status-publish","4":"has-post-thumbnail","6":"product_brand-car-guard-systems","7":"product_cat-cameras","9":"first","10":"instock","11":"taxable","12":"shipping-taxable","13":"purchasable","14":"product-type-variable"},"acf":[],"yoast_head":"<!-- This site is optimized with the Yoast SEO plugin v27.4 - https:\/\/yoast.com\/product\/yoast-seo-wordpress\/ -->\n<title>Cam\u00e9ra de recul REAR ANGEL VIEW RAV-M Mini Shutter-cam\u00e9ra de recul - Bantam Wankm\u00fcller SA<\/title>\n<meta name=\"robots\" content=\"index, follow, max-snippet:-1, max-image-preview:large, max-video-preview:-1\" \/>\n<link rel=\"canonical\" href=\"https:\/\/shop.bantam.ch\/fr\/produit\/camera-de-recul-rear-angel-view-rav-m-mini-shutter-camera-de-recul\/\" \/>\n<meta property=\"og:locale\" content=\"fr_FR\" \/>\n<meta property=\"og:type\" content=\"article\" \/>\n<meta property=\"og:title\" content=\"Cam\u00e9ra de recul REAR ANGEL VIEW RAV-M Mini Shutter-cam\u00e9ra de recul - Bantam Wankm\u00fcller SA\" \/>\n<meta property=\"og:description\" content=\"Avec la cam\u00e9ra de recul haute qualit\u00e9 et extr\u00eamement r\u00e9sistante, vous pouvez faire \u00e9voluer les syst\u00e8mes multim\u00e9dias et les syst\u00e8mes de navigation OEM en s\u00e9rie de diff\u00e9rents fabricants pour un syst\u00e8me vid\u00e9o de cam\u00e9ra de recul \u00e0 part enti\u00e8re. Ici, vous trouverez l\u2019adaptateur ad\u00e9quat pour presque chaque mod\u00e8le de v\u00e9hicule. Un bon nombre de nos [&hellip;]\" \/>\n<meta property=\"og:url\" content=\"https:\/\/shop.bantam.ch\/fr\/produit\/camera-de-recul-rear-angel-view-rav-m-mini-shutter-camera-de-recul\/\" \/>\n<meta property=\"og:site_name\" content=\"Bantam Wankm\u00fcller SA\" \/>\n<meta property=\"article:modified_time\" content=\"2026-04-19T22:03:02+00:00\" \/>\n<meta property=\"og:image\" content=\"https:\/\/shop.bantam.ch\/wp-content\/uploads\/2023\/03\/9961937100.jpg\" \/>\n\t<meta property=\"og:image:width\" content=\"1000\" \/>\n\t<meta property=\"og:image:height\" content=\"803\" \/>\n\t<meta property=\"og:image:type\" content=\"image\/jpeg\" \/>\n<meta name=\"twitter:card\" content=\"summary_large_image\" \/>\n<meta name=\"twitter:label1\" content=\"Dur\u00e9e de lecture estim\u00e9e\" \/>\n\t<meta name=\"twitter:data1\" content=\"3 minutes\" \/>\n<script type=\"application\/ld+json\" class=\"yoast-schema-graph\">{\"@context\":\"https:\\\/\\\/schema.org\",\"@graph\":[{\"@type\":\"WebPage\",\"@id\":\"https:\\\/\\\/shop.bantam.ch\\\/fr\\\/produit\\\/camera-de-recul-rear-angel-view-rav-m-mini-shutter-camera-de-recul\\\/\",\"url\":\"https:\\\/\\\/shop.bantam.ch\\\/fr\\\/produit\\\/camera-de-recul-rear-angel-view-rav-m-mini-shutter-camera-de-recul\\\/\",\"name\":\"Cam\u00e9ra de recul REAR ANGEL VIEW RAV-M Mini Shutter-cam\u00e9ra de recul - Bantam Wankm\u00fcller SA\",\"isPartOf\":{\"@id\":\"https:\\\/\\\/shop.bantam.ch\\\/fr\\\/#website\"},\"primaryImageOfPage\":{\"@id\":\"https:\\\/\\\/shop.bantam.ch\\\/fr\\\/produit\\\/camera-de-recul-rear-angel-view-rav-m-mini-shutter-camera-de-recul\\\/#primaryimage\"},\"image\":{\"@id\":\"https:\\\/\\\/shop.bantam.ch\\\/fr\\\/produit\\\/camera-de-recul-rear-angel-view-rav-m-mini-shutter-camera-de-recul\\\/#primaryimage\"},\"thumbnailUrl\":\"https:\\\/\\\/shop.bantam.ch\\\/wp-content\\\/uploads\\\/2023\\\/03\\\/9961937100.jpg\",\"datePublished\":\"2023-03-01T16:28:10+00:00\",\"dateModified\":\"2026-04-19T22:03:02+00:00\",\"breadcrumb\":{\"@id\":\"https:\\\/\\\/shop.bantam.ch\\\/fr\\\/produit\\\/camera-de-recul-rear-angel-view-rav-m-mini-shutter-camera-de-recul\\\/#breadcrumb\"},\"inLanguage\":\"fr-FR\",\"potentialAction\":[{\"@type\":\"ReadAction\",\"target\":[\"https:\\\/\\\/shop.bantam.ch\\\/fr\\\/produit\\\/camera-de-recul-rear-angel-view-rav-m-mini-shutter-camera-de-recul\\\/\"]}]},{\"@type\":\"ImageObject\",\"inLanguage\":\"fr-FR\",\"@id\":\"https:\\\/\\\/shop.bantam.ch\\\/fr\\\/produit\\\/camera-de-recul-rear-angel-view-rav-m-mini-shutter-camera-de-recul\\\/#primaryimage\",\"url\":\"https:\\\/\\\/shop.bantam.ch\\\/wp-content\\\/uploads\\\/2023\\\/03\\\/9961937100.jpg\",\"contentUrl\":\"https:\\\/\\\/shop.bantam.ch\\\/wp-content\\\/uploads\\\/2023\\\/03\\\/9961937100.jpg\",\"width\":1000,\"height\":803},{\"@type\":\"BreadcrumbList\",\"@id\":\"https:\\\/\\\/shop.bantam.ch\\\/fr\\\/produit\\\/camera-de-recul-rear-angel-view-rav-m-mini-shutter-camera-de-recul\\\/#breadcrumb\",\"itemListElement\":[{\"@type\":\"ListItem\",\"position\":1,\"name\":\"Accueil\",\"item\":\"https:\\\/\\\/shop.bantam.ch\\\/fr\\\/\"},{\"@type\":\"ListItem\",\"position\":2,\"name\":\"Boutique\",\"item\":\"https:\\\/\\\/shop.bantam.ch\\\/fr\\\/boutique\\\/\"},{\"@type\":\"ListItem\",\"position\":3,\"name\":\"Cam\u00e9ra de recul REAR ANGEL VIEW RAV-M Mini Shutter-cam\u00e9ra de recul\"}]},{\"@type\":\"WebSite\",\"@id\":\"https:\\\/\\\/shop.bantam.ch\\\/fr\\\/#website\",\"url\":\"https:\\\/\\\/shop.bantam.ch\\\/fr\\\/\",\"name\":\"Bantam Wankm\u00fcller SA\",\"description\":\"\",\"publisher\":{\"@id\":\"https:\\\/\\\/shop.bantam.ch\\\/fr\\\/#organization\"},\"inLanguage\":\"fr-FR\"},{\"@type\":\"Organization\",\"@id\":\"https:\\\/\\\/shop.bantam.ch\\\/fr\\\/#organization\",\"name\":\"Bantam Wankm\u00fcller SA\",\"url\":\"https:\\\/\\\/shop.bantam.ch\\\/fr\\\/\",\"logo\":{\"@type\":\"ImageObject\",\"inLanguage\":\"fr-FR\",\"@id\":\"https:\\\/\\\/shop.bantam.ch\\\/fr\\\/#\\\/schema\\\/logo\\\/image\\\/\",\"url\":\"https:\\\/\\\/shop.bantam.ch\\\/wp-content\\\/uploads\\\/2022\\\/12\\\/bantam-logo.png\",\"contentUrl\":\"https:\\\/\\\/shop.bantam.ch\\\/wp-content\\\/uploads\\\/2022\\\/12\\\/bantam-logo.png\",\"width\":320,\"height\":71,\"caption\":\"Bantam Wankm\u00fcller SA\"},\"image\":{\"@id\":\"https:\\\/\\\/shop.bantam.ch\\\/fr\\\/#\\\/schema\\\/logo\\\/image\\\/\"}}]}<\/script>\n<!-- \/ Yoast SEO plugin. -->","yoast_head_json":{"title":"Cam\u00e9ra de recul REAR ANGEL VIEW RAV-M Mini Shutter-cam\u00e9ra de recul - Bantam Wankm\u00fcller SA","robots":{"index":"index","follow":"follow","max-snippet":"max-snippet:-1","max-image-preview":"max-image-preview:large","max-video-preview":"max-video-preview:-1"},"canonical":"https:\/\/shop.bantam.ch\/fr\/produit\/camera-de-recul-rear-angel-view-rav-m-mini-shutter-camera-de-recul\/","og_locale":"fr_FR","og_type":"article","og_title":"Cam\u00e9ra de recul REAR ANGEL VIEW RAV-M Mini Shutter-cam\u00e9ra de recul - Bantam Wankm\u00fcller SA","og_description":"Avec la cam\u00e9ra de recul haute qualit\u00e9 et extr\u00eamement r\u00e9sistante, vous pouvez faire \u00e9voluer les syst\u00e8mes multim\u00e9dias et les syst\u00e8mes de navigation OEM en s\u00e9rie de diff\u00e9rents fabricants pour un syst\u00e8me vid\u00e9o de cam\u00e9ra de recul \u00e0 part enti\u00e8re. Ici, vous trouverez l\u2019adaptateur ad\u00e9quat pour presque chaque mod\u00e8le de v\u00e9hicule. Un bon nombre de nos [&hellip;]","og_url":"https:\/\/shop.bantam.ch\/fr\/produit\/camera-de-recul-rear-angel-view-rav-m-mini-shutter-camera-de-recul\/","og_site_name":"Bantam Wankm\u00fcller SA","article_modified_time":"2026-04-19T22:03:02+00:00","og_image":[{"width":1000,"height":803,"url":"https:\/\/shop.bantam.ch\/wp-content\/uploads\/2023\/03\/9961937100.jpg","type":"image\/jpeg"}],"twitter_card":"summary_large_image","twitter_misc":{"Dur\u00e9e de lecture estim\u00e9e":"3 minutes"},"schema":{"@context":"https:\/\/schema.org","@graph":[{"@type":"WebPage","@id":"https:\/\/shop.bantam.ch\/fr\/produit\/camera-de-recul-rear-angel-view-rav-m-mini-shutter-camera-de-recul\/","url":"https:\/\/shop.bantam.ch\/fr\/produit\/camera-de-recul-rear-angel-view-rav-m-mini-shutter-camera-de-recul\/","name":"Cam\u00e9ra de recul REAR ANGEL VIEW RAV-M Mini Shutter-cam\u00e9ra de recul - Bantam Wankm\u00fcller SA","isPartOf":{"@id":"https:\/\/shop.bantam.ch\/fr\/#website"},"primaryImageOfPage":{"@id":"https:\/\/shop.bantam.ch\/fr\/produit\/camera-de-recul-rear-angel-view-rav-m-mini-shutter-camera-de-recul\/#primaryimage"},"image":{"@id":"https:\/\/shop.bantam.ch\/fr\/produit\/camera-de-recul-rear-angel-view-rav-m-mini-shutter-camera-de-recul\/#primaryimage"},"thumbnailUrl":"https:\/\/shop.bantam.ch\/wp-content\/uploads\/2023\/03\/9961937100.jpg","datePublished":"2023-03-01T16:28:10+00:00","dateModified":"2026-04-19T22:03:02+00:00","breadcrumb":{"@id":"https:\/\/shop.bantam.ch\/fr\/produit\/camera-de-recul-rear-angel-view-rav-m-mini-shutter-camera-de-recul\/#breadcrumb"},"inLanguage":"fr-FR","potentialAction":[{"@type":"ReadAction","target":["https:\/\/shop.bantam.ch\/fr\/produit\/camera-de-recul-rear-angel-view-rav-m-mini-shutter-camera-de-recul\/"]}]},{"@type":"ImageObject","inLanguage":"fr-FR","@id":"https:\/\/shop.bantam.ch\/fr\/produit\/camera-de-recul-rear-angel-view-rav-m-mini-shutter-camera-de-recul\/#primaryimage","url":"https:\/\/shop.bantam.ch\/wp-content\/uploads\/2023\/03\/9961937100.jpg","contentUrl":"https:\/\/shop.bantam.ch\/wp-content\/uploads\/2023\/03\/9961937100.jpg","width":1000,"height":803},{"@type":"BreadcrumbList","@id":"https:\/\/shop.bantam.ch\/fr\/produit\/camera-de-recul-rear-angel-view-rav-m-mini-shutter-camera-de-recul\/#breadcrumb","itemListElement":[{"@type":"ListItem","position":1,"name":"Accueil","item":"https:\/\/shop.bantam.ch\/fr\/"},{"@type":"ListItem","position":2,"name":"Boutique","item":"https:\/\/shop.bantam.ch\/fr\/boutique\/"},{"@type":"ListItem","position":3,"name":"Cam\u00e9ra de recul REAR ANGEL VIEW RAV-M Mini Shutter-cam\u00e9ra de recul"}]},{"@type":"WebSite","@id":"https:\/\/shop.bantam.ch\/fr\/#website","url":"https:\/\/shop.bantam.ch\/fr\/","name":"Bantam Wankm\u00fcller SA","description":"","publisher":{"@id":"https:\/\/shop.bantam.ch\/fr\/#organization"},"inLanguage":"fr-FR"},{"@type":"Organization","@id":"https:\/\/shop.bantam.ch\/fr\/#organization","name":"Bantam Wankm\u00fcller SA","url":"https:\/\/shop.bantam.ch\/fr\/","logo":{"@type":"ImageObject","inLanguage":"fr-FR","@id":"https:\/\/shop.bantam.ch\/fr\/#\/schema\/logo\/image\/","url":"https:\/\/shop.bantam.ch\/wp-content\/uploads\/2022\/12\/bantam-logo.png","contentUrl":"https:\/\/shop.bantam.ch\/wp-content\/uploads\/2022\/12\/bantam-logo.png","width":320,"height":71,"caption":"Bantam Wankm\u00fcller SA"},"image":{"@id":"https:\/\/shop.bantam.ch\/fr\/#\/schema\/logo\/image\/"}}]}},"_links":{"self":[{"href":"https:\/\/shop.bantam.ch\/fr\/wp-json\/wp\/v2\/product\/133986","targetHints":{"allow":["GET"]}}],"collection":[{"href":"https:\/\/shop.bantam.ch\/fr\/wp-json\/wp\/v2\/product"}],"about":[{"href":"https:\/\/shop.bantam.ch\/fr\/wp-json\/wp\/v2\/types\/product"}],"wp:featuredmedia":[{"embeddable":true,"href":"https:\/\/shop.bantam.ch\/fr\/wp-json\/wp\/v2\/media\/133950"}],"wp:attachment":[{"href":"https:\/\/shop.bantam.ch\/fr\/wp-json\/wp\/v2\/media?parent=133986"}],"wp:term":[{"taxonomy":"product_featured_cat","embeddable":true,"href":"https:\/\/shop.bantam.ch\/fr\/wp-json\/wp\/v2\/product_featured_cat?post=133986"},{"taxonomy":"product_brand","embeddable":true,"href":"https:\/\/shop.bantam.ch\/fr\/wp-json\/wp\/v2\/product_brand?post=133986"},{"taxonomy":"product_cat","embeddable":true,"href":"https:\/\/shop.bantam.ch\/fr\/wp-json\/wp\/v2\/product_cat?post=133986"},{"taxonomy":"product_tag","embeddable":true,"href":"https:\/\/shop.bantam.ch\/fr\/wp-json\/wp\/v2\/product_tag?post=133986"}],"curies":[{"name":"wp","href":"https:\/\/api.w.org\/{rel}","templated":true}]}}