{"id":133940,"date":"2024-06-28T17:27:51","date_gmt":"2024-06-28T15:27:51","guid":{"rendered":"https:\/\/shop.bantam.ch\/produit\/table-dappoint-urban-outdoor-carnaby\/"},"modified":"2026-05-03T21:55:59","modified_gmt":"2026-05-03T19:55:59","slug":"table-dappoint-urban-outdoor-carnaby","status":"publish","type":"product","link":"https:\/\/shop.bantam.ch\/fr\/produit\/table-dappoint-urban-outdoor-carnaby\/","title":{"rendered":"Table d&rsquo;appoint Bo-Camp Urban Outdoor Carnaby"},"content":{"rendered":"<p>Une table basse compacte et tendance de la collection Industrial. La table est compacte porTisch gr\u00e2ce aux pieds en acier pliables. La plaque d\u2019acier de cette table est amovible et peut aussi \u00eatre utilis\u00e9e comme tableau de service. Pas seulement tr\u00e8s pratique, mais aussi d\u00e9corative pour l\u2019int\u00e9rieur et l\u2019ext\u00e9rieur, chez soi ou en voyage.<\/p>\n<ul>\n<li>Plateau de table r\u00e9sistant \u00e0 la chaleur et imperm\u00e9able<\/li>\n<li>Plateau de table en acier avec pieds en acier pliables<\/li>\n<li>Le plateau de table est amovible<\/li>\n<li>4 pieds de table t\u00e9lescopiques r\u00e9glables<\/li>\n<\/ul>\n","protected":false},"excerpt":{"rendered":"<p>Une table basse compacte et tendance de la collection Industrial. La table est compacte porTisch gr\u00e2ce aux pieds en acier pliables. La plaque d\u2019acier de cette table est amovible et peut aussi \u00eatre utilis\u00e9e comme tableau de service. Pas seulement tr\u00e8s pratique, mais aussi d\u00e9corative pour l\u2019int\u00e9rieur et l\u2019ext\u00e9rieur, chez soi ou en voyage. Plateau [&hellip;]<\/p>\n","protected":false},"featured_media":133926,"template":"","meta":{"_acf_changed":false},"product_featured_cat":[],"product_brand":[3430],"product_cat":[4053],"product_tag":[],"class_list":{"0":"post-133940","1":"product","2":"type-product","3":"status-publish","4":"has-post-thumbnail","6":"product_brand-bo-camp","7":"product_cat-tables-de-camping","9":"first","10":"instock","11":"taxable","12":"shipping-taxable","13":"purchasable","14":"product-type-simple"},"acf":[],"yoast_head":"<!-- This site is optimized with the Yoast SEO plugin v27.5 - https:\/\/yoast.com\/product\/yoast-seo-wordpress\/ -->\n<title>Table d&#039;appoint Bo-Camp Urban Outdoor Carnaby - Bantam<\/title>\n<meta name=\"robots\" content=\"index, follow, max-snippet:-1, max-image-preview:large, max-video-preview:-1\" \/>\n<link rel=\"canonical\" href=\"https:\/\/shop.bantam.ch\/fr\/produit\/table-dappoint-urban-outdoor-carnaby\/\" \/>\n<meta property=\"og:locale\" content=\"fr_FR\" \/>\n<meta property=\"og:type\" content=\"article\" \/>\n<meta property=\"og:title\" content=\"Table d&#039;appoint Bo-Camp Urban Outdoor Carnaby - Bantam\" \/>\n<meta property=\"og:description\" content=\"Une table basse compacte et tendance de la collection Industrial. La table est compacte porTisch gr\u00e2ce aux pieds en acier pliables. La plaque d\u2019acier de cette table est amovible et peut aussi \u00eatre utilis\u00e9e comme tableau de service. Pas seulement tr\u00e8s pratique, mais aussi d\u00e9corative pour l\u2019int\u00e9rieur et l\u2019ext\u00e9rieur, chez soi ou en voyage. Plateau [&hellip;]\" \/>\n<meta property=\"og:url\" content=\"https:\/\/shop.bantam.ch\/fr\/produit\/table-dappoint-urban-outdoor-carnaby\/\" \/>\n<meta property=\"og:site_name\" content=\"Bantam\" \/>\n<meta property=\"article:modified_time\" content=\"2026-05-03T19:55:59+00:00\" \/>\n<meta property=\"og:image\" content=\"https:\/\/shop.bantam.ch\/wp-content\/uploads\/2023\/03\/9961349100-scaled.jpg\" \/>\n\t<meta property=\"og:image:width\" content=\"2220\" \/>\n\t<meta property=\"og:image:height\" content=\"2800\" \/>\n\t<meta property=\"og:image:type\" content=\"image\/jpeg\" \/>\n<meta name=\"twitter:card\" content=\"summary_large_image\" \/>\n<script type=\"application\/ld+json\" class=\"yoast-schema-graph\">{\"@context\":\"https:\\\/\\\/schema.org\",\"@graph\":[{\"@type\":\"WebPage\",\"@id\":\"https:\\\/\\\/shop.bantam.ch\\\/fr\\\/produit\\\/table-dappoint-urban-outdoor-carnaby\\\/\",\"url\":\"https:\\\/\\\/shop.bantam.ch\\\/fr\\\/produit\\\/table-dappoint-urban-outdoor-carnaby\\\/\",\"name\":\"Table d'appoint Bo-Camp Urban Outdoor Carnaby - Bantam\",\"isPartOf\":{\"@id\":\"https:\\\/\\\/shop.bantam.ch\\\/fr\\\/#website\"},\"primaryImageOfPage\":{\"@id\":\"https:\\\/\\\/shop.bantam.ch\\\/fr\\\/produit\\\/table-dappoint-urban-outdoor-carnaby\\\/#primaryimage\"},\"image\":{\"@id\":\"https:\\\/\\\/shop.bantam.ch\\\/fr\\\/produit\\\/table-dappoint-urban-outdoor-carnaby\\\/#primaryimage\"},\"thumbnailUrl\":\"https:\\\/\\\/shop.bantam.ch\\\/wp-content\\\/uploads\\\/2023\\\/03\\\/9961349100-scaled.jpg\",\"datePublished\":\"2024-06-28T15:27:51+00:00\",\"dateModified\":\"2026-05-03T19:55:59+00:00\",\"breadcrumb\":{\"@id\":\"https:\\\/\\\/shop.bantam.ch\\\/fr\\\/produit\\\/table-dappoint-urban-outdoor-carnaby\\\/#breadcrumb\"},\"inLanguage\":\"fr-FR\",\"potentialAction\":[{\"@type\":\"ReadAction\",\"target\":[\"https:\\\/\\\/shop.bantam.ch\\\/fr\\\/produit\\\/table-dappoint-urban-outdoor-carnaby\\\/\"]}]},{\"@type\":\"ImageObject\",\"inLanguage\":\"fr-FR\",\"@id\":\"https:\\\/\\\/shop.bantam.ch\\\/fr\\\/produit\\\/table-dappoint-urban-outdoor-carnaby\\\/#primaryimage\",\"url\":\"https:\\\/\\\/shop.bantam.ch\\\/wp-content\\\/uploads\\\/2023\\\/03\\\/9961349100-scaled.jpg\",\"contentUrl\":\"https:\\\/\\\/shop.bantam.ch\\\/wp-content\\\/uploads\\\/2023\\\/03\\\/9961349100-scaled.jpg\",\"width\":1624,\"height\":2048},{\"@type\":\"BreadcrumbList\",\"@id\":\"https:\\\/\\\/shop.bantam.ch\\\/fr\\\/produit\\\/table-dappoint-urban-outdoor-carnaby\\\/#breadcrumb\",\"itemListElement\":[{\"@type\":\"ListItem\",\"position\":1,\"name\":\"Accueil\",\"item\":\"https:\\\/\\\/shop.bantam.ch\\\/fr\\\/\"},{\"@type\":\"ListItem\",\"position\":2,\"name\":\"Boutique\",\"item\":\"https:\\\/\\\/shop.bantam.ch\\\/fr\\\/boutique\\\/\"},{\"@type\":\"ListItem\",\"position\":3,\"name\":\"Table d&#8217;appoint Bo-Camp Urban Outdoor Carnaby\"}]},{\"@type\":\"WebSite\",\"@id\":\"https:\\\/\\\/shop.bantam.ch\\\/fr\\\/#website\",\"url\":\"https:\\\/\\\/shop.bantam.ch\\\/fr\\\/\",\"name\":\"Bantam\",\"description\":\"\",\"publisher\":{\"@id\":\"https:\\\/\\\/shop.bantam.ch\\\/fr\\\/#organization\"},\"inLanguage\":\"fr-FR\"},{\"@type\":\"Organization\",\"@id\":\"https:\\\/\\\/shop.bantam.ch\\\/fr\\\/#organization\",\"name\":\"Bantam\",\"url\":\"https:\\\/\\\/shop.bantam.ch\\\/fr\\\/\",\"logo\":{\"@type\":\"ImageObject\",\"inLanguage\":\"fr-FR\",\"@id\":\"https:\\\/\\\/shop.bantam.ch\\\/fr\\\/#\\\/schema\\\/logo\\\/image\\\/\",\"url\":\"https:\\\/\\\/shop.bantam.ch\\\/wp-content\\\/uploads\\\/2022\\\/12\\\/bantam-logo.png\",\"contentUrl\":\"https:\\\/\\\/shop.bantam.ch\\\/wp-content\\\/uploads\\\/2022\\\/12\\\/bantam-logo.png\",\"width\":320,\"height\":71,\"caption\":\"Bantam\"},\"image\":{\"@id\":\"https:\\\/\\\/shop.bantam.ch\\\/fr\\\/#\\\/schema\\\/logo\\\/image\\\/\"}}]}<\/script>\n<!-- \/ Yoast SEO plugin. -->","yoast_head_json":{"title":"Table d'appoint Bo-Camp Urban Outdoor Carnaby - Bantam","robots":{"index":"index","follow":"follow","max-snippet":"max-snippet:-1","max-image-preview":"max-image-preview:large","max-video-preview":"max-video-preview:-1"},"canonical":"https:\/\/shop.bantam.ch\/fr\/produit\/table-dappoint-urban-outdoor-carnaby\/","og_locale":"fr_FR","og_type":"article","og_title":"Table d'appoint Bo-Camp Urban Outdoor Carnaby - Bantam","og_description":"Une table basse compacte et tendance de la collection Industrial. La table est compacte porTisch gr\u00e2ce aux pieds en acier pliables. La plaque d\u2019acier de cette table est amovible et peut aussi \u00eatre utilis\u00e9e comme tableau de service. Pas seulement tr\u00e8s pratique, mais aussi d\u00e9corative pour l\u2019int\u00e9rieur et l\u2019ext\u00e9rieur, chez soi ou en voyage. Plateau [&hellip;]","og_url":"https:\/\/shop.bantam.ch\/fr\/produit\/table-dappoint-urban-outdoor-carnaby\/","og_site_name":"Bantam","article_modified_time":"2026-05-03T19:55:59+00:00","og_image":[{"width":2220,"height":2800,"url":"https:\/\/shop.bantam.ch\/wp-content\/uploads\/2023\/03\/9961349100-scaled.jpg","type":"image\/jpeg"}],"twitter_card":"summary_large_image","schema":{"@context":"https:\/\/schema.org","@graph":[{"@type":"WebPage","@id":"https:\/\/shop.bantam.ch\/fr\/produit\/table-dappoint-urban-outdoor-carnaby\/","url":"https:\/\/shop.bantam.ch\/fr\/produit\/table-dappoint-urban-outdoor-carnaby\/","name":"Table d'appoint Bo-Camp Urban Outdoor Carnaby - Bantam","isPartOf":{"@id":"https:\/\/shop.bantam.ch\/fr\/#website"},"primaryImageOfPage":{"@id":"https:\/\/shop.bantam.ch\/fr\/produit\/table-dappoint-urban-outdoor-carnaby\/#primaryimage"},"image":{"@id":"https:\/\/shop.bantam.ch\/fr\/produit\/table-dappoint-urban-outdoor-carnaby\/#primaryimage"},"thumbnailUrl":"https:\/\/shop.bantam.ch\/wp-content\/uploads\/2023\/03\/9961349100-scaled.jpg","datePublished":"2024-06-28T15:27:51+00:00","dateModified":"2026-05-03T19:55:59+00:00","breadcrumb":{"@id":"https:\/\/shop.bantam.ch\/fr\/produit\/table-dappoint-urban-outdoor-carnaby\/#breadcrumb"},"inLanguage":"fr-FR","potentialAction":[{"@type":"ReadAction","target":["https:\/\/shop.bantam.ch\/fr\/produit\/table-dappoint-urban-outdoor-carnaby\/"]}]},{"@type":"ImageObject","inLanguage":"fr-FR","@id":"https:\/\/shop.bantam.ch\/fr\/produit\/table-dappoint-urban-outdoor-carnaby\/#primaryimage","url":"https:\/\/shop.bantam.ch\/wp-content\/uploads\/2023\/03\/9961349100-scaled.jpg","contentUrl":"https:\/\/shop.bantam.ch\/wp-content\/uploads\/2023\/03\/9961349100-scaled.jpg","width":1624,"height":2048},{"@type":"BreadcrumbList","@id":"https:\/\/shop.bantam.ch\/fr\/produit\/table-dappoint-urban-outdoor-carnaby\/#breadcrumb","itemListElement":[{"@type":"ListItem","position":1,"name":"Accueil","item":"https:\/\/shop.bantam.ch\/fr\/"},{"@type":"ListItem","position":2,"name":"Boutique","item":"https:\/\/shop.bantam.ch\/fr\/boutique\/"},{"@type":"ListItem","position":3,"name":"Table d&#8217;appoint Bo-Camp Urban Outdoor Carnaby"}]},{"@type":"WebSite","@id":"https:\/\/shop.bantam.ch\/fr\/#website","url":"https:\/\/shop.bantam.ch\/fr\/","name":"Bantam","description":"","publisher":{"@id":"https:\/\/shop.bantam.ch\/fr\/#organization"},"inLanguage":"fr-FR"},{"@type":"Organization","@id":"https:\/\/shop.bantam.ch\/fr\/#organization","name":"Bantam","url":"https:\/\/shop.bantam.ch\/fr\/","logo":{"@type":"ImageObject","inLanguage":"fr-FR","@id":"https:\/\/shop.bantam.ch\/fr\/#\/schema\/logo\/image\/","url":"https:\/\/shop.bantam.ch\/wp-content\/uploads\/2022\/12\/bantam-logo.png","contentUrl":"https:\/\/shop.bantam.ch\/wp-content\/uploads\/2022\/12\/bantam-logo.png","width":320,"height":71,"caption":"Bantam"},"image":{"@id":"https:\/\/shop.bantam.ch\/fr\/#\/schema\/logo\/image\/"}}]}},"_links":{"self":[{"href":"https:\/\/shop.bantam.ch\/fr\/wp-json\/wp\/v2\/product\/133940","targetHints":{"allow":["GET"]}}],"collection":[{"href":"https:\/\/shop.bantam.ch\/fr\/wp-json\/wp\/v2\/product"}],"about":[{"href":"https:\/\/shop.bantam.ch\/fr\/wp-json\/wp\/v2\/types\/product"}],"wp:featuredmedia":[{"embeddable":true,"href":"https:\/\/shop.bantam.ch\/fr\/wp-json\/wp\/v2\/media\/133926"}],"wp:attachment":[{"href":"https:\/\/shop.bantam.ch\/fr\/wp-json\/wp\/v2\/media?parent=133940"}],"wp:term":[{"taxonomy":"product_featured_cat","embeddable":true,"href":"https:\/\/shop.bantam.ch\/fr\/wp-json\/wp\/v2\/product_featured_cat?post=133940"},{"taxonomy":"product_brand","embeddable":true,"href":"https:\/\/shop.bantam.ch\/fr\/wp-json\/wp\/v2\/product_brand?post=133940"},{"taxonomy":"product_cat","embeddable":true,"href":"https:\/\/shop.bantam.ch\/fr\/wp-json\/wp\/v2\/product_cat?post=133940"},{"taxonomy":"product_tag","embeddable":true,"href":"https:\/\/shop.bantam.ch\/fr\/wp-json\/wp\/v2\/product_tag?post=133940"}],"curies":[{"name":"wp","href":"https:\/\/api.w.org\/{rel}","templated":true}]}}