{"id":133916,"date":"2023-03-01T17:27:29","date_gmt":"2023-03-01T16:27:29","guid":{"rendered":"https:\/\/shop.bantam.ch\/produit\/fauteuil-papillon-urban-outdoor-redbridge\/"},"modified":"2026-04-20T00:02:55","modified_gmt":"2026-04-19T22:02:55","slug":"fauteuil-papillon-urban-outdoor-redbridge","status":"publish","type":"product","link":"https:\/\/shop.bantam.ch\/fr\/produit\/fauteuil-papillon-urban-outdoor-redbridge\/","title":{"rendered":"Fauteuil papillon Urban Outdoor Redbridge"},"content":{"rendered":"<p>Un fauteuil papillon incontournable issu de la collection Urban Outdoor. Le fauteuil luxueux a une armature en acier gris fonc\u00e9 \u00e9l\u00e9gante. La surface du si\u00e8ge, beige, est fabriqu\u00e9e en polyester Oxford et est dot\u00e9e d\u2019un aspect lin.\u00a0 Le fauteuil est tr\u00e8s confortable gr\u00e2ce au tissu rembourr\u00e9 et \u00e0 la surface d\u2019assise large et profonde. Le cadre est facile \u00e0 plier de sorte que le fauteuil soit confortable avec vous dessus. Sui Table pour le camping ou le jardin, mais le fauteuil peut aussi \u00eatre utilis\u00e9 sur le balcon ou \u00e0 la maison.<\/p>\n<ul>\n<li>Fauteuil de relaxation luxueux et tr\u00e8s confortable<\/li>\n<li>Cadres en acier solides et \u00e9l\u00e9gants<\/li>\n<li>Tissu en polyester Oxford rembourr\u00e9 avec aspect lin \u00e9l\u00e9gant<\/li>\n<\/ul>\n<p>\u00a0<\/p>\n","protected":false},"excerpt":{"rendered":"<p>Un fauteuil papillon incontournable issu de la collection Urban Outdoor. Le fauteuil luxueux a une armature en acier gris fonc\u00e9 \u00e9l\u00e9gante. La surface du si\u00e8ge, beige, est fabriqu\u00e9e en polyester Oxford et est dot\u00e9e d\u2019un aspect lin.\u00a0 Le fauteuil est tr\u00e8s confortable gr\u00e2ce au tissu rembourr\u00e9 et \u00e0 la surface d\u2019assise large et profonde. Le [&hellip;]<\/p>\n","protected":false},"featured_media":133878,"template":"","meta":{"_acf_changed":false},"product_featured_cat":[],"product_brand":[3430],"product_cat":[4971],"product_tag":[],"class_list":{"0":"post-133916","1":"product","2":"type-product","3":"status-publish","4":"has-post-thumbnail","6":"product_brand-bo-camp","7":"product_cat-chaises-de-camping","9":"first","10":"instock","11":"taxable","12":"shipping-taxable","13":"purchasable","14":"product-type-variable"},"acf":[],"yoast_head":"<!-- This site is optimized with the Yoast SEO plugin v27.4 - https:\/\/yoast.com\/product\/yoast-seo-wordpress\/ -->\n<title>Fauteuil papillon Urban Outdoor Redbridge - Bantam Wankm\u00fcller SA<\/title>\n<meta name=\"robots\" content=\"index, follow, max-snippet:-1, max-image-preview:large, max-video-preview:-1\" \/>\n<link rel=\"canonical\" href=\"https:\/\/shop.bantam.ch\/fr\/produit\/fauteuil-papillon-urban-outdoor-redbridge\/\" \/>\n<meta property=\"og:locale\" content=\"fr_FR\" \/>\n<meta property=\"og:type\" content=\"article\" \/>\n<meta property=\"og:title\" content=\"Fauteuil papillon Urban Outdoor Redbridge - Bantam Wankm\u00fcller SA\" \/>\n<meta property=\"og:description\" content=\"Un fauteuil papillon incontournable issu de la collection Urban Outdoor. Le fauteuil luxueux a une armature en acier gris fonc\u00e9 \u00e9l\u00e9gante. La surface du si\u00e8ge, beige, est fabriqu\u00e9e en polyester Oxford et est dot\u00e9e d\u2019un aspect lin.\u00a0 Le fauteuil est tr\u00e8s confortable gr\u00e2ce au tissu rembourr\u00e9 et \u00e0 la surface d\u2019assise large et profonde. Le [&hellip;]\" \/>\n<meta property=\"og:url\" content=\"https:\/\/shop.bantam.ch\/fr\/produit\/fauteuil-papillon-urban-outdoor-redbridge\/\" \/>\n<meta property=\"og:site_name\" content=\"Bantam Wankm\u00fcller SA\" \/>\n<meta property=\"article:modified_time\" content=\"2026-04-19T22:02:55+00:00\" \/>\n<meta property=\"og:image\" content=\"https:\/\/shop.bantam.ch\/wp-content\/uploads\/2023\/03\/9961347100-scaled.jpg\" \/>\n\t<meta property=\"og:image:width\" content=\"842\" \/>\n\t<meta property=\"og:image:height\" content=\"1024\" \/>\n\t<meta property=\"og:image:type\" content=\"image\/jpeg\" \/>\n<meta name=\"twitter:card\" content=\"summary_large_image\" \/>\n<meta name=\"twitter:label1\" content=\"Dur\u00e9e de lecture estim\u00e9e\" \/>\n\t<meta name=\"twitter:data1\" content=\"1 minute\" \/>\n<script type=\"application\/ld+json\" class=\"yoast-schema-graph\">{\"@context\":\"https:\\\/\\\/schema.org\",\"@graph\":[{\"@type\":\"WebPage\",\"@id\":\"https:\\\/\\\/shop.bantam.ch\\\/fr\\\/produit\\\/fauteuil-papillon-urban-outdoor-redbridge\\\/\",\"url\":\"https:\\\/\\\/shop.bantam.ch\\\/fr\\\/produit\\\/fauteuil-papillon-urban-outdoor-redbridge\\\/\",\"name\":\"Fauteuil papillon Urban Outdoor Redbridge - Bantam Wankm\u00fcller SA\",\"isPartOf\":{\"@id\":\"https:\\\/\\\/shop.bantam.ch\\\/fr\\\/#website\"},\"primaryImageOfPage\":{\"@id\":\"https:\\\/\\\/shop.bantam.ch\\\/fr\\\/produit\\\/fauteuil-papillon-urban-outdoor-redbridge\\\/#primaryimage\"},\"image\":{\"@id\":\"https:\\\/\\\/shop.bantam.ch\\\/fr\\\/produit\\\/fauteuil-papillon-urban-outdoor-redbridge\\\/#primaryimage\"},\"thumbnailUrl\":\"https:\\\/\\\/shop.bantam.ch\\\/wp-content\\\/uploads\\\/2023\\\/03\\\/9961347100-scaled.jpg\",\"datePublished\":\"2023-03-01T16:27:29+00:00\",\"dateModified\":\"2026-04-19T22:02:55+00:00\",\"breadcrumb\":{\"@id\":\"https:\\\/\\\/shop.bantam.ch\\\/fr\\\/produit\\\/fauteuil-papillon-urban-outdoor-redbridge\\\/#breadcrumb\"},\"inLanguage\":\"fr-FR\",\"potentialAction\":[{\"@type\":\"ReadAction\",\"target\":[\"https:\\\/\\\/shop.bantam.ch\\\/fr\\\/produit\\\/fauteuil-papillon-urban-outdoor-redbridge\\\/\"]}]},{\"@type\":\"ImageObject\",\"inLanguage\":\"fr-FR\",\"@id\":\"https:\\\/\\\/shop.bantam.ch\\\/fr\\\/produit\\\/fauteuil-papillon-urban-outdoor-redbridge\\\/#primaryimage\",\"url\":\"https:\\\/\\\/shop.bantam.ch\\\/wp-content\\\/uploads\\\/2023\\\/03\\\/9961347100-scaled.jpg\",\"contentUrl\":\"https:\\\/\\\/shop.bantam.ch\\\/wp-content\\\/uploads\\\/2023\\\/03\\\/9961347100-scaled.jpg\",\"width\":1684,\"height\":2048},{\"@type\":\"BreadcrumbList\",\"@id\":\"https:\\\/\\\/shop.bantam.ch\\\/fr\\\/produit\\\/fauteuil-papillon-urban-outdoor-redbridge\\\/#breadcrumb\",\"itemListElement\":[{\"@type\":\"ListItem\",\"position\":1,\"name\":\"Accueil\",\"item\":\"https:\\\/\\\/shop.bantam.ch\\\/fr\\\/\"},{\"@type\":\"ListItem\",\"position\":2,\"name\":\"Boutique\",\"item\":\"https:\\\/\\\/shop.bantam.ch\\\/fr\\\/boutique\\\/\"},{\"@type\":\"ListItem\",\"position\":3,\"name\":\"Fauteuil papillon Urban Outdoor Redbridge\"}]},{\"@type\":\"WebSite\",\"@id\":\"https:\\\/\\\/shop.bantam.ch\\\/fr\\\/#website\",\"url\":\"https:\\\/\\\/shop.bantam.ch\\\/fr\\\/\",\"name\":\"Bantam Wankm\u00fcller SA\",\"description\":\"\",\"publisher\":{\"@id\":\"https:\\\/\\\/shop.bantam.ch\\\/fr\\\/#organization\"},\"inLanguage\":\"fr-FR\"},{\"@type\":\"Organization\",\"@id\":\"https:\\\/\\\/shop.bantam.ch\\\/fr\\\/#organization\",\"name\":\"Bantam Wankm\u00fcller SA\",\"url\":\"https:\\\/\\\/shop.bantam.ch\\\/fr\\\/\",\"logo\":{\"@type\":\"ImageObject\",\"inLanguage\":\"fr-FR\",\"@id\":\"https:\\\/\\\/shop.bantam.ch\\\/fr\\\/#\\\/schema\\\/logo\\\/image\\\/\",\"url\":\"https:\\\/\\\/shop.bantam.ch\\\/wp-content\\\/uploads\\\/2022\\\/12\\\/bantam-logo.png\",\"contentUrl\":\"https:\\\/\\\/shop.bantam.ch\\\/wp-content\\\/uploads\\\/2022\\\/12\\\/bantam-logo.png\",\"width\":320,\"height\":71,\"caption\":\"Bantam Wankm\u00fcller SA\"},\"image\":{\"@id\":\"https:\\\/\\\/shop.bantam.ch\\\/fr\\\/#\\\/schema\\\/logo\\\/image\\\/\"}}]}<\/script>\n<!-- \/ Yoast SEO plugin. -->","yoast_head_json":{"title":"Fauteuil papillon Urban Outdoor Redbridge - Bantam Wankm\u00fcller SA","robots":{"index":"index","follow":"follow","max-snippet":"max-snippet:-1","max-image-preview":"max-image-preview:large","max-video-preview":"max-video-preview:-1"},"canonical":"https:\/\/shop.bantam.ch\/fr\/produit\/fauteuil-papillon-urban-outdoor-redbridge\/","og_locale":"fr_FR","og_type":"article","og_title":"Fauteuil papillon Urban Outdoor Redbridge - Bantam Wankm\u00fcller SA","og_description":"Un fauteuil papillon incontournable issu de la collection Urban Outdoor. Le fauteuil luxueux a une armature en acier gris fonc\u00e9 \u00e9l\u00e9gante. La surface du si\u00e8ge, beige, est fabriqu\u00e9e en polyester Oxford et est dot\u00e9e d\u2019un aspect lin.\u00a0 Le fauteuil est tr\u00e8s confortable gr\u00e2ce au tissu rembourr\u00e9 et \u00e0 la surface d\u2019assise large et profonde. Le [&hellip;]","og_url":"https:\/\/shop.bantam.ch\/fr\/produit\/fauteuil-papillon-urban-outdoor-redbridge\/","og_site_name":"Bantam Wankm\u00fcller SA","article_modified_time":"2026-04-19T22:02:55+00:00","og_image":[{"url":"https:\/\/shop.bantam.ch\/wp-content\/uploads\/2023\/03\/9961347100-scaled.jpg","width":842,"height":1024,"type":"image\/jpeg"}],"twitter_card":"summary_large_image","twitter_misc":{"Dur\u00e9e de lecture estim\u00e9e":"1 minute"},"schema":{"@context":"https:\/\/schema.org","@graph":[{"@type":"WebPage","@id":"https:\/\/shop.bantam.ch\/fr\/produit\/fauteuil-papillon-urban-outdoor-redbridge\/","url":"https:\/\/shop.bantam.ch\/fr\/produit\/fauteuil-papillon-urban-outdoor-redbridge\/","name":"Fauteuil papillon Urban Outdoor Redbridge - Bantam Wankm\u00fcller SA","isPartOf":{"@id":"https:\/\/shop.bantam.ch\/fr\/#website"},"primaryImageOfPage":{"@id":"https:\/\/shop.bantam.ch\/fr\/produit\/fauteuil-papillon-urban-outdoor-redbridge\/#primaryimage"},"image":{"@id":"https:\/\/shop.bantam.ch\/fr\/produit\/fauteuil-papillon-urban-outdoor-redbridge\/#primaryimage"},"thumbnailUrl":"https:\/\/shop.bantam.ch\/wp-content\/uploads\/2023\/03\/9961347100-scaled.jpg","datePublished":"2023-03-01T16:27:29+00:00","dateModified":"2026-04-19T22:02:55+00:00","breadcrumb":{"@id":"https:\/\/shop.bantam.ch\/fr\/produit\/fauteuil-papillon-urban-outdoor-redbridge\/#breadcrumb"},"inLanguage":"fr-FR","potentialAction":[{"@type":"ReadAction","target":["https:\/\/shop.bantam.ch\/fr\/produit\/fauteuil-papillon-urban-outdoor-redbridge\/"]}]},{"@type":"ImageObject","inLanguage":"fr-FR","@id":"https:\/\/shop.bantam.ch\/fr\/produit\/fauteuil-papillon-urban-outdoor-redbridge\/#primaryimage","url":"https:\/\/shop.bantam.ch\/wp-content\/uploads\/2023\/03\/9961347100-scaled.jpg","contentUrl":"https:\/\/shop.bantam.ch\/wp-content\/uploads\/2023\/03\/9961347100-scaled.jpg","width":1684,"height":2048},{"@type":"BreadcrumbList","@id":"https:\/\/shop.bantam.ch\/fr\/produit\/fauteuil-papillon-urban-outdoor-redbridge\/#breadcrumb","itemListElement":[{"@type":"ListItem","position":1,"name":"Accueil","item":"https:\/\/shop.bantam.ch\/fr\/"},{"@type":"ListItem","position":2,"name":"Boutique","item":"https:\/\/shop.bantam.ch\/fr\/boutique\/"},{"@type":"ListItem","position":3,"name":"Fauteuil papillon Urban Outdoor Redbridge"}]},{"@type":"WebSite","@id":"https:\/\/shop.bantam.ch\/fr\/#website","url":"https:\/\/shop.bantam.ch\/fr\/","name":"Bantam Wankm\u00fcller SA","description":"","publisher":{"@id":"https:\/\/shop.bantam.ch\/fr\/#organization"},"inLanguage":"fr-FR"},{"@type":"Organization","@id":"https:\/\/shop.bantam.ch\/fr\/#organization","name":"Bantam Wankm\u00fcller SA","url":"https:\/\/shop.bantam.ch\/fr\/","logo":{"@type":"ImageObject","inLanguage":"fr-FR","@id":"https:\/\/shop.bantam.ch\/fr\/#\/schema\/logo\/image\/","url":"https:\/\/shop.bantam.ch\/wp-content\/uploads\/2022\/12\/bantam-logo.png","contentUrl":"https:\/\/shop.bantam.ch\/wp-content\/uploads\/2022\/12\/bantam-logo.png","width":320,"height":71,"caption":"Bantam Wankm\u00fcller SA"},"image":{"@id":"https:\/\/shop.bantam.ch\/fr\/#\/schema\/logo\/image\/"}}]}},"_links":{"self":[{"href":"https:\/\/shop.bantam.ch\/fr\/wp-json\/wp\/v2\/product\/133916","targetHints":{"allow":["GET"]}}],"collection":[{"href":"https:\/\/shop.bantam.ch\/fr\/wp-json\/wp\/v2\/product"}],"about":[{"href":"https:\/\/shop.bantam.ch\/fr\/wp-json\/wp\/v2\/types\/product"}],"wp:featuredmedia":[{"embeddable":true,"href":"https:\/\/shop.bantam.ch\/fr\/wp-json\/wp\/v2\/media\/133878"}],"wp:attachment":[{"href":"https:\/\/shop.bantam.ch\/fr\/wp-json\/wp\/v2\/media?parent=133916"}],"wp:term":[{"taxonomy":"product_featured_cat","embeddable":true,"href":"https:\/\/shop.bantam.ch\/fr\/wp-json\/wp\/v2\/product_featured_cat?post=133916"},{"taxonomy":"product_brand","embeddable":true,"href":"https:\/\/shop.bantam.ch\/fr\/wp-json\/wp\/v2\/product_brand?post=133916"},{"taxonomy":"product_cat","embeddable":true,"href":"https:\/\/shop.bantam.ch\/fr\/wp-json\/wp\/v2\/product_cat?post=133916"},{"taxonomy":"product_tag","embeddable":true,"href":"https:\/\/shop.bantam.ch\/fr\/wp-json\/wp\/v2\/product_tag?post=133916"}],"curies":[{"name":"wp","href":"https:\/\/api.w.org\/{rel}","templated":true}]}}