{"id":133780,"date":"2023-03-01T17:25:51","date_gmt":"2023-03-01T16:25:51","guid":{"rendered":"https:\/\/shop.bantam.ch\/produit\/power-station-delta-2-portable\/"},"modified":"2026-04-20T21:58:31","modified_gmt":"2026-04-20T19:58:31","slug":"power-station-delta-2-portable","status":"publish","type":"product","link":"https:\/\/shop.bantam.ch\/fr\/produit\/power-station-delta-2-portable\/","title":{"rendered":"Power Station ECOFLOW Delta 2 portable"},"content":{"rendered":"<p>Capacit\u00e9 extensible 1 &#8211; 3 kWh, convient pour vos exigences. Doublez votre capacit\u00e9 avec la batterie suppl\u00e9mentaire DELTA 2 \u00e0 2 048 Wh ou utilisez la batterie suppl\u00e9mentaire DELTA Max pour atteindre les 3 040 Wh. Id\u00e9al comme alimentation de secours pour les appareils m\u00e9nagers. Puissance de sortie AC gigantesque. La puissance de sortie AC \u00e0 1 800 W suffit pour plus de 90 ? vos appareils m\u00e9nagers. Vous pouvez aussi brancher jusqu\u2019\u00e0 13 appareils simultan\u00e9ment. \u00c0 l\u2019inverse des autres marques, gr\u00e2ce \u00e0 la technologie X Boost, la DELTA 2 peut \u00e9viter une surcharge allant jusqu\u2019\u00e0 2 400 W \u00e0 travers les appareils. Chargement AC 7 fois plus rapide. Gr\u00e2ce \u00e0 la technologie X Stream, DELTA 2 se charge 7 fois plus vite que les produits concurrents comparables. Avec le chargement AC, la dur\u00e9e de chargement de 0 \u00e0 80 % n\u2019est que de 50 minutes, et de 0 \u00e0 100 %, 80 minutes seulement. \u00c9nergie verte sans renoncer. Branchez des panneaux solaires portables et chargez jusqu\u2019\u00e0 une puissance de 500 W en seulement 3 heures, ind\u00e9pendamment de l\u2019endroit. Dur\u00e9e de vie jusqu\u2019\u00e0 6 fois plus longue. On peut les utiliser quotidiennement pendant 10 ans jusqu\u2019\u00e0 ce qu\u2019ils aient atteint 80 ? leur capacit\u00e9 d\u2019origine. Cela tient \u00e0 la chimie de la batterie LiFePO4 qui permet plus de 3000 cycles. Tout sous contr\u00f4le depuis partout.\u00a0<\/p>\n","protected":false},"excerpt":{"rendered":"<p>Capacit\u00e9 extensible 1 &#8211; 3 kWh, convient pour vos exigences. Doublez votre capacit\u00e9 avec la batterie suppl\u00e9mentaire DELTA 2 \u00e0 2 048 Wh ou utilisez la batterie suppl\u00e9mentaire DELTA Max pour atteindre les 3 040 Wh. Id\u00e9al comme alimentation de secours pour les appareils m\u00e9nagers. Puissance de sortie AC gigantesque. La puissance de sortie AC [&hellip;]<\/p>\n","protected":false},"featured_media":133772,"template":"","meta":{"_acf_changed":false},"product_featured_cat":[],"product_brand":[3628],"product_cat":[5129],"product_tag":[],"class_list":{"0":"post-133780","1":"product","2":"type-product","3":"status-publish","4":"has-post-thumbnail","6":"product_brand-ecoflow","7":"product_cat-batteries-portables","9":"first","10":"instock","11":"taxable","12":"shipping-taxable","13":"purchasable","14":"product-type-simple"},"acf":[],"yoast_head":"<!-- This site is optimized with the Yoast SEO plugin v27.4 - https:\/\/yoast.com\/product\/yoast-seo-wordpress\/ -->\n<title>Power Station ECOFLOW Delta 2 portable - Bantam Wankm\u00fcller SA<\/title>\n<meta name=\"robots\" content=\"index, follow, max-snippet:-1, max-image-preview:large, max-video-preview:-1\" \/>\n<link rel=\"canonical\" href=\"https:\/\/shop.bantam.ch\/fr\/produit\/power-station-delta-2-portable\/\" \/>\n<meta property=\"og:locale\" content=\"fr_FR\" \/>\n<meta property=\"og:type\" content=\"article\" \/>\n<meta property=\"og:title\" content=\"Power Station ECOFLOW Delta 2 portable - Bantam Wankm\u00fcller SA\" \/>\n<meta property=\"og:description\" content=\"Capacit\u00e9 extensible 1 &#8211; 3 kWh, convient pour vos exigences. Doublez votre capacit\u00e9 avec la batterie suppl\u00e9mentaire DELTA 2 \u00e0 2 048 Wh ou utilisez la batterie suppl\u00e9mentaire DELTA Max pour atteindre les 3 040 Wh. Id\u00e9al comme alimentation de secours pour les appareils m\u00e9nagers. Puissance de sortie AC gigantesque. La puissance de sortie AC [&hellip;]\" \/>\n<meta property=\"og:url\" content=\"https:\/\/shop.bantam.ch\/fr\/produit\/power-station-delta-2-portable\/\" \/>\n<meta property=\"og:site_name\" content=\"Bantam Wankm\u00fcller SA\" \/>\n<meta property=\"article:modified_time\" content=\"2026-04-20T19:58:31+00:00\" \/>\n<meta property=\"og:image\" content=\"https:\/\/shop.bantam.ch\/wp-content\/uploads\/2023\/03\/9970853100.jpg\" \/>\n\t<meta property=\"og:image:width\" content=\"1024\" \/>\n\t<meta property=\"og:image:height\" content=\"1024\" \/>\n\t<meta property=\"og:image:type\" content=\"image\/jpeg\" \/>\n<meta name=\"twitter:card\" content=\"summary_large_image\" \/>\n<meta name=\"twitter:label1\" content=\"Dur\u00e9e de lecture estim\u00e9e\" \/>\n\t<meta name=\"twitter:data1\" content=\"1 minute\" \/>\n<script type=\"application\/ld+json\" class=\"yoast-schema-graph\">{\"@context\":\"https:\\\/\\\/schema.org\",\"@graph\":[{\"@type\":\"WebPage\",\"@id\":\"https:\\\/\\\/shop.bantam.ch\\\/fr\\\/produit\\\/power-station-delta-2-portable\\\/\",\"url\":\"https:\\\/\\\/shop.bantam.ch\\\/fr\\\/produit\\\/power-station-delta-2-portable\\\/\",\"name\":\"Power Station ECOFLOW Delta 2 portable - Bantam Wankm\u00fcller SA\",\"isPartOf\":{\"@id\":\"https:\\\/\\\/shop.bantam.ch\\\/fr\\\/#website\"},\"primaryImageOfPage\":{\"@id\":\"https:\\\/\\\/shop.bantam.ch\\\/fr\\\/produit\\\/power-station-delta-2-portable\\\/#primaryimage\"},\"image\":{\"@id\":\"https:\\\/\\\/shop.bantam.ch\\\/fr\\\/produit\\\/power-station-delta-2-portable\\\/#primaryimage\"},\"thumbnailUrl\":\"https:\\\/\\\/shop.bantam.ch\\\/wp-content\\\/uploads\\\/2023\\\/03\\\/9970853100.jpg\",\"datePublished\":\"2023-03-01T16:25:51+00:00\",\"dateModified\":\"2026-04-20T19:58:31+00:00\",\"breadcrumb\":{\"@id\":\"https:\\\/\\\/shop.bantam.ch\\\/fr\\\/produit\\\/power-station-delta-2-portable\\\/#breadcrumb\"},\"inLanguage\":\"fr-FR\",\"potentialAction\":[{\"@type\":\"ReadAction\",\"target\":[\"https:\\\/\\\/shop.bantam.ch\\\/fr\\\/produit\\\/power-station-delta-2-portable\\\/\"]}]},{\"@type\":\"ImageObject\",\"inLanguage\":\"fr-FR\",\"@id\":\"https:\\\/\\\/shop.bantam.ch\\\/fr\\\/produit\\\/power-station-delta-2-portable\\\/#primaryimage\",\"url\":\"https:\\\/\\\/shop.bantam.ch\\\/wp-content\\\/uploads\\\/2023\\\/03\\\/9970853100.jpg\",\"contentUrl\":\"https:\\\/\\\/shop.bantam.ch\\\/wp-content\\\/uploads\\\/2023\\\/03\\\/9970853100.jpg\",\"width\":1024,\"height\":1024},{\"@type\":\"BreadcrumbList\",\"@id\":\"https:\\\/\\\/shop.bantam.ch\\\/fr\\\/produit\\\/power-station-delta-2-portable\\\/#breadcrumb\",\"itemListElement\":[{\"@type\":\"ListItem\",\"position\":1,\"name\":\"Accueil\",\"item\":\"https:\\\/\\\/shop.bantam.ch\\\/fr\\\/\"},{\"@type\":\"ListItem\",\"position\":2,\"name\":\"Boutique\",\"item\":\"https:\\\/\\\/shop.bantam.ch\\\/fr\\\/boutique\\\/\"},{\"@type\":\"ListItem\",\"position\":3,\"name\":\"Power Station ECOFLOW Delta 2 portable\"}]},{\"@type\":\"WebSite\",\"@id\":\"https:\\\/\\\/shop.bantam.ch\\\/fr\\\/#website\",\"url\":\"https:\\\/\\\/shop.bantam.ch\\\/fr\\\/\",\"name\":\"Bantam Wankm\u00fcller SA\",\"description\":\"\",\"publisher\":{\"@id\":\"https:\\\/\\\/shop.bantam.ch\\\/fr\\\/#organization\"},\"inLanguage\":\"fr-FR\"},{\"@type\":\"Organization\",\"@id\":\"https:\\\/\\\/shop.bantam.ch\\\/fr\\\/#organization\",\"name\":\"Bantam Wankm\u00fcller SA\",\"url\":\"https:\\\/\\\/shop.bantam.ch\\\/fr\\\/\",\"logo\":{\"@type\":\"ImageObject\",\"inLanguage\":\"fr-FR\",\"@id\":\"https:\\\/\\\/shop.bantam.ch\\\/fr\\\/#\\\/schema\\\/logo\\\/image\\\/\",\"url\":\"https:\\\/\\\/shop.bantam.ch\\\/wp-content\\\/uploads\\\/2022\\\/12\\\/bantam-logo.png\",\"contentUrl\":\"https:\\\/\\\/shop.bantam.ch\\\/wp-content\\\/uploads\\\/2022\\\/12\\\/bantam-logo.png\",\"width\":320,\"height\":71,\"caption\":\"Bantam Wankm\u00fcller SA\"},\"image\":{\"@id\":\"https:\\\/\\\/shop.bantam.ch\\\/fr\\\/#\\\/schema\\\/logo\\\/image\\\/\"}}]}<\/script>\n<!-- \/ Yoast SEO plugin. -->","yoast_head_json":{"title":"Power Station ECOFLOW Delta 2 portable - Bantam Wankm\u00fcller SA","robots":{"index":"index","follow":"follow","max-snippet":"max-snippet:-1","max-image-preview":"max-image-preview:large","max-video-preview":"max-video-preview:-1"},"canonical":"https:\/\/shop.bantam.ch\/fr\/produit\/power-station-delta-2-portable\/","og_locale":"fr_FR","og_type":"article","og_title":"Power Station ECOFLOW Delta 2 portable - Bantam Wankm\u00fcller SA","og_description":"Capacit\u00e9 extensible 1 &#8211; 3 kWh, convient pour vos exigences. Doublez votre capacit\u00e9 avec la batterie suppl\u00e9mentaire DELTA 2 \u00e0 2 048 Wh ou utilisez la batterie suppl\u00e9mentaire DELTA Max pour atteindre les 3 040 Wh. Id\u00e9al comme alimentation de secours pour les appareils m\u00e9nagers. Puissance de sortie AC gigantesque. La puissance de sortie AC [&hellip;]","og_url":"https:\/\/shop.bantam.ch\/fr\/produit\/power-station-delta-2-portable\/","og_site_name":"Bantam Wankm\u00fcller SA","article_modified_time":"2026-04-20T19:58:31+00:00","og_image":[{"width":1024,"height":1024,"url":"https:\/\/shop.bantam.ch\/wp-content\/uploads\/2023\/03\/9970853100.jpg","type":"image\/jpeg"}],"twitter_card":"summary_large_image","twitter_misc":{"Dur\u00e9e de lecture estim\u00e9e":"1 minute"},"schema":{"@context":"https:\/\/schema.org","@graph":[{"@type":"WebPage","@id":"https:\/\/shop.bantam.ch\/fr\/produit\/power-station-delta-2-portable\/","url":"https:\/\/shop.bantam.ch\/fr\/produit\/power-station-delta-2-portable\/","name":"Power Station ECOFLOW Delta 2 portable - Bantam Wankm\u00fcller SA","isPartOf":{"@id":"https:\/\/shop.bantam.ch\/fr\/#website"},"primaryImageOfPage":{"@id":"https:\/\/shop.bantam.ch\/fr\/produit\/power-station-delta-2-portable\/#primaryimage"},"image":{"@id":"https:\/\/shop.bantam.ch\/fr\/produit\/power-station-delta-2-portable\/#primaryimage"},"thumbnailUrl":"https:\/\/shop.bantam.ch\/wp-content\/uploads\/2023\/03\/9970853100.jpg","datePublished":"2023-03-01T16:25:51+00:00","dateModified":"2026-04-20T19:58:31+00:00","breadcrumb":{"@id":"https:\/\/shop.bantam.ch\/fr\/produit\/power-station-delta-2-portable\/#breadcrumb"},"inLanguage":"fr-FR","potentialAction":[{"@type":"ReadAction","target":["https:\/\/shop.bantam.ch\/fr\/produit\/power-station-delta-2-portable\/"]}]},{"@type":"ImageObject","inLanguage":"fr-FR","@id":"https:\/\/shop.bantam.ch\/fr\/produit\/power-station-delta-2-portable\/#primaryimage","url":"https:\/\/shop.bantam.ch\/wp-content\/uploads\/2023\/03\/9970853100.jpg","contentUrl":"https:\/\/shop.bantam.ch\/wp-content\/uploads\/2023\/03\/9970853100.jpg","width":1024,"height":1024},{"@type":"BreadcrumbList","@id":"https:\/\/shop.bantam.ch\/fr\/produit\/power-station-delta-2-portable\/#breadcrumb","itemListElement":[{"@type":"ListItem","position":1,"name":"Accueil","item":"https:\/\/shop.bantam.ch\/fr\/"},{"@type":"ListItem","position":2,"name":"Boutique","item":"https:\/\/shop.bantam.ch\/fr\/boutique\/"},{"@type":"ListItem","position":3,"name":"Power Station ECOFLOW Delta 2 portable"}]},{"@type":"WebSite","@id":"https:\/\/shop.bantam.ch\/fr\/#website","url":"https:\/\/shop.bantam.ch\/fr\/","name":"Bantam Wankm\u00fcller SA","description":"","publisher":{"@id":"https:\/\/shop.bantam.ch\/fr\/#organization"},"inLanguage":"fr-FR"},{"@type":"Organization","@id":"https:\/\/shop.bantam.ch\/fr\/#organization","name":"Bantam Wankm\u00fcller SA","url":"https:\/\/shop.bantam.ch\/fr\/","logo":{"@type":"ImageObject","inLanguage":"fr-FR","@id":"https:\/\/shop.bantam.ch\/fr\/#\/schema\/logo\/image\/","url":"https:\/\/shop.bantam.ch\/wp-content\/uploads\/2022\/12\/bantam-logo.png","contentUrl":"https:\/\/shop.bantam.ch\/wp-content\/uploads\/2022\/12\/bantam-logo.png","width":320,"height":71,"caption":"Bantam Wankm\u00fcller SA"},"image":{"@id":"https:\/\/shop.bantam.ch\/fr\/#\/schema\/logo\/image\/"}}]}},"_links":{"self":[{"href":"https:\/\/shop.bantam.ch\/fr\/wp-json\/wp\/v2\/product\/133780","targetHints":{"allow":["GET"]}}],"collection":[{"href":"https:\/\/shop.bantam.ch\/fr\/wp-json\/wp\/v2\/product"}],"about":[{"href":"https:\/\/shop.bantam.ch\/fr\/wp-json\/wp\/v2\/types\/product"}],"wp:featuredmedia":[{"embeddable":true,"href":"https:\/\/shop.bantam.ch\/fr\/wp-json\/wp\/v2\/media\/133772"}],"wp:attachment":[{"href":"https:\/\/shop.bantam.ch\/fr\/wp-json\/wp\/v2\/media?parent=133780"}],"wp:term":[{"taxonomy":"product_featured_cat","embeddable":true,"href":"https:\/\/shop.bantam.ch\/fr\/wp-json\/wp\/v2\/product_featured_cat?post=133780"},{"taxonomy":"product_brand","embeddable":true,"href":"https:\/\/shop.bantam.ch\/fr\/wp-json\/wp\/v2\/product_brand?post=133780"},{"taxonomy":"product_cat","embeddable":true,"href":"https:\/\/shop.bantam.ch\/fr\/wp-json\/wp\/v2\/product_cat?post=133780"},{"taxonomy":"product_tag","embeddable":true,"href":"https:\/\/shop.bantam.ch\/fr\/wp-json\/wp\/v2\/product_tag?post=133780"}],"curies":[{"name":"wp","href":"https:\/\/api.w.org\/{rel}","templated":true}]}}