{"id":133770,"date":"2023-03-01T17:25:45","date_gmt":"2023-03-01T16:25:45","guid":{"rendered":"https:\/\/shop.bantam.ch\/produit\/systeme-daeration-acc-3100\/"},"modified":"2026-04-18T21:57:59","modified_gmt":"2026-04-18T19:57:59","slug":"systeme-daeration-acc-3100","status":"publish","type":"product","link":"https:\/\/shop.bantam.ch\/fr\/produit\/systeme-daeration-acc-3100\/","title":{"rendered":"Climatiseur DOMETIC ACC 3100"},"content":{"rendered":"<p>De l\u2019air propre et sain, \u00e0 tout moment : L\u2019a\u00e9ration de toit Dometic ACC permet un \u00e9change d\u2019air puissant dans l\u2019espace int\u00e9rieur, m\u00eame quand toutes les fen\u00eatres et portes sont ferm\u00e9es. Le syst\u00e8me de r\u00e9cup\u00e9ration de chaleur intelligent s\u2019assure que l\u2019int\u00e9rieur reste bien au chaud m\u00eame lors de temp\u00e9ratures ext\u00e9rieures basses &#8211; et d\u2019une fra\u00eecheur agr\u00e9able en \u00e9t\u00e9. La technique de capteur moderne d\u00e9piste les risques sanitaires potentiels comme par ex. l\u2019air vici\u00e9 dans le coin chambre. D\u00e8s que les valeurs limites programm\u00e9es sont d\u00e9pass\u00e9es, votre syst\u00e8me d\u2019a\u00e9ration se met au travail. C\u2019est ainsi que vous pouvez \u00e0 tout moment respirer de l\u2019air propre et sain.<\/p>\n<ul>\n<li>Dimensions ext\u00e9rieures\u00a0: 54,26 x 55,3 x 12,7\u00a0cm<\/li>\n<li>Dimensions int\u00e9rieures : 51,76 x 51,76 x 4,6\u00a0cm<\/li>\n<\/ul>\n<p>Les avantages produits en un coup d\u2019\u0153il<\/p>\n<ul>\n<li>\u00c9change d\u2019air efficace, m\u00eame quand toutes les fen\u00eatres et portes sont ferm\u00e9es<\/li>\n<li>Le syst\u00e8me de r\u00e9cup\u00e9ration de chaleur brevet\u00e9 r\u00e9duit la consommation d\u2019\u00e9nergie<\/li>\n<li>La commande intelligente par capteur contr\u00f4le et am\u00e9liore la qualit\u00e9 de l\u2019air dans le v\u00e9hicule<\/li>\n<li>Le capteur de pression diff\u00e9rentielle assure un \u00e9change d\u2019air silencieux et sans \u00e9vacuation d\u2019air<\/li>\n<li>L\u2019a\u00e9ration pendant la dur\u00e9e de stockage emp\u00eache la formation de moisissures<\/li>\n<li>Installation facile &#8211; convient pour les sections de toit de 400 x 400 mm<\/li>\n<\/ul>\n","protected":false},"excerpt":{"rendered":"<p>De l\u2019air propre et sain, \u00e0 tout moment : L\u2019a\u00e9ration de toit Dometic ACC permet un \u00e9change d\u2019air puissant dans l\u2019espace int\u00e9rieur, m\u00eame quand toutes les fen\u00eatres et portes sont ferm\u00e9es. Le syst\u00e8me de r\u00e9cup\u00e9ration de chaleur intelligent s\u2019assure que l\u2019int\u00e9rieur reste bien au chaud m\u00eame lors de temp\u00e9ratures ext\u00e9rieures basses &#8211; et d\u2019une fra\u00eecheur [&hellip;]<\/p>\n","protected":false},"featured_media":133768,"template":"","meta":{"_acf_changed":false},"product_featured_cat":[],"product_brand":[3028],"product_cat":[4089],"product_tag":[],"class_list":{"0":"post-133770","1":"product","2":"type-product","3":"status-publish","4":"has-post-thumbnail","6":"product_brand-dometic","7":"product_cat-climatisations","9":"first","10":"instock","11":"taxable","12":"shipping-taxable","13":"purchasable","14":"product-type-simple"},"acf":[],"yoast_head":"<!-- This site is optimized with the Yoast SEO plugin v27.4 - https:\/\/yoast.com\/product\/yoast-seo-wordpress\/ -->\n<title>Climatiseur DOMETIC ACC 3100 - Bantam Wankm\u00fcller SA<\/title>\n<meta name=\"robots\" content=\"index, follow, max-snippet:-1, max-image-preview:large, max-video-preview:-1\" \/>\n<link rel=\"canonical\" href=\"https:\/\/shop.bantam.ch\/fr\/produit\/systeme-daeration-acc-3100\/\" \/>\n<meta property=\"og:locale\" content=\"fr_FR\" \/>\n<meta property=\"og:type\" content=\"article\" \/>\n<meta property=\"og:title\" content=\"Climatiseur DOMETIC ACC 3100 - Bantam Wankm\u00fcller SA\" \/>\n<meta property=\"og:description\" content=\"De l\u2019air propre et sain, \u00e0 tout moment : L\u2019a\u00e9ration de toit Dometic ACC permet un \u00e9change d\u2019air puissant dans l\u2019espace int\u00e9rieur, m\u00eame quand toutes les fen\u00eatres et portes sont ferm\u00e9es. Le syst\u00e8me de r\u00e9cup\u00e9ration de chaleur intelligent s\u2019assure que l\u2019int\u00e9rieur reste bien au chaud m\u00eame lors de temp\u00e9ratures ext\u00e9rieures basses &#8211; et d\u2019une fra\u00eecheur [&hellip;]\" \/>\n<meta property=\"og:url\" content=\"https:\/\/shop.bantam.ch\/fr\/produit\/systeme-daeration-acc-3100\/\" \/>\n<meta property=\"og:site_name\" content=\"Bantam Wankm\u00fcller SA\" \/>\n<meta property=\"article:modified_time\" content=\"2026-04-18T19:57:59+00:00\" \/>\n<meta property=\"og:image\" content=\"https:\/\/shop.bantam.ch\/wp-content\/uploads\/2023\/03\/9961592100.jpg\" \/>\n\t<meta property=\"og:image:width\" content=\"1000\" \/>\n\t<meta property=\"og:image:height\" content=\"587\" \/>\n\t<meta property=\"og:image:type\" content=\"image\/jpeg\" \/>\n<meta name=\"twitter:card\" content=\"summary_large_image\" \/>\n<meta name=\"twitter:label1\" content=\"Dur\u00e9e de lecture estim\u00e9e\" \/>\n\t<meta name=\"twitter:data1\" content=\"1 minute\" \/>\n<script type=\"application\/ld+json\" class=\"yoast-schema-graph\">{\"@context\":\"https:\\\/\\\/schema.org\",\"@graph\":[{\"@type\":\"WebPage\",\"@id\":\"https:\\\/\\\/shop.bantam.ch\\\/fr\\\/produit\\\/systeme-daeration-acc-3100\\\/\",\"url\":\"https:\\\/\\\/shop.bantam.ch\\\/fr\\\/produit\\\/systeme-daeration-acc-3100\\\/\",\"name\":\"Climatiseur DOMETIC ACC 3100 - Bantam Wankm\u00fcller SA\",\"isPartOf\":{\"@id\":\"https:\\\/\\\/shop.bantam.ch\\\/fr\\\/#website\"},\"primaryImageOfPage\":{\"@id\":\"https:\\\/\\\/shop.bantam.ch\\\/fr\\\/produit\\\/systeme-daeration-acc-3100\\\/#primaryimage\"},\"image\":{\"@id\":\"https:\\\/\\\/shop.bantam.ch\\\/fr\\\/produit\\\/systeme-daeration-acc-3100\\\/#primaryimage\"},\"thumbnailUrl\":\"https:\\\/\\\/shop.bantam.ch\\\/wp-content\\\/uploads\\\/2023\\\/03\\\/9961592100.jpg\",\"datePublished\":\"2023-03-01T16:25:45+00:00\",\"dateModified\":\"2026-04-18T19:57:59+00:00\",\"breadcrumb\":{\"@id\":\"https:\\\/\\\/shop.bantam.ch\\\/fr\\\/produit\\\/systeme-daeration-acc-3100\\\/#breadcrumb\"},\"inLanguage\":\"fr-FR\",\"potentialAction\":[{\"@type\":\"ReadAction\",\"target\":[\"https:\\\/\\\/shop.bantam.ch\\\/fr\\\/produit\\\/systeme-daeration-acc-3100\\\/\"]}]},{\"@type\":\"ImageObject\",\"inLanguage\":\"fr-FR\",\"@id\":\"https:\\\/\\\/shop.bantam.ch\\\/fr\\\/produit\\\/systeme-daeration-acc-3100\\\/#primaryimage\",\"url\":\"https:\\\/\\\/shop.bantam.ch\\\/wp-content\\\/uploads\\\/2023\\\/03\\\/9961592100.jpg\",\"contentUrl\":\"https:\\\/\\\/shop.bantam.ch\\\/wp-content\\\/uploads\\\/2023\\\/03\\\/9961592100.jpg\",\"width\":1000,\"height\":587},{\"@type\":\"BreadcrumbList\",\"@id\":\"https:\\\/\\\/shop.bantam.ch\\\/fr\\\/produit\\\/systeme-daeration-acc-3100\\\/#breadcrumb\",\"itemListElement\":[{\"@type\":\"ListItem\",\"position\":1,\"name\":\"Accueil\",\"item\":\"https:\\\/\\\/shop.bantam.ch\\\/fr\\\/\"},{\"@type\":\"ListItem\",\"position\":2,\"name\":\"Boutique\",\"item\":\"https:\\\/\\\/shop.bantam.ch\\\/fr\\\/boutique\\\/\"},{\"@type\":\"ListItem\",\"position\":3,\"name\":\"Climatiseur DOMETIC ACC 3100\"}]},{\"@type\":\"WebSite\",\"@id\":\"https:\\\/\\\/shop.bantam.ch\\\/fr\\\/#website\",\"url\":\"https:\\\/\\\/shop.bantam.ch\\\/fr\\\/\",\"name\":\"Bantam Wankm\u00fcller SA\",\"description\":\"\",\"publisher\":{\"@id\":\"https:\\\/\\\/shop.bantam.ch\\\/fr\\\/#organization\"},\"inLanguage\":\"fr-FR\"},{\"@type\":\"Organization\",\"@id\":\"https:\\\/\\\/shop.bantam.ch\\\/fr\\\/#organization\",\"name\":\"Bantam Wankm\u00fcller SA\",\"url\":\"https:\\\/\\\/shop.bantam.ch\\\/fr\\\/\",\"logo\":{\"@type\":\"ImageObject\",\"inLanguage\":\"fr-FR\",\"@id\":\"https:\\\/\\\/shop.bantam.ch\\\/fr\\\/#\\\/schema\\\/logo\\\/image\\\/\",\"url\":\"https:\\\/\\\/shop.bantam.ch\\\/wp-content\\\/uploads\\\/2022\\\/12\\\/bantam-logo.png\",\"contentUrl\":\"https:\\\/\\\/shop.bantam.ch\\\/wp-content\\\/uploads\\\/2022\\\/12\\\/bantam-logo.png\",\"width\":320,\"height\":71,\"caption\":\"Bantam Wankm\u00fcller SA\"},\"image\":{\"@id\":\"https:\\\/\\\/shop.bantam.ch\\\/fr\\\/#\\\/schema\\\/logo\\\/image\\\/\"}}]}<\/script>\n<!-- \/ Yoast SEO plugin. -->","yoast_head_json":{"title":"Climatiseur DOMETIC ACC 3100 - Bantam Wankm\u00fcller SA","robots":{"index":"index","follow":"follow","max-snippet":"max-snippet:-1","max-image-preview":"max-image-preview:large","max-video-preview":"max-video-preview:-1"},"canonical":"https:\/\/shop.bantam.ch\/fr\/produit\/systeme-daeration-acc-3100\/","og_locale":"fr_FR","og_type":"article","og_title":"Climatiseur DOMETIC ACC 3100 - Bantam Wankm\u00fcller SA","og_description":"De l\u2019air propre et sain, \u00e0 tout moment : L\u2019a\u00e9ration de toit Dometic ACC permet un \u00e9change d\u2019air puissant dans l\u2019espace int\u00e9rieur, m\u00eame quand toutes les fen\u00eatres et portes sont ferm\u00e9es. Le syst\u00e8me de r\u00e9cup\u00e9ration de chaleur intelligent s\u2019assure que l\u2019int\u00e9rieur reste bien au chaud m\u00eame lors de temp\u00e9ratures ext\u00e9rieures basses &#8211; et d\u2019une fra\u00eecheur [&hellip;]","og_url":"https:\/\/shop.bantam.ch\/fr\/produit\/systeme-daeration-acc-3100\/","og_site_name":"Bantam Wankm\u00fcller SA","article_modified_time":"2026-04-18T19:57:59+00:00","og_image":[{"width":1000,"height":587,"url":"https:\/\/shop.bantam.ch\/wp-content\/uploads\/2023\/03\/9961592100.jpg","type":"image\/jpeg"}],"twitter_card":"summary_large_image","twitter_misc":{"Dur\u00e9e de lecture estim\u00e9e":"1 minute"},"schema":{"@context":"https:\/\/schema.org","@graph":[{"@type":"WebPage","@id":"https:\/\/shop.bantam.ch\/fr\/produit\/systeme-daeration-acc-3100\/","url":"https:\/\/shop.bantam.ch\/fr\/produit\/systeme-daeration-acc-3100\/","name":"Climatiseur DOMETIC ACC 3100 - Bantam Wankm\u00fcller SA","isPartOf":{"@id":"https:\/\/shop.bantam.ch\/fr\/#website"},"primaryImageOfPage":{"@id":"https:\/\/shop.bantam.ch\/fr\/produit\/systeme-daeration-acc-3100\/#primaryimage"},"image":{"@id":"https:\/\/shop.bantam.ch\/fr\/produit\/systeme-daeration-acc-3100\/#primaryimage"},"thumbnailUrl":"https:\/\/shop.bantam.ch\/wp-content\/uploads\/2023\/03\/9961592100.jpg","datePublished":"2023-03-01T16:25:45+00:00","dateModified":"2026-04-18T19:57:59+00:00","breadcrumb":{"@id":"https:\/\/shop.bantam.ch\/fr\/produit\/systeme-daeration-acc-3100\/#breadcrumb"},"inLanguage":"fr-FR","potentialAction":[{"@type":"ReadAction","target":["https:\/\/shop.bantam.ch\/fr\/produit\/systeme-daeration-acc-3100\/"]}]},{"@type":"ImageObject","inLanguage":"fr-FR","@id":"https:\/\/shop.bantam.ch\/fr\/produit\/systeme-daeration-acc-3100\/#primaryimage","url":"https:\/\/shop.bantam.ch\/wp-content\/uploads\/2023\/03\/9961592100.jpg","contentUrl":"https:\/\/shop.bantam.ch\/wp-content\/uploads\/2023\/03\/9961592100.jpg","width":1000,"height":587},{"@type":"BreadcrumbList","@id":"https:\/\/shop.bantam.ch\/fr\/produit\/systeme-daeration-acc-3100\/#breadcrumb","itemListElement":[{"@type":"ListItem","position":1,"name":"Accueil","item":"https:\/\/shop.bantam.ch\/fr\/"},{"@type":"ListItem","position":2,"name":"Boutique","item":"https:\/\/shop.bantam.ch\/fr\/boutique\/"},{"@type":"ListItem","position":3,"name":"Climatiseur DOMETIC ACC 3100"}]},{"@type":"WebSite","@id":"https:\/\/shop.bantam.ch\/fr\/#website","url":"https:\/\/shop.bantam.ch\/fr\/","name":"Bantam Wankm\u00fcller SA","description":"","publisher":{"@id":"https:\/\/shop.bantam.ch\/fr\/#organization"},"inLanguage":"fr-FR"},{"@type":"Organization","@id":"https:\/\/shop.bantam.ch\/fr\/#organization","name":"Bantam Wankm\u00fcller SA","url":"https:\/\/shop.bantam.ch\/fr\/","logo":{"@type":"ImageObject","inLanguage":"fr-FR","@id":"https:\/\/shop.bantam.ch\/fr\/#\/schema\/logo\/image\/","url":"https:\/\/shop.bantam.ch\/wp-content\/uploads\/2022\/12\/bantam-logo.png","contentUrl":"https:\/\/shop.bantam.ch\/wp-content\/uploads\/2022\/12\/bantam-logo.png","width":320,"height":71,"caption":"Bantam Wankm\u00fcller SA"},"image":{"@id":"https:\/\/shop.bantam.ch\/fr\/#\/schema\/logo\/image\/"}}]}},"_links":{"self":[{"href":"https:\/\/shop.bantam.ch\/fr\/wp-json\/wp\/v2\/product\/133770","targetHints":{"allow":["GET"]}}],"collection":[{"href":"https:\/\/shop.bantam.ch\/fr\/wp-json\/wp\/v2\/product"}],"about":[{"href":"https:\/\/shop.bantam.ch\/fr\/wp-json\/wp\/v2\/types\/product"}],"wp:featuredmedia":[{"embeddable":true,"href":"https:\/\/shop.bantam.ch\/fr\/wp-json\/wp\/v2\/media\/133768"}],"wp:attachment":[{"href":"https:\/\/shop.bantam.ch\/fr\/wp-json\/wp\/v2\/media?parent=133770"}],"wp:term":[{"taxonomy":"product_featured_cat","embeddable":true,"href":"https:\/\/shop.bantam.ch\/fr\/wp-json\/wp\/v2\/product_featured_cat?post=133770"},{"taxonomy":"product_brand","embeddable":true,"href":"https:\/\/shop.bantam.ch\/fr\/wp-json\/wp\/v2\/product_brand?post=133770"},{"taxonomy":"product_cat","embeddable":true,"href":"https:\/\/shop.bantam.ch\/fr\/wp-json\/wp\/v2\/product_cat?post=133770"},{"taxonomy":"product_tag","embeddable":true,"href":"https:\/\/shop.bantam.ch\/fr\/wp-json\/wp\/v2\/product_tag?post=133770"}],"curies":[{"name":"wp","href":"https:\/\/api.w.org\/{rel}","templated":true}]}}