{"id":133744,"date":"2023-03-01T17:25:26","date_gmt":"2023-03-01T16:25:26","guid":{"rendered":"https:\/\/shop.bantam.ch\/produit\/lampe-de-table-urban-outdoor-highbury-pliable-blanche\/"},"modified":"2026-04-18T21:57:53","modified_gmt":"2026-04-18T19:57:53","slug":"lampe-de-table-urban-outdoor-highbury-pliable-blanche","status":"publish","type":"product","link":"https:\/\/shop.bantam.ch\/fr\/produit\/lampe-de-table-urban-outdoor-highbury-pliable-blanche\/","title":{"rendered":"Lampe de table Bo Camp Urban Outdoor Highbury Pliable couleur blanche"},"content":{"rendered":"<p>Une lanterne de table attirante rechargeable avec look Outdoor \u00e9l\u00e9gant. Conf\u00e8re une lumi\u00e8re agr\u00e9able gr\u00e2ce \u00e0 l\u2019\u00e9clairage LED blanc chaud avec fonction de variation continue. \u00c9quip\u00e9e d\u2019un pied de bambou, d\u2019un bo\u00eetier en plastique et d\u2019une poign\u00e9e. La batterie Lithium-ion int\u00e9gr\u00e9e peut \u00eatre recharg\u00e9e avec un c\u00e2ble USB fourni. Id\u00e9al pour une table, une armoire ou pour accrocher.<\/p>\n","protected":false},"excerpt":{"rendered":"<p>Une lanterne de table attirante rechargeable avec look Outdoor \u00e9l\u00e9gant. Conf\u00e8re une lumi\u00e8re agr\u00e9able gr\u00e2ce \u00e0 l\u2019\u00e9clairage LED blanc chaud avec fonction de variation continue. \u00c9quip\u00e9e d\u2019un pied de bambou, d\u2019un bo\u00eetier en plastique et d\u2019une poign\u00e9e. La batterie Lithium-ion int\u00e9gr\u00e9e peut \u00eatre recharg\u00e9e avec un c\u00e2ble USB fourni. Id\u00e9al pour une table, une armoire [&hellip;]<\/p>\n","protected":false},"featured_media":133734,"template":"","meta":{"_acf_changed":false},"product_featured_cat":[],"product_brand":[3664],"product_cat":[4361],"product_tag":[],"class_list":{"0":"post-133744","1":"product","2":"type-product","3":"status-publish","4":"has-post-thumbnail","6":"product_brand-van-assendelft","7":"product_cat-lampes-a-piles-et-rechargeables","9":"first","10":"instock","11":"taxable","12":"shipping-taxable","13":"purchasable","14":"product-type-simple"},"acf":[],"yoast_head":"<!-- This site is optimized with the Yoast SEO plugin v27.4 - https:\/\/yoast.com\/product\/yoast-seo-wordpress\/ -->\n<title>Lampe de table Bo Camp Urban Outdoor Highbury Pliable couleur blanche - Bantam Wankm\u00fcller SA<\/title>\n<meta name=\"robots\" content=\"index, follow, max-snippet:-1, max-image-preview:large, max-video-preview:-1\" \/>\n<link rel=\"canonical\" href=\"https:\/\/shop.bantam.ch\/fr\/produit\/lampe-de-table-urban-outdoor-highbury-pliable-blanche\/\" \/>\n<meta property=\"og:locale\" content=\"fr_FR\" \/>\n<meta property=\"og:type\" content=\"article\" \/>\n<meta property=\"og:title\" content=\"Lampe de table Bo Camp Urban Outdoor Highbury Pliable couleur blanche - Bantam Wankm\u00fcller SA\" \/>\n<meta property=\"og:description\" content=\"Une lanterne de table attirante rechargeable avec look Outdoor \u00e9l\u00e9gant. Conf\u00e8re une lumi\u00e8re agr\u00e9able gr\u00e2ce \u00e0 l\u2019\u00e9clairage LED blanc chaud avec fonction de variation continue. \u00c9quip\u00e9e d\u2019un pied de bambou, d\u2019un bo\u00eetier en plastique et d\u2019une poign\u00e9e. La batterie Lithium-ion int\u00e9gr\u00e9e peut \u00eatre recharg\u00e9e avec un c\u00e2ble USB fourni. Id\u00e9al pour une table, une armoire [&hellip;]\" \/>\n<meta property=\"og:url\" content=\"https:\/\/shop.bantam.ch\/fr\/produit\/lampe-de-table-urban-outdoor-highbury-pliable-blanche\/\" \/>\n<meta property=\"og:site_name\" content=\"Bantam Wankm\u00fcller SA\" \/>\n<meta property=\"article:modified_time\" content=\"2026-04-18T19:57:53+00:00\" \/>\n<meta property=\"og:image\" content=\"https:\/\/shop.bantam.ch\/wp-content\/uploads\/2023\/03\/997084911.jpg\" \/>\n\t<meta property=\"og:image:width\" content=\"600\" \/>\n\t<meta property=\"og:image:height\" content=\"764\" \/>\n\t<meta property=\"og:image:type\" content=\"image\/jpeg\" \/>\n<meta name=\"twitter:card\" content=\"summary_large_image\" \/>\n<script type=\"application\/ld+json\" class=\"yoast-schema-graph\">{\"@context\":\"https:\\\/\\\/schema.org\",\"@graph\":[{\"@type\":\"WebPage\",\"@id\":\"https:\\\/\\\/shop.bantam.ch\\\/fr\\\/produit\\\/lampe-de-table-urban-outdoor-highbury-pliable-blanche\\\/\",\"url\":\"https:\\\/\\\/shop.bantam.ch\\\/fr\\\/produit\\\/lampe-de-table-urban-outdoor-highbury-pliable-blanche\\\/\",\"name\":\"Lampe de table Bo Camp Urban Outdoor Highbury Pliable couleur blanche - Bantam Wankm\u00fcller SA\",\"isPartOf\":{\"@id\":\"https:\\\/\\\/shop.bantam.ch\\\/fr\\\/#website\"},\"primaryImageOfPage\":{\"@id\":\"https:\\\/\\\/shop.bantam.ch\\\/fr\\\/produit\\\/lampe-de-table-urban-outdoor-highbury-pliable-blanche\\\/#primaryimage\"},\"image\":{\"@id\":\"https:\\\/\\\/shop.bantam.ch\\\/fr\\\/produit\\\/lampe-de-table-urban-outdoor-highbury-pliable-blanche\\\/#primaryimage\"},\"thumbnailUrl\":\"https:\\\/\\\/shop.bantam.ch\\\/wp-content\\\/uploads\\\/2023\\\/03\\\/997084911.jpg\",\"datePublished\":\"2023-03-01T16:25:26+00:00\",\"dateModified\":\"2026-04-18T19:57:53+00:00\",\"breadcrumb\":{\"@id\":\"https:\\\/\\\/shop.bantam.ch\\\/fr\\\/produit\\\/lampe-de-table-urban-outdoor-highbury-pliable-blanche\\\/#breadcrumb\"},\"inLanguage\":\"fr-FR\",\"potentialAction\":[{\"@type\":\"ReadAction\",\"target\":[\"https:\\\/\\\/shop.bantam.ch\\\/fr\\\/produit\\\/lampe-de-table-urban-outdoor-highbury-pliable-blanche\\\/\"]}]},{\"@type\":\"ImageObject\",\"inLanguage\":\"fr-FR\",\"@id\":\"https:\\\/\\\/shop.bantam.ch\\\/fr\\\/produit\\\/lampe-de-table-urban-outdoor-highbury-pliable-blanche\\\/#primaryimage\",\"url\":\"https:\\\/\\\/shop.bantam.ch\\\/wp-content\\\/uploads\\\/2023\\\/03\\\/997084911.jpg\",\"contentUrl\":\"https:\\\/\\\/shop.bantam.ch\\\/wp-content\\\/uploads\\\/2023\\\/03\\\/997084911.jpg\",\"width\":600,\"height\":764},{\"@type\":\"BreadcrumbList\",\"@id\":\"https:\\\/\\\/shop.bantam.ch\\\/fr\\\/produit\\\/lampe-de-table-urban-outdoor-highbury-pliable-blanche\\\/#breadcrumb\",\"itemListElement\":[{\"@type\":\"ListItem\",\"position\":1,\"name\":\"Accueil\",\"item\":\"https:\\\/\\\/shop.bantam.ch\\\/fr\\\/\"},{\"@type\":\"ListItem\",\"position\":2,\"name\":\"Boutique\",\"item\":\"https:\\\/\\\/shop.bantam.ch\\\/fr\\\/boutique\\\/\"},{\"@type\":\"ListItem\",\"position\":3,\"name\":\"Lampe de table Bo Camp Urban Outdoor Highbury Pliable couleur blanche\"}]},{\"@type\":\"WebSite\",\"@id\":\"https:\\\/\\\/shop.bantam.ch\\\/fr\\\/#website\",\"url\":\"https:\\\/\\\/shop.bantam.ch\\\/fr\\\/\",\"name\":\"Bantam Wankm\u00fcller SA\",\"description\":\"\",\"publisher\":{\"@id\":\"https:\\\/\\\/shop.bantam.ch\\\/fr\\\/#organization\"},\"inLanguage\":\"fr-FR\"},{\"@type\":\"Organization\",\"@id\":\"https:\\\/\\\/shop.bantam.ch\\\/fr\\\/#organization\",\"name\":\"Bantam Wankm\u00fcller SA\",\"url\":\"https:\\\/\\\/shop.bantam.ch\\\/fr\\\/\",\"logo\":{\"@type\":\"ImageObject\",\"inLanguage\":\"fr-FR\",\"@id\":\"https:\\\/\\\/shop.bantam.ch\\\/fr\\\/#\\\/schema\\\/logo\\\/image\\\/\",\"url\":\"https:\\\/\\\/shop.bantam.ch\\\/wp-content\\\/uploads\\\/2022\\\/12\\\/bantam-logo.png\",\"contentUrl\":\"https:\\\/\\\/shop.bantam.ch\\\/wp-content\\\/uploads\\\/2022\\\/12\\\/bantam-logo.png\",\"width\":320,\"height\":71,\"caption\":\"Bantam Wankm\u00fcller SA\"},\"image\":{\"@id\":\"https:\\\/\\\/shop.bantam.ch\\\/fr\\\/#\\\/schema\\\/logo\\\/image\\\/\"}}]}<\/script>\n<!-- \/ Yoast SEO plugin. -->","yoast_head_json":{"title":"Lampe de table Bo Camp Urban Outdoor Highbury Pliable couleur blanche - Bantam Wankm\u00fcller SA","robots":{"index":"index","follow":"follow","max-snippet":"max-snippet:-1","max-image-preview":"max-image-preview:large","max-video-preview":"max-video-preview:-1"},"canonical":"https:\/\/shop.bantam.ch\/fr\/produit\/lampe-de-table-urban-outdoor-highbury-pliable-blanche\/","og_locale":"fr_FR","og_type":"article","og_title":"Lampe de table Bo Camp Urban Outdoor Highbury Pliable couleur blanche - Bantam Wankm\u00fcller SA","og_description":"Une lanterne de table attirante rechargeable avec look Outdoor \u00e9l\u00e9gant. Conf\u00e8re une lumi\u00e8re agr\u00e9able gr\u00e2ce \u00e0 l\u2019\u00e9clairage LED blanc chaud avec fonction de variation continue. \u00c9quip\u00e9e d\u2019un pied de bambou, d\u2019un bo\u00eetier en plastique et d\u2019une poign\u00e9e. La batterie Lithium-ion int\u00e9gr\u00e9e peut \u00eatre recharg\u00e9e avec un c\u00e2ble USB fourni. Id\u00e9al pour une table, une armoire [&hellip;]","og_url":"https:\/\/shop.bantam.ch\/fr\/produit\/lampe-de-table-urban-outdoor-highbury-pliable-blanche\/","og_site_name":"Bantam Wankm\u00fcller SA","article_modified_time":"2026-04-18T19:57:53+00:00","og_image":[{"width":600,"height":764,"url":"https:\/\/shop.bantam.ch\/wp-content\/uploads\/2023\/03\/997084911.jpg","type":"image\/jpeg"}],"twitter_card":"summary_large_image","schema":{"@context":"https:\/\/schema.org","@graph":[{"@type":"WebPage","@id":"https:\/\/shop.bantam.ch\/fr\/produit\/lampe-de-table-urban-outdoor-highbury-pliable-blanche\/","url":"https:\/\/shop.bantam.ch\/fr\/produit\/lampe-de-table-urban-outdoor-highbury-pliable-blanche\/","name":"Lampe de table Bo Camp Urban Outdoor Highbury Pliable couleur blanche - Bantam Wankm\u00fcller SA","isPartOf":{"@id":"https:\/\/shop.bantam.ch\/fr\/#website"},"primaryImageOfPage":{"@id":"https:\/\/shop.bantam.ch\/fr\/produit\/lampe-de-table-urban-outdoor-highbury-pliable-blanche\/#primaryimage"},"image":{"@id":"https:\/\/shop.bantam.ch\/fr\/produit\/lampe-de-table-urban-outdoor-highbury-pliable-blanche\/#primaryimage"},"thumbnailUrl":"https:\/\/shop.bantam.ch\/wp-content\/uploads\/2023\/03\/997084911.jpg","datePublished":"2023-03-01T16:25:26+00:00","dateModified":"2026-04-18T19:57:53+00:00","breadcrumb":{"@id":"https:\/\/shop.bantam.ch\/fr\/produit\/lampe-de-table-urban-outdoor-highbury-pliable-blanche\/#breadcrumb"},"inLanguage":"fr-FR","potentialAction":[{"@type":"ReadAction","target":["https:\/\/shop.bantam.ch\/fr\/produit\/lampe-de-table-urban-outdoor-highbury-pliable-blanche\/"]}]},{"@type":"ImageObject","inLanguage":"fr-FR","@id":"https:\/\/shop.bantam.ch\/fr\/produit\/lampe-de-table-urban-outdoor-highbury-pliable-blanche\/#primaryimage","url":"https:\/\/shop.bantam.ch\/wp-content\/uploads\/2023\/03\/997084911.jpg","contentUrl":"https:\/\/shop.bantam.ch\/wp-content\/uploads\/2023\/03\/997084911.jpg","width":600,"height":764},{"@type":"BreadcrumbList","@id":"https:\/\/shop.bantam.ch\/fr\/produit\/lampe-de-table-urban-outdoor-highbury-pliable-blanche\/#breadcrumb","itemListElement":[{"@type":"ListItem","position":1,"name":"Accueil","item":"https:\/\/shop.bantam.ch\/fr\/"},{"@type":"ListItem","position":2,"name":"Boutique","item":"https:\/\/shop.bantam.ch\/fr\/boutique\/"},{"@type":"ListItem","position":3,"name":"Lampe de table Bo Camp Urban Outdoor Highbury Pliable couleur blanche"}]},{"@type":"WebSite","@id":"https:\/\/shop.bantam.ch\/fr\/#website","url":"https:\/\/shop.bantam.ch\/fr\/","name":"Bantam Wankm\u00fcller SA","description":"","publisher":{"@id":"https:\/\/shop.bantam.ch\/fr\/#organization"},"inLanguage":"fr-FR"},{"@type":"Organization","@id":"https:\/\/shop.bantam.ch\/fr\/#organization","name":"Bantam Wankm\u00fcller SA","url":"https:\/\/shop.bantam.ch\/fr\/","logo":{"@type":"ImageObject","inLanguage":"fr-FR","@id":"https:\/\/shop.bantam.ch\/fr\/#\/schema\/logo\/image\/","url":"https:\/\/shop.bantam.ch\/wp-content\/uploads\/2022\/12\/bantam-logo.png","contentUrl":"https:\/\/shop.bantam.ch\/wp-content\/uploads\/2022\/12\/bantam-logo.png","width":320,"height":71,"caption":"Bantam Wankm\u00fcller SA"},"image":{"@id":"https:\/\/shop.bantam.ch\/fr\/#\/schema\/logo\/image\/"}}]}},"_links":{"self":[{"href":"https:\/\/shop.bantam.ch\/fr\/wp-json\/wp\/v2\/product\/133744","targetHints":{"allow":["GET"]}}],"collection":[{"href":"https:\/\/shop.bantam.ch\/fr\/wp-json\/wp\/v2\/product"}],"about":[{"href":"https:\/\/shop.bantam.ch\/fr\/wp-json\/wp\/v2\/types\/product"}],"wp:featuredmedia":[{"embeddable":true,"href":"https:\/\/shop.bantam.ch\/fr\/wp-json\/wp\/v2\/media\/133734"}],"wp:attachment":[{"href":"https:\/\/shop.bantam.ch\/fr\/wp-json\/wp\/v2\/media?parent=133744"}],"wp:term":[{"taxonomy":"product_featured_cat","embeddable":true,"href":"https:\/\/shop.bantam.ch\/fr\/wp-json\/wp\/v2\/product_featured_cat?post=133744"},{"taxonomy":"product_brand","embeddable":true,"href":"https:\/\/shop.bantam.ch\/fr\/wp-json\/wp\/v2\/product_brand?post=133744"},{"taxonomy":"product_cat","embeddable":true,"href":"https:\/\/shop.bantam.ch\/fr\/wp-json\/wp\/v2\/product_cat?post=133744"},{"taxonomy":"product_tag","embeddable":true,"href":"https:\/\/shop.bantam.ch\/fr\/wp-json\/wp\/v2\/product_tag?post=133744"}],"curies":[{"name":"wp","href":"https:\/\/api.w.org\/{rel}","templated":true}]}}