{"id":133732,"date":"2023-03-01T17:25:19","date_gmt":"2023-03-01T16:25:19","guid":{"rendered":"https:\/\/shop.bantam.ch\/produit\/tente-de-toit-thermis-popup-tente-a-toile-rigide\/"},"modified":"2026-04-17T21:56:43","modified_gmt":"2026-04-17T19:56:43","slug":"tente-de-toit-thermis-popup-tente-a-toile-rigide","status":"publish","type":"product","link":"https:\/\/shop.bantam.ch\/fr\/produit\/tente-de-toit-thermis-popup-tente-a-toile-rigide\/","title":{"rendered":"Tente toit horntools Themis Tente solide PopUp"},"content":{"rendered":"<p>Avec 3 entr\u00e9es couvertes et 3 fen\u00eatres s\u00e9par\u00e9es, vous avez une vue superbe et vous cr\u00e9ez un climat int\u00e9rieur agr\u00e9able dans la tente. Le fond isol\u00e9 et le ciel \u00e9vitent l\u2019eau de condensation. Toutes les fen\u00eatres et entr\u00e9es sont pourvues de moustiquaires pour un sommeil calme, les fen\u00eatres non couvertes ont de plus une fermeture \u00e0 glissi\u00e8re \u00e9tanche. Le matelas de 7 cm d\u2019\u00e9paisseur, en liaison avec un rev\u00eatement de flanelle et un support en 3D Mash, vous permet de dormir de fa\u00e7on particuli\u00e8rement confortable. \u00c0 l\u2019int\u00e9rieur, il y a toujours une bande agrippante pour la pochette int\u00e9rieure contenue dans la livraison. Deux sacs \u00e0 chaussures pour la zone ext\u00e9rieure parach\u00e8vent la tente. Pour que cela reste aussi sec et douillet s\u2019il se met \u00e0 pleuvoir, sur toutes les ouvertures lat\u00e9rales, le Themis a install\u00e9 un auvent repliable avec parties lat\u00e9rales. Ainsi, la pluie ou m\u00eame la neige n\u2019ont aucune chance, et vous pouvez profiter de la vue malgr\u00e9 le mauvais temps et laisser la lumi\u00e8re dans la tente. Le matelas a les dimensions de 210 x 140 x 7 cm (L x l x h). La hauteur int\u00e9rieure de la tente s\u2019\u00e9l\u00e8ve \u00e0 140 cm.<\/p>\n<p>Mat\u00e9riau\u00a0: <br \/>65 % coton, 35 % polyester<\/p>\n<p>Contenu de la livraison : <br \/>Tente de toit<br \/>Protection tente de toit<br \/>Matelas\u00a070 mm<br \/>Mat\u00e9riel de fixation galerie de toit<br \/>Outil de montage<br \/>Barres de tension pour les baies projetables<br \/>Sac \u00e0 chaussures<br \/>Espace int\u00e9rieur poche Organizer<br \/>\u00c9chelle de 2,3 m avec sac<br \/>Notice d\u2019utilisation et de montage<\/p>\n","protected":false},"excerpt":{"rendered":"<p>Avec 3 entr\u00e9es couvertes et 3 fen\u00eatres s\u00e9par\u00e9es, vous avez une vue superbe et vous cr\u00e9ez un climat int\u00e9rieur agr\u00e9able dans la tente. Le fond isol\u00e9 et le ciel \u00e9vitent l\u2019eau de condensation. Toutes les fen\u00eatres et entr\u00e9es sont pourvues de moustiquaires pour un sommeil calme, les fen\u00eatres non couvertes ont de plus une fermeture [&hellip;]<\/p>\n","protected":false},"featured_media":133700,"template":"","meta":{"_acf_changed":false},"product_featured_cat":[],"product_brand":[3508],"product_cat":[4243],"product_tag":[],"class_list":{"0":"post-133732","1":"product","2":"type-product","3":"status-publish","4":"has-post-thumbnail","6":"product_brand-horntools","7":"product_cat-tentes-de-toit","9":"first","10":"instock","11":"taxable","12":"shipping-taxable","13":"purchasable","14":"product-type-simple"},"acf":[],"yoast_head":"<!-- This site is optimized with the Yoast SEO plugin v27.4 - https:\/\/yoast.com\/product\/yoast-seo-wordpress\/ -->\n<title>Tente toit horntools Themis Tente solide PopUp - Bantam Wankm\u00fcller SA<\/title>\n<meta name=\"robots\" content=\"index, follow, max-snippet:-1, max-image-preview:large, max-video-preview:-1\" \/>\n<link rel=\"canonical\" href=\"https:\/\/shop.bantam.ch\/fr\/produit\/tente-de-toit-thermis-popup-tente-a-toile-rigide\/\" \/>\n<meta property=\"og:locale\" content=\"fr_FR\" \/>\n<meta property=\"og:type\" content=\"article\" \/>\n<meta property=\"og:title\" content=\"Tente toit horntools Themis Tente solide PopUp - Bantam Wankm\u00fcller SA\" \/>\n<meta property=\"og:description\" content=\"Avec 3 entr\u00e9es couvertes et 3 fen\u00eatres s\u00e9par\u00e9es, vous avez une vue superbe et vous cr\u00e9ez un climat int\u00e9rieur agr\u00e9able dans la tente. Le fond isol\u00e9 et le ciel \u00e9vitent l\u2019eau de condensation. Toutes les fen\u00eatres et entr\u00e9es sont pourvues de moustiquaires pour un sommeil calme, les fen\u00eatres non couvertes ont de plus une fermeture [&hellip;]\" \/>\n<meta property=\"og:url\" content=\"https:\/\/shop.bantam.ch\/fr\/produit\/tente-de-toit-thermis-popup-tente-a-toile-rigide\/\" \/>\n<meta property=\"og:site_name\" content=\"Bantam Wankm\u00fcller SA\" \/>\n<meta property=\"article:modified_time\" content=\"2026-04-17T19:56:43+00:00\" \/>\n<meta property=\"og:image\" content=\"https:\/\/shop.bantam.ch\/wp-content\/uploads\/2023\/03\/997083811.jpg\" \/>\n\t<meta property=\"og:image:width\" content=\"1200\" \/>\n\t<meta property=\"og:image:height\" content=\"1200\" \/>\n\t<meta property=\"og:image:type\" content=\"image\/jpeg\" \/>\n<meta name=\"twitter:card\" content=\"summary_large_image\" \/>\n<meta name=\"twitter:label1\" content=\"Dur\u00e9e de lecture estim\u00e9e\" \/>\n\t<meta name=\"twitter:data1\" content=\"1 minute\" \/>\n<script type=\"application\/ld+json\" class=\"yoast-schema-graph\">{\"@context\":\"https:\\\/\\\/schema.org\",\"@graph\":[{\"@type\":\"WebPage\",\"@id\":\"https:\\\/\\\/shop.bantam.ch\\\/fr\\\/produit\\\/tente-de-toit-thermis-popup-tente-a-toile-rigide\\\/\",\"url\":\"https:\\\/\\\/shop.bantam.ch\\\/fr\\\/produit\\\/tente-de-toit-thermis-popup-tente-a-toile-rigide\\\/\",\"name\":\"Tente toit horntools Themis Tente solide PopUp - Bantam Wankm\u00fcller SA\",\"isPartOf\":{\"@id\":\"https:\\\/\\\/shop.bantam.ch\\\/fr\\\/#website\"},\"primaryImageOfPage\":{\"@id\":\"https:\\\/\\\/shop.bantam.ch\\\/fr\\\/produit\\\/tente-de-toit-thermis-popup-tente-a-toile-rigide\\\/#primaryimage\"},\"image\":{\"@id\":\"https:\\\/\\\/shop.bantam.ch\\\/fr\\\/produit\\\/tente-de-toit-thermis-popup-tente-a-toile-rigide\\\/#primaryimage\"},\"thumbnailUrl\":\"https:\\\/\\\/shop.bantam.ch\\\/wp-content\\\/uploads\\\/2023\\\/03\\\/997083811.jpg\",\"datePublished\":\"2023-03-01T16:25:19+00:00\",\"dateModified\":\"2026-04-17T19:56:43+00:00\",\"breadcrumb\":{\"@id\":\"https:\\\/\\\/shop.bantam.ch\\\/fr\\\/produit\\\/tente-de-toit-thermis-popup-tente-a-toile-rigide\\\/#breadcrumb\"},\"inLanguage\":\"fr-FR\",\"potentialAction\":[{\"@type\":\"ReadAction\",\"target\":[\"https:\\\/\\\/shop.bantam.ch\\\/fr\\\/produit\\\/tente-de-toit-thermis-popup-tente-a-toile-rigide\\\/\"]}]},{\"@type\":\"ImageObject\",\"inLanguage\":\"fr-FR\",\"@id\":\"https:\\\/\\\/shop.bantam.ch\\\/fr\\\/produit\\\/tente-de-toit-thermis-popup-tente-a-toile-rigide\\\/#primaryimage\",\"url\":\"https:\\\/\\\/shop.bantam.ch\\\/wp-content\\\/uploads\\\/2023\\\/03\\\/997083811.jpg\",\"contentUrl\":\"https:\\\/\\\/shop.bantam.ch\\\/wp-content\\\/uploads\\\/2023\\\/03\\\/997083811.jpg\",\"width\":1200,\"height\":1200},{\"@type\":\"BreadcrumbList\",\"@id\":\"https:\\\/\\\/shop.bantam.ch\\\/fr\\\/produit\\\/tente-de-toit-thermis-popup-tente-a-toile-rigide\\\/#breadcrumb\",\"itemListElement\":[{\"@type\":\"ListItem\",\"position\":1,\"name\":\"Accueil\",\"item\":\"https:\\\/\\\/shop.bantam.ch\\\/fr\\\/\"},{\"@type\":\"ListItem\",\"position\":2,\"name\":\"Boutique\",\"item\":\"https:\\\/\\\/shop.bantam.ch\\\/fr\\\/boutique\\\/\"},{\"@type\":\"ListItem\",\"position\":3,\"name\":\"Tente toit horntools Themis Tente solide PopUp\"}]},{\"@type\":\"WebSite\",\"@id\":\"https:\\\/\\\/shop.bantam.ch\\\/fr\\\/#website\",\"url\":\"https:\\\/\\\/shop.bantam.ch\\\/fr\\\/\",\"name\":\"Bantam Wankm\u00fcller SA\",\"description\":\"\",\"publisher\":{\"@id\":\"https:\\\/\\\/shop.bantam.ch\\\/fr\\\/#organization\"},\"inLanguage\":\"fr-FR\"},{\"@type\":\"Organization\",\"@id\":\"https:\\\/\\\/shop.bantam.ch\\\/fr\\\/#organization\",\"name\":\"Bantam Wankm\u00fcller SA\",\"url\":\"https:\\\/\\\/shop.bantam.ch\\\/fr\\\/\",\"logo\":{\"@type\":\"ImageObject\",\"inLanguage\":\"fr-FR\",\"@id\":\"https:\\\/\\\/shop.bantam.ch\\\/fr\\\/#\\\/schema\\\/logo\\\/image\\\/\",\"url\":\"https:\\\/\\\/shop.bantam.ch\\\/wp-content\\\/uploads\\\/2022\\\/12\\\/bantam-logo.png\",\"contentUrl\":\"https:\\\/\\\/shop.bantam.ch\\\/wp-content\\\/uploads\\\/2022\\\/12\\\/bantam-logo.png\",\"width\":320,\"height\":71,\"caption\":\"Bantam Wankm\u00fcller SA\"},\"image\":{\"@id\":\"https:\\\/\\\/shop.bantam.ch\\\/fr\\\/#\\\/schema\\\/logo\\\/image\\\/\"}}]}<\/script>\n<!-- \/ Yoast SEO plugin. -->","yoast_head_json":{"title":"Tente toit horntools Themis Tente solide PopUp - Bantam Wankm\u00fcller SA","robots":{"index":"index","follow":"follow","max-snippet":"max-snippet:-1","max-image-preview":"max-image-preview:large","max-video-preview":"max-video-preview:-1"},"canonical":"https:\/\/shop.bantam.ch\/fr\/produit\/tente-de-toit-thermis-popup-tente-a-toile-rigide\/","og_locale":"fr_FR","og_type":"article","og_title":"Tente toit horntools Themis Tente solide PopUp - Bantam Wankm\u00fcller SA","og_description":"Avec 3 entr\u00e9es couvertes et 3 fen\u00eatres s\u00e9par\u00e9es, vous avez une vue superbe et vous cr\u00e9ez un climat int\u00e9rieur agr\u00e9able dans la tente. Le fond isol\u00e9 et le ciel \u00e9vitent l\u2019eau de condensation. Toutes les fen\u00eatres et entr\u00e9es sont pourvues de moustiquaires pour un sommeil calme, les fen\u00eatres non couvertes ont de plus une fermeture [&hellip;]","og_url":"https:\/\/shop.bantam.ch\/fr\/produit\/tente-de-toit-thermis-popup-tente-a-toile-rigide\/","og_site_name":"Bantam Wankm\u00fcller SA","article_modified_time":"2026-04-17T19:56:43+00:00","og_image":[{"width":1200,"height":1200,"url":"https:\/\/shop.bantam.ch\/wp-content\/uploads\/2023\/03\/997083811.jpg","type":"image\/jpeg"}],"twitter_card":"summary_large_image","twitter_misc":{"Dur\u00e9e de lecture estim\u00e9e":"1 minute"},"schema":{"@context":"https:\/\/schema.org","@graph":[{"@type":"WebPage","@id":"https:\/\/shop.bantam.ch\/fr\/produit\/tente-de-toit-thermis-popup-tente-a-toile-rigide\/","url":"https:\/\/shop.bantam.ch\/fr\/produit\/tente-de-toit-thermis-popup-tente-a-toile-rigide\/","name":"Tente toit horntools Themis Tente solide PopUp - Bantam Wankm\u00fcller SA","isPartOf":{"@id":"https:\/\/shop.bantam.ch\/fr\/#website"},"primaryImageOfPage":{"@id":"https:\/\/shop.bantam.ch\/fr\/produit\/tente-de-toit-thermis-popup-tente-a-toile-rigide\/#primaryimage"},"image":{"@id":"https:\/\/shop.bantam.ch\/fr\/produit\/tente-de-toit-thermis-popup-tente-a-toile-rigide\/#primaryimage"},"thumbnailUrl":"https:\/\/shop.bantam.ch\/wp-content\/uploads\/2023\/03\/997083811.jpg","datePublished":"2023-03-01T16:25:19+00:00","dateModified":"2026-04-17T19:56:43+00:00","breadcrumb":{"@id":"https:\/\/shop.bantam.ch\/fr\/produit\/tente-de-toit-thermis-popup-tente-a-toile-rigide\/#breadcrumb"},"inLanguage":"fr-FR","potentialAction":[{"@type":"ReadAction","target":["https:\/\/shop.bantam.ch\/fr\/produit\/tente-de-toit-thermis-popup-tente-a-toile-rigide\/"]}]},{"@type":"ImageObject","inLanguage":"fr-FR","@id":"https:\/\/shop.bantam.ch\/fr\/produit\/tente-de-toit-thermis-popup-tente-a-toile-rigide\/#primaryimage","url":"https:\/\/shop.bantam.ch\/wp-content\/uploads\/2023\/03\/997083811.jpg","contentUrl":"https:\/\/shop.bantam.ch\/wp-content\/uploads\/2023\/03\/997083811.jpg","width":1200,"height":1200},{"@type":"BreadcrumbList","@id":"https:\/\/shop.bantam.ch\/fr\/produit\/tente-de-toit-thermis-popup-tente-a-toile-rigide\/#breadcrumb","itemListElement":[{"@type":"ListItem","position":1,"name":"Accueil","item":"https:\/\/shop.bantam.ch\/fr\/"},{"@type":"ListItem","position":2,"name":"Boutique","item":"https:\/\/shop.bantam.ch\/fr\/boutique\/"},{"@type":"ListItem","position":3,"name":"Tente toit horntools Themis Tente solide PopUp"}]},{"@type":"WebSite","@id":"https:\/\/shop.bantam.ch\/fr\/#website","url":"https:\/\/shop.bantam.ch\/fr\/","name":"Bantam Wankm\u00fcller SA","description":"","publisher":{"@id":"https:\/\/shop.bantam.ch\/fr\/#organization"},"inLanguage":"fr-FR"},{"@type":"Organization","@id":"https:\/\/shop.bantam.ch\/fr\/#organization","name":"Bantam Wankm\u00fcller SA","url":"https:\/\/shop.bantam.ch\/fr\/","logo":{"@type":"ImageObject","inLanguage":"fr-FR","@id":"https:\/\/shop.bantam.ch\/fr\/#\/schema\/logo\/image\/","url":"https:\/\/shop.bantam.ch\/wp-content\/uploads\/2022\/12\/bantam-logo.png","contentUrl":"https:\/\/shop.bantam.ch\/wp-content\/uploads\/2022\/12\/bantam-logo.png","width":320,"height":71,"caption":"Bantam Wankm\u00fcller SA"},"image":{"@id":"https:\/\/shop.bantam.ch\/fr\/#\/schema\/logo\/image\/"}}]}},"_links":{"self":[{"href":"https:\/\/shop.bantam.ch\/fr\/wp-json\/wp\/v2\/product\/133732","targetHints":{"allow":["GET"]}}],"collection":[{"href":"https:\/\/shop.bantam.ch\/fr\/wp-json\/wp\/v2\/product"}],"about":[{"href":"https:\/\/shop.bantam.ch\/fr\/wp-json\/wp\/v2\/types\/product"}],"wp:featuredmedia":[{"embeddable":true,"href":"https:\/\/shop.bantam.ch\/fr\/wp-json\/wp\/v2\/media\/133700"}],"wp:attachment":[{"href":"https:\/\/shop.bantam.ch\/fr\/wp-json\/wp\/v2\/media?parent=133732"}],"wp:term":[{"taxonomy":"product_featured_cat","embeddable":true,"href":"https:\/\/shop.bantam.ch\/fr\/wp-json\/wp\/v2\/product_featured_cat?post=133732"},{"taxonomy":"product_brand","embeddable":true,"href":"https:\/\/shop.bantam.ch\/fr\/wp-json\/wp\/v2\/product_brand?post=133732"},{"taxonomy":"product_cat","embeddable":true,"href":"https:\/\/shop.bantam.ch\/fr\/wp-json\/wp\/v2\/product_cat?post=133732"},{"taxonomy":"product_tag","embeddable":true,"href":"https:\/\/shop.bantam.ch\/fr\/wp-json\/wp\/v2\/product_tag?post=133732"}],"curies":[{"name":"wp","href":"https:\/\/api.w.org\/{rel}","templated":true}]}}