{"id":133698,"date":"2023-03-01T17:25:06","date_gmt":"2023-03-01T16:25:06","guid":{"rendered":"https:\/\/shop.bantam.ch\/produit\/porte-velos-carry-bike-caravan-xl-a-aluminium\/"},"modified":"2026-05-10T21:56:25","modified_gmt":"2026-05-10T19:56:25","slug":"porte-velos-carry-bike-caravan-xl-a-aluminium","status":"publish","type":"product","link":"https:\/\/shop.bantam.ch\/fr\/produit\/porte-velos-carry-bike-caravan-xl-a-aluminium\/","title":{"rendered":"Porte-v\u00e9los FIAMMA Carry Bike Caravan XL A 2 v\u00e9los, charge admise 35 kg couleur aluminium"},"content":{"rendered":"<p>Pour timon de caravane standard (ALKO), mais aussi les timons plus larges. \u00c9trier de retenue facilement orientable en haut. Montage sans per\u00e7age. Pour les v\u00e9hicules avec housse de timon, cette derni\u00e8re doit \u00eatre retir\u00e9e ou perc\u00e9e le cas \u00e9ch\u00e9ant.<\/p>\n<p>Contenu de la livraison :<br \/>Inclut 2 rails Rail Quick Pro<br \/>Strip Black<\/p>\n","protected":false},"excerpt":{"rendered":"<p>Pour timon de caravane standard (ALKO), mais aussi les timons plus larges. \u00c9trier de retenue facilement orientable en haut. Montage sans per\u00e7age. Pour les v\u00e9hicules avec housse de timon, cette derni\u00e8re doit \u00eatre retir\u00e9e ou perc\u00e9e le cas \u00e9ch\u00e9ant. Contenu de la livraison :Inclut 2 rails Rail Quick ProStrip Black<\/p>\n","protected":false},"featured_media":133694,"template":"","meta":{"_acf_changed":false},"product_featured_cat":[],"product_brand":[3034],"product_cat":[5135],"product_tag":[],"class_list":{"0":"post-133698","1":"product","2":"type-product","3":"status-publish","4":"has-post-thumbnail","6":"product_brand-fiamma","7":"product_cat-porte-velos-a-timon","9":"first","10":"instock","11":"taxable","12":"shipping-taxable","13":"purchasable","14":"product-type-simple"},"acf":[],"yoast_head":"<!-- This site is optimized with the Yoast SEO plugin v27.5 - https:\/\/yoast.com\/product\/yoast-seo-wordpress\/ -->\n<title>Porte-v\u00e9los FIAMMA Carry Bike Caravan XL A 2 v\u00e9los, charge admise 35 kg couleur aluminium - Bantam<\/title>\n<meta name=\"robots\" content=\"index, follow, max-snippet:-1, max-image-preview:large, max-video-preview:-1\" \/>\n<link rel=\"canonical\" href=\"https:\/\/shop.bantam.ch\/fr\/produit\/porte-velos-carry-bike-caravan-xl-a-aluminium\/\" \/>\n<meta property=\"og:locale\" content=\"fr_FR\" \/>\n<meta property=\"og:type\" content=\"article\" \/>\n<meta property=\"og:title\" content=\"Porte-v\u00e9los FIAMMA Carry Bike Caravan XL A 2 v\u00e9los, charge admise 35 kg couleur aluminium - Bantam\" \/>\n<meta property=\"og:description\" content=\"Pour timon de caravane standard (ALKO), mais aussi les timons plus larges. \u00c9trier de retenue facilement orientable en haut. Montage sans per\u00e7age. Pour les v\u00e9hicules avec housse de timon, cette derni\u00e8re doit \u00eatre retir\u00e9e ou perc\u00e9e le cas \u00e9ch\u00e9ant. Contenu de la livraison :Inclut 2 rails Rail Quick ProStrip Black\" \/>\n<meta property=\"og:url\" content=\"https:\/\/shop.bantam.ch\/fr\/produit\/porte-velos-carry-bike-caravan-xl-a-aluminium\/\" \/>\n<meta property=\"og:site_name\" content=\"Bantam\" \/>\n<meta property=\"article:modified_time\" content=\"2026-05-10T19:56:25+00:00\" \/>\n<meta property=\"og:image\" content=\"https:\/\/shop.bantam.ch\/wp-content\/uploads\/2023\/03\/9943328100.jpg\" \/>\n\t<meta property=\"og:image:width\" content=\"1000\" \/>\n\t<meta property=\"og:image:height\" content=\"563\" \/>\n\t<meta property=\"og:image:type\" content=\"image\/jpeg\" \/>\n<meta name=\"twitter:card\" content=\"summary_large_image\" \/>\n<script type=\"application\/ld+json\" class=\"yoast-schema-graph\">{\"@context\":\"https:\\\/\\\/schema.org\",\"@graph\":[{\"@type\":\"WebPage\",\"@id\":\"https:\\\/\\\/shop.bantam.ch\\\/fr\\\/produit\\\/porte-velos-carry-bike-caravan-xl-a-aluminium\\\/\",\"url\":\"https:\\\/\\\/shop.bantam.ch\\\/fr\\\/produit\\\/porte-velos-carry-bike-caravan-xl-a-aluminium\\\/\",\"name\":\"Porte-v\u00e9los FIAMMA Carry Bike Caravan XL A 2 v\u00e9los, charge admise 35 kg couleur aluminium - Bantam\",\"isPartOf\":{\"@id\":\"https:\\\/\\\/shop.bantam.ch\\\/fr\\\/#website\"},\"primaryImageOfPage\":{\"@id\":\"https:\\\/\\\/shop.bantam.ch\\\/fr\\\/produit\\\/porte-velos-carry-bike-caravan-xl-a-aluminium\\\/#primaryimage\"},\"image\":{\"@id\":\"https:\\\/\\\/shop.bantam.ch\\\/fr\\\/produit\\\/porte-velos-carry-bike-caravan-xl-a-aluminium\\\/#primaryimage\"},\"thumbnailUrl\":\"https:\\\/\\\/shop.bantam.ch\\\/wp-content\\\/uploads\\\/2023\\\/03\\\/9943328100.jpg\",\"datePublished\":\"2023-03-01T16:25:06+00:00\",\"dateModified\":\"2026-05-10T19:56:25+00:00\",\"breadcrumb\":{\"@id\":\"https:\\\/\\\/shop.bantam.ch\\\/fr\\\/produit\\\/porte-velos-carry-bike-caravan-xl-a-aluminium\\\/#breadcrumb\"},\"inLanguage\":\"fr-FR\",\"potentialAction\":[{\"@type\":\"ReadAction\",\"target\":[\"https:\\\/\\\/shop.bantam.ch\\\/fr\\\/produit\\\/porte-velos-carry-bike-caravan-xl-a-aluminium\\\/\"]}]},{\"@type\":\"ImageObject\",\"inLanguage\":\"fr-FR\",\"@id\":\"https:\\\/\\\/shop.bantam.ch\\\/fr\\\/produit\\\/porte-velos-carry-bike-caravan-xl-a-aluminium\\\/#primaryimage\",\"url\":\"https:\\\/\\\/shop.bantam.ch\\\/wp-content\\\/uploads\\\/2023\\\/03\\\/9943328100.jpg\",\"contentUrl\":\"https:\\\/\\\/shop.bantam.ch\\\/wp-content\\\/uploads\\\/2023\\\/03\\\/9943328100.jpg\",\"width\":1000,\"height\":563},{\"@type\":\"BreadcrumbList\",\"@id\":\"https:\\\/\\\/shop.bantam.ch\\\/fr\\\/produit\\\/porte-velos-carry-bike-caravan-xl-a-aluminium\\\/#breadcrumb\",\"itemListElement\":[{\"@type\":\"ListItem\",\"position\":1,\"name\":\"Accueil\",\"item\":\"https:\\\/\\\/shop.bantam.ch\\\/fr\\\/\"},{\"@type\":\"ListItem\",\"position\":2,\"name\":\"Boutique\",\"item\":\"https:\\\/\\\/shop.bantam.ch\\\/fr\\\/boutique\\\/\"},{\"@type\":\"ListItem\",\"position\":3,\"name\":\"Porte-v\u00e9los FIAMMA Carry Bike Caravan XL A 2 v\u00e9los, charge admise 35 kg couleur aluminium\"}]},{\"@type\":\"WebSite\",\"@id\":\"https:\\\/\\\/shop.bantam.ch\\\/fr\\\/#website\",\"url\":\"https:\\\/\\\/shop.bantam.ch\\\/fr\\\/\",\"name\":\"Bantam\",\"description\":\"\",\"publisher\":{\"@id\":\"https:\\\/\\\/shop.bantam.ch\\\/fr\\\/#organization\"},\"inLanguage\":\"fr-FR\"},{\"@type\":\"Organization\",\"@id\":\"https:\\\/\\\/shop.bantam.ch\\\/fr\\\/#organization\",\"name\":\"Bantam\",\"url\":\"https:\\\/\\\/shop.bantam.ch\\\/fr\\\/\",\"logo\":{\"@type\":\"ImageObject\",\"inLanguage\":\"fr-FR\",\"@id\":\"https:\\\/\\\/shop.bantam.ch\\\/fr\\\/#\\\/schema\\\/logo\\\/image\\\/\",\"url\":\"https:\\\/\\\/shop.bantam.ch\\\/wp-content\\\/uploads\\\/2022\\\/12\\\/bantam-logo.png\",\"contentUrl\":\"https:\\\/\\\/shop.bantam.ch\\\/wp-content\\\/uploads\\\/2022\\\/12\\\/bantam-logo.png\",\"width\":320,\"height\":71,\"caption\":\"Bantam\"},\"image\":{\"@id\":\"https:\\\/\\\/shop.bantam.ch\\\/fr\\\/#\\\/schema\\\/logo\\\/image\\\/\"}}]}<\/script>\n<!-- \/ Yoast SEO plugin. -->","yoast_head_json":{"title":"Porte-v\u00e9los FIAMMA Carry Bike Caravan XL A 2 v\u00e9los, charge admise 35 kg couleur aluminium - Bantam","robots":{"index":"index","follow":"follow","max-snippet":"max-snippet:-1","max-image-preview":"max-image-preview:large","max-video-preview":"max-video-preview:-1"},"canonical":"https:\/\/shop.bantam.ch\/fr\/produit\/porte-velos-carry-bike-caravan-xl-a-aluminium\/","og_locale":"fr_FR","og_type":"article","og_title":"Porte-v\u00e9los FIAMMA Carry Bike Caravan XL A 2 v\u00e9los, charge admise 35 kg couleur aluminium - Bantam","og_description":"Pour timon de caravane standard (ALKO), mais aussi les timons plus larges. \u00c9trier de retenue facilement orientable en haut. Montage sans per\u00e7age. Pour les v\u00e9hicules avec housse de timon, cette derni\u00e8re doit \u00eatre retir\u00e9e ou perc\u00e9e le cas \u00e9ch\u00e9ant. Contenu de la livraison :Inclut 2 rails Rail Quick ProStrip Black","og_url":"https:\/\/shop.bantam.ch\/fr\/produit\/porte-velos-carry-bike-caravan-xl-a-aluminium\/","og_site_name":"Bantam","article_modified_time":"2026-05-10T19:56:25+00:00","og_image":[{"width":1000,"height":563,"url":"https:\/\/shop.bantam.ch\/wp-content\/uploads\/2023\/03\/9943328100.jpg","type":"image\/jpeg"}],"twitter_card":"summary_large_image","schema":{"@context":"https:\/\/schema.org","@graph":[{"@type":"WebPage","@id":"https:\/\/shop.bantam.ch\/fr\/produit\/porte-velos-carry-bike-caravan-xl-a-aluminium\/","url":"https:\/\/shop.bantam.ch\/fr\/produit\/porte-velos-carry-bike-caravan-xl-a-aluminium\/","name":"Porte-v\u00e9los FIAMMA Carry Bike Caravan XL A 2 v\u00e9los, charge admise 35 kg couleur aluminium - Bantam","isPartOf":{"@id":"https:\/\/shop.bantam.ch\/fr\/#website"},"primaryImageOfPage":{"@id":"https:\/\/shop.bantam.ch\/fr\/produit\/porte-velos-carry-bike-caravan-xl-a-aluminium\/#primaryimage"},"image":{"@id":"https:\/\/shop.bantam.ch\/fr\/produit\/porte-velos-carry-bike-caravan-xl-a-aluminium\/#primaryimage"},"thumbnailUrl":"https:\/\/shop.bantam.ch\/wp-content\/uploads\/2023\/03\/9943328100.jpg","datePublished":"2023-03-01T16:25:06+00:00","dateModified":"2026-05-10T19:56:25+00:00","breadcrumb":{"@id":"https:\/\/shop.bantam.ch\/fr\/produit\/porte-velos-carry-bike-caravan-xl-a-aluminium\/#breadcrumb"},"inLanguage":"fr-FR","potentialAction":[{"@type":"ReadAction","target":["https:\/\/shop.bantam.ch\/fr\/produit\/porte-velos-carry-bike-caravan-xl-a-aluminium\/"]}]},{"@type":"ImageObject","inLanguage":"fr-FR","@id":"https:\/\/shop.bantam.ch\/fr\/produit\/porte-velos-carry-bike-caravan-xl-a-aluminium\/#primaryimage","url":"https:\/\/shop.bantam.ch\/wp-content\/uploads\/2023\/03\/9943328100.jpg","contentUrl":"https:\/\/shop.bantam.ch\/wp-content\/uploads\/2023\/03\/9943328100.jpg","width":1000,"height":563},{"@type":"BreadcrumbList","@id":"https:\/\/shop.bantam.ch\/fr\/produit\/porte-velos-carry-bike-caravan-xl-a-aluminium\/#breadcrumb","itemListElement":[{"@type":"ListItem","position":1,"name":"Accueil","item":"https:\/\/shop.bantam.ch\/fr\/"},{"@type":"ListItem","position":2,"name":"Boutique","item":"https:\/\/shop.bantam.ch\/fr\/boutique\/"},{"@type":"ListItem","position":3,"name":"Porte-v\u00e9los FIAMMA Carry Bike Caravan XL A 2 v\u00e9los, charge admise 35 kg couleur aluminium"}]},{"@type":"WebSite","@id":"https:\/\/shop.bantam.ch\/fr\/#website","url":"https:\/\/shop.bantam.ch\/fr\/","name":"Bantam","description":"","publisher":{"@id":"https:\/\/shop.bantam.ch\/fr\/#organization"},"inLanguage":"fr-FR"},{"@type":"Organization","@id":"https:\/\/shop.bantam.ch\/fr\/#organization","name":"Bantam","url":"https:\/\/shop.bantam.ch\/fr\/","logo":{"@type":"ImageObject","inLanguage":"fr-FR","@id":"https:\/\/shop.bantam.ch\/fr\/#\/schema\/logo\/image\/","url":"https:\/\/shop.bantam.ch\/wp-content\/uploads\/2022\/12\/bantam-logo.png","contentUrl":"https:\/\/shop.bantam.ch\/wp-content\/uploads\/2022\/12\/bantam-logo.png","width":320,"height":71,"caption":"Bantam"},"image":{"@id":"https:\/\/shop.bantam.ch\/fr\/#\/schema\/logo\/image\/"}}]}},"_links":{"self":[{"href":"https:\/\/shop.bantam.ch\/fr\/wp-json\/wp\/v2\/product\/133698","targetHints":{"allow":["GET"]}}],"collection":[{"href":"https:\/\/shop.bantam.ch\/fr\/wp-json\/wp\/v2\/product"}],"about":[{"href":"https:\/\/shop.bantam.ch\/fr\/wp-json\/wp\/v2\/types\/product"}],"wp:featuredmedia":[{"embeddable":true,"href":"https:\/\/shop.bantam.ch\/fr\/wp-json\/wp\/v2\/media\/133694"}],"wp:attachment":[{"href":"https:\/\/shop.bantam.ch\/fr\/wp-json\/wp\/v2\/media?parent=133698"}],"wp:term":[{"taxonomy":"product_featured_cat","embeddable":true,"href":"https:\/\/shop.bantam.ch\/fr\/wp-json\/wp\/v2\/product_featured_cat?post=133698"},{"taxonomy":"product_brand","embeddable":true,"href":"https:\/\/shop.bantam.ch\/fr\/wp-json\/wp\/v2\/product_brand?post=133698"},{"taxonomy":"product_cat","embeddable":true,"href":"https:\/\/shop.bantam.ch\/fr\/wp-json\/wp\/v2\/product_cat?post=133698"},{"taxonomy":"product_tag","embeddable":true,"href":"https:\/\/shop.bantam.ch\/fr\/wp-json\/wp\/v2\/product_tag?post=133698"}],"curies":[{"name":"wp","href":"https:\/\/api.w.org\/{rel}","templated":true}]}}