{"id":133532,"date":"2023-03-01T17:22:07","date_gmt":"2023-03-01T16:22:07","guid":{"rendered":"https:\/\/shop.bantam.ch\/produit\/dispositif-photovoltaique-high-power-solarset-120-w-easy-mount2-avec-regulateur-solaire\/"},"modified":"2026-04-21T23:59:42","modified_gmt":"2026-04-21T21:59:42","slug":"dispositif-photovoltaique-high-power-solarset-120-w-easy-mount2-avec-regulateur-solaire","status":"publish","type":"product","link":"https:\/\/shop.bantam.ch\/fr\/produit\/dispositif-photovoltaique-high-power-solarset-120-w-easy-mount2-avec-regulateur-solaire\/","title":{"rendered":"Dispositif photovolta\u00efque High Power Solarset 120 W Easy Mount2 avec r\u00e9gulateur solaire"},"content":{"rendered":"<p>Solarset Easy Mount2 120 W<\/p>\n<ul>\n<li>module monocristallin High Power<\/li>\n<li>Support en aluminium<\/li>\n<li>Surface adh\u00e9sive sur toute la surface<\/li>\n<li>Garantie de performance de 25 ans (module)<\/li>\n<li>Dimensions par module (l x h x p) 540 x 40 x 1150 mm<\/li>\n<li>Poids env. 6,9 kg<\/li>\n<\/ul>\n<p>R\u00e9gulateur solaire 220 :<\/p>\n<ul>\n<li>12V \/ 220 WP<\/li>\n<li>Changement de programme de charge Acide\/Gel\/AGM\/LifeP04<\/li>\n<li>Raccordement\u00a0: T\u00e9l\u00e9affichage, batterie de d\u00e9marrage, EBL<\/li>\n<li>En option : Faisceau de c\u00e2bles EBL<\/li>\n<\/ul>\n<p>Contenu de la livraison :<br \/>Inclut modules solaires 120 W monocristallins<br \/>Support alu Easy Mount2 (pr\u00e9mont\u00e9)<br \/>R\u00e9gulateur solaire 220 Watt<br \/>Kit de collage avec activateur et mode d\u2019emploi<br \/>Jeu de c\u00e2bles pour l\u2019int\u00e9rieur et l\u2019ext\u00e9rieur (r\u00e9sistants aux UV)<br \/>Travers\u00e9e de toit avec grande surface adh\u00e9sive<br \/>Instruction de montage<\/p>\n","protected":false},"excerpt":{"rendered":"<p>Solarset Easy Mount2 120 W module monocristallin High Power Support en aluminium Surface adh\u00e9sive sur toute la surface Garantie de performance de 25 ans (module) Dimensions par module (l x h x p) 540 x 40 x 1150 mm Poids env. 6,9 kg R\u00e9gulateur solaire 220 : 12V \/ 220 WP Changement de programme de [&hellip;]<\/p>\n","protected":false},"featured_media":133514,"template":"","meta":{"_acf_changed":false},"product_featured_cat":[],"product_brand":[3076],"product_cat":[4879],"product_tag":[],"class_list":{"0":"post-133532","1":"product","2":"type-product","3":"status-publish","4":"has-post-thumbnail","6":"product_brand-alden","7":"product_cat-kits-solaires","9":"first","10":"instock","11":"taxable","12":"shipping-taxable","13":"purchasable","14":"product-type-variable"},"acf":[],"yoast_head":"<!-- This site is optimized with the Yoast SEO plugin v27.4 - https:\/\/yoast.com\/product\/yoast-seo-wordpress\/ -->\n<title>Dispositif photovolta\u00efque High Power Solarset 120 W Easy Mount2 avec r\u00e9gulateur solaire - Bantam Wankm\u00fcller SA<\/title>\n<meta name=\"robots\" content=\"index, follow, max-snippet:-1, max-image-preview:large, max-video-preview:-1\" \/>\n<link rel=\"canonical\" href=\"https:\/\/shop.bantam.ch\/fr\/produit\/dispositif-photovoltaique-high-power-solarset-120-w-easy-mount2-avec-regulateur-solaire\/\" \/>\n<meta property=\"og:locale\" content=\"fr_FR\" \/>\n<meta property=\"og:type\" content=\"article\" \/>\n<meta property=\"og:title\" content=\"Dispositif photovolta\u00efque High Power Solarset 120 W Easy Mount2 avec r\u00e9gulateur solaire - Bantam Wankm\u00fcller SA\" \/>\n<meta property=\"og:description\" content=\"Solarset Easy Mount2 120 W module monocristallin High Power Support en aluminium Surface adh\u00e9sive sur toute la surface Garantie de performance de 25 ans (module) Dimensions par module (l x h x p) 540 x 40 x 1150 mm Poids env. 6,9 kg R\u00e9gulateur solaire 220 : 12V \/ 220 WP Changement de programme de [&hellip;]\" \/>\n<meta property=\"og:url\" content=\"https:\/\/shop.bantam.ch\/fr\/produit\/dispositif-photovoltaique-high-power-solarset-120-w-easy-mount2-avec-regulateur-solaire\/\" \/>\n<meta property=\"og:site_name\" content=\"Bantam Wankm\u00fcller SA\" \/>\n<meta property=\"article:modified_time\" content=\"2026-04-21T21:59:42+00:00\" \/>\n<meta property=\"og:image\" content=\"https:\/\/shop.bantam.ch\/wp-content\/uploads\/2023\/03\/9970798100.png\" \/>\n\t<meta property=\"og:image:width\" content=\"479\" \/>\n\t<meta property=\"og:image:height\" content=\"1024\" \/>\n\t<meta property=\"og:image:type\" content=\"image\/png\" \/>\n<meta name=\"twitter:card\" content=\"summary_large_image\" \/>\n<meta name=\"twitter:label1\" content=\"Dur\u00e9e de lecture estim\u00e9e\" \/>\n\t<meta name=\"twitter:data1\" content=\"1 minute\" \/>\n<script type=\"application\/ld+json\" class=\"yoast-schema-graph\">{\"@context\":\"https:\\\/\\\/schema.org\",\"@graph\":[{\"@type\":\"WebPage\",\"@id\":\"https:\\\/\\\/shop.bantam.ch\\\/fr\\\/produit\\\/dispositif-photovoltaique-high-power-solarset-120-w-easy-mount2-avec-regulateur-solaire\\\/\",\"url\":\"https:\\\/\\\/shop.bantam.ch\\\/fr\\\/produit\\\/dispositif-photovoltaique-high-power-solarset-120-w-easy-mount2-avec-regulateur-solaire\\\/\",\"name\":\"Dispositif photovolta\u00efque High Power Solarset 120 W Easy Mount2 avec r\u00e9gulateur solaire - Bantam Wankm\u00fcller SA\",\"isPartOf\":{\"@id\":\"https:\\\/\\\/shop.bantam.ch\\\/fr\\\/#website\"},\"primaryImageOfPage\":{\"@id\":\"https:\\\/\\\/shop.bantam.ch\\\/fr\\\/produit\\\/dispositif-photovoltaique-high-power-solarset-120-w-easy-mount2-avec-regulateur-solaire\\\/#primaryimage\"},\"image\":{\"@id\":\"https:\\\/\\\/shop.bantam.ch\\\/fr\\\/produit\\\/dispositif-photovoltaique-high-power-solarset-120-w-easy-mount2-avec-regulateur-solaire\\\/#primaryimage\"},\"thumbnailUrl\":\"https:\\\/\\\/shop.bantam.ch\\\/wp-content\\\/uploads\\\/2023\\\/03\\\/9970798100-scaled.png\",\"datePublished\":\"2023-03-01T16:22:07+00:00\",\"dateModified\":\"2026-04-21T21:59:42+00:00\",\"breadcrumb\":{\"@id\":\"https:\\\/\\\/shop.bantam.ch\\\/fr\\\/produit\\\/dispositif-photovoltaique-high-power-solarset-120-w-easy-mount2-avec-regulateur-solaire\\\/#breadcrumb\"},\"inLanguage\":\"fr-FR\",\"potentialAction\":[{\"@type\":\"ReadAction\",\"target\":[\"https:\\\/\\\/shop.bantam.ch\\\/fr\\\/produit\\\/dispositif-photovoltaique-high-power-solarset-120-w-easy-mount2-avec-regulateur-solaire\\\/\"]}]},{\"@type\":\"ImageObject\",\"inLanguage\":\"fr-FR\",\"@id\":\"https:\\\/\\\/shop.bantam.ch\\\/fr\\\/produit\\\/dispositif-photovoltaique-high-power-solarset-120-w-easy-mount2-avec-regulateur-solaire\\\/#primaryimage\",\"url\":\"https:\\\/\\\/shop.bantam.ch\\\/wp-content\\\/uploads\\\/2023\\\/03\\\/9970798100-scaled.png\",\"contentUrl\":\"https:\\\/\\\/shop.bantam.ch\\\/wp-content\\\/uploads\\\/2023\\\/03\\\/9970798100-scaled.png\",\"width\":958,\"height\":2048},{\"@type\":\"BreadcrumbList\",\"@id\":\"https:\\\/\\\/shop.bantam.ch\\\/fr\\\/produit\\\/dispositif-photovoltaique-high-power-solarset-120-w-easy-mount2-avec-regulateur-solaire\\\/#breadcrumb\",\"itemListElement\":[{\"@type\":\"ListItem\",\"position\":1,\"name\":\"Accueil\",\"item\":\"https:\\\/\\\/shop.bantam.ch\\\/fr\\\/\"},{\"@type\":\"ListItem\",\"position\":2,\"name\":\"Boutique\",\"item\":\"https:\\\/\\\/shop.bantam.ch\\\/fr\\\/boutique\\\/\"},{\"@type\":\"ListItem\",\"position\":3,\"name\":\"Dispositif photovolta\u00efque High Power Solarset 120 W Easy Mount2 avec r\u00e9gulateur solaire\"}]},{\"@type\":\"WebSite\",\"@id\":\"https:\\\/\\\/shop.bantam.ch\\\/fr\\\/#website\",\"url\":\"https:\\\/\\\/shop.bantam.ch\\\/fr\\\/\",\"name\":\"Bantam Wankm\u00fcller SA\",\"description\":\"\",\"publisher\":{\"@id\":\"https:\\\/\\\/shop.bantam.ch\\\/fr\\\/#organization\"},\"inLanguage\":\"fr-FR\"},{\"@type\":\"Organization\",\"@id\":\"https:\\\/\\\/shop.bantam.ch\\\/fr\\\/#organization\",\"name\":\"Bantam Wankm\u00fcller SA\",\"url\":\"https:\\\/\\\/shop.bantam.ch\\\/fr\\\/\",\"logo\":{\"@type\":\"ImageObject\",\"inLanguage\":\"fr-FR\",\"@id\":\"https:\\\/\\\/shop.bantam.ch\\\/fr\\\/#\\\/schema\\\/logo\\\/image\\\/\",\"url\":\"https:\\\/\\\/shop.bantam.ch\\\/wp-content\\\/uploads\\\/2022\\\/12\\\/bantam-logo.png\",\"contentUrl\":\"https:\\\/\\\/shop.bantam.ch\\\/wp-content\\\/uploads\\\/2022\\\/12\\\/bantam-logo.png\",\"width\":320,\"height\":71,\"caption\":\"Bantam Wankm\u00fcller SA\"},\"image\":{\"@id\":\"https:\\\/\\\/shop.bantam.ch\\\/fr\\\/#\\\/schema\\\/logo\\\/image\\\/\"}}]}<\/script>\n<!-- \/ Yoast SEO plugin. -->","yoast_head_json":{"title":"Dispositif photovolta\u00efque High Power Solarset 120 W Easy Mount2 avec r\u00e9gulateur solaire - Bantam Wankm\u00fcller SA","robots":{"index":"index","follow":"follow","max-snippet":"max-snippet:-1","max-image-preview":"max-image-preview:large","max-video-preview":"max-video-preview:-1"},"canonical":"https:\/\/shop.bantam.ch\/fr\/produit\/dispositif-photovoltaique-high-power-solarset-120-w-easy-mount2-avec-regulateur-solaire\/","og_locale":"fr_FR","og_type":"article","og_title":"Dispositif photovolta\u00efque High Power Solarset 120 W Easy Mount2 avec r\u00e9gulateur solaire - Bantam Wankm\u00fcller SA","og_description":"Solarset Easy Mount2 120 W module monocristallin High Power Support en aluminium Surface adh\u00e9sive sur toute la surface Garantie de performance de 25 ans (module) Dimensions par module (l x h x p) 540 x 40 x 1150 mm Poids env. 6,9 kg R\u00e9gulateur solaire 220 : 12V \/ 220 WP Changement de programme de [&hellip;]","og_url":"https:\/\/shop.bantam.ch\/fr\/produit\/dispositif-photovoltaique-high-power-solarset-120-w-easy-mount2-avec-regulateur-solaire\/","og_site_name":"Bantam Wankm\u00fcller SA","article_modified_time":"2026-04-21T21:59:42+00:00","og_image":[{"url":"https:\/\/shop.bantam.ch\/wp-content\/uploads\/2023\/03\/9970798100.png","width":479,"height":1024,"type":"image\/png"}],"twitter_card":"summary_large_image","twitter_misc":{"Dur\u00e9e de lecture estim\u00e9e":"1 minute"},"schema":{"@context":"https:\/\/schema.org","@graph":[{"@type":"WebPage","@id":"https:\/\/shop.bantam.ch\/fr\/produit\/dispositif-photovoltaique-high-power-solarset-120-w-easy-mount2-avec-regulateur-solaire\/","url":"https:\/\/shop.bantam.ch\/fr\/produit\/dispositif-photovoltaique-high-power-solarset-120-w-easy-mount2-avec-regulateur-solaire\/","name":"Dispositif photovolta\u00efque High Power Solarset 120 W Easy Mount2 avec r\u00e9gulateur solaire - Bantam Wankm\u00fcller SA","isPartOf":{"@id":"https:\/\/shop.bantam.ch\/fr\/#website"},"primaryImageOfPage":{"@id":"https:\/\/shop.bantam.ch\/fr\/produit\/dispositif-photovoltaique-high-power-solarset-120-w-easy-mount2-avec-regulateur-solaire\/#primaryimage"},"image":{"@id":"https:\/\/shop.bantam.ch\/fr\/produit\/dispositif-photovoltaique-high-power-solarset-120-w-easy-mount2-avec-regulateur-solaire\/#primaryimage"},"thumbnailUrl":"https:\/\/shop.bantam.ch\/wp-content\/uploads\/2023\/03\/9970798100-scaled.png","datePublished":"2023-03-01T16:22:07+00:00","dateModified":"2026-04-21T21:59:42+00:00","breadcrumb":{"@id":"https:\/\/shop.bantam.ch\/fr\/produit\/dispositif-photovoltaique-high-power-solarset-120-w-easy-mount2-avec-regulateur-solaire\/#breadcrumb"},"inLanguage":"fr-FR","potentialAction":[{"@type":"ReadAction","target":["https:\/\/shop.bantam.ch\/fr\/produit\/dispositif-photovoltaique-high-power-solarset-120-w-easy-mount2-avec-regulateur-solaire\/"]}]},{"@type":"ImageObject","inLanguage":"fr-FR","@id":"https:\/\/shop.bantam.ch\/fr\/produit\/dispositif-photovoltaique-high-power-solarset-120-w-easy-mount2-avec-regulateur-solaire\/#primaryimage","url":"https:\/\/shop.bantam.ch\/wp-content\/uploads\/2023\/03\/9970798100-scaled.png","contentUrl":"https:\/\/shop.bantam.ch\/wp-content\/uploads\/2023\/03\/9970798100-scaled.png","width":958,"height":2048},{"@type":"BreadcrumbList","@id":"https:\/\/shop.bantam.ch\/fr\/produit\/dispositif-photovoltaique-high-power-solarset-120-w-easy-mount2-avec-regulateur-solaire\/#breadcrumb","itemListElement":[{"@type":"ListItem","position":1,"name":"Accueil","item":"https:\/\/shop.bantam.ch\/fr\/"},{"@type":"ListItem","position":2,"name":"Boutique","item":"https:\/\/shop.bantam.ch\/fr\/boutique\/"},{"@type":"ListItem","position":3,"name":"Dispositif photovolta\u00efque High Power Solarset 120 W Easy Mount2 avec r\u00e9gulateur solaire"}]},{"@type":"WebSite","@id":"https:\/\/shop.bantam.ch\/fr\/#website","url":"https:\/\/shop.bantam.ch\/fr\/","name":"Bantam Wankm\u00fcller SA","description":"","publisher":{"@id":"https:\/\/shop.bantam.ch\/fr\/#organization"},"inLanguage":"fr-FR"},{"@type":"Organization","@id":"https:\/\/shop.bantam.ch\/fr\/#organization","name":"Bantam Wankm\u00fcller SA","url":"https:\/\/shop.bantam.ch\/fr\/","logo":{"@type":"ImageObject","inLanguage":"fr-FR","@id":"https:\/\/shop.bantam.ch\/fr\/#\/schema\/logo\/image\/","url":"https:\/\/shop.bantam.ch\/wp-content\/uploads\/2022\/12\/bantam-logo.png","contentUrl":"https:\/\/shop.bantam.ch\/wp-content\/uploads\/2022\/12\/bantam-logo.png","width":320,"height":71,"caption":"Bantam Wankm\u00fcller SA"},"image":{"@id":"https:\/\/shop.bantam.ch\/fr\/#\/schema\/logo\/image\/"}}]}},"_links":{"self":[{"href":"https:\/\/shop.bantam.ch\/fr\/wp-json\/wp\/v2\/product\/133532","targetHints":{"allow":["GET"]}}],"collection":[{"href":"https:\/\/shop.bantam.ch\/fr\/wp-json\/wp\/v2\/product"}],"about":[{"href":"https:\/\/shop.bantam.ch\/fr\/wp-json\/wp\/v2\/types\/product"}],"wp:featuredmedia":[{"embeddable":true,"href":"https:\/\/shop.bantam.ch\/fr\/wp-json\/wp\/v2\/media\/133514"}],"wp:attachment":[{"href":"https:\/\/shop.bantam.ch\/fr\/wp-json\/wp\/v2\/media?parent=133532"}],"wp:term":[{"taxonomy":"product_featured_cat","embeddable":true,"href":"https:\/\/shop.bantam.ch\/fr\/wp-json\/wp\/v2\/product_featured_cat?post=133532"},{"taxonomy":"product_brand","embeddable":true,"href":"https:\/\/shop.bantam.ch\/fr\/wp-json\/wp\/v2\/product_brand?post=133532"},{"taxonomy":"product_cat","embeddable":true,"href":"https:\/\/shop.bantam.ch\/fr\/wp-json\/wp\/v2\/product_cat?post=133532"},{"taxonomy":"product_tag","embeddable":true,"href":"https:\/\/shop.bantam.ch\/fr\/wp-json\/wp\/v2\/product_tag?post=133532"}],"curies":[{"name":"wp","href":"https:\/\/api.w.org\/{rel}","templated":true}]}}