{"id":133482,"date":"2023-03-01T17:21:23","date_gmt":"2023-03-01T16:21:23","guid":{"rendered":"https:\/\/shop.bantam.ch\/produit\/camera-de-recul-bc50-night-vision-wireless-backup-camera\/"},"modified":"2026-04-18T21:57:38","modified_gmt":"2026-04-18T19:57:38","slug":"camera-de-recul-bc50-night-vision-wireless-backup-camera","status":"publish","type":"product","link":"https:\/\/shop.bantam.ch\/fr\/produit\/camera-de-recul-bc50-night-vision-wireless-backup-camera\/","title":{"rendered":"Cam\u00e9ra de recul GARMIN BC50 Night Vision Wireless Backup Camera"},"content":{"rendered":"<p>Les cam\u00e9ras de recul sans fil de la s\u00e9rie BC \u212250 vous aident en marche arri\u00e8re, m\u00eame quand vous man\u0153uvrez avec un v\u00e9hicule plus long ou avec une remorque. Avec sa r\u00e9solution HD et son grand champ de vision, cette cam\u00e9ra sans fil vous aide \u00e0 voir clairement ce qui se trouve derri\u00e8re votre v\u00e9hicule. \u00c9galement, que vous descendiez la rampe de mise \u00e0 l\u2019eau avec une remorque en marche arri\u00e8re, gariez votre camping-car sur une place \u00e9troite mais parfaite ou conduisiez votre v\u00e9hicule articul\u00e9 en marche arri\u00e8re vers la rampe de chargement, avec la distance de transmission longue jusqu\u2019\u00e0 15 m, vous pouvez voir pr\u00e9cis\u00e9ment o\u00f9 vous vous trouvez sur votre appareil de navigation compatible (visitez Garmin com\/bc 50 pour les appareils compatibles). La BC 50 avec vision nocturne offre aussi une vision remarquable dans les environnements sombres, gr\u00e2ce \u00e0 la technologie NightGlo\u2122. Un champ de vision large capture une grande zone derri\u00e8re le v\u00e9hicule. Des conditions routi\u00e8res difficiles ne peuvent rien faire face \u00e0 la solidit\u00e9 du design. Connectez la cam\u00e9ra avec les phares arri\u00e8re du v\u00e9hicule (installation par personnel habilit\u00e9 recommand\u00e9e)<\/p>\n<p>\u00c9quipement et fonctions :<\/p>\n<ul>\n<li>Cam\u00e9ra de recul sans fil pour les navigateurs Garmin compatibles (compatible avec : Garmin DriveSmart\u2122 66\/76\/86 d\u0113zl LGV 610\/710\/810\/1010, tous les mod\u00e8les Tread, CamperVan)<\/li>\n<li>Distance de transmission jusqu\u2019\u00e0 15 m et avec classe de protection IP67<\/li>\n<li>Aper\u00e7u clair gr\u00e2ce \u00e0 la r\u00e9solution HD 720p et au champ de vision 160<\/li>\n<li>Mod\u00e8le NIGHT VISION avec Garmin Night Glo\u2122 fonction vision nocturne<\/li>\n<li>Peut \u00eatre \u00e9largi gr\u00e2ce au c\u00e2ble d\u2019allonge de 15 m (disponible s\u00e9par\u00e9ment)<\/li>\n<li>QUALIT\u00c9 D\u2019IMAGE \u00c9LEV\u00c9E<\/li>\n<\/ul>\n<p>Contenu de la livraison :<br \/>Inclut GARMIN BC\u212250 (NIGHT VISION)<br \/>Support plaque d\u2019immatriculation<br \/>Kit de montage<br \/>\u00c9metteur sans fil<br \/>C\u00e2ble d\u2019alimentation<br \/>Documentation<\/p>\n","protected":false},"excerpt":{"rendered":"<p>Les cam\u00e9ras de recul sans fil de la s\u00e9rie BC \u212250 vous aident en marche arri\u00e8re, m\u00eame quand vous man\u0153uvrez avec un v\u00e9hicule plus long ou avec une remorque. Avec sa r\u00e9solution HD et son grand champ de vision, cette cam\u00e9ra sans fil vous aide \u00e0 voir clairement ce qui se trouve derri\u00e8re votre v\u00e9hicule. [&hellip;]<\/p>\n","protected":false},"featured_media":133470,"template":"","meta":{"_acf_changed":false},"product_featured_cat":[],"product_brand":[3336],"product_cat":[5001],"product_tag":[],"class_list":{"0":"post-133482","1":"product","2":"type-product","3":"status-publish","4":"has-post-thumbnail","6":"product_brand-garmin","7":"product_cat-cameras","9":"first","10":"instock","11":"taxable","12":"shipping-taxable","13":"purchasable","14":"product-type-simple"},"acf":[],"yoast_head":"<!-- This site is optimized with the Yoast SEO plugin v27.4 - https:\/\/yoast.com\/product\/yoast-seo-wordpress\/ -->\n<title>Cam\u00e9ra de recul GARMIN BC50 Night Vision Wireless Backup Camera - Bantam Wankm\u00fcller SA<\/title>\n<meta name=\"robots\" content=\"index, follow, max-snippet:-1, max-image-preview:large, max-video-preview:-1\" \/>\n<link rel=\"canonical\" href=\"https:\/\/shop.bantam.ch\/fr\/produit\/camera-de-recul-bc50-night-vision-wireless-backup-camera\/\" \/>\n<meta property=\"og:locale\" content=\"fr_FR\" \/>\n<meta property=\"og:type\" content=\"article\" \/>\n<meta property=\"og:title\" content=\"Cam\u00e9ra de recul GARMIN BC50 Night Vision Wireless Backup Camera - Bantam Wankm\u00fcller SA\" \/>\n<meta property=\"og:description\" content=\"Les cam\u00e9ras de recul sans fil de la s\u00e9rie BC \u212250 vous aident en marche arri\u00e8re, m\u00eame quand vous man\u0153uvrez avec un v\u00e9hicule plus long ou avec une remorque. Avec sa r\u00e9solution HD et son grand champ de vision, cette cam\u00e9ra sans fil vous aide \u00e0 voir clairement ce qui se trouve derri\u00e8re votre v\u00e9hicule. [&hellip;]\" \/>\n<meta property=\"og:url\" content=\"https:\/\/shop.bantam.ch\/fr\/produit\/camera-de-recul-bc50-night-vision-wireless-backup-camera\/\" \/>\n<meta property=\"og:site_name\" content=\"Bantam Wankm\u00fcller SA\" \/>\n<meta property=\"article:modified_time\" content=\"2026-04-18T19:57:38+00:00\" \/>\n<meta property=\"og:image\" content=\"https:\/\/shop.bantam.ch\/wp-content\/uploads\/2023\/03\/9961933100-scaled.jpg\" \/>\n\t<meta property=\"og:image:width\" content=\"3300\" \/>\n\t<meta property=\"og:image:height\" content=\"3300\" \/>\n\t<meta property=\"og:image:type\" content=\"image\/jpeg\" \/>\n<meta name=\"twitter:card\" content=\"summary_large_image\" \/>\n<meta name=\"twitter:label1\" content=\"Dur\u00e9e de lecture estim\u00e9e\" \/>\n\t<meta name=\"twitter:data1\" content=\"2 minutes\" \/>\n<script type=\"application\/ld+json\" class=\"yoast-schema-graph\">{\"@context\":\"https:\\\/\\\/schema.org\",\"@graph\":[{\"@type\":\"WebPage\",\"@id\":\"https:\\\/\\\/shop.bantam.ch\\\/fr\\\/produit\\\/camera-de-recul-bc50-night-vision-wireless-backup-camera\\\/\",\"url\":\"https:\\\/\\\/shop.bantam.ch\\\/fr\\\/produit\\\/camera-de-recul-bc50-night-vision-wireless-backup-camera\\\/\",\"name\":\"Cam\u00e9ra de recul GARMIN BC50 Night Vision Wireless Backup Camera - Bantam Wankm\u00fcller SA\",\"isPartOf\":{\"@id\":\"https:\\\/\\\/shop.bantam.ch\\\/fr\\\/#website\"},\"primaryImageOfPage\":{\"@id\":\"https:\\\/\\\/shop.bantam.ch\\\/fr\\\/produit\\\/camera-de-recul-bc50-night-vision-wireless-backup-camera\\\/#primaryimage\"},\"image\":{\"@id\":\"https:\\\/\\\/shop.bantam.ch\\\/fr\\\/produit\\\/camera-de-recul-bc50-night-vision-wireless-backup-camera\\\/#primaryimage\"},\"thumbnailUrl\":\"https:\\\/\\\/shop.bantam.ch\\\/wp-content\\\/uploads\\\/2023\\\/03\\\/9961933100-scaled.jpg\",\"datePublished\":\"2023-03-01T16:21:23+00:00\",\"dateModified\":\"2026-04-18T19:57:38+00:00\",\"breadcrumb\":{\"@id\":\"https:\\\/\\\/shop.bantam.ch\\\/fr\\\/produit\\\/camera-de-recul-bc50-night-vision-wireless-backup-camera\\\/#breadcrumb\"},\"inLanguage\":\"fr-FR\",\"potentialAction\":[{\"@type\":\"ReadAction\",\"target\":[\"https:\\\/\\\/shop.bantam.ch\\\/fr\\\/produit\\\/camera-de-recul-bc50-night-vision-wireless-backup-camera\\\/\"]}]},{\"@type\":\"ImageObject\",\"inLanguage\":\"fr-FR\",\"@id\":\"https:\\\/\\\/shop.bantam.ch\\\/fr\\\/produit\\\/camera-de-recul-bc50-night-vision-wireless-backup-camera\\\/#primaryimage\",\"url\":\"https:\\\/\\\/shop.bantam.ch\\\/wp-content\\\/uploads\\\/2023\\\/03\\\/9961933100-scaled.jpg\",\"contentUrl\":\"https:\\\/\\\/shop.bantam.ch\\\/wp-content\\\/uploads\\\/2023\\\/03\\\/9961933100-scaled.jpg\",\"width\":2048,\"height\":2048},{\"@type\":\"BreadcrumbList\",\"@id\":\"https:\\\/\\\/shop.bantam.ch\\\/fr\\\/produit\\\/camera-de-recul-bc50-night-vision-wireless-backup-camera\\\/#breadcrumb\",\"itemListElement\":[{\"@type\":\"ListItem\",\"position\":1,\"name\":\"Accueil\",\"item\":\"https:\\\/\\\/shop.bantam.ch\\\/fr\\\/\"},{\"@type\":\"ListItem\",\"position\":2,\"name\":\"Boutique\",\"item\":\"https:\\\/\\\/shop.bantam.ch\\\/fr\\\/boutique\\\/\"},{\"@type\":\"ListItem\",\"position\":3,\"name\":\"Cam\u00e9ra de recul GARMIN BC50 Night Vision Wireless Backup Camera\"}]},{\"@type\":\"WebSite\",\"@id\":\"https:\\\/\\\/shop.bantam.ch\\\/fr\\\/#website\",\"url\":\"https:\\\/\\\/shop.bantam.ch\\\/fr\\\/\",\"name\":\"Bantam Wankm\u00fcller SA\",\"description\":\"\",\"publisher\":{\"@id\":\"https:\\\/\\\/shop.bantam.ch\\\/fr\\\/#organization\"},\"inLanguage\":\"fr-FR\"},{\"@type\":\"Organization\",\"@id\":\"https:\\\/\\\/shop.bantam.ch\\\/fr\\\/#organization\",\"name\":\"Bantam Wankm\u00fcller SA\",\"url\":\"https:\\\/\\\/shop.bantam.ch\\\/fr\\\/\",\"logo\":{\"@type\":\"ImageObject\",\"inLanguage\":\"fr-FR\",\"@id\":\"https:\\\/\\\/shop.bantam.ch\\\/fr\\\/#\\\/schema\\\/logo\\\/image\\\/\",\"url\":\"https:\\\/\\\/shop.bantam.ch\\\/wp-content\\\/uploads\\\/2022\\\/12\\\/bantam-logo.png\",\"contentUrl\":\"https:\\\/\\\/shop.bantam.ch\\\/wp-content\\\/uploads\\\/2022\\\/12\\\/bantam-logo.png\",\"width\":320,\"height\":71,\"caption\":\"Bantam Wankm\u00fcller SA\"},\"image\":{\"@id\":\"https:\\\/\\\/shop.bantam.ch\\\/fr\\\/#\\\/schema\\\/logo\\\/image\\\/\"}}]}<\/script>\n<!-- \/ Yoast SEO plugin. -->","yoast_head_json":{"title":"Cam\u00e9ra de recul GARMIN BC50 Night Vision Wireless Backup Camera - Bantam Wankm\u00fcller SA","robots":{"index":"index","follow":"follow","max-snippet":"max-snippet:-1","max-image-preview":"max-image-preview:large","max-video-preview":"max-video-preview:-1"},"canonical":"https:\/\/shop.bantam.ch\/fr\/produit\/camera-de-recul-bc50-night-vision-wireless-backup-camera\/","og_locale":"fr_FR","og_type":"article","og_title":"Cam\u00e9ra de recul GARMIN BC50 Night Vision Wireless Backup Camera - Bantam Wankm\u00fcller SA","og_description":"Les cam\u00e9ras de recul sans fil de la s\u00e9rie BC \u212250 vous aident en marche arri\u00e8re, m\u00eame quand vous man\u0153uvrez avec un v\u00e9hicule plus long ou avec une remorque. Avec sa r\u00e9solution HD et son grand champ de vision, cette cam\u00e9ra sans fil vous aide \u00e0 voir clairement ce qui se trouve derri\u00e8re votre v\u00e9hicule. [&hellip;]","og_url":"https:\/\/shop.bantam.ch\/fr\/produit\/camera-de-recul-bc50-night-vision-wireless-backup-camera\/","og_site_name":"Bantam Wankm\u00fcller SA","article_modified_time":"2026-04-18T19:57:38+00:00","og_image":[{"width":3300,"height":3300,"url":"https:\/\/shop.bantam.ch\/wp-content\/uploads\/2023\/03\/9961933100-scaled.jpg","type":"image\/jpeg"}],"twitter_card":"summary_large_image","twitter_misc":{"Dur\u00e9e de lecture estim\u00e9e":"2 minutes"},"schema":{"@context":"https:\/\/schema.org","@graph":[{"@type":"WebPage","@id":"https:\/\/shop.bantam.ch\/fr\/produit\/camera-de-recul-bc50-night-vision-wireless-backup-camera\/","url":"https:\/\/shop.bantam.ch\/fr\/produit\/camera-de-recul-bc50-night-vision-wireless-backup-camera\/","name":"Cam\u00e9ra de recul GARMIN BC50 Night Vision Wireless Backup Camera - Bantam Wankm\u00fcller SA","isPartOf":{"@id":"https:\/\/shop.bantam.ch\/fr\/#website"},"primaryImageOfPage":{"@id":"https:\/\/shop.bantam.ch\/fr\/produit\/camera-de-recul-bc50-night-vision-wireless-backup-camera\/#primaryimage"},"image":{"@id":"https:\/\/shop.bantam.ch\/fr\/produit\/camera-de-recul-bc50-night-vision-wireless-backup-camera\/#primaryimage"},"thumbnailUrl":"https:\/\/shop.bantam.ch\/wp-content\/uploads\/2023\/03\/9961933100-scaled.jpg","datePublished":"2023-03-01T16:21:23+00:00","dateModified":"2026-04-18T19:57:38+00:00","breadcrumb":{"@id":"https:\/\/shop.bantam.ch\/fr\/produit\/camera-de-recul-bc50-night-vision-wireless-backup-camera\/#breadcrumb"},"inLanguage":"fr-FR","potentialAction":[{"@type":"ReadAction","target":["https:\/\/shop.bantam.ch\/fr\/produit\/camera-de-recul-bc50-night-vision-wireless-backup-camera\/"]}]},{"@type":"ImageObject","inLanguage":"fr-FR","@id":"https:\/\/shop.bantam.ch\/fr\/produit\/camera-de-recul-bc50-night-vision-wireless-backup-camera\/#primaryimage","url":"https:\/\/shop.bantam.ch\/wp-content\/uploads\/2023\/03\/9961933100-scaled.jpg","contentUrl":"https:\/\/shop.bantam.ch\/wp-content\/uploads\/2023\/03\/9961933100-scaled.jpg","width":2048,"height":2048},{"@type":"BreadcrumbList","@id":"https:\/\/shop.bantam.ch\/fr\/produit\/camera-de-recul-bc50-night-vision-wireless-backup-camera\/#breadcrumb","itemListElement":[{"@type":"ListItem","position":1,"name":"Accueil","item":"https:\/\/shop.bantam.ch\/fr\/"},{"@type":"ListItem","position":2,"name":"Boutique","item":"https:\/\/shop.bantam.ch\/fr\/boutique\/"},{"@type":"ListItem","position":3,"name":"Cam\u00e9ra de recul GARMIN BC50 Night Vision Wireless Backup Camera"}]},{"@type":"WebSite","@id":"https:\/\/shop.bantam.ch\/fr\/#website","url":"https:\/\/shop.bantam.ch\/fr\/","name":"Bantam Wankm\u00fcller SA","description":"","publisher":{"@id":"https:\/\/shop.bantam.ch\/fr\/#organization"},"inLanguage":"fr-FR"},{"@type":"Organization","@id":"https:\/\/shop.bantam.ch\/fr\/#organization","name":"Bantam Wankm\u00fcller SA","url":"https:\/\/shop.bantam.ch\/fr\/","logo":{"@type":"ImageObject","inLanguage":"fr-FR","@id":"https:\/\/shop.bantam.ch\/fr\/#\/schema\/logo\/image\/","url":"https:\/\/shop.bantam.ch\/wp-content\/uploads\/2022\/12\/bantam-logo.png","contentUrl":"https:\/\/shop.bantam.ch\/wp-content\/uploads\/2022\/12\/bantam-logo.png","width":320,"height":71,"caption":"Bantam Wankm\u00fcller SA"},"image":{"@id":"https:\/\/shop.bantam.ch\/fr\/#\/schema\/logo\/image\/"}}]}},"_links":{"self":[{"href":"https:\/\/shop.bantam.ch\/fr\/wp-json\/wp\/v2\/product\/133482","targetHints":{"allow":["GET"]}}],"collection":[{"href":"https:\/\/shop.bantam.ch\/fr\/wp-json\/wp\/v2\/product"}],"about":[{"href":"https:\/\/shop.bantam.ch\/fr\/wp-json\/wp\/v2\/types\/product"}],"wp:featuredmedia":[{"embeddable":true,"href":"https:\/\/shop.bantam.ch\/fr\/wp-json\/wp\/v2\/media\/133470"}],"wp:attachment":[{"href":"https:\/\/shop.bantam.ch\/fr\/wp-json\/wp\/v2\/media?parent=133482"}],"wp:term":[{"taxonomy":"product_featured_cat","embeddable":true,"href":"https:\/\/shop.bantam.ch\/fr\/wp-json\/wp\/v2\/product_featured_cat?post=133482"},{"taxonomy":"product_brand","embeddable":true,"href":"https:\/\/shop.bantam.ch\/fr\/wp-json\/wp\/v2\/product_brand?post=133482"},{"taxonomy":"product_cat","embeddable":true,"href":"https:\/\/shop.bantam.ch\/fr\/wp-json\/wp\/v2\/product_cat?post=133482"},{"taxonomy":"product_tag","embeddable":true,"href":"https:\/\/shop.bantam.ch\/fr\/wp-json\/wp\/v2\/product_tag?post=133482"}],"curies":[{"name":"wp","href":"https:\/\/api.w.org\/{rel}","templated":true}]}}