{"id":133118,"date":"2023-03-01T17:15:38","date_gmt":"2023-03-01T16:15:38","guid":{"rendered":"https:\/\/shop.bantam.ch\/produit\/adaptateur-valve-et-couplage-rapide-push-and-connect-blancjaune-2\/"},"modified":"2026-04-18T23:57:33","modified_gmt":"2026-04-18T21:57:33","slug":"adaptateur-valve-et-couplage-rapide-push-and-connect-blancjaune-2","status":"publish","type":"product","link":"https:\/\/shop.bantam.ch\/fr\/produit\/adaptateur-valve-et-couplage-rapide-push-and-connect-blancjaune-2\/","title":{"rendered":"Adaptateur valve et couplage rapide Push-and-Connect BlancJAUNE"},"content":{"rendered":"<p>LILIE Push and Connect<\/p>\n<ul>\n<li>Connexion rapide, facile et s\u00fbre des tuyaux et du syst\u00e8me de tuyau, y compris le syst\u00e8me d\u2019obturation. M\u00e9canisme d\u2019obturation sophistiqu\u00e9 avec ressorts et couplages en acier inoxydable et davantage de joints toriques pour une conduite et une fonction s\u00fbres. Ainsi, l\u2019\u00e9tanch\u00e9it\u00e9 est \u00e9lev\u00e9e et fiable \u00e0 long terme, m\u00eame \u00e0 d\u00e9bit \u00e9lev\u00e9. Valves de couplage rapide s\u00fbres qui se connectent facilement et herm\u00e9tiquement avec une poign\u00e9e ou se s\u00e9parent rapidement. Optimisation du comportement de l\u2019\u00e9coulement. Disponible en diff\u00e9rents mod\u00e8les.\u00a0Diam\u00e8tre int\u00e9rieur \u00e9lev\u00e9, r\u00e9gl\u00e9 id\u00e9alement pour LILIE TWSWG, montage rapide et facile, \u00e9tanch\u00e9it\u00e9 \u00e9lev\u00e9e et s\u00fbre \u00e0 long terme et \u00e0 d\u00e9bit \u00e9lev\u00e9, branchement pour les tuyaux d\u2019un diam\u00e8tre int\u00e9rieur de 10 mm ou 12 mm, r\u00e9sistant \u00e0 des pressions jusqu\u2019\u00e0 5 bars.<\/li>\n<li>Rapide<\/li>\n<li>S\u00fbr<\/li>\n<li>Herm\u00e9tique<\/li>\n<li>Partie de couplage autobloquante<\/li>\n<li>Lumi\u00e8res largeur \u00d8 10 mm<\/li>\n<li>Optimisation du comportement de l\u2019\u00e9coulement<\/li>\n<li>Id\u00e9alement harmonis\u00e9 avec les tuyaux, connecteurs et brides \u00e0 ressorts LILIE<\/li>\n<li>Montage rapide<\/li>\n<li>D\u00e9bit \u00e9lev\u00e9<\/li>\n<li>R\u00e9siste \u00e0 des pressions jusqu\u2019\u00e0 5 bars<\/li>\n<li>Pr\u00e9montage facile<span><br \/><\/span><\/li>\n<\/ul>\n","protected":false},"excerpt":{"rendered":"<p>LILIE Push and Connect Connexion rapide, facile et s\u00fbre des tuyaux et du syst\u00e8me de tuyau, y compris le syst\u00e8me d\u2019obturation. M\u00e9canisme d\u2019obturation sophistiqu\u00e9 avec ressorts et couplages en acier inoxydable et davantage de joints toriques pour une conduite et une fonction s\u00fbres. Ainsi, l\u2019\u00e9tanch\u00e9it\u00e9 est \u00e9lev\u00e9e et fiable \u00e0 long terme, m\u00eame \u00e0 d\u00e9bit [&hellip;]<\/p>\n","protected":false},"featured_media":133114,"template":"","meta":{"_acf_changed":false},"product_featured_cat":[],"product_brand":[3108],"product_cat":[4621],"product_tag":[],"class_list":{"0":"post-133118","1":"product","2":"type-product","3":"status-publish","4":"has-post-thumbnail","6":"product_brand-lilie","7":"product_cat-connecteurs-de-tuyau","9":"first","10":"instock","11":"taxable","12":"shipping-taxable","13":"purchasable","14":"product-type-variable"},"acf":[],"yoast_head":"<!-- This site is optimized with the Yoast SEO plugin v27.4 - https:\/\/yoast.com\/product\/yoast-seo-wordpress\/ -->\n<title>Adaptateur valve et couplage rapide Push-and-Connect BlancJAUNE - Bantam Wankm\u00fcller SA<\/title>\n<meta name=\"robots\" content=\"index, follow, max-snippet:-1, max-image-preview:large, max-video-preview:-1\" \/>\n<link rel=\"canonical\" href=\"https:\/\/shop.bantam.ch\/fr\/produit\/adaptateur-valve-et-couplage-rapide-push-and-connect-blancjaune-2\/\" \/>\n<meta property=\"og:locale\" content=\"fr_FR\" \/>\n<meta property=\"og:type\" content=\"article\" \/>\n<meta property=\"og:title\" content=\"Adaptateur valve et couplage rapide Push-and-Connect BlancJAUNE - Bantam Wankm\u00fcller SA\" \/>\n<meta property=\"og:description\" content=\"LILIE Push and Connect Connexion rapide, facile et s\u00fbre des tuyaux et du syst\u00e8me de tuyau, y compris le syst\u00e8me d\u2019obturation. M\u00e9canisme d\u2019obturation sophistiqu\u00e9 avec ressorts et couplages en acier inoxydable et davantage de joints toriques pour une conduite et une fonction s\u00fbres. Ainsi, l\u2019\u00e9tanch\u00e9it\u00e9 est \u00e9lev\u00e9e et fiable \u00e0 long terme, m\u00eame \u00e0 d\u00e9bit [&hellip;]\" \/>\n<meta property=\"og:url\" content=\"https:\/\/shop.bantam.ch\/fr\/produit\/adaptateur-valve-et-couplage-rapide-push-and-connect-blancjaune-2\/\" \/>\n<meta property=\"og:site_name\" content=\"Bantam Wankm\u00fcller SA\" \/>\n<meta property=\"article:modified_time\" content=\"2026-04-18T21:57:33+00:00\" \/>\n<meta property=\"og:image\" content=\"https:\/\/shop.bantam.ch\/wp-content\/uploads\/2023\/03\/9957866100.jpg\" \/>\n\t<meta property=\"og:image:width\" content=\"1000\" \/>\n\t<meta property=\"og:image:height\" content=\"341\" \/>\n\t<meta property=\"og:image:type\" content=\"image\/jpeg\" \/>\n<meta name=\"twitter:card\" content=\"summary_large_image\" \/>\n<meta name=\"twitter:label1\" content=\"Dur\u00e9e de lecture estim\u00e9e\" \/>\n\t<meta name=\"twitter:data1\" content=\"1 minute\" \/>\n<script type=\"application\/ld+json\" class=\"yoast-schema-graph\">{\"@context\":\"https:\\\/\\\/schema.org\",\"@graph\":[{\"@type\":\"WebPage\",\"@id\":\"https:\\\/\\\/shop.bantam.ch\\\/fr\\\/produit\\\/adaptateur-valve-et-couplage-rapide-push-and-connect-blancjaune-2\\\/\",\"url\":\"https:\\\/\\\/shop.bantam.ch\\\/fr\\\/produit\\\/adaptateur-valve-et-couplage-rapide-push-and-connect-blancjaune-2\\\/\",\"name\":\"Adaptateur valve et couplage rapide Push-and-Connect BlancJAUNE - Bantam Wankm\u00fcller SA\",\"isPartOf\":{\"@id\":\"https:\\\/\\\/shop.bantam.ch\\\/fr\\\/#website\"},\"primaryImageOfPage\":{\"@id\":\"https:\\\/\\\/shop.bantam.ch\\\/fr\\\/produit\\\/adaptateur-valve-et-couplage-rapide-push-and-connect-blancjaune-2\\\/#primaryimage\"},\"image\":{\"@id\":\"https:\\\/\\\/shop.bantam.ch\\\/fr\\\/produit\\\/adaptateur-valve-et-couplage-rapide-push-and-connect-blancjaune-2\\\/#primaryimage\"},\"thumbnailUrl\":\"https:\\\/\\\/shop.bantam.ch\\\/wp-content\\\/uploads\\\/2023\\\/03\\\/9957866100.jpg\",\"datePublished\":\"2023-03-01T16:15:38+00:00\",\"dateModified\":\"2026-04-18T21:57:33+00:00\",\"breadcrumb\":{\"@id\":\"https:\\\/\\\/shop.bantam.ch\\\/fr\\\/produit\\\/adaptateur-valve-et-couplage-rapide-push-and-connect-blancjaune-2\\\/#breadcrumb\"},\"inLanguage\":\"fr-FR\",\"potentialAction\":[{\"@type\":\"ReadAction\",\"target\":[\"https:\\\/\\\/shop.bantam.ch\\\/fr\\\/produit\\\/adaptateur-valve-et-couplage-rapide-push-and-connect-blancjaune-2\\\/\"]}]},{\"@type\":\"ImageObject\",\"inLanguage\":\"fr-FR\",\"@id\":\"https:\\\/\\\/shop.bantam.ch\\\/fr\\\/produit\\\/adaptateur-valve-et-couplage-rapide-push-and-connect-blancjaune-2\\\/#primaryimage\",\"url\":\"https:\\\/\\\/shop.bantam.ch\\\/wp-content\\\/uploads\\\/2023\\\/03\\\/9957866100.jpg\",\"contentUrl\":\"https:\\\/\\\/shop.bantam.ch\\\/wp-content\\\/uploads\\\/2023\\\/03\\\/9957866100.jpg\",\"width\":1000,\"height\":341},{\"@type\":\"BreadcrumbList\",\"@id\":\"https:\\\/\\\/shop.bantam.ch\\\/fr\\\/produit\\\/adaptateur-valve-et-couplage-rapide-push-and-connect-blancjaune-2\\\/#breadcrumb\",\"itemListElement\":[{\"@type\":\"ListItem\",\"position\":1,\"name\":\"Accueil\",\"item\":\"https:\\\/\\\/shop.bantam.ch\\\/fr\\\/\"},{\"@type\":\"ListItem\",\"position\":2,\"name\":\"Boutique\",\"item\":\"https:\\\/\\\/shop.bantam.ch\\\/fr\\\/boutique\\\/\"},{\"@type\":\"ListItem\",\"position\":3,\"name\":\"Adaptateur valve et couplage rapide Push-and-Connect BlancJAUNE\"}]},{\"@type\":\"WebSite\",\"@id\":\"https:\\\/\\\/shop.bantam.ch\\\/fr\\\/#website\",\"url\":\"https:\\\/\\\/shop.bantam.ch\\\/fr\\\/\",\"name\":\"Bantam Wankm\u00fcller SA\",\"description\":\"\",\"publisher\":{\"@id\":\"https:\\\/\\\/shop.bantam.ch\\\/fr\\\/#organization\"},\"inLanguage\":\"fr-FR\"},{\"@type\":\"Organization\",\"@id\":\"https:\\\/\\\/shop.bantam.ch\\\/fr\\\/#organization\",\"name\":\"Bantam Wankm\u00fcller SA\",\"url\":\"https:\\\/\\\/shop.bantam.ch\\\/fr\\\/\",\"logo\":{\"@type\":\"ImageObject\",\"inLanguage\":\"fr-FR\",\"@id\":\"https:\\\/\\\/shop.bantam.ch\\\/fr\\\/#\\\/schema\\\/logo\\\/image\\\/\",\"url\":\"https:\\\/\\\/shop.bantam.ch\\\/wp-content\\\/uploads\\\/2022\\\/12\\\/bantam-logo.png\",\"contentUrl\":\"https:\\\/\\\/shop.bantam.ch\\\/wp-content\\\/uploads\\\/2022\\\/12\\\/bantam-logo.png\",\"width\":320,\"height\":71,\"caption\":\"Bantam Wankm\u00fcller SA\"},\"image\":{\"@id\":\"https:\\\/\\\/shop.bantam.ch\\\/fr\\\/#\\\/schema\\\/logo\\\/image\\\/\"}}]}<\/script>\n<!-- \/ Yoast SEO plugin. -->","yoast_head_json":{"title":"Adaptateur valve et couplage rapide Push-and-Connect BlancJAUNE - Bantam Wankm\u00fcller SA","robots":{"index":"index","follow":"follow","max-snippet":"max-snippet:-1","max-image-preview":"max-image-preview:large","max-video-preview":"max-video-preview:-1"},"canonical":"https:\/\/shop.bantam.ch\/fr\/produit\/adaptateur-valve-et-couplage-rapide-push-and-connect-blancjaune-2\/","og_locale":"fr_FR","og_type":"article","og_title":"Adaptateur valve et couplage rapide Push-and-Connect BlancJAUNE - Bantam Wankm\u00fcller SA","og_description":"LILIE Push and Connect Connexion rapide, facile et s\u00fbre des tuyaux et du syst\u00e8me de tuyau, y compris le syst\u00e8me d\u2019obturation. M\u00e9canisme d\u2019obturation sophistiqu\u00e9 avec ressorts et couplages en acier inoxydable et davantage de joints toriques pour une conduite et une fonction s\u00fbres. Ainsi, l\u2019\u00e9tanch\u00e9it\u00e9 est \u00e9lev\u00e9e et fiable \u00e0 long terme, m\u00eame \u00e0 d\u00e9bit [&hellip;]","og_url":"https:\/\/shop.bantam.ch\/fr\/produit\/adaptateur-valve-et-couplage-rapide-push-and-connect-blancjaune-2\/","og_site_name":"Bantam Wankm\u00fcller SA","article_modified_time":"2026-04-18T21:57:33+00:00","og_image":[{"width":1000,"height":341,"url":"https:\/\/shop.bantam.ch\/wp-content\/uploads\/2023\/03\/9957866100.jpg","type":"image\/jpeg"}],"twitter_card":"summary_large_image","twitter_misc":{"Dur\u00e9e de lecture estim\u00e9e":"1 minute"},"schema":{"@context":"https:\/\/schema.org","@graph":[{"@type":"WebPage","@id":"https:\/\/shop.bantam.ch\/fr\/produit\/adaptateur-valve-et-couplage-rapide-push-and-connect-blancjaune-2\/","url":"https:\/\/shop.bantam.ch\/fr\/produit\/adaptateur-valve-et-couplage-rapide-push-and-connect-blancjaune-2\/","name":"Adaptateur valve et couplage rapide Push-and-Connect BlancJAUNE - Bantam Wankm\u00fcller SA","isPartOf":{"@id":"https:\/\/shop.bantam.ch\/fr\/#website"},"primaryImageOfPage":{"@id":"https:\/\/shop.bantam.ch\/fr\/produit\/adaptateur-valve-et-couplage-rapide-push-and-connect-blancjaune-2\/#primaryimage"},"image":{"@id":"https:\/\/shop.bantam.ch\/fr\/produit\/adaptateur-valve-et-couplage-rapide-push-and-connect-blancjaune-2\/#primaryimage"},"thumbnailUrl":"https:\/\/shop.bantam.ch\/wp-content\/uploads\/2023\/03\/9957866100.jpg","datePublished":"2023-03-01T16:15:38+00:00","dateModified":"2026-04-18T21:57:33+00:00","breadcrumb":{"@id":"https:\/\/shop.bantam.ch\/fr\/produit\/adaptateur-valve-et-couplage-rapide-push-and-connect-blancjaune-2\/#breadcrumb"},"inLanguage":"fr-FR","potentialAction":[{"@type":"ReadAction","target":["https:\/\/shop.bantam.ch\/fr\/produit\/adaptateur-valve-et-couplage-rapide-push-and-connect-blancjaune-2\/"]}]},{"@type":"ImageObject","inLanguage":"fr-FR","@id":"https:\/\/shop.bantam.ch\/fr\/produit\/adaptateur-valve-et-couplage-rapide-push-and-connect-blancjaune-2\/#primaryimage","url":"https:\/\/shop.bantam.ch\/wp-content\/uploads\/2023\/03\/9957866100.jpg","contentUrl":"https:\/\/shop.bantam.ch\/wp-content\/uploads\/2023\/03\/9957866100.jpg","width":1000,"height":341},{"@type":"BreadcrumbList","@id":"https:\/\/shop.bantam.ch\/fr\/produit\/adaptateur-valve-et-couplage-rapide-push-and-connect-blancjaune-2\/#breadcrumb","itemListElement":[{"@type":"ListItem","position":1,"name":"Accueil","item":"https:\/\/shop.bantam.ch\/fr\/"},{"@type":"ListItem","position":2,"name":"Boutique","item":"https:\/\/shop.bantam.ch\/fr\/boutique\/"},{"@type":"ListItem","position":3,"name":"Adaptateur valve et couplage rapide Push-and-Connect BlancJAUNE"}]},{"@type":"WebSite","@id":"https:\/\/shop.bantam.ch\/fr\/#website","url":"https:\/\/shop.bantam.ch\/fr\/","name":"Bantam Wankm\u00fcller SA","description":"","publisher":{"@id":"https:\/\/shop.bantam.ch\/fr\/#organization"},"inLanguage":"fr-FR"},{"@type":"Organization","@id":"https:\/\/shop.bantam.ch\/fr\/#organization","name":"Bantam Wankm\u00fcller SA","url":"https:\/\/shop.bantam.ch\/fr\/","logo":{"@type":"ImageObject","inLanguage":"fr-FR","@id":"https:\/\/shop.bantam.ch\/fr\/#\/schema\/logo\/image\/","url":"https:\/\/shop.bantam.ch\/wp-content\/uploads\/2022\/12\/bantam-logo.png","contentUrl":"https:\/\/shop.bantam.ch\/wp-content\/uploads\/2022\/12\/bantam-logo.png","width":320,"height":71,"caption":"Bantam Wankm\u00fcller SA"},"image":{"@id":"https:\/\/shop.bantam.ch\/fr\/#\/schema\/logo\/image\/"}}]}},"_links":{"self":[{"href":"https:\/\/shop.bantam.ch\/fr\/wp-json\/wp\/v2\/product\/133118","targetHints":{"allow":["GET"]}}],"collection":[{"href":"https:\/\/shop.bantam.ch\/fr\/wp-json\/wp\/v2\/product"}],"about":[{"href":"https:\/\/shop.bantam.ch\/fr\/wp-json\/wp\/v2\/types\/product"}],"wp:featuredmedia":[{"embeddable":true,"href":"https:\/\/shop.bantam.ch\/fr\/wp-json\/wp\/v2\/media\/133114"}],"wp:attachment":[{"href":"https:\/\/shop.bantam.ch\/fr\/wp-json\/wp\/v2\/media?parent=133118"}],"wp:term":[{"taxonomy":"product_featured_cat","embeddable":true,"href":"https:\/\/shop.bantam.ch\/fr\/wp-json\/wp\/v2\/product_featured_cat?post=133118"},{"taxonomy":"product_brand","embeddable":true,"href":"https:\/\/shop.bantam.ch\/fr\/wp-json\/wp\/v2\/product_brand?post=133118"},{"taxonomy":"product_cat","embeddable":true,"href":"https:\/\/shop.bantam.ch\/fr\/wp-json\/wp\/v2\/product_cat?post=133118"},{"taxonomy":"product_tag","embeddable":true,"href":"https:\/\/shop.bantam.ch\/fr\/wp-json\/wp\/v2\/product_tag?post=133118"}],"curies":[{"name":"wp","href":"https:\/\/api.w.org\/{rel}","templated":true}]}}