{"id":133112,"date":"2023-03-01T17:15:31","date_gmt":"2023-03-01T16:15:31","guid":{"rendered":"https:\/\/shop.bantam.ch\/produit\/ecran-securite-csm7010-pour-cameras-cvbs-et-ahd-176-cm-_7-pouces_\/"},"modified":"2026-04-21T21:57:14","modified_gmt":"2026-04-21T19:57:14","slug":"ecran-securite-csm7010-pour-cameras-cvbs-et-ahd-176-cm-_7-pouces_","status":"publish","type":"product","link":"https:\/\/shop.bantam.ch\/fr\/produit\/ecran-securite-csm7010-pour-cameras-cvbs-et-ahd-176-cm-_7-pouces_\/","title":{"rendered":"Moniteur Caratec Safety CSM7010 pour cam\u00e9ras CVBS et AHD 17,6 mm _7 pouces_"},"content":{"rendered":"<p>\u00c9cran 7 pouces (17,8 cm) pour jusqu\u2019\u00e0 trois cam\u00e9ras de recul. Qualit\u00e9 d\u2019image remarquable gr\u00e2ce \u00e0 l\u2019affichage avec r\u00e9solution \u00e9lev\u00e9e.\u00a0Utilisation universelle pour les cam\u00e9ras CVBS et AHD.\u00a0\u00c9cran \u00e0 utilisation tr\u00e8s universelle, du fait de nombreuses possibilit\u00e9s de connexions et de r\u00e9glages.\u00a0Menu de contr\u00f4le pour installer les fonctions. Lignes de stationnement r\u00e9glables s\u00e9par\u00e9ment pour toutes les trois entr\u00e9es de cam\u00e9ra. Temps d\u2019arr\u00eat apr\u00e8s retrait du d\u00e9clencheur r\u00e9glable entre 0 et 10 secondes.<\/p>\n","protected":false},"excerpt":{"rendered":"<p>\u00c9cran 7 pouces (17,8 cm) pour jusqu\u2019\u00e0 trois cam\u00e9ras de recul. Qualit\u00e9 d\u2019image remarquable gr\u00e2ce \u00e0 l\u2019affichage avec r\u00e9solution \u00e9lev\u00e9e.\u00a0Utilisation universelle pour les cam\u00e9ras CVBS et AHD.\u00a0\u00c9cran \u00e0 utilisation tr\u00e8s universelle, du fait de nombreuses possibilit\u00e9s de connexions et de r\u00e9glages.\u00a0Menu de contr\u00f4le pour installer les fonctions. Lignes de stationnement r\u00e9glables s\u00e9par\u00e9ment pour toutes les [&hellip;]<\/p>\n","protected":false},"featured_media":133110,"template":"","meta":{"_acf_changed":false},"product_featured_cat":[],"product_brand":[3070],"product_cat":[4999],"product_tag":[],"class_list":{"0":"post-133112","1":"product","2":"type-product","3":"status-publish","4":"has-post-thumbnail","6":"product_brand-caratec","7":"product_cat-moniteurs","9":"first","10":"instock","11":"taxable","12":"shipping-taxable","13":"purchasable","14":"product-type-simple"},"acf":[],"yoast_head":"<!-- This site is optimized with the Yoast SEO plugin v27.4 - https:\/\/yoast.com\/product\/yoast-seo-wordpress\/ -->\n<title>Moniteur Caratec Safety CSM7010 pour cam\u00e9ras CVBS et AHD 17,6 mm _7 pouces_ - Bantam Wankm\u00fcller SA<\/title>\n<meta name=\"robots\" content=\"index, follow, max-snippet:-1, max-image-preview:large, max-video-preview:-1\" \/>\n<link rel=\"canonical\" href=\"https:\/\/shop.bantam.ch\/fr\/produit\/ecran-securite-csm7010-pour-cameras-cvbs-et-ahd-176-cm-_7-pouces_\/\" \/>\n<meta property=\"og:locale\" content=\"fr_FR\" \/>\n<meta property=\"og:type\" content=\"article\" \/>\n<meta property=\"og:title\" content=\"Moniteur Caratec Safety CSM7010 pour cam\u00e9ras CVBS et AHD 17,6 mm _7 pouces_ - Bantam Wankm\u00fcller SA\" \/>\n<meta property=\"og:description\" content=\"\u00c9cran 7 pouces (17,8 cm) pour jusqu\u2019\u00e0 trois cam\u00e9ras de recul. Qualit\u00e9 d\u2019image remarquable gr\u00e2ce \u00e0 l\u2019affichage avec r\u00e9solution \u00e9lev\u00e9e.\u00a0Utilisation universelle pour les cam\u00e9ras CVBS et AHD.\u00a0\u00c9cran \u00e0 utilisation tr\u00e8s universelle, du fait de nombreuses possibilit\u00e9s de connexions et de r\u00e9glages.\u00a0Menu de contr\u00f4le pour installer les fonctions. Lignes de stationnement r\u00e9glables s\u00e9par\u00e9ment pour toutes les [&hellip;]\" \/>\n<meta property=\"og:url\" content=\"https:\/\/shop.bantam.ch\/fr\/produit\/ecran-securite-csm7010-pour-cameras-cvbs-et-ahd-176-cm-_7-pouces_\/\" \/>\n<meta property=\"og:site_name\" content=\"Bantam Wankm\u00fcller SA\" \/>\n<meta property=\"article:modified_time\" content=\"2026-04-21T19:57:14+00:00\" \/>\n<meta property=\"og:image\" content=\"https:\/\/shop.bantam.ch\/wp-content\/uploads\/2023\/03\/9961924100.jpg\" \/>\n\t<meta property=\"og:image:width\" content=\"1000\" \/>\n\t<meta property=\"og:image:height\" content=\"1000\" \/>\n\t<meta property=\"og:image:type\" content=\"image\/jpeg\" \/>\n<meta name=\"twitter:card\" content=\"summary_large_image\" \/>\n<script type=\"application\/ld+json\" class=\"yoast-schema-graph\">{\"@context\":\"https:\\\/\\\/schema.org\",\"@graph\":[{\"@type\":\"WebPage\",\"@id\":\"https:\\\/\\\/shop.bantam.ch\\\/fr\\\/produit\\\/ecran-securite-csm7010-pour-cameras-cvbs-et-ahd-176-cm-_7-pouces_\\\/\",\"url\":\"https:\\\/\\\/shop.bantam.ch\\\/fr\\\/produit\\\/ecran-securite-csm7010-pour-cameras-cvbs-et-ahd-176-cm-_7-pouces_\\\/\",\"name\":\"Moniteur Caratec Safety CSM7010 pour cam\u00e9ras CVBS et AHD 17,6 mm _7 pouces_ - Bantam Wankm\u00fcller SA\",\"isPartOf\":{\"@id\":\"https:\\\/\\\/shop.bantam.ch\\\/fr\\\/#website\"},\"primaryImageOfPage\":{\"@id\":\"https:\\\/\\\/shop.bantam.ch\\\/fr\\\/produit\\\/ecran-securite-csm7010-pour-cameras-cvbs-et-ahd-176-cm-_7-pouces_\\\/#primaryimage\"},\"image\":{\"@id\":\"https:\\\/\\\/shop.bantam.ch\\\/fr\\\/produit\\\/ecran-securite-csm7010-pour-cameras-cvbs-et-ahd-176-cm-_7-pouces_\\\/#primaryimage\"},\"thumbnailUrl\":\"https:\\\/\\\/shop.bantam.ch\\\/wp-content\\\/uploads\\\/2023\\\/03\\\/9961924100.jpg\",\"datePublished\":\"2023-03-01T16:15:31+00:00\",\"dateModified\":\"2026-04-21T19:57:14+00:00\",\"breadcrumb\":{\"@id\":\"https:\\\/\\\/shop.bantam.ch\\\/fr\\\/produit\\\/ecran-securite-csm7010-pour-cameras-cvbs-et-ahd-176-cm-_7-pouces_\\\/#breadcrumb\"},\"inLanguage\":\"fr-FR\",\"potentialAction\":[{\"@type\":\"ReadAction\",\"target\":[\"https:\\\/\\\/shop.bantam.ch\\\/fr\\\/produit\\\/ecran-securite-csm7010-pour-cameras-cvbs-et-ahd-176-cm-_7-pouces_\\\/\"]}]},{\"@type\":\"ImageObject\",\"inLanguage\":\"fr-FR\",\"@id\":\"https:\\\/\\\/shop.bantam.ch\\\/fr\\\/produit\\\/ecran-securite-csm7010-pour-cameras-cvbs-et-ahd-176-cm-_7-pouces_\\\/#primaryimage\",\"url\":\"https:\\\/\\\/shop.bantam.ch\\\/wp-content\\\/uploads\\\/2023\\\/03\\\/9961924100.jpg\",\"contentUrl\":\"https:\\\/\\\/shop.bantam.ch\\\/wp-content\\\/uploads\\\/2023\\\/03\\\/9961924100.jpg\",\"width\":1000,\"height\":1000},{\"@type\":\"BreadcrumbList\",\"@id\":\"https:\\\/\\\/shop.bantam.ch\\\/fr\\\/produit\\\/ecran-securite-csm7010-pour-cameras-cvbs-et-ahd-176-cm-_7-pouces_\\\/#breadcrumb\",\"itemListElement\":[{\"@type\":\"ListItem\",\"position\":1,\"name\":\"Accueil\",\"item\":\"https:\\\/\\\/shop.bantam.ch\\\/fr\\\/\"},{\"@type\":\"ListItem\",\"position\":2,\"name\":\"Boutique\",\"item\":\"https:\\\/\\\/shop.bantam.ch\\\/fr\\\/boutique\\\/\"},{\"@type\":\"ListItem\",\"position\":3,\"name\":\"Moniteur Caratec Safety CSM7010 pour cam\u00e9ras CVBS et AHD 17,6 mm _7 pouces_\"}]},{\"@type\":\"WebSite\",\"@id\":\"https:\\\/\\\/shop.bantam.ch\\\/fr\\\/#website\",\"url\":\"https:\\\/\\\/shop.bantam.ch\\\/fr\\\/\",\"name\":\"Bantam Wankm\u00fcller SA\",\"description\":\"\",\"publisher\":{\"@id\":\"https:\\\/\\\/shop.bantam.ch\\\/fr\\\/#organization\"},\"inLanguage\":\"fr-FR\"},{\"@type\":\"Organization\",\"@id\":\"https:\\\/\\\/shop.bantam.ch\\\/fr\\\/#organization\",\"name\":\"Bantam Wankm\u00fcller SA\",\"url\":\"https:\\\/\\\/shop.bantam.ch\\\/fr\\\/\",\"logo\":{\"@type\":\"ImageObject\",\"inLanguage\":\"fr-FR\",\"@id\":\"https:\\\/\\\/shop.bantam.ch\\\/fr\\\/#\\\/schema\\\/logo\\\/image\\\/\",\"url\":\"https:\\\/\\\/shop.bantam.ch\\\/wp-content\\\/uploads\\\/2022\\\/12\\\/bantam-logo.png\",\"contentUrl\":\"https:\\\/\\\/shop.bantam.ch\\\/wp-content\\\/uploads\\\/2022\\\/12\\\/bantam-logo.png\",\"width\":320,\"height\":71,\"caption\":\"Bantam Wankm\u00fcller SA\"},\"image\":{\"@id\":\"https:\\\/\\\/shop.bantam.ch\\\/fr\\\/#\\\/schema\\\/logo\\\/image\\\/\"}}]}<\/script>\n<!-- \/ Yoast SEO plugin. -->","yoast_head_json":{"title":"Moniteur Caratec Safety CSM7010 pour cam\u00e9ras CVBS et AHD 17,6 mm _7 pouces_ - Bantam Wankm\u00fcller SA","robots":{"index":"index","follow":"follow","max-snippet":"max-snippet:-1","max-image-preview":"max-image-preview:large","max-video-preview":"max-video-preview:-1"},"canonical":"https:\/\/shop.bantam.ch\/fr\/produit\/ecran-securite-csm7010-pour-cameras-cvbs-et-ahd-176-cm-_7-pouces_\/","og_locale":"fr_FR","og_type":"article","og_title":"Moniteur Caratec Safety CSM7010 pour cam\u00e9ras CVBS et AHD 17,6 mm _7 pouces_ - Bantam Wankm\u00fcller SA","og_description":"\u00c9cran 7 pouces (17,8 cm) pour jusqu\u2019\u00e0 trois cam\u00e9ras de recul. Qualit\u00e9 d\u2019image remarquable gr\u00e2ce \u00e0 l\u2019affichage avec r\u00e9solution \u00e9lev\u00e9e.\u00a0Utilisation universelle pour les cam\u00e9ras CVBS et AHD.\u00a0\u00c9cran \u00e0 utilisation tr\u00e8s universelle, du fait de nombreuses possibilit\u00e9s de connexions et de r\u00e9glages.\u00a0Menu de contr\u00f4le pour installer les fonctions. Lignes de stationnement r\u00e9glables s\u00e9par\u00e9ment pour toutes les [&hellip;]","og_url":"https:\/\/shop.bantam.ch\/fr\/produit\/ecran-securite-csm7010-pour-cameras-cvbs-et-ahd-176-cm-_7-pouces_\/","og_site_name":"Bantam Wankm\u00fcller SA","article_modified_time":"2026-04-21T19:57:14+00:00","og_image":[{"width":1000,"height":1000,"url":"https:\/\/shop.bantam.ch\/wp-content\/uploads\/2023\/03\/9961924100.jpg","type":"image\/jpeg"}],"twitter_card":"summary_large_image","schema":{"@context":"https:\/\/schema.org","@graph":[{"@type":"WebPage","@id":"https:\/\/shop.bantam.ch\/fr\/produit\/ecran-securite-csm7010-pour-cameras-cvbs-et-ahd-176-cm-_7-pouces_\/","url":"https:\/\/shop.bantam.ch\/fr\/produit\/ecran-securite-csm7010-pour-cameras-cvbs-et-ahd-176-cm-_7-pouces_\/","name":"Moniteur Caratec Safety CSM7010 pour cam\u00e9ras CVBS et AHD 17,6 mm _7 pouces_ - Bantam Wankm\u00fcller SA","isPartOf":{"@id":"https:\/\/shop.bantam.ch\/fr\/#website"},"primaryImageOfPage":{"@id":"https:\/\/shop.bantam.ch\/fr\/produit\/ecran-securite-csm7010-pour-cameras-cvbs-et-ahd-176-cm-_7-pouces_\/#primaryimage"},"image":{"@id":"https:\/\/shop.bantam.ch\/fr\/produit\/ecran-securite-csm7010-pour-cameras-cvbs-et-ahd-176-cm-_7-pouces_\/#primaryimage"},"thumbnailUrl":"https:\/\/shop.bantam.ch\/wp-content\/uploads\/2023\/03\/9961924100.jpg","datePublished":"2023-03-01T16:15:31+00:00","dateModified":"2026-04-21T19:57:14+00:00","breadcrumb":{"@id":"https:\/\/shop.bantam.ch\/fr\/produit\/ecran-securite-csm7010-pour-cameras-cvbs-et-ahd-176-cm-_7-pouces_\/#breadcrumb"},"inLanguage":"fr-FR","potentialAction":[{"@type":"ReadAction","target":["https:\/\/shop.bantam.ch\/fr\/produit\/ecran-securite-csm7010-pour-cameras-cvbs-et-ahd-176-cm-_7-pouces_\/"]}]},{"@type":"ImageObject","inLanguage":"fr-FR","@id":"https:\/\/shop.bantam.ch\/fr\/produit\/ecran-securite-csm7010-pour-cameras-cvbs-et-ahd-176-cm-_7-pouces_\/#primaryimage","url":"https:\/\/shop.bantam.ch\/wp-content\/uploads\/2023\/03\/9961924100.jpg","contentUrl":"https:\/\/shop.bantam.ch\/wp-content\/uploads\/2023\/03\/9961924100.jpg","width":1000,"height":1000},{"@type":"BreadcrumbList","@id":"https:\/\/shop.bantam.ch\/fr\/produit\/ecran-securite-csm7010-pour-cameras-cvbs-et-ahd-176-cm-_7-pouces_\/#breadcrumb","itemListElement":[{"@type":"ListItem","position":1,"name":"Accueil","item":"https:\/\/shop.bantam.ch\/fr\/"},{"@type":"ListItem","position":2,"name":"Boutique","item":"https:\/\/shop.bantam.ch\/fr\/boutique\/"},{"@type":"ListItem","position":3,"name":"Moniteur Caratec Safety CSM7010 pour cam\u00e9ras CVBS et AHD 17,6 mm _7 pouces_"}]},{"@type":"WebSite","@id":"https:\/\/shop.bantam.ch\/fr\/#website","url":"https:\/\/shop.bantam.ch\/fr\/","name":"Bantam Wankm\u00fcller SA","description":"","publisher":{"@id":"https:\/\/shop.bantam.ch\/fr\/#organization"},"inLanguage":"fr-FR"},{"@type":"Organization","@id":"https:\/\/shop.bantam.ch\/fr\/#organization","name":"Bantam Wankm\u00fcller SA","url":"https:\/\/shop.bantam.ch\/fr\/","logo":{"@type":"ImageObject","inLanguage":"fr-FR","@id":"https:\/\/shop.bantam.ch\/fr\/#\/schema\/logo\/image\/","url":"https:\/\/shop.bantam.ch\/wp-content\/uploads\/2022\/12\/bantam-logo.png","contentUrl":"https:\/\/shop.bantam.ch\/wp-content\/uploads\/2022\/12\/bantam-logo.png","width":320,"height":71,"caption":"Bantam Wankm\u00fcller SA"},"image":{"@id":"https:\/\/shop.bantam.ch\/fr\/#\/schema\/logo\/image\/"}}]}},"_links":{"self":[{"href":"https:\/\/shop.bantam.ch\/fr\/wp-json\/wp\/v2\/product\/133112","targetHints":{"allow":["GET"]}}],"collection":[{"href":"https:\/\/shop.bantam.ch\/fr\/wp-json\/wp\/v2\/product"}],"about":[{"href":"https:\/\/shop.bantam.ch\/fr\/wp-json\/wp\/v2\/types\/product"}],"wp:featuredmedia":[{"embeddable":true,"href":"https:\/\/shop.bantam.ch\/fr\/wp-json\/wp\/v2\/media\/133110"}],"wp:attachment":[{"href":"https:\/\/shop.bantam.ch\/fr\/wp-json\/wp\/v2\/media?parent=133112"}],"wp:term":[{"taxonomy":"product_featured_cat","embeddable":true,"href":"https:\/\/shop.bantam.ch\/fr\/wp-json\/wp\/v2\/product_featured_cat?post=133112"},{"taxonomy":"product_brand","embeddable":true,"href":"https:\/\/shop.bantam.ch\/fr\/wp-json\/wp\/v2\/product_brand?post=133112"},{"taxonomy":"product_cat","embeddable":true,"href":"https:\/\/shop.bantam.ch\/fr\/wp-json\/wp\/v2\/product_cat?post=133112"},{"taxonomy":"product_tag","embeddable":true,"href":"https:\/\/shop.bantam.ch\/fr\/wp-json\/wp\/v2\/product_tag?post=133112"}],"curies":[{"name":"wp","href":"https:\/\/api.w.org\/{rel}","templated":true}]}}