{"id":133028,"date":"2023-03-01T17:13:58","date_gmt":"2023-03-01T16:13:58","guid":{"rendered":"https:\/\/shop.bantam.ch\/produit\/support-mural-tv-flex-cfw200s-avec-2-pivots\/"},"modified":"2026-04-18T21:57:10","modified_gmt":"2026-04-18T19:57:10","slug":"support-mural-tv-flex-cfw200s-avec-2-pivots","status":"publish","type":"product","link":"https:\/\/shop.bantam.ch\/fr\/produit\/support-mural-tv-flex-cfw200s-avec-2-pivots\/","title":{"rendered":"Support mural Caratec Flex CFW200S avec 2 pivots coloris noir"},"content":{"rendered":"<p>La solution support \u00e9prouv\u00e9e Caratec Flex CFW200AS en acier en forme particuli\u00e8rement compacte avec deux pivots. Le dispositif de verrouillage s\u2019assure que l\u2019appareil TV est bien fix\u00e9 pendant le trajet.\u00a0Pour les supports en acier CFW200, CFW300, CFW301S et CFW305, il y a des leviers comme accessoires qui se montent du c\u00f4t\u00e9 oppos\u00e9. Donc vous avez toujours le d\u00e9verrouillage du bon c\u00f4t\u00e9, l\u00e9g\u00e8rement accessible.<\/p>\n","protected":false},"excerpt":{"rendered":"<p>La solution support \u00e9prouv\u00e9e Caratec Flex CFW200AS en acier en forme particuli\u00e8rement compacte avec deux pivots. Le dispositif de verrouillage s\u2019assure que l\u2019appareil TV est bien fix\u00e9 pendant le trajet.\u00a0Pour les supports en acier CFW200, CFW300, CFW301S et CFW305, il y a des leviers comme accessoires qui se montent du c\u00f4t\u00e9 oppos\u00e9. Donc vous avez [&hellip;]<\/p>\n","protected":false},"featured_media":133026,"template":"","meta":{"_acf_changed":false},"product_featured_cat":[],"product_brand":[3070],"product_cat":[4985],"product_tag":[],"class_list":{"0":"post-133028","1":"product","2":"type-product","3":"status-publish","4":"has-post-thumbnail","6":"product_brand-caratec","7":"product_cat-supports-tv","9":"first","10":"instock","11":"taxable","12":"shipping-taxable","13":"purchasable","14":"product-type-simple"},"acf":[],"yoast_head":"<!-- This site is optimized with the Yoast SEO plugin v27.4 - https:\/\/yoast.com\/product\/yoast-seo-wordpress\/ -->\n<title>Support mural Caratec Flex CFW200S avec 2 pivots coloris noir - Bantam Wankm\u00fcller SA<\/title>\n<meta name=\"robots\" content=\"index, follow, max-snippet:-1, max-image-preview:large, max-video-preview:-1\" \/>\n<link rel=\"canonical\" href=\"https:\/\/shop.bantam.ch\/fr\/produit\/support-mural-tv-flex-cfw200s-avec-2-pivots\/\" \/>\n<meta property=\"og:locale\" content=\"fr_FR\" \/>\n<meta property=\"og:type\" content=\"article\" \/>\n<meta property=\"og:title\" content=\"Support mural Caratec Flex CFW200S avec 2 pivots coloris noir - Bantam Wankm\u00fcller SA\" \/>\n<meta property=\"og:description\" content=\"La solution support \u00e9prouv\u00e9e Caratec Flex CFW200AS en acier en forme particuli\u00e8rement compacte avec deux pivots. Le dispositif de verrouillage s\u2019assure que l\u2019appareil TV est bien fix\u00e9 pendant le trajet.\u00a0Pour les supports en acier CFW200, CFW300, CFW301S et CFW305, il y a des leviers comme accessoires qui se montent du c\u00f4t\u00e9 oppos\u00e9. Donc vous avez [&hellip;]\" \/>\n<meta property=\"og:url\" content=\"https:\/\/shop.bantam.ch\/fr\/produit\/support-mural-tv-flex-cfw200s-avec-2-pivots\/\" \/>\n<meta property=\"og:site_name\" content=\"Bantam Wankm\u00fcller SA\" \/>\n<meta property=\"article:modified_time\" content=\"2026-04-18T19:57:10+00:00\" \/>\n<meta property=\"og:image\" content=\"https:\/\/shop.bantam.ch\/wp-content\/uploads\/2023\/03\/9961923100.jpg\" \/>\n\t<meta property=\"og:image:width\" content=\"1000\" \/>\n\t<meta property=\"og:image:height\" content=\"589\" \/>\n\t<meta property=\"og:image:type\" content=\"image\/jpeg\" \/>\n<meta name=\"twitter:card\" content=\"summary_large_image\" \/>\n<script type=\"application\/ld+json\" class=\"yoast-schema-graph\">{\"@context\":\"https:\\\/\\\/schema.org\",\"@graph\":[{\"@type\":\"WebPage\",\"@id\":\"https:\\\/\\\/shop.bantam.ch\\\/fr\\\/produit\\\/support-mural-tv-flex-cfw200s-avec-2-pivots\\\/\",\"url\":\"https:\\\/\\\/shop.bantam.ch\\\/fr\\\/produit\\\/support-mural-tv-flex-cfw200s-avec-2-pivots\\\/\",\"name\":\"Support mural Caratec Flex CFW200S avec 2 pivots coloris noir - Bantam Wankm\u00fcller SA\",\"isPartOf\":{\"@id\":\"https:\\\/\\\/shop.bantam.ch\\\/fr\\\/#website\"},\"primaryImageOfPage\":{\"@id\":\"https:\\\/\\\/shop.bantam.ch\\\/fr\\\/produit\\\/support-mural-tv-flex-cfw200s-avec-2-pivots\\\/#primaryimage\"},\"image\":{\"@id\":\"https:\\\/\\\/shop.bantam.ch\\\/fr\\\/produit\\\/support-mural-tv-flex-cfw200s-avec-2-pivots\\\/#primaryimage\"},\"thumbnailUrl\":\"https:\\\/\\\/shop.bantam.ch\\\/wp-content\\\/uploads\\\/2023\\\/03\\\/9961923100.jpg\",\"datePublished\":\"2023-03-01T16:13:58+00:00\",\"dateModified\":\"2026-04-18T19:57:10+00:00\",\"breadcrumb\":{\"@id\":\"https:\\\/\\\/shop.bantam.ch\\\/fr\\\/produit\\\/support-mural-tv-flex-cfw200s-avec-2-pivots\\\/#breadcrumb\"},\"inLanguage\":\"fr-FR\",\"potentialAction\":[{\"@type\":\"ReadAction\",\"target\":[\"https:\\\/\\\/shop.bantam.ch\\\/fr\\\/produit\\\/support-mural-tv-flex-cfw200s-avec-2-pivots\\\/\"]}]},{\"@type\":\"ImageObject\",\"inLanguage\":\"fr-FR\",\"@id\":\"https:\\\/\\\/shop.bantam.ch\\\/fr\\\/produit\\\/support-mural-tv-flex-cfw200s-avec-2-pivots\\\/#primaryimage\",\"url\":\"https:\\\/\\\/shop.bantam.ch\\\/wp-content\\\/uploads\\\/2023\\\/03\\\/9961923100.jpg\",\"contentUrl\":\"https:\\\/\\\/shop.bantam.ch\\\/wp-content\\\/uploads\\\/2023\\\/03\\\/9961923100.jpg\",\"width\":1000,\"height\":589},{\"@type\":\"BreadcrumbList\",\"@id\":\"https:\\\/\\\/shop.bantam.ch\\\/fr\\\/produit\\\/support-mural-tv-flex-cfw200s-avec-2-pivots\\\/#breadcrumb\",\"itemListElement\":[{\"@type\":\"ListItem\",\"position\":1,\"name\":\"Accueil\",\"item\":\"https:\\\/\\\/shop.bantam.ch\\\/fr\\\/\"},{\"@type\":\"ListItem\",\"position\":2,\"name\":\"Boutique\",\"item\":\"https:\\\/\\\/shop.bantam.ch\\\/fr\\\/boutique\\\/\"},{\"@type\":\"ListItem\",\"position\":3,\"name\":\"Support mural Caratec Flex CFW200S avec 2 pivots coloris noir\"}]},{\"@type\":\"WebSite\",\"@id\":\"https:\\\/\\\/shop.bantam.ch\\\/fr\\\/#website\",\"url\":\"https:\\\/\\\/shop.bantam.ch\\\/fr\\\/\",\"name\":\"Bantam Wankm\u00fcller SA\",\"description\":\"\",\"publisher\":{\"@id\":\"https:\\\/\\\/shop.bantam.ch\\\/fr\\\/#organization\"},\"inLanguage\":\"fr-FR\"},{\"@type\":\"Organization\",\"@id\":\"https:\\\/\\\/shop.bantam.ch\\\/fr\\\/#organization\",\"name\":\"Bantam Wankm\u00fcller SA\",\"url\":\"https:\\\/\\\/shop.bantam.ch\\\/fr\\\/\",\"logo\":{\"@type\":\"ImageObject\",\"inLanguage\":\"fr-FR\",\"@id\":\"https:\\\/\\\/shop.bantam.ch\\\/fr\\\/#\\\/schema\\\/logo\\\/image\\\/\",\"url\":\"https:\\\/\\\/shop.bantam.ch\\\/wp-content\\\/uploads\\\/2022\\\/12\\\/bantam-logo.png\",\"contentUrl\":\"https:\\\/\\\/shop.bantam.ch\\\/wp-content\\\/uploads\\\/2022\\\/12\\\/bantam-logo.png\",\"width\":320,\"height\":71,\"caption\":\"Bantam Wankm\u00fcller SA\"},\"image\":{\"@id\":\"https:\\\/\\\/shop.bantam.ch\\\/fr\\\/#\\\/schema\\\/logo\\\/image\\\/\"}}]}<\/script>\n<!-- \/ Yoast SEO plugin. -->","yoast_head_json":{"title":"Support mural Caratec Flex CFW200S avec 2 pivots coloris noir - Bantam Wankm\u00fcller SA","robots":{"index":"index","follow":"follow","max-snippet":"max-snippet:-1","max-image-preview":"max-image-preview:large","max-video-preview":"max-video-preview:-1"},"canonical":"https:\/\/shop.bantam.ch\/fr\/produit\/support-mural-tv-flex-cfw200s-avec-2-pivots\/","og_locale":"fr_FR","og_type":"article","og_title":"Support mural Caratec Flex CFW200S avec 2 pivots coloris noir - Bantam Wankm\u00fcller SA","og_description":"La solution support \u00e9prouv\u00e9e Caratec Flex CFW200AS en acier en forme particuli\u00e8rement compacte avec deux pivots. Le dispositif de verrouillage s\u2019assure que l\u2019appareil TV est bien fix\u00e9 pendant le trajet.\u00a0Pour les supports en acier CFW200, CFW300, CFW301S et CFW305, il y a des leviers comme accessoires qui se montent du c\u00f4t\u00e9 oppos\u00e9. Donc vous avez [&hellip;]","og_url":"https:\/\/shop.bantam.ch\/fr\/produit\/support-mural-tv-flex-cfw200s-avec-2-pivots\/","og_site_name":"Bantam Wankm\u00fcller SA","article_modified_time":"2026-04-18T19:57:10+00:00","og_image":[{"width":1000,"height":589,"url":"https:\/\/shop.bantam.ch\/wp-content\/uploads\/2023\/03\/9961923100.jpg","type":"image\/jpeg"}],"twitter_card":"summary_large_image","schema":{"@context":"https:\/\/schema.org","@graph":[{"@type":"WebPage","@id":"https:\/\/shop.bantam.ch\/fr\/produit\/support-mural-tv-flex-cfw200s-avec-2-pivots\/","url":"https:\/\/shop.bantam.ch\/fr\/produit\/support-mural-tv-flex-cfw200s-avec-2-pivots\/","name":"Support mural Caratec Flex CFW200S avec 2 pivots coloris noir - Bantam Wankm\u00fcller SA","isPartOf":{"@id":"https:\/\/shop.bantam.ch\/fr\/#website"},"primaryImageOfPage":{"@id":"https:\/\/shop.bantam.ch\/fr\/produit\/support-mural-tv-flex-cfw200s-avec-2-pivots\/#primaryimage"},"image":{"@id":"https:\/\/shop.bantam.ch\/fr\/produit\/support-mural-tv-flex-cfw200s-avec-2-pivots\/#primaryimage"},"thumbnailUrl":"https:\/\/shop.bantam.ch\/wp-content\/uploads\/2023\/03\/9961923100.jpg","datePublished":"2023-03-01T16:13:58+00:00","dateModified":"2026-04-18T19:57:10+00:00","breadcrumb":{"@id":"https:\/\/shop.bantam.ch\/fr\/produit\/support-mural-tv-flex-cfw200s-avec-2-pivots\/#breadcrumb"},"inLanguage":"fr-FR","potentialAction":[{"@type":"ReadAction","target":["https:\/\/shop.bantam.ch\/fr\/produit\/support-mural-tv-flex-cfw200s-avec-2-pivots\/"]}]},{"@type":"ImageObject","inLanguage":"fr-FR","@id":"https:\/\/shop.bantam.ch\/fr\/produit\/support-mural-tv-flex-cfw200s-avec-2-pivots\/#primaryimage","url":"https:\/\/shop.bantam.ch\/wp-content\/uploads\/2023\/03\/9961923100.jpg","contentUrl":"https:\/\/shop.bantam.ch\/wp-content\/uploads\/2023\/03\/9961923100.jpg","width":1000,"height":589},{"@type":"BreadcrumbList","@id":"https:\/\/shop.bantam.ch\/fr\/produit\/support-mural-tv-flex-cfw200s-avec-2-pivots\/#breadcrumb","itemListElement":[{"@type":"ListItem","position":1,"name":"Accueil","item":"https:\/\/shop.bantam.ch\/fr\/"},{"@type":"ListItem","position":2,"name":"Boutique","item":"https:\/\/shop.bantam.ch\/fr\/boutique\/"},{"@type":"ListItem","position":3,"name":"Support mural Caratec Flex CFW200S avec 2 pivots coloris noir"}]},{"@type":"WebSite","@id":"https:\/\/shop.bantam.ch\/fr\/#website","url":"https:\/\/shop.bantam.ch\/fr\/","name":"Bantam Wankm\u00fcller SA","description":"","publisher":{"@id":"https:\/\/shop.bantam.ch\/fr\/#organization"},"inLanguage":"fr-FR"},{"@type":"Organization","@id":"https:\/\/shop.bantam.ch\/fr\/#organization","name":"Bantam Wankm\u00fcller SA","url":"https:\/\/shop.bantam.ch\/fr\/","logo":{"@type":"ImageObject","inLanguage":"fr-FR","@id":"https:\/\/shop.bantam.ch\/fr\/#\/schema\/logo\/image\/","url":"https:\/\/shop.bantam.ch\/wp-content\/uploads\/2022\/12\/bantam-logo.png","contentUrl":"https:\/\/shop.bantam.ch\/wp-content\/uploads\/2022\/12\/bantam-logo.png","width":320,"height":71,"caption":"Bantam Wankm\u00fcller SA"},"image":{"@id":"https:\/\/shop.bantam.ch\/fr\/#\/schema\/logo\/image\/"}}]}},"_links":{"self":[{"href":"https:\/\/shop.bantam.ch\/fr\/wp-json\/wp\/v2\/product\/133028","targetHints":{"allow":["GET"]}}],"collection":[{"href":"https:\/\/shop.bantam.ch\/fr\/wp-json\/wp\/v2\/product"}],"about":[{"href":"https:\/\/shop.bantam.ch\/fr\/wp-json\/wp\/v2\/types\/product"}],"wp:featuredmedia":[{"embeddable":true,"href":"https:\/\/shop.bantam.ch\/fr\/wp-json\/wp\/v2\/media\/133026"}],"wp:attachment":[{"href":"https:\/\/shop.bantam.ch\/fr\/wp-json\/wp\/v2\/media?parent=133028"}],"wp:term":[{"taxonomy":"product_featured_cat","embeddable":true,"href":"https:\/\/shop.bantam.ch\/fr\/wp-json\/wp\/v2\/product_featured_cat?post=133028"},{"taxonomy":"product_brand","embeddable":true,"href":"https:\/\/shop.bantam.ch\/fr\/wp-json\/wp\/v2\/product_brand?post=133028"},{"taxonomy":"product_cat","embeddable":true,"href":"https:\/\/shop.bantam.ch\/fr\/wp-json\/wp\/v2\/product_cat?post=133028"},{"taxonomy":"product_tag","embeddable":true,"href":"https:\/\/shop.bantam.ch\/fr\/wp-json\/wp\/v2\/product_tag?post=133028"}],"curies":[{"name":"wp","href":"https:\/\/api.w.org\/{rel}","templated":true}]}}