{"id":133020,"date":"2023-03-01T17:13:47","date_gmt":"2023-03-01T16:13:47","guid":{"rendered":"https:\/\/shop.bantam.ch\/produit\/support-flex-cfa100h-pour-support-tv-extensible-pour-meuble-tele\/"},"modified":"2026-05-11T21:54:09","modified_gmt":"2026-05-11T19:54:09","slug":"support-flex-cfa100h-pour-support-tv-extensible-pour-meuble-tele","status":"publish","type":"product","link":"https:\/\/shop.bantam.ch\/fr\/produit\/support-flex-cfa100h-pour-support-tv-extensible-pour-meuble-tele\/","title":{"rendered":"Support Caratec Flex CFA100H Supp. TV coulis pour meuble \u00e0 TV couleur noire"},"content":{"rendered":"<p>L\u2019extension horizontale CFA100H se monte allong\u00e9e ou suspendue et se d\u00e9verrouille l\u00e9g\u00e8rement avec une languette en acier \u00e0 ressorts. L\u2019extension s\u2019arr\u00eate automatiquement lorsqu\u2019elle est repli\u00e9e. Gr\u00e2ce au mat\u00e9riau en aluminium, il est extr\u00eamement l\u00e9ger et ne n\u00e9cessite aussi que peu de place lors de l\u2019installation.\u00a0L\u2019inclinaison de l\u2019appareil TV (max. 125 degr\u00e9s) s\u2019effectue gr\u00e2ce \u00e0 l\u2019inclinaison de la plaque support. La TV tourne \u00e0 360 degr\u00e9s sur l\u2019extension de sorte que, dans de nombreux camping-cars, on puisse la regarder aussi bien depuis le si\u00e8ge conducteur que depuis le lit arri\u00e8re.<span><br \/><\/span><\/p>\n","protected":false},"excerpt":{"rendered":"<p>L\u2019extension horizontale CFA100H se monte allong\u00e9e ou suspendue et se d\u00e9verrouille l\u00e9g\u00e8rement avec une languette en acier \u00e0 ressorts. L\u2019extension s\u2019arr\u00eate automatiquement lorsqu\u2019elle est repli\u00e9e. Gr\u00e2ce au mat\u00e9riau en aluminium, il est extr\u00eamement l\u00e9ger et ne n\u00e9cessite aussi que peu de place lors de l\u2019installation.\u00a0L\u2019inclinaison de l\u2019appareil TV (max. 125 degr\u00e9s) s\u2019effectue gr\u00e2ce \u00e0 l\u2019inclinaison [&hellip;]<\/p>\n","protected":false},"featured_media":133018,"template":"","meta":{"_acf_changed":false},"product_featured_cat":[],"product_brand":[3070],"product_cat":[4985],"product_tag":[],"class_list":{"0":"post-133020","1":"product","2":"type-product","3":"status-publish","4":"has-post-thumbnail","6":"product_brand-caratec","7":"product_cat-supports-tv","9":"first","10":"instock","11":"taxable","12":"shipping-taxable","13":"purchasable","14":"product-type-simple"},"acf":[],"yoast_head":"<!-- This site is optimized with the Yoast SEO plugin v27.5 - https:\/\/yoast.com\/product\/yoast-seo-wordpress\/ -->\n<title>Support Caratec Flex CFA100H Supp. TV coulis pour meuble \u00e0 TV couleur noire - Bantam<\/title>\n<meta name=\"robots\" content=\"index, follow, max-snippet:-1, max-image-preview:large, max-video-preview:-1\" \/>\n<link rel=\"canonical\" href=\"https:\/\/shop.bantam.ch\/fr\/produit\/support-flex-cfa100h-pour-support-tv-extensible-pour-meuble-tele\/\" \/>\n<meta property=\"og:locale\" content=\"fr_FR\" \/>\n<meta property=\"og:type\" content=\"article\" \/>\n<meta property=\"og:title\" content=\"Support Caratec Flex CFA100H Supp. TV coulis pour meuble \u00e0 TV couleur noire - Bantam\" \/>\n<meta property=\"og:description\" content=\"L\u2019extension horizontale CFA100H se monte allong\u00e9e ou suspendue et se d\u00e9verrouille l\u00e9g\u00e8rement avec une languette en acier \u00e0 ressorts. L\u2019extension s\u2019arr\u00eate automatiquement lorsqu\u2019elle est repli\u00e9e. Gr\u00e2ce au mat\u00e9riau en aluminium, il est extr\u00eamement l\u00e9ger et ne n\u00e9cessite aussi que peu de place lors de l\u2019installation.\u00a0L\u2019inclinaison de l\u2019appareil TV (max. 125 degr\u00e9s) s\u2019effectue gr\u00e2ce \u00e0 l\u2019inclinaison [&hellip;]\" \/>\n<meta property=\"og:url\" content=\"https:\/\/shop.bantam.ch\/fr\/produit\/support-flex-cfa100h-pour-support-tv-extensible-pour-meuble-tele\/\" \/>\n<meta property=\"og:site_name\" content=\"Bantam\" \/>\n<meta property=\"article:modified_time\" content=\"2026-05-11T19:54:09+00:00\" \/>\n<meta property=\"og:image\" content=\"https:\/\/shop.bantam.ch\/wp-content\/uploads\/2023\/03\/9961921100.jpg\" \/>\n\t<meta property=\"og:image:width\" content=\"1000\" \/>\n\t<meta property=\"og:image:height\" content=\"483\" \/>\n\t<meta property=\"og:image:type\" content=\"image\/jpeg\" \/>\n<meta name=\"twitter:card\" content=\"summary_large_image\" \/>\n<meta name=\"twitter:label1\" content=\"Dur\u00e9e de lecture estim\u00e9e\" \/>\n\t<meta name=\"twitter:data1\" content=\"1 minute\" \/>\n<script type=\"application\/ld+json\" class=\"yoast-schema-graph\">{\"@context\":\"https:\\\/\\\/schema.org\",\"@graph\":[{\"@type\":\"WebPage\",\"@id\":\"https:\\\/\\\/shop.bantam.ch\\\/fr\\\/produit\\\/support-flex-cfa100h-pour-support-tv-extensible-pour-meuble-tele\\\/\",\"url\":\"https:\\\/\\\/shop.bantam.ch\\\/fr\\\/produit\\\/support-flex-cfa100h-pour-support-tv-extensible-pour-meuble-tele\\\/\",\"name\":\"Support Caratec Flex CFA100H Supp. TV coulis pour meuble \u00e0 TV couleur noire - Bantam\",\"isPartOf\":{\"@id\":\"https:\\\/\\\/shop.bantam.ch\\\/fr\\\/#website\"},\"primaryImageOfPage\":{\"@id\":\"https:\\\/\\\/shop.bantam.ch\\\/fr\\\/produit\\\/support-flex-cfa100h-pour-support-tv-extensible-pour-meuble-tele\\\/#primaryimage\"},\"image\":{\"@id\":\"https:\\\/\\\/shop.bantam.ch\\\/fr\\\/produit\\\/support-flex-cfa100h-pour-support-tv-extensible-pour-meuble-tele\\\/#primaryimage\"},\"thumbnailUrl\":\"https:\\\/\\\/shop.bantam.ch\\\/wp-content\\\/uploads\\\/2023\\\/03\\\/9961921100.jpg\",\"datePublished\":\"2023-03-01T16:13:47+00:00\",\"dateModified\":\"2026-05-11T19:54:09+00:00\",\"breadcrumb\":{\"@id\":\"https:\\\/\\\/shop.bantam.ch\\\/fr\\\/produit\\\/support-flex-cfa100h-pour-support-tv-extensible-pour-meuble-tele\\\/#breadcrumb\"},\"inLanguage\":\"fr-FR\",\"potentialAction\":[{\"@type\":\"ReadAction\",\"target\":[\"https:\\\/\\\/shop.bantam.ch\\\/fr\\\/produit\\\/support-flex-cfa100h-pour-support-tv-extensible-pour-meuble-tele\\\/\"]}]},{\"@type\":\"ImageObject\",\"inLanguage\":\"fr-FR\",\"@id\":\"https:\\\/\\\/shop.bantam.ch\\\/fr\\\/produit\\\/support-flex-cfa100h-pour-support-tv-extensible-pour-meuble-tele\\\/#primaryimage\",\"url\":\"https:\\\/\\\/shop.bantam.ch\\\/wp-content\\\/uploads\\\/2023\\\/03\\\/9961921100.jpg\",\"contentUrl\":\"https:\\\/\\\/shop.bantam.ch\\\/wp-content\\\/uploads\\\/2023\\\/03\\\/9961921100.jpg\",\"width\":1000,\"height\":483},{\"@type\":\"BreadcrumbList\",\"@id\":\"https:\\\/\\\/shop.bantam.ch\\\/fr\\\/produit\\\/support-flex-cfa100h-pour-support-tv-extensible-pour-meuble-tele\\\/#breadcrumb\",\"itemListElement\":[{\"@type\":\"ListItem\",\"position\":1,\"name\":\"Accueil\",\"item\":\"https:\\\/\\\/shop.bantam.ch\\\/fr\\\/\"},{\"@type\":\"ListItem\",\"position\":2,\"name\":\"Boutique\",\"item\":\"https:\\\/\\\/shop.bantam.ch\\\/fr\\\/boutique\\\/\"},{\"@type\":\"ListItem\",\"position\":3,\"name\":\"Support Caratec Flex CFA100H Supp. TV coulis pour meuble \u00e0 TV couleur noire\"}]},{\"@type\":\"WebSite\",\"@id\":\"https:\\\/\\\/shop.bantam.ch\\\/fr\\\/#website\",\"url\":\"https:\\\/\\\/shop.bantam.ch\\\/fr\\\/\",\"name\":\"Bantam\",\"description\":\"\",\"publisher\":{\"@id\":\"https:\\\/\\\/shop.bantam.ch\\\/fr\\\/#organization\"},\"inLanguage\":\"fr-FR\"},{\"@type\":\"Organization\",\"@id\":\"https:\\\/\\\/shop.bantam.ch\\\/fr\\\/#organization\",\"name\":\"Bantam\",\"url\":\"https:\\\/\\\/shop.bantam.ch\\\/fr\\\/\",\"logo\":{\"@type\":\"ImageObject\",\"inLanguage\":\"fr-FR\",\"@id\":\"https:\\\/\\\/shop.bantam.ch\\\/fr\\\/#\\\/schema\\\/logo\\\/image\\\/\",\"url\":\"https:\\\/\\\/shop.bantam.ch\\\/wp-content\\\/uploads\\\/2022\\\/12\\\/bantam-logo.png\",\"contentUrl\":\"https:\\\/\\\/shop.bantam.ch\\\/wp-content\\\/uploads\\\/2022\\\/12\\\/bantam-logo.png\",\"width\":320,\"height\":71,\"caption\":\"Bantam\"},\"image\":{\"@id\":\"https:\\\/\\\/shop.bantam.ch\\\/fr\\\/#\\\/schema\\\/logo\\\/image\\\/\"}}]}<\/script>\n<!-- \/ Yoast SEO plugin. -->","yoast_head_json":{"title":"Support Caratec Flex CFA100H Supp. TV coulis pour meuble \u00e0 TV couleur noire - Bantam","robots":{"index":"index","follow":"follow","max-snippet":"max-snippet:-1","max-image-preview":"max-image-preview:large","max-video-preview":"max-video-preview:-1"},"canonical":"https:\/\/shop.bantam.ch\/fr\/produit\/support-flex-cfa100h-pour-support-tv-extensible-pour-meuble-tele\/","og_locale":"fr_FR","og_type":"article","og_title":"Support Caratec Flex CFA100H Supp. TV coulis pour meuble \u00e0 TV couleur noire - Bantam","og_description":"L\u2019extension horizontale CFA100H se monte allong\u00e9e ou suspendue et se d\u00e9verrouille l\u00e9g\u00e8rement avec une languette en acier \u00e0 ressorts. L\u2019extension s\u2019arr\u00eate automatiquement lorsqu\u2019elle est repli\u00e9e. Gr\u00e2ce au mat\u00e9riau en aluminium, il est extr\u00eamement l\u00e9ger et ne n\u00e9cessite aussi que peu de place lors de l\u2019installation.\u00a0L\u2019inclinaison de l\u2019appareil TV (max. 125 degr\u00e9s) s\u2019effectue gr\u00e2ce \u00e0 l\u2019inclinaison [&hellip;]","og_url":"https:\/\/shop.bantam.ch\/fr\/produit\/support-flex-cfa100h-pour-support-tv-extensible-pour-meuble-tele\/","og_site_name":"Bantam","article_modified_time":"2026-05-11T19:54:09+00:00","og_image":[{"width":1000,"height":483,"url":"https:\/\/shop.bantam.ch\/wp-content\/uploads\/2023\/03\/9961921100.jpg","type":"image\/jpeg"}],"twitter_card":"summary_large_image","twitter_misc":{"Dur\u00e9e de lecture estim\u00e9e":"1 minute"},"schema":{"@context":"https:\/\/schema.org","@graph":[{"@type":"WebPage","@id":"https:\/\/shop.bantam.ch\/fr\/produit\/support-flex-cfa100h-pour-support-tv-extensible-pour-meuble-tele\/","url":"https:\/\/shop.bantam.ch\/fr\/produit\/support-flex-cfa100h-pour-support-tv-extensible-pour-meuble-tele\/","name":"Support Caratec Flex CFA100H Supp. TV coulis pour meuble \u00e0 TV couleur noire - Bantam","isPartOf":{"@id":"https:\/\/shop.bantam.ch\/fr\/#website"},"primaryImageOfPage":{"@id":"https:\/\/shop.bantam.ch\/fr\/produit\/support-flex-cfa100h-pour-support-tv-extensible-pour-meuble-tele\/#primaryimage"},"image":{"@id":"https:\/\/shop.bantam.ch\/fr\/produit\/support-flex-cfa100h-pour-support-tv-extensible-pour-meuble-tele\/#primaryimage"},"thumbnailUrl":"https:\/\/shop.bantam.ch\/wp-content\/uploads\/2023\/03\/9961921100.jpg","datePublished":"2023-03-01T16:13:47+00:00","dateModified":"2026-05-11T19:54:09+00:00","breadcrumb":{"@id":"https:\/\/shop.bantam.ch\/fr\/produit\/support-flex-cfa100h-pour-support-tv-extensible-pour-meuble-tele\/#breadcrumb"},"inLanguage":"fr-FR","potentialAction":[{"@type":"ReadAction","target":["https:\/\/shop.bantam.ch\/fr\/produit\/support-flex-cfa100h-pour-support-tv-extensible-pour-meuble-tele\/"]}]},{"@type":"ImageObject","inLanguage":"fr-FR","@id":"https:\/\/shop.bantam.ch\/fr\/produit\/support-flex-cfa100h-pour-support-tv-extensible-pour-meuble-tele\/#primaryimage","url":"https:\/\/shop.bantam.ch\/wp-content\/uploads\/2023\/03\/9961921100.jpg","contentUrl":"https:\/\/shop.bantam.ch\/wp-content\/uploads\/2023\/03\/9961921100.jpg","width":1000,"height":483},{"@type":"BreadcrumbList","@id":"https:\/\/shop.bantam.ch\/fr\/produit\/support-flex-cfa100h-pour-support-tv-extensible-pour-meuble-tele\/#breadcrumb","itemListElement":[{"@type":"ListItem","position":1,"name":"Accueil","item":"https:\/\/shop.bantam.ch\/fr\/"},{"@type":"ListItem","position":2,"name":"Boutique","item":"https:\/\/shop.bantam.ch\/fr\/boutique\/"},{"@type":"ListItem","position":3,"name":"Support Caratec Flex CFA100H Supp. TV coulis pour meuble \u00e0 TV couleur noire"}]},{"@type":"WebSite","@id":"https:\/\/shop.bantam.ch\/fr\/#website","url":"https:\/\/shop.bantam.ch\/fr\/","name":"Bantam","description":"","publisher":{"@id":"https:\/\/shop.bantam.ch\/fr\/#organization"},"inLanguage":"fr-FR"},{"@type":"Organization","@id":"https:\/\/shop.bantam.ch\/fr\/#organization","name":"Bantam","url":"https:\/\/shop.bantam.ch\/fr\/","logo":{"@type":"ImageObject","inLanguage":"fr-FR","@id":"https:\/\/shop.bantam.ch\/fr\/#\/schema\/logo\/image\/","url":"https:\/\/shop.bantam.ch\/wp-content\/uploads\/2022\/12\/bantam-logo.png","contentUrl":"https:\/\/shop.bantam.ch\/wp-content\/uploads\/2022\/12\/bantam-logo.png","width":320,"height":71,"caption":"Bantam"},"image":{"@id":"https:\/\/shop.bantam.ch\/fr\/#\/schema\/logo\/image\/"}}]}},"_links":{"self":[{"href":"https:\/\/shop.bantam.ch\/fr\/wp-json\/wp\/v2\/product\/133020","targetHints":{"allow":["GET"]}}],"collection":[{"href":"https:\/\/shop.bantam.ch\/fr\/wp-json\/wp\/v2\/product"}],"about":[{"href":"https:\/\/shop.bantam.ch\/fr\/wp-json\/wp\/v2\/types\/product"}],"wp:featuredmedia":[{"embeddable":true,"href":"https:\/\/shop.bantam.ch\/fr\/wp-json\/wp\/v2\/media\/133018"}],"wp:attachment":[{"href":"https:\/\/shop.bantam.ch\/fr\/wp-json\/wp\/v2\/media?parent=133020"}],"wp:term":[{"taxonomy":"product_featured_cat","embeddable":true,"href":"https:\/\/shop.bantam.ch\/fr\/wp-json\/wp\/v2\/product_featured_cat?post=133020"},{"taxonomy":"product_brand","embeddable":true,"href":"https:\/\/shop.bantam.ch\/fr\/wp-json\/wp\/v2\/product_brand?post=133020"},{"taxonomy":"product_cat","embeddable":true,"href":"https:\/\/shop.bantam.ch\/fr\/wp-json\/wp\/v2\/product_cat?post=133020"},{"taxonomy":"product_tag","embeddable":true,"href":"https:\/\/shop.bantam.ch\/fr\/wp-json\/wp\/v2\/product_tag?post=133020"}],"curies":[{"name":"wp","href":"https:\/\/api.w.org\/{rel}","templated":true}]}}