{"id":132986,"date":"2023-03-01T17:13:04","date_gmt":"2023-03-01T16:13:04","guid":{"rendered":"https:\/\/shop.bantam.ch\/produit\/barre-de-son-audio-cas102\/"},"modified":"2026-04-19T21:58:55","modified_gmt":"2026-04-19T19:58:55","slug":"barre-de-son-audio-cas102","status":"publish","type":"product","link":"https:\/\/shop.bantam.ch\/fr\/produit\/barre-de-son-audio-cas102\/","title":{"rendered":"Soundbar Caratec Audio CAS102"},"content":{"rendered":"<p>Meilleur son pour votre TV. Deux haut-parleurs \u00e0 large bande et une membrane passive suppl\u00e9mentaire assurent une reproduction sonore claire et puissante malgr\u00e9 leurs dimensions compactes.\u00a0La barre de son ne se connecte qu\u2019\u00e0 la prise casque et parall\u00e8lement au branchement 12 V de l\u2019appareil TV pour l\u2019alimentation \u00e9lectrique.\u00a0Le montage s\u2019effectue avec deux supports qui se montent simplement entre un appareil TV et un support TV. La hauteur est ajustable, ce qui fait que la CAS102 convient pour la plupart des appareils TV.<\/p>\n<ul>\n<li>Puissance 2x 10 watts max.<\/li>\n<li>R\u00e9ponse en fr\u00e9quence 50-20 000 Hz<\/li>\n<li>Dimensions 480 x 60 x 60 mm<\/li>\n<li>Entr\u00e9e : Prise jack 3,5 mm<\/li>\n<li>Prise courant. Connecteur coaxial 2, 1\/5,5 mm<\/li>\n<li>\u00c9l\u00e9ments de commande : marche\/arr\u00eat, plus fort, plus faible, mute<\/li>\n<\/ul>\n<p>Contenu de la livraison :<br \/>Barre de son incluse<br \/>Support VESA, compatible avec la plupart des appareils TV<br \/>Conduite \u00e0 loquets pour la connexion \u00e0 l\u2019appareil TV<br \/>C\u00e2ble d\u2019alimentation Plug &amp; Play<br \/>C\u00e2ble d\u2019alimentation suppl\u00e9mentaire pour branchement alternatif<span><br \/><\/span><\/p>\n","protected":false},"excerpt":{"rendered":"<p>Meilleur son pour votre TV. Deux haut-parleurs \u00e0 large bande et une membrane passive suppl\u00e9mentaire assurent une reproduction sonore claire et puissante malgr\u00e9 leurs dimensions compactes.\u00a0La barre de son ne se connecte qu\u2019\u00e0 la prise casque et parall\u00e8lement au branchement 12 V de l\u2019appareil TV pour l\u2019alimentation \u00e9lectrique.\u00a0Le montage s\u2019effectue avec deux supports qui se [&hellip;]<\/p>\n","protected":false},"featured_media":132982,"template":"","meta":{"_acf_changed":false},"product_featured_cat":[],"product_brand":[3070],"product_cat":[4497],"product_tag":[],"class_list":{"0":"post-132986","1":"product","2":"type-product","3":"status-publish","4":"has-post-thumbnail","6":"product_brand-caratec","7":"product_cat-barres-de-son","9":"first","10":"instock","11":"taxable","12":"shipping-taxable","13":"purchasable","14":"product-type-simple"},"acf":[],"yoast_head":"<!-- This site is optimized with the Yoast SEO plugin v27.4 - https:\/\/yoast.com\/product\/yoast-seo-wordpress\/ -->\n<title>Soundbar Caratec Audio CAS102 - Bantam Wankm\u00fcller SA<\/title>\n<meta name=\"robots\" content=\"index, follow, max-snippet:-1, max-image-preview:large, max-video-preview:-1\" \/>\n<link rel=\"canonical\" href=\"https:\/\/shop.bantam.ch\/fr\/produit\/barre-de-son-audio-cas102\/\" \/>\n<meta property=\"og:locale\" content=\"fr_FR\" \/>\n<meta property=\"og:type\" content=\"article\" \/>\n<meta property=\"og:title\" content=\"Soundbar Caratec Audio CAS102 - Bantam Wankm\u00fcller SA\" \/>\n<meta property=\"og:description\" content=\"Meilleur son pour votre TV. Deux haut-parleurs \u00e0 large bande et une membrane passive suppl\u00e9mentaire assurent une reproduction sonore claire et puissante malgr\u00e9 leurs dimensions compactes.\u00a0La barre de son ne se connecte qu\u2019\u00e0 la prise casque et parall\u00e8lement au branchement 12 V de l\u2019appareil TV pour l\u2019alimentation \u00e9lectrique.\u00a0Le montage s\u2019effectue avec deux supports qui se [&hellip;]\" \/>\n<meta property=\"og:url\" content=\"https:\/\/shop.bantam.ch\/fr\/produit\/barre-de-son-audio-cas102\/\" \/>\n<meta property=\"og:site_name\" content=\"Bantam Wankm\u00fcller SA\" \/>\n<meta property=\"article:modified_time\" content=\"2026-04-19T19:58:55+00:00\" \/>\n<meta property=\"og:image\" content=\"https:\/\/shop.bantam.ch\/wp-content\/uploads\/2023\/03\/9961915100.jpg\" \/>\n\t<meta property=\"og:image:width\" content=\"1000\" \/>\n\t<meta property=\"og:image:height\" content=\"667\" \/>\n\t<meta property=\"og:image:type\" content=\"image\/jpeg\" \/>\n<meta name=\"twitter:card\" content=\"summary_large_image\" \/>\n<meta name=\"twitter:label1\" content=\"Dur\u00e9e de lecture estim\u00e9e\" \/>\n\t<meta name=\"twitter:data1\" content=\"1 minute\" \/>\n<script type=\"application\/ld+json\" class=\"yoast-schema-graph\">{\"@context\":\"https:\\\/\\\/schema.org\",\"@graph\":[{\"@type\":\"WebPage\",\"@id\":\"https:\\\/\\\/shop.bantam.ch\\\/fr\\\/produit\\\/barre-de-son-audio-cas102\\\/\",\"url\":\"https:\\\/\\\/shop.bantam.ch\\\/fr\\\/produit\\\/barre-de-son-audio-cas102\\\/\",\"name\":\"Soundbar Caratec Audio CAS102 - Bantam Wankm\u00fcller SA\",\"isPartOf\":{\"@id\":\"https:\\\/\\\/shop.bantam.ch\\\/fr\\\/#website\"},\"primaryImageOfPage\":{\"@id\":\"https:\\\/\\\/shop.bantam.ch\\\/fr\\\/produit\\\/barre-de-son-audio-cas102\\\/#primaryimage\"},\"image\":{\"@id\":\"https:\\\/\\\/shop.bantam.ch\\\/fr\\\/produit\\\/barre-de-son-audio-cas102\\\/#primaryimage\"},\"thumbnailUrl\":\"https:\\\/\\\/shop.bantam.ch\\\/wp-content\\\/uploads\\\/2023\\\/03\\\/9961915100.jpg\",\"datePublished\":\"2023-03-01T16:13:04+00:00\",\"dateModified\":\"2026-04-19T19:58:55+00:00\",\"breadcrumb\":{\"@id\":\"https:\\\/\\\/shop.bantam.ch\\\/fr\\\/produit\\\/barre-de-son-audio-cas102\\\/#breadcrumb\"},\"inLanguage\":\"fr-FR\",\"potentialAction\":[{\"@type\":\"ReadAction\",\"target\":[\"https:\\\/\\\/shop.bantam.ch\\\/fr\\\/produit\\\/barre-de-son-audio-cas102\\\/\"]}]},{\"@type\":\"ImageObject\",\"inLanguage\":\"fr-FR\",\"@id\":\"https:\\\/\\\/shop.bantam.ch\\\/fr\\\/produit\\\/barre-de-son-audio-cas102\\\/#primaryimage\",\"url\":\"https:\\\/\\\/shop.bantam.ch\\\/wp-content\\\/uploads\\\/2023\\\/03\\\/9961915100.jpg\",\"contentUrl\":\"https:\\\/\\\/shop.bantam.ch\\\/wp-content\\\/uploads\\\/2023\\\/03\\\/9961915100.jpg\",\"width\":1000,\"height\":667},{\"@type\":\"BreadcrumbList\",\"@id\":\"https:\\\/\\\/shop.bantam.ch\\\/fr\\\/produit\\\/barre-de-son-audio-cas102\\\/#breadcrumb\",\"itemListElement\":[{\"@type\":\"ListItem\",\"position\":1,\"name\":\"Accueil\",\"item\":\"https:\\\/\\\/shop.bantam.ch\\\/fr\\\/\"},{\"@type\":\"ListItem\",\"position\":2,\"name\":\"Boutique\",\"item\":\"https:\\\/\\\/shop.bantam.ch\\\/fr\\\/boutique\\\/\"},{\"@type\":\"ListItem\",\"position\":3,\"name\":\"Soundbar Caratec Audio CAS102\"}]},{\"@type\":\"WebSite\",\"@id\":\"https:\\\/\\\/shop.bantam.ch\\\/fr\\\/#website\",\"url\":\"https:\\\/\\\/shop.bantam.ch\\\/fr\\\/\",\"name\":\"Bantam Wankm\u00fcller SA\",\"description\":\"\",\"publisher\":{\"@id\":\"https:\\\/\\\/shop.bantam.ch\\\/fr\\\/#organization\"},\"inLanguage\":\"fr-FR\"},{\"@type\":\"Organization\",\"@id\":\"https:\\\/\\\/shop.bantam.ch\\\/fr\\\/#organization\",\"name\":\"Bantam Wankm\u00fcller SA\",\"url\":\"https:\\\/\\\/shop.bantam.ch\\\/fr\\\/\",\"logo\":{\"@type\":\"ImageObject\",\"inLanguage\":\"fr-FR\",\"@id\":\"https:\\\/\\\/shop.bantam.ch\\\/fr\\\/#\\\/schema\\\/logo\\\/image\\\/\",\"url\":\"https:\\\/\\\/shop.bantam.ch\\\/wp-content\\\/uploads\\\/2022\\\/12\\\/bantam-logo.png\",\"contentUrl\":\"https:\\\/\\\/shop.bantam.ch\\\/wp-content\\\/uploads\\\/2022\\\/12\\\/bantam-logo.png\",\"width\":320,\"height\":71,\"caption\":\"Bantam Wankm\u00fcller SA\"},\"image\":{\"@id\":\"https:\\\/\\\/shop.bantam.ch\\\/fr\\\/#\\\/schema\\\/logo\\\/image\\\/\"}}]}<\/script>\n<!-- \/ Yoast SEO plugin. -->","yoast_head_json":{"title":"Soundbar Caratec Audio CAS102 - Bantam Wankm\u00fcller SA","robots":{"index":"index","follow":"follow","max-snippet":"max-snippet:-1","max-image-preview":"max-image-preview:large","max-video-preview":"max-video-preview:-1"},"canonical":"https:\/\/shop.bantam.ch\/fr\/produit\/barre-de-son-audio-cas102\/","og_locale":"fr_FR","og_type":"article","og_title":"Soundbar Caratec Audio CAS102 - Bantam Wankm\u00fcller SA","og_description":"Meilleur son pour votre TV. Deux haut-parleurs \u00e0 large bande et une membrane passive suppl\u00e9mentaire assurent une reproduction sonore claire et puissante malgr\u00e9 leurs dimensions compactes.\u00a0La barre de son ne se connecte qu\u2019\u00e0 la prise casque et parall\u00e8lement au branchement 12 V de l\u2019appareil TV pour l\u2019alimentation \u00e9lectrique.\u00a0Le montage s\u2019effectue avec deux supports qui se [&hellip;]","og_url":"https:\/\/shop.bantam.ch\/fr\/produit\/barre-de-son-audio-cas102\/","og_site_name":"Bantam Wankm\u00fcller SA","article_modified_time":"2026-04-19T19:58:55+00:00","og_image":[{"width":1000,"height":667,"url":"https:\/\/shop.bantam.ch\/wp-content\/uploads\/2023\/03\/9961915100.jpg","type":"image\/jpeg"}],"twitter_card":"summary_large_image","twitter_misc":{"Dur\u00e9e de lecture estim\u00e9e":"1 minute"},"schema":{"@context":"https:\/\/schema.org","@graph":[{"@type":"WebPage","@id":"https:\/\/shop.bantam.ch\/fr\/produit\/barre-de-son-audio-cas102\/","url":"https:\/\/shop.bantam.ch\/fr\/produit\/barre-de-son-audio-cas102\/","name":"Soundbar Caratec Audio CAS102 - Bantam Wankm\u00fcller SA","isPartOf":{"@id":"https:\/\/shop.bantam.ch\/fr\/#website"},"primaryImageOfPage":{"@id":"https:\/\/shop.bantam.ch\/fr\/produit\/barre-de-son-audio-cas102\/#primaryimage"},"image":{"@id":"https:\/\/shop.bantam.ch\/fr\/produit\/barre-de-son-audio-cas102\/#primaryimage"},"thumbnailUrl":"https:\/\/shop.bantam.ch\/wp-content\/uploads\/2023\/03\/9961915100.jpg","datePublished":"2023-03-01T16:13:04+00:00","dateModified":"2026-04-19T19:58:55+00:00","breadcrumb":{"@id":"https:\/\/shop.bantam.ch\/fr\/produit\/barre-de-son-audio-cas102\/#breadcrumb"},"inLanguage":"fr-FR","potentialAction":[{"@type":"ReadAction","target":["https:\/\/shop.bantam.ch\/fr\/produit\/barre-de-son-audio-cas102\/"]}]},{"@type":"ImageObject","inLanguage":"fr-FR","@id":"https:\/\/shop.bantam.ch\/fr\/produit\/barre-de-son-audio-cas102\/#primaryimage","url":"https:\/\/shop.bantam.ch\/wp-content\/uploads\/2023\/03\/9961915100.jpg","contentUrl":"https:\/\/shop.bantam.ch\/wp-content\/uploads\/2023\/03\/9961915100.jpg","width":1000,"height":667},{"@type":"BreadcrumbList","@id":"https:\/\/shop.bantam.ch\/fr\/produit\/barre-de-son-audio-cas102\/#breadcrumb","itemListElement":[{"@type":"ListItem","position":1,"name":"Accueil","item":"https:\/\/shop.bantam.ch\/fr\/"},{"@type":"ListItem","position":2,"name":"Boutique","item":"https:\/\/shop.bantam.ch\/fr\/boutique\/"},{"@type":"ListItem","position":3,"name":"Soundbar Caratec Audio CAS102"}]},{"@type":"WebSite","@id":"https:\/\/shop.bantam.ch\/fr\/#website","url":"https:\/\/shop.bantam.ch\/fr\/","name":"Bantam Wankm\u00fcller SA","description":"","publisher":{"@id":"https:\/\/shop.bantam.ch\/fr\/#organization"},"inLanguage":"fr-FR"},{"@type":"Organization","@id":"https:\/\/shop.bantam.ch\/fr\/#organization","name":"Bantam Wankm\u00fcller SA","url":"https:\/\/shop.bantam.ch\/fr\/","logo":{"@type":"ImageObject","inLanguage":"fr-FR","@id":"https:\/\/shop.bantam.ch\/fr\/#\/schema\/logo\/image\/","url":"https:\/\/shop.bantam.ch\/wp-content\/uploads\/2022\/12\/bantam-logo.png","contentUrl":"https:\/\/shop.bantam.ch\/wp-content\/uploads\/2022\/12\/bantam-logo.png","width":320,"height":71,"caption":"Bantam Wankm\u00fcller SA"},"image":{"@id":"https:\/\/shop.bantam.ch\/fr\/#\/schema\/logo\/image\/"}}]}},"_links":{"self":[{"href":"https:\/\/shop.bantam.ch\/fr\/wp-json\/wp\/v2\/product\/132986","targetHints":{"allow":["GET"]}}],"collection":[{"href":"https:\/\/shop.bantam.ch\/fr\/wp-json\/wp\/v2\/product"}],"about":[{"href":"https:\/\/shop.bantam.ch\/fr\/wp-json\/wp\/v2\/types\/product"}],"wp:featuredmedia":[{"embeddable":true,"href":"https:\/\/shop.bantam.ch\/fr\/wp-json\/wp\/v2\/media\/132982"}],"wp:attachment":[{"href":"https:\/\/shop.bantam.ch\/fr\/wp-json\/wp\/v2\/media?parent=132986"}],"wp:term":[{"taxonomy":"product_featured_cat","embeddable":true,"href":"https:\/\/shop.bantam.ch\/fr\/wp-json\/wp\/v2\/product_featured_cat?post=132986"},{"taxonomy":"product_brand","embeddable":true,"href":"https:\/\/shop.bantam.ch\/fr\/wp-json\/wp\/v2\/product_brand?post=132986"},{"taxonomy":"product_cat","embeddable":true,"href":"https:\/\/shop.bantam.ch\/fr\/wp-json\/wp\/v2\/product_cat?post=132986"},{"taxonomy":"product_tag","embeddable":true,"href":"https:\/\/shop.bantam.ch\/fr\/wp-json\/wp\/v2\/product_tag?post=132986"}],"curies":[{"name":"wp","href":"https:\/\/api.w.org\/{rel}","templated":true}]}}