{"id":132910,"date":"2023-03-01T17:12:06","date_gmt":"2023-03-01T16:12:06","guid":{"rendered":"https:\/\/shop.bantam.ch\/produit\/boxstep-gris-2\/"},"modified":"2026-04-17T21:52:09","modified_gmt":"2026-04-17T19:52:09","slug":"boxstep-gris-2","status":"publish","type":"product","link":"https:\/\/shop.bantam.ch\/fr\/produit\/boxstep-gris-2\/","title":{"rendered":"Marchepied Boxstep BRUNNER Marchepied et espace rangement couleur grise"},"content":{"rendered":"<p>Nouveau mod\u00e8le de marche d&rsquo;entr\u00e9e \u00e9tanche \u00e0 l&rsquo;int\u00e9rieur pour garder des accessoires de camping-car utiles tels que des outils, du fluide sanitaire, un c\u00e2ble adaptateur et bien plus encore. Le couvercle verrouillable poss\u00e8de une surface de marche antid\u00e9rapante et est \u00e9galement \u00e9quip\u00e9 d&rsquo;un \u00e9clairage de s\u00e9curit\u00e9 et de nuit int\u00e9gr\u00e9 \u00e0 \u00e9nergie solaire. Sa structure en plastique de haute qualit\u00e9 et tr\u00e8s stable dispose \u00e9galement de pieds pivotants pour le contr\u00f4le du niveau sur les terrains accident\u00e9s.<\/p>\n","protected":false},"excerpt":{"rendered":"<p>Nouveau mod\u00e8le de marche d&rsquo;entr\u00e9e \u00e9tanche \u00e0 l&rsquo;int\u00e9rieur pour garder des accessoires de camping-car utiles tels que des outils, du fluide sanitaire, un c\u00e2ble adaptateur et bien plus encore. Le couvercle verrouillable poss\u00e8de une surface de marche antid\u00e9rapante et est \u00e9galement \u00e9quip\u00e9 d&rsquo;un \u00e9clairage de s\u00e9curit\u00e9 et de nuit int\u00e9gr\u00e9 \u00e0 \u00e9nergie solaire. Sa structure [&hellip;]<\/p>\n","protected":false},"featured_media":132892,"template":"","meta":{"_acf_changed":false},"product_featured_cat":[],"product_brand":[3080],"product_cat":[4675],"product_tag":[],"class_list":{"0":"post-132910","1":"product","2":"type-product","3":"status-publish","4":"has-post-thumbnail","6":"product_brand-brunner","7":"product_cat-tabourets-marchepieds","9":"first","10":"instock","11":"taxable","12":"shipping-taxable","13":"purchasable","14":"product-type-simple"},"acf":[],"yoast_head":"<!-- This site is optimized with the Yoast SEO plugin v27.4 - https:\/\/yoast.com\/product\/yoast-seo-wordpress\/ -->\n<title>Marchepied Boxstep BRUNNER Marchepied et espace rangement couleur grise - Bantam Wankm\u00fcller SA<\/title>\n<meta name=\"robots\" content=\"index, follow, max-snippet:-1, max-image-preview:large, max-video-preview:-1\" \/>\n<link rel=\"canonical\" href=\"https:\/\/shop.bantam.ch\/fr\/produit\/boxstep-gris-2\/\" \/>\n<meta property=\"og:locale\" content=\"fr_FR\" \/>\n<meta property=\"og:type\" content=\"article\" \/>\n<meta property=\"og:title\" content=\"Marchepied Boxstep BRUNNER Marchepied et espace rangement couleur grise - Bantam Wankm\u00fcller SA\" \/>\n<meta property=\"og:description\" content=\"Nouveau mod\u00e8le de marche d&rsquo;entr\u00e9e \u00e9tanche \u00e0 l&rsquo;int\u00e9rieur pour garder des accessoires de camping-car utiles tels que des outils, du fluide sanitaire, un c\u00e2ble adaptateur et bien plus encore. Le couvercle verrouillable poss\u00e8de une surface de marche antid\u00e9rapante et est \u00e9galement \u00e9quip\u00e9 d&rsquo;un \u00e9clairage de s\u00e9curit\u00e9 et de nuit int\u00e9gr\u00e9 \u00e0 \u00e9nergie solaire. Sa structure [&hellip;]\" \/>\n<meta property=\"og:url\" content=\"https:\/\/shop.bantam.ch\/fr\/produit\/boxstep-gris-2\/\" \/>\n<meta property=\"og:site_name\" content=\"Bantam Wankm\u00fcller SA\" \/>\n<meta property=\"article:modified_time\" content=\"2026-04-17T19:52:09+00:00\" \/>\n<meta property=\"og:image\" content=\"https:\/\/shop.bantam.ch\/wp-content\/uploads\/2023\/03\/9944779100-1.jpg\" \/>\n\t<meta property=\"og:image:width\" content=\"1000\" \/>\n\t<meta property=\"og:image:height\" content=\"627\" \/>\n\t<meta property=\"og:image:type\" content=\"image\/jpeg\" \/>\n<meta name=\"twitter:card\" content=\"summary_large_image\" \/>\n<script type=\"application\/ld+json\" class=\"yoast-schema-graph\">{\"@context\":\"https:\\\/\\\/schema.org\",\"@graph\":[{\"@type\":\"WebPage\",\"@id\":\"https:\\\/\\\/shop.bantam.ch\\\/fr\\\/produit\\\/boxstep-gris-2\\\/\",\"url\":\"https:\\\/\\\/shop.bantam.ch\\\/fr\\\/produit\\\/boxstep-gris-2\\\/\",\"name\":\"Marchepied Boxstep BRUNNER Marchepied et espace rangement couleur grise - Bantam Wankm\u00fcller SA\",\"isPartOf\":{\"@id\":\"https:\\\/\\\/shop.bantam.ch\\\/fr\\\/#website\"},\"primaryImageOfPage\":{\"@id\":\"https:\\\/\\\/shop.bantam.ch\\\/fr\\\/produit\\\/boxstep-gris-2\\\/#primaryimage\"},\"image\":{\"@id\":\"https:\\\/\\\/shop.bantam.ch\\\/fr\\\/produit\\\/boxstep-gris-2\\\/#primaryimage\"},\"thumbnailUrl\":\"https:\\\/\\\/shop.bantam.ch\\\/wp-content\\\/uploads\\\/2023\\\/03\\\/9944779100-1.jpg\",\"datePublished\":\"2023-03-01T16:12:06+00:00\",\"dateModified\":\"2026-04-17T19:52:09+00:00\",\"breadcrumb\":{\"@id\":\"https:\\\/\\\/shop.bantam.ch\\\/fr\\\/produit\\\/boxstep-gris-2\\\/#breadcrumb\"},\"inLanguage\":\"fr-FR\",\"potentialAction\":[{\"@type\":\"ReadAction\",\"target\":[\"https:\\\/\\\/shop.bantam.ch\\\/fr\\\/produit\\\/boxstep-gris-2\\\/\"]}]},{\"@type\":\"ImageObject\",\"inLanguage\":\"fr-FR\",\"@id\":\"https:\\\/\\\/shop.bantam.ch\\\/fr\\\/produit\\\/boxstep-gris-2\\\/#primaryimage\",\"url\":\"https:\\\/\\\/shop.bantam.ch\\\/wp-content\\\/uploads\\\/2023\\\/03\\\/9944779100-1.jpg\",\"contentUrl\":\"https:\\\/\\\/shop.bantam.ch\\\/wp-content\\\/uploads\\\/2023\\\/03\\\/9944779100-1.jpg\",\"width\":1000,\"height\":627},{\"@type\":\"BreadcrumbList\",\"@id\":\"https:\\\/\\\/shop.bantam.ch\\\/fr\\\/produit\\\/boxstep-gris-2\\\/#breadcrumb\",\"itemListElement\":[{\"@type\":\"ListItem\",\"position\":1,\"name\":\"Accueil\",\"item\":\"https:\\\/\\\/shop.bantam.ch\\\/fr\\\/\"},{\"@type\":\"ListItem\",\"position\":2,\"name\":\"Boutique\",\"item\":\"https:\\\/\\\/shop.bantam.ch\\\/fr\\\/boutique\\\/\"},{\"@type\":\"ListItem\",\"position\":3,\"name\":\"Marchepied Boxstep BRUNNER Marchepied et espace rangement couleur grise\"}]},{\"@type\":\"WebSite\",\"@id\":\"https:\\\/\\\/shop.bantam.ch\\\/fr\\\/#website\",\"url\":\"https:\\\/\\\/shop.bantam.ch\\\/fr\\\/\",\"name\":\"Bantam Wankm\u00fcller SA\",\"description\":\"\",\"publisher\":{\"@id\":\"https:\\\/\\\/shop.bantam.ch\\\/fr\\\/#organization\"},\"inLanguage\":\"fr-FR\"},{\"@type\":\"Organization\",\"@id\":\"https:\\\/\\\/shop.bantam.ch\\\/fr\\\/#organization\",\"name\":\"Bantam Wankm\u00fcller SA\",\"url\":\"https:\\\/\\\/shop.bantam.ch\\\/fr\\\/\",\"logo\":{\"@type\":\"ImageObject\",\"inLanguage\":\"fr-FR\",\"@id\":\"https:\\\/\\\/shop.bantam.ch\\\/fr\\\/#\\\/schema\\\/logo\\\/image\\\/\",\"url\":\"https:\\\/\\\/shop.bantam.ch\\\/wp-content\\\/uploads\\\/2022\\\/12\\\/bantam-logo.png\",\"contentUrl\":\"https:\\\/\\\/shop.bantam.ch\\\/wp-content\\\/uploads\\\/2022\\\/12\\\/bantam-logo.png\",\"width\":320,\"height\":71,\"caption\":\"Bantam Wankm\u00fcller SA\"},\"image\":{\"@id\":\"https:\\\/\\\/shop.bantam.ch\\\/fr\\\/#\\\/schema\\\/logo\\\/image\\\/\"}}]}<\/script>\n<!-- \/ Yoast SEO plugin. -->","yoast_head_json":{"title":"Marchepied Boxstep BRUNNER Marchepied et espace rangement couleur grise - Bantam Wankm\u00fcller SA","robots":{"index":"index","follow":"follow","max-snippet":"max-snippet:-1","max-image-preview":"max-image-preview:large","max-video-preview":"max-video-preview:-1"},"canonical":"https:\/\/shop.bantam.ch\/fr\/produit\/boxstep-gris-2\/","og_locale":"fr_FR","og_type":"article","og_title":"Marchepied Boxstep BRUNNER Marchepied et espace rangement couleur grise - Bantam Wankm\u00fcller SA","og_description":"Nouveau mod\u00e8le de marche d&rsquo;entr\u00e9e \u00e9tanche \u00e0 l&rsquo;int\u00e9rieur pour garder des accessoires de camping-car utiles tels que des outils, du fluide sanitaire, un c\u00e2ble adaptateur et bien plus encore. Le couvercle verrouillable poss\u00e8de une surface de marche antid\u00e9rapante et est \u00e9galement \u00e9quip\u00e9 d&rsquo;un \u00e9clairage de s\u00e9curit\u00e9 et de nuit int\u00e9gr\u00e9 \u00e0 \u00e9nergie solaire. Sa structure [&hellip;]","og_url":"https:\/\/shop.bantam.ch\/fr\/produit\/boxstep-gris-2\/","og_site_name":"Bantam Wankm\u00fcller SA","article_modified_time":"2026-04-17T19:52:09+00:00","og_image":[{"width":1000,"height":627,"url":"https:\/\/shop.bantam.ch\/wp-content\/uploads\/2023\/03\/9944779100-1.jpg","type":"image\/jpeg"}],"twitter_card":"summary_large_image","schema":{"@context":"https:\/\/schema.org","@graph":[{"@type":"WebPage","@id":"https:\/\/shop.bantam.ch\/fr\/produit\/boxstep-gris-2\/","url":"https:\/\/shop.bantam.ch\/fr\/produit\/boxstep-gris-2\/","name":"Marchepied Boxstep BRUNNER Marchepied et espace rangement couleur grise - Bantam Wankm\u00fcller SA","isPartOf":{"@id":"https:\/\/shop.bantam.ch\/fr\/#website"},"primaryImageOfPage":{"@id":"https:\/\/shop.bantam.ch\/fr\/produit\/boxstep-gris-2\/#primaryimage"},"image":{"@id":"https:\/\/shop.bantam.ch\/fr\/produit\/boxstep-gris-2\/#primaryimage"},"thumbnailUrl":"https:\/\/shop.bantam.ch\/wp-content\/uploads\/2023\/03\/9944779100-1.jpg","datePublished":"2023-03-01T16:12:06+00:00","dateModified":"2026-04-17T19:52:09+00:00","breadcrumb":{"@id":"https:\/\/shop.bantam.ch\/fr\/produit\/boxstep-gris-2\/#breadcrumb"},"inLanguage":"fr-FR","potentialAction":[{"@type":"ReadAction","target":["https:\/\/shop.bantam.ch\/fr\/produit\/boxstep-gris-2\/"]}]},{"@type":"ImageObject","inLanguage":"fr-FR","@id":"https:\/\/shop.bantam.ch\/fr\/produit\/boxstep-gris-2\/#primaryimage","url":"https:\/\/shop.bantam.ch\/wp-content\/uploads\/2023\/03\/9944779100-1.jpg","contentUrl":"https:\/\/shop.bantam.ch\/wp-content\/uploads\/2023\/03\/9944779100-1.jpg","width":1000,"height":627},{"@type":"BreadcrumbList","@id":"https:\/\/shop.bantam.ch\/fr\/produit\/boxstep-gris-2\/#breadcrumb","itemListElement":[{"@type":"ListItem","position":1,"name":"Accueil","item":"https:\/\/shop.bantam.ch\/fr\/"},{"@type":"ListItem","position":2,"name":"Boutique","item":"https:\/\/shop.bantam.ch\/fr\/boutique\/"},{"@type":"ListItem","position":3,"name":"Marchepied Boxstep BRUNNER Marchepied et espace rangement couleur grise"}]},{"@type":"WebSite","@id":"https:\/\/shop.bantam.ch\/fr\/#website","url":"https:\/\/shop.bantam.ch\/fr\/","name":"Bantam Wankm\u00fcller SA","description":"","publisher":{"@id":"https:\/\/shop.bantam.ch\/fr\/#organization"},"inLanguage":"fr-FR"},{"@type":"Organization","@id":"https:\/\/shop.bantam.ch\/fr\/#organization","name":"Bantam Wankm\u00fcller SA","url":"https:\/\/shop.bantam.ch\/fr\/","logo":{"@type":"ImageObject","inLanguage":"fr-FR","@id":"https:\/\/shop.bantam.ch\/fr\/#\/schema\/logo\/image\/","url":"https:\/\/shop.bantam.ch\/wp-content\/uploads\/2022\/12\/bantam-logo.png","contentUrl":"https:\/\/shop.bantam.ch\/wp-content\/uploads\/2022\/12\/bantam-logo.png","width":320,"height":71,"caption":"Bantam Wankm\u00fcller SA"},"image":{"@id":"https:\/\/shop.bantam.ch\/fr\/#\/schema\/logo\/image\/"}}]}},"_links":{"self":[{"href":"https:\/\/shop.bantam.ch\/fr\/wp-json\/wp\/v2\/product\/132910","targetHints":{"allow":["GET"]}}],"collection":[{"href":"https:\/\/shop.bantam.ch\/fr\/wp-json\/wp\/v2\/product"}],"about":[{"href":"https:\/\/shop.bantam.ch\/fr\/wp-json\/wp\/v2\/types\/product"}],"wp:featuredmedia":[{"embeddable":true,"href":"https:\/\/shop.bantam.ch\/fr\/wp-json\/wp\/v2\/media\/132892"}],"wp:attachment":[{"href":"https:\/\/shop.bantam.ch\/fr\/wp-json\/wp\/v2\/media?parent=132910"}],"wp:term":[{"taxonomy":"product_featured_cat","embeddable":true,"href":"https:\/\/shop.bantam.ch\/fr\/wp-json\/wp\/v2\/product_featured_cat?post=132910"},{"taxonomy":"product_brand","embeddable":true,"href":"https:\/\/shop.bantam.ch\/fr\/wp-json\/wp\/v2\/product_brand?post=132910"},{"taxonomy":"product_cat","embeddable":true,"href":"https:\/\/shop.bantam.ch\/fr\/wp-json\/wp\/v2\/product_cat?post=132910"},{"taxonomy":"product_tag","embeddable":true,"href":"https:\/\/shop.bantam.ch\/fr\/wp-json\/wp\/v2\/product_tag?post=132910"}],"curies":[{"name":"wp","href":"https:\/\/api.w.org\/{rel}","templated":true}]}}