{"id":132882,"date":"2023-03-01T17:11:43","date_gmt":"2023-03-01T16:11:43","guid":{"rendered":"https:\/\/shop.bantam.ch\/produit\/sac-de-couchage-camper-lux-deep-blue\/"},"modified":"2026-04-17T23:41:00","modified_gmt":"2026-04-17T21:41:00","slug":"sac-de-couchage-camper-lux-deep-blue","status":"publish","type":"product","link":"https:\/\/shop.bantam.ch\/fr\/produit\/sac-de-couchage-camper-lux-deep-blue\/","title":{"rendered":"Sac de couchage Camper Lux, deep blue"},"content":{"rendered":"<p>Rev\u00eatement ext\u00e9rieur en polycoton, le rev\u00eatement int\u00e9rieur souple et le garnissage Isofill conf\u00e8rent au sac de couchage un m\u00e9lange optimal de performance, confort, style et \u00e9l\u00e9gance.  Le sac de couchage Camper Lux dispose d\u2019un oreiller int\u00e9gr\u00e9 et d\u2019une capuche amovible, ce qui s\u2019av\u00e8re tr\u00e8s utile lorsque les sacs de couchage individuels sont coupl\u00e9s par fermeture \u00e9clair ou ouverts et utilis\u00e9s comme couette.<\/p>\n<ul>\n<li>Peut \u00eatre utilis\u00e9 comme une couverture lorsqu&rsquo;il est ouvert<\/li>\n<li>Rabat recouvrant l\u2019ensemble de la fermeture \u00e9clair<\/li>\n<li>Fermeture \u00e9clair facile \u00e0 ouvrir\/\u00e0 fermer<\/li>\n<li>Poche int\u00e9rieure pour conserver de petits objets<\/li>\n<li>Clips de fixation dans les angles pour la housse int\u00e9rieure<\/li>\n<li>Peut \u00eatre reli\u00e9 par une fermeture \u00e9clair<\/li>\n<li>Sans PFC<\/li>\n<li>Longueur 200\u00a0cm<\/li>\n<li>Temp\u00e9rature de confort : 0\u00a0\u00b0C<\/li>\n<li>Limite : +6 \u00b0C<\/li>\n<li>Extr\u00eame : -23 \u00b0C<\/li>\n<\/ul>\n<p>Mat\u00e9riau\u00a0:<br \/>Mat\u00e9riau externe :  80 % polyester, 20 % coton<br \/>Garnissage : 100 % polyester<br \/>Mat\u00e9riau interne : 100 % coton<\/p>\n<p>Contenu de la livraison :<br \/>Sac Sac de transport<\/p>\n","protected":false},"excerpt":{"rendered":"<p>Rev\u00eatement ext\u00e9rieur en polycoton, le rev\u00eatement int\u00e9rieur souple et le garnissage Isofill conf\u00e8rent au sac de couchage un m\u00e9lange optimal de performance, confort, style et \u00e9l\u00e9gance. Le sac de couchage Camper Lux dispose d\u2019un oreiller int\u00e9gr\u00e9 et d\u2019une capuche amovible, ce qui s\u2019av\u00e8re tr\u00e8s utile lorsque les sacs de couchage individuels sont coupl\u00e9s par fermeture [&hellip;]<\/p>\n","protected":false},"featured_media":132866,"template":"","meta":{"_acf_changed":false},"product_featured_cat":[94,5297],"product_brand":[3296],"product_cat":[4453],"product_tag":[],"class_list":{"0":"post-132882","1":"product","2":"type-product","3":"status-publish","4":"has-post-thumbnail","6":"product_featured_cat-promotions-etagnieres","7":"product_featured_cat-sonderangebote-hindelbank-fr","8":"product_brand-outwell","9":"product_cat-sacs-de-couchage-couverture","11":"first","12":"instock","13":"sale","14":"taxable","15":"shipping-taxable","16":"purchasable","17":"product-type-variable"},"acf":[],"yoast_head":"<!-- This site is optimized with the Yoast SEO plugin v27.4 - https:\/\/yoast.com\/product\/yoast-seo-wordpress\/ -->\n<title>Sac de couchage Camper Lux, deep blue - Bantam Wankm\u00fcller SA<\/title>\n<meta name=\"robots\" content=\"index, follow, max-snippet:-1, max-image-preview:large, max-video-preview:-1\" \/>\n<link rel=\"canonical\" href=\"https:\/\/shop.bantam.ch\/fr\/produit\/sac-de-couchage-camper-lux-deep-blue\/\" \/>\n<meta property=\"og:locale\" content=\"fr_FR\" \/>\n<meta property=\"og:type\" content=\"article\" \/>\n<meta property=\"og:title\" content=\"Sac de couchage Camper Lux, deep blue - Bantam Wankm\u00fcller SA\" \/>\n<meta property=\"og:description\" content=\"Rev\u00eatement ext\u00e9rieur en polycoton, le rev\u00eatement int\u00e9rieur souple et le garnissage Isofill conf\u00e8rent au sac de couchage un m\u00e9lange optimal de performance, confort, style et \u00e9l\u00e9gance. Le sac de couchage Camper Lux dispose d\u2019un oreiller int\u00e9gr\u00e9 et d\u2019une capuche amovible, ce qui s\u2019av\u00e8re tr\u00e8s utile lorsque les sacs de couchage individuels sont coupl\u00e9s par fermeture [&hellip;]\" \/>\n<meta property=\"og:url\" content=\"https:\/\/shop.bantam.ch\/fr\/produit\/sac-de-couchage-camper-lux-deep-blue\/\" \/>\n<meta property=\"og:site_name\" content=\"Bantam Wankm\u00fcller SA\" \/>\n<meta property=\"article:modified_time\" content=\"2026-04-17T21:41:00+00:00\" \/>\n<meta property=\"og:image\" content=\"https:\/\/shop.bantam.ch\/wp-content\/uploads\/2023\/03\/996155811.jpg\" \/>\n\t<meta property=\"og:image:width\" content=\"1000\" \/>\n\t<meta property=\"og:image:height\" content=\"563\" \/>\n\t<meta property=\"og:image:type\" content=\"image\/jpeg\" \/>\n<meta name=\"twitter:card\" content=\"summary_large_image\" \/>\n<meta name=\"twitter:label1\" content=\"Dur\u00e9e de lecture estim\u00e9e\" \/>\n\t<meta name=\"twitter:data1\" content=\"1 minute\" \/>\n<script type=\"application\/ld+json\" class=\"yoast-schema-graph\">{\"@context\":\"https:\\\/\\\/schema.org\",\"@graph\":[{\"@type\":\"WebPage\",\"@id\":\"https:\\\/\\\/shop.bantam.ch\\\/fr\\\/produit\\\/sac-de-couchage-camper-lux-deep-blue\\\/\",\"url\":\"https:\\\/\\\/shop.bantam.ch\\\/fr\\\/produit\\\/sac-de-couchage-camper-lux-deep-blue\\\/\",\"name\":\"Sac de couchage Camper Lux, deep blue - Bantam Wankm\u00fcller SA\",\"isPartOf\":{\"@id\":\"https:\\\/\\\/shop.bantam.ch\\\/fr\\\/#website\"},\"primaryImageOfPage\":{\"@id\":\"https:\\\/\\\/shop.bantam.ch\\\/fr\\\/produit\\\/sac-de-couchage-camper-lux-deep-blue\\\/#primaryimage\"},\"image\":{\"@id\":\"https:\\\/\\\/shop.bantam.ch\\\/fr\\\/produit\\\/sac-de-couchage-camper-lux-deep-blue\\\/#primaryimage\"},\"thumbnailUrl\":\"https:\\\/\\\/shop.bantam.ch\\\/wp-content\\\/uploads\\\/2023\\\/03\\\/996155811.jpg\",\"datePublished\":\"2023-03-01T16:11:43+00:00\",\"dateModified\":\"2026-04-17T21:41:00+00:00\",\"breadcrumb\":{\"@id\":\"https:\\\/\\\/shop.bantam.ch\\\/fr\\\/produit\\\/sac-de-couchage-camper-lux-deep-blue\\\/#breadcrumb\"},\"inLanguage\":\"fr-FR\",\"potentialAction\":[{\"@type\":\"ReadAction\",\"target\":[\"https:\\\/\\\/shop.bantam.ch\\\/fr\\\/produit\\\/sac-de-couchage-camper-lux-deep-blue\\\/\"]}]},{\"@type\":\"ImageObject\",\"inLanguage\":\"fr-FR\",\"@id\":\"https:\\\/\\\/shop.bantam.ch\\\/fr\\\/produit\\\/sac-de-couchage-camper-lux-deep-blue\\\/#primaryimage\",\"url\":\"https:\\\/\\\/shop.bantam.ch\\\/wp-content\\\/uploads\\\/2023\\\/03\\\/996155811.jpg\",\"contentUrl\":\"https:\\\/\\\/shop.bantam.ch\\\/wp-content\\\/uploads\\\/2023\\\/03\\\/996155811.jpg\",\"width\":1000,\"height\":563},{\"@type\":\"BreadcrumbList\",\"@id\":\"https:\\\/\\\/shop.bantam.ch\\\/fr\\\/produit\\\/sac-de-couchage-camper-lux-deep-blue\\\/#breadcrumb\",\"itemListElement\":[{\"@type\":\"ListItem\",\"position\":1,\"name\":\"Accueil\",\"item\":\"https:\\\/\\\/shop.bantam.ch\\\/fr\\\/\"},{\"@type\":\"ListItem\",\"position\":2,\"name\":\"Boutique\",\"item\":\"https:\\\/\\\/shop.bantam.ch\\\/fr\\\/boutique\\\/\"},{\"@type\":\"ListItem\",\"position\":3,\"name\":\"Sac de couchage Camper Lux, deep blue\"}]},{\"@type\":\"WebSite\",\"@id\":\"https:\\\/\\\/shop.bantam.ch\\\/fr\\\/#website\",\"url\":\"https:\\\/\\\/shop.bantam.ch\\\/fr\\\/\",\"name\":\"Bantam Wankm\u00fcller SA\",\"description\":\"\",\"publisher\":{\"@id\":\"https:\\\/\\\/shop.bantam.ch\\\/fr\\\/#organization\"},\"inLanguage\":\"fr-FR\"},{\"@type\":\"Organization\",\"@id\":\"https:\\\/\\\/shop.bantam.ch\\\/fr\\\/#organization\",\"name\":\"Bantam Wankm\u00fcller SA\",\"url\":\"https:\\\/\\\/shop.bantam.ch\\\/fr\\\/\",\"logo\":{\"@type\":\"ImageObject\",\"inLanguage\":\"fr-FR\",\"@id\":\"https:\\\/\\\/shop.bantam.ch\\\/fr\\\/#\\\/schema\\\/logo\\\/image\\\/\",\"url\":\"https:\\\/\\\/shop.bantam.ch\\\/wp-content\\\/uploads\\\/2022\\\/12\\\/bantam-logo.png\",\"contentUrl\":\"https:\\\/\\\/shop.bantam.ch\\\/wp-content\\\/uploads\\\/2022\\\/12\\\/bantam-logo.png\",\"width\":320,\"height\":71,\"caption\":\"Bantam Wankm\u00fcller SA\"},\"image\":{\"@id\":\"https:\\\/\\\/shop.bantam.ch\\\/fr\\\/#\\\/schema\\\/logo\\\/image\\\/\"}}]}<\/script>\n<!-- \/ Yoast SEO plugin. -->","yoast_head_json":{"title":"Sac de couchage Camper Lux, deep blue - Bantam Wankm\u00fcller SA","robots":{"index":"index","follow":"follow","max-snippet":"max-snippet:-1","max-image-preview":"max-image-preview:large","max-video-preview":"max-video-preview:-1"},"canonical":"https:\/\/shop.bantam.ch\/fr\/produit\/sac-de-couchage-camper-lux-deep-blue\/","og_locale":"fr_FR","og_type":"article","og_title":"Sac de couchage Camper Lux, deep blue - Bantam Wankm\u00fcller SA","og_description":"Rev\u00eatement ext\u00e9rieur en polycoton, le rev\u00eatement int\u00e9rieur souple et le garnissage Isofill conf\u00e8rent au sac de couchage un m\u00e9lange optimal de performance, confort, style et \u00e9l\u00e9gance. Le sac de couchage Camper Lux dispose d\u2019un oreiller int\u00e9gr\u00e9 et d\u2019une capuche amovible, ce qui s\u2019av\u00e8re tr\u00e8s utile lorsque les sacs de couchage individuels sont coupl\u00e9s par fermeture [&hellip;]","og_url":"https:\/\/shop.bantam.ch\/fr\/produit\/sac-de-couchage-camper-lux-deep-blue\/","og_site_name":"Bantam Wankm\u00fcller SA","article_modified_time":"2026-04-17T21:41:00+00:00","og_image":[{"width":1000,"height":563,"url":"https:\/\/shop.bantam.ch\/wp-content\/uploads\/2023\/03\/996155811.jpg","type":"image\/jpeg"}],"twitter_card":"summary_large_image","twitter_misc":{"Dur\u00e9e de lecture estim\u00e9e":"1 minute"},"schema":{"@context":"https:\/\/schema.org","@graph":[{"@type":"WebPage","@id":"https:\/\/shop.bantam.ch\/fr\/produit\/sac-de-couchage-camper-lux-deep-blue\/","url":"https:\/\/shop.bantam.ch\/fr\/produit\/sac-de-couchage-camper-lux-deep-blue\/","name":"Sac de couchage Camper Lux, deep blue - Bantam Wankm\u00fcller SA","isPartOf":{"@id":"https:\/\/shop.bantam.ch\/fr\/#website"},"primaryImageOfPage":{"@id":"https:\/\/shop.bantam.ch\/fr\/produit\/sac-de-couchage-camper-lux-deep-blue\/#primaryimage"},"image":{"@id":"https:\/\/shop.bantam.ch\/fr\/produit\/sac-de-couchage-camper-lux-deep-blue\/#primaryimage"},"thumbnailUrl":"https:\/\/shop.bantam.ch\/wp-content\/uploads\/2023\/03\/996155811.jpg","datePublished":"2023-03-01T16:11:43+00:00","dateModified":"2026-04-17T21:41:00+00:00","breadcrumb":{"@id":"https:\/\/shop.bantam.ch\/fr\/produit\/sac-de-couchage-camper-lux-deep-blue\/#breadcrumb"},"inLanguage":"fr-FR","potentialAction":[{"@type":"ReadAction","target":["https:\/\/shop.bantam.ch\/fr\/produit\/sac-de-couchage-camper-lux-deep-blue\/"]}]},{"@type":"ImageObject","inLanguage":"fr-FR","@id":"https:\/\/shop.bantam.ch\/fr\/produit\/sac-de-couchage-camper-lux-deep-blue\/#primaryimage","url":"https:\/\/shop.bantam.ch\/wp-content\/uploads\/2023\/03\/996155811.jpg","contentUrl":"https:\/\/shop.bantam.ch\/wp-content\/uploads\/2023\/03\/996155811.jpg","width":1000,"height":563},{"@type":"BreadcrumbList","@id":"https:\/\/shop.bantam.ch\/fr\/produit\/sac-de-couchage-camper-lux-deep-blue\/#breadcrumb","itemListElement":[{"@type":"ListItem","position":1,"name":"Accueil","item":"https:\/\/shop.bantam.ch\/fr\/"},{"@type":"ListItem","position":2,"name":"Boutique","item":"https:\/\/shop.bantam.ch\/fr\/boutique\/"},{"@type":"ListItem","position":3,"name":"Sac de couchage Camper Lux, deep blue"}]},{"@type":"WebSite","@id":"https:\/\/shop.bantam.ch\/fr\/#website","url":"https:\/\/shop.bantam.ch\/fr\/","name":"Bantam Wankm\u00fcller SA","description":"","publisher":{"@id":"https:\/\/shop.bantam.ch\/fr\/#organization"},"inLanguage":"fr-FR"},{"@type":"Organization","@id":"https:\/\/shop.bantam.ch\/fr\/#organization","name":"Bantam Wankm\u00fcller SA","url":"https:\/\/shop.bantam.ch\/fr\/","logo":{"@type":"ImageObject","inLanguage":"fr-FR","@id":"https:\/\/shop.bantam.ch\/fr\/#\/schema\/logo\/image\/","url":"https:\/\/shop.bantam.ch\/wp-content\/uploads\/2022\/12\/bantam-logo.png","contentUrl":"https:\/\/shop.bantam.ch\/wp-content\/uploads\/2022\/12\/bantam-logo.png","width":320,"height":71,"caption":"Bantam Wankm\u00fcller SA"},"image":{"@id":"https:\/\/shop.bantam.ch\/fr\/#\/schema\/logo\/image\/"}}]}},"_links":{"self":[{"href":"https:\/\/shop.bantam.ch\/fr\/wp-json\/wp\/v2\/product\/132882","targetHints":{"allow":["GET"]}}],"collection":[{"href":"https:\/\/shop.bantam.ch\/fr\/wp-json\/wp\/v2\/product"}],"about":[{"href":"https:\/\/shop.bantam.ch\/fr\/wp-json\/wp\/v2\/types\/product"}],"wp:featuredmedia":[{"embeddable":true,"href":"https:\/\/shop.bantam.ch\/fr\/wp-json\/wp\/v2\/media\/132866"}],"wp:attachment":[{"href":"https:\/\/shop.bantam.ch\/fr\/wp-json\/wp\/v2\/media?parent=132882"}],"wp:term":[{"taxonomy":"product_featured_cat","embeddable":true,"href":"https:\/\/shop.bantam.ch\/fr\/wp-json\/wp\/v2\/product_featured_cat?post=132882"},{"taxonomy":"product_brand","embeddable":true,"href":"https:\/\/shop.bantam.ch\/fr\/wp-json\/wp\/v2\/product_brand?post=132882"},{"taxonomy":"product_cat","embeddable":true,"href":"https:\/\/shop.bantam.ch\/fr\/wp-json\/wp\/v2\/product_cat?post=132882"},{"taxonomy":"product_tag","embeddable":true,"href":"https:\/\/shop.bantam.ch\/fr\/wp-json\/wp\/v2\/product_tag?post=132882"}],"curies":[{"name":"wp","href":"https:\/\/api.w.org\/{rel}","templated":true}]}}