{"id":132844,"date":"2023-03-01T17:11:14","date_gmt":"2023-03-01T16:11:14","guid":{"rendered":"https:\/\/shop.bantam.ch\/produit\/sac-de-couchage-camper-gris\/"},"modified":"2026-04-18T23:43:24","modified_gmt":"2026-04-18T21:43:24","slug":"sac-de-couchage-camper-gris","status":"publish","type":"product","link":"https:\/\/shop.bantam.ch\/fr\/produit\/sac-de-couchage-camper-gris\/","title":{"rendered":"Sac de couchage Camper, gris"},"content":{"rendered":"<p>Le sac de couchage Outwell Camper a toujours \u00e9t\u00e9 le mod\u00e8le favori de la famille.  Avec ce sac de couchage, vous passerez de tr\u00e8s belles vacances d\u2019\u00e9t\u00e9.  Blottissez-vous dans la housse int\u00e9rieure douce aux couleurs contrast\u00e9es, l\u2019isolation moelleuse vous gardera bien au chaud et vous vous sentirez bien repos\u00e9 le matin apr\u00e8s une nuit blotti dans le mat\u00e9riau respirant.  L&rsquo;oreiller int\u00e9gr\u00e9 et la capuche zipp\u00e9e pour les nuits plus froides vous garantissent une bonne nuit de sommeil.  Vous pouvez \u00e9galement fermer deux sacs de couchage ensemble pour former un sac de couchage double. <\/p>\n<ul>\n<li>Capuche amovible<\/li>\n<li>Coussin int\u00e9gr\u00e9<\/li>\n<li>Peut \u00eatre utilis\u00e9 comme une couverture lorsqu&rsquo;il est ouvert<\/li>\n<li>Rabat recouvrant l\u2019ensemble de la fermeture \u00e9clair<\/li>\n<li>Fermeture \u00e9clair facile \u00e0 ouvrir\/\u00e0 fermer<\/li>\n<li>Poche int\u00e9rieure pour conserver de petits objets<\/li>\n<li>Sac de transport rectangulaire<\/li>\n<li>Clips de fixation dans les angles pour la housse int\u00e9rieure<\/li>\n<li>Peut \u00eatre reli\u00e9 par une fermeture \u00e9clair<\/li>\n<li>Sans PFC<\/li>\n<li>max.: 200 cm<\/li>\n<li>Fermeture double curseur YKK &#8211; auto-lock, forme en L<\/li>\n<li>Temp\u00e9rature de confort : 5 \u00b0C<\/li>\n<li>Limite : +0 \u00b0C<\/li>\n<li>Extr\u00eame : -15 \u00b0C<\/li>\n<\/ul>\n<p>Mat\u00e9riau\u00a0:<br \/>Mat\u00e9riau externe :  80 % polyester, 20 % coton<br \/>Garnissage : 100 % polyester<br \/>Rev\u00eatement int\u00e9rieur : 100 % coton<\/p>\n","protected":false},"excerpt":{"rendered":"<p>Le sac de couchage Outwell Camper a toujours \u00e9t\u00e9 le mod\u00e8le favori de la famille. Avec ce sac de couchage, vous passerez de tr\u00e8s belles vacances d\u2019\u00e9t\u00e9. Blottissez-vous dans la housse int\u00e9rieure douce aux couleurs contrast\u00e9es, l\u2019isolation moelleuse vous gardera bien au chaud et vous vous sentirez bien repos\u00e9 le matin apr\u00e8s une nuit blotti [&hellip;]<\/p>\n","protected":false},"featured_media":132828,"template":"","meta":{"_acf_changed":false},"product_featured_cat":[5297],"product_brand":[3296],"product_cat":[4453],"product_tag":[],"class_list":{"0":"post-132844","1":"product","2":"type-product","3":"status-publish","4":"has-post-thumbnail","6":"product_featured_cat-sonderangebote-hindelbank-fr","7":"product_brand-outwell","8":"product_cat-sacs-de-couchage-couverture","10":"first","11":"instock","12":"sale","13":"taxable","14":"shipping-taxable","15":"purchasable","16":"product-type-variable"},"acf":[],"yoast_head":"<!-- This site is optimized with the Yoast SEO plugin v27.4 - https:\/\/yoast.com\/product\/yoast-seo-wordpress\/ -->\n<title>Sac de couchage Camper, gris - Bantam Wankm\u00fcller SA<\/title>\n<meta name=\"robots\" content=\"index, follow, max-snippet:-1, max-image-preview:large, max-video-preview:-1\" \/>\n<link rel=\"canonical\" href=\"https:\/\/shop.bantam.ch\/fr\/produit\/sac-de-couchage-camper-gris\/\" \/>\n<meta property=\"og:locale\" content=\"fr_FR\" \/>\n<meta property=\"og:type\" content=\"article\" \/>\n<meta property=\"og:title\" content=\"Sac de couchage Camper, gris - Bantam Wankm\u00fcller SA\" \/>\n<meta property=\"og:description\" content=\"Le sac de couchage Outwell Camper a toujours \u00e9t\u00e9 le mod\u00e8le favori de la famille. Avec ce sac de couchage, vous passerez de tr\u00e8s belles vacances d\u2019\u00e9t\u00e9. Blottissez-vous dans la housse int\u00e9rieure douce aux couleurs contrast\u00e9es, l\u2019isolation moelleuse vous gardera bien au chaud et vous vous sentirez bien repos\u00e9 le matin apr\u00e8s une nuit blotti [&hellip;]\" \/>\n<meta property=\"og:url\" content=\"https:\/\/shop.bantam.ch\/fr\/produit\/sac-de-couchage-camper-gris\/\" \/>\n<meta property=\"og:site_name\" content=\"Bantam Wankm\u00fcller SA\" \/>\n<meta property=\"article:modified_time\" content=\"2026-04-18T21:43:24+00:00\" \/>\n<meta property=\"og:image\" content=\"https:\/\/shop.bantam.ch\/wp-content\/uploads\/2023\/03\/996155511.jpg\" \/>\n\t<meta property=\"og:image:width\" content=\"905\" \/>\n\t<meta property=\"og:image:height\" content=\"1000\" \/>\n\t<meta property=\"og:image:type\" content=\"image\/jpeg\" \/>\n<meta name=\"twitter:card\" content=\"summary_large_image\" \/>\n<meta name=\"twitter:label1\" content=\"Dur\u00e9e de lecture estim\u00e9e\" \/>\n\t<meta name=\"twitter:data1\" content=\"1 minute\" \/>\n<script type=\"application\/ld+json\" class=\"yoast-schema-graph\">{\"@context\":\"https:\\\/\\\/schema.org\",\"@graph\":[{\"@type\":\"WebPage\",\"@id\":\"https:\\\/\\\/shop.bantam.ch\\\/fr\\\/produit\\\/sac-de-couchage-camper-gris\\\/\",\"url\":\"https:\\\/\\\/shop.bantam.ch\\\/fr\\\/produit\\\/sac-de-couchage-camper-gris\\\/\",\"name\":\"Sac de couchage Camper, gris - Bantam Wankm\u00fcller SA\",\"isPartOf\":{\"@id\":\"https:\\\/\\\/shop.bantam.ch\\\/fr\\\/#website\"},\"primaryImageOfPage\":{\"@id\":\"https:\\\/\\\/shop.bantam.ch\\\/fr\\\/produit\\\/sac-de-couchage-camper-gris\\\/#primaryimage\"},\"image\":{\"@id\":\"https:\\\/\\\/shop.bantam.ch\\\/fr\\\/produit\\\/sac-de-couchage-camper-gris\\\/#primaryimage\"},\"thumbnailUrl\":\"https:\\\/\\\/shop.bantam.ch\\\/wp-content\\\/uploads\\\/2023\\\/03\\\/996155511.jpg\",\"datePublished\":\"2023-03-01T16:11:14+00:00\",\"dateModified\":\"2026-04-18T21:43:24+00:00\",\"breadcrumb\":{\"@id\":\"https:\\\/\\\/shop.bantam.ch\\\/fr\\\/produit\\\/sac-de-couchage-camper-gris\\\/#breadcrumb\"},\"inLanguage\":\"fr-FR\",\"potentialAction\":[{\"@type\":\"ReadAction\",\"target\":[\"https:\\\/\\\/shop.bantam.ch\\\/fr\\\/produit\\\/sac-de-couchage-camper-gris\\\/\"]}]},{\"@type\":\"ImageObject\",\"inLanguage\":\"fr-FR\",\"@id\":\"https:\\\/\\\/shop.bantam.ch\\\/fr\\\/produit\\\/sac-de-couchage-camper-gris\\\/#primaryimage\",\"url\":\"https:\\\/\\\/shop.bantam.ch\\\/wp-content\\\/uploads\\\/2023\\\/03\\\/996155511.jpg\",\"contentUrl\":\"https:\\\/\\\/shop.bantam.ch\\\/wp-content\\\/uploads\\\/2023\\\/03\\\/996155511.jpg\",\"width\":905,\"height\":1000},{\"@type\":\"BreadcrumbList\",\"@id\":\"https:\\\/\\\/shop.bantam.ch\\\/fr\\\/produit\\\/sac-de-couchage-camper-gris\\\/#breadcrumb\",\"itemListElement\":[{\"@type\":\"ListItem\",\"position\":1,\"name\":\"Accueil\",\"item\":\"https:\\\/\\\/shop.bantam.ch\\\/fr\\\/\"},{\"@type\":\"ListItem\",\"position\":2,\"name\":\"Boutique\",\"item\":\"https:\\\/\\\/shop.bantam.ch\\\/fr\\\/boutique\\\/\"},{\"@type\":\"ListItem\",\"position\":3,\"name\":\"Sac de couchage Camper, gris\"}]},{\"@type\":\"WebSite\",\"@id\":\"https:\\\/\\\/shop.bantam.ch\\\/fr\\\/#website\",\"url\":\"https:\\\/\\\/shop.bantam.ch\\\/fr\\\/\",\"name\":\"Bantam Wankm\u00fcller SA\",\"description\":\"\",\"publisher\":{\"@id\":\"https:\\\/\\\/shop.bantam.ch\\\/fr\\\/#organization\"},\"inLanguage\":\"fr-FR\"},{\"@type\":\"Organization\",\"@id\":\"https:\\\/\\\/shop.bantam.ch\\\/fr\\\/#organization\",\"name\":\"Bantam Wankm\u00fcller SA\",\"url\":\"https:\\\/\\\/shop.bantam.ch\\\/fr\\\/\",\"logo\":{\"@type\":\"ImageObject\",\"inLanguage\":\"fr-FR\",\"@id\":\"https:\\\/\\\/shop.bantam.ch\\\/fr\\\/#\\\/schema\\\/logo\\\/image\\\/\",\"url\":\"https:\\\/\\\/shop.bantam.ch\\\/wp-content\\\/uploads\\\/2022\\\/12\\\/bantam-logo.png\",\"contentUrl\":\"https:\\\/\\\/shop.bantam.ch\\\/wp-content\\\/uploads\\\/2022\\\/12\\\/bantam-logo.png\",\"width\":320,\"height\":71,\"caption\":\"Bantam Wankm\u00fcller SA\"},\"image\":{\"@id\":\"https:\\\/\\\/shop.bantam.ch\\\/fr\\\/#\\\/schema\\\/logo\\\/image\\\/\"}}]}<\/script>\n<!-- \/ Yoast SEO plugin. -->","yoast_head_json":{"title":"Sac de couchage Camper, gris - Bantam Wankm\u00fcller SA","robots":{"index":"index","follow":"follow","max-snippet":"max-snippet:-1","max-image-preview":"max-image-preview:large","max-video-preview":"max-video-preview:-1"},"canonical":"https:\/\/shop.bantam.ch\/fr\/produit\/sac-de-couchage-camper-gris\/","og_locale":"fr_FR","og_type":"article","og_title":"Sac de couchage Camper, gris - Bantam Wankm\u00fcller SA","og_description":"Le sac de couchage Outwell Camper a toujours \u00e9t\u00e9 le mod\u00e8le favori de la famille. Avec ce sac de couchage, vous passerez de tr\u00e8s belles vacances d\u2019\u00e9t\u00e9. Blottissez-vous dans la housse int\u00e9rieure douce aux couleurs contrast\u00e9es, l\u2019isolation moelleuse vous gardera bien au chaud et vous vous sentirez bien repos\u00e9 le matin apr\u00e8s une nuit blotti [&hellip;]","og_url":"https:\/\/shop.bantam.ch\/fr\/produit\/sac-de-couchage-camper-gris\/","og_site_name":"Bantam Wankm\u00fcller SA","article_modified_time":"2026-04-18T21:43:24+00:00","og_image":[{"width":905,"height":1000,"url":"https:\/\/shop.bantam.ch\/wp-content\/uploads\/2023\/03\/996155511.jpg","type":"image\/jpeg"}],"twitter_card":"summary_large_image","twitter_misc":{"Dur\u00e9e de lecture estim\u00e9e":"1 minute"},"schema":{"@context":"https:\/\/schema.org","@graph":[{"@type":"WebPage","@id":"https:\/\/shop.bantam.ch\/fr\/produit\/sac-de-couchage-camper-gris\/","url":"https:\/\/shop.bantam.ch\/fr\/produit\/sac-de-couchage-camper-gris\/","name":"Sac de couchage Camper, gris - Bantam Wankm\u00fcller SA","isPartOf":{"@id":"https:\/\/shop.bantam.ch\/fr\/#website"},"primaryImageOfPage":{"@id":"https:\/\/shop.bantam.ch\/fr\/produit\/sac-de-couchage-camper-gris\/#primaryimage"},"image":{"@id":"https:\/\/shop.bantam.ch\/fr\/produit\/sac-de-couchage-camper-gris\/#primaryimage"},"thumbnailUrl":"https:\/\/shop.bantam.ch\/wp-content\/uploads\/2023\/03\/996155511.jpg","datePublished":"2023-03-01T16:11:14+00:00","dateModified":"2026-04-18T21:43:24+00:00","breadcrumb":{"@id":"https:\/\/shop.bantam.ch\/fr\/produit\/sac-de-couchage-camper-gris\/#breadcrumb"},"inLanguage":"fr-FR","potentialAction":[{"@type":"ReadAction","target":["https:\/\/shop.bantam.ch\/fr\/produit\/sac-de-couchage-camper-gris\/"]}]},{"@type":"ImageObject","inLanguage":"fr-FR","@id":"https:\/\/shop.bantam.ch\/fr\/produit\/sac-de-couchage-camper-gris\/#primaryimage","url":"https:\/\/shop.bantam.ch\/wp-content\/uploads\/2023\/03\/996155511.jpg","contentUrl":"https:\/\/shop.bantam.ch\/wp-content\/uploads\/2023\/03\/996155511.jpg","width":905,"height":1000},{"@type":"BreadcrumbList","@id":"https:\/\/shop.bantam.ch\/fr\/produit\/sac-de-couchage-camper-gris\/#breadcrumb","itemListElement":[{"@type":"ListItem","position":1,"name":"Accueil","item":"https:\/\/shop.bantam.ch\/fr\/"},{"@type":"ListItem","position":2,"name":"Boutique","item":"https:\/\/shop.bantam.ch\/fr\/boutique\/"},{"@type":"ListItem","position":3,"name":"Sac de couchage Camper, gris"}]},{"@type":"WebSite","@id":"https:\/\/shop.bantam.ch\/fr\/#website","url":"https:\/\/shop.bantam.ch\/fr\/","name":"Bantam Wankm\u00fcller SA","description":"","publisher":{"@id":"https:\/\/shop.bantam.ch\/fr\/#organization"},"inLanguage":"fr-FR"},{"@type":"Organization","@id":"https:\/\/shop.bantam.ch\/fr\/#organization","name":"Bantam Wankm\u00fcller SA","url":"https:\/\/shop.bantam.ch\/fr\/","logo":{"@type":"ImageObject","inLanguage":"fr-FR","@id":"https:\/\/shop.bantam.ch\/fr\/#\/schema\/logo\/image\/","url":"https:\/\/shop.bantam.ch\/wp-content\/uploads\/2022\/12\/bantam-logo.png","contentUrl":"https:\/\/shop.bantam.ch\/wp-content\/uploads\/2022\/12\/bantam-logo.png","width":320,"height":71,"caption":"Bantam Wankm\u00fcller SA"},"image":{"@id":"https:\/\/shop.bantam.ch\/fr\/#\/schema\/logo\/image\/"}}]}},"_links":{"self":[{"href":"https:\/\/shop.bantam.ch\/fr\/wp-json\/wp\/v2\/product\/132844","targetHints":{"allow":["GET"]}}],"collection":[{"href":"https:\/\/shop.bantam.ch\/fr\/wp-json\/wp\/v2\/product"}],"about":[{"href":"https:\/\/shop.bantam.ch\/fr\/wp-json\/wp\/v2\/types\/product"}],"wp:featuredmedia":[{"embeddable":true,"href":"https:\/\/shop.bantam.ch\/fr\/wp-json\/wp\/v2\/media\/132828"}],"wp:attachment":[{"href":"https:\/\/shop.bantam.ch\/fr\/wp-json\/wp\/v2\/media?parent=132844"}],"wp:term":[{"taxonomy":"product_featured_cat","embeddable":true,"href":"https:\/\/shop.bantam.ch\/fr\/wp-json\/wp\/v2\/product_featured_cat?post=132844"},{"taxonomy":"product_brand","embeddable":true,"href":"https:\/\/shop.bantam.ch\/fr\/wp-json\/wp\/v2\/product_brand?post=132844"},{"taxonomy":"product_cat","embeddable":true,"href":"https:\/\/shop.bantam.ch\/fr\/wp-json\/wp\/v2\/product_cat?post=132844"},{"taxonomy":"product_tag","embeddable":true,"href":"https:\/\/shop.bantam.ch\/fr\/wp-json\/wp\/v2\/product_tag?post=132844"}],"curies":[{"name":"wp","href":"https:\/\/api.w.org\/{rel}","templated":true}]}}