{"id":132736,"date":"2023-03-01T17:10:03","date_gmt":"2023-03-01T16:10:03","guid":{"rendered":"https:\/\/shop.bantam.ch\/produit\/auvent-de-bus-jonesville440sa-flex-vert\/"},"modified":"2026-04-18T21:51:44","modified_gmt":"2026-04-18T19:51:44","slug":"auvent-de-bus-jonesville440sa-flex-vert","status":"publish","type":"product","link":"https:\/\/shop.bantam.ch\/fr\/produit\/auvent-de-bus-jonesville440sa-flex-vert\/","title":{"rendered":"Auvent bus Outwell Jonesville 440SA Flex vert"},"content":{"rendered":"<p>L&rsquo;auvent de bus gonflable Jonesville 440SA se monte parall\u00e8lement au v\u00e9hicule, ce qui permet d&rsquo;exploiter au mieux l&rsquo;espace. Il permet une r\u00e9partition flexible de l&rsquo;espace gr\u00e2ce \u00e0 sa fa\u00e7ade avant amovible, ce qui permet d&rsquo;adapter l&rsquo;int\u00e9rieur \u00e0 toutes les conditions. La fa\u00e7ade amovible peut \u00eatre d\u00e9plac\u00e9e d&rsquo;un \u00e9l\u00e9ment : un grand espace int\u00e9rieur ou un espace int\u00e9rieur plus petit, mais une fa\u00e7ade couverte. Une b\u00e2che de sol relev\u00e9e est comprise dans la livraison si la fa\u00e7ade est plac\u00e9e compl\u00e8tement \u00e0 l&rsquo;avant. La porte avant mobile, ainsi que les deux portes lat\u00e9rales dans l&rsquo;habitacle, sont \u00e9quip\u00e9es d&rsquo;une porte suppl\u00e9mentaire en moustiquaire qui assure une bonne a\u00e9ration. Le sas de la tente est enti\u00e8rement amovible et peut \u00eatre mont\u00e9 des deux c\u00f4t\u00e9s. Ce sont surtout les propri\u00e9taires d&rsquo;un fourgon avec deux portes coulissantes ou avec une cuisine arri\u00e8re qui appr\u00e9cient cette possibilit\u00e9 d&rsquo;utilisation flexible. Sans sas, elle peut aussi \u00eatre utilis\u00e9e comme tente de camping normale. La zone du sas avec deux autres entr\u00e9es peut \u00eatre recouverte avec la b\u00e2che de sol fournie. Avec la cabine de couchage optionnelle pour 4 personnes, c&rsquo;est l&rsquo;accessoire id\u00e9al pour les familles. Convient au syst\u00e8me Outwell Nightlight, qui offre un \u00e9clairage int\u00e9gr\u00e9 \u00e0 l&rsquo;int\u00e9rieur et \u00e0 l&rsquo;ext\u00e9rieur de la tente, aliment\u00e9 par des kits ONS Light Unit en option.<\/p>\n<p>Mat\u00e9riau\u00a0:<br \/>Tente : 100 % polyester <br \/>Sol : 100\u00a0% poly\u00e9thyl\u00e8ne<\/p>\n","protected":false},"excerpt":{"rendered":"<p>L&rsquo;auvent de bus gonflable Jonesville 440SA se monte parall\u00e8lement au v\u00e9hicule, ce qui permet d&rsquo;exploiter au mieux l&rsquo;espace. Il permet une r\u00e9partition flexible de l&rsquo;espace gr\u00e2ce \u00e0 sa fa\u00e7ade avant amovible, ce qui permet d&rsquo;adapter l&rsquo;int\u00e9rieur \u00e0 toutes les conditions. La fa\u00e7ade amovible peut \u00eatre d\u00e9plac\u00e9e d&rsquo;un \u00e9l\u00e9ment : un grand espace int\u00e9rieur ou un [&hellip;]<\/p>\n","protected":false},"featured_media":132686,"template":"","meta":{"_acf_changed":false},"product_featured_cat":[],"product_brand":[3296],"product_cat":[4915],"product_tag":[],"class_list":{"0":"post-132736","1":"product","2":"type-product","3":"status-publish","4":"has-post-thumbnail","6":"product_brand-outwell","7":"product_cat-auvents-de-bus-et-camping-cars","9":"first","10":"instock","11":"taxable","12":"shipping-taxable","13":"purchasable","14":"product-type-simple"},"acf":[],"yoast_head":"<!-- This site is optimized with the Yoast SEO plugin v27.4 - https:\/\/yoast.com\/product\/yoast-seo-wordpress\/ -->\n<title>Auvent bus Outwell Jonesville 440SA Flex vert - Bantam Wankm\u00fcller SA<\/title>\n<meta name=\"robots\" content=\"index, follow, max-snippet:-1, max-image-preview:large, max-video-preview:-1\" \/>\n<link rel=\"canonical\" href=\"https:\/\/shop.bantam.ch\/fr\/produit\/auvent-de-bus-jonesville440sa-flex-vert\/\" \/>\n<meta property=\"og:locale\" content=\"fr_FR\" \/>\n<meta property=\"og:type\" content=\"article\" \/>\n<meta property=\"og:title\" content=\"Auvent bus Outwell Jonesville 440SA Flex vert - Bantam Wankm\u00fcller SA\" \/>\n<meta property=\"og:description\" content=\"L&rsquo;auvent de bus gonflable Jonesville 440SA se monte parall\u00e8lement au v\u00e9hicule, ce qui permet d&rsquo;exploiter au mieux l&rsquo;espace. Il permet une r\u00e9partition flexible de l&rsquo;espace gr\u00e2ce \u00e0 sa fa\u00e7ade avant amovible, ce qui permet d&rsquo;adapter l&rsquo;int\u00e9rieur \u00e0 toutes les conditions. La fa\u00e7ade amovible peut \u00eatre d\u00e9plac\u00e9e d&rsquo;un \u00e9l\u00e9ment : un grand espace int\u00e9rieur ou un [&hellip;]\" \/>\n<meta property=\"og:url\" content=\"https:\/\/shop.bantam.ch\/fr\/produit\/auvent-de-bus-jonesville440sa-flex-vert\/\" \/>\n<meta property=\"og:site_name\" content=\"Bantam Wankm\u00fcller SA\" \/>\n<meta property=\"article:modified_time\" content=\"2026-04-18T19:51:44+00:00\" \/>\n<meta property=\"og:image\" content=\"https:\/\/shop.bantam.ch\/wp-content\/uploads\/2023\/03\/997058811.jpg\" \/>\n\t<meta property=\"og:image:width\" content=\"1000\" \/>\n\t<meta property=\"og:image:height\" content=\"520\" \/>\n\t<meta property=\"og:image:type\" content=\"image\/jpeg\" \/>\n<meta name=\"twitter:card\" content=\"summary_large_image\" \/>\n<meta name=\"twitter:label1\" content=\"Dur\u00e9e de lecture estim\u00e9e\" \/>\n\t<meta name=\"twitter:data1\" content=\"1 minute\" \/>\n<script type=\"application\/ld+json\" class=\"yoast-schema-graph\">{\"@context\":\"https:\\\/\\\/schema.org\",\"@graph\":[{\"@type\":\"WebPage\",\"@id\":\"https:\\\/\\\/shop.bantam.ch\\\/fr\\\/produit\\\/auvent-de-bus-jonesville440sa-flex-vert\\\/\",\"url\":\"https:\\\/\\\/shop.bantam.ch\\\/fr\\\/produit\\\/auvent-de-bus-jonesville440sa-flex-vert\\\/\",\"name\":\"Auvent bus Outwell Jonesville 440SA Flex vert - Bantam Wankm\u00fcller SA\",\"isPartOf\":{\"@id\":\"https:\\\/\\\/shop.bantam.ch\\\/fr\\\/#website\"},\"primaryImageOfPage\":{\"@id\":\"https:\\\/\\\/shop.bantam.ch\\\/fr\\\/produit\\\/auvent-de-bus-jonesville440sa-flex-vert\\\/#primaryimage\"},\"image\":{\"@id\":\"https:\\\/\\\/shop.bantam.ch\\\/fr\\\/produit\\\/auvent-de-bus-jonesville440sa-flex-vert\\\/#primaryimage\"},\"thumbnailUrl\":\"https:\\\/\\\/shop.bantam.ch\\\/wp-content\\\/uploads\\\/2023\\\/03\\\/997058811.jpg\",\"datePublished\":\"2023-03-01T16:10:03+00:00\",\"dateModified\":\"2026-04-18T19:51:44+00:00\",\"breadcrumb\":{\"@id\":\"https:\\\/\\\/shop.bantam.ch\\\/fr\\\/produit\\\/auvent-de-bus-jonesville440sa-flex-vert\\\/#breadcrumb\"},\"inLanguage\":\"fr-FR\",\"potentialAction\":[{\"@type\":\"ReadAction\",\"target\":[\"https:\\\/\\\/shop.bantam.ch\\\/fr\\\/produit\\\/auvent-de-bus-jonesville440sa-flex-vert\\\/\"]}]},{\"@type\":\"ImageObject\",\"inLanguage\":\"fr-FR\",\"@id\":\"https:\\\/\\\/shop.bantam.ch\\\/fr\\\/produit\\\/auvent-de-bus-jonesville440sa-flex-vert\\\/#primaryimage\",\"url\":\"https:\\\/\\\/shop.bantam.ch\\\/wp-content\\\/uploads\\\/2023\\\/03\\\/997058811.jpg\",\"contentUrl\":\"https:\\\/\\\/shop.bantam.ch\\\/wp-content\\\/uploads\\\/2023\\\/03\\\/997058811.jpg\",\"width\":1000,\"height\":520},{\"@type\":\"BreadcrumbList\",\"@id\":\"https:\\\/\\\/shop.bantam.ch\\\/fr\\\/produit\\\/auvent-de-bus-jonesville440sa-flex-vert\\\/#breadcrumb\",\"itemListElement\":[{\"@type\":\"ListItem\",\"position\":1,\"name\":\"Accueil\",\"item\":\"https:\\\/\\\/shop.bantam.ch\\\/fr\\\/\"},{\"@type\":\"ListItem\",\"position\":2,\"name\":\"Boutique\",\"item\":\"https:\\\/\\\/shop.bantam.ch\\\/fr\\\/boutique\\\/\"},{\"@type\":\"ListItem\",\"position\":3,\"name\":\"Auvent bus Outwell Jonesville 440SA Flex vert\"}]},{\"@type\":\"WebSite\",\"@id\":\"https:\\\/\\\/shop.bantam.ch\\\/fr\\\/#website\",\"url\":\"https:\\\/\\\/shop.bantam.ch\\\/fr\\\/\",\"name\":\"Bantam Wankm\u00fcller SA\",\"description\":\"\",\"publisher\":{\"@id\":\"https:\\\/\\\/shop.bantam.ch\\\/fr\\\/#organization\"},\"inLanguage\":\"fr-FR\"},{\"@type\":\"Organization\",\"@id\":\"https:\\\/\\\/shop.bantam.ch\\\/fr\\\/#organization\",\"name\":\"Bantam Wankm\u00fcller SA\",\"url\":\"https:\\\/\\\/shop.bantam.ch\\\/fr\\\/\",\"logo\":{\"@type\":\"ImageObject\",\"inLanguage\":\"fr-FR\",\"@id\":\"https:\\\/\\\/shop.bantam.ch\\\/fr\\\/#\\\/schema\\\/logo\\\/image\\\/\",\"url\":\"https:\\\/\\\/shop.bantam.ch\\\/wp-content\\\/uploads\\\/2022\\\/12\\\/bantam-logo.png\",\"contentUrl\":\"https:\\\/\\\/shop.bantam.ch\\\/wp-content\\\/uploads\\\/2022\\\/12\\\/bantam-logo.png\",\"width\":320,\"height\":71,\"caption\":\"Bantam Wankm\u00fcller SA\"},\"image\":{\"@id\":\"https:\\\/\\\/shop.bantam.ch\\\/fr\\\/#\\\/schema\\\/logo\\\/image\\\/\"}}]}<\/script>\n<!-- \/ Yoast SEO plugin. -->","yoast_head_json":{"title":"Auvent bus Outwell Jonesville 440SA Flex vert - Bantam Wankm\u00fcller SA","robots":{"index":"index","follow":"follow","max-snippet":"max-snippet:-1","max-image-preview":"max-image-preview:large","max-video-preview":"max-video-preview:-1"},"canonical":"https:\/\/shop.bantam.ch\/fr\/produit\/auvent-de-bus-jonesville440sa-flex-vert\/","og_locale":"fr_FR","og_type":"article","og_title":"Auvent bus Outwell Jonesville 440SA Flex vert - Bantam Wankm\u00fcller SA","og_description":"L&rsquo;auvent de bus gonflable Jonesville 440SA se monte parall\u00e8lement au v\u00e9hicule, ce qui permet d&rsquo;exploiter au mieux l&rsquo;espace. Il permet une r\u00e9partition flexible de l&rsquo;espace gr\u00e2ce \u00e0 sa fa\u00e7ade avant amovible, ce qui permet d&rsquo;adapter l&rsquo;int\u00e9rieur \u00e0 toutes les conditions. La fa\u00e7ade amovible peut \u00eatre d\u00e9plac\u00e9e d&rsquo;un \u00e9l\u00e9ment : un grand espace int\u00e9rieur ou un [&hellip;]","og_url":"https:\/\/shop.bantam.ch\/fr\/produit\/auvent-de-bus-jonesville440sa-flex-vert\/","og_site_name":"Bantam Wankm\u00fcller SA","article_modified_time":"2026-04-18T19:51:44+00:00","og_image":[{"width":1000,"height":520,"url":"https:\/\/shop.bantam.ch\/wp-content\/uploads\/2023\/03\/997058811.jpg","type":"image\/jpeg"}],"twitter_card":"summary_large_image","twitter_misc":{"Dur\u00e9e de lecture estim\u00e9e":"1 minute"},"schema":{"@context":"https:\/\/schema.org","@graph":[{"@type":"WebPage","@id":"https:\/\/shop.bantam.ch\/fr\/produit\/auvent-de-bus-jonesville440sa-flex-vert\/","url":"https:\/\/shop.bantam.ch\/fr\/produit\/auvent-de-bus-jonesville440sa-flex-vert\/","name":"Auvent bus Outwell Jonesville 440SA Flex vert - Bantam Wankm\u00fcller SA","isPartOf":{"@id":"https:\/\/shop.bantam.ch\/fr\/#website"},"primaryImageOfPage":{"@id":"https:\/\/shop.bantam.ch\/fr\/produit\/auvent-de-bus-jonesville440sa-flex-vert\/#primaryimage"},"image":{"@id":"https:\/\/shop.bantam.ch\/fr\/produit\/auvent-de-bus-jonesville440sa-flex-vert\/#primaryimage"},"thumbnailUrl":"https:\/\/shop.bantam.ch\/wp-content\/uploads\/2023\/03\/997058811.jpg","datePublished":"2023-03-01T16:10:03+00:00","dateModified":"2026-04-18T19:51:44+00:00","breadcrumb":{"@id":"https:\/\/shop.bantam.ch\/fr\/produit\/auvent-de-bus-jonesville440sa-flex-vert\/#breadcrumb"},"inLanguage":"fr-FR","potentialAction":[{"@type":"ReadAction","target":["https:\/\/shop.bantam.ch\/fr\/produit\/auvent-de-bus-jonesville440sa-flex-vert\/"]}]},{"@type":"ImageObject","inLanguage":"fr-FR","@id":"https:\/\/shop.bantam.ch\/fr\/produit\/auvent-de-bus-jonesville440sa-flex-vert\/#primaryimage","url":"https:\/\/shop.bantam.ch\/wp-content\/uploads\/2023\/03\/997058811.jpg","contentUrl":"https:\/\/shop.bantam.ch\/wp-content\/uploads\/2023\/03\/997058811.jpg","width":1000,"height":520},{"@type":"BreadcrumbList","@id":"https:\/\/shop.bantam.ch\/fr\/produit\/auvent-de-bus-jonesville440sa-flex-vert\/#breadcrumb","itemListElement":[{"@type":"ListItem","position":1,"name":"Accueil","item":"https:\/\/shop.bantam.ch\/fr\/"},{"@type":"ListItem","position":2,"name":"Boutique","item":"https:\/\/shop.bantam.ch\/fr\/boutique\/"},{"@type":"ListItem","position":3,"name":"Auvent bus Outwell Jonesville 440SA Flex vert"}]},{"@type":"WebSite","@id":"https:\/\/shop.bantam.ch\/fr\/#website","url":"https:\/\/shop.bantam.ch\/fr\/","name":"Bantam Wankm\u00fcller SA","description":"","publisher":{"@id":"https:\/\/shop.bantam.ch\/fr\/#organization"},"inLanguage":"fr-FR"},{"@type":"Organization","@id":"https:\/\/shop.bantam.ch\/fr\/#organization","name":"Bantam Wankm\u00fcller SA","url":"https:\/\/shop.bantam.ch\/fr\/","logo":{"@type":"ImageObject","inLanguage":"fr-FR","@id":"https:\/\/shop.bantam.ch\/fr\/#\/schema\/logo\/image\/","url":"https:\/\/shop.bantam.ch\/wp-content\/uploads\/2022\/12\/bantam-logo.png","contentUrl":"https:\/\/shop.bantam.ch\/wp-content\/uploads\/2022\/12\/bantam-logo.png","width":320,"height":71,"caption":"Bantam Wankm\u00fcller SA"},"image":{"@id":"https:\/\/shop.bantam.ch\/fr\/#\/schema\/logo\/image\/"}}]}},"_links":{"self":[{"href":"https:\/\/shop.bantam.ch\/fr\/wp-json\/wp\/v2\/product\/132736","targetHints":{"allow":["GET"]}}],"collection":[{"href":"https:\/\/shop.bantam.ch\/fr\/wp-json\/wp\/v2\/product"}],"about":[{"href":"https:\/\/shop.bantam.ch\/fr\/wp-json\/wp\/v2\/types\/product"}],"wp:featuredmedia":[{"embeddable":true,"href":"https:\/\/shop.bantam.ch\/fr\/wp-json\/wp\/v2\/media\/132686"}],"wp:attachment":[{"href":"https:\/\/shop.bantam.ch\/fr\/wp-json\/wp\/v2\/media?parent=132736"}],"wp:term":[{"taxonomy":"product_featured_cat","embeddable":true,"href":"https:\/\/shop.bantam.ch\/fr\/wp-json\/wp\/v2\/product_featured_cat?post=132736"},{"taxonomy":"product_brand","embeddable":true,"href":"https:\/\/shop.bantam.ch\/fr\/wp-json\/wp\/v2\/product_brand?post=132736"},{"taxonomy":"product_cat","embeddable":true,"href":"https:\/\/shop.bantam.ch\/fr\/wp-json\/wp\/v2\/product_cat?post=132736"},{"taxonomy":"product_tag","embeddable":true,"href":"https:\/\/shop.bantam.ch\/fr\/wp-json\/wp\/v2\/product_tag?post=132736"}],"curies":[{"name":"wp","href":"https:\/\/api.w.org\/{rel}","templated":true}]}}