{"id":132278,"date":"2023-03-01T17:03:29","date_gmt":"2023-03-01T16:03:29","guid":{"rendered":"https:\/\/shop.bantam.ch\/produit\/moustiquaire-supplementaire-flynet-pour-lanterneau-midi\/"},"modified":"2026-04-19T21:38:41","modified_gmt":"2026-04-19T19:38:41","slug":"moustiquaire-supplementaire-flynet-pour-lanterneau-midi","status":"publish","type":"product","link":"https:\/\/shop.bantam.ch\/fr\/produit\/moustiquaire-supplementaire-flynet-pour-lanterneau-midi\/","title":{"rendered":"Moustiquaire BRUNNER FLYNET pour lanterneau Midi"},"content":{"rendered":"<p>Moustiquaire suppl\u00e9mentaire avec cadre aluminium pour Dometic Midi Heki avec manivelle Prot\u00e9gez-vous contre les salet\u00e9s et les insectes ind\u00e9sirables gr\u00e2ce \u00e0 la nouvelle moustiquaire FLYNET. La moustiquaire FLYNET prot\u00e8ge votre v\u00e9hicule directement sur le toit et \u00e9vite l\u2019accumulation de mouches, de moustiques et autres b\u00eates, mais aussi de feuilles, d\u2019aiguilles, etc. au niveau du store d\u2019occultation et de la moustiquaire. La moustiquaire FLYNET est dot\u00e9e d\u2019un cadre en aluminium de grande qualit\u00e9. Vous pouvez ainsi l\u2019installer tr\u00e8s rapidement et tr\u00e8s facilement de mani\u00e8re durable sur le Dometic Midi Heki (avec la manivelle) sans per\u00e7age et\/ou vis. Le cadre Heki reste donc intact et b\u00e9n\u00e9ficie d\u2019une valorisation visuelle. Lorsque vous voulez retirer la moustiquaire FLYNET pour la nettoyer ou en hiver, il vous suffit de la soulever pour la d\u00e9gager.<\/p>\n<ul>\n<li>Cadre en aluminium l\u00e9ger tr\u00e8s stable<\/li>\n<li>Moustiquaire en fibre de verre r\u00e9sistante aux intemp\u00e9ries<\/li>\n<li>Aspect visuel de qualit\u00e9 gr\u00e2ce au profil\u00e9 alu moderne avec bords arrondis et brosses lat\u00e9rales<\/li>\n<li>Montage sans per\u00e7age ni vis<\/li>\n<li>Utilisable imm\u00e9diatement<\/li>\n<li>Adapt\u00e9 au mod\u00e8le Original Dometic Midi-Heki avec manivelle<\/li>\n<\/ul>\n","protected":false},"excerpt":{"rendered":"<p>Moustiquaire suppl\u00e9mentaire avec cadre aluminium pour Dometic Midi Heki avec manivelle Prot\u00e9gez-vous contre les salet\u00e9s et les insectes ind\u00e9sirables gr\u00e2ce \u00e0 la nouvelle moustiquaire FLYNET. La moustiquaire FLYNET prot\u00e8ge votre v\u00e9hicule directement sur le toit et \u00e9vite l\u2019accumulation de mouches, de moustiques et autres b\u00eates, mais aussi de feuilles, d\u2019aiguilles, etc. au niveau du store [&hellip;]<\/p>\n","protected":false},"featured_media":132268,"template":"","meta":{"_acf_changed":false},"product_featured_cat":[],"product_brand":[3080],"product_cat":[5049],"product_tag":[],"class_list":{"0":"post-132278","1":"product","2":"type-product","3":"status-publish","4":"has-post-thumbnail","6":"product_brand-brunner","7":"product_cat-protections-contre-les-insectes-pour-les-fenetres","9":"first","10":"instock","11":"taxable","12":"shipping-taxable","13":"purchasable","14":"product-type-simple"},"acf":[],"yoast_head":"<!-- This site is optimized with the Yoast SEO plugin v27.4 - https:\/\/yoast.com\/product\/yoast-seo-wordpress\/ -->\n<title>Moustiquaire BRUNNER FLYNET pour lanterneau Midi - Bantam Wankm\u00fcller SA<\/title>\n<meta name=\"robots\" content=\"index, follow, max-snippet:-1, max-image-preview:large, max-video-preview:-1\" \/>\n<link rel=\"canonical\" href=\"https:\/\/shop.bantam.ch\/fr\/produit\/moustiquaire-supplementaire-flynet-pour-lanterneau-midi\/\" \/>\n<meta property=\"og:locale\" content=\"fr_FR\" \/>\n<meta property=\"og:type\" content=\"article\" \/>\n<meta property=\"og:title\" content=\"Moustiquaire BRUNNER FLYNET pour lanterneau Midi - Bantam Wankm\u00fcller SA\" \/>\n<meta property=\"og:description\" content=\"Moustiquaire suppl\u00e9mentaire avec cadre aluminium pour Dometic Midi Heki avec manivelle Prot\u00e9gez-vous contre les salet\u00e9s et les insectes ind\u00e9sirables gr\u00e2ce \u00e0 la nouvelle moustiquaire FLYNET. La moustiquaire FLYNET prot\u00e8ge votre v\u00e9hicule directement sur le toit et \u00e9vite l\u2019accumulation de mouches, de moustiques et autres b\u00eates, mais aussi de feuilles, d\u2019aiguilles, etc. au niveau du store [&hellip;]\" \/>\n<meta property=\"og:url\" content=\"https:\/\/shop.bantam.ch\/fr\/produit\/moustiquaire-supplementaire-flynet-pour-lanterneau-midi\/\" \/>\n<meta property=\"og:site_name\" content=\"Bantam Wankm\u00fcller SA\" \/>\n<meta property=\"article:modified_time\" content=\"2026-04-19T19:38:41+00:00\" \/>\n<meta property=\"og:image\" content=\"https:\/\/shop.bantam.ch\/wp-content\/uploads\/2023\/03\/994377211.jpg\" \/>\n\t<meta property=\"og:image:width\" content=\"1000\" \/>\n\t<meta property=\"og:image:height\" content=\"731\" \/>\n\t<meta property=\"og:image:type\" content=\"image\/jpeg\" \/>\n<meta name=\"twitter:card\" content=\"summary_large_image\" \/>\n<meta name=\"twitter:label1\" content=\"Dur\u00e9e de lecture estim\u00e9e\" \/>\n\t<meta name=\"twitter:data1\" content=\"1 minute\" \/>\n<script type=\"application\/ld+json\" class=\"yoast-schema-graph\">{\"@context\":\"https:\\\/\\\/schema.org\",\"@graph\":[{\"@type\":\"WebPage\",\"@id\":\"https:\\\/\\\/shop.bantam.ch\\\/fr\\\/produit\\\/moustiquaire-supplementaire-flynet-pour-lanterneau-midi\\\/\",\"url\":\"https:\\\/\\\/shop.bantam.ch\\\/fr\\\/produit\\\/moustiquaire-supplementaire-flynet-pour-lanterneau-midi\\\/\",\"name\":\"Moustiquaire BRUNNER FLYNET pour lanterneau Midi - Bantam Wankm\u00fcller SA\",\"isPartOf\":{\"@id\":\"https:\\\/\\\/shop.bantam.ch\\\/fr\\\/#website\"},\"primaryImageOfPage\":{\"@id\":\"https:\\\/\\\/shop.bantam.ch\\\/fr\\\/produit\\\/moustiquaire-supplementaire-flynet-pour-lanterneau-midi\\\/#primaryimage\"},\"image\":{\"@id\":\"https:\\\/\\\/shop.bantam.ch\\\/fr\\\/produit\\\/moustiquaire-supplementaire-flynet-pour-lanterneau-midi\\\/#primaryimage\"},\"thumbnailUrl\":\"https:\\\/\\\/shop.bantam.ch\\\/wp-content\\\/uploads\\\/2023\\\/03\\\/994377211.jpg\",\"datePublished\":\"2023-03-01T16:03:29+00:00\",\"dateModified\":\"2026-04-19T19:38:41+00:00\",\"breadcrumb\":{\"@id\":\"https:\\\/\\\/shop.bantam.ch\\\/fr\\\/produit\\\/moustiquaire-supplementaire-flynet-pour-lanterneau-midi\\\/#breadcrumb\"},\"inLanguage\":\"fr-FR\",\"potentialAction\":[{\"@type\":\"ReadAction\",\"target\":[\"https:\\\/\\\/shop.bantam.ch\\\/fr\\\/produit\\\/moustiquaire-supplementaire-flynet-pour-lanterneau-midi\\\/\"]}]},{\"@type\":\"ImageObject\",\"inLanguage\":\"fr-FR\",\"@id\":\"https:\\\/\\\/shop.bantam.ch\\\/fr\\\/produit\\\/moustiquaire-supplementaire-flynet-pour-lanterneau-midi\\\/#primaryimage\",\"url\":\"https:\\\/\\\/shop.bantam.ch\\\/wp-content\\\/uploads\\\/2023\\\/03\\\/994377211.jpg\",\"contentUrl\":\"https:\\\/\\\/shop.bantam.ch\\\/wp-content\\\/uploads\\\/2023\\\/03\\\/994377211.jpg\",\"width\":1000,\"height\":731},{\"@type\":\"BreadcrumbList\",\"@id\":\"https:\\\/\\\/shop.bantam.ch\\\/fr\\\/produit\\\/moustiquaire-supplementaire-flynet-pour-lanterneau-midi\\\/#breadcrumb\",\"itemListElement\":[{\"@type\":\"ListItem\",\"position\":1,\"name\":\"Accueil\",\"item\":\"https:\\\/\\\/shop.bantam.ch\\\/fr\\\/\"},{\"@type\":\"ListItem\",\"position\":2,\"name\":\"Boutique\",\"item\":\"https:\\\/\\\/shop.bantam.ch\\\/fr\\\/boutique\\\/\"},{\"@type\":\"ListItem\",\"position\":3,\"name\":\"Moustiquaire BRUNNER FLYNET pour lanterneau Midi\"}]},{\"@type\":\"WebSite\",\"@id\":\"https:\\\/\\\/shop.bantam.ch\\\/fr\\\/#website\",\"url\":\"https:\\\/\\\/shop.bantam.ch\\\/fr\\\/\",\"name\":\"Bantam Wankm\u00fcller SA\",\"description\":\"\",\"publisher\":{\"@id\":\"https:\\\/\\\/shop.bantam.ch\\\/fr\\\/#organization\"},\"inLanguage\":\"fr-FR\"},{\"@type\":\"Organization\",\"@id\":\"https:\\\/\\\/shop.bantam.ch\\\/fr\\\/#organization\",\"name\":\"Bantam Wankm\u00fcller SA\",\"url\":\"https:\\\/\\\/shop.bantam.ch\\\/fr\\\/\",\"logo\":{\"@type\":\"ImageObject\",\"inLanguage\":\"fr-FR\",\"@id\":\"https:\\\/\\\/shop.bantam.ch\\\/fr\\\/#\\\/schema\\\/logo\\\/image\\\/\",\"url\":\"https:\\\/\\\/shop.bantam.ch\\\/wp-content\\\/uploads\\\/2022\\\/12\\\/bantam-logo.png\",\"contentUrl\":\"https:\\\/\\\/shop.bantam.ch\\\/wp-content\\\/uploads\\\/2022\\\/12\\\/bantam-logo.png\",\"width\":320,\"height\":71,\"caption\":\"Bantam Wankm\u00fcller SA\"},\"image\":{\"@id\":\"https:\\\/\\\/shop.bantam.ch\\\/fr\\\/#\\\/schema\\\/logo\\\/image\\\/\"}}]}<\/script>\n<!-- \/ Yoast SEO plugin. -->","yoast_head_json":{"title":"Moustiquaire BRUNNER FLYNET pour lanterneau Midi - Bantam Wankm\u00fcller SA","robots":{"index":"index","follow":"follow","max-snippet":"max-snippet:-1","max-image-preview":"max-image-preview:large","max-video-preview":"max-video-preview:-1"},"canonical":"https:\/\/shop.bantam.ch\/fr\/produit\/moustiquaire-supplementaire-flynet-pour-lanterneau-midi\/","og_locale":"fr_FR","og_type":"article","og_title":"Moustiquaire BRUNNER FLYNET pour lanterneau Midi - Bantam Wankm\u00fcller SA","og_description":"Moustiquaire suppl\u00e9mentaire avec cadre aluminium pour Dometic Midi Heki avec manivelle Prot\u00e9gez-vous contre les salet\u00e9s et les insectes ind\u00e9sirables gr\u00e2ce \u00e0 la nouvelle moustiquaire FLYNET. La moustiquaire FLYNET prot\u00e8ge votre v\u00e9hicule directement sur le toit et \u00e9vite l\u2019accumulation de mouches, de moustiques et autres b\u00eates, mais aussi de feuilles, d\u2019aiguilles, etc. au niveau du store [&hellip;]","og_url":"https:\/\/shop.bantam.ch\/fr\/produit\/moustiquaire-supplementaire-flynet-pour-lanterneau-midi\/","og_site_name":"Bantam Wankm\u00fcller SA","article_modified_time":"2026-04-19T19:38:41+00:00","og_image":[{"width":1000,"height":731,"url":"https:\/\/shop.bantam.ch\/wp-content\/uploads\/2023\/03\/994377211.jpg","type":"image\/jpeg"}],"twitter_card":"summary_large_image","twitter_misc":{"Dur\u00e9e de lecture estim\u00e9e":"1 minute"},"schema":{"@context":"https:\/\/schema.org","@graph":[{"@type":"WebPage","@id":"https:\/\/shop.bantam.ch\/fr\/produit\/moustiquaire-supplementaire-flynet-pour-lanterneau-midi\/","url":"https:\/\/shop.bantam.ch\/fr\/produit\/moustiquaire-supplementaire-flynet-pour-lanterneau-midi\/","name":"Moustiquaire BRUNNER FLYNET pour lanterneau Midi - Bantam Wankm\u00fcller SA","isPartOf":{"@id":"https:\/\/shop.bantam.ch\/fr\/#website"},"primaryImageOfPage":{"@id":"https:\/\/shop.bantam.ch\/fr\/produit\/moustiquaire-supplementaire-flynet-pour-lanterneau-midi\/#primaryimage"},"image":{"@id":"https:\/\/shop.bantam.ch\/fr\/produit\/moustiquaire-supplementaire-flynet-pour-lanterneau-midi\/#primaryimage"},"thumbnailUrl":"https:\/\/shop.bantam.ch\/wp-content\/uploads\/2023\/03\/994377211.jpg","datePublished":"2023-03-01T16:03:29+00:00","dateModified":"2026-04-19T19:38:41+00:00","breadcrumb":{"@id":"https:\/\/shop.bantam.ch\/fr\/produit\/moustiquaire-supplementaire-flynet-pour-lanterneau-midi\/#breadcrumb"},"inLanguage":"fr-FR","potentialAction":[{"@type":"ReadAction","target":["https:\/\/shop.bantam.ch\/fr\/produit\/moustiquaire-supplementaire-flynet-pour-lanterneau-midi\/"]}]},{"@type":"ImageObject","inLanguage":"fr-FR","@id":"https:\/\/shop.bantam.ch\/fr\/produit\/moustiquaire-supplementaire-flynet-pour-lanterneau-midi\/#primaryimage","url":"https:\/\/shop.bantam.ch\/wp-content\/uploads\/2023\/03\/994377211.jpg","contentUrl":"https:\/\/shop.bantam.ch\/wp-content\/uploads\/2023\/03\/994377211.jpg","width":1000,"height":731},{"@type":"BreadcrumbList","@id":"https:\/\/shop.bantam.ch\/fr\/produit\/moustiquaire-supplementaire-flynet-pour-lanterneau-midi\/#breadcrumb","itemListElement":[{"@type":"ListItem","position":1,"name":"Accueil","item":"https:\/\/shop.bantam.ch\/fr\/"},{"@type":"ListItem","position":2,"name":"Boutique","item":"https:\/\/shop.bantam.ch\/fr\/boutique\/"},{"@type":"ListItem","position":3,"name":"Moustiquaire BRUNNER FLYNET pour lanterneau Midi"}]},{"@type":"WebSite","@id":"https:\/\/shop.bantam.ch\/fr\/#website","url":"https:\/\/shop.bantam.ch\/fr\/","name":"Bantam Wankm\u00fcller SA","description":"","publisher":{"@id":"https:\/\/shop.bantam.ch\/fr\/#organization"},"inLanguage":"fr-FR"},{"@type":"Organization","@id":"https:\/\/shop.bantam.ch\/fr\/#organization","name":"Bantam Wankm\u00fcller SA","url":"https:\/\/shop.bantam.ch\/fr\/","logo":{"@type":"ImageObject","inLanguage":"fr-FR","@id":"https:\/\/shop.bantam.ch\/fr\/#\/schema\/logo\/image\/","url":"https:\/\/shop.bantam.ch\/wp-content\/uploads\/2022\/12\/bantam-logo.png","contentUrl":"https:\/\/shop.bantam.ch\/wp-content\/uploads\/2022\/12\/bantam-logo.png","width":320,"height":71,"caption":"Bantam Wankm\u00fcller SA"},"image":{"@id":"https:\/\/shop.bantam.ch\/fr\/#\/schema\/logo\/image\/"}}]}},"_links":{"self":[{"href":"https:\/\/shop.bantam.ch\/fr\/wp-json\/wp\/v2\/product\/132278","targetHints":{"allow":["GET"]}}],"collection":[{"href":"https:\/\/shop.bantam.ch\/fr\/wp-json\/wp\/v2\/product"}],"about":[{"href":"https:\/\/shop.bantam.ch\/fr\/wp-json\/wp\/v2\/types\/product"}],"wp:featuredmedia":[{"embeddable":true,"href":"https:\/\/shop.bantam.ch\/fr\/wp-json\/wp\/v2\/media\/132268"}],"wp:attachment":[{"href":"https:\/\/shop.bantam.ch\/fr\/wp-json\/wp\/v2\/media?parent=132278"}],"wp:term":[{"taxonomy":"product_featured_cat","embeddable":true,"href":"https:\/\/shop.bantam.ch\/fr\/wp-json\/wp\/v2\/product_featured_cat?post=132278"},{"taxonomy":"product_brand","embeddable":true,"href":"https:\/\/shop.bantam.ch\/fr\/wp-json\/wp\/v2\/product_brand?post=132278"},{"taxonomy":"product_cat","embeddable":true,"href":"https:\/\/shop.bantam.ch\/fr\/wp-json\/wp\/v2\/product_cat?post=132278"},{"taxonomy":"product_tag","embeddable":true,"href":"https:\/\/shop.bantam.ch\/fr\/wp-json\/wp\/v2\/product_tag?post=132278"}],"curies":[{"name":"wp","href":"https:\/\/api.w.org\/{rel}","templated":true}]}}