{"id":132254,"date":"2023-03-01T17:03:05","date_gmt":"2023-03-01T16:03:05","guid":{"rendered":"https:\/\/shop.bantam.ch\/produit\/toile-isolante-pour-toits-ouvrants-thermoskin-xt\/"},"modified":"2026-04-18T23:06:24","modified_gmt":"2026-04-18T21:06:24","slug":"toile-isolante-pour-toits-ouvrants-thermoskin-xt","status":"publish","type":"product","link":"https:\/\/shop.bantam.ch\/fr\/produit\/toile-isolante-pour-toits-ouvrants-thermoskin-xt\/","title":{"rendered":"Toile isolante pour toits ouvrants Thermoskin\u00a0XT"},"content":{"rendered":"<p>Toile isolante pour toits ouvrants Thermoskin<\/p>\n<ul>\n<li>\u00c9tanche et r\u00e9sistante aux UV<\/li>\n<li>Emp\u00eache la perte de chaleur en hiver et prot\u00e8ge de la chaleur en \u00e9t\u00e9<\/li>\n<li>Prot\u00e8ge contre l\u2019humidit\u00e9<\/li>\n<li>Le sac de rangement n\u2019est pas inclus dans la livraison<\/li>\n<\/ul>\n","protected":false},"excerpt":{"rendered":"<p>Toile isolante pour toits ouvrants Thermoskin \u00c9tanche et r\u00e9sistante aux UV Emp\u00eache la perte de chaleur en hiver et prot\u00e8ge de la chaleur en \u00e9t\u00e9 Prot\u00e8ge contre l\u2019humidit\u00e9 Le sac de rangement n\u2019est pas inclus dans la livraison<\/p>\n","protected":false},"featured_media":132248,"template":"","meta":{"_acf_changed":false},"product_featured_cat":[],"product_brand":[3080],"product_cat":[4641],"product_tag":[],"class_list":{"0":"post-132254","1":"product","2":"type-product","3":"status-publish","4":"has-post-thumbnail","6":"product_brand-brunner","7":"product_cat-matelas-et-rideaux-thermiques","9":"first","10":"instock","11":"taxable","12":"shipping-taxable","13":"purchasable","14":"product-type-variable"},"acf":[],"yoast_head":"<!-- This site is optimized with the Yoast SEO plugin v27.4 - https:\/\/yoast.com\/product\/yoast-seo-wordpress\/ -->\n<title>Toile isolante pour toits ouvrants Thermoskin\u00a0XT - Bantam Wankm\u00fcller SA<\/title>\n<meta name=\"robots\" content=\"index, follow, max-snippet:-1, max-image-preview:large, max-video-preview:-1\" \/>\n<link rel=\"canonical\" href=\"https:\/\/shop.bantam.ch\/fr\/produit\/toile-isolante-pour-toits-ouvrants-thermoskin-xt\/\" \/>\n<meta property=\"og:locale\" content=\"fr_FR\" \/>\n<meta property=\"og:type\" content=\"article\" \/>\n<meta property=\"og:title\" content=\"Toile isolante pour toits ouvrants Thermoskin\u00a0XT - Bantam Wankm\u00fcller SA\" \/>\n<meta property=\"og:description\" content=\"Toile isolante pour toits ouvrants Thermoskin \u00c9tanche et r\u00e9sistante aux UV Emp\u00eache la perte de chaleur en hiver et prot\u00e8ge de la chaleur en \u00e9t\u00e9 Prot\u00e8ge contre l\u2019humidit\u00e9 Le sac de rangement n\u2019est pas inclus dans la livraison\" \/>\n<meta property=\"og:url\" content=\"https:\/\/shop.bantam.ch\/fr\/produit\/toile-isolante-pour-toits-ouvrants-thermoskin-xt\/\" \/>\n<meta property=\"og:site_name\" content=\"Bantam Wankm\u00fcller SA\" \/>\n<meta property=\"article:modified_time\" content=\"2026-04-18T21:06:24+00:00\" \/>\n<meta property=\"og:image\" content=\"https:\/\/shop.bantam.ch\/wp-content\/uploads\/2023\/03\/994376511.jpg\" \/>\n\t<meta property=\"og:image:width\" content=\"1000\" \/>\n\t<meta property=\"og:image:height\" content=\"625\" \/>\n\t<meta property=\"og:image:type\" content=\"image\/jpeg\" \/>\n<meta name=\"twitter:card\" content=\"summary_large_image\" \/>\n<script type=\"application\/ld+json\" class=\"yoast-schema-graph\">{\"@context\":\"https:\\\/\\\/schema.org\",\"@graph\":[{\"@type\":\"WebPage\",\"@id\":\"https:\\\/\\\/shop.bantam.ch\\\/fr\\\/produit\\\/toile-isolante-pour-toits-ouvrants-thermoskin-xt\\\/\",\"url\":\"https:\\\/\\\/shop.bantam.ch\\\/fr\\\/produit\\\/toile-isolante-pour-toits-ouvrants-thermoskin-xt\\\/\",\"name\":\"Toile isolante pour toits ouvrants Thermoskin\u00a0XT - Bantam Wankm\u00fcller SA\",\"isPartOf\":{\"@id\":\"https:\\\/\\\/shop.bantam.ch\\\/fr\\\/#website\"},\"primaryImageOfPage\":{\"@id\":\"https:\\\/\\\/shop.bantam.ch\\\/fr\\\/produit\\\/toile-isolante-pour-toits-ouvrants-thermoskin-xt\\\/#primaryimage\"},\"image\":{\"@id\":\"https:\\\/\\\/shop.bantam.ch\\\/fr\\\/produit\\\/toile-isolante-pour-toits-ouvrants-thermoskin-xt\\\/#primaryimage\"},\"thumbnailUrl\":\"https:\\\/\\\/shop.bantam.ch\\\/wp-content\\\/uploads\\\/2023\\\/03\\\/994376511.jpg\",\"datePublished\":\"2023-03-01T16:03:05+00:00\",\"dateModified\":\"2026-04-18T21:06:24+00:00\",\"breadcrumb\":{\"@id\":\"https:\\\/\\\/shop.bantam.ch\\\/fr\\\/produit\\\/toile-isolante-pour-toits-ouvrants-thermoskin-xt\\\/#breadcrumb\"},\"inLanguage\":\"fr-FR\",\"potentialAction\":[{\"@type\":\"ReadAction\",\"target\":[\"https:\\\/\\\/shop.bantam.ch\\\/fr\\\/produit\\\/toile-isolante-pour-toits-ouvrants-thermoskin-xt\\\/\"]}]},{\"@type\":\"ImageObject\",\"inLanguage\":\"fr-FR\",\"@id\":\"https:\\\/\\\/shop.bantam.ch\\\/fr\\\/produit\\\/toile-isolante-pour-toits-ouvrants-thermoskin-xt\\\/#primaryimage\",\"url\":\"https:\\\/\\\/shop.bantam.ch\\\/wp-content\\\/uploads\\\/2023\\\/03\\\/994376511.jpg\",\"contentUrl\":\"https:\\\/\\\/shop.bantam.ch\\\/wp-content\\\/uploads\\\/2023\\\/03\\\/994376511.jpg\",\"width\":1000,\"height\":625},{\"@type\":\"BreadcrumbList\",\"@id\":\"https:\\\/\\\/shop.bantam.ch\\\/fr\\\/produit\\\/toile-isolante-pour-toits-ouvrants-thermoskin-xt\\\/#breadcrumb\",\"itemListElement\":[{\"@type\":\"ListItem\",\"position\":1,\"name\":\"Accueil\",\"item\":\"https:\\\/\\\/shop.bantam.ch\\\/fr\\\/\"},{\"@type\":\"ListItem\",\"position\":2,\"name\":\"Boutique\",\"item\":\"https:\\\/\\\/shop.bantam.ch\\\/fr\\\/boutique\\\/\"},{\"@type\":\"ListItem\",\"position\":3,\"name\":\"Toile isolante pour toits ouvrants Thermoskin\u00a0XT\"}]},{\"@type\":\"WebSite\",\"@id\":\"https:\\\/\\\/shop.bantam.ch\\\/fr\\\/#website\",\"url\":\"https:\\\/\\\/shop.bantam.ch\\\/fr\\\/\",\"name\":\"Bantam Wankm\u00fcller SA\",\"description\":\"\",\"publisher\":{\"@id\":\"https:\\\/\\\/shop.bantam.ch\\\/fr\\\/#organization\"},\"inLanguage\":\"fr-FR\"},{\"@type\":\"Organization\",\"@id\":\"https:\\\/\\\/shop.bantam.ch\\\/fr\\\/#organization\",\"name\":\"Bantam Wankm\u00fcller SA\",\"url\":\"https:\\\/\\\/shop.bantam.ch\\\/fr\\\/\",\"logo\":{\"@type\":\"ImageObject\",\"inLanguage\":\"fr-FR\",\"@id\":\"https:\\\/\\\/shop.bantam.ch\\\/fr\\\/#\\\/schema\\\/logo\\\/image\\\/\",\"url\":\"https:\\\/\\\/shop.bantam.ch\\\/wp-content\\\/uploads\\\/2022\\\/12\\\/bantam-logo.png\",\"contentUrl\":\"https:\\\/\\\/shop.bantam.ch\\\/wp-content\\\/uploads\\\/2022\\\/12\\\/bantam-logo.png\",\"width\":320,\"height\":71,\"caption\":\"Bantam Wankm\u00fcller SA\"},\"image\":{\"@id\":\"https:\\\/\\\/shop.bantam.ch\\\/fr\\\/#\\\/schema\\\/logo\\\/image\\\/\"}}]}<\/script>\n<!-- \/ Yoast SEO plugin. -->","yoast_head_json":{"title":"Toile isolante pour toits ouvrants Thermoskin\u00a0XT - Bantam Wankm\u00fcller SA","robots":{"index":"index","follow":"follow","max-snippet":"max-snippet:-1","max-image-preview":"max-image-preview:large","max-video-preview":"max-video-preview:-1"},"canonical":"https:\/\/shop.bantam.ch\/fr\/produit\/toile-isolante-pour-toits-ouvrants-thermoskin-xt\/","og_locale":"fr_FR","og_type":"article","og_title":"Toile isolante pour toits ouvrants Thermoskin\u00a0XT - Bantam Wankm\u00fcller SA","og_description":"Toile isolante pour toits ouvrants Thermoskin \u00c9tanche et r\u00e9sistante aux UV Emp\u00eache la perte de chaleur en hiver et prot\u00e8ge de la chaleur en \u00e9t\u00e9 Prot\u00e8ge contre l\u2019humidit\u00e9 Le sac de rangement n\u2019est pas inclus dans la livraison","og_url":"https:\/\/shop.bantam.ch\/fr\/produit\/toile-isolante-pour-toits-ouvrants-thermoskin-xt\/","og_site_name":"Bantam Wankm\u00fcller SA","article_modified_time":"2026-04-18T21:06:24+00:00","og_image":[{"width":1000,"height":625,"url":"https:\/\/shop.bantam.ch\/wp-content\/uploads\/2023\/03\/994376511.jpg","type":"image\/jpeg"}],"twitter_card":"summary_large_image","schema":{"@context":"https:\/\/schema.org","@graph":[{"@type":"WebPage","@id":"https:\/\/shop.bantam.ch\/fr\/produit\/toile-isolante-pour-toits-ouvrants-thermoskin-xt\/","url":"https:\/\/shop.bantam.ch\/fr\/produit\/toile-isolante-pour-toits-ouvrants-thermoskin-xt\/","name":"Toile isolante pour toits ouvrants Thermoskin\u00a0XT - Bantam Wankm\u00fcller SA","isPartOf":{"@id":"https:\/\/shop.bantam.ch\/fr\/#website"},"primaryImageOfPage":{"@id":"https:\/\/shop.bantam.ch\/fr\/produit\/toile-isolante-pour-toits-ouvrants-thermoskin-xt\/#primaryimage"},"image":{"@id":"https:\/\/shop.bantam.ch\/fr\/produit\/toile-isolante-pour-toits-ouvrants-thermoskin-xt\/#primaryimage"},"thumbnailUrl":"https:\/\/shop.bantam.ch\/wp-content\/uploads\/2023\/03\/994376511.jpg","datePublished":"2023-03-01T16:03:05+00:00","dateModified":"2026-04-18T21:06:24+00:00","breadcrumb":{"@id":"https:\/\/shop.bantam.ch\/fr\/produit\/toile-isolante-pour-toits-ouvrants-thermoskin-xt\/#breadcrumb"},"inLanguage":"fr-FR","potentialAction":[{"@type":"ReadAction","target":["https:\/\/shop.bantam.ch\/fr\/produit\/toile-isolante-pour-toits-ouvrants-thermoskin-xt\/"]}]},{"@type":"ImageObject","inLanguage":"fr-FR","@id":"https:\/\/shop.bantam.ch\/fr\/produit\/toile-isolante-pour-toits-ouvrants-thermoskin-xt\/#primaryimage","url":"https:\/\/shop.bantam.ch\/wp-content\/uploads\/2023\/03\/994376511.jpg","contentUrl":"https:\/\/shop.bantam.ch\/wp-content\/uploads\/2023\/03\/994376511.jpg","width":1000,"height":625},{"@type":"BreadcrumbList","@id":"https:\/\/shop.bantam.ch\/fr\/produit\/toile-isolante-pour-toits-ouvrants-thermoskin-xt\/#breadcrumb","itemListElement":[{"@type":"ListItem","position":1,"name":"Accueil","item":"https:\/\/shop.bantam.ch\/fr\/"},{"@type":"ListItem","position":2,"name":"Boutique","item":"https:\/\/shop.bantam.ch\/fr\/boutique\/"},{"@type":"ListItem","position":3,"name":"Toile isolante pour toits ouvrants Thermoskin\u00a0XT"}]},{"@type":"WebSite","@id":"https:\/\/shop.bantam.ch\/fr\/#website","url":"https:\/\/shop.bantam.ch\/fr\/","name":"Bantam Wankm\u00fcller SA","description":"","publisher":{"@id":"https:\/\/shop.bantam.ch\/fr\/#organization"},"inLanguage":"fr-FR"},{"@type":"Organization","@id":"https:\/\/shop.bantam.ch\/fr\/#organization","name":"Bantam Wankm\u00fcller SA","url":"https:\/\/shop.bantam.ch\/fr\/","logo":{"@type":"ImageObject","inLanguage":"fr-FR","@id":"https:\/\/shop.bantam.ch\/fr\/#\/schema\/logo\/image\/","url":"https:\/\/shop.bantam.ch\/wp-content\/uploads\/2022\/12\/bantam-logo.png","contentUrl":"https:\/\/shop.bantam.ch\/wp-content\/uploads\/2022\/12\/bantam-logo.png","width":320,"height":71,"caption":"Bantam Wankm\u00fcller SA"},"image":{"@id":"https:\/\/shop.bantam.ch\/fr\/#\/schema\/logo\/image\/"}}]}},"_links":{"self":[{"href":"https:\/\/shop.bantam.ch\/fr\/wp-json\/wp\/v2\/product\/132254","targetHints":{"allow":["GET"]}}],"collection":[{"href":"https:\/\/shop.bantam.ch\/fr\/wp-json\/wp\/v2\/product"}],"about":[{"href":"https:\/\/shop.bantam.ch\/fr\/wp-json\/wp\/v2\/types\/product"}],"wp:featuredmedia":[{"embeddable":true,"href":"https:\/\/shop.bantam.ch\/fr\/wp-json\/wp\/v2\/media\/132248"}],"wp:attachment":[{"href":"https:\/\/shop.bantam.ch\/fr\/wp-json\/wp\/v2\/media?parent=132254"}],"wp:term":[{"taxonomy":"product_featured_cat","embeddable":true,"href":"https:\/\/shop.bantam.ch\/fr\/wp-json\/wp\/v2\/product_featured_cat?post=132254"},{"taxonomy":"product_brand","embeddable":true,"href":"https:\/\/shop.bantam.ch\/fr\/wp-json\/wp\/v2\/product_brand?post=132254"},{"taxonomy":"product_cat","embeddable":true,"href":"https:\/\/shop.bantam.ch\/fr\/wp-json\/wp\/v2\/product_cat?post=132254"},{"taxonomy":"product_tag","embeddable":true,"href":"https:\/\/shop.bantam.ch\/fr\/wp-json\/wp\/v2\/product_tag?post=132254"}],"curies":[{"name":"wp","href":"https:\/\/api.w.org\/{rel}","templated":true}]}}