{"id":129952,"date":"2023-03-01T01:57:59","date_gmt":"2023-03-01T00:57:59","guid":{"rendered":"https:\/\/shop.bantam.ch\/produit\/assainisseur-de-reservoir-myfreshtank-1-l\/"},"modified":"2026-04-18T21:56:45","modified_gmt":"2026-04-18T19:56:45","slug":"assainisseur-de-reservoir-myfreshtank-1-l","status":"publish","type":"product","link":"https:\/\/shop.bantam.ch\/fr\/produit\/assainisseur-de-reservoir-myfreshtank-1-l\/","title":{"rendered":"Rafra\u00eech. citerne easydriver myfreshtank, contenu 1 l"},"content":{"rendered":"<p>Le nouveau rafra\u00eechisseur de r\u00e9servoir d&rsquo;eaux us\u00e9es microbiologique easydriver myfresh\u00aetank garantit plus de fra\u00eecheur dans votre maison sur roues. Il maintient durablement la propret\u00e9 du r\u00e9servoir et des canalisations en emp\u00eachant efficacement les salissures et les d\u00e9p\u00f4ts de graisse et en neutralisant efficacement les odeurs. Ainsi, vous pouvez simplement profiter de vos vacances sans souci et profiter sereinement de l&rsquo;atmosph\u00e8re.<br \/>La solution \u00e9cologique pour un r\u00e9servoir d&rsquo;eaux us\u00e9es toujours frais<br \/>Tout propri\u00e9taire de caravane ou de camping-car conna\u00eet l&rsquo;odeur d\u00e9sagr\u00e9able des eaux grises moisies. Malgr\u00e9 une vidange r\u00e9guli\u00e8re du r\u00e9servoir d&rsquo;eaux us\u00e9es, cette odeur peut s&rsquo;installer dans le r\u00e9servoir. En effet, le m\u00e9lange d&rsquo;eau savonneuse, de restes de nourriture et de graisse adh\u00e8re aux parois int\u00e9rieures des tuyaux. Easydriver myfresh\u00aetank contient des micro-organismes naturels qui d\u00e9composent m\u00eame les salet\u00e9s tenaces. Les d\u00e9p\u00f4ts sont dissous et les mauvaises odeurs disparaissent. Le r\u00e9servoir et les tuyauteries restent propres.<br \/>Ce produit est simple d&rsquo;utilisation\u00a0: vous n&rsquo;avez besoin que de 10 ml de myfresh\u00aetank pour 10 litres de contenu du r\u00e9servoir. Un flacon suffit pour de nombreuses applications. Le rafra\u00eechisseur de r\u00e9servoir biod\u00e9gradable se verse directement dans le tuyau d&rsquo;\u00e9vacuation de l&rsquo;\u00e9vier et de la douche.<\/p>\n<p>Sp\u00e9cificit\u00e9 : Cette solution \u00e9cologique ne contient que des ingr\u00e9dients naturels qui non seulement prot\u00e8gent les tuyaux, mais sont \u00e9galement inoffensifs pour l&rsquo;homme et la nature. Le syst\u00e8me d&rsquo;eaux us\u00e9es est enti\u00e8rement rafra\u00eechi avec le rafra\u00eechisseur easydriver myfresh\u00ae et vous pouvez profiter pleinement de vos vacances dans votre v\u00e9hicule de loisirs.<\/p>\n","protected":false},"excerpt":{"rendered":"<p>Le nouveau rafra\u00eechisseur de r\u00e9servoir d&rsquo;eaux us\u00e9es microbiologique easydriver myfresh\u00aetank garantit plus de fra\u00eecheur dans votre maison sur roues. Il maintient durablement la propret\u00e9 du r\u00e9servoir et des canalisations en emp\u00eachant efficacement les salissures et les d\u00e9p\u00f4ts de graisse et en neutralisant efficacement les odeurs. Ainsi, vous pouvez simplement profiter de vos vacances sans souci [&hellip;]<\/p>\n","protected":false},"featured_media":129950,"template":"","meta":{"_acf_changed":false},"product_featured_cat":[],"product_brand":[3132],"product_cat":[4599],"product_tag":[],"class_list":{"0":"post-129952","1":"product","2":"type-product","3":"status-publish","4":"has-post-thumbnail","6":"product_brand-easydriver","7":"product_cat-produits-dentretien","9":"first","10":"instock","11":"taxable","12":"shipping-taxable","13":"purchasable","14":"product-type-simple"},"acf":[],"yoast_head":"<!-- This site is optimized with the Yoast SEO plugin v27.4 - https:\/\/yoast.com\/product\/yoast-seo-wordpress\/ -->\n<title>Rafra\u00eech. citerne easydriver myfreshtank, contenu 1 l - Bantam Wankm\u00fcller SA<\/title>\n<meta name=\"robots\" content=\"index, follow, max-snippet:-1, max-image-preview:large, max-video-preview:-1\" \/>\n<link rel=\"canonical\" href=\"https:\/\/shop.bantam.ch\/fr\/produit\/assainisseur-de-reservoir-myfreshtank-1-l\/\" \/>\n<meta property=\"og:locale\" content=\"fr_FR\" \/>\n<meta property=\"og:type\" content=\"article\" \/>\n<meta property=\"og:title\" content=\"Rafra\u00eech. citerne easydriver myfreshtank, contenu 1 l - Bantam Wankm\u00fcller SA\" \/>\n<meta property=\"og:description\" content=\"Le nouveau rafra\u00eechisseur de r\u00e9servoir d&rsquo;eaux us\u00e9es microbiologique easydriver myfresh\u00aetank garantit plus de fra\u00eecheur dans votre maison sur roues. Il maintient durablement la propret\u00e9 du r\u00e9servoir et des canalisations en emp\u00eachant efficacement les salissures et les d\u00e9p\u00f4ts de graisse et en neutralisant efficacement les odeurs. Ainsi, vous pouvez simplement profiter de vos vacances sans souci [&hellip;]\" \/>\n<meta property=\"og:url\" content=\"https:\/\/shop.bantam.ch\/fr\/produit\/assainisseur-de-reservoir-myfreshtank-1-l\/\" \/>\n<meta property=\"og:site_name\" content=\"Bantam Wankm\u00fcller SA\" \/>\n<meta property=\"article:modified_time\" content=\"2026-04-18T19:56:45+00:00\" \/>\n<meta property=\"og:image\" content=\"https:\/\/shop.bantam.ch\/wp-content\/uploads\/2023\/03\/9957856100-scaled.jpg\" \/>\n\t<meta property=\"og:image:width\" content=\"724\" \/>\n\t<meta property=\"og:image:height\" content=\"1024\" \/>\n\t<meta property=\"og:image:type\" content=\"image\/jpeg\" \/>\n<meta name=\"twitter:card\" content=\"summary_large_image\" \/>\n<meta name=\"twitter:label1\" content=\"Dur\u00e9e de lecture estim\u00e9e\" \/>\n\t<meta name=\"twitter:data1\" content=\"1 minute\" \/>\n<script type=\"application\/ld+json\" class=\"yoast-schema-graph\">{\"@context\":\"https:\\\/\\\/schema.org\",\"@graph\":[{\"@type\":\"WebPage\",\"@id\":\"https:\\\/\\\/shop.bantam.ch\\\/fr\\\/produit\\\/assainisseur-de-reservoir-myfreshtank-1-l\\\/\",\"url\":\"https:\\\/\\\/shop.bantam.ch\\\/fr\\\/produit\\\/assainisseur-de-reservoir-myfreshtank-1-l\\\/\",\"name\":\"Rafra\u00eech. citerne easydriver myfreshtank, contenu 1 l - Bantam Wankm\u00fcller SA\",\"isPartOf\":{\"@id\":\"https:\\\/\\\/shop.bantam.ch\\\/fr\\\/#website\"},\"primaryImageOfPage\":{\"@id\":\"https:\\\/\\\/shop.bantam.ch\\\/fr\\\/produit\\\/assainisseur-de-reservoir-myfreshtank-1-l\\\/#primaryimage\"},\"image\":{\"@id\":\"https:\\\/\\\/shop.bantam.ch\\\/fr\\\/produit\\\/assainisseur-de-reservoir-myfreshtank-1-l\\\/#primaryimage\"},\"thumbnailUrl\":\"https:\\\/\\\/shop.bantam.ch\\\/wp-content\\\/uploads\\\/2023\\\/03\\\/9957856100-scaled-scaled.jpg\",\"datePublished\":\"2023-03-01T00:57:59+00:00\",\"dateModified\":\"2026-04-18T19:56:45+00:00\",\"breadcrumb\":{\"@id\":\"https:\\\/\\\/shop.bantam.ch\\\/fr\\\/produit\\\/assainisseur-de-reservoir-myfreshtank-1-l\\\/#breadcrumb\"},\"inLanguage\":\"fr-FR\",\"potentialAction\":[{\"@type\":\"ReadAction\",\"target\":[\"https:\\\/\\\/shop.bantam.ch\\\/fr\\\/produit\\\/assainisseur-de-reservoir-myfreshtank-1-l\\\/\"]}]},{\"@type\":\"ImageObject\",\"inLanguage\":\"fr-FR\",\"@id\":\"https:\\\/\\\/shop.bantam.ch\\\/fr\\\/produit\\\/assainisseur-de-reservoir-myfreshtank-1-l\\\/#primaryimage\",\"url\":\"https:\\\/\\\/shop.bantam.ch\\\/wp-content\\\/uploads\\\/2023\\\/03\\\/9957856100-scaled-scaled.jpg\",\"contentUrl\":\"https:\\\/\\\/shop.bantam.ch\\\/wp-content\\\/uploads\\\/2023\\\/03\\\/9957856100-scaled-scaled.jpg\",\"width\":1448,\"height\":2048},{\"@type\":\"BreadcrumbList\",\"@id\":\"https:\\\/\\\/shop.bantam.ch\\\/fr\\\/produit\\\/assainisseur-de-reservoir-myfreshtank-1-l\\\/#breadcrumb\",\"itemListElement\":[{\"@type\":\"ListItem\",\"position\":1,\"name\":\"Accueil\",\"item\":\"https:\\\/\\\/shop.bantam.ch\\\/fr\\\/\"},{\"@type\":\"ListItem\",\"position\":2,\"name\":\"Boutique\",\"item\":\"https:\\\/\\\/shop.bantam.ch\\\/fr\\\/boutique\\\/\"},{\"@type\":\"ListItem\",\"position\":3,\"name\":\"Rafra\u00eech. citerne easydriver myfreshtank, contenu 1 l\"}]},{\"@type\":\"WebSite\",\"@id\":\"https:\\\/\\\/shop.bantam.ch\\\/fr\\\/#website\",\"url\":\"https:\\\/\\\/shop.bantam.ch\\\/fr\\\/\",\"name\":\"Bantam Wankm\u00fcller SA\",\"description\":\"\",\"publisher\":{\"@id\":\"https:\\\/\\\/shop.bantam.ch\\\/fr\\\/#organization\"},\"inLanguage\":\"fr-FR\"},{\"@type\":\"Organization\",\"@id\":\"https:\\\/\\\/shop.bantam.ch\\\/fr\\\/#organization\",\"name\":\"Bantam Wankm\u00fcller SA\",\"url\":\"https:\\\/\\\/shop.bantam.ch\\\/fr\\\/\",\"logo\":{\"@type\":\"ImageObject\",\"inLanguage\":\"fr-FR\",\"@id\":\"https:\\\/\\\/shop.bantam.ch\\\/fr\\\/#\\\/schema\\\/logo\\\/image\\\/\",\"url\":\"https:\\\/\\\/shop.bantam.ch\\\/wp-content\\\/uploads\\\/2022\\\/12\\\/bantam-logo.png\",\"contentUrl\":\"https:\\\/\\\/shop.bantam.ch\\\/wp-content\\\/uploads\\\/2022\\\/12\\\/bantam-logo.png\",\"width\":320,\"height\":71,\"caption\":\"Bantam Wankm\u00fcller SA\"},\"image\":{\"@id\":\"https:\\\/\\\/shop.bantam.ch\\\/fr\\\/#\\\/schema\\\/logo\\\/image\\\/\"}}]}<\/script>\n<!-- \/ Yoast SEO plugin. -->","yoast_head_json":{"title":"Rafra\u00eech. citerne easydriver myfreshtank, contenu 1 l - Bantam Wankm\u00fcller SA","robots":{"index":"index","follow":"follow","max-snippet":"max-snippet:-1","max-image-preview":"max-image-preview:large","max-video-preview":"max-video-preview:-1"},"canonical":"https:\/\/shop.bantam.ch\/fr\/produit\/assainisseur-de-reservoir-myfreshtank-1-l\/","og_locale":"fr_FR","og_type":"article","og_title":"Rafra\u00eech. citerne easydriver myfreshtank, contenu 1 l - Bantam Wankm\u00fcller SA","og_description":"Le nouveau rafra\u00eechisseur de r\u00e9servoir d&rsquo;eaux us\u00e9es microbiologique easydriver myfresh\u00aetank garantit plus de fra\u00eecheur dans votre maison sur roues. Il maintient durablement la propret\u00e9 du r\u00e9servoir et des canalisations en emp\u00eachant efficacement les salissures et les d\u00e9p\u00f4ts de graisse et en neutralisant efficacement les odeurs. Ainsi, vous pouvez simplement profiter de vos vacances sans souci [&hellip;]","og_url":"https:\/\/shop.bantam.ch\/fr\/produit\/assainisseur-de-reservoir-myfreshtank-1-l\/","og_site_name":"Bantam Wankm\u00fcller SA","article_modified_time":"2026-04-18T19:56:45+00:00","og_image":[{"url":"https:\/\/shop.bantam.ch\/wp-content\/uploads\/2023\/03\/9957856100-scaled.jpg","width":724,"height":1024,"type":"image\/jpeg"}],"twitter_card":"summary_large_image","twitter_misc":{"Dur\u00e9e de lecture estim\u00e9e":"1 minute"},"schema":{"@context":"https:\/\/schema.org","@graph":[{"@type":"WebPage","@id":"https:\/\/shop.bantam.ch\/fr\/produit\/assainisseur-de-reservoir-myfreshtank-1-l\/","url":"https:\/\/shop.bantam.ch\/fr\/produit\/assainisseur-de-reservoir-myfreshtank-1-l\/","name":"Rafra\u00eech. citerne easydriver myfreshtank, contenu 1 l - Bantam Wankm\u00fcller SA","isPartOf":{"@id":"https:\/\/shop.bantam.ch\/fr\/#website"},"primaryImageOfPage":{"@id":"https:\/\/shop.bantam.ch\/fr\/produit\/assainisseur-de-reservoir-myfreshtank-1-l\/#primaryimage"},"image":{"@id":"https:\/\/shop.bantam.ch\/fr\/produit\/assainisseur-de-reservoir-myfreshtank-1-l\/#primaryimage"},"thumbnailUrl":"https:\/\/shop.bantam.ch\/wp-content\/uploads\/2023\/03\/9957856100-scaled-scaled.jpg","datePublished":"2023-03-01T00:57:59+00:00","dateModified":"2026-04-18T19:56:45+00:00","breadcrumb":{"@id":"https:\/\/shop.bantam.ch\/fr\/produit\/assainisseur-de-reservoir-myfreshtank-1-l\/#breadcrumb"},"inLanguage":"fr-FR","potentialAction":[{"@type":"ReadAction","target":["https:\/\/shop.bantam.ch\/fr\/produit\/assainisseur-de-reservoir-myfreshtank-1-l\/"]}]},{"@type":"ImageObject","inLanguage":"fr-FR","@id":"https:\/\/shop.bantam.ch\/fr\/produit\/assainisseur-de-reservoir-myfreshtank-1-l\/#primaryimage","url":"https:\/\/shop.bantam.ch\/wp-content\/uploads\/2023\/03\/9957856100-scaled-scaled.jpg","contentUrl":"https:\/\/shop.bantam.ch\/wp-content\/uploads\/2023\/03\/9957856100-scaled-scaled.jpg","width":1448,"height":2048},{"@type":"BreadcrumbList","@id":"https:\/\/shop.bantam.ch\/fr\/produit\/assainisseur-de-reservoir-myfreshtank-1-l\/#breadcrumb","itemListElement":[{"@type":"ListItem","position":1,"name":"Accueil","item":"https:\/\/shop.bantam.ch\/fr\/"},{"@type":"ListItem","position":2,"name":"Boutique","item":"https:\/\/shop.bantam.ch\/fr\/boutique\/"},{"@type":"ListItem","position":3,"name":"Rafra\u00eech. citerne easydriver myfreshtank, contenu 1 l"}]},{"@type":"WebSite","@id":"https:\/\/shop.bantam.ch\/fr\/#website","url":"https:\/\/shop.bantam.ch\/fr\/","name":"Bantam Wankm\u00fcller SA","description":"","publisher":{"@id":"https:\/\/shop.bantam.ch\/fr\/#organization"},"inLanguage":"fr-FR"},{"@type":"Organization","@id":"https:\/\/shop.bantam.ch\/fr\/#organization","name":"Bantam Wankm\u00fcller SA","url":"https:\/\/shop.bantam.ch\/fr\/","logo":{"@type":"ImageObject","inLanguage":"fr-FR","@id":"https:\/\/shop.bantam.ch\/fr\/#\/schema\/logo\/image\/","url":"https:\/\/shop.bantam.ch\/wp-content\/uploads\/2022\/12\/bantam-logo.png","contentUrl":"https:\/\/shop.bantam.ch\/wp-content\/uploads\/2022\/12\/bantam-logo.png","width":320,"height":71,"caption":"Bantam Wankm\u00fcller SA"},"image":{"@id":"https:\/\/shop.bantam.ch\/fr\/#\/schema\/logo\/image\/"}}]}},"_links":{"self":[{"href":"https:\/\/shop.bantam.ch\/fr\/wp-json\/wp\/v2\/product\/129952","targetHints":{"allow":["GET"]}}],"collection":[{"href":"https:\/\/shop.bantam.ch\/fr\/wp-json\/wp\/v2\/product"}],"about":[{"href":"https:\/\/shop.bantam.ch\/fr\/wp-json\/wp\/v2\/types\/product"}],"wp:featuredmedia":[{"embeddable":true,"href":"https:\/\/shop.bantam.ch\/fr\/wp-json\/wp\/v2\/media\/129950"}],"wp:attachment":[{"href":"https:\/\/shop.bantam.ch\/fr\/wp-json\/wp\/v2\/media?parent=129952"}],"wp:term":[{"taxonomy":"product_featured_cat","embeddable":true,"href":"https:\/\/shop.bantam.ch\/fr\/wp-json\/wp\/v2\/product_featured_cat?post=129952"},{"taxonomy":"product_brand","embeddable":true,"href":"https:\/\/shop.bantam.ch\/fr\/wp-json\/wp\/v2\/product_brand?post=129952"},{"taxonomy":"product_cat","embeddable":true,"href":"https:\/\/shop.bantam.ch\/fr\/wp-json\/wp\/v2\/product_cat?post=129952"},{"taxonomy":"product_tag","embeddable":true,"href":"https:\/\/shop.bantam.ch\/fr\/wp-json\/wp\/v2\/product_tag?post=129952"}],"curies":[{"name":"wp","href":"https:\/\/api.w.org\/{rel}","templated":true}]}}