{"id":129578,"date":"2023-03-01T01:54:09","date_gmt":"2023-03-01T00:54:09","guid":{"rendered":"https:\/\/shop.bantam.ch\/produit\/toilettes-a-separation-evo-m\/"},"modified":"2026-04-20T23:53:08","modified_gmt":"2026-04-20T21:53:08","slug":"toilettes-a-separation-evo-m","status":"publish","type":"product","link":"https:\/\/shop.bantam.ch\/fr\/produit\/toilettes-a-separation-evo-m\/","title":{"rendered":"Toilettes \u00e0 s\u00e9paration Evo M"},"content":{"rendered":"<p>La gamme de toilettes Trelino\u00ae Evo r\u00e9volutionne le confort d&rsquo;assise des toilettes s\u00e8ches \u00e0 s\u00e9paration et \u00e9tablit de nouveaux standards en mati\u00e8re de sensation \u00ab\u00a0comme \u00e0 la maison \u00bb !<br \/>Trelino\u00ae Evo M sont des toilettes s\u00e8ches \u00e0 s\u00e9paration sans produits chimiques, ultra-confortable et optimis\u00e9e en termes de poids, avec une bonne capacit\u00e9 et des possibilit\u00e9s d&rsquo;utilisation variables. Elles sont l&rsquo;accessoire indispensable dans les vans, les camping-cars, les abris de jardin ou sur les voiliers et les bateaux de plaisance. Si n\u00e9cessaire, un syst\u00e8me de ventilation peut \u00eatre raccord\u00e9 aux toilettes.<\/p>\n<ul>\n<li>\u00a0Si\u00e8ge de toilette ergonomique pour un confort d&rsquo;assise optimal<\/li>\n<li>\u00a0Fermeture automatique en douceur pour une sensation \u00ab\u00a0comme \u00e0 la maison\u00a0\u00bb.<\/li>\n<li>Poids faible<\/li>\n<li>Options d&rsquo;installation flexibles<\/li>\n<li>Hygi\u00e9nique et inodore<\/li>\n<li>Utilisable imm\u00e9diatement<\/li>\n<li>Tr\u00e8s bon rapport taille\/poids<\/li>\n<li>Champ d&rsquo;application tr\u00e8s vaste<\/li>\n<li>Compl\u00e8tement r\u00e9sistant \u00e0 l&rsquo;eau<\/li>\n<li>Fabrication de haute qualit\u00e9 et con\u00e7ue pour durer<\/li>\n<li>Produit en Allemagne en respectant des normes sociales \u00e9lev\u00e9es<\/li>\n<li>Possibilit\u00e9 d&rsquo;utiliser un syst\u00e8me de ventilation en option<\/li>\n<li>Volume bidon d&rsquo;urine : 5,0 litres<\/li>\n<li>Volume bac mati\u00e8res f\u00e9cales : 8,0 litres<\/li>\n<li>Nombre de petites commissions : 9 &#8211; 11<\/li>\n<li>Nombre de grosses commissions : 7 &#8211; 11<\/li>\n<\/ul>\n","protected":false},"excerpt":{"rendered":"<p>La gamme de toilettes Trelino\u00ae Evo r\u00e9volutionne le confort d&rsquo;assise des toilettes s\u00e8ches \u00e0 s\u00e9paration et \u00e9tablit de nouveaux standards en mati\u00e8re de sensation \u00ab\u00a0comme \u00e0 la maison \u00bb !Trelino\u00ae Evo M sont des toilettes s\u00e8ches \u00e0 s\u00e9paration sans produits chimiques, ultra-confortable et optimis\u00e9e en termes de poids, avec une bonne capacit\u00e9 et des possibilit\u00e9s [&hellip;]<\/p>\n","protected":false},"featured_media":129562,"template":"","meta":{"_acf_changed":false},"product_featured_cat":[],"product_brand":[3656],"product_cat":[4597],"product_tag":[],"class_list":{"0":"post-129578","1":"product","2":"type-product","3":"status-publish","4":"has-post-thumbnail","6":"product_brand-trelino","7":"product_cat-toilettes-separees","9":"first","10":"instock","11":"taxable","12":"shipping-taxable","13":"purchasable","14":"product-type-variable"},"acf":[],"yoast_head":"<!-- This site is optimized with the Yoast SEO plugin v27.4 - https:\/\/yoast.com\/product\/yoast-seo-wordpress\/ -->\n<title>Toilettes \u00e0 s\u00e9paration Evo M - Bantam Wankm\u00fcller SA<\/title>\n<meta name=\"robots\" content=\"index, follow, max-snippet:-1, max-image-preview:large, max-video-preview:-1\" \/>\n<link rel=\"canonical\" href=\"https:\/\/shop.bantam.ch\/fr\/produit\/toilettes-a-separation-evo-m\/\" \/>\n<meta property=\"og:locale\" content=\"fr_FR\" \/>\n<meta property=\"og:type\" content=\"article\" \/>\n<meta property=\"og:title\" content=\"Toilettes \u00e0 s\u00e9paration Evo M - Bantam Wankm\u00fcller SA\" \/>\n<meta property=\"og:description\" content=\"La gamme de toilettes Trelino\u00ae Evo r\u00e9volutionne le confort d&rsquo;assise des toilettes s\u00e8ches \u00e0 s\u00e9paration et \u00e9tablit de nouveaux standards en mati\u00e8re de sensation \u00ab\u00a0comme \u00e0 la maison \u00bb !Trelino\u00ae Evo M sont des toilettes s\u00e8ches \u00e0 s\u00e9paration sans produits chimiques, ultra-confortable et optimis\u00e9e en termes de poids, avec une bonne capacit\u00e9 et des possibilit\u00e9s [&hellip;]\" \/>\n<meta property=\"og:url\" content=\"https:\/\/shop.bantam.ch\/fr\/produit\/toilettes-a-separation-evo-m\/\" \/>\n<meta property=\"og:site_name\" content=\"Bantam Wankm\u00fcller SA\" \/>\n<meta property=\"article:modified_time\" content=\"2026-04-20T21:53:08+00:00\" \/>\n<meta property=\"og:image\" content=\"https:\/\/shop.bantam.ch\/wp-content\/uploads\/2023\/03\/9957849101.jpg\" \/>\n\t<meta property=\"og:image:width\" content=\"2000\" \/>\n\t<meta property=\"og:image:height\" content=\"2000\" \/>\n\t<meta property=\"og:image:type\" content=\"image\/jpeg\" \/>\n<meta name=\"twitter:card\" content=\"summary_large_image\" \/>\n<meta name=\"twitter:label1\" content=\"Dur\u00e9e de lecture estim\u00e9e\" \/>\n\t<meta name=\"twitter:data1\" content=\"1 minute\" \/>\n<script type=\"application\/ld+json\" class=\"yoast-schema-graph\">{\"@context\":\"https:\\\/\\\/schema.org\",\"@graph\":[{\"@type\":\"WebPage\",\"@id\":\"https:\\\/\\\/shop.bantam.ch\\\/fr\\\/produit\\\/toilettes-a-separation-evo-m\\\/\",\"url\":\"https:\\\/\\\/shop.bantam.ch\\\/fr\\\/produit\\\/toilettes-a-separation-evo-m\\\/\",\"name\":\"Toilettes \u00e0 s\u00e9paration Evo M - Bantam Wankm\u00fcller SA\",\"isPartOf\":{\"@id\":\"https:\\\/\\\/shop.bantam.ch\\\/fr\\\/#website\"},\"primaryImageOfPage\":{\"@id\":\"https:\\\/\\\/shop.bantam.ch\\\/fr\\\/produit\\\/toilettes-a-separation-evo-m\\\/#primaryimage\"},\"image\":{\"@id\":\"https:\\\/\\\/shop.bantam.ch\\\/fr\\\/produit\\\/toilettes-a-separation-evo-m\\\/#primaryimage\"},\"thumbnailUrl\":\"https:\\\/\\\/shop.bantam.ch\\\/wp-content\\\/uploads\\\/2023\\\/03\\\/9957849101.jpg\",\"datePublished\":\"2023-03-01T00:54:09+00:00\",\"dateModified\":\"2026-04-20T21:53:08+00:00\",\"breadcrumb\":{\"@id\":\"https:\\\/\\\/shop.bantam.ch\\\/fr\\\/produit\\\/toilettes-a-separation-evo-m\\\/#breadcrumb\"},\"inLanguage\":\"fr-FR\",\"potentialAction\":[{\"@type\":\"ReadAction\",\"target\":[\"https:\\\/\\\/shop.bantam.ch\\\/fr\\\/produit\\\/toilettes-a-separation-evo-m\\\/\"]}]},{\"@type\":\"ImageObject\",\"inLanguage\":\"fr-FR\",\"@id\":\"https:\\\/\\\/shop.bantam.ch\\\/fr\\\/produit\\\/toilettes-a-separation-evo-m\\\/#primaryimage\",\"url\":\"https:\\\/\\\/shop.bantam.ch\\\/wp-content\\\/uploads\\\/2023\\\/03\\\/9957849101.jpg\",\"contentUrl\":\"https:\\\/\\\/shop.bantam.ch\\\/wp-content\\\/uploads\\\/2023\\\/03\\\/9957849101.jpg\",\"width\":2000,\"height\":2000},{\"@type\":\"BreadcrumbList\",\"@id\":\"https:\\\/\\\/shop.bantam.ch\\\/fr\\\/produit\\\/toilettes-a-separation-evo-m\\\/#breadcrumb\",\"itemListElement\":[{\"@type\":\"ListItem\",\"position\":1,\"name\":\"Accueil\",\"item\":\"https:\\\/\\\/shop.bantam.ch\\\/fr\\\/\"},{\"@type\":\"ListItem\",\"position\":2,\"name\":\"Boutique\",\"item\":\"https:\\\/\\\/shop.bantam.ch\\\/fr\\\/boutique\\\/\"},{\"@type\":\"ListItem\",\"position\":3,\"name\":\"Toilettes \u00e0 s\u00e9paration Evo M\"}]},{\"@type\":\"WebSite\",\"@id\":\"https:\\\/\\\/shop.bantam.ch\\\/fr\\\/#website\",\"url\":\"https:\\\/\\\/shop.bantam.ch\\\/fr\\\/\",\"name\":\"Bantam Wankm\u00fcller SA\",\"description\":\"\",\"publisher\":{\"@id\":\"https:\\\/\\\/shop.bantam.ch\\\/fr\\\/#organization\"},\"inLanguage\":\"fr-FR\"},{\"@type\":\"Organization\",\"@id\":\"https:\\\/\\\/shop.bantam.ch\\\/fr\\\/#organization\",\"name\":\"Bantam Wankm\u00fcller SA\",\"url\":\"https:\\\/\\\/shop.bantam.ch\\\/fr\\\/\",\"logo\":{\"@type\":\"ImageObject\",\"inLanguage\":\"fr-FR\",\"@id\":\"https:\\\/\\\/shop.bantam.ch\\\/fr\\\/#\\\/schema\\\/logo\\\/image\\\/\",\"url\":\"https:\\\/\\\/shop.bantam.ch\\\/wp-content\\\/uploads\\\/2022\\\/12\\\/bantam-logo.png\",\"contentUrl\":\"https:\\\/\\\/shop.bantam.ch\\\/wp-content\\\/uploads\\\/2022\\\/12\\\/bantam-logo.png\",\"width\":320,\"height\":71,\"caption\":\"Bantam Wankm\u00fcller SA\"},\"image\":{\"@id\":\"https:\\\/\\\/shop.bantam.ch\\\/fr\\\/#\\\/schema\\\/logo\\\/image\\\/\"}}]}<\/script>\n<!-- \/ Yoast SEO plugin. -->","yoast_head_json":{"title":"Toilettes \u00e0 s\u00e9paration Evo M - Bantam Wankm\u00fcller SA","robots":{"index":"index","follow":"follow","max-snippet":"max-snippet:-1","max-image-preview":"max-image-preview:large","max-video-preview":"max-video-preview:-1"},"canonical":"https:\/\/shop.bantam.ch\/fr\/produit\/toilettes-a-separation-evo-m\/","og_locale":"fr_FR","og_type":"article","og_title":"Toilettes \u00e0 s\u00e9paration Evo M - Bantam Wankm\u00fcller SA","og_description":"La gamme de toilettes Trelino\u00ae Evo r\u00e9volutionne le confort d&rsquo;assise des toilettes s\u00e8ches \u00e0 s\u00e9paration et \u00e9tablit de nouveaux standards en mati\u00e8re de sensation \u00ab\u00a0comme \u00e0 la maison \u00bb !Trelino\u00ae Evo M sont des toilettes s\u00e8ches \u00e0 s\u00e9paration sans produits chimiques, ultra-confortable et optimis\u00e9e en termes de poids, avec une bonne capacit\u00e9 et des possibilit\u00e9s [&hellip;]","og_url":"https:\/\/shop.bantam.ch\/fr\/produit\/toilettes-a-separation-evo-m\/","og_site_name":"Bantam Wankm\u00fcller SA","article_modified_time":"2026-04-20T21:53:08+00:00","og_image":[{"width":2000,"height":2000,"url":"https:\/\/shop.bantam.ch\/wp-content\/uploads\/2023\/03\/9957849101.jpg","type":"image\/jpeg"}],"twitter_card":"summary_large_image","twitter_misc":{"Dur\u00e9e de lecture estim\u00e9e":"1 minute"},"schema":{"@context":"https:\/\/schema.org","@graph":[{"@type":"WebPage","@id":"https:\/\/shop.bantam.ch\/fr\/produit\/toilettes-a-separation-evo-m\/","url":"https:\/\/shop.bantam.ch\/fr\/produit\/toilettes-a-separation-evo-m\/","name":"Toilettes \u00e0 s\u00e9paration Evo M - Bantam Wankm\u00fcller SA","isPartOf":{"@id":"https:\/\/shop.bantam.ch\/fr\/#website"},"primaryImageOfPage":{"@id":"https:\/\/shop.bantam.ch\/fr\/produit\/toilettes-a-separation-evo-m\/#primaryimage"},"image":{"@id":"https:\/\/shop.bantam.ch\/fr\/produit\/toilettes-a-separation-evo-m\/#primaryimage"},"thumbnailUrl":"https:\/\/shop.bantam.ch\/wp-content\/uploads\/2023\/03\/9957849101.jpg","datePublished":"2023-03-01T00:54:09+00:00","dateModified":"2026-04-20T21:53:08+00:00","breadcrumb":{"@id":"https:\/\/shop.bantam.ch\/fr\/produit\/toilettes-a-separation-evo-m\/#breadcrumb"},"inLanguage":"fr-FR","potentialAction":[{"@type":"ReadAction","target":["https:\/\/shop.bantam.ch\/fr\/produit\/toilettes-a-separation-evo-m\/"]}]},{"@type":"ImageObject","inLanguage":"fr-FR","@id":"https:\/\/shop.bantam.ch\/fr\/produit\/toilettes-a-separation-evo-m\/#primaryimage","url":"https:\/\/shop.bantam.ch\/wp-content\/uploads\/2023\/03\/9957849101.jpg","contentUrl":"https:\/\/shop.bantam.ch\/wp-content\/uploads\/2023\/03\/9957849101.jpg","width":2000,"height":2000},{"@type":"BreadcrumbList","@id":"https:\/\/shop.bantam.ch\/fr\/produit\/toilettes-a-separation-evo-m\/#breadcrumb","itemListElement":[{"@type":"ListItem","position":1,"name":"Accueil","item":"https:\/\/shop.bantam.ch\/fr\/"},{"@type":"ListItem","position":2,"name":"Boutique","item":"https:\/\/shop.bantam.ch\/fr\/boutique\/"},{"@type":"ListItem","position":3,"name":"Toilettes \u00e0 s\u00e9paration Evo M"}]},{"@type":"WebSite","@id":"https:\/\/shop.bantam.ch\/fr\/#website","url":"https:\/\/shop.bantam.ch\/fr\/","name":"Bantam Wankm\u00fcller SA","description":"","publisher":{"@id":"https:\/\/shop.bantam.ch\/fr\/#organization"},"inLanguage":"fr-FR"},{"@type":"Organization","@id":"https:\/\/shop.bantam.ch\/fr\/#organization","name":"Bantam Wankm\u00fcller SA","url":"https:\/\/shop.bantam.ch\/fr\/","logo":{"@type":"ImageObject","inLanguage":"fr-FR","@id":"https:\/\/shop.bantam.ch\/fr\/#\/schema\/logo\/image\/","url":"https:\/\/shop.bantam.ch\/wp-content\/uploads\/2022\/12\/bantam-logo.png","contentUrl":"https:\/\/shop.bantam.ch\/wp-content\/uploads\/2022\/12\/bantam-logo.png","width":320,"height":71,"caption":"Bantam Wankm\u00fcller SA"},"image":{"@id":"https:\/\/shop.bantam.ch\/fr\/#\/schema\/logo\/image\/"}}]}},"_links":{"self":[{"href":"https:\/\/shop.bantam.ch\/fr\/wp-json\/wp\/v2\/product\/129578","targetHints":{"allow":["GET"]}}],"collection":[{"href":"https:\/\/shop.bantam.ch\/fr\/wp-json\/wp\/v2\/product"}],"about":[{"href":"https:\/\/shop.bantam.ch\/fr\/wp-json\/wp\/v2\/types\/product"}],"wp:featuredmedia":[{"embeddable":true,"href":"https:\/\/shop.bantam.ch\/fr\/wp-json\/wp\/v2\/media\/129562"}],"wp:attachment":[{"href":"https:\/\/shop.bantam.ch\/fr\/wp-json\/wp\/v2\/media?parent=129578"}],"wp:term":[{"taxonomy":"product_featured_cat","embeddable":true,"href":"https:\/\/shop.bantam.ch\/fr\/wp-json\/wp\/v2\/product_featured_cat?post=129578"},{"taxonomy":"product_brand","embeddable":true,"href":"https:\/\/shop.bantam.ch\/fr\/wp-json\/wp\/v2\/product_brand?post=129578"},{"taxonomy":"product_cat","embeddable":true,"href":"https:\/\/shop.bantam.ch\/fr\/wp-json\/wp\/v2\/product_cat?post=129578"},{"taxonomy":"product_tag","embeddable":true,"href":"https:\/\/shop.bantam.ch\/fr\/wp-json\/wp\/v2\/product_tag?post=129578"}],"curies":[{"name":"wp","href":"https:\/\/api.w.org\/{rel}","templated":true}]}}