{"id":129286,"date":"2023-03-01T01:50:00","date_gmt":"2023-03-01T00:50:00","guid":{"rendered":"https:\/\/shop.bantam.ch\/produit\/store-mural-perfectwall-pw-1500-toile-horizon-grey-blanc\/"},"modified":"2026-04-18T23:54:27","modified_gmt":"2026-04-18T21:54:27","slug":"store-mural-perfectwall-pw-1500-toile-horizon-grey-blanc","status":"publish","type":"product","link":"https:\/\/shop.bantam.ch\/fr\/produit\/store-mural-perfectwall-pw-1500-toile-horizon-grey-blanc\/","title":{"rendered":"Store mural PerfectWall PW 1500, toile horizon grey, blanc"},"content":{"rendered":"<p>Ce store mural robuste convient parfaitement aux v\u00e9hicules de grande taille. Le profil\u00e9 de projection automatique brevet\u00e9 permet une r\u00e9tractation et extension facile de la toile. Caches en aluminium pour un maximum de r\u00e9sistance.<br \/>Avec treuil, plaques de fixation (supports standard) pour les parois verticales du v\u00e9hicule, fixation du pied support au mur, sardines pour la fixation au sol. Ce store mural robuste convient id\u00e9alement aux grands v\u00e9hicules. Le profil\u00e9 de projection automatique brevet\u00e9 permet une r\u00e9tractation et extension facile de la toile. Caches en aluminium pour un maximum de r\u00e9sistance.<br \/>Avec treuil, plaques de fixation (supports standard) pour les parois verticales du v\u00e9hicule, fixation du pied support au mur, sardines pour la fixation au sol.<\/p>\n","protected":false},"excerpt":{"rendered":"<p>Ce store mural robuste convient parfaitement aux v\u00e9hicules de grande taille. Le profil\u00e9 de projection automatique brevet\u00e9 permet une r\u00e9tractation et extension facile de la toile. Caches en aluminium pour un maximum de r\u00e9sistance.Avec treuil, plaques de fixation (supports standard) pour les parois verticales du v\u00e9hicule, fixation du pied support au mur, sardines pour la [&hellip;]<\/p>\n","protected":false},"featured_media":129246,"template":"","meta":{"_acf_changed":false},"product_featured_cat":[],"product_brand":[3028],"product_cat":[4213],"product_tag":[],"class_list":{"0":"post-129286","1":"product","2":"type-product","3":"status-publish","4":"has-post-thumbnail","6":"product_brand-dometic","7":"product_cat-stores-a-cassette","9":"first","10":"instock","11":"taxable","12":"shipping-taxable","13":"purchasable","14":"product-type-variable"},"acf":[],"yoast_head":"<!-- This site is optimized with the Yoast SEO plugin v27.4 - https:\/\/yoast.com\/product\/yoast-seo-wordpress\/ -->\n<title>Store mural PerfectWall PW 1500, toile horizon grey, blanc - Bantam Wankm\u00fcller SA<\/title>\n<meta name=\"robots\" content=\"index, follow, max-snippet:-1, max-image-preview:large, max-video-preview:-1\" \/>\n<link rel=\"canonical\" href=\"https:\/\/shop.bantam.ch\/fr\/produit\/store-mural-perfectwall-pw-1500-toile-horizon-grey-blanc\/\" \/>\n<meta property=\"og:locale\" content=\"fr_FR\" \/>\n<meta property=\"og:type\" content=\"article\" \/>\n<meta property=\"og:title\" content=\"Store mural PerfectWall PW 1500, toile horizon grey, blanc - Bantam Wankm\u00fcller SA\" \/>\n<meta property=\"og:description\" content=\"Ce store mural robuste convient parfaitement aux v\u00e9hicules de grande taille. Le profil\u00e9 de projection automatique brevet\u00e9 permet une r\u00e9tractation et extension facile de la toile. Caches en aluminium pour un maximum de r\u00e9sistance.Avec treuil, plaques de fixation (supports standard) pour les parois verticales du v\u00e9hicule, fixation du pied support au mur, sardines pour la [&hellip;]\" \/>\n<meta property=\"og:url\" content=\"https:\/\/shop.bantam.ch\/fr\/produit\/store-mural-perfectwall-pw-1500-toile-horizon-grey-blanc\/\" \/>\n<meta property=\"og:site_name\" content=\"Bantam Wankm\u00fcller SA\" \/>\n<meta property=\"article:modified_time\" content=\"2026-04-18T21:54:27+00:00\" \/>\n<meta property=\"og:image\" content=\"https:\/\/shop.bantam.ch\/wp-content\/uploads\/2023\/03\/9970768100.jpg\" \/>\n\t<meta property=\"og:image:width\" content=\"1000\" \/>\n\t<meta property=\"og:image:height\" content=\"1000\" \/>\n\t<meta property=\"og:image:type\" content=\"image\/jpeg\" \/>\n<meta name=\"twitter:card\" content=\"summary_large_image\" \/>\n<meta name=\"twitter:label1\" content=\"Dur\u00e9e de lecture estim\u00e9e\" \/>\n\t<meta name=\"twitter:data1\" content=\"1 minute\" \/>\n<script type=\"application\/ld+json\" class=\"yoast-schema-graph\">{\"@context\":\"https:\\\/\\\/schema.org\",\"@graph\":[{\"@type\":\"WebPage\",\"@id\":\"https:\\\/\\\/shop.bantam.ch\\\/fr\\\/produit\\\/store-mural-perfectwall-pw-1500-toile-horizon-grey-blanc\\\/\",\"url\":\"https:\\\/\\\/shop.bantam.ch\\\/fr\\\/produit\\\/store-mural-perfectwall-pw-1500-toile-horizon-grey-blanc\\\/\",\"name\":\"Store mural PerfectWall PW 1500, toile horizon grey, blanc - Bantam Wankm\u00fcller SA\",\"isPartOf\":{\"@id\":\"https:\\\/\\\/shop.bantam.ch\\\/fr\\\/#website\"},\"primaryImageOfPage\":{\"@id\":\"https:\\\/\\\/shop.bantam.ch\\\/fr\\\/produit\\\/store-mural-perfectwall-pw-1500-toile-horizon-grey-blanc\\\/#primaryimage\"},\"image\":{\"@id\":\"https:\\\/\\\/shop.bantam.ch\\\/fr\\\/produit\\\/store-mural-perfectwall-pw-1500-toile-horizon-grey-blanc\\\/#primaryimage\"},\"thumbnailUrl\":\"https:\\\/\\\/shop.bantam.ch\\\/wp-content\\\/uploads\\\/2023\\\/03\\\/9970768100.jpg\",\"datePublished\":\"2023-03-01T00:50:00+00:00\",\"dateModified\":\"2026-04-18T21:54:27+00:00\",\"breadcrumb\":{\"@id\":\"https:\\\/\\\/shop.bantam.ch\\\/fr\\\/produit\\\/store-mural-perfectwall-pw-1500-toile-horizon-grey-blanc\\\/#breadcrumb\"},\"inLanguage\":\"fr-FR\",\"potentialAction\":[{\"@type\":\"ReadAction\",\"target\":[\"https:\\\/\\\/shop.bantam.ch\\\/fr\\\/produit\\\/store-mural-perfectwall-pw-1500-toile-horizon-grey-blanc\\\/\"]}]},{\"@type\":\"ImageObject\",\"inLanguage\":\"fr-FR\",\"@id\":\"https:\\\/\\\/shop.bantam.ch\\\/fr\\\/produit\\\/store-mural-perfectwall-pw-1500-toile-horizon-grey-blanc\\\/#primaryimage\",\"url\":\"https:\\\/\\\/shop.bantam.ch\\\/wp-content\\\/uploads\\\/2023\\\/03\\\/9970768100.jpg\",\"contentUrl\":\"https:\\\/\\\/shop.bantam.ch\\\/wp-content\\\/uploads\\\/2023\\\/03\\\/9970768100.jpg\",\"width\":1000,\"height\":1000},{\"@type\":\"BreadcrumbList\",\"@id\":\"https:\\\/\\\/shop.bantam.ch\\\/fr\\\/produit\\\/store-mural-perfectwall-pw-1500-toile-horizon-grey-blanc\\\/#breadcrumb\",\"itemListElement\":[{\"@type\":\"ListItem\",\"position\":1,\"name\":\"Accueil\",\"item\":\"https:\\\/\\\/shop.bantam.ch\\\/fr\\\/\"},{\"@type\":\"ListItem\",\"position\":2,\"name\":\"Boutique\",\"item\":\"https:\\\/\\\/shop.bantam.ch\\\/fr\\\/boutique\\\/\"},{\"@type\":\"ListItem\",\"position\":3,\"name\":\"Store mural PerfectWall PW 1500, toile horizon grey, blanc\"}]},{\"@type\":\"WebSite\",\"@id\":\"https:\\\/\\\/shop.bantam.ch\\\/fr\\\/#website\",\"url\":\"https:\\\/\\\/shop.bantam.ch\\\/fr\\\/\",\"name\":\"Bantam Wankm\u00fcller SA\",\"description\":\"\",\"publisher\":{\"@id\":\"https:\\\/\\\/shop.bantam.ch\\\/fr\\\/#organization\"},\"inLanguage\":\"fr-FR\"},{\"@type\":\"Organization\",\"@id\":\"https:\\\/\\\/shop.bantam.ch\\\/fr\\\/#organization\",\"name\":\"Bantam Wankm\u00fcller SA\",\"url\":\"https:\\\/\\\/shop.bantam.ch\\\/fr\\\/\",\"logo\":{\"@type\":\"ImageObject\",\"inLanguage\":\"fr-FR\",\"@id\":\"https:\\\/\\\/shop.bantam.ch\\\/fr\\\/#\\\/schema\\\/logo\\\/image\\\/\",\"url\":\"https:\\\/\\\/shop.bantam.ch\\\/wp-content\\\/uploads\\\/2022\\\/12\\\/bantam-logo.png\",\"contentUrl\":\"https:\\\/\\\/shop.bantam.ch\\\/wp-content\\\/uploads\\\/2022\\\/12\\\/bantam-logo.png\",\"width\":320,\"height\":71,\"caption\":\"Bantam Wankm\u00fcller SA\"},\"image\":{\"@id\":\"https:\\\/\\\/shop.bantam.ch\\\/fr\\\/#\\\/schema\\\/logo\\\/image\\\/\"}}]}<\/script>\n<!-- \/ Yoast SEO plugin. -->","yoast_head_json":{"title":"Store mural PerfectWall PW 1500, toile horizon grey, blanc - Bantam Wankm\u00fcller SA","robots":{"index":"index","follow":"follow","max-snippet":"max-snippet:-1","max-image-preview":"max-image-preview:large","max-video-preview":"max-video-preview:-1"},"canonical":"https:\/\/shop.bantam.ch\/fr\/produit\/store-mural-perfectwall-pw-1500-toile-horizon-grey-blanc\/","og_locale":"fr_FR","og_type":"article","og_title":"Store mural PerfectWall PW 1500, toile horizon grey, blanc - Bantam Wankm\u00fcller SA","og_description":"Ce store mural robuste convient parfaitement aux v\u00e9hicules de grande taille. Le profil\u00e9 de projection automatique brevet\u00e9 permet une r\u00e9tractation et extension facile de la toile. Caches en aluminium pour un maximum de r\u00e9sistance.Avec treuil, plaques de fixation (supports standard) pour les parois verticales du v\u00e9hicule, fixation du pied support au mur, sardines pour la [&hellip;]","og_url":"https:\/\/shop.bantam.ch\/fr\/produit\/store-mural-perfectwall-pw-1500-toile-horizon-grey-blanc\/","og_site_name":"Bantam Wankm\u00fcller SA","article_modified_time":"2026-04-18T21:54:27+00:00","og_image":[{"width":1000,"height":1000,"url":"https:\/\/shop.bantam.ch\/wp-content\/uploads\/2023\/03\/9970768100.jpg","type":"image\/jpeg"}],"twitter_card":"summary_large_image","twitter_misc":{"Dur\u00e9e de lecture estim\u00e9e":"1 minute"},"schema":{"@context":"https:\/\/schema.org","@graph":[{"@type":"WebPage","@id":"https:\/\/shop.bantam.ch\/fr\/produit\/store-mural-perfectwall-pw-1500-toile-horizon-grey-blanc\/","url":"https:\/\/shop.bantam.ch\/fr\/produit\/store-mural-perfectwall-pw-1500-toile-horizon-grey-blanc\/","name":"Store mural PerfectWall PW 1500, toile horizon grey, blanc - Bantam Wankm\u00fcller SA","isPartOf":{"@id":"https:\/\/shop.bantam.ch\/fr\/#website"},"primaryImageOfPage":{"@id":"https:\/\/shop.bantam.ch\/fr\/produit\/store-mural-perfectwall-pw-1500-toile-horizon-grey-blanc\/#primaryimage"},"image":{"@id":"https:\/\/shop.bantam.ch\/fr\/produit\/store-mural-perfectwall-pw-1500-toile-horizon-grey-blanc\/#primaryimage"},"thumbnailUrl":"https:\/\/shop.bantam.ch\/wp-content\/uploads\/2023\/03\/9970768100.jpg","datePublished":"2023-03-01T00:50:00+00:00","dateModified":"2026-04-18T21:54:27+00:00","breadcrumb":{"@id":"https:\/\/shop.bantam.ch\/fr\/produit\/store-mural-perfectwall-pw-1500-toile-horizon-grey-blanc\/#breadcrumb"},"inLanguage":"fr-FR","potentialAction":[{"@type":"ReadAction","target":["https:\/\/shop.bantam.ch\/fr\/produit\/store-mural-perfectwall-pw-1500-toile-horizon-grey-blanc\/"]}]},{"@type":"ImageObject","inLanguage":"fr-FR","@id":"https:\/\/shop.bantam.ch\/fr\/produit\/store-mural-perfectwall-pw-1500-toile-horizon-grey-blanc\/#primaryimage","url":"https:\/\/shop.bantam.ch\/wp-content\/uploads\/2023\/03\/9970768100.jpg","contentUrl":"https:\/\/shop.bantam.ch\/wp-content\/uploads\/2023\/03\/9970768100.jpg","width":1000,"height":1000},{"@type":"BreadcrumbList","@id":"https:\/\/shop.bantam.ch\/fr\/produit\/store-mural-perfectwall-pw-1500-toile-horizon-grey-blanc\/#breadcrumb","itemListElement":[{"@type":"ListItem","position":1,"name":"Accueil","item":"https:\/\/shop.bantam.ch\/fr\/"},{"@type":"ListItem","position":2,"name":"Boutique","item":"https:\/\/shop.bantam.ch\/fr\/boutique\/"},{"@type":"ListItem","position":3,"name":"Store mural PerfectWall PW 1500, toile horizon grey, blanc"}]},{"@type":"WebSite","@id":"https:\/\/shop.bantam.ch\/fr\/#website","url":"https:\/\/shop.bantam.ch\/fr\/","name":"Bantam Wankm\u00fcller SA","description":"","publisher":{"@id":"https:\/\/shop.bantam.ch\/fr\/#organization"},"inLanguage":"fr-FR"},{"@type":"Organization","@id":"https:\/\/shop.bantam.ch\/fr\/#organization","name":"Bantam Wankm\u00fcller SA","url":"https:\/\/shop.bantam.ch\/fr\/","logo":{"@type":"ImageObject","inLanguage":"fr-FR","@id":"https:\/\/shop.bantam.ch\/fr\/#\/schema\/logo\/image\/","url":"https:\/\/shop.bantam.ch\/wp-content\/uploads\/2022\/12\/bantam-logo.png","contentUrl":"https:\/\/shop.bantam.ch\/wp-content\/uploads\/2022\/12\/bantam-logo.png","width":320,"height":71,"caption":"Bantam Wankm\u00fcller SA"},"image":{"@id":"https:\/\/shop.bantam.ch\/fr\/#\/schema\/logo\/image\/"}}]}},"_links":{"self":[{"href":"https:\/\/shop.bantam.ch\/fr\/wp-json\/wp\/v2\/product\/129286","targetHints":{"allow":["GET"]}}],"collection":[{"href":"https:\/\/shop.bantam.ch\/fr\/wp-json\/wp\/v2\/product"}],"about":[{"href":"https:\/\/shop.bantam.ch\/fr\/wp-json\/wp\/v2\/types\/product"}],"wp:featuredmedia":[{"embeddable":true,"href":"https:\/\/shop.bantam.ch\/fr\/wp-json\/wp\/v2\/media\/129246"}],"wp:attachment":[{"href":"https:\/\/shop.bantam.ch\/fr\/wp-json\/wp\/v2\/media?parent=129286"}],"wp:term":[{"taxonomy":"product_featured_cat","embeddable":true,"href":"https:\/\/shop.bantam.ch\/fr\/wp-json\/wp\/v2\/product_featured_cat?post=129286"},{"taxonomy":"product_brand","embeddable":true,"href":"https:\/\/shop.bantam.ch\/fr\/wp-json\/wp\/v2\/product_brand?post=129286"},{"taxonomy":"product_cat","embeddable":true,"href":"https:\/\/shop.bantam.ch\/fr\/wp-json\/wp\/v2\/product_cat?post=129286"},{"taxonomy":"product_tag","embeddable":true,"href":"https:\/\/shop.bantam.ch\/fr\/wp-json\/wp\/v2\/product_tag?post=129286"}],"curies":[{"name":"wp","href":"https:\/\/api.w.org\/{rel}","templated":true}]}}