{"id":129042,"date":"2023-03-01T01:46:04","date_gmt":"2023-03-01T00:46:04","guid":{"rendered":"https:\/\/shop.bantam.ch\/produit\/systeme-occultant-sp-400-ensemble-pour-les-vitres-laterales-ford-transit-v363\/"},"modified":"2026-04-18T21:56:09","modified_gmt":"2026-04-18T19:56:09","slug":"systeme-occultant-sp-400-ensemble-pour-les-vitres-laterales-ford-transit-v363","status":"publish","type":"product","link":"https:\/\/shop.bantam.ch\/fr\/produit\/systeme-occultant-sp-400-ensemble-pour-les-vitres-laterales-ford-transit-v363\/","title":{"rendered":"Syst\u00e8me occultant DOMETIC SP 400, kit fen\u00eatres lat\u00e9rales Ford Transit V363"},"content":{"rendered":"<p>Cette occultation l\u00e9g\u00e8re des vitres lat\u00e9rales a \u00e9t\u00e9 sp\u00e9cialement d\u00e9velopp\u00e9e pour les mod\u00e8les Ford Transit V363 Facelift disponibles depuis juin 2019. Ferm\u00e9 des deux c\u00f4t\u00e9s avec pr\u00e9cision et combin\u00e9 \u00e0 notre store coupe-vent FR 400, il offre une protection int\u00e9grale intelligente contre le soleil, le froid et les regards indiscrets. Le mat\u00e9riau occultant alv\u00e9olaire \u00e0 double pliss\u00e9 assure une isolation optimale et une solidit\u00e9 maximale.<\/p>\n<ul>\n<li>Mat\u00e9riau alv\u00e9olaire \u00e0 double pliss\u00e9 pour une isolation thermique optimale et une stabilit\u00e9 maximale<\/li>\n<li>Occultation efficace avec un mat\u00e9riau 100\u00a0% opaque<\/li>\n<li>Manipulation simple et pratique gr\u00e2ce \u00e0 la fonction Comfort Close<\/li>\n<\/ul>\n","protected":false},"excerpt":{"rendered":"<p>Cette occultation l\u00e9g\u00e8re des vitres lat\u00e9rales a \u00e9t\u00e9 sp\u00e9cialement d\u00e9velopp\u00e9e pour les mod\u00e8les Ford Transit V363 Facelift disponibles depuis juin 2019. Ferm\u00e9 des deux c\u00f4t\u00e9s avec pr\u00e9cision et combin\u00e9 \u00e0 notre store coupe-vent FR 400, il offre une protection int\u00e9grale intelligente contre le soleil, le froid et les regards indiscrets. Le mat\u00e9riau occultant alv\u00e9olaire \u00e0 [&hellip;]<\/p>\n","protected":false},"featured_media":206394,"template":"","meta":{"_acf_changed":false},"product_featured_cat":[],"product_brand":[3028],"product_cat":[4713],"product_tag":[],"class_list":{"0":"post-129042","1":"product","2":"type-product","3":"status-publish","4":"has-post-thumbnail","6":"product_brand-dometic","7":"product_cat-systeme-doccultation-de-la-cabine-de-conduite","9":"first","10":"instock","11":"taxable","12":"shipping-taxable","13":"purchasable","14":"product-type-simple"},"acf":[],"yoast_head":"<!-- This site is optimized with the Yoast SEO plugin v27.4 - https:\/\/yoast.com\/product\/yoast-seo-wordpress\/ -->\n<title>Syst\u00e8me occultant DOMETIC SP 400, kit fen\u00eatres lat\u00e9rales Ford Transit V363 - Bantam Wankm\u00fcller SA<\/title>\n<meta name=\"robots\" content=\"index, follow, max-snippet:-1, max-image-preview:large, max-video-preview:-1\" \/>\n<link rel=\"canonical\" href=\"https:\/\/shop.bantam.ch\/fr\/produit\/systeme-occultant-sp-400-ensemble-pour-les-vitres-laterales-ford-transit-v363\/\" \/>\n<meta property=\"og:locale\" content=\"fr_FR\" \/>\n<meta property=\"og:type\" content=\"article\" \/>\n<meta property=\"og:title\" content=\"Syst\u00e8me occultant DOMETIC SP 400, kit fen\u00eatres lat\u00e9rales Ford Transit V363 - Bantam Wankm\u00fcller SA\" \/>\n<meta property=\"og:description\" content=\"Cette occultation l\u00e9g\u00e8re des vitres lat\u00e9rales a \u00e9t\u00e9 sp\u00e9cialement d\u00e9velopp\u00e9e pour les mod\u00e8les Ford Transit V363 Facelift disponibles depuis juin 2019. Ferm\u00e9 des deux c\u00f4t\u00e9s avec pr\u00e9cision et combin\u00e9 \u00e0 notre store coupe-vent FR 400, il offre une protection int\u00e9grale intelligente contre le soleil, le froid et les regards indiscrets. Le mat\u00e9riau occultant alv\u00e9olaire \u00e0 [&hellip;]\" \/>\n<meta property=\"og:url\" content=\"https:\/\/shop.bantam.ch\/fr\/produit\/systeme-occultant-sp-400-ensemble-pour-les-vitres-laterales-ford-transit-v363\/\" \/>\n<meta property=\"og:site_name\" content=\"Bantam Wankm\u00fcller SA\" \/>\n<meta property=\"article:modified_time\" content=\"2026-04-18T19:56:09+00:00\" \/>\n<meta name=\"twitter:card\" content=\"summary_large_image\" \/>\n<meta name=\"twitter:label1\" content=\"Dur\u00e9e de lecture estim\u00e9e\" \/>\n\t<meta name=\"twitter:data1\" content=\"1 minute\" \/>\n<script type=\"application\/ld+json\" class=\"yoast-schema-graph\">{\"@context\":\"https:\\\/\\\/schema.org\",\"@graph\":[{\"@type\":\"WebPage\",\"@id\":\"https:\\\/\\\/shop.bantam.ch\\\/fr\\\/produit\\\/systeme-occultant-sp-400-ensemble-pour-les-vitres-laterales-ford-transit-v363\\\/\",\"url\":\"https:\\\/\\\/shop.bantam.ch\\\/fr\\\/produit\\\/systeme-occultant-sp-400-ensemble-pour-les-vitres-laterales-ford-transit-v363\\\/\",\"name\":\"Syst\u00e8me occultant DOMETIC SP 400, kit fen\u00eatres lat\u00e9rales Ford Transit V363 - Bantam Wankm\u00fcller SA\",\"isPartOf\":{\"@id\":\"https:\\\/\\\/shop.bantam.ch\\\/fr\\\/#website\"},\"primaryImageOfPage\":{\"@id\":\"https:\\\/\\\/shop.bantam.ch\\\/fr\\\/produit\\\/systeme-occultant-sp-400-ensemble-pour-les-vitres-laterales-ford-transit-v363\\\/#primaryimage\"},\"image\":{\"@id\":\"https:\\\/\\\/shop.bantam.ch\\\/fr\\\/produit\\\/systeme-occultant-sp-400-ensemble-pour-les-vitres-laterales-ford-transit-v363\\\/#primaryimage\"},\"thumbnailUrl\":\"https:\\\/\\\/shop.bantam.ch\\\/wp-content\\\/uploads\\\/2024\\\/09\\\/Movera-L-9948696100.jpg\",\"datePublished\":\"2023-03-01T00:46:04+00:00\",\"dateModified\":\"2026-04-18T19:56:09+00:00\",\"breadcrumb\":{\"@id\":\"https:\\\/\\\/shop.bantam.ch\\\/fr\\\/produit\\\/systeme-occultant-sp-400-ensemble-pour-les-vitres-laterales-ford-transit-v363\\\/#breadcrumb\"},\"inLanguage\":\"fr-FR\",\"potentialAction\":[{\"@type\":\"ReadAction\",\"target\":[\"https:\\\/\\\/shop.bantam.ch\\\/fr\\\/produit\\\/systeme-occultant-sp-400-ensemble-pour-les-vitres-laterales-ford-transit-v363\\\/\"]}]},{\"@type\":\"ImageObject\",\"inLanguage\":\"fr-FR\",\"@id\":\"https:\\\/\\\/shop.bantam.ch\\\/fr\\\/produit\\\/systeme-occultant-sp-400-ensemble-pour-les-vitres-laterales-ford-transit-v363\\\/#primaryimage\",\"url\":\"https:\\\/\\\/shop.bantam.ch\\\/wp-content\\\/uploads\\\/2024\\\/09\\\/Movera-L-9948696100.jpg\",\"contentUrl\":\"https:\\\/\\\/shop.bantam.ch\\\/wp-content\\\/uploads\\\/2024\\\/09\\\/Movera-L-9948696100.jpg\",\"width\":640,\"height\":515},{\"@type\":\"BreadcrumbList\",\"@id\":\"https:\\\/\\\/shop.bantam.ch\\\/fr\\\/produit\\\/systeme-occultant-sp-400-ensemble-pour-les-vitres-laterales-ford-transit-v363\\\/#breadcrumb\",\"itemListElement\":[{\"@type\":\"ListItem\",\"position\":1,\"name\":\"Accueil\",\"item\":\"https:\\\/\\\/shop.bantam.ch\\\/fr\\\/\"},{\"@type\":\"ListItem\",\"position\":2,\"name\":\"Boutique\",\"item\":\"https:\\\/\\\/shop.bantam.ch\\\/fr\\\/boutique\\\/\"},{\"@type\":\"ListItem\",\"position\":3,\"name\":\"Syst\u00e8me occultant DOMETIC SP 400, kit fen\u00eatres lat\u00e9rales Ford Transit V363\"}]},{\"@type\":\"WebSite\",\"@id\":\"https:\\\/\\\/shop.bantam.ch\\\/fr\\\/#website\",\"url\":\"https:\\\/\\\/shop.bantam.ch\\\/fr\\\/\",\"name\":\"Bantam Wankm\u00fcller SA\",\"description\":\"\",\"publisher\":{\"@id\":\"https:\\\/\\\/shop.bantam.ch\\\/fr\\\/#organization\"},\"inLanguage\":\"fr-FR\"},{\"@type\":\"Organization\",\"@id\":\"https:\\\/\\\/shop.bantam.ch\\\/fr\\\/#organization\",\"name\":\"Bantam Wankm\u00fcller SA\",\"url\":\"https:\\\/\\\/shop.bantam.ch\\\/fr\\\/\",\"logo\":{\"@type\":\"ImageObject\",\"inLanguage\":\"fr-FR\",\"@id\":\"https:\\\/\\\/shop.bantam.ch\\\/fr\\\/#\\\/schema\\\/logo\\\/image\\\/\",\"url\":\"https:\\\/\\\/shop.bantam.ch\\\/wp-content\\\/uploads\\\/2022\\\/12\\\/bantam-logo.png\",\"contentUrl\":\"https:\\\/\\\/shop.bantam.ch\\\/wp-content\\\/uploads\\\/2022\\\/12\\\/bantam-logo.png\",\"width\":320,\"height\":71,\"caption\":\"Bantam Wankm\u00fcller SA\"},\"image\":{\"@id\":\"https:\\\/\\\/shop.bantam.ch\\\/fr\\\/#\\\/schema\\\/logo\\\/image\\\/\"}}]}<\/script>\n<!-- \/ Yoast SEO plugin. -->","yoast_head_json":{"title":"Syst\u00e8me occultant DOMETIC SP 400, kit fen\u00eatres lat\u00e9rales Ford Transit V363 - Bantam Wankm\u00fcller SA","robots":{"index":"index","follow":"follow","max-snippet":"max-snippet:-1","max-image-preview":"max-image-preview:large","max-video-preview":"max-video-preview:-1"},"canonical":"https:\/\/shop.bantam.ch\/fr\/produit\/systeme-occultant-sp-400-ensemble-pour-les-vitres-laterales-ford-transit-v363\/","og_locale":"fr_FR","og_type":"article","og_title":"Syst\u00e8me occultant DOMETIC SP 400, kit fen\u00eatres lat\u00e9rales Ford Transit V363 - Bantam Wankm\u00fcller SA","og_description":"Cette occultation l\u00e9g\u00e8re des vitres lat\u00e9rales a \u00e9t\u00e9 sp\u00e9cialement d\u00e9velopp\u00e9e pour les mod\u00e8les Ford Transit V363 Facelift disponibles depuis juin 2019. Ferm\u00e9 des deux c\u00f4t\u00e9s avec pr\u00e9cision et combin\u00e9 \u00e0 notre store coupe-vent FR 400, il offre une protection int\u00e9grale intelligente contre le soleil, le froid et les regards indiscrets. Le mat\u00e9riau occultant alv\u00e9olaire \u00e0 [&hellip;]","og_url":"https:\/\/shop.bantam.ch\/fr\/produit\/systeme-occultant-sp-400-ensemble-pour-les-vitres-laterales-ford-transit-v363\/","og_site_name":"Bantam Wankm\u00fcller SA","article_modified_time":"2026-04-18T19:56:09+00:00","twitter_card":"summary_large_image","twitter_misc":{"Dur\u00e9e de lecture estim\u00e9e":"1 minute"},"schema":{"@context":"https:\/\/schema.org","@graph":[{"@type":"WebPage","@id":"https:\/\/shop.bantam.ch\/fr\/produit\/systeme-occultant-sp-400-ensemble-pour-les-vitres-laterales-ford-transit-v363\/","url":"https:\/\/shop.bantam.ch\/fr\/produit\/systeme-occultant-sp-400-ensemble-pour-les-vitres-laterales-ford-transit-v363\/","name":"Syst\u00e8me occultant DOMETIC SP 400, kit fen\u00eatres lat\u00e9rales Ford Transit V363 - Bantam Wankm\u00fcller SA","isPartOf":{"@id":"https:\/\/shop.bantam.ch\/fr\/#website"},"primaryImageOfPage":{"@id":"https:\/\/shop.bantam.ch\/fr\/produit\/systeme-occultant-sp-400-ensemble-pour-les-vitres-laterales-ford-transit-v363\/#primaryimage"},"image":{"@id":"https:\/\/shop.bantam.ch\/fr\/produit\/systeme-occultant-sp-400-ensemble-pour-les-vitres-laterales-ford-transit-v363\/#primaryimage"},"thumbnailUrl":"https:\/\/shop.bantam.ch\/wp-content\/uploads\/2024\/09\/Movera-L-9948696100.jpg","datePublished":"2023-03-01T00:46:04+00:00","dateModified":"2026-04-18T19:56:09+00:00","breadcrumb":{"@id":"https:\/\/shop.bantam.ch\/fr\/produit\/systeme-occultant-sp-400-ensemble-pour-les-vitres-laterales-ford-transit-v363\/#breadcrumb"},"inLanguage":"fr-FR","potentialAction":[{"@type":"ReadAction","target":["https:\/\/shop.bantam.ch\/fr\/produit\/systeme-occultant-sp-400-ensemble-pour-les-vitres-laterales-ford-transit-v363\/"]}]},{"@type":"ImageObject","inLanguage":"fr-FR","@id":"https:\/\/shop.bantam.ch\/fr\/produit\/systeme-occultant-sp-400-ensemble-pour-les-vitres-laterales-ford-transit-v363\/#primaryimage","url":"https:\/\/shop.bantam.ch\/wp-content\/uploads\/2024\/09\/Movera-L-9948696100.jpg","contentUrl":"https:\/\/shop.bantam.ch\/wp-content\/uploads\/2024\/09\/Movera-L-9948696100.jpg","width":640,"height":515},{"@type":"BreadcrumbList","@id":"https:\/\/shop.bantam.ch\/fr\/produit\/systeme-occultant-sp-400-ensemble-pour-les-vitres-laterales-ford-transit-v363\/#breadcrumb","itemListElement":[{"@type":"ListItem","position":1,"name":"Accueil","item":"https:\/\/shop.bantam.ch\/fr\/"},{"@type":"ListItem","position":2,"name":"Boutique","item":"https:\/\/shop.bantam.ch\/fr\/boutique\/"},{"@type":"ListItem","position":3,"name":"Syst\u00e8me occultant DOMETIC SP 400, kit fen\u00eatres lat\u00e9rales Ford Transit V363"}]},{"@type":"WebSite","@id":"https:\/\/shop.bantam.ch\/fr\/#website","url":"https:\/\/shop.bantam.ch\/fr\/","name":"Bantam Wankm\u00fcller SA","description":"","publisher":{"@id":"https:\/\/shop.bantam.ch\/fr\/#organization"},"inLanguage":"fr-FR"},{"@type":"Organization","@id":"https:\/\/shop.bantam.ch\/fr\/#organization","name":"Bantam Wankm\u00fcller SA","url":"https:\/\/shop.bantam.ch\/fr\/","logo":{"@type":"ImageObject","inLanguage":"fr-FR","@id":"https:\/\/shop.bantam.ch\/fr\/#\/schema\/logo\/image\/","url":"https:\/\/shop.bantam.ch\/wp-content\/uploads\/2022\/12\/bantam-logo.png","contentUrl":"https:\/\/shop.bantam.ch\/wp-content\/uploads\/2022\/12\/bantam-logo.png","width":320,"height":71,"caption":"Bantam Wankm\u00fcller SA"},"image":{"@id":"https:\/\/shop.bantam.ch\/fr\/#\/schema\/logo\/image\/"}}]}},"_links":{"self":[{"href":"https:\/\/shop.bantam.ch\/fr\/wp-json\/wp\/v2\/product\/129042","targetHints":{"allow":["GET"]}}],"collection":[{"href":"https:\/\/shop.bantam.ch\/fr\/wp-json\/wp\/v2\/product"}],"about":[{"href":"https:\/\/shop.bantam.ch\/fr\/wp-json\/wp\/v2\/types\/product"}],"wp:featuredmedia":[{"embeddable":true,"href":"https:\/\/shop.bantam.ch\/fr\/wp-json\/wp\/v2\/media\/206394"}],"wp:attachment":[{"href":"https:\/\/shop.bantam.ch\/fr\/wp-json\/wp\/v2\/media?parent=129042"}],"wp:term":[{"taxonomy":"product_featured_cat","embeddable":true,"href":"https:\/\/shop.bantam.ch\/fr\/wp-json\/wp\/v2\/product_featured_cat?post=129042"},{"taxonomy":"product_brand","embeddable":true,"href":"https:\/\/shop.bantam.ch\/fr\/wp-json\/wp\/v2\/product_brand?post=129042"},{"taxonomy":"product_cat","embeddable":true,"href":"https:\/\/shop.bantam.ch\/fr\/wp-json\/wp\/v2\/product_cat?post=129042"},{"taxonomy":"product_tag","embeddable":true,"href":"https:\/\/shop.bantam.ch\/fr\/wp-json\/wp\/v2\/product_tag?post=129042"}],"curies":[{"name":"wp","href":"https:\/\/api.w.org\/{rel}","templated":true}]}}