{"id":129040,"date":"2023-03-01T01:45:58","date_gmt":"2023-03-01T00:45:58","guid":{"rendered":"https:\/\/shop.bantam.ch\/produit\/systeme-occultant-sp-400-pour-le-pare-brise-ford-transit-v363\/"},"modified":"2026-04-18T21:56:08","modified_gmt":"2026-04-18T19:56:08","slug":"systeme-occultant-sp-400-pour-le-pare-brise-ford-transit-v363","status":"publish","type":"product","link":"https:\/\/shop.bantam.ch\/fr\/produit\/systeme-occultant-sp-400-pour-le-pare-brise-ford-transit-v363\/","title":{"rendered":"Syst\u00e8me occultant DOMETIC Pare-brises FR 400 Ford Transit V363"},"content":{"rendered":"<p>Ce store enrouleur occultant robuste a \u00e9t\u00e9 sp\u00e9cialement con\u00e7u pour les mod\u00e8les Ford Transit V363 Facelift lanc\u00e9s en juin 2019. Il peut \u00eatre ajust\u00e9 sur trois positions de bas en haut et offre une combinaison parfaite d&rsquo;intimit\u00e9, d&rsquo;ombre et d&rsquo;isolation thermique. Son mat\u00e9riau de rev\u00eatement en aluminium retient efficacement la chaleur ou le froid. Le montage se fait en quelques minutes, avec un r\u00e9sultat impeccable. Le post-\u00e9quipement est identique \u00e0 l&rsquo;original qui a \u00e9t\u00e9 install\u00e9 directement \u00e0 l&rsquo;usine.\u00a0<\/p>\n<ul>\n<li><span>Mat\u00e9riau de store enrouleur r\u00e9sistant et durable <\/span><\/li>\n<li><span>R\u00e9glable de bas en haut &#8211; brise-vue avec visibilit\u00e9<\/span><\/li>\n<li><span>Isolation thermique optimis\u00e9e gr\u00e2ce au tissu enduit d&rsquo;aluminium<\/span><\/li>\n<li><span>Manipulation facile avec 3 positions de r\u00e9glage (ouvert, brise-vue, ferm\u00e9) <\/span><\/li>\n<\/ul>\n","protected":false},"excerpt":{"rendered":"<p>Ce store enrouleur occultant robuste a \u00e9t\u00e9 sp\u00e9cialement con\u00e7u pour les mod\u00e8les Ford Transit V363 Facelift lanc\u00e9s en juin 2019. Il peut \u00eatre ajust\u00e9 sur trois positions de bas en haut et offre une combinaison parfaite d&rsquo;intimit\u00e9, d&rsquo;ombre et d&rsquo;isolation thermique. Son mat\u00e9riau de rev\u00eatement en aluminium retient efficacement la chaleur ou le froid. Le [&hellip;]<\/p>\n","protected":false},"featured_media":129024,"template":"","meta":{"_acf_changed":false},"product_featured_cat":[],"product_brand":[3028],"product_cat":[4713],"product_tag":[],"class_list":{"0":"post-129040","1":"product","2":"type-product","3":"status-publish","4":"has-post-thumbnail","6":"product_brand-dometic","7":"product_cat-systeme-doccultation-de-la-cabine-de-conduite","9":"first","10":"instock","11":"taxable","12":"shipping-taxable","13":"purchasable","14":"product-type-simple"},"acf":[],"yoast_head":"<!-- This site is optimized with the Yoast SEO plugin v27.4 - https:\/\/yoast.com\/product\/yoast-seo-wordpress\/ -->\n<title>Syst\u00e8me occultant DOMETIC Pare-brises FR 400 Ford Transit V363 - Bantam Wankm\u00fcller SA<\/title>\n<meta name=\"robots\" content=\"index, follow, max-snippet:-1, max-image-preview:large, max-video-preview:-1\" \/>\n<link rel=\"canonical\" href=\"https:\/\/shop.bantam.ch\/fr\/produit\/systeme-occultant-sp-400-pour-le-pare-brise-ford-transit-v363\/\" \/>\n<meta property=\"og:locale\" content=\"fr_FR\" \/>\n<meta property=\"og:type\" content=\"article\" \/>\n<meta property=\"og:title\" content=\"Syst\u00e8me occultant DOMETIC Pare-brises FR 400 Ford Transit V363 - Bantam Wankm\u00fcller SA\" \/>\n<meta property=\"og:description\" content=\"Ce store enrouleur occultant robuste a \u00e9t\u00e9 sp\u00e9cialement con\u00e7u pour les mod\u00e8les Ford Transit V363 Facelift lanc\u00e9s en juin 2019. Il peut \u00eatre ajust\u00e9 sur trois positions de bas en haut et offre une combinaison parfaite d&rsquo;intimit\u00e9, d&rsquo;ombre et d&rsquo;isolation thermique. Son mat\u00e9riau de rev\u00eatement en aluminium retient efficacement la chaleur ou le froid. Le [&hellip;]\" \/>\n<meta property=\"og:url\" content=\"https:\/\/shop.bantam.ch\/fr\/produit\/systeme-occultant-sp-400-pour-le-pare-brise-ford-transit-v363\/\" \/>\n<meta property=\"og:site_name\" content=\"Bantam Wankm\u00fcller SA\" \/>\n<meta property=\"article:modified_time\" content=\"2026-04-18T19:56:08+00:00\" \/>\n<meta property=\"og:image\" content=\"https:\/\/shop.bantam.ch\/wp-content\/uploads\/2023\/03\/9948694107.jpg\" \/>\n\t<meta property=\"og:image:width\" content=\"1000\" \/>\n\t<meta property=\"og:image:height\" content=\"667\" \/>\n\t<meta property=\"og:image:type\" content=\"image\/jpeg\" \/>\n<meta name=\"twitter:card\" content=\"summary_large_image\" \/>\n<meta name=\"twitter:label1\" content=\"Dur\u00e9e de lecture estim\u00e9e\" \/>\n\t<meta name=\"twitter:data1\" content=\"1 minute\" \/>\n<script type=\"application\/ld+json\" class=\"yoast-schema-graph\">{\"@context\":\"https:\\\/\\\/schema.org\",\"@graph\":[{\"@type\":\"WebPage\",\"@id\":\"https:\\\/\\\/shop.bantam.ch\\\/fr\\\/produit\\\/systeme-occultant-sp-400-pour-le-pare-brise-ford-transit-v363\\\/\",\"url\":\"https:\\\/\\\/shop.bantam.ch\\\/fr\\\/produit\\\/systeme-occultant-sp-400-pour-le-pare-brise-ford-transit-v363\\\/\",\"name\":\"Syst\u00e8me occultant DOMETIC Pare-brises FR 400 Ford Transit V363 - Bantam Wankm\u00fcller SA\",\"isPartOf\":{\"@id\":\"https:\\\/\\\/shop.bantam.ch\\\/fr\\\/#website\"},\"primaryImageOfPage\":{\"@id\":\"https:\\\/\\\/shop.bantam.ch\\\/fr\\\/produit\\\/systeme-occultant-sp-400-pour-le-pare-brise-ford-transit-v363\\\/#primaryimage\"},\"image\":{\"@id\":\"https:\\\/\\\/shop.bantam.ch\\\/fr\\\/produit\\\/systeme-occultant-sp-400-pour-le-pare-brise-ford-transit-v363\\\/#primaryimage\"},\"thumbnailUrl\":\"https:\\\/\\\/shop.bantam.ch\\\/wp-content\\\/uploads\\\/2023\\\/03\\\/9948694107.jpg\",\"datePublished\":\"2023-03-01T00:45:58+00:00\",\"dateModified\":\"2026-04-18T19:56:08+00:00\",\"breadcrumb\":{\"@id\":\"https:\\\/\\\/shop.bantam.ch\\\/fr\\\/produit\\\/systeme-occultant-sp-400-pour-le-pare-brise-ford-transit-v363\\\/#breadcrumb\"},\"inLanguage\":\"fr-FR\",\"potentialAction\":[{\"@type\":\"ReadAction\",\"target\":[\"https:\\\/\\\/shop.bantam.ch\\\/fr\\\/produit\\\/systeme-occultant-sp-400-pour-le-pare-brise-ford-transit-v363\\\/\"]}]},{\"@type\":\"ImageObject\",\"inLanguage\":\"fr-FR\",\"@id\":\"https:\\\/\\\/shop.bantam.ch\\\/fr\\\/produit\\\/systeme-occultant-sp-400-pour-le-pare-brise-ford-transit-v363\\\/#primaryimage\",\"url\":\"https:\\\/\\\/shop.bantam.ch\\\/wp-content\\\/uploads\\\/2023\\\/03\\\/9948694107.jpg\",\"contentUrl\":\"https:\\\/\\\/shop.bantam.ch\\\/wp-content\\\/uploads\\\/2023\\\/03\\\/9948694107.jpg\",\"width\":1000,\"height\":667},{\"@type\":\"BreadcrumbList\",\"@id\":\"https:\\\/\\\/shop.bantam.ch\\\/fr\\\/produit\\\/systeme-occultant-sp-400-pour-le-pare-brise-ford-transit-v363\\\/#breadcrumb\",\"itemListElement\":[{\"@type\":\"ListItem\",\"position\":1,\"name\":\"Accueil\",\"item\":\"https:\\\/\\\/shop.bantam.ch\\\/fr\\\/\"},{\"@type\":\"ListItem\",\"position\":2,\"name\":\"Boutique\",\"item\":\"https:\\\/\\\/shop.bantam.ch\\\/fr\\\/boutique\\\/\"},{\"@type\":\"ListItem\",\"position\":3,\"name\":\"Syst\u00e8me occultant DOMETIC Pare-brises FR 400 Ford Transit V363\"}]},{\"@type\":\"WebSite\",\"@id\":\"https:\\\/\\\/shop.bantam.ch\\\/fr\\\/#website\",\"url\":\"https:\\\/\\\/shop.bantam.ch\\\/fr\\\/\",\"name\":\"Bantam Wankm\u00fcller SA\",\"description\":\"\",\"publisher\":{\"@id\":\"https:\\\/\\\/shop.bantam.ch\\\/fr\\\/#organization\"},\"inLanguage\":\"fr-FR\"},{\"@type\":\"Organization\",\"@id\":\"https:\\\/\\\/shop.bantam.ch\\\/fr\\\/#organization\",\"name\":\"Bantam Wankm\u00fcller SA\",\"url\":\"https:\\\/\\\/shop.bantam.ch\\\/fr\\\/\",\"logo\":{\"@type\":\"ImageObject\",\"inLanguage\":\"fr-FR\",\"@id\":\"https:\\\/\\\/shop.bantam.ch\\\/fr\\\/#\\\/schema\\\/logo\\\/image\\\/\",\"url\":\"https:\\\/\\\/shop.bantam.ch\\\/wp-content\\\/uploads\\\/2022\\\/12\\\/bantam-logo.png\",\"contentUrl\":\"https:\\\/\\\/shop.bantam.ch\\\/wp-content\\\/uploads\\\/2022\\\/12\\\/bantam-logo.png\",\"width\":320,\"height\":71,\"caption\":\"Bantam Wankm\u00fcller SA\"},\"image\":{\"@id\":\"https:\\\/\\\/shop.bantam.ch\\\/fr\\\/#\\\/schema\\\/logo\\\/image\\\/\"}}]}<\/script>\n<!-- \/ Yoast SEO plugin. -->","yoast_head_json":{"title":"Syst\u00e8me occultant DOMETIC Pare-brises FR 400 Ford Transit V363 - Bantam Wankm\u00fcller SA","robots":{"index":"index","follow":"follow","max-snippet":"max-snippet:-1","max-image-preview":"max-image-preview:large","max-video-preview":"max-video-preview:-1"},"canonical":"https:\/\/shop.bantam.ch\/fr\/produit\/systeme-occultant-sp-400-pour-le-pare-brise-ford-transit-v363\/","og_locale":"fr_FR","og_type":"article","og_title":"Syst\u00e8me occultant DOMETIC Pare-brises FR 400 Ford Transit V363 - Bantam Wankm\u00fcller SA","og_description":"Ce store enrouleur occultant robuste a \u00e9t\u00e9 sp\u00e9cialement con\u00e7u pour les mod\u00e8les Ford Transit V363 Facelift lanc\u00e9s en juin 2019. Il peut \u00eatre ajust\u00e9 sur trois positions de bas en haut et offre une combinaison parfaite d&rsquo;intimit\u00e9, d&rsquo;ombre et d&rsquo;isolation thermique. Son mat\u00e9riau de rev\u00eatement en aluminium retient efficacement la chaleur ou le froid. Le [&hellip;]","og_url":"https:\/\/shop.bantam.ch\/fr\/produit\/systeme-occultant-sp-400-pour-le-pare-brise-ford-transit-v363\/","og_site_name":"Bantam Wankm\u00fcller SA","article_modified_time":"2026-04-18T19:56:08+00:00","og_image":[{"width":1000,"height":667,"url":"https:\/\/shop.bantam.ch\/wp-content\/uploads\/2023\/03\/9948694107.jpg","type":"image\/jpeg"}],"twitter_card":"summary_large_image","twitter_misc":{"Dur\u00e9e de lecture estim\u00e9e":"1 minute"},"schema":{"@context":"https:\/\/schema.org","@graph":[{"@type":"WebPage","@id":"https:\/\/shop.bantam.ch\/fr\/produit\/systeme-occultant-sp-400-pour-le-pare-brise-ford-transit-v363\/","url":"https:\/\/shop.bantam.ch\/fr\/produit\/systeme-occultant-sp-400-pour-le-pare-brise-ford-transit-v363\/","name":"Syst\u00e8me occultant DOMETIC Pare-brises FR 400 Ford Transit V363 - Bantam Wankm\u00fcller SA","isPartOf":{"@id":"https:\/\/shop.bantam.ch\/fr\/#website"},"primaryImageOfPage":{"@id":"https:\/\/shop.bantam.ch\/fr\/produit\/systeme-occultant-sp-400-pour-le-pare-brise-ford-transit-v363\/#primaryimage"},"image":{"@id":"https:\/\/shop.bantam.ch\/fr\/produit\/systeme-occultant-sp-400-pour-le-pare-brise-ford-transit-v363\/#primaryimage"},"thumbnailUrl":"https:\/\/shop.bantam.ch\/wp-content\/uploads\/2023\/03\/9948694107.jpg","datePublished":"2023-03-01T00:45:58+00:00","dateModified":"2026-04-18T19:56:08+00:00","breadcrumb":{"@id":"https:\/\/shop.bantam.ch\/fr\/produit\/systeme-occultant-sp-400-pour-le-pare-brise-ford-transit-v363\/#breadcrumb"},"inLanguage":"fr-FR","potentialAction":[{"@type":"ReadAction","target":["https:\/\/shop.bantam.ch\/fr\/produit\/systeme-occultant-sp-400-pour-le-pare-brise-ford-transit-v363\/"]}]},{"@type":"ImageObject","inLanguage":"fr-FR","@id":"https:\/\/shop.bantam.ch\/fr\/produit\/systeme-occultant-sp-400-pour-le-pare-brise-ford-transit-v363\/#primaryimage","url":"https:\/\/shop.bantam.ch\/wp-content\/uploads\/2023\/03\/9948694107.jpg","contentUrl":"https:\/\/shop.bantam.ch\/wp-content\/uploads\/2023\/03\/9948694107.jpg","width":1000,"height":667},{"@type":"BreadcrumbList","@id":"https:\/\/shop.bantam.ch\/fr\/produit\/systeme-occultant-sp-400-pour-le-pare-brise-ford-transit-v363\/#breadcrumb","itemListElement":[{"@type":"ListItem","position":1,"name":"Accueil","item":"https:\/\/shop.bantam.ch\/fr\/"},{"@type":"ListItem","position":2,"name":"Boutique","item":"https:\/\/shop.bantam.ch\/fr\/boutique\/"},{"@type":"ListItem","position":3,"name":"Syst\u00e8me occultant DOMETIC Pare-brises FR 400 Ford Transit V363"}]},{"@type":"WebSite","@id":"https:\/\/shop.bantam.ch\/fr\/#website","url":"https:\/\/shop.bantam.ch\/fr\/","name":"Bantam Wankm\u00fcller SA","description":"","publisher":{"@id":"https:\/\/shop.bantam.ch\/fr\/#organization"},"inLanguage":"fr-FR"},{"@type":"Organization","@id":"https:\/\/shop.bantam.ch\/fr\/#organization","name":"Bantam Wankm\u00fcller SA","url":"https:\/\/shop.bantam.ch\/fr\/","logo":{"@type":"ImageObject","inLanguage":"fr-FR","@id":"https:\/\/shop.bantam.ch\/fr\/#\/schema\/logo\/image\/","url":"https:\/\/shop.bantam.ch\/wp-content\/uploads\/2022\/12\/bantam-logo.png","contentUrl":"https:\/\/shop.bantam.ch\/wp-content\/uploads\/2022\/12\/bantam-logo.png","width":320,"height":71,"caption":"Bantam Wankm\u00fcller SA"},"image":{"@id":"https:\/\/shop.bantam.ch\/fr\/#\/schema\/logo\/image\/"}}]}},"_links":{"self":[{"href":"https:\/\/shop.bantam.ch\/fr\/wp-json\/wp\/v2\/product\/129040","targetHints":{"allow":["GET"]}}],"collection":[{"href":"https:\/\/shop.bantam.ch\/fr\/wp-json\/wp\/v2\/product"}],"about":[{"href":"https:\/\/shop.bantam.ch\/fr\/wp-json\/wp\/v2\/types\/product"}],"wp:featuredmedia":[{"embeddable":true,"href":"https:\/\/shop.bantam.ch\/fr\/wp-json\/wp\/v2\/media\/129024"}],"wp:attachment":[{"href":"https:\/\/shop.bantam.ch\/fr\/wp-json\/wp\/v2\/media?parent=129040"}],"wp:term":[{"taxonomy":"product_featured_cat","embeddable":true,"href":"https:\/\/shop.bantam.ch\/fr\/wp-json\/wp\/v2\/product_featured_cat?post=129040"},{"taxonomy":"product_brand","embeddable":true,"href":"https:\/\/shop.bantam.ch\/fr\/wp-json\/wp\/v2\/product_brand?post=129040"},{"taxonomy":"product_cat","embeddable":true,"href":"https:\/\/shop.bantam.ch\/fr\/wp-json\/wp\/v2\/product_cat?post=129040"},{"taxonomy":"product_tag","embeddable":true,"href":"https:\/\/shop.bantam.ch\/fr\/wp-json\/wp\/v2\/product_tag?post=129040"}],"curies":[{"name":"wp","href":"https:\/\/api.w.org\/{rel}","templated":true}]}}