{"id":129016,"date":"2023-03-01T01:45:38","date_gmt":"2023-03-01T00:45:38","guid":{"rendered":"https:\/\/shop.bantam.ch\/produit\/radiateur-soufflant-air-top-evo-55-d-12-v-rv-confort\/"},"modified":"2026-04-17T21:55:00","modified_gmt":"2026-04-17T19:55:00","slug":"radiateur-soufflant-air-top-evo-55-d-12-v-rv-confort","status":"publish","type":"product","link":"https:\/\/shop.bantam.ch\/fr\/produit\/radiateur-soufflant-air-top-evo-55-d-12-v-rv-confort\/","title":{"rendered":"Chauffage d\u2019air Webasto Air Top EVO 55 D 12 V RV Confort"},"content":{"rendered":"<p>Air Top Evo 55 \u2013 efficace et silencieux dans des conditions extr\u00eames<br \/>Gr\u00e2ce \u00e0 sa puissance de chauffage tr\u00e8s \u00e9lev\u00e9e, ce chauffage compact et silencieux assure un climat ambiant agr\u00e9able dans les grands camping-cars, m\u00eame dans les conditions les plus difficiles, et r\u00e9pond aux exigences les plus \u00e9lev\u00e9es. Il est possible de faire une mise \u00e0 niveau avec l&rsquo;\u00e9l\u00e9ment de commande de confort MultiControl. Des modes de fonctionnement suppl\u00e9mentaires sont disponibles en fonction des besoins de chauffage individuels.<\/p>\n<ul>\n<li>D\u00e9bit d&rsquo;air (m\u00b3\/h) 200 \/ 220<\/li>\n<li>Tension nominale (V) 12<\/li>\n<li>Puissance de chauffage 1,5 &#8211; 5,0 \/ 5,5 (mode boost) kW<\/li>\n<li>Consommation de carburant (l\/h) 0,18 &#8211; 0,61 \/ 0,67<\/li>\n<li>Carburant diesel\u00a0<\/li>\n<li>consommation de tension nominale dans la plage de contr\u00f4le 15 &#8211; 95 \/ 130<\/li>\n<\/ul>\n","protected":false},"excerpt":{"rendered":"<p>Air Top Evo 55 \u2013 efficace et silencieux dans des conditions extr\u00eamesGr\u00e2ce \u00e0 sa puissance de chauffage tr\u00e8s \u00e9lev\u00e9e, ce chauffage compact et silencieux assure un climat ambiant agr\u00e9able dans les grands camping-cars, m\u00eame dans les conditions les plus difficiles, et r\u00e9pond aux exigences les plus \u00e9lev\u00e9es. Il est possible de faire une mise \u00e0 [&hellip;]<\/p>\n","protected":false},"featured_media":129014,"template":"","meta":{"_acf_changed":false},"product_featured_cat":[],"product_brand":[3284],"product_cat":[4539],"product_tag":[],"class_list":{"0":"post-129016","1":"product","2":"type-product","3":"status-publish","4":"has-post-thumbnail","6":"product_brand-webasto","7":"product_cat-chauffages-diesel","9":"first","10":"instock","11":"taxable","12":"shipping-taxable","13":"purchasable","14":"product-type-simple"},"acf":[],"yoast_head":"<!-- This site is optimized with the Yoast SEO plugin v27.4 - https:\/\/yoast.com\/product\/yoast-seo-wordpress\/ -->\n<title>Chauffage d\u2019air Webasto Air Top EVO 55 D 12 V RV Confort - Bantam Wankm\u00fcller SA<\/title>\n<meta name=\"robots\" content=\"index, follow, max-snippet:-1, max-image-preview:large, max-video-preview:-1\" \/>\n<link rel=\"canonical\" href=\"https:\/\/shop.bantam.ch\/fr\/produit\/radiateur-soufflant-air-top-evo-55-d-12-v-rv-confort\/\" \/>\n<meta property=\"og:locale\" content=\"fr_FR\" \/>\n<meta property=\"og:type\" content=\"article\" \/>\n<meta property=\"og:title\" content=\"Chauffage d\u2019air Webasto Air Top EVO 55 D 12 V RV Confort - Bantam Wankm\u00fcller SA\" \/>\n<meta property=\"og:description\" content=\"Air Top Evo 55 \u2013 efficace et silencieux dans des conditions extr\u00eamesGr\u00e2ce \u00e0 sa puissance de chauffage tr\u00e8s \u00e9lev\u00e9e, ce chauffage compact et silencieux assure un climat ambiant agr\u00e9able dans les grands camping-cars, m\u00eame dans les conditions les plus difficiles, et r\u00e9pond aux exigences les plus \u00e9lev\u00e9es. Il est possible de faire une mise \u00e0 [&hellip;]\" \/>\n<meta property=\"og:url\" content=\"https:\/\/shop.bantam.ch\/fr\/produit\/radiateur-soufflant-air-top-evo-55-d-12-v-rv-confort\/\" \/>\n<meta property=\"og:site_name\" content=\"Bantam Wankm\u00fcller SA\" \/>\n<meta property=\"article:modified_time\" content=\"2026-04-17T19:55:00+00:00\" \/>\n<meta property=\"og:image\" content=\"https:\/\/shop.bantam.ch\/wp-content\/uploads\/2023\/03\/9957831100.jpg\" \/>\n\t<meta property=\"og:image:width\" content=\"600\" \/>\n\t<meta property=\"og:image:height\" content=\"342\" \/>\n\t<meta property=\"og:image:type\" content=\"image\/jpeg\" \/>\n<meta name=\"twitter:card\" content=\"summary_large_image\" \/>\n<meta name=\"twitter:label1\" content=\"Dur\u00e9e de lecture estim\u00e9e\" \/>\n\t<meta name=\"twitter:data1\" content=\"1 minute\" \/>\n<script type=\"application\/ld+json\" class=\"yoast-schema-graph\">{\"@context\":\"https:\\\/\\\/schema.org\",\"@graph\":[{\"@type\":\"WebPage\",\"@id\":\"https:\\\/\\\/shop.bantam.ch\\\/fr\\\/produit\\\/radiateur-soufflant-air-top-evo-55-d-12-v-rv-confort\\\/\",\"url\":\"https:\\\/\\\/shop.bantam.ch\\\/fr\\\/produit\\\/radiateur-soufflant-air-top-evo-55-d-12-v-rv-confort\\\/\",\"name\":\"Chauffage d\u2019air Webasto Air Top EVO 55 D 12 V RV Confort - Bantam Wankm\u00fcller SA\",\"isPartOf\":{\"@id\":\"https:\\\/\\\/shop.bantam.ch\\\/fr\\\/#website\"},\"primaryImageOfPage\":{\"@id\":\"https:\\\/\\\/shop.bantam.ch\\\/fr\\\/produit\\\/radiateur-soufflant-air-top-evo-55-d-12-v-rv-confort\\\/#primaryimage\"},\"image\":{\"@id\":\"https:\\\/\\\/shop.bantam.ch\\\/fr\\\/produit\\\/radiateur-soufflant-air-top-evo-55-d-12-v-rv-confort\\\/#primaryimage\"},\"thumbnailUrl\":\"https:\\\/\\\/shop.bantam.ch\\\/wp-content\\\/uploads\\\/2023\\\/03\\\/9957831100.jpg\",\"datePublished\":\"2023-03-01T00:45:38+00:00\",\"dateModified\":\"2026-04-17T19:55:00+00:00\",\"breadcrumb\":{\"@id\":\"https:\\\/\\\/shop.bantam.ch\\\/fr\\\/produit\\\/radiateur-soufflant-air-top-evo-55-d-12-v-rv-confort\\\/#breadcrumb\"},\"inLanguage\":\"fr-FR\",\"potentialAction\":[{\"@type\":\"ReadAction\",\"target\":[\"https:\\\/\\\/shop.bantam.ch\\\/fr\\\/produit\\\/radiateur-soufflant-air-top-evo-55-d-12-v-rv-confort\\\/\"]}]},{\"@type\":\"ImageObject\",\"inLanguage\":\"fr-FR\",\"@id\":\"https:\\\/\\\/shop.bantam.ch\\\/fr\\\/produit\\\/radiateur-soufflant-air-top-evo-55-d-12-v-rv-confort\\\/#primaryimage\",\"url\":\"https:\\\/\\\/shop.bantam.ch\\\/wp-content\\\/uploads\\\/2023\\\/03\\\/9957831100.jpg\",\"contentUrl\":\"https:\\\/\\\/shop.bantam.ch\\\/wp-content\\\/uploads\\\/2023\\\/03\\\/9957831100.jpg\",\"width\":600,\"height\":342},{\"@type\":\"BreadcrumbList\",\"@id\":\"https:\\\/\\\/shop.bantam.ch\\\/fr\\\/produit\\\/radiateur-soufflant-air-top-evo-55-d-12-v-rv-confort\\\/#breadcrumb\",\"itemListElement\":[{\"@type\":\"ListItem\",\"position\":1,\"name\":\"Accueil\",\"item\":\"https:\\\/\\\/shop.bantam.ch\\\/fr\\\/\"},{\"@type\":\"ListItem\",\"position\":2,\"name\":\"Boutique\",\"item\":\"https:\\\/\\\/shop.bantam.ch\\\/fr\\\/boutique\\\/\"},{\"@type\":\"ListItem\",\"position\":3,\"name\":\"Chauffage d\u2019air Webasto Air Top EVO 55 D 12 V RV Confort\"}]},{\"@type\":\"WebSite\",\"@id\":\"https:\\\/\\\/shop.bantam.ch\\\/fr\\\/#website\",\"url\":\"https:\\\/\\\/shop.bantam.ch\\\/fr\\\/\",\"name\":\"Bantam Wankm\u00fcller SA\",\"description\":\"\",\"publisher\":{\"@id\":\"https:\\\/\\\/shop.bantam.ch\\\/fr\\\/#organization\"},\"inLanguage\":\"fr-FR\"},{\"@type\":\"Organization\",\"@id\":\"https:\\\/\\\/shop.bantam.ch\\\/fr\\\/#organization\",\"name\":\"Bantam Wankm\u00fcller SA\",\"url\":\"https:\\\/\\\/shop.bantam.ch\\\/fr\\\/\",\"logo\":{\"@type\":\"ImageObject\",\"inLanguage\":\"fr-FR\",\"@id\":\"https:\\\/\\\/shop.bantam.ch\\\/fr\\\/#\\\/schema\\\/logo\\\/image\\\/\",\"url\":\"https:\\\/\\\/shop.bantam.ch\\\/wp-content\\\/uploads\\\/2022\\\/12\\\/bantam-logo.png\",\"contentUrl\":\"https:\\\/\\\/shop.bantam.ch\\\/wp-content\\\/uploads\\\/2022\\\/12\\\/bantam-logo.png\",\"width\":320,\"height\":71,\"caption\":\"Bantam Wankm\u00fcller SA\"},\"image\":{\"@id\":\"https:\\\/\\\/shop.bantam.ch\\\/fr\\\/#\\\/schema\\\/logo\\\/image\\\/\"}}]}<\/script>\n<!-- \/ Yoast SEO plugin. -->","yoast_head_json":{"title":"Chauffage d\u2019air Webasto Air Top EVO 55 D 12 V RV Confort - Bantam Wankm\u00fcller SA","robots":{"index":"index","follow":"follow","max-snippet":"max-snippet:-1","max-image-preview":"max-image-preview:large","max-video-preview":"max-video-preview:-1"},"canonical":"https:\/\/shop.bantam.ch\/fr\/produit\/radiateur-soufflant-air-top-evo-55-d-12-v-rv-confort\/","og_locale":"fr_FR","og_type":"article","og_title":"Chauffage d\u2019air Webasto Air Top EVO 55 D 12 V RV Confort - Bantam Wankm\u00fcller SA","og_description":"Air Top Evo 55 \u2013 efficace et silencieux dans des conditions extr\u00eamesGr\u00e2ce \u00e0 sa puissance de chauffage tr\u00e8s \u00e9lev\u00e9e, ce chauffage compact et silencieux assure un climat ambiant agr\u00e9able dans les grands camping-cars, m\u00eame dans les conditions les plus difficiles, et r\u00e9pond aux exigences les plus \u00e9lev\u00e9es. Il est possible de faire une mise \u00e0 [&hellip;]","og_url":"https:\/\/shop.bantam.ch\/fr\/produit\/radiateur-soufflant-air-top-evo-55-d-12-v-rv-confort\/","og_site_name":"Bantam Wankm\u00fcller SA","article_modified_time":"2026-04-17T19:55:00+00:00","og_image":[{"width":600,"height":342,"url":"https:\/\/shop.bantam.ch\/wp-content\/uploads\/2023\/03\/9957831100.jpg","type":"image\/jpeg"}],"twitter_card":"summary_large_image","twitter_misc":{"Dur\u00e9e de lecture estim\u00e9e":"1 minute"},"schema":{"@context":"https:\/\/schema.org","@graph":[{"@type":"WebPage","@id":"https:\/\/shop.bantam.ch\/fr\/produit\/radiateur-soufflant-air-top-evo-55-d-12-v-rv-confort\/","url":"https:\/\/shop.bantam.ch\/fr\/produit\/radiateur-soufflant-air-top-evo-55-d-12-v-rv-confort\/","name":"Chauffage d\u2019air Webasto Air Top EVO 55 D 12 V RV Confort - Bantam Wankm\u00fcller SA","isPartOf":{"@id":"https:\/\/shop.bantam.ch\/fr\/#website"},"primaryImageOfPage":{"@id":"https:\/\/shop.bantam.ch\/fr\/produit\/radiateur-soufflant-air-top-evo-55-d-12-v-rv-confort\/#primaryimage"},"image":{"@id":"https:\/\/shop.bantam.ch\/fr\/produit\/radiateur-soufflant-air-top-evo-55-d-12-v-rv-confort\/#primaryimage"},"thumbnailUrl":"https:\/\/shop.bantam.ch\/wp-content\/uploads\/2023\/03\/9957831100.jpg","datePublished":"2023-03-01T00:45:38+00:00","dateModified":"2026-04-17T19:55:00+00:00","breadcrumb":{"@id":"https:\/\/shop.bantam.ch\/fr\/produit\/radiateur-soufflant-air-top-evo-55-d-12-v-rv-confort\/#breadcrumb"},"inLanguage":"fr-FR","potentialAction":[{"@type":"ReadAction","target":["https:\/\/shop.bantam.ch\/fr\/produit\/radiateur-soufflant-air-top-evo-55-d-12-v-rv-confort\/"]}]},{"@type":"ImageObject","inLanguage":"fr-FR","@id":"https:\/\/shop.bantam.ch\/fr\/produit\/radiateur-soufflant-air-top-evo-55-d-12-v-rv-confort\/#primaryimage","url":"https:\/\/shop.bantam.ch\/wp-content\/uploads\/2023\/03\/9957831100.jpg","contentUrl":"https:\/\/shop.bantam.ch\/wp-content\/uploads\/2023\/03\/9957831100.jpg","width":600,"height":342},{"@type":"BreadcrumbList","@id":"https:\/\/shop.bantam.ch\/fr\/produit\/radiateur-soufflant-air-top-evo-55-d-12-v-rv-confort\/#breadcrumb","itemListElement":[{"@type":"ListItem","position":1,"name":"Accueil","item":"https:\/\/shop.bantam.ch\/fr\/"},{"@type":"ListItem","position":2,"name":"Boutique","item":"https:\/\/shop.bantam.ch\/fr\/boutique\/"},{"@type":"ListItem","position":3,"name":"Chauffage d\u2019air Webasto Air Top EVO 55 D 12 V RV Confort"}]},{"@type":"WebSite","@id":"https:\/\/shop.bantam.ch\/fr\/#website","url":"https:\/\/shop.bantam.ch\/fr\/","name":"Bantam Wankm\u00fcller SA","description":"","publisher":{"@id":"https:\/\/shop.bantam.ch\/fr\/#organization"},"inLanguage":"fr-FR"},{"@type":"Organization","@id":"https:\/\/shop.bantam.ch\/fr\/#organization","name":"Bantam Wankm\u00fcller SA","url":"https:\/\/shop.bantam.ch\/fr\/","logo":{"@type":"ImageObject","inLanguage":"fr-FR","@id":"https:\/\/shop.bantam.ch\/fr\/#\/schema\/logo\/image\/","url":"https:\/\/shop.bantam.ch\/wp-content\/uploads\/2022\/12\/bantam-logo.png","contentUrl":"https:\/\/shop.bantam.ch\/wp-content\/uploads\/2022\/12\/bantam-logo.png","width":320,"height":71,"caption":"Bantam Wankm\u00fcller SA"},"image":{"@id":"https:\/\/shop.bantam.ch\/fr\/#\/schema\/logo\/image\/"}}]}},"_links":{"self":[{"href":"https:\/\/shop.bantam.ch\/fr\/wp-json\/wp\/v2\/product\/129016","targetHints":{"allow":["GET"]}}],"collection":[{"href":"https:\/\/shop.bantam.ch\/fr\/wp-json\/wp\/v2\/product"}],"about":[{"href":"https:\/\/shop.bantam.ch\/fr\/wp-json\/wp\/v2\/types\/product"}],"wp:featuredmedia":[{"embeddable":true,"href":"https:\/\/shop.bantam.ch\/fr\/wp-json\/wp\/v2\/media\/129014"}],"wp:attachment":[{"href":"https:\/\/shop.bantam.ch\/fr\/wp-json\/wp\/v2\/media?parent=129016"}],"wp:term":[{"taxonomy":"product_featured_cat","embeddable":true,"href":"https:\/\/shop.bantam.ch\/fr\/wp-json\/wp\/v2\/product_featured_cat?post=129016"},{"taxonomy":"product_brand","embeddable":true,"href":"https:\/\/shop.bantam.ch\/fr\/wp-json\/wp\/v2\/product_brand?post=129016"},{"taxonomy":"product_cat","embeddable":true,"href":"https:\/\/shop.bantam.ch\/fr\/wp-json\/wp\/v2\/product_cat?post=129016"},{"taxonomy":"product_tag","embeddable":true,"href":"https:\/\/shop.bantam.ch\/fr\/wp-json\/wp\/v2\/product_tag?post=129016"}],"curies":[{"name":"wp","href":"https:\/\/api.w.org\/{rel}","templated":true}]}}