{"id":128848,"date":"2023-03-01T01:42:28","date_gmt":"2023-03-01T00:42:28","guid":{"rendered":"https:\/\/shop.bantam.ch\/produit\/armoire-nova-venossa-gris-fonce\/"},"modified":"2026-04-19T21:57:45","modified_gmt":"2026-04-19T19:57:45","slug":"armoire-nova-venossa-gris-fonce","status":"publish","type":"product","link":"https:\/\/shop.bantam.ch\/fr\/produit\/armoire-nova-venossa-gris-fonce\/","title":{"rendered":"Meuble de camping pliable Nova Venossa"},"content":{"rendered":"<p class=\"MsoNormal\">Armoire basse pliante facile et rapide \u00e0 installer. Le Nova<br \/>\nVenossa est fabriqu\u00e9 en polyester de couleurs m\u00e9lang\u00e9es et est livr\u00e9 avec des<br \/>\n\u00e9tag\u00e8res en bambou. Livr\u00e9 avec des pieds r\u00e9glables et comprend un sac de<br \/>\nrangement pratique. La taille parfaite pour ranger de petits objets et \u00e0<br \/>\nutiliser comme table d\u2019appoint \u00e0 c\u00f4t\u00e9 de votre chaise.\u00a0Dimensions :<br \/>\n60x45x64cm.\u00a0Pli\u00e9 : 60x45x10,5cm.\u00a0Mat\u00e9riel: 100% Polyester \/<br \/>\nBambou.\u00a0Cadre : aluminium. Plateau sup\u00e9rieur : MDF.\u00a0Max. charge :<br \/>\n25kg.\u00a0Poids : 7,4 kg.<\/p>\n","protected":false},"excerpt":{"rendered":"<p>Armoire basse pliante facile et rapide \u00e0 installer. Le Nova Venossa est fabriqu\u00e9 en polyester de couleurs m\u00e9lang\u00e9es et est livr\u00e9 avec des \u00e9tag\u00e8res en bambou. Livr\u00e9 avec des pieds r\u00e9glables et comprend un sac de rangement pratique. La taille parfaite pour ranger de petits objets et \u00e0 utiliser comme table d\u2019appoint \u00e0 c\u00f4t\u00e9 de [&hellip;]<\/p>\n","protected":false},"featured_media":205908,"template":"","meta":{"_acf_changed":false},"product_featured_cat":[3925,5296],"product_brand":[3074],"product_cat":[4057],"product_tag":[],"class_list":{"0":"post-128848","1":"product","2":"type-product","3":"status-publish","4":"has-post-thumbnail","6":"product_featured_cat-prix-bantam","7":"product_featured_cat-prix-bantam-hindelbank-fr","8":"product_brand-eurotrail","9":"product_cat-armoires-de-camping","11":"first","12":"instock","13":"taxable","14":"shipping-taxable","15":"purchasable","16":"product-type-simple"},"acf":[],"yoast_head":"<!-- This site is optimized with the Yoast SEO plugin v27.4 - https:\/\/yoast.com\/product\/yoast-seo-wordpress\/ -->\n<title>Meuble de camping pliable Nova Venossa - Bantam Wankm\u00fcller SA<\/title>\n<meta name=\"robots\" content=\"index, follow, max-snippet:-1, max-image-preview:large, max-video-preview:-1\" \/>\n<link rel=\"canonical\" href=\"https:\/\/shop.bantam.ch\/fr\/produit\/armoire-nova-venossa-gris-fonce\/\" \/>\n<meta property=\"og:locale\" content=\"fr_FR\" \/>\n<meta property=\"og:type\" content=\"article\" \/>\n<meta property=\"og:title\" content=\"Meuble de camping pliable Nova Venossa - Bantam Wankm\u00fcller SA\" \/>\n<meta property=\"og:description\" content=\"Armoire basse pliante facile et rapide \u00e0 installer. Le Nova Venossa est fabriqu\u00e9 en polyester de couleurs m\u00e9lang\u00e9es et est livr\u00e9 avec des \u00e9tag\u00e8res en bambou. Livr\u00e9 avec des pieds r\u00e9glables et comprend un sac de rangement pratique. La taille parfaite pour ranger de petits objets et \u00e0 utiliser comme table d\u2019appoint \u00e0 c\u00f4t\u00e9 de [&hellip;]\" \/>\n<meta property=\"og:url\" content=\"https:\/\/shop.bantam.ch\/fr\/produit\/armoire-nova-venossa-gris-fonce\/\" \/>\n<meta property=\"og:site_name\" content=\"Bantam Wankm\u00fcller SA\" \/>\n<meta property=\"article:modified_time\" content=\"2026-04-19T19:57:45+00:00\" \/>\n<meta property=\"og:image\" content=\"https:\/\/shop.bantam.ch\/wp-content\/uploads\/2024\/09\/Movera-L-9944847100.jpg\" \/>\n\t<meta property=\"og:image:width\" content=\"539\" \/>\n\t<meta property=\"og:image:height\" content=\"713\" \/>\n\t<meta property=\"og:image:type\" content=\"image\/jpeg\" \/>\n<meta name=\"twitter:card\" content=\"summary_large_image\" \/>\n<script type=\"application\/ld+json\" class=\"yoast-schema-graph\">{\"@context\":\"https:\\\/\\\/schema.org\",\"@graph\":[{\"@type\":\"WebPage\",\"@id\":\"https:\\\/\\\/shop.bantam.ch\\\/fr\\\/produit\\\/armoire-nova-venossa-gris-fonce\\\/\",\"url\":\"https:\\\/\\\/shop.bantam.ch\\\/fr\\\/produit\\\/armoire-nova-venossa-gris-fonce\\\/\",\"name\":\"Meuble de camping pliable Nova Venossa - Bantam Wankm\u00fcller SA\",\"isPartOf\":{\"@id\":\"https:\\\/\\\/shop.bantam.ch\\\/fr\\\/#website\"},\"primaryImageOfPage\":{\"@id\":\"https:\\\/\\\/shop.bantam.ch\\\/fr\\\/produit\\\/armoire-nova-venossa-gris-fonce\\\/#primaryimage\"},\"image\":{\"@id\":\"https:\\\/\\\/shop.bantam.ch\\\/fr\\\/produit\\\/armoire-nova-venossa-gris-fonce\\\/#primaryimage\"},\"thumbnailUrl\":\"https:\\\/\\\/shop.bantam.ch\\\/wp-content\\\/uploads\\\/2024\\\/09\\\/Movera-L-9944847100.jpg\",\"datePublished\":\"2023-03-01T00:42:28+00:00\",\"dateModified\":\"2026-04-19T19:57:45+00:00\",\"breadcrumb\":{\"@id\":\"https:\\\/\\\/shop.bantam.ch\\\/fr\\\/produit\\\/armoire-nova-venossa-gris-fonce\\\/#breadcrumb\"},\"inLanguage\":\"fr-FR\",\"potentialAction\":[{\"@type\":\"ReadAction\",\"target\":[\"https:\\\/\\\/shop.bantam.ch\\\/fr\\\/produit\\\/armoire-nova-venossa-gris-fonce\\\/\"]}]},{\"@type\":\"ImageObject\",\"inLanguage\":\"fr-FR\",\"@id\":\"https:\\\/\\\/shop.bantam.ch\\\/fr\\\/produit\\\/armoire-nova-venossa-gris-fonce\\\/#primaryimage\",\"url\":\"https:\\\/\\\/shop.bantam.ch\\\/wp-content\\\/uploads\\\/2024\\\/09\\\/Movera-L-9944847100.jpg\",\"contentUrl\":\"https:\\\/\\\/shop.bantam.ch\\\/wp-content\\\/uploads\\\/2024\\\/09\\\/Movera-L-9944847100.jpg\",\"width\":539,\"height\":713},{\"@type\":\"BreadcrumbList\",\"@id\":\"https:\\\/\\\/shop.bantam.ch\\\/fr\\\/produit\\\/armoire-nova-venossa-gris-fonce\\\/#breadcrumb\",\"itemListElement\":[{\"@type\":\"ListItem\",\"position\":1,\"name\":\"Accueil\",\"item\":\"https:\\\/\\\/shop.bantam.ch\\\/fr\\\/\"},{\"@type\":\"ListItem\",\"position\":2,\"name\":\"Boutique\",\"item\":\"https:\\\/\\\/shop.bantam.ch\\\/fr\\\/boutique\\\/\"},{\"@type\":\"ListItem\",\"position\":3,\"name\":\"Meuble de camping pliable Nova Venossa\"}]},{\"@type\":\"WebSite\",\"@id\":\"https:\\\/\\\/shop.bantam.ch\\\/fr\\\/#website\",\"url\":\"https:\\\/\\\/shop.bantam.ch\\\/fr\\\/\",\"name\":\"Bantam Wankm\u00fcller SA\",\"description\":\"\",\"publisher\":{\"@id\":\"https:\\\/\\\/shop.bantam.ch\\\/fr\\\/#organization\"},\"inLanguage\":\"fr-FR\"},{\"@type\":\"Organization\",\"@id\":\"https:\\\/\\\/shop.bantam.ch\\\/fr\\\/#organization\",\"name\":\"Bantam Wankm\u00fcller SA\",\"url\":\"https:\\\/\\\/shop.bantam.ch\\\/fr\\\/\",\"logo\":{\"@type\":\"ImageObject\",\"inLanguage\":\"fr-FR\",\"@id\":\"https:\\\/\\\/shop.bantam.ch\\\/fr\\\/#\\\/schema\\\/logo\\\/image\\\/\",\"url\":\"https:\\\/\\\/shop.bantam.ch\\\/wp-content\\\/uploads\\\/2022\\\/12\\\/bantam-logo.png\",\"contentUrl\":\"https:\\\/\\\/shop.bantam.ch\\\/wp-content\\\/uploads\\\/2022\\\/12\\\/bantam-logo.png\",\"width\":320,\"height\":71,\"caption\":\"Bantam Wankm\u00fcller SA\"},\"image\":{\"@id\":\"https:\\\/\\\/shop.bantam.ch\\\/fr\\\/#\\\/schema\\\/logo\\\/image\\\/\"}}]}<\/script>\n<!-- \/ Yoast SEO plugin. -->","yoast_head_json":{"title":"Meuble de camping pliable Nova Venossa - Bantam Wankm\u00fcller SA","robots":{"index":"index","follow":"follow","max-snippet":"max-snippet:-1","max-image-preview":"max-image-preview:large","max-video-preview":"max-video-preview:-1"},"canonical":"https:\/\/shop.bantam.ch\/fr\/produit\/armoire-nova-venossa-gris-fonce\/","og_locale":"fr_FR","og_type":"article","og_title":"Meuble de camping pliable Nova Venossa - Bantam Wankm\u00fcller SA","og_description":"Armoire basse pliante facile et rapide \u00e0 installer. Le Nova Venossa est fabriqu\u00e9 en polyester de couleurs m\u00e9lang\u00e9es et est livr\u00e9 avec des \u00e9tag\u00e8res en bambou. Livr\u00e9 avec des pieds r\u00e9glables et comprend un sac de rangement pratique. La taille parfaite pour ranger de petits objets et \u00e0 utiliser comme table d\u2019appoint \u00e0 c\u00f4t\u00e9 de [&hellip;]","og_url":"https:\/\/shop.bantam.ch\/fr\/produit\/armoire-nova-venossa-gris-fonce\/","og_site_name":"Bantam Wankm\u00fcller SA","article_modified_time":"2026-04-19T19:57:45+00:00","og_image":[{"width":539,"height":713,"url":"https:\/\/shop.bantam.ch\/wp-content\/uploads\/2024\/09\/Movera-L-9944847100.jpg","type":"image\/jpeg"}],"twitter_card":"summary_large_image","schema":{"@context":"https:\/\/schema.org","@graph":[{"@type":"WebPage","@id":"https:\/\/shop.bantam.ch\/fr\/produit\/armoire-nova-venossa-gris-fonce\/","url":"https:\/\/shop.bantam.ch\/fr\/produit\/armoire-nova-venossa-gris-fonce\/","name":"Meuble de camping pliable Nova Venossa - Bantam Wankm\u00fcller SA","isPartOf":{"@id":"https:\/\/shop.bantam.ch\/fr\/#website"},"primaryImageOfPage":{"@id":"https:\/\/shop.bantam.ch\/fr\/produit\/armoire-nova-venossa-gris-fonce\/#primaryimage"},"image":{"@id":"https:\/\/shop.bantam.ch\/fr\/produit\/armoire-nova-venossa-gris-fonce\/#primaryimage"},"thumbnailUrl":"https:\/\/shop.bantam.ch\/wp-content\/uploads\/2024\/09\/Movera-L-9944847100.jpg","datePublished":"2023-03-01T00:42:28+00:00","dateModified":"2026-04-19T19:57:45+00:00","breadcrumb":{"@id":"https:\/\/shop.bantam.ch\/fr\/produit\/armoire-nova-venossa-gris-fonce\/#breadcrumb"},"inLanguage":"fr-FR","potentialAction":[{"@type":"ReadAction","target":["https:\/\/shop.bantam.ch\/fr\/produit\/armoire-nova-venossa-gris-fonce\/"]}]},{"@type":"ImageObject","inLanguage":"fr-FR","@id":"https:\/\/shop.bantam.ch\/fr\/produit\/armoire-nova-venossa-gris-fonce\/#primaryimage","url":"https:\/\/shop.bantam.ch\/wp-content\/uploads\/2024\/09\/Movera-L-9944847100.jpg","contentUrl":"https:\/\/shop.bantam.ch\/wp-content\/uploads\/2024\/09\/Movera-L-9944847100.jpg","width":539,"height":713},{"@type":"BreadcrumbList","@id":"https:\/\/shop.bantam.ch\/fr\/produit\/armoire-nova-venossa-gris-fonce\/#breadcrumb","itemListElement":[{"@type":"ListItem","position":1,"name":"Accueil","item":"https:\/\/shop.bantam.ch\/fr\/"},{"@type":"ListItem","position":2,"name":"Boutique","item":"https:\/\/shop.bantam.ch\/fr\/boutique\/"},{"@type":"ListItem","position":3,"name":"Meuble de camping pliable Nova Venossa"}]},{"@type":"WebSite","@id":"https:\/\/shop.bantam.ch\/fr\/#website","url":"https:\/\/shop.bantam.ch\/fr\/","name":"Bantam Wankm\u00fcller SA","description":"","publisher":{"@id":"https:\/\/shop.bantam.ch\/fr\/#organization"},"inLanguage":"fr-FR"},{"@type":"Organization","@id":"https:\/\/shop.bantam.ch\/fr\/#organization","name":"Bantam Wankm\u00fcller SA","url":"https:\/\/shop.bantam.ch\/fr\/","logo":{"@type":"ImageObject","inLanguage":"fr-FR","@id":"https:\/\/shop.bantam.ch\/fr\/#\/schema\/logo\/image\/","url":"https:\/\/shop.bantam.ch\/wp-content\/uploads\/2022\/12\/bantam-logo.png","contentUrl":"https:\/\/shop.bantam.ch\/wp-content\/uploads\/2022\/12\/bantam-logo.png","width":320,"height":71,"caption":"Bantam Wankm\u00fcller SA"},"image":{"@id":"https:\/\/shop.bantam.ch\/fr\/#\/schema\/logo\/image\/"}}]}},"_links":{"self":[{"href":"https:\/\/shop.bantam.ch\/fr\/wp-json\/wp\/v2\/product\/128848","targetHints":{"allow":["GET"]}}],"collection":[{"href":"https:\/\/shop.bantam.ch\/fr\/wp-json\/wp\/v2\/product"}],"about":[{"href":"https:\/\/shop.bantam.ch\/fr\/wp-json\/wp\/v2\/types\/product"}],"wp:featuredmedia":[{"embeddable":true,"href":"https:\/\/shop.bantam.ch\/fr\/wp-json\/wp\/v2\/media\/205908"}],"wp:attachment":[{"href":"https:\/\/shop.bantam.ch\/fr\/wp-json\/wp\/v2\/media?parent=128848"}],"wp:term":[{"taxonomy":"product_featured_cat","embeddable":true,"href":"https:\/\/shop.bantam.ch\/fr\/wp-json\/wp\/v2\/product_featured_cat?post=128848"},{"taxonomy":"product_brand","embeddable":true,"href":"https:\/\/shop.bantam.ch\/fr\/wp-json\/wp\/v2\/product_brand?post=128848"},{"taxonomy":"product_cat","embeddable":true,"href":"https:\/\/shop.bantam.ch\/fr\/wp-json\/wp\/v2\/product_cat?post=128848"},{"taxonomy":"product_tag","embeddable":true,"href":"https:\/\/shop.bantam.ch\/fr\/wp-json\/wp\/v2\/product_tag?post=128848"}],"curies":[{"name":"wp","href":"https:\/\/api.w.org\/{rel}","templated":true}]}}