{"id":128732,"date":"2023-03-01T01:41:24","date_gmt":"2023-03-01T00:41:24","guid":{"rendered":"https:\/\/shop.bantam.ch\/produit\/porte-velos-carry-bike-pro-aluminium\/"},"modified":"2026-04-17T21:54:40","modified_gmt":"2026-04-17T19:54:40","slug":"porte-velos-carry-bike-pro-aluminium","status":"publish","type":"product","link":"https:\/\/shop.bantam.ch\/fr\/produit\/porte-velos-carry-bike-pro-aluminium\/","title":{"rendered":"Porte-v\u00e9los Fiamma Carry Bike Pro 2 v\u00e9los Charge admise 60 kg, aluminium"},"content":{"rendered":"<p>Restyling de la s\u00e9rie Pro, caract\u00e9ris\u00e9 par le nouveau profil de tube en aluminium structurellement plus solide et les rails Rail Plus pour v\u00e9los standard et \u00e9lectriques.<\/p>\n<ul>\n<li>Tube en aluminium 6060 \u00e0 section ovale<\/li>\n<li>Cadre r\u00e9glable en hauteur<\/li>\n<li>Pour transporter jusqu&rsquo;\u00e0 4 v\u00e9los standard ou 2 v\u00e9los \u00e9lectriques<\/li>\n<li>Nouveaux rails Rail Plus<\/li>\n<\/ul>\n","protected":false},"excerpt":{"rendered":"<p>Restyling de la s\u00e9rie Pro, caract\u00e9ris\u00e9 par le nouveau profil de tube en aluminium structurellement plus solide et les rails Rail Plus pour v\u00e9los standard et \u00e9lectriques. Tube en aluminium 6060 \u00e0 section ovale Cadre r\u00e9glable en hauteur Pour transporter jusqu&rsquo;\u00e0 4 v\u00e9los standard ou 2 v\u00e9los \u00e9lectriques Nouveaux rails Rail Plus<\/p>\n","protected":false},"featured_media":128722,"template":"","meta":{"_acf_changed":false},"product_featured_cat":[],"product_brand":[3034],"product_cat":[5137],"product_tag":[],"class_list":{"0":"post-128732","1":"product","2":"type-product","3":"status-publish","4":"has-post-thumbnail","6":"product_brand-fiamma","7":"product_cat-porte-velos-arriere","9":"first","10":"instock","11":"taxable","12":"shipping-taxable","13":"purchasable","14":"product-type-simple"},"acf":[],"yoast_head":"<!-- This site is optimized with the Yoast SEO plugin v27.4 - https:\/\/yoast.com\/product\/yoast-seo-wordpress\/ -->\n<title>Porte-v\u00e9los Fiamma Carry Bike Pro 2 v\u00e9los Charge admise 60 kg, aluminium - Bantam Wankm\u00fcller SA<\/title>\n<meta name=\"robots\" content=\"index, follow, max-snippet:-1, max-image-preview:large, max-video-preview:-1\" \/>\n<link rel=\"canonical\" href=\"https:\/\/shop.bantam.ch\/fr\/produit\/porte-velos-carry-bike-pro-aluminium\/\" \/>\n<meta property=\"og:locale\" content=\"fr_FR\" \/>\n<meta property=\"og:type\" content=\"article\" \/>\n<meta property=\"og:title\" content=\"Porte-v\u00e9los Fiamma Carry Bike Pro 2 v\u00e9los Charge admise 60 kg, aluminium - Bantam Wankm\u00fcller SA\" \/>\n<meta property=\"og:description\" content=\"Restyling de la s\u00e9rie Pro, caract\u00e9ris\u00e9 par le nouveau profil de tube en aluminium structurellement plus solide et les rails Rail Plus pour v\u00e9los standard et \u00e9lectriques. Tube en aluminium 6060 \u00e0 section ovale Cadre r\u00e9glable en hauteur Pour transporter jusqu&rsquo;\u00e0 4 v\u00e9los standard ou 2 v\u00e9los \u00e9lectriques Nouveaux rails Rail Plus\" \/>\n<meta property=\"og:url\" content=\"https:\/\/shop.bantam.ch\/fr\/produit\/porte-velos-carry-bike-pro-aluminium\/\" \/>\n<meta property=\"og:site_name\" content=\"Bantam Wankm\u00fcller SA\" \/>\n<meta property=\"article:modified_time\" content=\"2026-04-17T19:54:40+00:00\" \/>\n<meta property=\"og:image\" content=\"https:\/\/shop.bantam.ch\/wp-content\/uploads\/2023\/03\/9948665100.jpg\" \/>\n\t<meta property=\"og:image:width\" content=\"705\" \/>\n\t<meta property=\"og:image:height\" content=\"1000\" \/>\n\t<meta property=\"og:image:type\" content=\"image\/jpeg\" \/>\n<meta name=\"twitter:card\" content=\"summary_large_image\" \/>\n<script type=\"application\/ld+json\" class=\"yoast-schema-graph\">{\"@context\":\"https:\\\/\\\/schema.org\",\"@graph\":[{\"@type\":\"WebPage\",\"@id\":\"https:\\\/\\\/shop.bantam.ch\\\/fr\\\/produit\\\/porte-velos-carry-bike-pro-aluminium\\\/\",\"url\":\"https:\\\/\\\/shop.bantam.ch\\\/fr\\\/produit\\\/porte-velos-carry-bike-pro-aluminium\\\/\",\"name\":\"Porte-v\u00e9los Fiamma Carry Bike Pro 2 v\u00e9los Charge admise 60 kg, aluminium - Bantam Wankm\u00fcller SA\",\"isPartOf\":{\"@id\":\"https:\\\/\\\/shop.bantam.ch\\\/fr\\\/#website\"},\"primaryImageOfPage\":{\"@id\":\"https:\\\/\\\/shop.bantam.ch\\\/fr\\\/produit\\\/porte-velos-carry-bike-pro-aluminium\\\/#primaryimage\"},\"image\":{\"@id\":\"https:\\\/\\\/shop.bantam.ch\\\/fr\\\/produit\\\/porte-velos-carry-bike-pro-aluminium\\\/#primaryimage\"},\"thumbnailUrl\":\"https:\\\/\\\/shop.bantam.ch\\\/wp-content\\\/uploads\\\/2023\\\/03\\\/9948665100.jpg\",\"datePublished\":\"2023-03-01T00:41:24+00:00\",\"dateModified\":\"2026-04-17T19:54:40+00:00\",\"breadcrumb\":{\"@id\":\"https:\\\/\\\/shop.bantam.ch\\\/fr\\\/produit\\\/porte-velos-carry-bike-pro-aluminium\\\/#breadcrumb\"},\"inLanguage\":\"fr-FR\",\"potentialAction\":[{\"@type\":\"ReadAction\",\"target\":[\"https:\\\/\\\/shop.bantam.ch\\\/fr\\\/produit\\\/porte-velos-carry-bike-pro-aluminium\\\/\"]}]},{\"@type\":\"ImageObject\",\"inLanguage\":\"fr-FR\",\"@id\":\"https:\\\/\\\/shop.bantam.ch\\\/fr\\\/produit\\\/porte-velos-carry-bike-pro-aluminium\\\/#primaryimage\",\"url\":\"https:\\\/\\\/shop.bantam.ch\\\/wp-content\\\/uploads\\\/2023\\\/03\\\/9948665100.jpg\",\"contentUrl\":\"https:\\\/\\\/shop.bantam.ch\\\/wp-content\\\/uploads\\\/2023\\\/03\\\/9948665100.jpg\",\"width\":705,\"height\":1000},{\"@type\":\"BreadcrumbList\",\"@id\":\"https:\\\/\\\/shop.bantam.ch\\\/fr\\\/produit\\\/porte-velos-carry-bike-pro-aluminium\\\/#breadcrumb\",\"itemListElement\":[{\"@type\":\"ListItem\",\"position\":1,\"name\":\"Accueil\",\"item\":\"https:\\\/\\\/shop.bantam.ch\\\/fr\\\/\"},{\"@type\":\"ListItem\",\"position\":2,\"name\":\"Boutique\",\"item\":\"https:\\\/\\\/shop.bantam.ch\\\/fr\\\/boutique\\\/\"},{\"@type\":\"ListItem\",\"position\":3,\"name\":\"Porte-v\u00e9los Fiamma Carry Bike Pro 2 v\u00e9los Charge admise 60 kg, aluminium\"}]},{\"@type\":\"WebSite\",\"@id\":\"https:\\\/\\\/shop.bantam.ch\\\/fr\\\/#website\",\"url\":\"https:\\\/\\\/shop.bantam.ch\\\/fr\\\/\",\"name\":\"Bantam Wankm\u00fcller SA\",\"description\":\"\",\"publisher\":{\"@id\":\"https:\\\/\\\/shop.bantam.ch\\\/fr\\\/#organization\"},\"inLanguage\":\"fr-FR\"},{\"@type\":\"Organization\",\"@id\":\"https:\\\/\\\/shop.bantam.ch\\\/fr\\\/#organization\",\"name\":\"Bantam Wankm\u00fcller SA\",\"url\":\"https:\\\/\\\/shop.bantam.ch\\\/fr\\\/\",\"logo\":{\"@type\":\"ImageObject\",\"inLanguage\":\"fr-FR\",\"@id\":\"https:\\\/\\\/shop.bantam.ch\\\/fr\\\/#\\\/schema\\\/logo\\\/image\\\/\",\"url\":\"https:\\\/\\\/shop.bantam.ch\\\/wp-content\\\/uploads\\\/2022\\\/12\\\/bantam-logo.png\",\"contentUrl\":\"https:\\\/\\\/shop.bantam.ch\\\/wp-content\\\/uploads\\\/2022\\\/12\\\/bantam-logo.png\",\"width\":320,\"height\":71,\"caption\":\"Bantam Wankm\u00fcller SA\"},\"image\":{\"@id\":\"https:\\\/\\\/shop.bantam.ch\\\/fr\\\/#\\\/schema\\\/logo\\\/image\\\/\"}}]}<\/script>\n<!-- \/ Yoast SEO plugin. -->","yoast_head_json":{"title":"Porte-v\u00e9los Fiamma Carry Bike Pro 2 v\u00e9los Charge admise 60 kg, aluminium - Bantam Wankm\u00fcller SA","robots":{"index":"index","follow":"follow","max-snippet":"max-snippet:-1","max-image-preview":"max-image-preview:large","max-video-preview":"max-video-preview:-1"},"canonical":"https:\/\/shop.bantam.ch\/fr\/produit\/porte-velos-carry-bike-pro-aluminium\/","og_locale":"fr_FR","og_type":"article","og_title":"Porte-v\u00e9los Fiamma Carry Bike Pro 2 v\u00e9los Charge admise 60 kg, aluminium - Bantam Wankm\u00fcller SA","og_description":"Restyling de la s\u00e9rie Pro, caract\u00e9ris\u00e9 par le nouveau profil de tube en aluminium structurellement plus solide et les rails Rail Plus pour v\u00e9los standard et \u00e9lectriques. Tube en aluminium 6060 \u00e0 section ovale Cadre r\u00e9glable en hauteur Pour transporter jusqu&rsquo;\u00e0 4 v\u00e9los standard ou 2 v\u00e9los \u00e9lectriques Nouveaux rails Rail Plus","og_url":"https:\/\/shop.bantam.ch\/fr\/produit\/porte-velos-carry-bike-pro-aluminium\/","og_site_name":"Bantam Wankm\u00fcller SA","article_modified_time":"2026-04-17T19:54:40+00:00","og_image":[{"width":705,"height":1000,"url":"https:\/\/shop.bantam.ch\/wp-content\/uploads\/2023\/03\/9948665100.jpg","type":"image\/jpeg"}],"twitter_card":"summary_large_image","schema":{"@context":"https:\/\/schema.org","@graph":[{"@type":"WebPage","@id":"https:\/\/shop.bantam.ch\/fr\/produit\/porte-velos-carry-bike-pro-aluminium\/","url":"https:\/\/shop.bantam.ch\/fr\/produit\/porte-velos-carry-bike-pro-aluminium\/","name":"Porte-v\u00e9los Fiamma Carry Bike Pro 2 v\u00e9los Charge admise 60 kg, aluminium - Bantam Wankm\u00fcller SA","isPartOf":{"@id":"https:\/\/shop.bantam.ch\/fr\/#website"},"primaryImageOfPage":{"@id":"https:\/\/shop.bantam.ch\/fr\/produit\/porte-velos-carry-bike-pro-aluminium\/#primaryimage"},"image":{"@id":"https:\/\/shop.bantam.ch\/fr\/produit\/porte-velos-carry-bike-pro-aluminium\/#primaryimage"},"thumbnailUrl":"https:\/\/shop.bantam.ch\/wp-content\/uploads\/2023\/03\/9948665100.jpg","datePublished":"2023-03-01T00:41:24+00:00","dateModified":"2026-04-17T19:54:40+00:00","breadcrumb":{"@id":"https:\/\/shop.bantam.ch\/fr\/produit\/porte-velos-carry-bike-pro-aluminium\/#breadcrumb"},"inLanguage":"fr-FR","potentialAction":[{"@type":"ReadAction","target":["https:\/\/shop.bantam.ch\/fr\/produit\/porte-velos-carry-bike-pro-aluminium\/"]}]},{"@type":"ImageObject","inLanguage":"fr-FR","@id":"https:\/\/shop.bantam.ch\/fr\/produit\/porte-velos-carry-bike-pro-aluminium\/#primaryimage","url":"https:\/\/shop.bantam.ch\/wp-content\/uploads\/2023\/03\/9948665100.jpg","contentUrl":"https:\/\/shop.bantam.ch\/wp-content\/uploads\/2023\/03\/9948665100.jpg","width":705,"height":1000},{"@type":"BreadcrumbList","@id":"https:\/\/shop.bantam.ch\/fr\/produit\/porte-velos-carry-bike-pro-aluminium\/#breadcrumb","itemListElement":[{"@type":"ListItem","position":1,"name":"Accueil","item":"https:\/\/shop.bantam.ch\/fr\/"},{"@type":"ListItem","position":2,"name":"Boutique","item":"https:\/\/shop.bantam.ch\/fr\/boutique\/"},{"@type":"ListItem","position":3,"name":"Porte-v\u00e9los Fiamma Carry Bike Pro 2 v\u00e9los Charge admise 60 kg, aluminium"}]},{"@type":"WebSite","@id":"https:\/\/shop.bantam.ch\/fr\/#website","url":"https:\/\/shop.bantam.ch\/fr\/","name":"Bantam Wankm\u00fcller SA","description":"","publisher":{"@id":"https:\/\/shop.bantam.ch\/fr\/#organization"},"inLanguage":"fr-FR"},{"@type":"Organization","@id":"https:\/\/shop.bantam.ch\/fr\/#organization","name":"Bantam Wankm\u00fcller SA","url":"https:\/\/shop.bantam.ch\/fr\/","logo":{"@type":"ImageObject","inLanguage":"fr-FR","@id":"https:\/\/shop.bantam.ch\/fr\/#\/schema\/logo\/image\/","url":"https:\/\/shop.bantam.ch\/wp-content\/uploads\/2022\/12\/bantam-logo.png","contentUrl":"https:\/\/shop.bantam.ch\/wp-content\/uploads\/2022\/12\/bantam-logo.png","width":320,"height":71,"caption":"Bantam Wankm\u00fcller SA"},"image":{"@id":"https:\/\/shop.bantam.ch\/fr\/#\/schema\/logo\/image\/"}}]}},"_links":{"self":[{"href":"https:\/\/shop.bantam.ch\/fr\/wp-json\/wp\/v2\/product\/128732","targetHints":{"allow":["GET"]}}],"collection":[{"href":"https:\/\/shop.bantam.ch\/fr\/wp-json\/wp\/v2\/product"}],"about":[{"href":"https:\/\/shop.bantam.ch\/fr\/wp-json\/wp\/v2\/types\/product"}],"wp:featuredmedia":[{"embeddable":true,"href":"https:\/\/shop.bantam.ch\/fr\/wp-json\/wp\/v2\/media\/128722"}],"wp:attachment":[{"href":"https:\/\/shop.bantam.ch\/fr\/wp-json\/wp\/v2\/media?parent=128732"}],"wp:term":[{"taxonomy":"product_featured_cat","embeddable":true,"href":"https:\/\/shop.bantam.ch\/fr\/wp-json\/wp\/v2\/product_featured_cat?post=128732"},{"taxonomy":"product_brand","embeddable":true,"href":"https:\/\/shop.bantam.ch\/fr\/wp-json\/wp\/v2\/product_brand?post=128732"},{"taxonomy":"product_cat","embeddable":true,"href":"https:\/\/shop.bantam.ch\/fr\/wp-json\/wp\/v2\/product_cat?post=128732"},{"taxonomy":"product_tag","embeddable":true,"href":"https:\/\/shop.bantam.ch\/fr\/wp-json\/wp\/v2\/product_tag?post=128732"}],"curies":[{"name":"wp","href":"https:\/\/api.w.org\/{rel}","templated":true}]}}