{"id":128694,"date":"2023-03-01T01:40:49","date_gmt":"2023-03-01T00:40:49","guid":{"rendered":"https:\/\/shop.bantam.ch\/produit\/rail-de-velo-rail-plus\/"},"modified":"2026-04-20T23:50:09","modified_gmt":"2026-04-20T21:50:09","slug":"rail-de-velo-rail-plus","status":"publish","type":"product","link":"https:\/\/shop.bantam.ch\/fr\/produit\/rail-de-velo-rail-plus\/","title":{"rendered":"Rail de v\u00e9lo Rail Plus"},"content":{"rendered":"<p>Rail Plus, le nouveau rail de v\u00e9lo qui, gr\u00e2ce \u00e0 sa g\u00e9om\u00e9trie, promet une rigidit\u00e9 et une r\u00e9sistance \u00e0 la torsion singuli\u00e8res, le rendant ainsi techniquement encore plus performant.<\/p>\n<ul>\n<li>R\u00e9sistance sup\u00e9rieure \u00e0 la torsion et \u00e0 la flexion<\/li>\n<li>Section plus grande pour transporter non seulement des v\u00e9los classiques mais aussi des v\u00e9los \u00e9lectriques, convient \u00e0 diff\u00e9rents diam\u00e8tres jusqu\u2019\u00e0 3,2 \u201d.<\/li>\n<li>Disponible en version anodis\u00e9e et Deep Black<\/li>\n<li>Plastique avec surface noire mate et d\u00e9tails noirs brillants<\/li>\n<\/ul>\n","protected":false},"excerpt":{"rendered":"<p>Rail Plus, le nouveau rail de v\u00e9lo qui, gr\u00e2ce \u00e0 sa g\u00e9om\u00e9trie, promet une rigidit\u00e9 et une r\u00e9sistance \u00e0 la torsion singuli\u00e8res, le rendant ainsi techniquement encore plus performant. R\u00e9sistance sup\u00e9rieure \u00e0 la torsion et \u00e0 la flexion Section plus grande pour transporter non seulement des v\u00e9los classiques mais aussi des v\u00e9los \u00e9lectriques, convient \u00e0 [&hellip;]<\/p>\n","protected":false},"featured_media":128686,"template":"","meta":{"_acf_changed":false},"product_featured_cat":[],"product_brand":[3034],"product_cat":[4689],"product_tag":[],"class_list":{"0":"post-128694","1":"product","2":"type-product","3":"status-publish","4":"has-post-thumbnail","6":"product_brand-fiamma","7":"product_cat-supports-pour-velos-et-rails","9":"first","10":"instock","11":"taxable","12":"shipping-taxable","13":"purchasable","14":"product-type-variable"},"acf":[],"yoast_head":"<!-- This site is optimized with the Yoast SEO plugin v27.4 - https:\/\/yoast.com\/product\/yoast-seo-wordpress\/ -->\n<title>Rail de v\u00e9lo Rail Plus - Bantam Wankm\u00fcller SA<\/title>\n<meta name=\"robots\" content=\"index, follow, max-snippet:-1, max-image-preview:large, max-video-preview:-1\" \/>\n<link rel=\"canonical\" href=\"https:\/\/shop.bantam.ch\/fr\/produit\/rail-de-velo-rail-plus\/\" \/>\n<meta property=\"og:locale\" content=\"fr_FR\" \/>\n<meta property=\"og:type\" content=\"article\" \/>\n<meta property=\"og:title\" content=\"Rail de v\u00e9lo Rail Plus - Bantam Wankm\u00fcller SA\" \/>\n<meta property=\"og:description\" content=\"Rail Plus, le nouveau rail de v\u00e9lo qui, gr\u00e2ce \u00e0 sa g\u00e9om\u00e9trie, promet une rigidit\u00e9 et une r\u00e9sistance \u00e0 la torsion singuli\u00e8res, le rendant ainsi techniquement encore plus performant. R\u00e9sistance sup\u00e9rieure \u00e0 la torsion et \u00e0 la flexion Section plus grande pour transporter non seulement des v\u00e9los classiques mais aussi des v\u00e9los \u00e9lectriques, convient \u00e0 [&hellip;]\" \/>\n<meta property=\"og:url\" content=\"https:\/\/shop.bantam.ch\/fr\/produit\/rail-de-velo-rail-plus\/\" \/>\n<meta property=\"og:site_name\" content=\"Bantam Wankm\u00fcller SA\" \/>\n<meta property=\"article:modified_time\" content=\"2026-04-20T21:50:09+00:00\" \/>\n<meta property=\"og:image\" content=\"https:\/\/shop.bantam.ch\/wp-content\/uploads\/2023\/03\/9948662100.jpg\" \/>\n\t<meta property=\"og:image:width\" content=\"1000\" \/>\n\t<meta property=\"og:image:height\" content=\"205\" \/>\n\t<meta property=\"og:image:type\" content=\"image\/jpeg\" \/>\n<meta name=\"twitter:card\" content=\"summary_large_image\" \/>\n<script type=\"application\/ld+json\" class=\"yoast-schema-graph\">{\"@context\":\"https:\\\/\\\/schema.org\",\"@graph\":[{\"@type\":\"WebPage\",\"@id\":\"https:\\\/\\\/shop.bantam.ch\\\/fr\\\/produit\\\/rail-de-velo-rail-plus\\\/\",\"url\":\"https:\\\/\\\/shop.bantam.ch\\\/fr\\\/produit\\\/rail-de-velo-rail-plus\\\/\",\"name\":\"Rail de v\u00e9lo Rail Plus - Bantam Wankm\u00fcller SA\",\"isPartOf\":{\"@id\":\"https:\\\/\\\/shop.bantam.ch\\\/fr\\\/#website\"},\"primaryImageOfPage\":{\"@id\":\"https:\\\/\\\/shop.bantam.ch\\\/fr\\\/produit\\\/rail-de-velo-rail-plus\\\/#primaryimage\"},\"image\":{\"@id\":\"https:\\\/\\\/shop.bantam.ch\\\/fr\\\/produit\\\/rail-de-velo-rail-plus\\\/#primaryimage\"},\"thumbnailUrl\":\"https:\\\/\\\/shop.bantam.ch\\\/wp-content\\\/uploads\\\/2023\\\/03\\\/9948662100.jpg\",\"datePublished\":\"2023-03-01T00:40:49+00:00\",\"dateModified\":\"2026-04-20T21:50:09+00:00\",\"breadcrumb\":{\"@id\":\"https:\\\/\\\/shop.bantam.ch\\\/fr\\\/produit\\\/rail-de-velo-rail-plus\\\/#breadcrumb\"},\"inLanguage\":\"fr-FR\",\"potentialAction\":[{\"@type\":\"ReadAction\",\"target\":[\"https:\\\/\\\/shop.bantam.ch\\\/fr\\\/produit\\\/rail-de-velo-rail-plus\\\/\"]}]},{\"@type\":\"ImageObject\",\"inLanguage\":\"fr-FR\",\"@id\":\"https:\\\/\\\/shop.bantam.ch\\\/fr\\\/produit\\\/rail-de-velo-rail-plus\\\/#primaryimage\",\"url\":\"https:\\\/\\\/shop.bantam.ch\\\/wp-content\\\/uploads\\\/2023\\\/03\\\/9948662100.jpg\",\"contentUrl\":\"https:\\\/\\\/shop.bantam.ch\\\/wp-content\\\/uploads\\\/2023\\\/03\\\/9948662100.jpg\",\"width\":1000,\"height\":205},{\"@type\":\"BreadcrumbList\",\"@id\":\"https:\\\/\\\/shop.bantam.ch\\\/fr\\\/produit\\\/rail-de-velo-rail-plus\\\/#breadcrumb\",\"itemListElement\":[{\"@type\":\"ListItem\",\"position\":1,\"name\":\"Accueil\",\"item\":\"https:\\\/\\\/shop.bantam.ch\\\/fr\\\/\"},{\"@type\":\"ListItem\",\"position\":2,\"name\":\"Boutique\",\"item\":\"https:\\\/\\\/shop.bantam.ch\\\/fr\\\/boutique\\\/\"},{\"@type\":\"ListItem\",\"position\":3,\"name\":\"Rail de v\u00e9lo Rail Plus\"}]},{\"@type\":\"WebSite\",\"@id\":\"https:\\\/\\\/shop.bantam.ch\\\/fr\\\/#website\",\"url\":\"https:\\\/\\\/shop.bantam.ch\\\/fr\\\/\",\"name\":\"Bantam Wankm\u00fcller SA\",\"description\":\"\",\"publisher\":{\"@id\":\"https:\\\/\\\/shop.bantam.ch\\\/fr\\\/#organization\"},\"inLanguage\":\"fr-FR\"},{\"@type\":\"Organization\",\"@id\":\"https:\\\/\\\/shop.bantam.ch\\\/fr\\\/#organization\",\"name\":\"Bantam Wankm\u00fcller SA\",\"url\":\"https:\\\/\\\/shop.bantam.ch\\\/fr\\\/\",\"logo\":{\"@type\":\"ImageObject\",\"inLanguage\":\"fr-FR\",\"@id\":\"https:\\\/\\\/shop.bantam.ch\\\/fr\\\/#\\\/schema\\\/logo\\\/image\\\/\",\"url\":\"https:\\\/\\\/shop.bantam.ch\\\/wp-content\\\/uploads\\\/2022\\\/12\\\/bantam-logo.png\",\"contentUrl\":\"https:\\\/\\\/shop.bantam.ch\\\/wp-content\\\/uploads\\\/2022\\\/12\\\/bantam-logo.png\",\"width\":320,\"height\":71,\"caption\":\"Bantam Wankm\u00fcller SA\"},\"image\":{\"@id\":\"https:\\\/\\\/shop.bantam.ch\\\/fr\\\/#\\\/schema\\\/logo\\\/image\\\/\"}}]}<\/script>\n<!-- \/ Yoast SEO plugin. -->","yoast_head_json":{"title":"Rail de v\u00e9lo Rail Plus - Bantam Wankm\u00fcller SA","robots":{"index":"index","follow":"follow","max-snippet":"max-snippet:-1","max-image-preview":"max-image-preview:large","max-video-preview":"max-video-preview:-1"},"canonical":"https:\/\/shop.bantam.ch\/fr\/produit\/rail-de-velo-rail-plus\/","og_locale":"fr_FR","og_type":"article","og_title":"Rail de v\u00e9lo Rail Plus - Bantam Wankm\u00fcller SA","og_description":"Rail Plus, le nouveau rail de v\u00e9lo qui, gr\u00e2ce \u00e0 sa g\u00e9om\u00e9trie, promet une rigidit\u00e9 et une r\u00e9sistance \u00e0 la torsion singuli\u00e8res, le rendant ainsi techniquement encore plus performant. R\u00e9sistance sup\u00e9rieure \u00e0 la torsion et \u00e0 la flexion Section plus grande pour transporter non seulement des v\u00e9los classiques mais aussi des v\u00e9los \u00e9lectriques, convient \u00e0 [&hellip;]","og_url":"https:\/\/shop.bantam.ch\/fr\/produit\/rail-de-velo-rail-plus\/","og_site_name":"Bantam Wankm\u00fcller SA","article_modified_time":"2026-04-20T21:50:09+00:00","og_image":[{"width":1000,"height":205,"url":"https:\/\/shop.bantam.ch\/wp-content\/uploads\/2023\/03\/9948662100.jpg","type":"image\/jpeg"}],"twitter_card":"summary_large_image","schema":{"@context":"https:\/\/schema.org","@graph":[{"@type":"WebPage","@id":"https:\/\/shop.bantam.ch\/fr\/produit\/rail-de-velo-rail-plus\/","url":"https:\/\/shop.bantam.ch\/fr\/produit\/rail-de-velo-rail-plus\/","name":"Rail de v\u00e9lo Rail Plus - Bantam Wankm\u00fcller SA","isPartOf":{"@id":"https:\/\/shop.bantam.ch\/fr\/#website"},"primaryImageOfPage":{"@id":"https:\/\/shop.bantam.ch\/fr\/produit\/rail-de-velo-rail-plus\/#primaryimage"},"image":{"@id":"https:\/\/shop.bantam.ch\/fr\/produit\/rail-de-velo-rail-plus\/#primaryimage"},"thumbnailUrl":"https:\/\/shop.bantam.ch\/wp-content\/uploads\/2023\/03\/9948662100.jpg","datePublished":"2023-03-01T00:40:49+00:00","dateModified":"2026-04-20T21:50:09+00:00","breadcrumb":{"@id":"https:\/\/shop.bantam.ch\/fr\/produit\/rail-de-velo-rail-plus\/#breadcrumb"},"inLanguage":"fr-FR","potentialAction":[{"@type":"ReadAction","target":["https:\/\/shop.bantam.ch\/fr\/produit\/rail-de-velo-rail-plus\/"]}]},{"@type":"ImageObject","inLanguage":"fr-FR","@id":"https:\/\/shop.bantam.ch\/fr\/produit\/rail-de-velo-rail-plus\/#primaryimage","url":"https:\/\/shop.bantam.ch\/wp-content\/uploads\/2023\/03\/9948662100.jpg","contentUrl":"https:\/\/shop.bantam.ch\/wp-content\/uploads\/2023\/03\/9948662100.jpg","width":1000,"height":205},{"@type":"BreadcrumbList","@id":"https:\/\/shop.bantam.ch\/fr\/produit\/rail-de-velo-rail-plus\/#breadcrumb","itemListElement":[{"@type":"ListItem","position":1,"name":"Accueil","item":"https:\/\/shop.bantam.ch\/fr\/"},{"@type":"ListItem","position":2,"name":"Boutique","item":"https:\/\/shop.bantam.ch\/fr\/boutique\/"},{"@type":"ListItem","position":3,"name":"Rail de v\u00e9lo Rail Plus"}]},{"@type":"WebSite","@id":"https:\/\/shop.bantam.ch\/fr\/#website","url":"https:\/\/shop.bantam.ch\/fr\/","name":"Bantam Wankm\u00fcller SA","description":"","publisher":{"@id":"https:\/\/shop.bantam.ch\/fr\/#organization"},"inLanguage":"fr-FR"},{"@type":"Organization","@id":"https:\/\/shop.bantam.ch\/fr\/#organization","name":"Bantam Wankm\u00fcller SA","url":"https:\/\/shop.bantam.ch\/fr\/","logo":{"@type":"ImageObject","inLanguage":"fr-FR","@id":"https:\/\/shop.bantam.ch\/fr\/#\/schema\/logo\/image\/","url":"https:\/\/shop.bantam.ch\/wp-content\/uploads\/2022\/12\/bantam-logo.png","contentUrl":"https:\/\/shop.bantam.ch\/wp-content\/uploads\/2022\/12\/bantam-logo.png","width":320,"height":71,"caption":"Bantam Wankm\u00fcller SA"},"image":{"@id":"https:\/\/shop.bantam.ch\/fr\/#\/schema\/logo\/image\/"}}]}},"_links":{"self":[{"href":"https:\/\/shop.bantam.ch\/fr\/wp-json\/wp\/v2\/product\/128694","targetHints":{"allow":["GET"]}}],"collection":[{"href":"https:\/\/shop.bantam.ch\/fr\/wp-json\/wp\/v2\/product"}],"about":[{"href":"https:\/\/shop.bantam.ch\/fr\/wp-json\/wp\/v2\/types\/product"}],"wp:featuredmedia":[{"embeddable":true,"href":"https:\/\/shop.bantam.ch\/fr\/wp-json\/wp\/v2\/media\/128686"}],"wp:attachment":[{"href":"https:\/\/shop.bantam.ch\/fr\/wp-json\/wp\/v2\/media?parent=128694"}],"wp:term":[{"taxonomy":"product_featured_cat","embeddable":true,"href":"https:\/\/shop.bantam.ch\/fr\/wp-json\/wp\/v2\/product_featured_cat?post=128694"},{"taxonomy":"product_brand","embeddable":true,"href":"https:\/\/shop.bantam.ch\/fr\/wp-json\/wp\/v2\/product_brand?post=128694"},{"taxonomy":"product_cat","embeddable":true,"href":"https:\/\/shop.bantam.ch\/fr\/wp-json\/wp\/v2\/product_cat?post=128694"},{"taxonomy":"product_tag","embeddable":true,"href":"https:\/\/shop.bantam.ch\/fr\/wp-json\/wp\/v2\/product_tag?post=128694"}],"curies":[{"name":"wp","href":"https:\/\/api.w.org\/{rel}","templated":true}]}}