{"id":128598,"date":"2023-03-01T01:38:48","date_gmt":"2023-03-01T00:38:48","guid":{"rendered":"https:\/\/shop.bantam.ch\/produit\/jantes-en-alliage-leger-cwt-6-x-15-pouces\/"},"modified":"2026-04-17T23:49:18","modified_gmt":"2026-04-17T21:49:18","slug":"jantes-en-alliage-leger-cwt-6-x-15-pouces","status":"publish","type":"product","link":"https:\/\/shop.bantam.ch\/fr\/produit\/jantes-en-alliage-leger-cwt-6-x-15-pouces\/","title":{"rendered":"Jantes en alliage l\u00e9ger CWT 6 x 15 pouces"},"content":{"rendered":"<p>Les jantes en alliage l\u00e9ger de Borbet avec une plus grande charge admise \u00e9galement pour votre Camper Van conf\u00e8rent au v\u00e9hicule un style sp\u00e9cifique et garantissent une fiabilit\u00e9 \u00e0 toute \u00e9preuve. Livraison avec expertise CEE, avec vis de roue et anneau de centrage si le mod\u00e8le l\u2019exige.\u00a0Remorques<\/p>\n","protected":false},"excerpt":{"rendered":"<p>Les jantes en alliage l\u00e9ger de Borbet avec une plus grande charge admise \u00e9galement pour votre Camper Van conf\u00e8rent au v\u00e9hicule un style sp\u00e9cifique et garantissent une fiabilit\u00e9 \u00e0 toute \u00e9preuve. Livraison avec expertise CEE, avec vis de roue et anneau de centrage si le mod\u00e8le l\u2019exige.\u00a0Remorques<\/p>\n","protected":false},"featured_media":128594,"template":"","meta":{"_acf_changed":false},"product_featured_cat":[],"product_brand":[3454],"product_cat":[4809],"product_tag":[],"class_list":{"0":"post-128598","1":"product","2":"type-product","3":"status-publish","4":"has-post-thumbnail","6":"product_brand-borbet","7":"product_cat-roues-et-jantes","9":"first","10":"instock","11":"taxable","12":"shipping-taxable","13":"purchasable","14":"product-type-variable"},"acf":[],"yoast_head":"<!-- This site is optimized with the Yoast SEO plugin v27.4 - https:\/\/yoast.com\/product\/yoast-seo-wordpress\/ -->\n<title>Jantes en alliage l\u00e9ger CWT 6 x 15 pouces - Bantam Wankm\u00fcller SA<\/title>\n<meta name=\"robots\" content=\"index, follow, max-snippet:-1, max-image-preview:large, max-video-preview:-1\" \/>\n<link rel=\"canonical\" href=\"https:\/\/shop.bantam.ch\/fr\/produit\/jantes-en-alliage-leger-cwt-6-x-15-pouces\/\" \/>\n<meta property=\"og:locale\" content=\"fr_FR\" \/>\n<meta property=\"og:type\" content=\"article\" \/>\n<meta property=\"og:title\" content=\"Jantes en alliage l\u00e9ger CWT 6 x 15 pouces - Bantam Wankm\u00fcller SA\" \/>\n<meta property=\"og:description\" content=\"Les jantes en alliage l\u00e9ger de Borbet avec une plus grande charge admise \u00e9galement pour votre Camper Van conf\u00e8rent au v\u00e9hicule un style sp\u00e9cifique et garantissent une fiabilit\u00e9 \u00e0 toute \u00e9preuve. Livraison avec expertise CEE, avec vis de roue et anneau de centrage si le mod\u00e8le l\u2019exige.\u00a0Remorques\" \/>\n<meta property=\"og:url\" content=\"https:\/\/shop.bantam.ch\/fr\/produit\/jantes-en-alliage-leger-cwt-6-x-15-pouces\/\" \/>\n<meta property=\"og:site_name\" content=\"Bantam Wankm\u00fcller SA\" \/>\n<meta property=\"article:modified_time\" content=\"2026-04-17T21:49:18+00:00\" \/>\n<meta property=\"og:image\" content=\"https:\/\/shop.bantam.ch\/wp-content\/uploads\/2023\/03\/9948648100.jpg\" \/>\n\t<meta property=\"og:image:width\" content=\"1000\" \/>\n\t<meta property=\"og:image:height\" content=\"967\" \/>\n\t<meta property=\"og:image:type\" content=\"image\/jpeg\" \/>\n<meta name=\"twitter:card\" content=\"summary_large_image\" \/>\n<script type=\"application\/ld+json\" class=\"yoast-schema-graph\">{\"@context\":\"https:\\\/\\\/schema.org\",\"@graph\":[{\"@type\":\"WebPage\",\"@id\":\"https:\\\/\\\/shop.bantam.ch\\\/fr\\\/produit\\\/jantes-en-alliage-leger-cwt-6-x-15-pouces\\\/\",\"url\":\"https:\\\/\\\/shop.bantam.ch\\\/fr\\\/produit\\\/jantes-en-alliage-leger-cwt-6-x-15-pouces\\\/\",\"name\":\"Jantes en alliage l\u00e9ger CWT 6 x 15 pouces - Bantam Wankm\u00fcller SA\",\"isPartOf\":{\"@id\":\"https:\\\/\\\/shop.bantam.ch\\\/fr\\\/#website\"},\"primaryImageOfPage\":{\"@id\":\"https:\\\/\\\/shop.bantam.ch\\\/fr\\\/produit\\\/jantes-en-alliage-leger-cwt-6-x-15-pouces\\\/#primaryimage\"},\"image\":{\"@id\":\"https:\\\/\\\/shop.bantam.ch\\\/fr\\\/produit\\\/jantes-en-alliage-leger-cwt-6-x-15-pouces\\\/#primaryimage\"},\"thumbnailUrl\":\"https:\\\/\\\/shop.bantam.ch\\\/wp-content\\\/uploads\\\/2023\\\/03\\\/9948648100.jpg\",\"datePublished\":\"2023-03-01T00:38:48+00:00\",\"dateModified\":\"2026-04-17T21:49:18+00:00\",\"breadcrumb\":{\"@id\":\"https:\\\/\\\/shop.bantam.ch\\\/fr\\\/produit\\\/jantes-en-alliage-leger-cwt-6-x-15-pouces\\\/#breadcrumb\"},\"inLanguage\":\"fr-FR\",\"potentialAction\":[{\"@type\":\"ReadAction\",\"target\":[\"https:\\\/\\\/shop.bantam.ch\\\/fr\\\/produit\\\/jantes-en-alliage-leger-cwt-6-x-15-pouces\\\/\"]}]},{\"@type\":\"ImageObject\",\"inLanguage\":\"fr-FR\",\"@id\":\"https:\\\/\\\/shop.bantam.ch\\\/fr\\\/produit\\\/jantes-en-alliage-leger-cwt-6-x-15-pouces\\\/#primaryimage\",\"url\":\"https:\\\/\\\/shop.bantam.ch\\\/wp-content\\\/uploads\\\/2023\\\/03\\\/9948648100.jpg\",\"contentUrl\":\"https:\\\/\\\/shop.bantam.ch\\\/wp-content\\\/uploads\\\/2023\\\/03\\\/9948648100.jpg\",\"width\":1000,\"height\":967},{\"@type\":\"BreadcrumbList\",\"@id\":\"https:\\\/\\\/shop.bantam.ch\\\/fr\\\/produit\\\/jantes-en-alliage-leger-cwt-6-x-15-pouces\\\/#breadcrumb\",\"itemListElement\":[{\"@type\":\"ListItem\",\"position\":1,\"name\":\"Accueil\",\"item\":\"https:\\\/\\\/shop.bantam.ch\\\/fr\\\/\"},{\"@type\":\"ListItem\",\"position\":2,\"name\":\"Boutique\",\"item\":\"https:\\\/\\\/shop.bantam.ch\\\/fr\\\/boutique\\\/\"},{\"@type\":\"ListItem\",\"position\":3,\"name\":\"Jantes en alliage l\u00e9ger CWT 6 x 15 pouces\"}]},{\"@type\":\"WebSite\",\"@id\":\"https:\\\/\\\/shop.bantam.ch\\\/fr\\\/#website\",\"url\":\"https:\\\/\\\/shop.bantam.ch\\\/fr\\\/\",\"name\":\"Bantam Wankm\u00fcller SA\",\"description\":\"\",\"publisher\":{\"@id\":\"https:\\\/\\\/shop.bantam.ch\\\/fr\\\/#organization\"},\"inLanguage\":\"fr-FR\"},{\"@type\":\"Organization\",\"@id\":\"https:\\\/\\\/shop.bantam.ch\\\/fr\\\/#organization\",\"name\":\"Bantam Wankm\u00fcller SA\",\"url\":\"https:\\\/\\\/shop.bantam.ch\\\/fr\\\/\",\"logo\":{\"@type\":\"ImageObject\",\"inLanguage\":\"fr-FR\",\"@id\":\"https:\\\/\\\/shop.bantam.ch\\\/fr\\\/#\\\/schema\\\/logo\\\/image\\\/\",\"url\":\"https:\\\/\\\/shop.bantam.ch\\\/wp-content\\\/uploads\\\/2022\\\/12\\\/bantam-logo.png\",\"contentUrl\":\"https:\\\/\\\/shop.bantam.ch\\\/wp-content\\\/uploads\\\/2022\\\/12\\\/bantam-logo.png\",\"width\":320,\"height\":71,\"caption\":\"Bantam Wankm\u00fcller SA\"},\"image\":{\"@id\":\"https:\\\/\\\/shop.bantam.ch\\\/fr\\\/#\\\/schema\\\/logo\\\/image\\\/\"}}]}<\/script>\n<!-- \/ Yoast SEO plugin. -->","yoast_head_json":{"title":"Jantes en alliage l\u00e9ger CWT 6 x 15 pouces - Bantam Wankm\u00fcller SA","robots":{"index":"index","follow":"follow","max-snippet":"max-snippet:-1","max-image-preview":"max-image-preview:large","max-video-preview":"max-video-preview:-1"},"canonical":"https:\/\/shop.bantam.ch\/fr\/produit\/jantes-en-alliage-leger-cwt-6-x-15-pouces\/","og_locale":"fr_FR","og_type":"article","og_title":"Jantes en alliage l\u00e9ger CWT 6 x 15 pouces - Bantam Wankm\u00fcller SA","og_description":"Les jantes en alliage l\u00e9ger de Borbet avec une plus grande charge admise \u00e9galement pour votre Camper Van conf\u00e8rent au v\u00e9hicule un style sp\u00e9cifique et garantissent une fiabilit\u00e9 \u00e0 toute \u00e9preuve. Livraison avec expertise CEE, avec vis de roue et anneau de centrage si le mod\u00e8le l\u2019exige.\u00a0Remorques","og_url":"https:\/\/shop.bantam.ch\/fr\/produit\/jantes-en-alliage-leger-cwt-6-x-15-pouces\/","og_site_name":"Bantam Wankm\u00fcller SA","article_modified_time":"2026-04-17T21:49:18+00:00","og_image":[{"width":1000,"height":967,"url":"https:\/\/shop.bantam.ch\/wp-content\/uploads\/2023\/03\/9948648100.jpg","type":"image\/jpeg"}],"twitter_card":"summary_large_image","schema":{"@context":"https:\/\/schema.org","@graph":[{"@type":"WebPage","@id":"https:\/\/shop.bantam.ch\/fr\/produit\/jantes-en-alliage-leger-cwt-6-x-15-pouces\/","url":"https:\/\/shop.bantam.ch\/fr\/produit\/jantes-en-alliage-leger-cwt-6-x-15-pouces\/","name":"Jantes en alliage l\u00e9ger CWT 6 x 15 pouces - Bantam Wankm\u00fcller SA","isPartOf":{"@id":"https:\/\/shop.bantam.ch\/fr\/#website"},"primaryImageOfPage":{"@id":"https:\/\/shop.bantam.ch\/fr\/produit\/jantes-en-alliage-leger-cwt-6-x-15-pouces\/#primaryimage"},"image":{"@id":"https:\/\/shop.bantam.ch\/fr\/produit\/jantes-en-alliage-leger-cwt-6-x-15-pouces\/#primaryimage"},"thumbnailUrl":"https:\/\/shop.bantam.ch\/wp-content\/uploads\/2023\/03\/9948648100.jpg","datePublished":"2023-03-01T00:38:48+00:00","dateModified":"2026-04-17T21:49:18+00:00","breadcrumb":{"@id":"https:\/\/shop.bantam.ch\/fr\/produit\/jantes-en-alliage-leger-cwt-6-x-15-pouces\/#breadcrumb"},"inLanguage":"fr-FR","potentialAction":[{"@type":"ReadAction","target":["https:\/\/shop.bantam.ch\/fr\/produit\/jantes-en-alliage-leger-cwt-6-x-15-pouces\/"]}]},{"@type":"ImageObject","inLanguage":"fr-FR","@id":"https:\/\/shop.bantam.ch\/fr\/produit\/jantes-en-alliage-leger-cwt-6-x-15-pouces\/#primaryimage","url":"https:\/\/shop.bantam.ch\/wp-content\/uploads\/2023\/03\/9948648100.jpg","contentUrl":"https:\/\/shop.bantam.ch\/wp-content\/uploads\/2023\/03\/9948648100.jpg","width":1000,"height":967},{"@type":"BreadcrumbList","@id":"https:\/\/shop.bantam.ch\/fr\/produit\/jantes-en-alliage-leger-cwt-6-x-15-pouces\/#breadcrumb","itemListElement":[{"@type":"ListItem","position":1,"name":"Accueil","item":"https:\/\/shop.bantam.ch\/fr\/"},{"@type":"ListItem","position":2,"name":"Boutique","item":"https:\/\/shop.bantam.ch\/fr\/boutique\/"},{"@type":"ListItem","position":3,"name":"Jantes en alliage l\u00e9ger CWT 6 x 15 pouces"}]},{"@type":"WebSite","@id":"https:\/\/shop.bantam.ch\/fr\/#website","url":"https:\/\/shop.bantam.ch\/fr\/","name":"Bantam Wankm\u00fcller SA","description":"","publisher":{"@id":"https:\/\/shop.bantam.ch\/fr\/#organization"},"inLanguage":"fr-FR"},{"@type":"Organization","@id":"https:\/\/shop.bantam.ch\/fr\/#organization","name":"Bantam Wankm\u00fcller SA","url":"https:\/\/shop.bantam.ch\/fr\/","logo":{"@type":"ImageObject","inLanguage":"fr-FR","@id":"https:\/\/shop.bantam.ch\/fr\/#\/schema\/logo\/image\/","url":"https:\/\/shop.bantam.ch\/wp-content\/uploads\/2022\/12\/bantam-logo.png","contentUrl":"https:\/\/shop.bantam.ch\/wp-content\/uploads\/2022\/12\/bantam-logo.png","width":320,"height":71,"caption":"Bantam Wankm\u00fcller SA"},"image":{"@id":"https:\/\/shop.bantam.ch\/fr\/#\/schema\/logo\/image\/"}}]}},"_links":{"self":[{"href":"https:\/\/shop.bantam.ch\/fr\/wp-json\/wp\/v2\/product\/128598","targetHints":{"allow":["GET"]}}],"collection":[{"href":"https:\/\/shop.bantam.ch\/fr\/wp-json\/wp\/v2\/product"}],"about":[{"href":"https:\/\/shop.bantam.ch\/fr\/wp-json\/wp\/v2\/types\/product"}],"wp:featuredmedia":[{"embeddable":true,"href":"https:\/\/shop.bantam.ch\/fr\/wp-json\/wp\/v2\/media\/128594"}],"wp:attachment":[{"href":"https:\/\/shop.bantam.ch\/fr\/wp-json\/wp\/v2\/media?parent=128598"}],"wp:term":[{"taxonomy":"product_featured_cat","embeddable":true,"href":"https:\/\/shop.bantam.ch\/fr\/wp-json\/wp\/v2\/product_featured_cat?post=128598"},{"taxonomy":"product_brand","embeddable":true,"href":"https:\/\/shop.bantam.ch\/fr\/wp-json\/wp\/v2\/product_brand?post=128598"},{"taxonomy":"product_cat","embeddable":true,"href":"https:\/\/shop.bantam.ch\/fr\/wp-json\/wp\/v2\/product_cat?post=128598"},{"taxonomy":"product_tag","embeddable":true,"href":"https:\/\/shop.bantam.ch\/fr\/wp-json\/wp\/v2\/product_tag?post=128598"}],"curies":[{"name":"wp","href":"https:\/\/api.w.org\/{rel}","templated":true}]}}