{"id":128574,"date":"2023-03-01T01:38:20","date_gmt":"2023-03-01T00:38:20","guid":{"rendered":"https:\/\/shop.bantam.ch\/produit\/jantes-en-alliage-leger-cw6-65-x-16-pouces-mistral-anthracite-poli-brillant\/"},"modified":"2026-04-17T21:54:39","modified_gmt":"2026-04-17T19:54:39","slug":"jantes-en-alliage-leger-cw6-65-x-16-pouces-mistral-anthracite-poli-brillant","status":"publish","type":"product","link":"https:\/\/shop.bantam.ch\/fr\/produit\/jantes-en-alliage-leger-cw6-65-x-16-pouces-mistral-anthracite-poli-brillant\/","title":{"rendered":"Jante en alliage l\u00e9ger BORBET CW6 6,5 x 16 pouces mistral anthracite poli brillant"},"content":{"rendered":"<p>Les jantes en alliage l\u00e9ger de Borbet avec une plus grande charge admise \u00e9galement pour votre Camper Van conf\u00e8rent au v\u00e9hicule un style sp\u00e9cifique et garantissent une fiabilit\u00e9 \u00e0 toute \u00e9preuve. Livraison avec expertise CEE, vis de roue et anneau de centrage si le mod\u00e8le l\u2019exige.<br \/>Les jantes sont class\u00e9es en fonction du type de v\u00e9hicule et poss\u00e8dent \u00e9galement les certificats correspondants pour leur utilisation. Selon le mod\u00e8le et le niveau d\u2019\u00e9quipement du v\u00e9hicule, il est possible que le num\u00e9ro d\u2019homologation E indiqu\u00e9 dans l\u2019expertise diff\u00e8re et que des homologations individuelles par le T\u00dcV, DEKRA ou autres organismes soient requises pour utiliser les jantes.<\/p>\n<ul>\n<li>Mercedes Sprinter, VW Crafter<\/li>\n<li>Dimension des jantes : 6,5 x 16&Prime;<\/li>\n<li>Capacit\u00e9 de charge\u00a0: 1,350 kg\u00a0<\/li>\n<\/ul>\n","protected":false},"excerpt":{"rendered":"<p>Les jantes en alliage l\u00e9ger de Borbet avec une plus grande charge admise \u00e9galement pour votre Camper Van conf\u00e8rent au v\u00e9hicule un style sp\u00e9cifique et garantissent une fiabilit\u00e9 \u00e0 toute \u00e9preuve. Livraison avec expertise CEE, vis de roue et anneau de centrage si le mod\u00e8le l\u2019exige.Les jantes sont class\u00e9es en fonction du type de v\u00e9hicule [&hellip;]<\/p>\n","protected":false},"featured_media":128572,"template":"","meta":{"_acf_changed":false},"product_featured_cat":[],"product_brand":[3454],"product_cat":[4809],"product_tag":[],"class_list":{"0":"post-128574","1":"product","2":"type-product","3":"status-publish","4":"has-post-thumbnail","6":"product_brand-borbet","7":"product_cat-roues-et-jantes","9":"first","10":"instock","11":"taxable","12":"shipping-taxable","13":"purchasable","14":"product-type-simple"},"acf":[],"yoast_head":"<!-- This site is optimized with the Yoast SEO plugin v27.4 - https:\/\/yoast.com\/product\/yoast-seo-wordpress\/ -->\n<title>Jante en alliage l\u00e9ger BORBET CW6 6,5 x 16 pouces mistral anthracite poli brillant - Bantam Wankm\u00fcller SA<\/title>\n<meta name=\"robots\" content=\"index, follow, max-snippet:-1, max-image-preview:large, max-video-preview:-1\" \/>\n<link rel=\"canonical\" href=\"https:\/\/shop.bantam.ch\/fr\/produit\/jantes-en-alliage-leger-cw6-65-x-16-pouces-mistral-anthracite-poli-brillant\/\" \/>\n<meta property=\"og:locale\" content=\"fr_FR\" \/>\n<meta property=\"og:type\" content=\"article\" \/>\n<meta property=\"og:title\" content=\"Jante en alliage l\u00e9ger BORBET CW6 6,5 x 16 pouces mistral anthracite poli brillant - Bantam Wankm\u00fcller SA\" \/>\n<meta property=\"og:description\" content=\"Les jantes en alliage l\u00e9ger de Borbet avec une plus grande charge admise \u00e9galement pour votre Camper Van conf\u00e8rent au v\u00e9hicule un style sp\u00e9cifique et garantissent une fiabilit\u00e9 \u00e0 toute \u00e9preuve. Livraison avec expertise CEE, vis de roue et anneau de centrage si le mod\u00e8le l\u2019exige.Les jantes sont class\u00e9es en fonction du type de v\u00e9hicule [&hellip;]\" \/>\n<meta property=\"og:url\" content=\"https:\/\/shop.bantam.ch\/fr\/produit\/jantes-en-alliage-leger-cw6-65-x-16-pouces-mistral-anthracite-poli-brillant\/\" \/>\n<meta property=\"og:site_name\" content=\"Bantam Wankm\u00fcller SA\" \/>\n<meta property=\"article:modified_time\" content=\"2026-04-17T19:54:39+00:00\" \/>\n<meta property=\"og:image\" content=\"https:\/\/shop.bantam.ch\/wp-content\/uploads\/2023\/03\/9948644100.jpg\" \/>\n\t<meta property=\"og:image:width\" content=\"1000\" \/>\n\t<meta property=\"og:image:height\" content=\"971\" \/>\n\t<meta property=\"og:image:type\" content=\"image\/jpeg\" \/>\n<meta name=\"twitter:card\" content=\"summary_large_image\" \/>\n<meta name=\"twitter:label1\" content=\"Dur\u00e9e de lecture estim\u00e9e\" \/>\n\t<meta name=\"twitter:data1\" content=\"1 minute\" \/>\n<script type=\"application\/ld+json\" class=\"yoast-schema-graph\">{\"@context\":\"https:\\\/\\\/schema.org\",\"@graph\":[{\"@type\":\"WebPage\",\"@id\":\"https:\\\/\\\/shop.bantam.ch\\\/fr\\\/produit\\\/jantes-en-alliage-leger-cw6-65-x-16-pouces-mistral-anthracite-poli-brillant\\\/\",\"url\":\"https:\\\/\\\/shop.bantam.ch\\\/fr\\\/produit\\\/jantes-en-alliage-leger-cw6-65-x-16-pouces-mistral-anthracite-poli-brillant\\\/\",\"name\":\"Jante en alliage l\u00e9ger BORBET CW6 6,5 x 16 pouces mistral anthracite poli brillant - Bantam Wankm\u00fcller SA\",\"isPartOf\":{\"@id\":\"https:\\\/\\\/shop.bantam.ch\\\/fr\\\/#website\"},\"primaryImageOfPage\":{\"@id\":\"https:\\\/\\\/shop.bantam.ch\\\/fr\\\/produit\\\/jantes-en-alliage-leger-cw6-65-x-16-pouces-mistral-anthracite-poli-brillant\\\/#primaryimage\"},\"image\":{\"@id\":\"https:\\\/\\\/shop.bantam.ch\\\/fr\\\/produit\\\/jantes-en-alliage-leger-cw6-65-x-16-pouces-mistral-anthracite-poli-brillant\\\/#primaryimage\"},\"thumbnailUrl\":\"https:\\\/\\\/shop.bantam.ch\\\/wp-content\\\/uploads\\\/2023\\\/03\\\/9948644100.jpg\",\"datePublished\":\"2023-03-01T00:38:20+00:00\",\"dateModified\":\"2026-04-17T19:54:39+00:00\",\"breadcrumb\":{\"@id\":\"https:\\\/\\\/shop.bantam.ch\\\/fr\\\/produit\\\/jantes-en-alliage-leger-cw6-65-x-16-pouces-mistral-anthracite-poli-brillant\\\/#breadcrumb\"},\"inLanguage\":\"fr-FR\",\"potentialAction\":[{\"@type\":\"ReadAction\",\"target\":[\"https:\\\/\\\/shop.bantam.ch\\\/fr\\\/produit\\\/jantes-en-alliage-leger-cw6-65-x-16-pouces-mistral-anthracite-poli-brillant\\\/\"]}]},{\"@type\":\"ImageObject\",\"inLanguage\":\"fr-FR\",\"@id\":\"https:\\\/\\\/shop.bantam.ch\\\/fr\\\/produit\\\/jantes-en-alliage-leger-cw6-65-x-16-pouces-mistral-anthracite-poli-brillant\\\/#primaryimage\",\"url\":\"https:\\\/\\\/shop.bantam.ch\\\/wp-content\\\/uploads\\\/2023\\\/03\\\/9948644100.jpg\",\"contentUrl\":\"https:\\\/\\\/shop.bantam.ch\\\/wp-content\\\/uploads\\\/2023\\\/03\\\/9948644100.jpg\",\"width\":1000,\"height\":971},{\"@type\":\"BreadcrumbList\",\"@id\":\"https:\\\/\\\/shop.bantam.ch\\\/fr\\\/produit\\\/jantes-en-alliage-leger-cw6-65-x-16-pouces-mistral-anthracite-poli-brillant\\\/#breadcrumb\",\"itemListElement\":[{\"@type\":\"ListItem\",\"position\":1,\"name\":\"Accueil\",\"item\":\"https:\\\/\\\/shop.bantam.ch\\\/fr\\\/\"},{\"@type\":\"ListItem\",\"position\":2,\"name\":\"Boutique\",\"item\":\"https:\\\/\\\/shop.bantam.ch\\\/fr\\\/boutique\\\/\"},{\"@type\":\"ListItem\",\"position\":3,\"name\":\"Jante en alliage l\u00e9ger BORBET CW6 6,5 x 16 pouces mistral anthracite poli brillant\"}]},{\"@type\":\"WebSite\",\"@id\":\"https:\\\/\\\/shop.bantam.ch\\\/fr\\\/#website\",\"url\":\"https:\\\/\\\/shop.bantam.ch\\\/fr\\\/\",\"name\":\"Bantam Wankm\u00fcller SA\",\"description\":\"\",\"publisher\":{\"@id\":\"https:\\\/\\\/shop.bantam.ch\\\/fr\\\/#organization\"},\"inLanguage\":\"fr-FR\"},{\"@type\":\"Organization\",\"@id\":\"https:\\\/\\\/shop.bantam.ch\\\/fr\\\/#organization\",\"name\":\"Bantam Wankm\u00fcller SA\",\"url\":\"https:\\\/\\\/shop.bantam.ch\\\/fr\\\/\",\"logo\":{\"@type\":\"ImageObject\",\"inLanguage\":\"fr-FR\",\"@id\":\"https:\\\/\\\/shop.bantam.ch\\\/fr\\\/#\\\/schema\\\/logo\\\/image\\\/\",\"url\":\"https:\\\/\\\/shop.bantam.ch\\\/wp-content\\\/uploads\\\/2022\\\/12\\\/bantam-logo.png\",\"contentUrl\":\"https:\\\/\\\/shop.bantam.ch\\\/wp-content\\\/uploads\\\/2022\\\/12\\\/bantam-logo.png\",\"width\":320,\"height\":71,\"caption\":\"Bantam Wankm\u00fcller SA\"},\"image\":{\"@id\":\"https:\\\/\\\/shop.bantam.ch\\\/fr\\\/#\\\/schema\\\/logo\\\/image\\\/\"}}]}<\/script>\n<!-- \/ Yoast SEO plugin. -->","yoast_head_json":{"title":"Jante en alliage l\u00e9ger BORBET CW6 6,5 x 16 pouces mistral anthracite poli brillant - Bantam Wankm\u00fcller SA","robots":{"index":"index","follow":"follow","max-snippet":"max-snippet:-1","max-image-preview":"max-image-preview:large","max-video-preview":"max-video-preview:-1"},"canonical":"https:\/\/shop.bantam.ch\/fr\/produit\/jantes-en-alliage-leger-cw6-65-x-16-pouces-mistral-anthracite-poli-brillant\/","og_locale":"fr_FR","og_type":"article","og_title":"Jante en alliage l\u00e9ger BORBET CW6 6,5 x 16 pouces mistral anthracite poli brillant - Bantam Wankm\u00fcller SA","og_description":"Les jantes en alliage l\u00e9ger de Borbet avec une plus grande charge admise \u00e9galement pour votre Camper Van conf\u00e8rent au v\u00e9hicule un style sp\u00e9cifique et garantissent une fiabilit\u00e9 \u00e0 toute \u00e9preuve. Livraison avec expertise CEE, vis de roue et anneau de centrage si le mod\u00e8le l\u2019exige.Les jantes sont class\u00e9es en fonction du type de v\u00e9hicule [&hellip;]","og_url":"https:\/\/shop.bantam.ch\/fr\/produit\/jantes-en-alliage-leger-cw6-65-x-16-pouces-mistral-anthracite-poli-brillant\/","og_site_name":"Bantam Wankm\u00fcller SA","article_modified_time":"2026-04-17T19:54:39+00:00","og_image":[{"width":1000,"height":971,"url":"https:\/\/shop.bantam.ch\/wp-content\/uploads\/2023\/03\/9948644100.jpg","type":"image\/jpeg"}],"twitter_card":"summary_large_image","twitter_misc":{"Dur\u00e9e de lecture estim\u00e9e":"1 minute"},"schema":{"@context":"https:\/\/schema.org","@graph":[{"@type":"WebPage","@id":"https:\/\/shop.bantam.ch\/fr\/produit\/jantes-en-alliage-leger-cw6-65-x-16-pouces-mistral-anthracite-poli-brillant\/","url":"https:\/\/shop.bantam.ch\/fr\/produit\/jantes-en-alliage-leger-cw6-65-x-16-pouces-mistral-anthracite-poli-brillant\/","name":"Jante en alliage l\u00e9ger BORBET CW6 6,5 x 16 pouces mistral anthracite poli brillant - Bantam Wankm\u00fcller SA","isPartOf":{"@id":"https:\/\/shop.bantam.ch\/fr\/#website"},"primaryImageOfPage":{"@id":"https:\/\/shop.bantam.ch\/fr\/produit\/jantes-en-alliage-leger-cw6-65-x-16-pouces-mistral-anthracite-poli-brillant\/#primaryimage"},"image":{"@id":"https:\/\/shop.bantam.ch\/fr\/produit\/jantes-en-alliage-leger-cw6-65-x-16-pouces-mistral-anthracite-poli-brillant\/#primaryimage"},"thumbnailUrl":"https:\/\/shop.bantam.ch\/wp-content\/uploads\/2023\/03\/9948644100.jpg","datePublished":"2023-03-01T00:38:20+00:00","dateModified":"2026-04-17T19:54:39+00:00","breadcrumb":{"@id":"https:\/\/shop.bantam.ch\/fr\/produit\/jantes-en-alliage-leger-cw6-65-x-16-pouces-mistral-anthracite-poli-brillant\/#breadcrumb"},"inLanguage":"fr-FR","potentialAction":[{"@type":"ReadAction","target":["https:\/\/shop.bantam.ch\/fr\/produit\/jantes-en-alliage-leger-cw6-65-x-16-pouces-mistral-anthracite-poli-brillant\/"]}]},{"@type":"ImageObject","inLanguage":"fr-FR","@id":"https:\/\/shop.bantam.ch\/fr\/produit\/jantes-en-alliage-leger-cw6-65-x-16-pouces-mistral-anthracite-poli-brillant\/#primaryimage","url":"https:\/\/shop.bantam.ch\/wp-content\/uploads\/2023\/03\/9948644100.jpg","contentUrl":"https:\/\/shop.bantam.ch\/wp-content\/uploads\/2023\/03\/9948644100.jpg","width":1000,"height":971},{"@type":"BreadcrumbList","@id":"https:\/\/shop.bantam.ch\/fr\/produit\/jantes-en-alliage-leger-cw6-65-x-16-pouces-mistral-anthracite-poli-brillant\/#breadcrumb","itemListElement":[{"@type":"ListItem","position":1,"name":"Accueil","item":"https:\/\/shop.bantam.ch\/fr\/"},{"@type":"ListItem","position":2,"name":"Boutique","item":"https:\/\/shop.bantam.ch\/fr\/boutique\/"},{"@type":"ListItem","position":3,"name":"Jante en alliage l\u00e9ger BORBET CW6 6,5 x 16 pouces mistral anthracite poli brillant"}]},{"@type":"WebSite","@id":"https:\/\/shop.bantam.ch\/fr\/#website","url":"https:\/\/shop.bantam.ch\/fr\/","name":"Bantam Wankm\u00fcller SA","description":"","publisher":{"@id":"https:\/\/shop.bantam.ch\/fr\/#organization"},"inLanguage":"fr-FR"},{"@type":"Organization","@id":"https:\/\/shop.bantam.ch\/fr\/#organization","name":"Bantam Wankm\u00fcller SA","url":"https:\/\/shop.bantam.ch\/fr\/","logo":{"@type":"ImageObject","inLanguage":"fr-FR","@id":"https:\/\/shop.bantam.ch\/fr\/#\/schema\/logo\/image\/","url":"https:\/\/shop.bantam.ch\/wp-content\/uploads\/2022\/12\/bantam-logo.png","contentUrl":"https:\/\/shop.bantam.ch\/wp-content\/uploads\/2022\/12\/bantam-logo.png","width":320,"height":71,"caption":"Bantam Wankm\u00fcller SA"},"image":{"@id":"https:\/\/shop.bantam.ch\/fr\/#\/schema\/logo\/image\/"}}]}},"_links":{"self":[{"href":"https:\/\/shop.bantam.ch\/fr\/wp-json\/wp\/v2\/product\/128574","targetHints":{"allow":["GET"]}}],"collection":[{"href":"https:\/\/shop.bantam.ch\/fr\/wp-json\/wp\/v2\/product"}],"about":[{"href":"https:\/\/shop.bantam.ch\/fr\/wp-json\/wp\/v2\/types\/product"}],"wp:featuredmedia":[{"embeddable":true,"href":"https:\/\/shop.bantam.ch\/fr\/wp-json\/wp\/v2\/media\/128572"}],"wp:attachment":[{"href":"https:\/\/shop.bantam.ch\/fr\/wp-json\/wp\/v2\/media?parent=128574"}],"wp:term":[{"taxonomy":"product_featured_cat","embeddable":true,"href":"https:\/\/shop.bantam.ch\/fr\/wp-json\/wp\/v2\/product_featured_cat?post=128574"},{"taxonomy":"product_brand","embeddable":true,"href":"https:\/\/shop.bantam.ch\/fr\/wp-json\/wp\/v2\/product_brand?post=128574"},{"taxonomy":"product_cat","embeddable":true,"href":"https:\/\/shop.bantam.ch\/fr\/wp-json\/wp\/v2\/product_cat?post=128574"},{"taxonomy":"product_tag","embeddable":true,"href":"https:\/\/shop.bantam.ch\/fr\/wp-json\/wp\/v2\/product_tag?post=128574"}],"curies":[{"name":"wp","href":"https:\/\/api.w.org\/{rel}","templated":true}]}}