{"id":128438,"date":"2023-03-01T01:35:19","date_gmt":"2023-03-01T00:35:19","guid":{"rendered":"https:\/\/shop.bantam.ch\/produit\/coffre-fort-taille-2\/"},"modified":"2026-04-18T21:55:24","modified_gmt":"2026-04-18T19:55:24","slug":"coffre-fort-taille-2","status":"publish","type":"product","link":"https:\/\/shop.bantam.ch\/fr\/produit\/coffre-fort-taille-2\/","title":{"rendered":"Coffre-fort Mobil-Safe t. 2"},"content":{"rendered":"<p>4 trous sont pr\u00e9vus au niveau du sol afin de visser solidement le coffre-fort au plancher du v\u00e9hicule.<br \/>Fabriqu\u00e9 en acier SM 3 mm et enduit d\u2018une laque r\u00e9sistante aux chocs et aux rayures. La porte est fabriqu\u00e9e en acier SM de 6 mm et dot\u00e9e d\u2018un verrou de s\u00e9curit\u00e9 \u00e0 double panneton avec 7 supports et un verrouillage \u00e0 3 boulons, afin de ne donner aucune chance aux voleurs. Un tablier en mangan\u00e8se tremp\u00e9 emp\u00eache le per\u00e7age et la porte install\u00e9e \u00e0 3\u00a0cm environ vers l\u2019int\u00e9rieur emp\u00eache les voleurs de la soulever. Comme la porte est amovible, vous n\u2019avez besoin d\u2019aucune plage de pivotement. Cr\u00e9ation 2-3 cm suffisent pour retirer la porte.<br \/>Lors du d\u00e9montage, la plaque de montage reste au sol, l&rsquo;espace de cargaison peut \u00eatre utilis\u00e9 pleinement. Fixation avec 4 per\u00e7ages dans le plancher.<\/p>\n<p>Contenu de la livraison :\u00a0<br \/>Serrure \u00e9lectronique incluse<br \/>2 plaques de montage<br \/>Serrure<br \/>Poign\u00e9e et capitonnage sol<br \/>Plaque d&rsquo;ancrage incluse<br \/>Mat\u00e9riel de fixation<\/p>\n","protected":false},"excerpt":{"rendered":"<p>4 trous sont pr\u00e9vus au niveau du sol afin de visser solidement le coffre-fort au plancher du v\u00e9hicule.Fabriqu\u00e9 en acier SM 3 mm et enduit d\u2018une laque r\u00e9sistante aux chocs et aux rayures. La porte est fabriqu\u00e9e en acier SM de 6 mm et dot\u00e9e d\u2018un verrou de s\u00e9curit\u00e9 \u00e0 double panneton avec 7 supports [&hellip;]<\/p>\n","protected":false},"featured_media":128436,"template":"","meta":{"_acf_changed":false},"product_featured_cat":[],"product_brand":[3136],"product_cat":[4669],"product_tag":[],"class_list":{"0":"post-128438","1":"product","2":"type-product","3":"status-publish","4":"has-post-thumbnail","6":"product_brand-mobil-safe","7":"product_cat-coffres-forts-et-chambres-fortes","9":"first","10":"instock","11":"taxable","12":"shipping-taxable","13":"purchasable","14":"product-type-simple"},"acf":[],"yoast_head":"<!-- This site is optimized with the Yoast SEO plugin v27.4 - https:\/\/yoast.com\/product\/yoast-seo-wordpress\/ -->\n<title>Coffre-fort Mobil-Safe t. 2 - Bantam Wankm\u00fcller SA<\/title>\n<meta name=\"robots\" content=\"index, follow, max-snippet:-1, max-image-preview:large, max-video-preview:-1\" \/>\n<link rel=\"canonical\" href=\"https:\/\/shop.bantam.ch\/fr\/produit\/coffre-fort-taille-2\/\" \/>\n<meta property=\"og:locale\" content=\"fr_FR\" \/>\n<meta property=\"og:type\" content=\"article\" \/>\n<meta property=\"og:title\" content=\"Coffre-fort Mobil-Safe t. 2 - Bantam Wankm\u00fcller SA\" \/>\n<meta property=\"og:description\" content=\"4 trous sont pr\u00e9vus au niveau du sol afin de visser solidement le coffre-fort au plancher du v\u00e9hicule.Fabriqu\u00e9 en acier SM 3 mm et enduit d\u2018une laque r\u00e9sistante aux chocs et aux rayures. La porte est fabriqu\u00e9e en acier SM de 6 mm et dot\u00e9e d\u2018un verrou de s\u00e9curit\u00e9 \u00e0 double panneton avec 7 supports [&hellip;]\" \/>\n<meta property=\"og:url\" content=\"https:\/\/shop.bantam.ch\/fr\/produit\/coffre-fort-taille-2\/\" \/>\n<meta property=\"og:site_name\" content=\"Bantam Wankm\u00fcller SA\" \/>\n<meta property=\"article:modified_time\" content=\"2026-04-18T19:55:24+00:00\" \/>\n<meta property=\"og:image\" content=\"https:\/\/shop.bantam.ch\/wp-content\/uploads\/2023\/03\/9948640100.jpg\" \/>\n\t<meta property=\"og:image:width\" content=\"1000\" \/>\n\t<meta property=\"og:image:height\" content=\"708\" \/>\n\t<meta property=\"og:image:type\" content=\"image\/jpeg\" \/>\n<meta name=\"twitter:card\" content=\"summary_large_image\" \/>\n<meta name=\"twitter:label1\" content=\"Dur\u00e9e de lecture estim\u00e9e\" \/>\n\t<meta name=\"twitter:data1\" content=\"1 minute\" \/>\n<script type=\"application\/ld+json\" class=\"yoast-schema-graph\">{\"@context\":\"https:\\\/\\\/schema.org\",\"@graph\":[{\"@type\":\"WebPage\",\"@id\":\"https:\\\/\\\/shop.bantam.ch\\\/fr\\\/produit\\\/coffre-fort-taille-2\\\/\",\"url\":\"https:\\\/\\\/shop.bantam.ch\\\/fr\\\/produit\\\/coffre-fort-taille-2\\\/\",\"name\":\"Coffre-fort Mobil-Safe t. 2 - Bantam Wankm\u00fcller SA\",\"isPartOf\":{\"@id\":\"https:\\\/\\\/shop.bantam.ch\\\/fr\\\/#website\"},\"primaryImageOfPage\":{\"@id\":\"https:\\\/\\\/shop.bantam.ch\\\/fr\\\/produit\\\/coffre-fort-taille-2\\\/#primaryimage\"},\"image\":{\"@id\":\"https:\\\/\\\/shop.bantam.ch\\\/fr\\\/produit\\\/coffre-fort-taille-2\\\/#primaryimage\"},\"thumbnailUrl\":\"https:\\\/\\\/shop.bantam.ch\\\/wp-content\\\/uploads\\\/2023\\\/03\\\/9948640100.jpg\",\"datePublished\":\"2023-03-01T00:35:19+00:00\",\"dateModified\":\"2026-04-18T19:55:24+00:00\",\"breadcrumb\":{\"@id\":\"https:\\\/\\\/shop.bantam.ch\\\/fr\\\/produit\\\/coffre-fort-taille-2\\\/#breadcrumb\"},\"inLanguage\":\"fr-FR\",\"potentialAction\":[{\"@type\":\"ReadAction\",\"target\":[\"https:\\\/\\\/shop.bantam.ch\\\/fr\\\/produit\\\/coffre-fort-taille-2\\\/\"]}]},{\"@type\":\"ImageObject\",\"inLanguage\":\"fr-FR\",\"@id\":\"https:\\\/\\\/shop.bantam.ch\\\/fr\\\/produit\\\/coffre-fort-taille-2\\\/#primaryimage\",\"url\":\"https:\\\/\\\/shop.bantam.ch\\\/wp-content\\\/uploads\\\/2023\\\/03\\\/9948640100.jpg\",\"contentUrl\":\"https:\\\/\\\/shop.bantam.ch\\\/wp-content\\\/uploads\\\/2023\\\/03\\\/9948640100.jpg\",\"width\":1000,\"height\":708},{\"@type\":\"BreadcrumbList\",\"@id\":\"https:\\\/\\\/shop.bantam.ch\\\/fr\\\/produit\\\/coffre-fort-taille-2\\\/#breadcrumb\",\"itemListElement\":[{\"@type\":\"ListItem\",\"position\":1,\"name\":\"Accueil\",\"item\":\"https:\\\/\\\/shop.bantam.ch\\\/fr\\\/\"},{\"@type\":\"ListItem\",\"position\":2,\"name\":\"Boutique\",\"item\":\"https:\\\/\\\/shop.bantam.ch\\\/fr\\\/boutique\\\/\"},{\"@type\":\"ListItem\",\"position\":3,\"name\":\"Coffre-fort Mobil-Safe t. 2\"}]},{\"@type\":\"WebSite\",\"@id\":\"https:\\\/\\\/shop.bantam.ch\\\/fr\\\/#website\",\"url\":\"https:\\\/\\\/shop.bantam.ch\\\/fr\\\/\",\"name\":\"Bantam Wankm\u00fcller SA\",\"description\":\"\",\"publisher\":{\"@id\":\"https:\\\/\\\/shop.bantam.ch\\\/fr\\\/#organization\"},\"inLanguage\":\"fr-FR\"},{\"@type\":\"Organization\",\"@id\":\"https:\\\/\\\/shop.bantam.ch\\\/fr\\\/#organization\",\"name\":\"Bantam Wankm\u00fcller SA\",\"url\":\"https:\\\/\\\/shop.bantam.ch\\\/fr\\\/\",\"logo\":{\"@type\":\"ImageObject\",\"inLanguage\":\"fr-FR\",\"@id\":\"https:\\\/\\\/shop.bantam.ch\\\/fr\\\/#\\\/schema\\\/logo\\\/image\\\/\",\"url\":\"https:\\\/\\\/shop.bantam.ch\\\/wp-content\\\/uploads\\\/2022\\\/12\\\/bantam-logo.png\",\"contentUrl\":\"https:\\\/\\\/shop.bantam.ch\\\/wp-content\\\/uploads\\\/2022\\\/12\\\/bantam-logo.png\",\"width\":320,\"height\":71,\"caption\":\"Bantam Wankm\u00fcller SA\"},\"image\":{\"@id\":\"https:\\\/\\\/shop.bantam.ch\\\/fr\\\/#\\\/schema\\\/logo\\\/image\\\/\"}}]}<\/script>\n<!-- \/ Yoast SEO plugin. -->","yoast_head_json":{"title":"Coffre-fort Mobil-Safe t. 2 - Bantam Wankm\u00fcller SA","robots":{"index":"index","follow":"follow","max-snippet":"max-snippet:-1","max-image-preview":"max-image-preview:large","max-video-preview":"max-video-preview:-1"},"canonical":"https:\/\/shop.bantam.ch\/fr\/produit\/coffre-fort-taille-2\/","og_locale":"fr_FR","og_type":"article","og_title":"Coffre-fort Mobil-Safe t. 2 - Bantam Wankm\u00fcller SA","og_description":"4 trous sont pr\u00e9vus au niveau du sol afin de visser solidement le coffre-fort au plancher du v\u00e9hicule.Fabriqu\u00e9 en acier SM 3 mm et enduit d\u2018une laque r\u00e9sistante aux chocs et aux rayures. La porte est fabriqu\u00e9e en acier SM de 6 mm et dot\u00e9e d\u2018un verrou de s\u00e9curit\u00e9 \u00e0 double panneton avec 7 supports [&hellip;]","og_url":"https:\/\/shop.bantam.ch\/fr\/produit\/coffre-fort-taille-2\/","og_site_name":"Bantam Wankm\u00fcller SA","article_modified_time":"2026-04-18T19:55:24+00:00","og_image":[{"width":1000,"height":708,"url":"https:\/\/shop.bantam.ch\/wp-content\/uploads\/2023\/03\/9948640100.jpg","type":"image\/jpeg"}],"twitter_card":"summary_large_image","twitter_misc":{"Dur\u00e9e de lecture estim\u00e9e":"1 minute"},"schema":{"@context":"https:\/\/schema.org","@graph":[{"@type":"WebPage","@id":"https:\/\/shop.bantam.ch\/fr\/produit\/coffre-fort-taille-2\/","url":"https:\/\/shop.bantam.ch\/fr\/produit\/coffre-fort-taille-2\/","name":"Coffre-fort Mobil-Safe t. 2 - Bantam Wankm\u00fcller SA","isPartOf":{"@id":"https:\/\/shop.bantam.ch\/fr\/#website"},"primaryImageOfPage":{"@id":"https:\/\/shop.bantam.ch\/fr\/produit\/coffre-fort-taille-2\/#primaryimage"},"image":{"@id":"https:\/\/shop.bantam.ch\/fr\/produit\/coffre-fort-taille-2\/#primaryimage"},"thumbnailUrl":"https:\/\/shop.bantam.ch\/wp-content\/uploads\/2023\/03\/9948640100.jpg","datePublished":"2023-03-01T00:35:19+00:00","dateModified":"2026-04-18T19:55:24+00:00","breadcrumb":{"@id":"https:\/\/shop.bantam.ch\/fr\/produit\/coffre-fort-taille-2\/#breadcrumb"},"inLanguage":"fr-FR","potentialAction":[{"@type":"ReadAction","target":["https:\/\/shop.bantam.ch\/fr\/produit\/coffre-fort-taille-2\/"]}]},{"@type":"ImageObject","inLanguage":"fr-FR","@id":"https:\/\/shop.bantam.ch\/fr\/produit\/coffre-fort-taille-2\/#primaryimage","url":"https:\/\/shop.bantam.ch\/wp-content\/uploads\/2023\/03\/9948640100.jpg","contentUrl":"https:\/\/shop.bantam.ch\/wp-content\/uploads\/2023\/03\/9948640100.jpg","width":1000,"height":708},{"@type":"BreadcrumbList","@id":"https:\/\/shop.bantam.ch\/fr\/produit\/coffre-fort-taille-2\/#breadcrumb","itemListElement":[{"@type":"ListItem","position":1,"name":"Accueil","item":"https:\/\/shop.bantam.ch\/fr\/"},{"@type":"ListItem","position":2,"name":"Boutique","item":"https:\/\/shop.bantam.ch\/fr\/boutique\/"},{"@type":"ListItem","position":3,"name":"Coffre-fort Mobil-Safe t. 2"}]},{"@type":"WebSite","@id":"https:\/\/shop.bantam.ch\/fr\/#website","url":"https:\/\/shop.bantam.ch\/fr\/","name":"Bantam Wankm\u00fcller SA","description":"","publisher":{"@id":"https:\/\/shop.bantam.ch\/fr\/#organization"},"inLanguage":"fr-FR"},{"@type":"Organization","@id":"https:\/\/shop.bantam.ch\/fr\/#organization","name":"Bantam Wankm\u00fcller SA","url":"https:\/\/shop.bantam.ch\/fr\/","logo":{"@type":"ImageObject","inLanguage":"fr-FR","@id":"https:\/\/shop.bantam.ch\/fr\/#\/schema\/logo\/image\/","url":"https:\/\/shop.bantam.ch\/wp-content\/uploads\/2022\/12\/bantam-logo.png","contentUrl":"https:\/\/shop.bantam.ch\/wp-content\/uploads\/2022\/12\/bantam-logo.png","width":320,"height":71,"caption":"Bantam Wankm\u00fcller SA"},"image":{"@id":"https:\/\/shop.bantam.ch\/fr\/#\/schema\/logo\/image\/"}}]}},"_links":{"self":[{"href":"https:\/\/shop.bantam.ch\/fr\/wp-json\/wp\/v2\/product\/128438","targetHints":{"allow":["GET"]}}],"collection":[{"href":"https:\/\/shop.bantam.ch\/fr\/wp-json\/wp\/v2\/product"}],"about":[{"href":"https:\/\/shop.bantam.ch\/fr\/wp-json\/wp\/v2\/types\/product"}],"wp:featuredmedia":[{"embeddable":true,"href":"https:\/\/shop.bantam.ch\/fr\/wp-json\/wp\/v2\/media\/128436"}],"wp:attachment":[{"href":"https:\/\/shop.bantam.ch\/fr\/wp-json\/wp\/v2\/media?parent=128438"}],"wp:term":[{"taxonomy":"product_featured_cat","embeddable":true,"href":"https:\/\/shop.bantam.ch\/fr\/wp-json\/wp\/v2\/product_featured_cat?post=128438"},{"taxonomy":"product_brand","embeddable":true,"href":"https:\/\/shop.bantam.ch\/fr\/wp-json\/wp\/v2\/product_brand?post=128438"},{"taxonomy":"product_cat","embeddable":true,"href":"https:\/\/shop.bantam.ch\/fr\/wp-json\/wp\/v2\/product_cat?post=128438"},{"taxonomy":"product_tag","embeddable":true,"href":"https:\/\/shop.bantam.ch\/fr\/wp-json\/wp\/v2\/product_tag?post=128438"}],"curies":[{"name":"wp","href":"https:\/\/api.w.org\/{rel}","templated":true}]}}