{"id":128430,"date":"2023-03-01T01:35:09","date_gmt":"2023-03-01T00:35:09","guid":{"rendered":"https:\/\/shop.bantam.ch\/produit\/coffre-fort-de-base-de-siege-mercedes-sprinter-a-partir-du-modele-2016\/"},"modified":"2026-04-18T21:55:23","modified_gmt":"2026-04-18T19:55:23","slug":"coffre-fort-de-base-de-siege-mercedes-sprinter-a-partir-du-modele-2016","status":"publish","type":"product","link":"https:\/\/shop.bantam.ch\/fr\/produit\/coffre-fort-de-base-de-siege-mercedes-sprinter-a-partir-du-modele-2016\/","title":{"rendered":"Coffre-fort \u00e0 socle Mobil-Safe Mercedes Sprinter \u00e0p mod. 2016"},"content":{"rendered":"<p>Le coffre-fort de si\u00e8ge d\u00e9velopp\u00e9 exclusivement pour le Mercedes Sprinter offre une solution intelligente pour garder vos objets de valeur en s\u00e9curit\u00e9 dans votre v\u00e9hicule. Le compartiment en acier sur mesure est simplement pouss\u00e9 sur le c\u00f4t\u00e9 de la console du si\u00e8ge passager et viss\u00e9 avec les vis de s\u00e9curit\u00e9. Les trous existants peuvent \u00eatre utilis\u00e9s afin qu&rsquo;il n&rsquo;y ait rien \u00e0 modifier dans la console du si\u00e8ge. Vous pouvez utiliser l&rsquo;espace libre sous le si\u00e8ge du passager avant de fa\u00e7on intelligente pour stocker une carte de cr\u00e9dit, de l&rsquo;argent, des cl\u00e9s, un t\u00e9l\u00e9phone portable, une tablette (jusqu&rsquo;\u00e0 10 pouces) etc.<\/p>\n<p>Possibilit\u00e9 de post-\u00e9quipement facile<br \/>\u00c9paisseur de la porte : 5 mm<br \/>\u00c9paisseur du corps : 2,5 mm<br \/>Serrure \u00e0 3 boulons certifi\u00e9e VDS avec 7 g\u00e2chettes<\/p>\n<p>Contenu de la livraison :\u00a0<br \/>Coffre-fort fourni<br \/>Vis de blocage<br \/>Embout sp\u00e9cial<br \/>\u00c9crous autobloquants<br \/>Rondelles<br \/>2 cl\u00e9s <br \/>Rembourrage<br \/>Instruction de montage<\/p>\n","protected":false},"excerpt":{"rendered":"<p>Le coffre-fort de si\u00e8ge d\u00e9velopp\u00e9 exclusivement pour le Mercedes Sprinter offre une solution intelligente pour garder vos objets de valeur en s\u00e9curit\u00e9 dans votre v\u00e9hicule. Le compartiment en acier sur mesure est simplement pouss\u00e9 sur le c\u00f4t\u00e9 de la console du si\u00e8ge passager et viss\u00e9 avec les vis de s\u00e9curit\u00e9. Les trous existants peuvent \u00eatre [&hellip;]<\/p>\n","protected":false},"featured_media":128426,"template":"","meta":{"_acf_changed":false},"product_featured_cat":[],"product_brand":[3136],"product_cat":[4669],"product_tag":[],"class_list":{"0":"post-128430","1":"product","2":"type-product","3":"status-publish","4":"has-post-thumbnail","6":"product_brand-mobil-safe","7":"product_cat-coffres-forts-et-chambres-fortes","9":"first","10":"instock","11":"taxable","12":"shipping-taxable","13":"purchasable","14":"product-type-simple"},"acf":[],"yoast_head":"<!-- This site is optimized with the Yoast SEO plugin v27.4 - https:\/\/yoast.com\/product\/yoast-seo-wordpress\/ -->\n<title>Coffre-fort \u00e0 socle Mobil-Safe Mercedes Sprinter \u00e0p mod. 2016 - Bantam Wankm\u00fcller SA<\/title>\n<meta name=\"robots\" content=\"index, follow, max-snippet:-1, max-image-preview:large, max-video-preview:-1\" \/>\n<link rel=\"canonical\" href=\"https:\/\/shop.bantam.ch\/fr\/produit\/coffre-fort-de-base-de-siege-mercedes-sprinter-a-partir-du-modele-2016\/\" \/>\n<meta property=\"og:locale\" content=\"fr_FR\" \/>\n<meta property=\"og:type\" content=\"article\" \/>\n<meta property=\"og:title\" content=\"Coffre-fort \u00e0 socle Mobil-Safe Mercedes Sprinter \u00e0p mod. 2016 - Bantam Wankm\u00fcller SA\" \/>\n<meta property=\"og:description\" content=\"Le coffre-fort de si\u00e8ge d\u00e9velopp\u00e9 exclusivement pour le Mercedes Sprinter offre une solution intelligente pour garder vos objets de valeur en s\u00e9curit\u00e9 dans votre v\u00e9hicule. Le compartiment en acier sur mesure est simplement pouss\u00e9 sur le c\u00f4t\u00e9 de la console du si\u00e8ge passager et viss\u00e9 avec les vis de s\u00e9curit\u00e9. Les trous existants peuvent \u00eatre [&hellip;]\" \/>\n<meta property=\"og:url\" content=\"https:\/\/shop.bantam.ch\/fr\/produit\/coffre-fort-de-base-de-siege-mercedes-sprinter-a-partir-du-modele-2016\/\" \/>\n<meta property=\"og:site_name\" content=\"Bantam Wankm\u00fcller SA\" \/>\n<meta property=\"article:modified_time\" content=\"2026-04-18T19:55:23+00:00\" \/>\n<meta property=\"og:image\" content=\"https:\/\/shop.bantam.ch\/wp-content\/uploads\/2023\/03\/9948637100.jpg\" \/>\n\t<meta property=\"og:image:width\" content=\"667\" \/>\n\t<meta property=\"og:image:height\" content=\"1000\" \/>\n\t<meta property=\"og:image:type\" content=\"image\/jpeg\" \/>\n<meta name=\"twitter:card\" content=\"summary_large_image\" \/>\n<meta name=\"twitter:label1\" content=\"Dur\u00e9e de lecture estim\u00e9e\" \/>\n\t<meta name=\"twitter:data1\" content=\"1 minute\" \/>\n<script type=\"application\/ld+json\" class=\"yoast-schema-graph\">{\"@context\":\"https:\\\/\\\/schema.org\",\"@graph\":[{\"@type\":\"WebPage\",\"@id\":\"https:\\\/\\\/shop.bantam.ch\\\/fr\\\/produit\\\/coffre-fort-de-base-de-siege-mercedes-sprinter-a-partir-du-modele-2016\\\/\",\"url\":\"https:\\\/\\\/shop.bantam.ch\\\/fr\\\/produit\\\/coffre-fort-de-base-de-siege-mercedes-sprinter-a-partir-du-modele-2016\\\/\",\"name\":\"Coffre-fort \u00e0 socle Mobil-Safe Mercedes Sprinter \u00e0p mod. 2016 - Bantam Wankm\u00fcller SA\",\"isPartOf\":{\"@id\":\"https:\\\/\\\/shop.bantam.ch\\\/fr\\\/#website\"},\"primaryImageOfPage\":{\"@id\":\"https:\\\/\\\/shop.bantam.ch\\\/fr\\\/produit\\\/coffre-fort-de-base-de-siege-mercedes-sprinter-a-partir-du-modele-2016\\\/#primaryimage\"},\"image\":{\"@id\":\"https:\\\/\\\/shop.bantam.ch\\\/fr\\\/produit\\\/coffre-fort-de-base-de-siege-mercedes-sprinter-a-partir-du-modele-2016\\\/#primaryimage\"},\"thumbnailUrl\":\"https:\\\/\\\/shop.bantam.ch\\\/wp-content\\\/uploads\\\/2023\\\/03\\\/9948637100.jpg\",\"datePublished\":\"2023-03-01T00:35:09+00:00\",\"dateModified\":\"2026-04-18T19:55:23+00:00\",\"breadcrumb\":{\"@id\":\"https:\\\/\\\/shop.bantam.ch\\\/fr\\\/produit\\\/coffre-fort-de-base-de-siege-mercedes-sprinter-a-partir-du-modele-2016\\\/#breadcrumb\"},\"inLanguage\":\"fr-FR\",\"potentialAction\":[{\"@type\":\"ReadAction\",\"target\":[\"https:\\\/\\\/shop.bantam.ch\\\/fr\\\/produit\\\/coffre-fort-de-base-de-siege-mercedes-sprinter-a-partir-du-modele-2016\\\/\"]}]},{\"@type\":\"ImageObject\",\"inLanguage\":\"fr-FR\",\"@id\":\"https:\\\/\\\/shop.bantam.ch\\\/fr\\\/produit\\\/coffre-fort-de-base-de-siege-mercedes-sprinter-a-partir-du-modele-2016\\\/#primaryimage\",\"url\":\"https:\\\/\\\/shop.bantam.ch\\\/wp-content\\\/uploads\\\/2023\\\/03\\\/9948637100.jpg\",\"contentUrl\":\"https:\\\/\\\/shop.bantam.ch\\\/wp-content\\\/uploads\\\/2023\\\/03\\\/9948637100.jpg\",\"width\":667,\"height\":1000},{\"@type\":\"BreadcrumbList\",\"@id\":\"https:\\\/\\\/shop.bantam.ch\\\/fr\\\/produit\\\/coffre-fort-de-base-de-siege-mercedes-sprinter-a-partir-du-modele-2016\\\/#breadcrumb\",\"itemListElement\":[{\"@type\":\"ListItem\",\"position\":1,\"name\":\"Accueil\",\"item\":\"https:\\\/\\\/shop.bantam.ch\\\/fr\\\/\"},{\"@type\":\"ListItem\",\"position\":2,\"name\":\"Boutique\",\"item\":\"https:\\\/\\\/shop.bantam.ch\\\/fr\\\/boutique\\\/\"},{\"@type\":\"ListItem\",\"position\":3,\"name\":\"Coffre-fort \u00e0 socle Mobil-Safe Mercedes Sprinter \u00e0p mod. 2016\"}]},{\"@type\":\"WebSite\",\"@id\":\"https:\\\/\\\/shop.bantam.ch\\\/fr\\\/#website\",\"url\":\"https:\\\/\\\/shop.bantam.ch\\\/fr\\\/\",\"name\":\"Bantam Wankm\u00fcller SA\",\"description\":\"\",\"publisher\":{\"@id\":\"https:\\\/\\\/shop.bantam.ch\\\/fr\\\/#organization\"},\"inLanguage\":\"fr-FR\"},{\"@type\":\"Organization\",\"@id\":\"https:\\\/\\\/shop.bantam.ch\\\/fr\\\/#organization\",\"name\":\"Bantam Wankm\u00fcller SA\",\"url\":\"https:\\\/\\\/shop.bantam.ch\\\/fr\\\/\",\"logo\":{\"@type\":\"ImageObject\",\"inLanguage\":\"fr-FR\",\"@id\":\"https:\\\/\\\/shop.bantam.ch\\\/fr\\\/#\\\/schema\\\/logo\\\/image\\\/\",\"url\":\"https:\\\/\\\/shop.bantam.ch\\\/wp-content\\\/uploads\\\/2022\\\/12\\\/bantam-logo.png\",\"contentUrl\":\"https:\\\/\\\/shop.bantam.ch\\\/wp-content\\\/uploads\\\/2022\\\/12\\\/bantam-logo.png\",\"width\":320,\"height\":71,\"caption\":\"Bantam Wankm\u00fcller SA\"},\"image\":{\"@id\":\"https:\\\/\\\/shop.bantam.ch\\\/fr\\\/#\\\/schema\\\/logo\\\/image\\\/\"}}]}<\/script>\n<!-- \/ Yoast SEO plugin. -->","yoast_head_json":{"title":"Coffre-fort \u00e0 socle Mobil-Safe Mercedes Sprinter \u00e0p mod. 2016 - Bantam Wankm\u00fcller SA","robots":{"index":"index","follow":"follow","max-snippet":"max-snippet:-1","max-image-preview":"max-image-preview:large","max-video-preview":"max-video-preview:-1"},"canonical":"https:\/\/shop.bantam.ch\/fr\/produit\/coffre-fort-de-base-de-siege-mercedes-sprinter-a-partir-du-modele-2016\/","og_locale":"fr_FR","og_type":"article","og_title":"Coffre-fort \u00e0 socle Mobil-Safe Mercedes Sprinter \u00e0p mod. 2016 - Bantam Wankm\u00fcller SA","og_description":"Le coffre-fort de si\u00e8ge d\u00e9velopp\u00e9 exclusivement pour le Mercedes Sprinter offre une solution intelligente pour garder vos objets de valeur en s\u00e9curit\u00e9 dans votre v\u00e9hicule. Le compartiment en acier sur mesure est simplement pouss\u00e9 sur le c\u00f4t\u00e9 de la console du si\u00e8ge passager et viss\u00e9 avec les vis de s\u00e9curit\u00e9. Les trous existants peuvent \u00eatre [&hellip;]","og_url":"https:\/\/shop.bantam.ch\/fr\/produit\/coffre-fort-de-base-de-siege-mercedes-sprinter-a-partir-du-modele-2016\/","og_site_name":"Bantam Wankm\u00fcller SA","article_modified_time":"2026-04-18T19:55:23+00:00","og_image":[{"width":667,"height":1000,"url":"https:\/\/shop.bantam.ch\/wp-content\/uploads\/2023\/03\/9948637100.jpg","type":"image\/jpeg"}],"twitter_card":"summary_large_image","twitter_misc":{"Dur\u00e9e de lecture estim\u00e9e":"1 minute"},"schema":{"@context":"https:\/\/schema.org","@graph":[{"@type":"WebPage","@id":"https:\/\/shop.bantam.ch\/fr\/produit\/coffre-fort-de-base-de-siege-mercedes-sprinter-a-partir-du-modele-2016\/","url":"https:\/\/shop.bantam.ch\/fr\/produit\/coffre-fort-de-base-de-siege-mercedes-sprinter-a-partir-du-modele-2016\/","name":"Coffre-fort \u00e0 socle Mobil-Safe Mercedes Sprinter \u00e0p mod. 2016 - Bantam Wankm\u00fcller SA","isPartOf":{"@id":"https:\/\/shop.bantam.ch\/fr\/#website"},"primaryImageOfPage":{"@id":"https:\/\/shop.bantam.ch\/fr\/produit\/coffre-fort-de-base-de-siege-mercedes-sprinter-a-partir-du-modele-2016\/#primaryimage"},"image":{"@id":"https:\/\/shop.bantam.ch\/fr\/produit\/coffre-fort-de-base-de-siege-mercedes-sprinter-a-partir-du-modele-2016\/#primaryimage"},"thumbnailUrl":"https:\/\/shop.bantam.ch\/wp-content\/uploads\/2023\/03\/9948637100.jpg","datePublished":"2023-03-01T00:35:09+00:00","dateModified":"2026-04-18T19:55:23+00:00","breadcrumb":{"@id":"https:\/\/shop.bantam.ch\/fr\/produit\/coffre-fort-de-base-de-siege-mercedes-sprinter-a-partir-du-modele-2016\/#breadcrumb"},"inLanguage":"fr-FR","potentialAction":[{"@type":"ReadAction","target":["https:\/\/shop.bantam.ch\/fr\/produit\/coffre-fort-de-base-de-siege-mercedes-sprinter-a-partir-du-modele-2016\/"]}]},{"@type":"ImageObject","inLanguage":"fr-FR","@id":"https:\/\/shop.bantam.ch\/fr\/produit\/coffre-fort-de-base-de-siege-mercedes-sprinter-a-partir-du-modele-2016\/#primaryimage","url":"https:\/\/shop.bantam.ch\/wp-content\/uploads\/2023\/03\/9948637100.jpg","contentUrl":"https:\/\/shop.bantam.ch\/wp-content\/uploads\/2023\/03\/9948637100.jpg","width":667,"height":1000},{"@type":"BreadcrumbList","@id":"https:\/\/shop.bantam.ch\/fr\/produit\/coffre-fort-de-base-de-siege-mercedes-sprinter-a-partir-du-modele-2016\/#breadcrumb","itemListElement":[{"@type":"ListItem","position":1,"name":"Accueil","item":"https:\/\/shop.bantam.ch\/fr\/"},{"@type":"ListItem","position":2,"name":"Boutique","item":"https:\/\/shop.bantam.ch\/fr\/boutique\/"},{"@type":"ListItem","position":3,"name":"Coffre-fort \u00e0 socle Mobil-Safe Mercedes Sprinter \u00e0p mod. 2016"}]},{"@type":"WebSite","@id":"https:\/\/shop.bantam.ch\/fr\/#website","url":"https:\/\/shop.bantam.ch\/fr\/","name":"Bantam Wankm\u00fcller SA","description":"","publisher":{"@id":"https:\/\/shop.bantam.ch\/fr\/#organization"},"inLanguage":"fr-FR"},{"@type":"Organization","@id":"https:\/\/shop.bantam.ch\/fr\/#organization","name":"Bantam Wankm\u00fcller SA","url":"https:\/\/shop.bantam.ch\/fr\/","logo":{"@type":"ImageObject","inLanguage":"fr-FR","@id":"https:\/\/shop.bantam.ch\/fr\/#\/schema\/logo\/image\/","url":"https:\/\/shop.bantam.ch\/wp-content\/uploads\/2022\/12\/bantam-logo.png","contentUrl":"https:\/\/shop.bantam.ch\/wp-content\/uploads\/2022\/12\/bantam-logo.png","width":320,"height":71,"caption":"Bantam Wankm\u00fcller SA"},"image":{"@id":"https:\/\/shop.bantam.ch\/fr\/#\/schema\/logo\/image\/"}}]}},"_links":{"self":[{"href":"https:\/\/shop.bantam.ch\/fr\/wp-json\/wp\/v2\/product\/128430","targetHints":{"allow":["GET"]}}],"collection":[{"href":"https:\/\/shop.bantam.ch\/fr\/wp-json\/wp\/v2\/product"}],"about":[{"href":"https:\/\/shop.bantam.ch\/fr\/wp-json\/wp\/v2\/types\/product"}],"wp:featuredmedia":[{"embeddable":true,"href":"https:\/\/shop.bantam.ch\/fr\/wp-json\/wp\/v2\/media\/128426"}],"wp:attachment":[{"href":"https:\/\/shop.bantam.ch\/fr\/wp-json\/wp\/v2\/media?parent=128430"}],"wp:term":[{"taxonomy":"product_featured_cat","embeddable":true,"href":"https:\/\/shop.bantam.ch\/fr\/wp-json\/wp\/v2\/product_featured_cat?post=128430"},{"taxonomy":"product_brand","embeddable":true,"href":"https:\/\/shop.bantam.ch\/fr\/wp-json\/wp\/v2\/product_brand?post=128430"},{"taxonomy":"product_cat","embeddable":true,"href":"https:\/\/shop.bantam.ch\/fr\/wp-json\/wp\/v2\/product_cat?post=128430"},{"taxonomy":"product_tag","embeddable":true,"href":"https:\/\/shop.bantam.ch\/fr\/wp-json\/wp\/v2\/product_tag?post=128430"}],"curies":[{"name":"wp","href":"https:\/\/api.w.org\/{rel}","templated":true}]}}